{"id":51732,"date":"2018-01-31T18:08:05","date_gmt":"2018-01-31T15:08:05","guid":{"rendered":"https:\/\/sanatate.md\/?page_id=51732"},"modified":"2018-01-31T18:08:05","modified_gmt":"2018-01-31T15:08:05","slug":"ateromul","status":"publish","type":"page","link":"https:\/\/sanatate.md\/ro\/boli-si-tratament\/boli-ale-parului-si-ale-scalpului\/ateromul\/","title":{"rendered":"Ateromul"},"content":{"rendered":"<p>Acesta este un neoplasm benign, care se formeaz\u0103 din cauza bloc\u0103rii glandei sebacee. Uneori I se zice chist al glandei sebacee, deoarece are o form\u0103 rotunjit\u0103, margini clare, palpare nedureroas\u0103. Este ca o cavitate cu con\u021binut interior. Ateromul la copii e mai pu\u021bin frecvent dec\u00e2t la adul\u021bi.<\/p>\n<p>Ateroma se dezvolt\u0103 \u00een zonele, \u00een care sunt cele mai multe glandele sebacee. Ea nu creeaz\u0103 probleme pentru s\u0103n\u0103tatea pacientului, dar este un defect cosmetic atunci c\u00e2nd atinge o dimensiune de 5-7 cm. Eliminarea ateromului e posibil\u0103 pe cale chirurgical\u0103 \u0219i cu un laser.\u00a0Dac\u0103 nu este \u00eendep\u0103rtat, poate ap\u0103rea supura\u021bie, care duce la formarea unui abces.<\/p>\n<p>Cele mai frecvente localiz\u0103ri ale unui neoplasm:<br \/>\n\u2022 ateromul urechii &#8211; apare adesea pe lobi;<br \/>\n\u2022 ateromul pe cap &#8211; cel mai frecvent loc de apari\u021bie este scalpul;<br \/>\n\u2022 ateromul de pe g\u00e2t &#8211; apare pe spatele g\u00e2tului, unde exist\u0103 scalp;<br \/>\n\u2022 ateromul \u00een zona sau pe organele genitale &#8211; pe pubis, perineu, scrot;<br \/>\n\u2022 ateromul fe\u021bei &#8211; apare adesea pe obraz. Este un mare defect cosmetic.<\/p>\n<h3>Motivele<\/h3>\n<p>Cauza form\u0103rii ateromului este un blocaj al glandei sebacee, ceea ce duce la o dereglare a fluxului de secre\u021bie.<\/p>\n<p>Exist\u0103, de asemenea, \u015fi alte cauze asociate cu bolile glandei sebacee \u0219i care conduc la o dereglare a fluxului de secre\u021bie:<br \/>\n\u2022 Deteriorarea r\u0103d\u0103cinii firului de p\u0103r.<br \/>\n\u2022 Condensarea secretului sebacei.<br \/>\n\u2022 Procesele inflamatorii, care deseori conduc la spargerea glandei sebacee.<br \/>\n\u2022 Anomalii \u00een dezvoltarea glandei sebacee.<br \/>\n\u2022 Dezechilibrul hormonal.<\/p>\n<p>Factori de risc:<br \/>\n\u2022 prezen\u021ba acneei sau a altor boli posibile ale pielii;<br \/>\n\u2022 malnutri\u021bia, care duce la o schimbare a secre\u021biei sebacee;<br \/>\n\u2022 \u00eengrijirea necalitativ\u0103 a pielii \u015fi igiena necorespunz\u0103toare;<br \/>\n\u2022 hiperhidroza sau transpira\u021bia excesiv\u0103.<\/p>\n<h3>Simptomele<\/h3>\n<p>Ateromul nu provoac\u0103 schimb\u0103ri \u00een organismul omului \u0219i nu creeaz\u0103 disconfort, cu excep\u021bia faptului c\u0103 este un defect cosmetic.<br \/>\nPielea ce acoper\u0103 ateromul nu se schimb\u0103, are aspect \u0219i culoare natural\u0103. La palpare se simte conturul clar al ei. De asemenea, nu este lipit de \u021besuturile \u00eenconjur\u0103toare. Pe v\u00e2rful ei pute\u021bi determina un punct mic &#8211; fluxul glandei sebacee.<\/p>\n<p>Neoplasmele de dimensiuni mari pot presa pe vasele din apropiere, suprapun\u00e2ndu-le, ceea ce duce la perturbarea metabolismului \u021besuturilor \u00eenconjur\u0103toare.<\/p>\n<p>C\u00e2nd se dezvolt\u0103 procesul inflamator, vor fi prezente urm\u0103toarele simptome:<\/p>\n<ul>\n<li>durere la palpare;<\/li>\n<li>umflare;<\/li>\n<li>cre\u0219tere a temperaturii locale;<\/li>\n<li>ro\u0219ea\u021ba pielii \u00een jurul ateromului inflamat.<\/li>\n<\/ul>\n<p>Dac\u0103 nu este deschis, e posibil s\u0103 se sparg\u0103 de la sine cu scurgerea con\u021binutului purulent.<\/p>\n<p>Dezvoltarea unui abces cu aterom este foarte rar. Simptomele vor fi similare. Dar exist\u0103 o cre\u0219tere a temperaturii corpului, simptome de intoxica\u021bie a organismului. Ro\u0219ea\u021ba \u0219i umfl\u0103turile capteaz\u0103 suprafe\u0163e mari ale pielii.<\/p>\n<h3>Diagnosticarea<\/h3>\n<p>Diagnoza o stabile\u015fte dermatologul. Important \u00een acest caz este prezen\u021ba ductului sebacee pe v\u00e2rful neoplasmului. Dac\u0103 el nu exist\u0103, atunci poate fi lipom sau fibroam. Se efectueaz\u0103 un studiu histologic al ateromului pentru a exclude posibilele forma\u021biuni oncologice.<\/p>\n<h3>Tratamentul<\/h3>\n<p>Exist\u0103 2 metode de eliminare a acestei tumori &#8211; chirurgical\u0103 sau cu laser.\u00a0Interven\u021bia chirurgical\u0103 e o metod\u0103 standard de \u00eendep\u0103rtare, care se efectueaz\u0103 exclusiv sub anestezie local\u0103. Esen\u021ba opera\u021biei este realizarea unei mici t\u0103ieri a pielii \u0219i eliminarea ateromului din \u021besuturile din jur. Dup\u0103 aceea se aplic\u0103 suturi cosmetice. Pierderea de s\u00e2nge este minim\u0103, deoarece interven\u021bia este mic\u0103.<\/p>\n<p>\u00cendep\u0103rtarea cu laser a ateromului este o metod\u0103 modern\u0103 \u0219i practic\u0103 de \u00eendep\u0103rtare. Cu ajutorul fascicolului se deschide capsula ateromului, con\u021binutul ei este lichidat. \u00cen acela\u0219i timp, pielea p\u0103streaz\u0103 integritatea. Dup\u0103 procedur\u0103, ea este tratat\u0103 cu o solu\u021bie antiseptic\u0103.\u00a0Dar e imposibil\u0103 \u00eendep\u0103rtarea ateromului de dimensiuni mari \u00een acest fel.<\/p>\n<p>Eliminarea unui aterom nu garanteaz\u0103 c\u0103 nu va reveni. Poate ap\u0103rea \u00een alt loc.<\/p>\n<p>Pentru prevenirea recesivului e necesar:<\/p>\n<ul>\n<li>sp\u0103la\u021bi-v\u0103 pe fa\u021b\u0103 cu ap\u0103 fierbinte;<\/li>\n<li>cur\u0103ta\u0163i fa\u0163a;<\/li>\n<li>respecta\u021bi dieta.<\/li>\n<\/ul>\n","protected":false},"excerpt":{"rendered":"<p>Acesta este un neoplasm benign, care se formeaz\u0103 din cauza bloc\u0103rii glandei sebacee. Uneori I se zice chist al glandei sebacee, deoarece are o form\u0103 rotunjit\u0103, margini clare, palpare nedureroas\u0103. Este ca o cavitate cu con\u021binut interior. Ateromul la copii e mai pu\u021bin frecvent dec\u00e2t la adul\u021bi. Ateroma se dezvolt\u0103 \u00een zonele, \u00een care sunt [&hellip;]<\/p>\n","protected":false},"author":28,"featured_media":0,"parent":52987,"menu_order":0,"comment_status":"closed","ping_status":"closed","template":"","meta":{"inline_featured_image":false,"footnotes":""},"class_list":["post-51732","page","type-page","status-publish"],"yoast_head":"<!-- This site is optimized with the Yoast SEO plugin v27.3 - https:\/\/yoast.com\/product\/yoast-seo-wordpress\/ -->\n<title>Ateromul<\/title>\n<meta name=\"description\" content=\"Acesta este un neoplasm benign, care se formeaz\u0103 din cauza bloc\u0103rii glandei sebacee.\" \/>\n<meta name=\"robots\" content=\"index, follow, max-snippet:-1, max-image-preview:large, max-video-preview:-1\" \/>\n<link rel=\"canonical\" href=\"https:\/\/sanatate.md\/ro\/boli-si-tratament\/boli-ale-parului-si-ale-scalpului\/ateromul\/\" \/>\n<meta property=\"og:locale\" content=\"ro_RO\" \/>\n<meta property=\"og:type\" content=\"article\" \/>\n<meta property=\"og:title\" content=\"Ateromul\" \/>\n<meta property=\"og:description\" content=\"Acesta este un neoplasm benign, care se formeaz\u0103 din cauza bloc\u0103rii glandei sebacee.\" \/>\n<meta property=\"og:url\" content=\"https:\/\/sanatate.md\/ro\/boli-si-tratament\/boli-ale-parului-si-ale-scalpului\/ateromul\/\" \/>\n<meta property=\"og:site_name\" content=\"Sanatate.md\" \/>\n<meta name=\"twitter:card\" content=\"summary_large_image\" \/>\n<meta name=\"twitter:label1\" content=\"Timp estimat pentru citire\" \/>\n\t<meta name=\"twitter:data1\" content=\"3 minute\" \/>\n<script type=\"application\/ld+json\" class=\"yoast-schema-graph\">{\"@context\":\"https:\\\/\\\/schema.org\",\"@graph\":[{\"@type\":\"WebPage\",\"@id\":\"https:\\\/\\\/sanatate.md\\\/ro\\\/boli-si-tratament\\\/boli-ale-parului-si-ale-scalpului\\\/ateromul\\\/\",\"url\":\"https:\\\/\\\/sanatate.md\\\/ro\\\/boli-si-tratament\\\/boli-ale-parului-si-ale-scalpului\\\/ateromul\\\/\",\"name\":\"Ateromul\",\"isPartOf\":{\"@id\":\"https:\\\/\\\/sanatate.md\\\/ro\\\/#website\"},\"datePublished\":\"2018-01-31T15:08:05+00:00\",\"description\":\"Acesta este un neoplasm benign, care se formeaz\u0103 din cauza bloc\u0103rii glandei sebacee.\",\"breadcrumb\":{\"@id\":\"https:\\\/\\\/sanatate.md\\\/ro\\\/boli-si-tratament\\\/boli-ale-parului-si-ale-scalpului\\\/ateromul\\\/#breadcrumb\"},\"inLanguage\":\"ro-RO\",\"potentialAction\":[{\"@type\":\"ReadAction\",\"target\":[\"https:\\\/\\\/sanatate.md\\\/ro\\\/boli-si-tratament\\\/boli-ale-parului-si-ale-scalpului\\\/ateromul\\\/\"]}]},{\"@type\":\"BreadcrumbList\",\"@id\":\"https:\\\/\\\/sanatate.md\\\/ro\\\/boli-si-tratament\\\/boli-ale-parului-si-ale-scalpului\\\/ateromul\\\/#breadcrumb\",\"itemListElement\":[{\"@type\":\"ListItem\",\"position\":1,\"name\":\"\u0413\u043b\u0430\u0432\u043d\u0430\u044f \u0441\u0442\u0440\u0430\u043d\u0438\u0446\u0430\",\"item\":\"https:\\\/\\\/sanatate.md\\\/ro\\\/\"},{\"@type\":\"ListItem\",\"position\":2,\"name\":\"Boli si tratament\",\"item\":\"https:\\\/\\\/sanatate.md\\\/ro\\\/boli-si-tratament\\\/\"},{\"@type\":\"ListItem\",\"position\":3,\"name\":\"Boli ale p\u0103rului \u0219i ale scalpului\",\"item\":\"https:\\\/\\\/sanatate.md\\\/ro\\\/boli-si-tratament\\\/boli-ale-parului-si-ale-scalpului\\\/\"},{\"@type\":\"ListItem\",\"position\":4,\"name\":\"Ateromul\"}]},{\"@type\":\"WebSite\",\"@id\":\"https:\\\/\\\/sanatate.md\\\/ro\\\/#website\",\"url\":\"https:\\\/\\\/sanatate.md\\\/ro\\\/\",\"name\":\"Sanatate.md\",\"description\":\"\u0416\u0443\u0440\u043d\u0430\u043b \u0434\u043b\u044f \u0432\u0441\u0435\u0439 \u0441\u0435\u043c\u044c\u0438 \u0432 \u041c\u043e\u043b\u0434\u043e\u0432\u0435\",\"publisher\":{\"@id\":\"https:\\\/\\\/sanatate.md\\\/ro\\\/#organization\"},\"potentialAction\":[{\"@type\":\"SearchAction\",\"target\":{\"@type\":\"EntryPoint\",\"urlTemplate\":\"https:\\\/\\\/sanatate.md\\\/ro\\\/?s={search_term_string}\"},\"query-input\":{\"@type\":\"PropertyValueSpecification\",\"valueRequired\":true,\"valueName\":\"search_term_string\"}}],\"inLanguage\":\"ro-RO\"},{\"@type\":\"Organization\",\"@id\":\"https:\\\/\\\/sanatate.md\\\/ro\\\/#organization\",\"name\":\"SANATATE\",\"url\":\"https:\\\/\\\/sanatate.md\\\/ro\\\/\",\"logo\":{\"@type\":\"ImageObject\",\"inLanguage\":\"ro-RO\",\"@id\":\"https:\\\/\\\/sanatate.md\\\/ro\\\/#\\\/schema\\\/logo\\\/image\\\/\",\"url\":\"https:\\\/\\\/sanatate.md\\\/wp-content\\\/uploads\\\/2022\\\/01\\\/sanatate-logo.svg\",\"contentUrl\":\"https:\\\/\\\/sanatate.md\\\/wp-content\\\/uploads\\\/2022\\\/01\\\/sanatate-logo.svg\",\"width\":\"1024\",\"height\":\"1024\",\"caption\":\"SANATATE\"},\"image\":{\"@id\":\"https:\\\/\\\/sanatate.md\\\/ro\\\/#\\\/schema\\\/logo\\\/image\\\/\"}}]}<\/script>\n<!-- \/ Yoast SEO plugin. -->","yoast_head_json":{"title":"Ateromul","description":"Acesta este un neoplasm benign, care se formeaz\u0103 din cauza bloc\u0103rii glandei sebacee.","robots":{"index":"index","follow":"follow","max-snippet":"max-snippet:-1","max-image-preview":"max-image-preview:large","max-video-preview":"max-video-preview:-1"},"canonical":"https:\/\/sanatate.md\/ro\/boli-si-tratament\/boli-ale-parului-si-ale-scalpului\/ateromul\/","og_locale":"ro_RO","og_type":"article","og_title":"Ateromul","og_description":"Acesta este un neoplasm benign, care se formeaz\u0103 din cauza bloc\u0103rii glandei sebacee.","og_url":"https:\/\/sanatate.md\/ro\/boli-si-tratament\/boli-ale-parului-si-ale-scalpului\/ateromul\/","og_site_name":"Sanatate.md","twitter_card":"summary_large_image","twitter_misc":{"Timp estimat pentru citire":"3 minute"},"schema":{"@context":"https:\/\/schema.org","@graph":[{"@type":"WebPage","@id":"https:\/\/sanatate.md\/ro\/boli-si-tratament\/boli-ale-parului-si-ale-scalpului\/ateromul\/","url":"https:\/\/sanatate.md\/ro\/boli-si-tratament\/boli-ale-parului-si-ale-scalpului\/ateromul\/","name":"Ateromul","isPartOf":{"@id":"https:\/\/sanatate.md\/ro\/#website"},"datePublished":"2018-01-31T15:08:05+00:00","description":"Acesta este un neoplasm benign, care se formeaz\u0103 din cauza bloc\u0103rii glandei sebacee.","breadcrumb":{"@id":"https:\/\/sanatate.md\/ro\/boli-si-tratament\/boli-ale-parului-si-ale-scalpului\/ateromul\/#breadcrumb"},"inLanguage":"ro-RO","potentialAction":[{"@type":"ReadAction","target":["https:\/\/sanatate.md\/ro\/boli-si-tratament\/boli-ale-parului-si-ale-scalpului\/ateromul\/"]}]},{"@type":"BreadcrumbList","@id":"https:\/\/sanatate.md\/ro\/boli-si-tratament\/boli-ale-parului-si-ale-scalpului\/ateromul\/#breadcrumb","itemListElement":[{"@type":"ListItem","position":1,"name":"\u0413\u043b\u0430\u0432\u043d\u0430\u044f \u0441\u0442\u0440\u0430\u043d\u0438\u0446\u0430","item":"https:\/\/sanatate.md\/ro\/"},{"@type":"ListItem","position":2,"name":"Boli si tratament","item":"https:\/\/sanatate.md\/ro\/boli-si-tratament\/"},{"@type":"ListItem","position":3,"name":"Boli ale p\u0103rului \u0219i ale scalpului","item":"https:\/\/sanatate.md\/ro\/boli-si-tratament\/boli-ale-parului-si-ale-scalpului\/"},{"@type":"ListItem","position":4,"name":"Ateromul"}]},{"@type":"WebSite","@id":"https:\/\/sanatate.md\/ro\/#website","url":"https:\/\/sanatate.md\/ro\/","name":"Sanatate.md","description":"\u0416\u0443\u0440\u043d\u0430\u043b \u0434\u043b\u044f \u0432\u0441\u0435\u0439 \u0441\u0435\u043c\u044c\u0438 \u0432 \u041c\u043e\u043b\u0434\u043e\u0432\u0435","publisher":{"@id":"https:\/\/sanatate.md\/ro\/#organization"},"potentialAction":[{"@type":"SearchAction","target":{"@type":"EntryPoint","urlTemplate":"https:\/\/sanatate.md\/ro\/?s={search_term_string}"},"query-input":{"@type":"PropertyValueSpecification","valueRequired":true,"valueName":"search_term_string"}}],"inLanguage":"ro-RO"},{"@type":"Organization","@id":"https:\/\/sanatate.md\/ro\/#organization","name":"SANATATE","url":"https:\/\/sanatate.md\/ro\/","logo":{"@type":"ImageObject","inLanguage":"ro-RO","@id":"https:\/\/sanatate.md\/ro\/#\/schema\/logo\/image\/","url":"https:\/\/sanatate.md\/wp-content\/uploads\/2022\/01\/sanatate-logo.svg","contentUrl":"https:\/\/sanatate.md\/wp-content\/uploads\/2022\/01\/sanatate-logo.svg","width":"1024","height":"1024","caption":"SANATATE"},"image":{"@id":"https:\/\/sanatate.md\/ro\/#\/schema\/logo\/image\/"}}]}},"_links":{"self":[{"href":"https:\/\/sanatate.md\/ro\/wp-json\/wp\/v2\/pages\/51732","targetHints":{"allow":["GET"]}}],"collection":[{"href":"https:\/\/sanatate.md\/ro\/wp-json\/wp\/v2\/pages"}],"about":[{"href":"https:\/\/sanatate.md\/ro\/wp-json\/wp\/v2\/types\/page"}],"author":[{"embeddable":true,"href":"https:\/\/sanatate.md\/ro\/wp-json\/wp\/v2\/users\/28"}],"replies":[{"embeddable":true,"href":"https:\/\/sanatate.md\/ro\/wp-json\/wp\/v2\/comments?post=51732"}],"version-history":[{"count":0,"href":"https:\/\/sanatate.md\/ro\/wp-json\/wp\/v2\/pages\/51732\/revisions"}],"up":[{"embeddable":true,"href":"https:\/\/sanatate.md\/ro\/wp-json\/wp\/v2\/pages\/52987"}],"wp:attachment":[{"href":"https:\/\/sanatate.md\/ro\/wp-json\/wp\/v2\/media?parent=51732"}],"curies":[{"name":"wp","href":"https:\/\/api.w.org\/{rel}","templated":true}]}}