{"id":51971,"date":"2018-02-04T14:07:42","date_gmt":"2018-02-04T11:07:42","guid":{"rendered":"https:\/\/sanatate.md\/?page_id=51971"},"modified":"2018-02-04T14:07:42","modified_gmt":"2018-02-04T11:07:42","slug":"aspergiloza","status":"publish","type":"page","link":"https:\/\/sanatate.md\/ro\/boli-si-tratament\/boli-ale-sistemului-respirator\/aspergiloza\/","title":{"rendered":"Aspergiloza"},"content":{"rendered":"<p>Aspergiloza e o boal\u0103, care este cauzat\u0103 de efectele ciupercii de mucegai Aspergillus. \u00cen majoritatea cazurilor, \u00een special, sunt afecta\u021bi pl\u0103m\u00e2nii, iar la acei oameni, care au imunodeficien\u021b\u0103, boala devine sever\u0103.<\/p>\n<h3>Cauzele<\/h3>\n<p>Principalul motiv pentru dezvoltarea bolii este expunerea la aspergillus, care se g\u0103se\u0219te \u00een sol, aer, ap\u0103 distilat\u0103 \u0219i chiar \u00een izvoarele cu sulf. Aspergilla se stabile\u0219te, de asemenea, \u00een astfel de locuri:<\/p>\n<ul>\n<li>sistemele de du\u0219 \u0219i ventila\u021bie;<\/li>\n<li>c\u0103r\u021bile vechi, perne;<\/li>\n<li>sistemele de climatizare;<\/li>\n<li>inhalatoare;<\/li>\n<li>utilajului pentru umezirea aerului \u00een \u00eenc\u0103peri;<\/li>\n<li>\u00een locurile construc\u021biilor \u0219i repara\u021biilor;<\/li>\n<li>\u00een solul ghivecelor;<\/li>\n<li>produsele alimentare (legume, pungi de ceai, piper negru \u0219i altele);<\/li>\n<li>iarba care \u00eencepe s\u0103 putrezeasc\u0103;<\/li>\n<li>iarba uscat\u0103.<\/li>\n<\/ul>\n<p>\u00cen unele cazuri, aspergiloza se poate dezvolta la acei oameni, care macin\u0103 f\u0103in\u0103, hr\u0103nesc porumbei, deoarece aceste p\u0103s\u0103ri sunt purt\u0103toare de aspergiloz\u0103.<\/p>\n<h3>Simptomatologia<\/h3>\n<p>Formele de manifestare a aspergilozei:<\/p>\n<ul>\n<li>aspergilozele, ciupercile de tip sferic care germineaz\u0103 \u00een chisturile regiunii bronhonee sau \u00een cavit\u0103\u021bile vechi, f\u0103r\u0103 a penetra \u00een \u021besutul pl\u0103m\u00e2nilor;<\/li>\n<li>aspergiloz\u0103 de tipul bronhopulmonar cu manifest\u0103ri alergice este caracterizat\u0103 printr-o dificultate de respira\u021bie, mucus brun, febr\u0103 u\u0219oar\u0103, infiltrate pulmonare;<\/li>\n<li>aspergiloza manifest\u0103rii sistemice se poate dezvolta \u00een majoritatea cazurilor numai la pacien\u021bii imunodeficien\u021bi cu boli, cum ar fi leucemia acut\u0103 sau boala granulomatoas\u0103 cronic\u0103, de asemenea, poate fi format\u0103 dup\u0103 transplantul oric\u0103rui organ intern;<\/li>\n<li>bolile infec\u021bioase de tipul sinusurilor, inflama\u021bia ochilor \u0219i creierului sunt mai frecvente la persoanele care tr\u0103iesc \u00een \u021b\u0103ri cu clim\u0103 umed\u0103 \u0219i cald\u0103, de exemplu, \u00een Sudan.\u00a0Otomicoza se poate dezvolta, de asemenea, \u00een canalul auditiv extern;<\/li>\n<li>\u00een unele cazuri se poate dezvolta endocardita, meningita, sinuzita, vaginita, osteomielita, leziuni cutanate, precum \u0219i inflama\u021bii infec\u021bioase a orbitei \u0219i enoftalmitei.<\/li>\n<\/ul>\n<h3>Diagnosticarea<\/h3>\n<p>Determinarea aspergilozelor poate fi \u00een contextul leucocitozei, eozinofiliei, precum \u0219i a cre\u0219terii ESR. Este foarte important s\u0103 se determine c\u00e2t mai cur\u00e2nd posibil prezen\u021ba ciupercii \u0219i s\u0103 se aplice un test de tip intradermic folosind un antigen aspergiloz.<\/p>\n<h3>Tratamentul<\/h3>\n<p>\u00cen caz de aspergiloz\u0103:<\/p>\n<ul>\n<li>administrarea oral\u0103 de iod (3-10% caliu iodat) sau administrarea intravenoas\u0103 de natriu iodat de10% dup\u0103 desensibilizare cu vaccin;<\/li>\n<li>Nestatin;<\/li>\n<li>Amfotericina B.<\/li>\n<\/ul>\n<p>Dac\u0103 sunt diagnosticate abcese, se recomand\u0103 interven\u021bia chirurgical\u0103.<\/p>\n","protected":false},"excerpt":{"rendered":"<p>Aspergiloza e o boal\u0103, care este cauzat\u0103 de efectele ciupercii de mucegai Aspergillus. \u00cen majoritatea cazurilor, \u00een special, sunt afecta\u021bi pl\u0103m\u00e2nii, iar la acei oameni, care au imunodeficien\u021b\u0103, boala devine sever\u0103. Cauzele Principalul motiv pentru dezvoltarea bolii este expunerea la aspergillus, care se g\u0103se\u0219te \u00een sol, aer, ap\u0103 distilat\u0103 \u0219i chiar \u00een izvoarele cu sulf. [&hellip;]<\/p>\n","protected":false},"author":28,"featured_media":0,"parent":52999,"menu_order":0,"comment_status":"closed","ping_status":"closed","template":"","meta":{"inline_featured_image":false,"footnotes":""},"class_list":["post-51971","page","type-page","status-publish"],"yoast_head":"<!-- This site is optimized with the Yoast SEO plugin v27.3 - https:\/\/yoast.com\/product\/yoast-seo-wordpress\/ -->\n<title>Aspergiloza<\/title>\n<meta name=\"description\" content=\"Aspergiloza e o boal\u0103, care este cauzat\u0103 de efectele ciupercii de mucegai Aspergillus. \u00cen majoritatea cazurilor, \u00een special, sunt afecta\u021bi pl\u0103m\u00e2nii\" \/>\n<meta name=\"robots\" content=\"index, follow, max-snippet:-1, max-image-preview:large, max-video-preview:-1\" \/>\n<link rel=\"canonical\" href=\"https:\/\/sanatate.md\/ro\/boli-si-tratament\/boli-ale-sistemului-respirator\/aspergiloza\/\" \/>\n<meta property=\"og:locale\" content=\"ro_RO\" \/>\n<meta property=\"og:type\" content=\"article\" \/>\n<meta property=\"og:title\" content=\"Aspergiloza\" \/>\n<meta property=\"og:description\" content=\"Aspergiloza e o boal\u0103, care este cauzat\u0103 de efectele ciupercii de mucegai Aspergillus. \u00cen majoritatea cazurilor, \u00een special, sunt afecta\u021bi pl\u0103m\u00e2nii\" \/>\n<meta property=\"og:url\" content=\"https:\/\/sanatate.md\/ro\/boli-si-tratament\/boli-ale-sistemului-respirator\/aspergiloza\/\" \/>\n<meta property=\"og:site_name\" content=\"Sanatate.md\" \/>\n<meta name=\"twitter:card\" content=\"summary_large_image\" \/>\n<meta name=\"twitter:label1\" content=\"Timp estimat pentru citire\" \/>\n\t<meta name=\"twitter:data1\" content=\"2 minute\" \/>\n<script type=\"application\/ld+json\" class=\"yoast-schema-graph\">{\"@context\":\"https:\\\/\\\/schema.org\",\"@graph\":[{\"@type\":\"WebPage\",\"@id\":\"https:\\\/\\\/sanatate.md\\\/ro\\\/boli-si-tratament\\\/boli-ale-sistemului-respirator\\\/aspergiloza\\\/\",\"url\":\"https:\\\/\\\/sanatate.md\\\/ro\\\/boli-si-tratament\\\/boli-ale-sistemului-respirator\\\/aspergiloza\\\/\",\"name\":\"Aspergiloza\",\"isPartOf\":{\"@id\":\"https:\\\/\\\/sanatate.md\\\/ro\\\/#website\"},\"datePublished\":\"2018-02-04T11:07:42+00:00\",\"description\":\"Aspergiloza e o boal\u0103, care este cauzat\u0103 de efectele ciupercii de mucegai Aspergillus. \u00cen majoritatea cazurilor, \u00een special, sunt afecta\u021bi pl\u0103m\u00e2nii\",\"breadcrumb\":{\"@id\":\"https:\\\/\\\/sanatate.md\\\/ro\\\/boli-si-tratament\\\/boli-ale-sistemului-respirator\\\/aspergiloza\\\/#breadcrumb\"},\"inLanguage\":\"ro-RO\",\"potentialAction\":[{\"@type\":\"ReadAction\",\"target\":[\"https:\\\/\\\/sanatate.md\\\/ro\\\/boli-si-tratament\\\/boli-ale-sistemului-respirator\\\/aspergiloza\\\/\"]}]},{\"@type\":\"BreadcrumbList\",\"@id\":\"https:\\\/\\\/sanatate.md\\\/ro\\\/boli-si-tratament\\\/boli-ale-sistemului-respirator\\\/aspergiloza\\\/#breadcrumb\",\"itemListElement\":[{\"@type\":\"ListItem\",\"position\":1,\"name\":\"\u0413\u043b\u0430\u0432\u043d\u0430\u044f \u0441\u0442\u0440\u0430\u043d\u0438\u0446\u0430\",\"item\":\"https:\\\/\\\/sanatate.md\\\/ro\\\/\"},{\"@type\":\"ListItem\",\"position\":2,\"name\":\"Boli si tratament\",\"item\":\"https:\\\/\\\/sanatate.md\\\/ro\\\/boli-si-tratament\\\/\"},{\"@type\":\"ListItem\",\"position\":3,\"name\":\"Boli ale sistemului respirator\",\"item\":\"https:\\\/\\\/sanatate.md\\\/ro\\\/boli-si-tratament\\\/boli-ale-sistemului-respirator\\\/\"},{\"@type\":\"ListItem\",\"position\":4,\"name\":\"Aspergiloza\"}]},{\"@type\":\"WebSite\",\"@id\":\"https:\\\/\\\/sanatate.md\\\/ro\\\/#website\",\"url\":\"https:\\\/\\\/sanatate.md\\\/ro\\\/\",\"name\":\"Sanatate.md\",\"description\":\"\u0416\u0443\u0440\u043d\u0430\u043b \u0434\u043b\u044f \u0432\u0441\u0435\u0439 \u0441\u0435\u043c\u044c\u0438 \u0432 \u041c\u043e\u043b\u0434\u043e\u0432\u0435\",\"publisher\":{\"@id\":\"https:\\\/\\\/sanatate.md\\\/ro\\\/#organization\"},\"potentialAction\":[{\"@type\":\"SearchAction\",\"target\":{\"@type\":\"EntryPoint\",\"urlTemplate\":\"https:\\\/\\\/sanatate.md\\\/ro\\\/?s={search_term_string}\"},\"query-input\":{\"@type\":\"PropertyValueSpecification\",\"valueRequired\":true,\"valueName\":\"search_term_string\"}}],\"inLanguage\":\"ro-RO\"},{\"@type\":\"Organization\",\"@id\":\"https:\\\/\\\/sanatate.md\\\/ro\\\/#organization\",\"name\":\"SANATATE\",\"url\":\"https:\\\/\\\/sanatate.md\\\/ro\\\/\",\"logo\":{\"@type\":\"ImageObject\",\"inLanguage\":\"ro-RO\",\"@id\":\"https:\\\/\\\/sanatate.md\\\/ro\\\/#\\\/schema\\\/logo\\\/image\\\/\",\"url\":\"https:\\\/\\\/sanatate.md\\\/wp-content\\\/uploads\\\/2022\\\/01\\\/sanatate-logo.svg\",\"contentUrl\":\"https:\\\/\\\/sanatate.md\\\/wp-content\\\/uploads\\\/2022\\\/01\\\/sanatate-logo.svg\",\"width\":\"1024\",\"height\":\"1024\",\"caption\":\"SANATATE\"},\"image\":{\"@id\":\"https:\\\/\\\/sanatate.md\\\/ro\\\/#\\\/schema\\\/logo\\\/image\\\/\"}}]}<\/script>\n<!-- \/ Yoast SEO plugin. -->","yoast_head_json":{"title":"Aspergiloza","description":"Aspergiloza e o boal\u0103, care este cauzat\u0103 de efectele ciupercii de mucegai Aspergillus. \u00cen majoritatea cazurilor, \u00een special, sunt afecta\u021bi pl\u0103m\u00e2nii","robots":{"index":"index","follow":"follow","max-snippet":"max-snippet:-1","max-image-preview":"max-image-preview:large","max-video-preview":"max-video-preview:-1"},"canonical":"https:\/\/sanatate.md\/ro\/boli-si-tratament\/boli-ale-sistemului-respirator\/aspergiloza\/","og_locale":"ro_RO","og_type":"article","og_title":"Aspergiloza","og_description":"Aspergiloza e o boal\u0103, care este cauzat\u0103 de efectele ciupercii de mucegai Aspergillus. \u00cen majoritatea cazurilor, \u00een special, sunt afecta\u021bi pl\u0103m\u00e2nii","og_url":"https:\/\/sanatate.md\/ro\/boli-si-tratament\/boli-ale-sistemului-respirator\/aspergiloza\/","og_site_name":"Sanatate.md","twitter_card":"summary_large_image","twitter_misc":{"Timp estimat pentru citire":"2 minute"},"schema":{"@context":"https:\/\/schema.org","@graph":[{"@type":"WebPage","@id":"https:\/\/sanatate.md\/ro\/boli-si-tratament\/boli-ale-sistemului-respirator\/aspergiloza\/","url":"https:\/\/sanatate.md\/ro\/boli-si-tratament\/boli-ale-sistemului-respirator\/aspergiloza\/","name":"Aspergiloza","isPartOf":{"@id":"https:\/\/sanatate.md\/ro\/#website"},"datePublished":"2018-02-04T11:07:42+00:00","description":"Aspergiloza e o boal\u0103, care este cauzat\u0103 de efectele ciupercii de mucegai Aspergillus. \u00cen majoritatea cazurilor, \u00een special, sunt afecta\u021bi pl\u0103m\u00e2nii","breadcrumb":{"@id":"https:\/\/sanatate.md\/ro\/boli-si-tratament\/boli-ale-sistemului-respirator\/aspergiloza\/#breadcrumb"},"inLanguage":"ro-RO","potentialAction":[{"@type":"ReadAction","target":["https:\/\/sanatate.md\/ro\/boli-si-tratament\/boli-ale-sistemului-respirator\/aspergiloza\/"]}]},{"@type":"BreadcrumbList","@id":"https:\/\/sanatate.md\/ro\/boli-si-tratament\/boli-ale-sistemului-respirator\/aspergiloza\/#breadcrumb","itemListElement":[{"@type":"ListItem","position":1,"name":"\u0413\u043b\u0430\u0432\u043d\u0430\u044f \u0441\u0442\u0440\u0430\u043d\u0438\u0446\u0430","item":"https:\/\/sanatate.md\/ro\/"},{"@type":"ListItem","position":2,"name":"Boli si tratament","item":"https:\/\/sanatate.md\/ro\/boli-si-tratament\/"},{"@type":"ListItem","position":3,"name":"Boli ale sistemului respirator","item":"https:\/\/sanatate.md\/ro\/boli-si-tratament\/boli-ale-sistemului-respirator\/"},{"@type":"ListItem","position":4,"name":"Aspergiloza"}]},{"@type":"WebSite","@id":"https:\/\/sanatate.md\/ro\/#website","url":"https:\/\/sanatate.md\/ro\/","name":"Sanatate.md","description":"\u0416\u0443\u0440\u043d\u0430\u043b \u0434\u043b\u044f \u0432\u0441\u0435\u0439 \u0441\u0435\u043c\u044c\u0438 \u0432 \u041c\u043e\u043b\u0434\u043e\u0432\u0435","publisher":{"@id":"https:\/\/sanatate.md\/ro\/#organization"},"potentialAction":[{"@type":"SearchAction","target":{"@type":"EntryPoint","urlTemplate":"https:\/\/sanatate.md\/ro\/?s={search_term_string}"},"query-input":{"@type":"PropertyValueSpecification","valueRequired":true,"valueName":"search_term_string"}}],"inLanguage":"ro-RO"},{"@type":"Organization","@id":"https:\/\/sanatate.md\/ro\/#organization","name":"SANATATE","url":"https:\/\/sanatate.md\/ro\/","logo":{"@type":"ImageObject","inLanguage":"ro-RO","@id":"https:\/\/sanatate.md\/ro\/#\/schema\/logo\/image\/","url":"https:\/\/sanatate.md\/wp-content\/uploads\/2022\/01\/sanatate-logo.svg","contentUrl":"https:\/\/sanatate.md\/wp-content\/uploads\/2022\/01\/sanatate-logo.svg","width":"1024","height":"1024","caption":"SANATATE"},"image":{"@id":"https:\/\/sanatate.md\/ro\/#\/schema\/logo\/image\/"}}]}},"_links":{"self":[{"href":"https:\/\/sanatate.md\/ro\/wp-json\/wp\/v2\/pages\/51971","targetHints":{"allow":["GET"]}}],"collection":[{"href":"https:\/\/sanatate.md\/ro\/wp-json\/wp\/v2\/pages"}],"about":[{"href":"https:\/\/sanatate.md\/ro\/wp-json\/wp\/v2\/types\/page"}],"author":[{"embeddable":true,"href":"https:\/\/sanatate.md\/ro\/wp-json\/wp\/v2\/users\/28"}],"replies":[{"embeddable":true,"href":"https:\/\/sanatate.md\/ro\/wp-json\/wp\/v2\/comments?post=51971"}],"version-history":[{"count":0,"href":"https:\/\/sanatate.md\/ro\/wp-json\/wp\/v2\/pages\/51971\/revisions"}],"up":[{"embeddable":true,"href":"https:\/\/sanatate.md\/ro\/wp-json\/wp\/v2\/pages\/52999"}],"wp:attachment":[{"href":"https:\/\/sanatate.md\/ro\/wp-json\/wp\/v2\/media?parent=51971"}],"curies":[{"name":"wp","href":"https:\/\/api.w.org\/{rel}","templated":true}]}}