{"id":51974,"date":"2018-02-04T14:14:03","date_gmt":"2018-02-04T11:14:03","guid":{"rendered":"https:\/\/sanatate.md\/?page_id=51974"},"modified":"2018-02-04T14:14:03","modified_gmt":"2018-02-04T11:14:03","slug":"asemenul-traumatic","status":"publish","type":"page","link":"https:\/\/sanatate.md\/ro\/boli-si-tratament\/boli-neurologice\/asemenul-traumatic\/","title":{"rendered":"Asemenul traumatic"},"content":{"rendered":"<p>Asemenul traumaic este caracterizat de afec\u021biuni patologice, care au ap\u0103rut ca urmare a traumatismelor craniocerebrale.<\/p>\n<h3>Motivele<\/h3>\n<p>Cauza acestei boli pot fi nu doar traumatismele craniocerebrale, ci \u015fi:<\/p>\n<ul>\n<li>leziuni ale membranelor cerebrale de form\u0103 organic\u0103;<\/li>\n<li>infec\u021bii neurologice;<\/li>\n<li>intoxic\u0103ri de form\u0103 cronic\u0103;<\/li>\n<li>ateroscleroza vaselor cerebrale.<\/li>\n<\/ul>\n<h3>Simptomatologia:<\/h3>\n<ul>\n<li>frecven\u0163a oboselii;<\/li>\n<li>starea iritabil\u0103;<\/li>\n<li>sindromul de cefalee;<\/li>\n<li>migrena;<\/li>\n<li>ame\u021belile;<\/li>\n<li>intoleran\u021ba la c\u0103ldur\u0103;<\/li>\n<li>dificult\u0103\u021bile \u00een procesul de trecere de la o form\u0103 de activitate la alta.<\/li>\n<\/ul>\n<h3>Diagnosticarea<\/h3>\n<p>Dezechilibrul \u00een activitatea creierului \u0219i aprovizion\u0103rii cu substan\u021be enzimatice se poate stabili folosind metoda scan\u0103rii regiunilor creierului.<\/p>\n<h3>Tratamentul<\/h3>\n<p>Ca metode de tratament sunt folosite medicamentele care stimuleaz\u0103 activitatea sistemului nervos \u0219i restabilesc func\u021bia acestuia.<\/p>\n","protected":false},"excerpt":{"rendered":"<p>Asemenul traumaic este caracterizat de afec\u021biuni patologice, care au ap\u0103rut ca urmare a traumatismelor craniocerebrale. Motivele Cauza acestei boli pot fi nu doar traumatismele craniocerebrale, ci \u015fi: leziuni ale membranelor cerebrale de form\u0103 organic\u0103; infec\u021bii neurologice; intoxic\u0103ri de form\u0103 cronic\u0103; ateroscleroza vaselor cerebrale. Simptomatologia: frecven\u0163a oboselii; starea iritabil\u0103; sindromul de cefalee; migrena; ame\u021belile; intoleran\u021ba la [&hellip;]<\/p>\n","protected":false},"author":28,"featured_media":0,"parent":52978,"menu_order":0,"comment_status":"closed","ping_status":"closed","template":"","meta":{"inline_featured_image":false,"footnotes":""},"class_list":["post-51974","page","type-page","status-publish"],"yoast_head":"<!-- This site is optimized with the Yoast SEO plugin v27.3 - https:\/\/yoast.com\/product\/yoast-seo-wordpress\/ -->\n<title>Asemenul traumatic<\/title>\n<meta name=\"description\" content=\"Asemenul traumaic este caracterizat de afec\u021biuni patologice, care au ap\u0103rut ca urmare a traumatismelor craniocerebrale.\" \/>\n<meta name=\"robots\" content=\"index, follow, max-snippet:-1, max-image-preview:large, max-video-preview:-1\" \/>\n<link rel=\"canonical\" href=\"https:\/\/sanatate.md\/ro\/boli-si-tratament\/boli-neurologice\/asemenul-traumatic\/\" \/>\n<meta property=\"og:locale\" content=\"ro_RO\" \/>\n<meta property=\"og:type\" content=\"article\" \/>\n<meta property=\"og:title\" content=\"Asemenul traumatic\" \/>\n<meta property=\"og:description\" content=\"Asemenul traumaic este caracterizat de afec\u021biuni patologice, care au ap\u0103rut ca urmare a traumatismelor craniocerebrale.\" \/>\n<meta property=\"og:url\" content=\"https:\/\/sanatate.md\/ro\/boli-si-tratament\/boli-neurologice\/asemenul-traumatic\/\" \/>\n<meta property=\"og:site_name\" content=\"Sanatate.md\" \/>\n<meta name=\"twitter:card\" content=\"summary_large_image\" \/>\n<meta name=\"twitter:label1\" content=\"Timp estimat pentru citire\" \/>\n\t<meta name=\"twitter:data1\" content=\"1 minut\" \/>\n<script type=\"application\/ld+json\" class=\"yoast-schema-graph\">{\"@context\":\"https:\\\/\\\/schema.org\",\"@graph\":[{\"@type\":\"WebPage\",\"@id\":\"https:\\\/\\\/sanatate.md\\\/ro\\\/boli-si-tratament\\\/boli-neurologice\\\/asemenul-traumatic\\\/\",\"url\":\"https:\\\/\\\/sanatate.md\\\/ro\\\/boli-si-tratament\\\/boli-neurologice\\\/asemenul-traumatic\\\/\",\"name\":\"Asemenul traumatic\",\"isPartOf\":{\"@id\":\"https:\\\/\\\/sanatate.md\\\/ro\\\/#website\"},\"datePublished\":\"2018-02-04T11:14:03+00:00\",\"description\":\"Asemenul traumaic este caracterizat de afec\u021biuni patologice, care au ap\u0103rut ca urmare a traumatismelor craniocerebrale.\",\"breadcrumb\":{\"@id\":\"https:\\\/\\\/sanatate.md\\\/ro\\\/boli-si-tratament\\\/boli-neurologice\\\/asemenul-traumatic\\\/#breadcrumb\"},\"inLanguage\":\"ro-RO\",\"potentialAction\":[{\"@type\":\"ReadAction\",\"target\":[\"https:\\\/\\\/sanatate.md\\\/ro\\\/boli-si-tratament\\\/boli-neurologice\\\/asemenul-traumatic\\\/\"]}]},{\"@type\":\"BreadcrumbList\",\"@id\":\"https:\\\/\\\/sanatate.md\\\/ro\\\/boli-si-tratament\\\/boli-neurologice\\\/asemenul-traumatic\\\/#breadcrumb\",\"itemListElement\":[{\"@type\":\"ListItem\",\"position\":1,\"name\":\"\u0413\u043b\u0430\u0432\u043d\u0430\u044f \u0441\u0442\u0440\u0430\u043d\u0438\u0446\u0430\",\"item\":\"https:\\\/\\\/sanatate.md\\\/ro\\\/\"},{\"@type\":\"ListItem\",\"position\":2,\"name\":\"Boli si tratament\",\"item\":\"https:\\\/\\\/sanatate.md\\\/ro\\\/boli-si-tratament\\\/\"},{\"@type\":\"ListItem\",\"position\":3,\"name\":\"Boli neurologice\",\"item\":\"https:\\\/\\\/sanatate.md\\\/ro\\\/boli-si-tratament\\\/boli-neurologice\\\/\"},{\"@type\":\"ListItem\",\"position\":4,\"name\":\"Asemenul traumatic\"}]},{\"@type\":\"WebSite\",\"@id\":\"https:\\\/\\\/sanatate.md\\\/ro\\\/#website\",\"url\":\"https:\\\/\\\/sanatate.md\\\/ro\\\/\",\"name\":\"Sanatate.md\",\"description\":\"\u0416\u0443\u0440\u043d\u0430\u043b \u0434\u043b\u044f \u0432\u0441\u0435\u0439 \u0441\u0435\u043c\u044c\u0438 \u0432 \u041c\u043e\u043b\u0434\u043e\u0432\u0435\",\"publisher\":{\"@id\":\"https:\\\/\\\/sanatate.md\\\/ro\\\/#organization\"},\"potentialAction\":[{\"@type\":\"SearchAction\",\"target\":{\"@type\":\"EntryPoint\",\"urlTemplate\":\"https:\\\/\\\/sanatate.md\\\/ro\\\/?s={search_term_string}\"},\"query-input\":{\"@type\":\"PropertyValueSpecification\",\"valueRequired\":true,\"valueName\":\"search_term_string\"}}],\"inLanguage\":\"ro-RO\"},{\"@type\":\"Organization\",\"@id\":\"https:\\\/\\\/sanatate.md\\\/ro\\\/#organization\",\"name\":\"SANATATE\",\"url\":\"https:\\\/\\\/sanatate.md\\\/ro\\\/\",\"logo\":{\"@type\":\"ImageObject\",\"inLanguage\":\"ro-RO\",\"@id\":\"https:\\\/\\\/sanatate.md\\\/ro\\\/#\\\/schema\\\/logo\\\/image\\\/\",\"url\":\"https:\\\/\\\/sanatate.md\\\/wp-content\\\/uploads\\\/2022\\\/01\\\/sanatate-logo.svg\",\"contentUrl\":\"https:\\\/\\\/sanatate.md\\\/wp-content\\\/uploads\\\/2022\\\/01\\\/sanatate-logo.svg\",\"width\":\"1024\",\"height\":\"1024\",\"caption\":\"SANATATE\"},\"image\":{\"@id\":\"https:\\\/\\\/sanatate.md\\\/ro\\\/#\\\/schema\\\/logo\\\/image\\\/\"}}]}<\/script>\n<!-- \/ Yoast SEO plugin. -->","yoast_head_json":{"title":"Asemenul traumatic","description":"Asemenul traumaic este caracterizat de afec\u021biuni patologice, care au ap\u0103rut ca urmare a traumatismelor craniocerebrale.","robots":{"index":"index","follow":"follow","max-snippet":"max-snippet:-1","max-image-preview":"max-image-preview:large","max-video-preview":"max-video-preview:-1"},"canonical":"https:\/\/sanatate.md\/ro\/boli-si-tratament\/boli-neurologice\/asemenul-traumatic\/","og_locale":"ro_RO","og_type":"article","og_title":"Asemenul traumatic","og_description":"Asemenul traumaic este caracterizat de afec\u021biuni patologice, care au ap\u0103rut ca urmare a traumatismelor craniocerebrale.","og_url":"https:\/\/sanatate.md\/ro\/boli-si-tratament\/boli-neurologice\/asemenul-traumatic\/","og_site_name":"Sanatate.md","twitter_card":"summary_large_image","twitter_misc":{"Timp estimat pentru citire":"1 minut"},"schema":{"@context":"https:\/\/schema.org","@graph":[{"@type":"WebPage","@id":"https:\/\/sanatate.md\/ro\/boli-si-tratament\/boli-neurologice\/asemenul-traumatic\/","url":"https:\/\/sanatate.md\/ro\/boli-si-tratament\/boli-neurologice\/asemenul-traumatic\/","name":"Asemenul traumatic","isPartOf":{"@id":"https:\/\/sanatate.md\/ro\/#website"},"datePublished":"2018-02-04T11:14:03+00:00","description":"Asemenul traumaic este caracterizat de afec\u021biuni patologice, care au ap\u0103rut ca urmare a traumatismelor craniocerebrale.","breadcrumb":{"@id":"https:\/\/sanatate.md\/ro\/boli-si-tratament\/boli-neurologice\/asemenul-traumatic\/#breadcrumb"},"inLanguage":"ro-RO","potentialAction":[{"@type":"ReadAction","target":["https:\/\/sanatate.md\/ro\/boli-si-tratament\/boli-neurologice\/asemenul-traumatic\/"]}]},{"@type":"BreadcrumbList","@id":"https:\/\/sanatate.md\/ro\/boli-si-tratament\/boli-neurologice\/asemenul-traumatic\/#breadcrumb","itemListElement":[{"@type":"ListItem","position":1,"name":"\u0413\u043b\u0430\u0432\u043d\u0430\u044f \u0441\u0442\u0440\u0430\u043d\u0438\u0446\u0430","item":"https:\/\/sanatate.md\/ro\/"},{"@type":"ListItem","position":2,"name":"Boli si tratament","item":"https:\/\/sanatate.md\/ro\/boli-si-tratament\/"},{"@type":"ListItem","position":3,"name":"Boli neurologice","item":"https:\/\/sanatate.md\/ro\/boli-si-tratament\/boli-neurologice\/"},{"@type":"ListItem","position":4,"name":"Asemenul traumatic"}]},{"@type":"WebSite","@id":"https:\/\/sanatate.md\/ro\/#website","url":"https:\/\/sanatate.md\/ro\/","name":"Sanatate.md","description":"\u0416\u0443\u0440\u043d\u0430\u043b \u0434\u043b\u044f \u0432\u0441\u0435\u0439 \u0441\u0435\u043c\u044c\u0438 \u0432 \u041c\u043e\u043b\u0434\u043e\u0432\u0435","publisher":{"@id":"https:\/\/sanatate.md\/ro\/#organization"},"potentialAction":[{"@type":"SearchAction","target":{"@type":"EntryPoint","urlTemplate":"https:\/\/sanatate.md\/ro\/?s={search_term_string}"},"query-input":{"@type":"PropertyValueSpecification","valueRequired":true,"valueName":"search_term_string"}}],"inLanguage":"ro-RO"},{"@type":"Organization","@id":"https:\/\/sanatate.md\/ro\/#organization","name":"SANATATE","url":"https:\/\/sanatate.md\/ro\/","logo":{"@type":"ImageObject","inLanguage":"ro-RO","@id":"https:\/\/sanatate.md\/ro\/#\/schema\/logo\/image\/","url":"https:\/\/sanatate.md\/wp-content\/uploads\/2022\/01\/sanatate-logo.svg","contentUrl":"https:\/\/sanatate.md\/wp-content\/uploads\/2022\/01\/sanatate-logo.svg","width":"1024","height":"1024","caption":"SANATATE"},"image":{"@id":"https:\/\/sanatate.md\/ro\/#\/schema\/logo\/image\/"}}]}},"_links":{"self":[{"href":"https:\/\/sanatate.md\/ro\/wp-json\/wp\/v2\/pages\/51974","targetHints":{"allow":["GET"]}}],"collection":[{"href":"https:\/\/sanatate.md\/ro\/wp-json\/wp\/v2\/pages"}],"about":[{"href":"https:\/\/sanatate.md\/ro\/wp-json\/wp\/v2\/types\/page"}],"author":[{"embeddable":true,"href":"https:\/\/sanatate.md\/ro\/wp-json\/wp\/v2\/users\/28"}],"replies":[{"embeddable":true,"href":"https:\/\/sanatate.md\/ro\/wp-json\/wp\/v2\/comments?post=51974"}],"version-history":[{"count":0,"href":"https:\/\/sanatate.md\/ro\/wp-json\/wp\/v2\/pages\/51974\/revisions"}],"up":[{"embeddable":true,"href":"https:\/\/sanatate.md\/ro\/wp-json\/wp\/v2\/pages\/52978"}],"wp:attachment":[{"href":"https:\/\/sanatate.md\/ro\/wp-json\/wp\/v2\/media?parent=51974"}],"curies":[{"name":"wp","href":"https:\/\/api.w.org\/{rel}","templated":true}]}}