{"id":51983,"date":"2018-02-04T14:38:18","date_gmt":"2018-02-04T11:38:18","guid":{"rendered":"https:\/\/sanatate.md\/?page_id=51983"},"modified":"2018-02-04T14:38:18","modified_gmt":"2018-02-04T11:38:18","slug":"asfixia-nou-nascutului","status":"publish","type":"page","link":"https:\/\/sanatate.md\/ro\/boli-si-tratament\/bolile-copiilor\/asfixia-nou-nascutului\/","title":{"rendered":"Asfixia nou-n\u0103scutului"},"content":{"rendered":"<p>Asfixia nou-n\u0103scutului e o stare patologic\u0103, care pune \u00een pericol via\u021ba copilului \u015fi este caracterizat\u0103 prin deficien\u021be de respira\u021bie sau absen\u021ba complet\u0103 atunci c\u00e2nd este p\u0103strat\u0103 activitatea cardiac\u0103. Apare ca o consecin\u021b\u0103 a tulbur\u0103rii de schimb de gaze.<\/p>\n<p>Aceast\u0103 patologie este diagnosticat\u0103 la 5-6% a nou-n\u0103scu\u021bilor.<\/p>\n<h3>Asfixia nou-n\u0103scu\u021bilor: cauzele<\/h3>\n<p>Afec\u021biunea patologic\u0103 este un sindrom, care se dezvolt\u0103 gra\u0163ie prezen\u021bei problemelor \u0219i a bolilor din timpul sarcinii.<\/p>\n<p>Exist\u0103 2 tipuri de asfixiere:<\/p>\n<ul>\n<li>Primar &#8211; apare imediat dup\u0103 na\u0219terea copilului. Cauza \u2013 insuficien\u0163a de oxigen la f\u0103t chiar \u0219i \u00een timpul dezvolt\u0103rii intrauterine. Poate fi acut \u0219i cronic. De asemenea, motivul ar putea fi prezen\u021ba unor boli infec\u021bioase a f\u0103tului (infec\u021bie cu herpes, rubeol\u0103 si altele), Rh \u2013 incompatibilitate a mamei si a fatului, mucus aspira\u021bie sau lichidul amniotic. Acest lucru face c\u0103 pl\u0103m\u00e2nii copilului nu sunt dezv\u0103lui\u021bi complet sau deloc.<\/li>\n<li>Secundar \u2013 apare la c\u00e2teva zile dup\u0103 na\u0219tere. Se dezvolt\u0103, de regul\u0103, din cauza unor devieri ale circula\u021biei cerebrale fetale. Acest lucru poate fi provocat de bolile materne, care apar \u00een timpul sarcinii (anemie, boli de inim\u0103, diabet, boli infec\u021bioase), \u0219i o sarcin\u0103 grea (toxemie, dezlipirea prematur\u0103 a placentei, complica\u021bii \u00een timpul na\u0219terii).<\/li>\n<\/ul>\n<p>Patogenia asfixiei \u0163ine de metabolism \u0219i hemodinamic\u0103. Gradul de severitate a bolii depinde de durata \u0219i intensitatea foamei de oxigen. Lipsa de oxigen duce la dezvoltarea de acidoz\u0103 metabolic\u0103, hipoglicemie \u0219i hipocalemie. Forma acut\u0103 conduce la o cre\u0219tere a volumului sangvin, cea cronic\u0103 \u2013 la o sc\u0103dere.<\/p>\n<p>Aceste condi\u021bii contribuie la formarea cheagurilor de s\u00e2nge \u0219i \u00een continuare apar probleme cu rinichii, inima, creierul, ficatul, glandele suprarenale. Toate aceste consecin\u021be au urm\u0103ri.<\/p>\n<h3>Simptomele<\/h3>\n<p>Principalele manifest\u0103ri clinice ale asfixiei neonatale se evalueaz\u0103 conform sc\u0103rii lui Apgar. Ea include: culoarea pielii, ritmul cardiac, reflexele, tonusul muscular \u0219i respira\u021bia. Evaluarea acestor criterii se realizeaz\u0103 \u00een primele minute de via\u0163\u0103 a nou-n\u0103scutului, folosind o scar\u0103 de 10 puncte.<\/p>\n<p>\u00cen func\u021bie de num\u0103rul de puncte, exist\u0103 3 grade de asfixie:<\/p>\n<ul>\n<li>Asfixia u\u0219oar\u0103 &#8211; 10-7 baluri conform grada\u0163iei Apgar: respira\u0163ie redus\u0103, prezen\u0163a cianozei triunghiului nazolabial, mu\u0219chii au un ton sc\u0103zut, epiderma nu este schimbat\u0103.<\/li>\n<li>Asfixia medie \u2013 5-7 baluri dup\u0103 Apgar: respira\u021bie sl\u0103bit\u0103 regulat\u0103 \u0219i neregulat\u0103, pl\u00e2ns slab, bradicardie, tonus muscular \u0219i reflexe sl\u0103bite, piele de culoare alb\u0103struie.<\/li>\n<li>Asfixie sever\u0103 \u2013 4-1 dup\u0103 Apgar: lipse\u015fte strig\u0103tul n\u0103scutului, respira\u021bia e neregulat\u0103 sau absent\u0103 (apneea), palpita\u021biile inimii rare, hipotonia muscular\u0103, reflexele lipsesc. O atare form\u0103 este considerat\u0103 stare de deces clinic al nou-n\u0103scutului \u015fi poate duce la dereglarea func\u0163ion\u0103rii creierului sau deces.<\/li>\n<\/ul>\n<h3>Diagnosticarea<\/h3>\n<p>Se face examinarea rapid\u0103 \u0219i exact\u0103 a copilului, m\u0103surarea nivelului de oxigen din s\u00e2nge folosind pulsoximetria, evaluarea st\u0103rii dup\u0103 Apgar. Se face un studiu de acid-bazic al s\u00e2ngelui, ce va fixa acidoza, care este o confirmare a asfixie.<\/p>\n<p>Apoi suplimentar sunt efectuate investiga\u0163ii, care vor ar\u0103ta ce deregl\u0103ri a provocat asfixia: examen neurologic, ultrasunete la creier pentru stabilirea prezen\u021bei de modific\u0103ri \u00een \u021besutul cerebral \u0219i a hemoragiilor.<\/p>\n<p>Examinarea copilului o face un neonatolog sau un reumatolog pentru copii. Ei pot evalua rapid starea bebelu\u015fului \u0219i pot lua m\u0103suri pentru a rezolva problema.<\/p>\n<h3>Asfixia nou-n\u0103scu\u021bilor: \u00eengrijire de urgen\u021b\u0103<\/h3>\n<p>\u00cengrijirea medical\u0103 de urgen\u021b\u0103 se face pentru a restabili respira\u021bia normal\u0103, reglarea activit\u0103\u021bii cardiace, excluderea metabolismului \u0219i corectarea parametrilor hemodinamici.<br \/>\nComplexul de m\u0103suri de resuscitare constau \u00een:<\/p>\n<p>Aspirarea mucusului din tractul respirator superior.<\/p>\n<ul>\n<li>Dac\u0103 respira\u021bia nu este restabilit\u0103 \u2013 se face stimularea tactil\u0103: b\u0103t\u0103i u\u015foare aplicate pe c\u0103lc\u00e2i sau pe spate. Prin ac\u021biunile date se restabile\u015fte respira\u021bia normal\u0103.<\/li>\n<li>Dac\u0103 efectul nu survine \u2013 copilului i se fac 5 respira\u021bii de salvare, folosind o masc\u0103 de oxigen \u0219i sacul Ambu. Esen\u021ba este, c\u0103 oxigenul nimerind in pl\u0103mani, ac\u0163ioneaza asupra receptorilor, care trimit impulsuri la centrul de respira\u0163ie, adic\u0103 oxigen. Centrul activit\u0103\u021bii respiratorii transmite impulsuri la pl\u0103m\u00e2ni. Acest exerci\u0163iu duce la revenirea respira\u021biei.<br \/>\nDac\u0103 este f\u0103r\u0103 rezultat &#8211; copilul este intubat \u0219i conectat la un ventilator.<\/li>\n<li>Se face o evaluare a activit\u0103\u021bii cardiace \u0219i conectarea la monitoare. Dac\u0103 ritmul cardiac e de 60-70 de b\u0103t\u0103i pe minut (la o rat\u0103 de 140-160) &#8211; se efectueaz\u0103 compresii toracice cu o vitez\u0103 de 100\u2013120 de b\u0103t\u0103i pe minut, dac\u0103 este conectat la ventilator, dar dac\u0103 nu &#8211; sunt efectuate 30 de compresii toracice \u0219i 2 respira\u021bii (care ar trebui s\u0103 fie de 100-120 de compresii pe minut).<\/li>\n<li>Medicamentele se administreaz\u0103 nou-n\u0103scu\u0163ilor prin vena ombilical\u0103 &#8211; Adrenalin\u0103, Bicarbonat de sodiu, Glucoz\u0103. Preparatele sunt calculate pentru 1 kg de greutate corporal\u0103.<br \/>\nM\u0103surile de resuscitare se efectueaz\u0103 chiar \u00een salonul de na\u015ftere. Ele sunt \u00eentreprinse \u00een cazul unei st\u0103ri severe a s\u0103n\u0103t\u0103\u0163ii copilului \u0219i a unui num\u0103r mic de puncte pe scara Apgar.<\/li>\n<\/ul>\n<p>Resuscitarea dureaz\u0103 30 de minute p\u00e2n\u0103 apar semne de respira\u021bie \u0219i \u00eembun\u0103t\u0103\u021bire a indicilor monitoarelor sau semnelor mor\u021bii biologice. Dac\u0103 resuscitarea e cu succes &#8211; copilul este transferat \u00een salonul de terapie intensiv\u0103 sub supravegherea medicilor.<\/p>\n<p>Dac\u0103 asfixia are form\u0103 u\u0219oar\u0103 sau moderat\u0103 &#8211; copilul prime\u015fte oxigen printr-o masc\u0103 sau este plasat \u00eentr-o camer\u0103 de oxigen.<\/p>\n<h3>Asfixia nou-n\u0103scu\u021bilor: tratamentul<\/h3>\n<p>\u00cen salonul de terapie intensiv\u0103 copilului i se administreaz\u0103 antibiotice, vitamine, hr\u0103nire parenteral\u0103, se efectueaz\u0103 terapia de perfuzie, se creaz\u0103 condi\u0163ii speciale p\u00e2n\u0103 c\u00e2nd copilul se vindec\u0103. Apoi se efectueaz\u0103 un examen neurologic, care va ar\u0103ta modific\u0103ri ale sistemului nervos central.<\/p>\n<h3>Asfixia nou-n\u0103scu\u021bilor: consecin\u021bele<\/h3>\n<p>Complica\u0163iile anterioare:<\/p>\n<ul>\n<li>Edem cerebral.<\/li>\n<li>Hemoragii \u00een creier sau \u00een cochilie.<\/li>\n<li>Necroze ale sectoarelor creierului.<\/li>\n<\/ul>\n<p>Consecin\u021be ulterioare:<\/p>\n<ul>\n<li>Hidrocefalia &#8211; prezen\u021ba excesului de ap\u0103 \u00een creier.<\/li>\n<li>Encefalopatia &#8211; procese inflamatorii din creier.<\/li>\n<li>Complica\u021bii Infec\u021bioase &#8211; encefalit\u0103, meningit\u0103, pneumonie, sepsis.<\/li>\n<\/ul>\n<p>Insuficien\u0163a de oxigen poate duce la decalaj \u00een dezvoltare, convulsii, moartea copilului. Bolile se dezvolt\u0103 \u00een primul an de via\u0163\u0103 a copilului.<\/p>\n","protected":false},"excerpt":{"rendered":"<p>Asfixia nou-n\u0103scutului e o stare patologic\u0103, care pune \u00een pericol via\u021ba copilului \u015fi este caracterizat\u0103 prin deficien\u021be de respira\u021bie sau absen\u021ba complet\u0103 atunci c\u00e2nd este p\u0103strat\u0103 activitatea cardiac\u0103. Apare ca o consecin\u021b\u0103 a tulbur\u0103rii de schimb de gaze. Aceast\u0103 patologie este diagnosticat\u0103 la 5-6% a nou-n\u0103scu\u021bilor. Asfixia nou-n\u0103scu\u021bilor: cauzele Afec\u021biunea patologic\u0103 este un sindrom, care [&hellip;]<\/p>\n","protected":false},"author":28,"featured_media":0,"parent":43635,"menu_order":0,"comment_status":"closed","ping_status":"closed","template":"","meta":{"inline_featured_image":false,"footnotes":""},"class_list":["post-51983","page","type-page","status-publish"],"yoast_head":"<!-- This site is optimized with the Yoast SEO plugin v27.3 - https:\/\/yoast.com\/product\/yoast-seo-wordpress\/ -->\n<title>Asfixia nou-n\u0103scutului<\/title>\n<meta name=\"description\" content=\"Asfixia nou-n\u0103scutului e o stare patologic\u0103, care pune \u00een pericol via\u021ba copilului \u015fi este caracterizat\u0103 prin deficien\u021be de respira\u021bie sau absen\u021ba complet\u0103 atunci c\u00e2nd este p\u0103strat\u0103 activitatea cardiac\u0103.\" \/>\n<meta name=\"robots\" content=\"index, follow, max-snippet:-1, max-image-preview:large, max-video-preview:-1\" \/>\n<link rel=\"canonical\" href=\"https:\/\/sanatate.md\/ro\/boli-si-tratament\/bolile-copiilor\/asfixia-nou-nascutului\/\" \/>\n<meta property=\"og:locale\" content=\"ro_RO\" \/>\n<meta property=\"og:type\" content=\"article\" \/>\n<meta property=\"og:title\" content=\"Asfixia nou-n\u0103scutului\" \/>\n<meta property=\"og:description\" content=\"Asfixia nou-n\u0103scutului e o stare patologic\u0103, care pune \u00een pericol via\u021ba copilului \u015fi este caracterizat\u0103 prin deficien\u021be de respira\u021bie sau absen\u021ba complet\u0103 atunci c\u00e2nd este p\u0103strat\u0103 activitatea cardiac\u0103.\" \/>\n<meta property=\"og:url\" content=\"https:\/\/sanatate.md\/ro\/boli-si-tratament\/bolile-copiilor\/asfixia-nou-nascutului\/\" \/>\n<meta property=\"og:site_name\" content=\"Sanatate.md\" \/>\n<meta name=\"twitter:card\" content=\"summary_large_image\" \/>\n<meta name=\"twitter:label1\" content=\"Timp estimat pentru citire\" \/>\n\t<meta name=\"twitter:data1\" content=\"5 minute\" \/>\n<script type=\"application\/ld+json\" class=\"yoast-schema-graph\">{\"@context\":\"https:\\\/\\\/schema.org\",\"@graph\":[{\"@type\":\"WebPage\",\"@id\":\"https:\\\/\\\/sanatate.md\\\/ro\\\/boli-si-tratament\\\/bolile-copiilor\\\/asfixia-nou-nascutului\\\/\",\"url\":\"https:\\\/\\\/sanatate.md\\\/ro\\\/boli-si-tratament\\\/bolile-copiilor\\\/asfixia-nou-nascutului\\\/\",\"name\":\"Asfixia nou-n\u0103scutului\",\"isPartOf\":{\"@id\":\"https:\\\/\\\/sanatate.md\\\/ro\\\/#website\"},\"datePublished\":\"2018-02-04T11:38:18+00:00\",\"description\":\"Asfixia nou-n\u0103scutului e o stare patologic\u0103, care pune \u00een pericol via\u021ba copilului \u015fi este caracterizat\u0103 prin deficien\u021be de respira\u021bie sau absen\u021ba complet\u0103 atunci c\u00e2nd este p\u0103strat\u0103 activitatea cardiac\u0103.\",\"breadcrumb\":{\"@id\":\"https:\\\/\\\/sanatate.md\\\/ro\\\/boli-si-tratament\\\/bolile-copiilor\\\/asfixia-nou-nascutului\\\/#breadcrumb\"},\"inLanguage\":\"ro-RO\",\"potentialAction\":[{\"@type\":\"ReadAction\",\"target\":[\"https:\\\/\\\/sanatate.md\\\/ro\\\/boli-si-tratament\\\/bolile-copiilor\\\/asfixia-nou-nascutului\\\/\"]}]},{\"@type\":\"BreadcrumbList\",\"@id\":\"https:\\\/\\\/sanatate.md\\\/ro\\\/boli-si-tratament\\\/bolile-copiilor\\\/asfixia-nou-nascutului\\\/#breadcrumb\",\"itemListElement\":[{\"@type\":\"ListItem\",\"position\":1,\"name\":\"\u0413\u043b\u0430\u0432\u043d\u0430\u044f \u0441\u0442\u0440\u0430\u043d\u0438\u0446\u0430\",\"item\":\"https:\\\/\\\/sanatate.md\\\/ro\\\/\"},{\"@type\":\"ListItem\",\"position\":2,\"name\":\"Boli si tratament\",\"item\":\"https:\\\/\\\/sanatate.md\\\/ro\\\/boli-si-tratament\\\/\"},{\"@type\":\"ListItem\",\"position\":3,\"name\":\"Bolile copiilor\",\"item\":\"https:\\\/\\\/sanatate.md\\\/ro\\\/boli-si-tratament\\\/bolile-copiilor\\\/\"},{\"@type\":\"ListItem\",\"position\":4,\"name\":\"Asfixia nou-n\u0103scutului\"}]},{\"@type\":\"WebSite\",\"@id\":\"https:\\\/\\\/sanatate.md\\\/ro\\\/#website\",\"url\":\"https:\\\/\\\/sanatate.md\\\/ro\\\/\",\"name\":\"Sanatate.md\",\"description\":\"\u0416\u0443\u0440\u043d\u0430\u043b \u0434\u043b\u044f \u0432\u0441\u0435\u0439 \u0441\u0435\u043c\u044c\u0438 \u0432 \u041c\u043e\u043b\u0434\u043e\u0432\u0435\",\"publisher\":{\"@id\":\"https:\\\/\\\/sanatate.md\\\/ro\\\/#organization\"},\"potentialAction\":[{\"@type\":\"SearchAction\",\"target\":{\"@type\":\"EntryPoint\",\"urlTemplate\":\"https:\\\/\\\/sanatate.md\\\/ro\\\/?s={search_term_string}\"},\"query-input\":{\"@type\":\"PropertyValueSpecification\",\"valueRequired\":true,\"valueName\":\"search_term_string\"}}],\"inLanguage\":\"ro-RO\"},{\"@type\":\"Organization\",\"@id\":\"https:\\\/\\\/sanatate.md\\\/ro\\\/#organization\",\"name\":\"SANATATE\",\"url\":\"https:\\\/\\\/sanatate.md\\\/ro\\\/\",\"logo\":{\"@type\":\"ImageObject\",\"inLanguage\":\"ro-RO\",\"@id\":\"https:\\\/\\\/sanatate.md\\\/ro\\\/#\\\/schema\\\/logo\\\/image\\\/\",\"url\":\"https:\\\/\\\/sanatate.md\\\/wp-content\\\/uploads\\\/2022\\\/01\\\/sanatate-logo.svg\",\"contentUrl\":\"https:\\\/\\\/sanatate.md\\\/wp-content\\\/uploads\\\/2022\\\/01\\\/sanatate-logo.svg\",\"width\":\"1024\",\"height\":\"1024\",\"caption\":\"SANATATE\"},\"image\":{\"@id\":\"https:\\\/\\\/sanatate.md\\\/ro\\\/#\\\/schema\\\/logo\\\/image\\\/\"}}]}<\/script>\n<!-- \/ Yoast SEO plugin. -->","yoast_head_json":{"title":"Asfixia nou-n\u0103scutului","description":"Asfixia nou-n\u0103scutului e o stare patologic\u0103, care pune \u00een pericol via\u021ba copilului \u015fi este caracterizat\u0103 prin deficien\u021be de respira\u021bie sau absen\u021ba complet\u0103 atunci c\u00e2nd este p\u0103strat\u0103 activitatea cardiac\u0103.","robots":{"index":"index","follow":"follow","max-snippet":"max-snippet:-1","max-image-preview":"max-image-preview:large","max-video-preview":"max-video-preview:-1"},"canonical":"https:\/\/sanatate.md\/ro\/boli-si-tratament\/bolile-copiilor\/asfixia-nou-nascutului\/","og_locale":"ro_RO","og_type":"article","og_title":"Asfixia nou-n\u0103scutului","og_description":"Asfixia nou-n\u0103scutului e o stare patologic\u0103, care pune \u00een pericol via\u021ba copilului \u015fi este caracterizat\u0103 prin deficien\u021be de respira\u021bie sau absen\u021ba complet\u0103 atunci c\u00e2nd este p\u0103strat\u0103 activitatea cardiac\u0103.","og_url":"https:\/\/sanatate.md\/ro\/boli-si-tratament\/bolile-copiilor\/asfixia-nou-nascutului\/","og_site_name":"Sanatate.md","twitter_card":"summary_large_image","twitter_misc":{"Timp estimat pentru citire":"5 minute"},"schema":{"@context":"https:\/\/schema.org","@graph":[{"@type":"WebPage","@id":"https:\/\/sanatate.md\/ro\/boli-si-tratament\/bolile-copiilor\/asfixia-nou-nascutului\/","url":"https:\/\/sanatate.md\/ro\/boli-si-tratament\/bolile-copiilor\/asfixia-nou-nascutului\/","name":"Asfixia nou-n\u0103scutului","isPartOf":{"@id":"https:\/\/sanatate.md\/ro\/#website"},"datePublished":"2018-02-04T11:38:18+00:00","description":"Asfixia nou-n\u0103scutului e o stare patologic\u0103, care pune \u00een pericol via\u021ba copilului \u015fi este caracterizat\u0103 prin deficien\u021be de respira\u021bie sau absen\u021ba complet\u0103 atunci c\u00e2nd este p\u0103strat\u0103 activitatea cardiac\u0103.","breadcrumb":{"@id":"https:\/\/sanatate.md\/ro\/boli-si-tratament\/bolile-copiilor\/asfixia-nou-nascutului\/#breadcrumb"},"inLanguage":"ro-RO","potentialAction":[{"@type":"ReadAction","target":["https:\/\/sanatate.md\/ro\/boli-si-tratament\/bolile-copiilor\/asfixia-nou-nascutului\/"]}]},{"@type":"BreadcrumbList","@id":"https:\/\/sanatate.md\/ro\/boli-si-tratament\/bolile-copiilor\/asfixia-nou-nascutului\/#breadcrumb","itemListElement":[{"@type":"ListItem","position":1,"name":"\u0413\u043b\u0430\u0432\u043d\u0430\u044f \u0441\u0442\u0440\u0430\u043d\u0438\u0446\u0430","item":"https:\/\/sanatate.md\/ro\/"},{"@type":"ListItem","position":2,"name":"Boli si tratament","item":"https:\/\/sanatate.md\/ro\/boli-si-tratament\/"},{"@type":"ListItem","position":3,"name":"Bolile copiilor","item":"https:\/\/sanatate.md\/ro\/boli-si-tratament\/bolile-copiilor\/"},{"@type":"ListItem","position":4,"name":"Asfixia nou-n\u0103scutului"}]},{"@type":"WebSite","@id":"https:\/\/sanatate.md\/ro\/#website","url":"https:\/\/sanatate.md\/ro\/","name":"Sanatate.md","description":"\u0416\u0443\u0440\u043d\u0430\u043b \u0434\u043b\u044f \u0432\u0441\u0435\u0439 \u0441\u0435\u043c\u044c\u0438 \u0432 \u041c\u043e\u043b\u0434\u043e\u0432\u0435","publisher":{"@id":"https:\/\/sanatate.md\/ro\/#organization"},"potentialAction":[{"@type":"SearchAction","target":{"@type":"EntryPoint","urlTemplate":"https:\/\/sanatate.md\/ro\/?s={search_term_string}"},"query-input":{"@type":"PropertyValueSpecification","valueRequired":true,"valueName":"search_term_string"}}],"inLanguage":"ro-RO"},{"@type":"Organization","@id":"https:\/\/sanatate.md\/ro\/#organization","name":"SANATATE","url":"https:\/\/sanatate.md\/ro\/","logo":{"@type":"ImageObject","inLanguage":"ro-RO","@id":"https:\/\/sanatate.md\/ro\/#\/schema\/logo\/image\/","url":"https:\/\/sanatate.md\/wp-content\/uploads\/2022\/01\/sanatate-logo.svg","contentUrl":"https:\/\/sanatate.md\/wp-content\/uploads\/2022\/01\/sanatate-logo.svg","width":"1024","height":"1024","caption":"SANATATE"},"image":{"@id":"https:\/\/sanatate.md\/ro\/#\/schema\/logo\/image\/"}}]}},"_links":{"self":[{"href":"https:\/\/sanatate.md\/ro\/wp-json\/wp\/v2\/pages\/51983","targetHints":{"allow":["GET"]}}],"collection":[{"href":"https:\/\/sanatate.md\/ro\/wp-json\/wp\/v2\/pages"}],"about":[{"href":"https:\/\/sanatate.md\/ro\/wp-json\/wp\/v2\/types\/page"}],"author":[{"embeddable":true,"href":"https:\/\/sanatate.md\/ro\/wp-json\/wp\/v2\/users\/28"}],"replies":[{"embeddable":true,"href":"https:\/\/sanatate.md\/ro\/wp-json\/wp\/v2\/comments?post=51983"}],"version-history":[{"count":0,"href":"https:\/\/sanatate.md\/ro\/wp-json\/wp\/v2\/pages\/51983\/revisions"}],"up":[{"embeddable":true,"href":"https:\/\/sanatate.md\/ro\/wp-json\/wp\/v2\/pages\/43635"}],"wp:attachment":[{"href":"https:\/\/sanatate.md\/ro\/wp-json\/wp\/v2\/media?parent=51983"}],"curies":[{"name":"wp","href":"https:\/\/api.w.org\/{rel}","templated":true}]}}