{"id":51986,"date":"2018-02-04T14:47:34","date_gmt":"2018-02-04T11:47:34","guid":{"rendered":"https:\/\/sanatate.md\/?page_id=51986"},"modified":"2018-02-04T14:47:34","modified_gmt":"2018-02-04T11:47:34","slug":"ateroscleroza-arterelor-renale","status":"publish","type":"page","link":"https:\/\/sanatate.md\/ro\/boli-si-tratament\/bolile-chirurgicale\/ateroscleroza-arterelor-renale\/","title":{"rendered":"Ateroscleroza arterelor renale"},"content":{"rendered":"<p>Ateroscleroza arterelor renale conduce la ischemie renal\u0103 persistent\u0103 \u0219i la o presiune arterial\u0103 ridicat\u0103 stabil\u0103, care este dificil de normalizat prin medicamente antihipertensive.<\/p>\n<h3>Cauzele bolii<\/h3>\n<p>Exist\u0103 dou\u0103 motive pentru apari\u021bia bolii:<\/p>\n<ul>\n<li>predispozi\u021bie genetic\u0103;<\/li>\n<li>consecin\u021bele ecologice ale habitatului poluat.<\/li>\n<\/ul>\n<h3>Simptomele<\/h3>\n<p>Boala este teribil\u0103 deoarece, \u00een unele cazuri, poate s\u0103 apar\u0103 f\u0103r\u0103 simptome vizibile. Dar \u00een cele mai multe cazuri, \u00eengustarea arterelor renale datorat\u0103 form\u0103rii pl\u0103cilor ateroscleroze \u00een ele, este exprimat\u0103 prin hipertensiune arterial\u0103 secundar\u0103.<\/p>\n<p>C\u00e2nd boala afecteaz\u0103 o arter\u0103 renal\u0103 &#8211; aceasta conduce la o dezvoltare lent\u0103 a bolii \u0219i la cre\u0219terea tensiunii arteriale. Dac\u0103 ateroscleroza afecteaz\u0103 simultan dou\u0103 vase de s\u00e2nge, boala se dezvolt\u0103 la fel de rapid ca hipertensiunea malign\u0103, cu o deteriorare semnificativ\u0103 a st\u0103rii de s\u0103n\u0103tate a pacientului.<\/p>\n<h3>Diagnosticul<\/h3>\n<p>Diagnosticul bolii poate fi stabilit prin ascultarea zgomotului sistolic deasupra locului \u00eengust\u0103rii vasului de s\u00e2nge. Analiza de urin\u0103 arat\u0103 sc\u0103derea proteinuriei, \u00een sedimentele sale &#8211; celule ro\u0219ii singulare de eritrocite \u015fi proteine serice coagulate.<\/p>\n<h3>Tratamentul<\/h3>\n<p>Interven\u021bia chirurgical\u0103 este o metod\u0103 unic\u0103 \u00een lupta \u00eempotriva bolii, \u00een caz de contraindica\u0163ii, pacientului \u00eei este prescris\u0103 terapia antihipertensiv\u0103.<\/p>\n","protected":false},"excerpt":{"rendered":"<p>Ateroscleroza arterelor renale conduce la ischemie renal\u0103 persistent\u0103 \u0219i la o presiune arterial\u0103 ridicat\u0103 stabil\u0103, care este dificil de normalizat prin medicamente antihipertensive. Cauzele bolii Exist\u0103 dou\u0103 motive pentru apari\u021bia bolii: predispozi\u021bie genetic\u0103; consecin\u021bele ecologice ale habitatului poluat. Simptomele Boala este teribil\u0103 deoarece, \u00een unele cazuri, poate s\u0103 apar\u0103 f\u0103r\u0103 simptome vizibile. Dar \u00een cele [&hellip;]<\/p>\n","protected":false},"author":28,"featured_media":0,"parent":53032,"menu_order":0,"comment_status":"closed","ping_status":"closed","template":"","meta":{"inline_featured_image":false,"footnotes":""},"class_list":["post-51986","page","type-page","status-publish"],"yoast_head":"<!-- This site is optimized with the Yoast SEO plugin v27.3 - https:\/\/yoast.com\/product\/yoast-seo-wordpress\/ -->\n<title>Ateroscleroza arterelor renale<\/title>\n<meta name=\"description\" content=\"Ateroscleroza arterelor renale conduce la ischemie renal\u0103 persistent\u0103 \u0219i la o presiune arterial\u0103 ridicat\u0103 stabil\u0103, care este dificil de normalizat prin medicamente antihipertensive.\" \/>\n<meta name=\"robots\" content=\"index, follow, max-snippet:-1, max-image-preview:large, max-video-preview:-1\" \/>\n<link rel=\"canonical\" href=\"https:\/\/sanatate.md\/ro\/boli-si-tratament\/bolile-chirurgicale\/ateroscleroza-arterelor-renale\/\" \/>\n<meta property=\"og:locale\" content=\"ro_RO\" \/>\n<meta property=\"og:type\" content=\"article\" \/>\n<meta property=\"og:title\" content=\"Ateroscleroza arterelor renale\" \/>\n<meta property=\"og:description\" content=\"Ateroscleroza arterelor renale conduce la ischemie renal\u0103 persistent\u0103 \u0219i la o presiune arterial\u0103 ridicat\u0103 stabil\u0103, care este dificil de normalizat prin medicamente antihipertensive.\" \/>\n<meta property=\"og:url\" content=\"https:\/\/sanatate.md\/ro\/boli-si-tratament\/bolile-chirurgicale\/ateroscleroza-arterelor-renale\/\" \/>\n<meta property=\"og:site_name\" content=\"Sanatate.md\" \/>\n<meta name=\"twitter:card\" content=\"summary_large_image\" \/>\n<meta name=\"twitter:label1\" content=\"Timp estimat pentru citire\" \/>\n\t<meta name=\"twitter:data1\" content=\"1 minut\" \/>\n<script type=\"application\/ld+json\" class=\"yoast-schema-graph\">{\"@context\":\"https:\\\/\\\/schema.org\",\"@graph\":[{\"@type\":\"WebPage\",\"@id\":\"https:\\\/\\\/sanatate.md\\\/ro\\\/boli-si-tratament\\\/bolile-chirurgicale\\\/ateroscleroza-arterelor-renale\\\/\",\"url\":\"https:\\\/\\\/sanatate.md\\\/ro\\\/boli-si-tratament\\\/bolile-chirurgicale\\\/ateroscleroza-arterelor-renale\\\/\",\"name\":\"Ateroscleroza arterelor renale\",\"isPartOf\":{\"@id\":\"https:\\\/\\\/sanatate.md\\\/ro\\\/#website\"},\"datePublished\":\"2018-02-04T11:47:34+00:00\",\"description\":\"Ateroscleroza arterelor renale conduce la ischemie renal\u0103 persistent\u0103 \u0219i la o presiune arterial\u0103 ridicat\u0103 stabil\u0103, care este dificil de normalizat prin medicamente antihipertensive.\",\"breadcrumb\":{\"@id\":\"https:\\\/\\\/sanatate.md\\\/ro\\\/boli-si-tratament\\\/bolile-chirurgicale\\\/ateroscleroza-arterelor-renale\\\/#breadcrumb\"},\"inLanguage\":\"ro-RO\",\"potentialAction\":[{\"@type\":\"ReadAction\",\"target\":[\"https:\\\/\\\/sanatate.md\\\/ro\\\/boli-si-tratament\\\/bolile-chirurgicale\\\/ateroscleroza-arterelor-renale\\\/\"]}]},{\"@type\":\"BreadcrumbList\",\"@id\":\"https:\\\/\\\/sanatate.md\\\/ro\\\/boli-si-tratament\\\/bolile-chirurgicale\\\/ateroscleroza-arterelor-renale\\\/#breadcrumb\",\"itemListElement\":[{\"@type\":\"ListItem\",\"position\":1,\"name\":\"\u0413\u043b\u0430\u0432\u043d\u0430\u044f \u0441\u0442\u0440\u0430\u043d\u0438\u0446\u0430\",\"item\":\"https:\\\/\\\/sanatate.md\\\/ro\\\/\"},{\"@type\":\"ListItem\",\"position\":2,\"name\":\"Boli si tratament\",\"item\":\"https:\\\/\\\/sanatate.md\\\/ro\\\/boli-si-tratament\\\/\"},{\"@type\":\"ListItem\",\"position\":3,\"name\":\"Bolile chirurgicale\",\"item\":\"https:\\\/\\\/sanatate.md\\\/ro\\\/boli-si-tratament\\\/bolile-chirurgicale\\\/\"},{\"@type\":\"ListItem\",\"position\":4,\"name\":\"Ateroscleroza arterelor renale\"}]},{\"@type\":\"WebSite\",\"@id\":\"https:\\\/\\\/sanatate.md\\\/ro\\\/#website\",\"url\":\"https:\\\/\\\/sanatate.md\\\/ro\\\/\",\"name\":\"Sanatate.md\",\"description\":\"\u0416\u0443\u0440\u043d\u0430\u043b \u0434\u043b\u044f \u0432\u0441\u0435\u0439 \u0441\u0435\u043c\u044c\u0438 \u0432 \u041c\u043e\u043b\u0434\u043e\u0432\u0435\",\"publisher\":{\"@id\":\"https:\\\/\\\/sanatate.md\\\/ro\\\/#organization\"},\"potentialAction\":[{\"@type\":\"SearchAction\",\"target\":{\"@type\":\"EntryPoint\",\"urlTemplate\":\"https:\\\/\\\/sanatate.md\\\/ro\\\/?s={search_term_string}\"},\"query-input\":{\"@type\":\"PropertyValueSpecification\",\"valueRequired\":true,\"valueName\":\"search_term_string\"}}],\"inLanguage\":\"ro-RO\"},{\"@type\":\"Organization\",\"@id\":\"https:\\\/\\\/sanatate.md\\\/ro\\\/#organization\",\"name\":\"SANATATE\",\"url\":\"https:\\\/\\\/sanatate.md\\\/ro\\\/\",\"logo\":{\"@type\":\"ImageObject\",\"inLanguage\":\"ro-RO\",\"@id\":\"https:\\\/\\\/sanatate.md\\\/ro\\\/#\\\/schema\\\/logo\\\/image\\\/\",\"url\":\"https:\\\/\\\/sanatate.md\\\/wp-content\\\/uploads\\\/2022\\\/01\\\/sanatate-logo.svg\",\"contentUrl\":\"https:\\\/\\\/sanatate.md\\\/wp-content\\\/uploads\\\/2022\\\/01\\\/sanatate-logo.svg\",\"width\":\"1024\",\"height\":\"1024\",\"caption\":\"SANATATE\"},\"image\":{\"@id\":\"https:\\\/\\\/sanatate.md\\\/ro\\\/#\\\/schema\\\/logo\\\/image\\\/\"}}]}<\/script>\n<!-- \/ Yoast SEO plugin. -->","yoast_head_json":{"title":"Ateroscleroza arterelor renale","description":"Ateroscleroza arterelor renale conduce la ischemie renal\u0103 persistent\u0103 \u0219i la o presiune arterial\u0103 ridicat\u0103 stabil\u0103, care este dificil de normalizat prin medicamente antihipertensive.","robots":{"index":"index","follow":"follow","max-snippet":"max-snippet:-1","max-image-preview":"max-image-preview:large","max-video-preview":"max-video-preview:-1"},"canonical":"https:\/\/sanatate.md\/ro\/boli-si-tratament\/bolile-chirurgicale\/ateroscleroza-arterelor-renale\/","og_locale":"ro_RO","og_type":"article","og_title":"Ateroscleroza arterelor renale","og_description":"Ateroscleroza arterelor renale conduce la ischemie renal\u0103 persistent\u0103 \u0219i la o presiune arterial\u0103 ridicat\u0103 stabil\u0103, care este dificil de normalizat prin medicamente antihipertensive.","og_url":"https:\/\/sanatate.md\/ro\/boli-si-tratament\/bolile-chirurgicale\/ateroscleroza-arterelor-renale\/","og_site_name":"Sanatate.md","twitter_card":"summary_large_image","twitter_misc":{"Timp estimat pentru citire":"1 minut"},"schema":{"@context":"https:\/\/schema.org","@graph":[{"@type":"WebPage","@id":"https:\/\/sanatate.md\/ro\/boli-si-tratament\/bolile-chirurgicale\/ateroscleroza-arterelor-renale\/","url":"https:\/\/sanatate.md\/ro\/boli-si-tratament\/bolile-chirurgicale\/ateroscleroza-arterelor-renale\/","name":"Ateroscleroza arterelor renale","isPartOf":{"@id":"https:\/\/sanatate.md\/ro\/#website"},"datePublished":"2018-02-04T11:47:34+00:00","description":"Ateroscleroza arterelor renale conduce la ischemie renal\u0103 persistent\u0103 \u0219i la o presiune arterial\u0103 ridicat\u0103 stabil\u0103, care este dificil de normalizat prin medicamente antihipertensive.","breadcrumb":{"@id":"https:\/\/sanatate.md\/ro\/boli-si-tratament\/bolile-chirurgicale\/ateroscleroza-arterelor-renale\/#breadcrumb"},"inLanguage":"ro-RO","potentialAction":[{"@type":"ReadAction","target":["https:\/\/sanatate.md\/ro\/boli-si-tratament\/bolile-chirurgicale\/ateroscleroza-arterelor-renale\/"]}]},{"@type":"BreadcrumbList","@id":"https:\/\/sanatate.md\/ro\/boli-si-tratament\/bolile-chirurgicale\/ateroscleroza-arterelor-renale\/#breadcrumb","itemListElement":[{"@type":"ListItem","position":1,"name":"\u0413\u043b\u0430\u0432\u043d\u0430\u044f \u0441\u0442\u0440\u0430\u043d\u0438\u0446\u0430","item":"https:\/\/sanatate.md\/ro\/"},{"@type":"ListItem","position":2,"name":"Boli si tratament","item":"https:\/\/sanatate.md\/ro\/boli-si-tratament\/"},{"@type":"ListItem","position":3,"name":"Bolile chirurgicale","item":"https:\/\/sanatate.md\/ro\/boli-si-tratament\/bolile-chirurgicale\/"},{"@type":"ListItem","position":4,"name":"Ateroscleroza arterelor renale"}]},{"@type":"WebSite","@id":"https:\/\/sanatate.md\/ro\/#website","url":"https:\/\/sanatate.md\/ro\/","name":"Sanatate.md","description":"\u0416\u0443\u0440\u043d\u0430\u043b \u0434\u043b\u044f \u0432\u0441\u0435\u0439 \u0441\u0435\u043c\u044c\u0438 \u0432 \u041c\u043e\u043b\u0434\u043e\u0432\u0435","publisher":{"@id":"https:\/\/sanatate.md\/ro\/#organization"},"potentialAction":[{"@type":"SearchAction","target":{"@type":"EntryPoint","urlTemplate":"https:\/\/sanatate.md\/ro\/?s={search_term_string}"},"query-input":{"@type":"PropertyValueSpecification","valueRequired":true,"valueName":"search_term_string"}}],"inLanguage":"ro-RO"},{"@type":"Organization","@id":"https:\/\/sanatate.md\/ro\/#organization","name":"SANATATE","url":"https:\/\/sanatate.md\/ro\/","logo":{"@type":"ImageObject","inLanguage":"ro-RO","@id":"https:\/\/sanatate.md\/ro\/#\/schema\/logo\/image\/","url":"https:\/\/sanatate.md\/wp-content\/uploads\/2022\/01\/sanatate-logo.svg","contentUrl":"https:\/\/sanatate.md\/wp-content\/uploads\/2022\/01\/sanatate-logo.svg","width":"1024","height":"1024","caption":"SANATATE"},"image":{"@id":"https:\/\/sanatate.md\/ro\/#\/schema\/logo\/image\/"}}]}},"_links":{"self":[{"href":"https:\/\/sanatate.md\/ro\/wp-json\/wp\/v2\/pages\/51986","targetHints":{"allow":["GET"]}}],"collection":[{"href":"https:\/\/sanatate.md\/ro\/wp-json\/wp\/v2\/pages"}],"about":[{"href":"https:\/\/sanatate.md\/ro\/wp-json\/wp\/v2\/types\/page"}],"author":[{"embeddable":true,"href":"https:\/\/sanatate.md\/ro\/wp-json\/wp\/v2\/users\/28"}],"replies":[{"embeddable":true,"href":"https:\/\/sanatate.md\/ro\/wp-json\/wp\/v2\/comments?post=51986"}],"version-history":[{"count":0,"href":"https:\/\/sanatate.md\/ro\/wp-json\/wp\/v2\/pages\/51986\/revisions"}],"up":[{"embeddable":true,"href":"https:\/\/sanatate.md\/ro\/wp-json\/wp\/v2\/pages\/53032"}],"wp:attachment":[{"href":"https:\/\/sanatate.md\/ro\/wp-json\/wp\/v2\/media?parent=51986"}],"curies":[{"name":"wp","href":"https:\/\/api.w.org\/{rel}","templated":true}]}}