{"id":51989,"date":"2018-02-04T14:55:42","date_gmt":"2018-02-04T11:55:42","guid":{"rendered":"https:\/\/sanatate.md\/?page_id=51989"},"modified":"2018-02-04T14:55:42","modified_gmt":"2018-02-04T11:55:42","slug":"ateroscleroza-arterelor-mezenterice","status":"publish","type":"page","link":"https:\/\/sanatate.md\/ro\/boli-si-tratament\/boli-ale-tractului-gastro-intestinal\/ateroscleroza-arterelor-mezenterice\/","title":{"rendered":"Ateroscleroza arterelor mezenterice"},"content":{"rendered":"<p>Vasele mezenterice sunt vase, care se extind din aorta abdominal\u0103 \u015fi furnizeaz\u0103 s\u00e2nge \u00eentregului intestin.<br \/>\nAteroscleroza e o leziune a vaselor de s\u00e2nge cu diametrul mare \u0219i mijlociu \u015fi este o boal\u0103 sistemic\u0103. O tr\u0103s\u0103tur\u0103 caracteristic\u0103 a bolii este acumularea \u0219i depunerea de lipide sub form\u0103 de pl\u0103ci de colesterol \u00een peretele vascular, ceea ce duce la disfunc\u021bia \u00eenveli\u0219ului interior al peretelui vascular. Acesta este un proces complex la nivelul schimbului de gr\u0103simi, care duce la probleme locale \u0219i generale cu hemodinamic\u0103 \u0219i aprovizionarea cu s\u00e2nge a diferitor p\u0103r\u021bi ale corpului.<\/p>\n<p>\u00cen func\u021bie de locul localiz\u0103rii procesului, se disting urm\u0103toarele sinusuri ale leziunilor vasculare:<\/p>\n<ul>\n<li>Ateroscleroza vaselor cerebrale.<\/li>\n<li>Ateroscleroza vaselor coronare (cardiace).<\/li>\n<li>Ateroscleroza vaselor renale.<\/li>\n<li>Ateroscleroza diferitelor p\u0103r\u021bi ale aortei.<\/li>\n<li>Ateroscleroza arterelor intestinale.<\/li>\n<li>Ateroscleroza arterelor inferioare.<\/li>\n<\/ul>\n<h3>Mecanismul de dezvoltare a procesului<\/h3>\n<p>Dezvoltarea patologii este cauzat\u0103 de o \u00eenc\u0103lcare a metabolismului lipidic, gras \u0219i proteic. Au fost efectuate studii, \u00een care s-a ar\u0103tat, c\u0103 \u00eentregul proces de formare a pl\u0103cii ateroscleroze trece prin mai multe etape:<\/p>\n<ul>\n<li>\u00cenceputul procesului (etapa 1) este formarea unui punct de gr\u0103sime. Acest lucru se datoreaz\u0103 traumatiz\u0103rii minore a peretelui vasului. Cel mai adesea se \u00eent\u00e2mpl\u0103 \u00een locul ramific\u0103rii vaselor de s\u00e2nge. \u00cenc\u0103lcarea integrit\u0103\u021bii vasului, mecanismele de protec\u021bie tind s\u0103 consolideze peretele. Cel mai des \u00eencep s\u0103 se formeze compu\u0219i. Se acumuleaz\u0103 o cantitate imens\u0103, ceea ce duce la depozitarea lor. \u00cencepe s\u0103 se formeze o pat\u0103. Acest proces poate fi foarte lung sau scurt. Aceste pete sunt vizibile numai sub microscop.<\/li>\n<li>A doua etap\u0103 a procesului este etapa de formare a pl\u0103cii. \u00cen aceste depozite \u021besutul conjunctiv \u00eencepe s\u0103 creasc\u0103. \u00cempreun\u0103 cu lipidele, creeaz\u0103 o plac\u0103. \u00cen acest stadiu, e capabil\u0103 s\u0103 se dizolve. Cu toate acestea, pericolul const\u0103 \u00een faptul, c\u0103 fragmentele pot bloca vasele mai mici, ceea ce duce la o \u00eenc\u0103lcare a fluxului sangvin.<\/li>\n<li>Etapa de calcinare (etapa 3) &#8212; se depoziteaz\u0103 s\u0103ruri de calciu pe placa format\u0103. Aceasta determin\u0103 \u00eent\u0103rirea, cre\u0219terea, ceea ce duce la \u00eenfundarea vasului. Acest proces poate provoca ulcera\u021bii ale vasului \u0219i trombe, ceea ce duce la ocluzia (blocaj) lumenului vasului. Consecin\u021ba poate fi un infarct miocardic sau accident vascular cerebral.<\/li>\n<\/ul>\n<p>Se crede c\u0103 orice agent infec\u021bios joac\u0103 un rol \u00een dezvoltarea aterosclerozei.<\/p>\n<p>Factorii de risc, care pot accelera dezvoltarea procesului:<\/p>\n<ul>\n<li>v\u00e2rst\u0103 &#8211; peste 50 de ani;<\/li>\n<li>sex masculin &#8211; b\u0103rba\u021bii dezvolt\u0103 ateroscleroz\u0103 cu 10 ani mai devreme dec\u00e2t femeile;<\/li>\n<li>fumatul;<\/li>\n<li>nutri\u021bie neechilibrat\u0103 \u0219i ira\u021bional\u0103;<\/li>\n<li>stil de via\u021b\u0103 sedentar;<\/li>\n<li>obezitate;<\/li>\n<li>diabet zaharat;<\/li>\n<li>hipertensiune.<\/li>\n<\/ul>\n<p>Ateroscleroza arterelor mezenterice e un blocaj al vaselor de s\u00e2nge, care alimenteaz\u0103 intestinele. Acest lucru duce la apari\u021bia necrozei peretelui intestinal &#8211; dureri abdominale, care apar dup\u0103 consumul de alimente \u0219i sunt \u00eenso\u021bite de umfl\u0103turi \u0219i vome.<\/p>\n<h3>Motivele<\/h3>\n<p>Cauza principal\u0103 a acestei patologii este prezen\u021ba pl\u0103cii ateroscleroze, care cauzeaz\u0103 spasmul vaselor de s\u00e2nge mezenterice, ceea ce duce la \u00eengustarea lumenul intestinului \u015fi afectarea aliment\u0103rii cu s\u00e2nge. \u00cengustarea arterelor mezenterice \u0219i subliniaz\u0103 dezvoltarea simptomelor generale ale bolii.<\/p>\n<p>Alte cauze de ateroscleroz\u0103:<\/p>\n<ul>\n<li>exfolierea anevrismului p\u0103r\u021bii abdominale a aortei;<\/li>\n<li>procesele inflamatorii ale peretelui intern al vaselor intestinului;<\/li>\n<li>anomalii ale dezvolt\u0103rii vasculare;<\/li>\n<li>frecventele interven\u021bii chirurgicale pe cavitatea abdominal\u0103;<\/li>\n<li>deteriorarea fluxului sangvin, care este asociat cu prezen\u021ba insuficien\u021bei cardiace;<\/li>\n<li>comprimarea vaselor de c\u0103tre neoplasm, ceea ce duce la o \u00eengustare a lumenului lor.<\/li>\n<\/ul>\n<p>Etapele evolu\u021biei bolii:<\/p>\n<ul>\n<li>Etapa 1 &#8211; sc\u0103derea fluxului sangvin sau ischemia. Aceast\u0103 etap\u0103 este supus\u0103 unui tratament conservator. Simptomele sunt slab exprimate.<\/li>\n<li>Etapa 2 &#8211; infarctul intestinal. Simptomatologia este foarte pronun\u021bat\u0103. Por\u0163iuni ale tractului intestinal mor.<\/li>\n<li>Ultima etap\u0103, a 3, este \u00eenso\u021bit\u0103 de peritonit\u0103 (inflama\u021bia cavit\u0103\u021bii abdominale). Exist\u0103 o ruptur\u0103 a intestinului mort, con\u021binutul lui se revars\u0103 \u00een cavitatea abdominal\u0103. Aceast\u0103 condi\u021bie este periculoas\u0103 pentru pacient.<\/li>\n<\/ul>\n<h3>Simptomele<\/h3>\n<p>\u00cen cazul ocluziei lumenului vascular mezenteric, care este precedat de ateroscleroza sau tromboza arterelor mezenterice, sufer\u0103 adesea artera superioar\u0103 intestinal\u0103, care furnizeaz\u0103 s\u00e2nge pentru \u00eentregul intestin. Aceasta duce la gangrena p\u0103r\u021bii intestinului, care necesit\u0103 o interven\u021bie chirurgical\u0103 urgent\u0103.<\/p>\n<p>Principalele manifest\u0103ri clinice sunt &#8211; durerea \u0219i dispepsia, care sunt asociate cu disfunc\u021bia intestinului.\u00a0De asemenea, exist\u0103 zgomot vascular asociat tulbur\u0103rilor de flux sangvin.<br \/>\nAteroscleroza vaselor mezenterice dezvolt\u0103 o clinic\u0103 de durere, care se nume\u0219te &#8220;broasc\u0103 abdominal\u0103&#8221;.\u00a0Acesta este adesea confundat\u0103 cu atacurile anginei sau alte dureri cardiace, deoarece este localizat \u00een epigastric (abdomenul superior).\u00a0 Se caracterizeaz\u0103 prin prezen\u021ba dispepsiei.<\/p>\n<p>De asemenea, durerea apare adesea dup\u0103 mas\u0103, c\u00e2nd intestinele lucreaz\u0103 intens.\u00a0Durata ei este de la 1 la 3 ore, dar poate fi de c\u00e2teva minute. Durerea este acut\u0103, cu spasme.\u00a0Intensitatea ei poate fi at\u00e2t de puternica inc\u00e2t pacientul poate pierde pentru un timp cuno\u015ftin\u0163a.<\/p>\n<p>Nu este legat\u0103 de munca fizic\u0103, de suprasolicitarea nervoas\u0103.\u00a0 Durerea se amelioreaz\u0103 prin administrarea de nitroglicerin\u0103.<\/p>\n<p>Defini\u021bia &#8220;broasc\u0103 abdominal\u0103&#8221; este asociat\u0103 cu faptul, c\u0103 durerea este \u00eenso\u021bit\u0103 de balonare, grea\u021b\u0103 \u0219i vome.<br \/>\nOcluzia vaselor mici duce la dezvoltarea unei forme cronice de ischemie intestinal\u0103.\u00a0Ea e dificil de identificat, deoarece se manifest\u0103 ca o problem\u0103 a digestiei \u0219i a intestinului.<\/p>\n<p>Simptomele sunt:<\/p>\n<ul>\n<li>prezen\u021ba unei dureri ne intense;<\/li>\n<li>digestie dereglat\u0103;<\/li>\n<li>sc\u0103derea greut\u0103\u021bii corporale, deoarece persoana refuz\u0103 hran\u0103.\u00a0Recep\u021bia ei duce la durere.<\/li>\n<\/ul>\n<h3>Diagnosticarea<\/h3>\n<p>Investiga\u0163iile de laborator &#8212; principala form\u0103 de diagnostic.\u00a0Metodele instrumentale permit de a stabili starea vaselor intestinale.<\/p>\n<p>Acestea includ:<\/p>\n<ul>\n<li>UZD \u0219i Doppler &#8211; ele ar\u0103ta \u00eengustarea vaselor.<\/li>\n<li>Aortoarteriografia cu contrast.<\/li>\n<li>Fibrogastroscopia.<\/li>\n<\/ul>\n<p>Metodele de laborator includ analiza coagul\u0103rii s\u00e2ngelui, starea metabolismului lipidic, predispozi\u021bia genetic\u0103 la formarea pl\u0103cilor aterosclerozice.<\/p>\n<h3>Tratamentul<\/h3>\n<p>Metoda conservatoare include o diet\u0103 obligatorie, utilizarea de medicamente speciale. Tratamentul simptomatic este asociat cu digestia \u00eembun\u0103t\u0103\u021bit\u0103 \u0219i func\u021bia intestinului.<br \/>\nSt\u0103rile acute ale organismului sugereaz\u0103, c\u0103 este necesar\u0103 interven\u021bia chirurgical\u0103.<\/p>\n<p>\u00cen func\u021bie de motive, chirurgul alege o metod\u0103, care restabile\u015fte alimentarea cu s\u00e2nge a intestinului.<\/p>\n","protected":false},"excerpt":{"rendered":"<p>Vasele mezenterice sunt vase, care se extind din aorta abdominal\u0103 \u015fi furnizeaz\u0103 s\u00e2nge \u00eentregului intestin. Ateroscleroza e o leziune a vaselor de s\u00e2nge cu diametrul mare \u0219i mijlociu \u015fi este o boal\u0103 sistemic\u0103. O tr\u0103s\u0103tur\u0103 caracteristic\u0103 a bolii este acumularea \u0219i depunerea de lipide sub form\u0103 de pl\u0103ci de colesterol \u00een peretele vascular, ceea ce [&hellip;]<\/p>\n","protected":false},"author":28,"featured_media":0,"parent":52944,"menu_order":0,"comment_status":"closed","ping_status":"closed","template":"","meta":{"inline_featured_image":false,"footnotes":""},"class_list":["post-51989","page","type-page","status-publish"],"yoast_head":"<!-- This site is optimized with the Yoast SEO plugin v27.3 - https:\/\/yoast.com\/product\/yoast-seo-wordpress\/ -->\n<title>Ateroscleroza arterelor mezenterice<\/title>\n<meta name=\"description\" content=\"Vasele mezenterice sunt vase, care se extind din aorta abdominal\u0103 \u015fi furnizeaz\u0103 s\u00e2nge \u00eentregului intestin. Ateroscleroza e o leziune a vaselor de s\u00e2nge cu diametrul mare \u0219i mijlociu \u015fi este o boal\u0103 sistemic\u0103.\" \/>\n<meta name=\"robots\" content=\"index, follow, max-snippet:-1, max-image-preview:large, max-video-preview:-1\" \/>\n<link rel=\"canonical\" href=\"https:\/\/sanatate.md\/ro\/boli-si-tratament\/boli-ale-tractului-gastro-intestinal\/ateroscleroza-arterelor-mezenterice\/\" \/>\n<meta property=\"og:locale\" content=\"ro_RO\" \/>\n<meta property=\"og:type\" content=\"article\" \/>\n<meta property=\"og:title\" content=\"Ateroscleroza arterelor mezenterice\" \/>\n<meta property=\"og:description\" content=\"Vasele mezenterice sunt vase, care se extind din aorta abdominal\u0103 \u015fi furnizeaz\u0103 s\u00e2nge \u00eentregului intestin. Ateroscleroza e o leziune a vaselor de s\u00e2nge cu diametrul mare \u0219i mijlociu \u015fi este o boal\u0103 sistemic\u0103.\" \/>\n<meta property=\"og:url\" content=\"https:\/\/sanatate.md\/ro\/boli-si-tratament\/boli-ale-tractului-gastro-intestinal\/ateroscleroza-arterelor-mezenterice\/\" \/>\n<meta property=\"og:site_name\" content=\"Sanatate.md\" \/>\n<meta name=\"twitter:card\" content=\"summary_large_image\" \/>\n<meta name=\"twitter:label1\" content=\"Timp estimat pentru citire\" \/>\n\t<meta name=\"twitter:data1\" content=\"5 minute\" \/>\n<script type=\"application\/ld+json\" class=\"yoast-schema-graph\">{\"@context\":\"https:\\\/\\\/schema.org\",\"@graph\":[{\"@type\":\"WebPage\",\"@id\":\"https:\\\/\\\/sanatate.md\\\/ro\\\/boli-si-tratament\\\/boli-ale-tractului-gastro-intestinal\\\/ateroscleroza-arterelor-mezenterice\\\/\",\"url\":\"https:\\\/\\\/sanatate.md\\\/ro\\\/boli-si-tratament\\\/boli-ale-tractului-gastro-intestinal\\\/ateroscleroza-arterelor-mezenterice\\\/\",\"name\":\"Ateroscleroza arterelor mezenterice\",\"isPartOf\":{\"@id\":\"https:\\\/\\\/sanatate.md\\\/ro\\\/#website\"},\"datePublished\":\"2018-02-04T11:55:42+00:00\",\"description\":\"Vasele mezenterice sunt vase, care se extind din aorta abdominal\u0103 \u015fi furnizeaz\u0103 s\u00e2nge \u00eentregului intestin. Ateroscleroza e o leziune a vaselor de s\u00e2nge cu diametrul mare \u0219i mijlociu \u015fi este o boal\u0103 sistemic\u0103.\",\"breadcrumb\":{\"@id\":\"https:\\\/\\\/sanatate.md\\\/ro\\\/boli-si-tratament\\\/boli-ale-tractului-gastro-intestinal\\\/ateroscleroza-arterelor-mezenterice\\\/#breadcrumb\"},\"inLanguage\":\"ro-RO\",\"potentialAction\":[{\"@type\":\"ReadAction\",\"target\":[\"https:\\\/\\\/sanatate.md\\\/ro\\\/boli-si-tratament\\\/boli-ale-tractului-gastro-intestinal\\\/ateroscleroza-arterelor-mezenterice\\\/\"]}]},{\"@type\":\"BreadcrumbList\",\"@id\":\"https:\\\/\\\/sanatate.md\\\/ro\\\/boli-si-tratament\\\/boli-ale-tractului-gastro-intestinal\\\/ateroscleroza-arterelor-mezenterice\\\/#breadcrumb\",\"itemListElement\":[{\"@type\":\"ListItem\",\"position\":1,\"name\":\"\u0413\u043b\u0430\u0432\u043d\u0430\u044f \u0441\u0442\u0440\u0430\u043d\u0438\u0446\u0430\",\"item\":\"https:\\\/\\\/sanatate.md\\\/ro\\\/\"},{\"@type\":\"ListItem\",\"position\":2,\"name\":\"Boli si tratament\",\"item\":\"https:\\\/\\\/sanatate.md\\\/ro\\\/boli-si-tratament\\\/\"},{\"@type\":\"ListItem\",\"position\":3,\"name\":\"Boli ale tractului gastro-intestinal\",\"item\":\"https:\\\/\\\/sanatate.md\\\/ro\\\/boli-si-tratament\\\/boli-ale-tractului-gastro-intestinal\\\/\"},{\"@type\":\"ListItem\",\"position\":4,\"name\":\"Ateroscleroza arterelor mezenterice\"}]},{\"@type\":\"WebSite\",\"@id\":\"https:\\\/\\\/sanatate.md\\\/ro\\\/#website\",\"url\":\"https:\\\/\\\/sanatate.md\\\/ro\\\/\",\"name\":\"Sanatate.md\",\"description\":\"\u0416\u0443\u0440\u043d\u0430\u043b \u0434\u043b\u044f \u0432\u0441\u0435\u0439 \u0441\u0435\u043c\u044c\u0438 \u0432 \u041c\u043e\u043b\u0434\u043e\u0432\u0435\",\"publisher\":{\"@id\":\"https:\\\/\\\/sanatate.md\\\/ro\\\/#organization\"},\"potentialAction\":[{\"@type\":\"SearchAction\",\"target\":{\"@type\":\"EntryPoint\",\"urlTemplate\":\"https:\\\/\\\/sanatate.md\\\/ro\\\/?s={search_term_string}\"},\"query-input\":{\"@type\":\"PropertyValueSpecification\",\"valueRequired\":true,\"valueName\":\"search_term_string\"}}],\"inLanguage\":\"ro-RO\"},{\"@type\":\"Organization\",\"@id\":\"https:\\\/\\\/sanatate.md\\\/ro\\\/#organization\",\"name\":\"SANATATE\",\"url\":\"https:\\\/\\\/sanatate.md\\\/ro\\\/\",\"logo\":{\"@type\":\"ImageObject\",\"inLanguage\":\"ro-RO\",\"@id\":\"https:\\\/\\\/sanatate.md\\\/ro\\\/#\\\/schema\\\/logo\\\/image\\\/\",\"url\":\"https:\\\/\\\/sanatate.md\\\/wp-content\\\/uploads\\\/2022\\\/01\\\/sanatate-logo.svg\",\"contentUrl\":\"https:\\\/\\\/sanatate.md\\\/wp-content\\\/uploads\\\/2022\\\/01\\\/sanatate-logo.svg\",\"width\":\"1024\",\"height\":\"1024\",\"caption\":\"SANATATE\"},\"image\":{\"@id\":\"https:\\\/\\\/sanatate.md\\\/ro\\\/#\\\/schema\\\/logo\\\/image\\\/\"}}]}<\/script>\n<!-- \/ Yoast SEO plugin. -->","yoast_head_json":{"title":"Ateroscleroza arterelor mezenterice","description":"Vasele mezenterice sunt vase, care se extind din aorta abdominal\u0103 \u015fi furnizeaz\u0103 s\u00e2nge \u00eentregului intestin. Ateroscleroza e o leziune a vaselor de s\u00e2nge cu diametrul mare \u0219i mijlociu \u015fi este o boal\u0103 sistemic\u0103.","robots":{"index":"index","follow":"follow","max-snippet":"max-snippet:-1","max-image-preview":"max-image-preview:large","max-video-preview":"max-video-preview:-1"},"canonical":"https:\/\/sanatate.md\/ro\/boli-si-tratament\/boli-ale-tractului-gastro-intestinal\/ateroscleroza-arterelor-mezenterice\/","og_locale":"ro_RO","og_type":"article","og_title":"Ateroscleroza arterelor mezenterice","og_description":"Vasele mezenterice sunt vase, care se extind din aorta abdominal\u0103 \u015fi furnizeaz\u0103 s\u00e2nge \u00eentregului intestin. Ateroscleroza e o leziune a vaselor de s\u00e2nge cu diametrul mare \u0219i mijlociu \u015fi este o boal\u0103 sistemic\u0103.","og_url":"https:\/\/sanatate.md\/ro\/boli-si-tratament\/boli-ale-tractului-gastro-intestinal\/ateroscleroza-arterelor-mezenterice\/","og_site_name":"Sanatate.md","twitter_card":"summary_large_image","twitter_misc":{"Timp estimat pentru citire":"5 minute"},"schema":{"@context":"https:\/\/schema.org","@graph":[{"@type":"WebPage","@id":"https:\/\/sanatate.md\/ro\/boli-si-tratament\/boli-ale-tractului-gastro-intestinal\/ateroscleroza-arterelor-mezenterice\/","url":"https:\/\/sanatate.md\/ro\/boli-si-tratament\/boli-ale-tractului-gastro-intestinal\/ateroscleroza-arterelor-mezenterice\/","name":"Ateroscleroza arterelor mezenterice","isPartOf":{"@id":"https:\/\/sanatate.md\/ro\/#website"},"datePublished":"2018-02-04T11:55:42+00:00","description":"Vasele mezenterice sunt vase, care se extind din aorta abdominal\u0103 \u015fi furnizeaz\u0103 s\u00e2nge \u00eentregului intestin. Ateroscleroza e o leziune a vaselor de s\u00e2nge cu diametrul mare \u0219i mijlociu \u015fi este o boal\u0103 sistemic\u0103.","breadcrumb":{"@id":"https:\/\/sanatate.md\/ro\/boli-si-tratament\/boli-ale-tractului-gastro-intestinal\/ateroscleroza-arterelor-mezenterice\/#breadcrumb"},"inLanguage":"ro-RO","potentialAction":[{"@type":"ReadAction","target":["https:\/\/sanatate.md\/ro\/boli-si-tratament\/boli-ale-tractului-gastro-intestinal\/ateroscleroza-arterelor-mezenterice\/"]}]},{"@type":"BreadcrumbList","@id":"https:\/\/sanatate.md\/ro\/boli-si-tratament\/boli-ale-tractului-gastro-intestinal\/ateroscleroza-arterelor-mezenterice\/#breadcrumb","itemListElement":[{"@type":"ListItem","position":1,"name":"\u0413\u043b\u0430\u0432\u043d\u0430\u044f \u0441\u0442\u0440\u0430\u043d\u0438\u0446\u0430","item":"https:\/\/sanatate.md\/ro\/"},{"@type":"ListItem","position":2,"name":"Boli si tratament","item":"https:\/\/sanatate.md\/ro\/boli-si-tratament\/"},{"@type":"ListItem","position":3,"name":"Boli ale tractului gastro-intestinal","item":"https:\/\/sanatate.md\/ro\/boli-si-tratament\/boli-ale-tractului-gastro-intestinal\/"},{"@type":"ListItem","position":4,"name":"Ateroscleroza arterelor mezenterice"}]},{"@type":"WebSite","@id":"https:\/\/sanatate.md\/ro\/#website","url":"https:\/\/sanatate.md\/ro\/","name":"Sanatate.md","description":"\u0416\u0443\u0440\u043d\u0430\u043b \u0434\u043b\u044f \u0432\u0441\u0435\u0439 \u0441\u0435\u043c\u044c\u0438 \u0432 \u041c\u043e\u043b\u0434\u043e\u0432\u0435","publisher":{"@id":"https:\/\/sanatate.md\/ro\/#organization"},"potentialAction":[{"@type":"SearchAction","target":{"@type":"EntryPoint","urlTemplate":"https:\/\/sanatate.md\/ro\/?s={search_term_string}"},"query-input":{"@type":"PropertyValueSpecification","valueRequired":true,"valueName":"search_term_string"}}],"inLanguage":"ro-RO"},{"@type":"Organization","@id":"https:\/\/sanatate.md\/ro\/#organization","name":"SANATATE","url":"https:\/\/sanatate.md\/ro\/","logo":{"@type":"ImageObject","inLanguage":"ro-RO","@id":"https:\/\/sanatate.md\/ro\/#\/schema\/logo\/image\/","url":"https:\/\/sanatate.md\/wp-content\/uploads\/2022\/01\/sanatate-logo.svg","contentUrl":"https:\/\/sanatate.md\/wp-content\/uploads\/2022\/01\/sanatate-logo.svg","width":"1024","height":"1024","caption":"SANATATE"},"image":{"@id":"https:\/\/sanatate.md\/ro\/#\/schema\/logo\/image\/"}}]}},"_links":{"self":[{"href":"https:\/\/sanatate.md\/ro\/wp-json\/wp\/v2\/pages\/51989","targetHints":{"allow":["GET"]}}],"collection":[{"href":"https:\/\/sanatate.md\/ro\/wp-json\/wp\/v2\/pages"}],"about":[{"href":"https:\/\/sanatate.md\/ro\/wp-json\/wp\/v2\/types\/page"}],"author":[{"embeddable":true,"href":"https:\/\/sanatate.md\/ro\/wp-json\/wp\/v2\/users\/28"}],"replies":[{"embeddable":true,"href":"https:\/\/sanatate.md\/ro\/wp-json\/wp\/v2\/comments?post=51989"}],"version-history":[{"count":0,"href":"https:\/\/sanatate.md\/ro\/wp-json\/wp\/v2\/pages\/51989\/revisions"}],"up":[{"embeddable":true,"href":"https:\/\/sanatate.md\/ro\/wp-json\/wp\/v2\/pages\/52944"}],"wp:attachment":[{"href":"https:\/\/sanatate.md\/ro\/wp-json\/wp\/v2\/media?parent=51989"}],"curies":[{"name":"wp","href":"https:\/\/api.w.org\/{rel}","templated":true}]}}