{"id":52042,"date":"2018-02-05T14:40:13","date_gmt":"2018-02-05T11:40:13","guid":{"rendered":"https:\/\/sanatate.md\/?page_id=52042"},"modified":"2018-02-05T14:40:13","modified_gmt":"2018-02-05T11:40:13","slug":"artropatia-hipofosfata","status":"publish","type":"page","link":"https:\/\/sanatate.md\/ro\/boli-si-tratament\/boli-ale-articulatiilor\/artropatia-hipofosfata\/","title":{"rendered":"Artropatia hipofosfat\u0103"},"content":{"rendered":"<p>Artropatia hipofosfat\u0103 este o stare dureroas\u0103, in care cristalele de pirofosfat de calciu se depoziteaz\u0103 in articula\u0163ii si cartilajele sinoviale.<\/p>\n<p>Condi\u021bia dureroas\u0103 se poate manifesta \u00eentr-o form\u0103 acut\u0103, sub form\u0103 de atacuri repetate de artrit\u0103 sau sub form\u0103 cronic\u0103.\u00a0Boala acut\u0103 este mai des diagnosticat\u0103 la b\u0103rba\u021bi, iar cea cronica &#8211; la femei.<\/p>\n<p>Boala, de regul\u0103, afecteaz\u0103 persoanele de v\u00e2rst\u0103 \u00eenaintat\u0103 \u0219i este diagnosticat\u0103 \u00een egal\u0103 m\u0103sur\u0103 at\u00e2t la b\u0103rba\u021bi, c\u00e2t \u0219i la femei.<\/p>\n<p>Uneori boala afecteaz\u0103 tinerii \u015fi este asociat\u0103 cu ereditatea sau este o manifestare a ostitei fibro-chistice, a altor boli.<\/p>\n<h3>Cauzele bolii<\/h3>\n<p>Cauzele apari\u021biei cristalelor \u00een articula\u021bii nu sunt cunoscute.<\/p>\n<p>Unii cercet\u0103tori au ajuns la concluzia, c\u0103 varietatea genetic\u0103 a bolii este cauzat\u0103 de o \u00eentrerupere a activit\u0103\u021bii enzimelor implicate \u00een metabolizarea pirofosfatului de calciu.\u00a0Mul\u021bi exper\u021bi sus\u021bin, c\u0103 cauza bolii sunt anomaliile genetice \u00een structura \u021besutului cartilaginos.<\/p>\n<p>Dar \u00een cele mai multe cazuri este diagnosticat\u0103 boala primar\u0103, motivele c\u0103reia nu au fost \u00eenc\u0103 g\u0103site.\u00a0Unii exper\u021bi consider\u0103, c\u0103 cauza tulbur\u0103rilor primare sunt traumele cartilagiilor, procesele anormale ale articula\u021biilor, procesele degenerative legate de v\u00e2rst\u0103.<\/p>\n<p>La astfel de pacien\u021bi nu se observ\u0103 patologia schimbului de elemente de calciu.<\/p>\n<p>Depunerea cristalelor modific\u0103 structura \u0219i func\u021biile cartilajului, \u00eens\u0103, \u00een majoritatea cazurilor.\u00a0aceast\u0103 patologie nu se manifest\u0103.\u00a0C\u00e2nd cristalele migreaz\u0103 \u00een cavitatea comun\u0103, se pot dezvolta inflama\u021bii.<\/p>\n<h3>Simptomele maladiei depind de tipul de boal\u0103<\/h3>\n<p>Speciali\u0219tii, \u00een dependen\u0163\u0103 de tipul bolii, eviden\u0163iaz\u0103:<\/p>\n<ul>\n<li>\u201ePseudoguta\u201c \u2013 boala se acutizeaz\u0103 uneori \u015fi pare a fi atac de gut\u0103: durere ascu\u021bit\u0103, inflamarea \u015fi umflarea articula\u0163iilor;\u00a0semnele cu timpul dispar far\u0103 tratament;\u00a0boala la jum\u0103tate dintre pacien\u021bi afecteaz\u0103 articula\u021bia genunchiului; poate cre\u015fte temperatura, starea general\u0103 se \u00eenr\u0103ut\u0103\u021be\u0219te;\u00a0atacurile sunt mai slabe dec\u00e2t la gut\u0103, dar dureaz\u0103 p\u00e2n\u0103 la o lun\u0103;\u00a0durerile pot fi provoacte de o agravare a traumelor, a interven\u021biilor chirurgicale, a bolilor;<\/li>\n<li>\u201epseudoosteoartroza\u201c \u2013 aproximativ la jumatate din pacientii cu simptome ale st\u0103rii de boal\u0103 seam\u0103n\u0103 cu osteoartoza;\u00a0cu acest tip de boal\u0103, sunt afectate 2 sau mai multe articula\u021bii;\u00a0\u00een majoritatea cazurilor acestea sunt articula\u021bii mari \u0219i metacarpofalangeale;\u00a0articula\u021biile dor, dar durerea este u\u0219oar\u0103;\u00a0uneori simptomele se aseam\u0103n\u0103 cu pseudogouta;<\/li>\n<li>&#8220;artrita pseudo-reumatoid\u0103&#8221; &#8211; afecteaz\u0103 aproximativ 5% dintre pacien\u021bi;\u00a0concomitent \u00een procesul inflamator sunt implicate multe articula\u021bii, ele dor, se umf\u0103, amplitudinea mi\u0219c\u0103rilor scade.<\/li>\n<\/ul>\n<p>La to\u021bi pacien\u021bii se atest\u0103 o cre\u0219tere a ESR.<\/p>\n<p>Medicii disting \u0219i alte st\u0103ri de boal\u0103, \u00een care e afectat\u0103 o articula\u021bie doar, de regul\u0103, genunchiul.<\/p>\n<p>Dar pentru toate tipurile de boal\u0103 caracteristic e artrita microcristalin\u0103: boala ocazional escaladeaz\u0103, articula\u021biile-s inflamate, dar atacurile dispar f\u0103r\u0103 tratament.<\/p>\n<h3>Diagnosticul bolii<\/h3>\n<p>Dac\u0103 persoana are aceste semne \u015fi e peste 50 de ani, trebuie s\u0103 efectueaze un studiu pentru prezen\u021ba cristalelor de pirofosfat de calciu \u00een sinovii.\u00a0\u00cen acest scop, se utilizeaz\u0103 metoda microscopiei polarizante.<\/p>\n<p>De asemenea, este necesar\u0103 radiografia meniscului, articula\u021biilor \u00eencheieturilor, deoarece boala le afecteaz\u0103 \u00een primul r\u00e2nd.<\/p>\n<p>Pentru a diferen\u021bia artropatia de alte boli, se efectueaz\u0103 testele pentru a determina nivelul de calciu, magneziu, fosfor \u0219i fosfataz\u0103 alcalin\u0103 \u00een s\u00e2ngele pacientului.<\/p>\n<h3>Tratamentul<\/h3>\n<p>Tratamentul specific nu a fost \u00eenc\u0103 dezvoltat, deci e necesar tratamentul simptomatic<br \/>\npentru a atenua starea pacientului.\u00a0Un efect bun poate fi ob\u021binut cu corticosteroizi \u0219i medicamente antiinflamatoare nesteroidiene.<\/p>\n","protected":false},"excerpt":{"rendered":"<p>Artropatia hipofosfat\u0103 este o stare dureroas\u0103, in care cristalele de pirofosfat de calciu se depoziteaz\u0103 in articula\u0163ii si cartilajele sinoviale. Condi\u021bia dureroas\u0103 se poate manifesta \u00eentr-o form\u0103 acut\u0103, sub form\u0103 de atacuri repetate de artrit\u0103 sau sub form\u0103 cronic\u0103.\u00a0Boala acut\u0103 este mai des diagnosticat\u0103 la b\u0103rba\u021bi, iar cea cronica &#8211; la femei. Boala, de regul\u0103, [&hellip;]<\/p>\n","protected":false},"author":28,"featured_media":0,"parent":53005,"menu_order":0,"comment_status":"closed","ping_status":"closed","template":"","meta":{"inline_featured_image":false,"footnotes":""},"class_list":["post-52042","page","type-page","status-publish"],"yoast_head":"<!-- This site is optimized with the Yoast SEO plugin v27.3 - https:\/\/yoast.com\/product\/yoast-seo-wordpress\/ -->\n<title>Artropatia hipofosfat\u0103<\/title>\n<meta name=\"description\" content=\"Artropatia hipofosfat\u0103 este o stare dureroas\u0103, in care cristalele de pirofosfat de calciu se depoziteaz\u0103 in articula\u0163ii si cartilajele sinoviale.\" \/>\n<meta name=\"robots\" content=\"index, follow, max-snippet:-1, max-image-preview:large, max-video-preview:-1\" \/>\n<link rel=\"canonical\" href=\"https:\/\/sanatate.md\/ro\/boli-si-tratament\/boli-ale-articulatiilor\/artropatia-hipofosfata\/\" \/>\n<meta property=\"og:locale\" content=\"ro_RO\" \/>\n<meta property=\"og:type\" content=\"article\" \/>\n<meta property=\"og:title\" content=\"Artropatia hipofosfat\u0103\" \/>\n<meta property=\"og:description\" content=\"Artropatia hipofosfat\u0103 este o stare dureroas\u0103, in care cristalele de pirofosfat de calciu se depoziteaz\u0103 in articula\u0163ii si cartilajele sinoviale.\" \/>\n<meta property=\"og:url\" content=\"https:\/\/sanatate.md\/ro\/boli-si-tratament\/boli-ale-articulatiilor\/artropatia-hipofosfata\/\" \/>\n<meta property=\"og:site_name\" content=\"Sanatate.md\" \/>\n<meta name=\"twitter:card\" content=\"summary_large_image\" \/>\n<meta name=\"twitter:label1\" content=\"Timp estimat pentru citire\" \/>\n\t<meta name=\"twitter:data1\" content=\"3 minute\" \/>\n<script type=\"application\/ld+json\" class=\"yoast-schema-graph\">{\"@context\":\"https:\\\/\\\/schema.org\",\"@graph\":[{\"@type\":\"WebPage\",\"@id\":\"https:\\\/\\\/sanatate.md\\\/ro\\\/boli-si-tratament\\\/boli-ale-articulatiilor\\\/artropatia-hipofosfata\\\/\",\"url\":\"https:\\\/\\\/sanatate.md\\\/ro\\\/boli-si-tratament\\\/boli-ale-articulatiilor\\\/artropatia-hipofosfata\\\/\",\"name\":\"Artropatia hipofosfat\u0103\",\"isPartOf\":{\"@id\":\"https:\\\/\\\/sanatate.md\\\/ro\\\/#website\"},\"datePublished\":\"2018-02-05T11:40:13+00:00\",\"description\":\"Artropatia hipofosfat\u0103 este o stare dureroas\u0103, in care cristalele de pirofosfat de calciu se depoziteaz\u0103 in articula\u0163ii si cartilajele sinoviale.\",\"breadcrumb\":{\"@id\":\"https:\\\/\\\/sanatate.md\\\/ro\\\/boli-si-tratament\\\/boli-ale-articulatiilor\\\/artropatia-hipofosfata\\\/#breadcrumb\"},\"inLanguage\":\"ro-RO\",\"potentialAction\":[{\"@type\":\"ReadAction\",\"target\":[\"https:\\\/\\\/sanatate.md\\\/ro\\\/boli-si-tratament\\\/boli-ale-articulatiilor\\\/artropatia-hipofosfata\\\/\"]}]},{\"@type\":\"BreadcrumbList\",\"@id\":\"https:\\\/\\\/sanatate.md\\\/ro\\\/boli-si-tratament\\\/boli-ale-articulatiilor\\\/artropatia-hipofosfata\\\/#breadcrumb\",\"itemListElement\":[{\"@type\":\"ListItem\",\"position\":1,\"name\":\"\u0413\u043b\u0430\u0432\u043d\u0430\u044f \u0441\u0442\u0440\u0430\u043d\u0438\u0446\u0430\",\"item\":\"https:\\\/\\\/sanatate.md\\\/ro\\\/\"},{\"@type\":\"ListItem\",\"position\":2,\"name\":\"Boli si tratament\",\"item\":\"https:\\\/\\\/sanatate.md\\\/ro\\\/boli-si-tratament\\\/\"},{\"@type\":\"ListItem\",\"position\":3,\"name\":\"Boli ale articula\u021biilor\",\"item\":\"https:\\\/\\\/sanatate.md\\\/ro\\\/boli-si-tratament\\\/boli-ale-articulatiilor\\\/\"},{\"@type\":\"ListItem\",\"position\":4,\"name\":\"Artropatia hipofosfat\u0103\"}]},{\"@type\":\"WebSite\",\"@id\":\"https:\\\/\\\/sanatate.md\\\/ro\\\/#website\",\"url\":\"https:\\\/\\\/sanatate.md\\\/ro\\\/\",\"name\":\"Sanatate.md\",\"description\":\"\u0416\u0443\u0440\u043d\u0430\u043b \u0434\u043b\u044f \u0432\u0441\u0435\u0439 \u0441\u0435\u043c\u044c\u0438 \u0432 \u041c\u043e\u043b\u0434\u043e\u0432\u0435\",\"publisher\":{\"@id\":\"https:\\\/\\\/sanatate.md\\\/ro\\\/#organization\"},\"potentialAction\":[{\"@type\":\"SearchAction\",\"target\":{\"@type\":\"EntryPoint\",\"urlTemplate\":\"https:\\\/\\\/sanatate.md\\\/ro\\\/?s={search_term_string}\"},\"query-input\":{\"@type\":\"PropertyValueSpecification\",\"valueRequired\":true,\"valueName\":\"search_term_string\"}}],\"inLanguage\":\"ro-RO\"},{\"@type\":\"Organization\",\"@id\":\"https:\\\/\\\/sanatate.md\\\/ro\\\/#organization\",\"name\":\"SANATATE\",\"url\":\"https:\\\/\\\/sanatate.md\\\/ro\\\/\",\"logo\":{\"@type\":\"ImageObject\",\"inLanguage\":\"ro-RO\",\"@id\":\"https:\\\/\\\/sanatate.md\\\/ro\\\/#\\\/schema\\\/logo\\\/image\\\/\",\"url\":\"https:\\\/\\\/sanatate.md\\\/wp-content\\\/uploads\\\/2022\\\/01\\\/sanatate-logo.svg\",\"contentUrl\":\"https:\\\/\\\/sanatate.md\\\/wp-content\\\/uploads\\\/2022\\\/01\\\/sanatate-logo.svg\",\"width\":\"1024\",\"height\":\"1024\",\"caption\":\"SANATATE\"},\"image\":{\"@id\":\"https:\\\/\\\/sanatate.md\\\/ro\\\/#\\\/schema\\\/logo\\\/image\\\/\"}}]}<\/script>\n<!-- \/ Yoast SEO plugin. -->","yoast_head_json":{"title":"Artropatia hipofosfat\u0103","description":"Artropatia hipofosfat\u0103 este o stare dureroas\u0103, in care cristalele de pirofosfat de calciu se depoziteaz\u0103 in articula\u0163ii si cartilajele sinoviale.","robots":{"index":"index","follow":"follow","max-snippet":"max-snippet:-1","max-image-preview":"max-image-preview:large","max-video-preview":"max-video-preview:-1"},"canonical":"https:\/\/sanatate.md\/ro\/boli-si-tratament\/boli-ale-articulatiilor\/artropatia-hipofosfata\/","og_locale":"ro_RO","og_type":"article","og_title":"Artropatia hipofosfat\u0103","og_description":"Artropatia hipofosfat\u0103 este o stare dureroas\u0103, in care cristalele de pirofosfat de calciu se depoziteaz\u0103 in articula\u0163ii si cartilajele sinoviale.","og_url":"https:\/\/sanatate.md\/ro\/boli-si-tratament\/boli-ale-articulatiilor\/artropatia-hipofosfata\/","og_site_name":"Sanatate.md","twitter_card":"summary_large_image","twitter_misc":{"Timp estimat pentru citire":"3 minute"},"schema":{"@context":"https:\/\/schema.org","@graph":[{"@type":"WebPage","@id":"https:\/\/sanatate.md\/ro\/boli-si-tratament\/boli-ale-articulatiilor\/artropatia-hipofosfata\/","url":"https:\/\/sanatate.md\/ro\/boli-si-tratament\/boli-ale-articulatiilor\/artropatia-hipofosfata\/","name":"Artropatia hipofosfat\u0103","isPartOf":{"@id":"https:\/\/sanatate.md\/ro\/#website"},"datePublished":"2018-02-05T11:40:13+00:00","description":"Artropatia hipofosfat\u0103 este o stare dureroas\u0103, in care cristalele de pirofosfat de calciu se depoziteaz\u0103 in articula\u0163ii si cartilajele sinoviale.","breadcrumb":{"@id":"https:\/\/sanatate.md\/ro\/boli-si-tratament\/boli-ale-articulatiilor\/artropatia-hipofosfata\/#breadcrumb"},"inLanguage":"ro-RO","potentialAction":[{"@type":"ReadAction","target":["https:\/\/sanatate.md\/ro\/boli-si-tratament\/boli-ale-articulatiilor\/artropatia-hipofosfata\/"]}]},{"@type":"BreadcrumbList","@id":"https:\/\/sanatate.md\/ro\/boli-si-tratament\/boli-ale-articulatiilor\/artropatia-hipofosfata\/#breadcrumb","itemListElement":[{"@type":"ListItem","position":1,"name":"\u0413\u043b\u0430\u0432\u043d\u0430\u044f \u0441\u0442\u0440\u0430\u043d\u0438\u0446\u0430","item":"https:\/\/sanatate.md\/ro\/"},{"@type":"ListItem","position":2,"name":"Boli si tratament","item":"https:\/\/sanatate.md\/ro\/boli-si-tratament\/"},{"@type":"ListItem","position":3,"name":"Boli ale articula\u021biilor","item":"https:\/\/sanatate.md\/ro\/boli-si-tratament\/boli-ale-articulatiilor\/"},{"@type":"ListItem","position":4,"name":"Artropatia hipofosfat\u0103"}]},{"@type":"WebSite","@id":"https:\/\/sanatate.md\/ro\/#website","url":"https:\/\/sanatate.md\/ro\/","name":"Sanatate.md","description":"\u0416\u0443\u0440\u043d\u0430\u043b \u0434\u043b\u044f \u0432\u0441\u0435\u0439 \u0441\u0435\u043c\u044c\u0438 \u0432 \u041c\u043e\u043b\u0434\u043e\u0432\u0435","publisher":{"@id":"https:\/\/sanatate.md\/ro\/#organization"},"potentialAction":[{"@type":"SearchAction","target":{"@type":"EntryPoint","urlTemplate":"https:\/\/sanatate.md\/ro\/?s={search_term_string}"},"query-input":{"@type":"PropertyValueSpecification","valueRequired":true,"valueName":"search_term_string"}}],"inLanguage":"ro-RO"},{"@type":"Organization","@id":"https:\/\/sanatate.md\/ro\/#organization","name":"SANATATE","url":"https:\/\/sanatate.md\/ro\/","logo":{"@type":"ImageObject","inLanguage":"ro-RO","@id":"https:\/\/sanatate.md\/ro\/#\/schema\/logo\/image\/","url":"https:\/\/sanatate.md\/wp-content\/uploads\/2022\/01\/sanatate-logo.svg","contentUrl":"https:\/\/sanatate.md\/wp-content\/uploads\/2022\/01\/sanatate-logo.svg","width":"1024","height":"1024","caption":"SANATATE"},"image":{"@id":"https:\/\/sanatate.md\/ro\/#\/schema\/logo\/image\/"}}]}},"_links":{"self":[{"href":"https:\/\/sanatate.md\/ro\/wp-json\/wp\/v2\/pages\/52042","targetHints":{"allow":["GET"]}}],"collection":[{"href":"https:\/\/sanatate.md\/ro\/wp-json\/wp\/v2\/pages"}],"about":[{"href":"https:\/\/sanatate.md\/ro\/wp-json\/wp\/v2\/types\/page"}],"author":[{"embeddable":true,"href":"https:\/\/sanatate.md\/ro\/wp-json\/wp\/v2\/users\/28"}],"replies":[{"embeddable":true,"href":"https:\/\/sanatate.md\/ro\/wp-json\/wp\/v2\/comments?post=52042"}],"version-history":[{"count":0,"href":"https:\/\/sanatate.md\/ro\/wp-json\/wp\/v2\/pages\/52042\/revisions"}],"up":[{"embeddable":true,"href":"https:\/\/sanatate.md\/ro\/wp-json\/wp\/v2\/pages\/53005"}],"wp:attachment":[{"href":"https:\/\/sanatate.md\/ro\/wp-json\/wp\/v2\/media?parent=52042"}],"curies":[{"name":"wp","href":"https:\/\/api.w.org\/{rel}","templated":true}]}}