{"id":52191,"date":"2018-02-06T18:47:19","date_gmt":"2018-02-06T15:47:19","guid":{"rendered":"https:\/\/sanatate.md\/?page_id=52191"},"modified":"2018-02-06T18:50:16","modified_gmt":"2018-02-06T15:50:16","slug":"delirul-alcoolic-febra-alba","status":"publish","type":"page","link":"https:\/\/sanatate.md\/ro\/boli-si-tratament\/boli-narcologice\/delirul-alcoolic-febra-alba\/","title":{"rendered":"Delirul alcoolic (febra alb\u0103)"},"content":{"rendered":"<p>Delirul alcoolic (febra alb\u0103) este o \u00eenc\u0103lcare pronun\u021bat\u0103 a activit\u0103\u021bii (mintale) psihice, cauzat\u0103 de abuzul de alcool.<\/p>\n<h3>Motivele<\/h3>\n<p>Boala se manifest\u0103 la alcoolici \u00een perioada \u00een care au ie\u0219it din be\u0163ie. Uneori poate ap\u0103rea \u015fi la persoanele, care au consumat o cantitate mare de alcool.<\/p>\n<h3>Simptomele<\/h3>\n<p>Pacientul este cople\u0219it de diferite senza\u0163ii (fric\u0103, r\u00e2s, disperare, furie, mir\u0103ri), care se perind rapid. Mimica se schimb\u0103 brusc, pacien\u021bii sunt implica\u021bi \u00eentr-o activitate legat\u0103 de afec\u021biuni \u0219i halucina\u021bii, care \u00eel viziteaz\u0103 la moment.<\/p>\n<p>\u00cen momente de fric\u0103 ei strig\u0103, fug, se ascund; vorbesc cu un interlocutor imaginar; alung\u0103 insectele invizibile sau animale inexistente.<\/p>\n<p>Medicii disting delirul profesional, atunci c\u00e2nd pacien\u021bii efectueaz\u0103 ac\u021biuni legate de munca lor: pilesc, construiesc, cur\u0103\u021be etc. \u00cen acest caz, celelalte simptome nu sunt at\u00e2t de pronun\u021bate sau dispar cu totul.<\/p>\n<h3>Diagnosticarea<\/h3>\n<p>Un semn distinctiv de diagnostic este tremurul \u00eentregului corp, contrac\u021bii musculare involuntare \u015fi dezordonate, mi\u0219c\u0103ri necordonate ale m\u00e2inilor \u0219i picioarelor, ataxie.<\/p>\n<h3>Tratamentul<\/h3>\n<p>Pacientul trebuie internat urgent \u00eentr- un spital de psihiatrie. Dac\u0103 se comport\u0103 necorespunz\u0103tor, se imobilizeaz\u0103 \u0219i i se prescriu medicamente psihotrope. Pentru restabilirea memoriei se administreaz\u0103 nootropice.<\/p>\n<p>Tratat trebuie nu delirul de alcool, ci alcoolismul, care este cauza febrei albe. Tratamentul pacientului vizeaz\u0103 reducerea tulbur\u0103rilor vegetative, \u00een special &#8211; restabilirea somnului normal.<\/p>\n","protected":false},"excerpt":{"rendered":"<p>Delirul alcoolic (febra alb\u0103) este o \u00eenc\u0103lcare pronun\u021bat\u0103 a activit\u0103\u021bii (mintale) psihice, cauzat\u0103 de abuzul de alcool. Motivele Boala se manifest\u0103 la alcoolici \u00een perioada \u00een care au ie\u0219it din be\u0163ie. Uneori poate ap\u0103rea \u015fi la persoanele, care au consumat o cantitate mare de alcool. Simptomele Pacientul este cople\u0219it de diferite senza\u0163ii (fric\u0103, r\u00e2s, disperare, [&hellip;]<\/p>\n","protected":false},"author":28,"featured_media":0,"parent":44105,"menu_order":0,"comment_status":"closed","ping_status":"closed","template":"","meta":{"inline_featured_image":false,"footnotes":""},"class_list":["post-52191","page","type-page","status-publish"],"yoast_head":"<!-- This site is optimized with the Yoast SEO plugin v27.3 - https:\/\/yoast.com\/product\/yoast-seo-wordpress\/ -->\n<title>Delirul alcoolic (febra alb\u0103)<\/title>\n<meta name=\"description\" content=\"Delirul alcoolic (febra alb\u0103) este o \u00eenc\u0103lcare pronun\u021bat\u0103 a activit\u0103\u021bii (mintale) psihice, cauzat\u0103 de abuzul de alcool.\" \/>\n<meta name=\"robots\" content=\"index, follow, max-snippet:-1, max-image-preview:large, max-video-preview:-1\" \/>\n<link rel=\"canonical\" href=\"https:\/\/sanatate.md\/ro\/boli-si-tratament\/boli-narcologice\/delirul-alcoolic-febra-alba\/\" \/>\n<meta property=\"og:locale\" content=\"ro_RO\" \/>\n<meta property=\"og:type\" content=\"article\" \/>\n<meta property=\"og:title\" content=\"Delirul alcoolic (febra alb\u0103)\" \/>\n<meta property=\"og:description\" content=\"Delirul alcoolic (febra alb\u0103) este o \u00eenc\u0103lcare pronun\u021bat\u0103 a activit\u0103\u021bii (mintale) psihice, cauzat\u0103 de abuzul de alcool.\" \/>\n<meta property=\"og:url\" content=\"https:\/\/sanatate.md\/ro\/boli-si-tratament\/boli-narcologice\/delirul-alcoolic-febra-alba\/\" \/>\n<meta property=\"og:site_name\" content=\"Sanatate.md\" \/>\n<meta property=\"article:modified_time\" content=\"2018-02-06T15:50:16+00:00\" \/>\n<meta name=\"twitter:card\" content=\"summary_large_image\" \/>\n<meta name=\"twitter:label1\" content=\"Timp estimat pentru citire\" \/>\n\t<meta name=\"twitter:data1\" content=\"1 minut\" \/>\n<script type=\"application\/ld+json\" class=\"yoast-schema-graph\">{\"@context\":\"https:\\\/\\\/schema.org\",\"@graph\":[{\"@type\":\"WebPage\",\"@id\":\"https:\\\/\\\/sanatate.md\\\/ro\\\/boli-si-tratament\\\/boli-narcologice\\\/delirul-alcoolic-febra-alba\\\/\",\"url\":\"https:\\\/\\\/sanatate.md\\\/ro\\\/boli-si-tratament\\\/boli-narcologice\\\/delirul-alcoolic-febra-alba\\\/\",\"name\":\"Delirul alcoolic (febra alb\u0103)\",\"isPartOf\":{\"@id\":\"https:\\\/\\\/sanatate.md\\\/ro\\\/#website\"},\"datePublished\":\"2018-02-06T15:47:19+00:00\",\"dateModified\":\"2018-02-06T15:50:16+00:00\",\"description\":\"Delirul alcoolic (febra alb\u0103) este o \u00eenc\u0103lcare pronun\u021bat\u0103 a activit\u0103\u021bii (mintale) psihice, cauzat\u0103 de abuzul de alcool.\",\"breadcrumb\":{\"@id\":\"https:\\\/\\\/sanatate.md\\\/ro\\\/boli-si-tratament\\\/boli-narcologice\\\/delirul-alcoolic-febra-alba\\\/#breadcrumb\"},\"inLanguage\":\"ro-RO\",\"potentialAction\":[{\"@type\":\"ReadAction\",\"target\":[\"https:\\\/\\\/sanatate.md\\\/ro\\\/boli-si-tratament\\\/boli-narcologice\\\/delirul-alcoolic-febra-alba\\\/\"]}]},{\"@type\":\"BreadcrumbList\",\"@id\":\"https:\\\/\\\/sanatate.md\\\/ro\\\/boli-si-tratament\\\/boli-narcologice\\\/delirul-alcoolic-febra-alba\\\/#breadcrumb\",\"itemListElement\":[{\"@type\":\"ListItem\",\"position\":1,\"name\":\"\u0413\u043b\u0430\u0432\u043d\u0430\u044f \u0441\u0442\u0440\u0430\u043d\u0438\u0446\u0430\",\"item\":\"https:\\\/\\\/sanatate.md\\\/ro\\\/\"},{\"@type\":\"ListItem\",\"position\":2,\"name\":\"Boli si tratament\",\"item\":\"https:\\\/\\\/sanatate.md\\\/ro\\\/boli-si-tratament\\\/\"},{\"@type\":\"ListItem\",\"position\":3,\"name\":\"Boli narcologice\",\"item\":\"https:\\\/\\\/sanatate.md\\\/ro\\\/boli-si-tratament\\\/boli-narcologice\\\/\"},{\"@type\":\"ListItem\",\"position\":4,\"name\":\"Delirul alcoolic (febra alb\u0103)\"}]},{\"@type\":\"WebSite\",\"@id\":\"https:\\\/\\\/sanatate.md\\\/ro\\\/#website\",\"url\":\"https:\\\/\\\/sanatate.md\\\/ro\\\/\",\"name\":\"Sanatate.md\",\"description\":\"\u0416\u0443\u0440\u043d\u0430\u043b \u0434\u043b\u044f \u0432\u0441\u0435\u0439 \u0441\u0435\u043c\u044c\u0438 \u0432 \u041c\u043e\u043b\u0434\u043e\u0432\u0435\",\"publisher\":{\"@id\":\"https:\\\/\\\/sanatate.md\\\/ro\\\/#organization\"},\"potentialAction\":[{\"@type\":\"SearchAction\",\"target\":{\"@type\":\"EntryPoint\",\"urlTemplate\":\"https:\\\/\\\/sanatate.md\\\/ro\\\/?s={search_term_string}\"},\"query-input\":{\"@type\":\"PropertyValueSpecification\",\"valueRequired\":true,\"valueName\":\"search_term_string\"}}],\"inLanguage\":\"ro-RO\"},{\"@type\":\"Organization\",\"@id\":\"https:\\\/\\\/sanatate.md\\\/ro\\\/#organization\",\"name\":\"SANATATE\",\"url\":\"https:\\\/\\\/sanatate.md\\\/ro\\\/\",\"logo\":{\"@type\":\"ImageObject\",\"inLanguage\":\"ro-RO\",\"@id\":\"https:\\\/\\\/sanatate.md\\\/ro\\\/#\\\/schema\\\/logo\\\/image\\\/\",\"url\":\"https:\\\/\\\/sanatate.md\\\/wp-content\\\/uploads\\\/2022\\\/01\\\/sanatate-logo.svg\",\"contentUrl\":\"https:\\\/\\\/sanatate.md\\\/wp-content\\\/uploads\\\/2022\\\/01\\\/sanatate-logo.svg\",\"width\":\"1024\",\"height\":\"1024\",\"caption\":\"SANATATE\"},\"image\":{\"@id\":\"https:\\\/\\\/sanatate.md\\\/ro\\\/#\\\/schema\\\/logo\\\/image\\\/\"}}]}<\/script>\n<!-- \/ Yoast SEO plugin. -->","yoast_head_json":{"title":"Delirul alcoolic (febra alb\u0103)","description":"Delirul alcoolic (febra alb\u0103) este o \u00eenc\u0103lcare pronun\u021bat\u0103 a activit\u0103\u021bii (mintale) psihice, cauzat\u0103 de abuzul de alcool.","robots":{"index":"index","follow":"follow","max-snippet":"max-snippet:-1","max-image-preview":"max-image-preview:large","max-video-preview":"max-video-preview:-1"},"canonical":"https:\/\/sanatate.md\/ro\/boli-si-tratament\/boli-narcologice\/delirul-alcoolic-febra-alba\/","og_locale":"ro_RO","og_type":"article","og_title":"Delirul alcoolic (febra alb\u0103)","og_description":"Delirul alcoolic (febra alb\u0103) este o \u00eenc\u0103lcare pronun\u021bat\u0103 a activit\u0103\u021bii (mintale) psihice, cauzat\u0103 de abuzul de alcool.","og_url":"https:\/\/sanatate.md\/ro\/boli-si-tratament\/boli-narcologice\/delirul-alcoolic-febra-alba\/","og_site_name":"Sanatate.md","article_modified_time":"2018-02-06T15:50:16+00:00","twitter_card":"summary_large_image","twitter_misc":{"Timp estimat pentru citire":"1 minut"},"schema":{"@context":"https:\/\/schema.org","@graph":[{"@type":"WebPage","@id":"https:\/\/sanatate.md\/ro\/boli-si-tratament\/boli-narcologice\/delirul-alcoolic-febra-alba\/","url":"https:\/\/sanatate.md\/ro\/boli-si-tratament\/boli-narcologice\/delirul-alcoolic-febra-alba\/","name":"Delirul alcoolic (febra alb\u0103)","isPartOf":{"@id":"https:\/\/sanatate.md\/ro\/#website"},"datePublished":"2018-02-06T15:47:19+00:00","dateModified":"2018-02-06T15:50:16+00:00","description":"Delirul alcoolic (febra alb\u0103) este o \u00eenc\u0103lcare pronun\u021bat\u0103 a activit\u0103\u021bii (mintale) psihice, cauzat\u0103 de abuzul de alcool.","breadcrumb":{"@id":"https:\/\/sanatate.md\/ro\/boli-si-tratament\/boli-narcologice\/delirul-alcoolic-febra-alba\/#breadcrumb"},"inLanguage":"ro-RO","potentialAction":[{"@type":"ReadAction","target":["https:\/\/sanatate.md\/ro\/boli-si-tratament\/boli-narcologice\/delirul-alcoolic-febra-alba\/"]}]},{"@type":"BreadcrumbList","@id":"https:\/\/sanatate.md\/ro\/boli-si-tratament\/boli-narcologice\/delirul-alcoolic-febra-alba\/#breadcrumb","itemListElement":[{"@type":"ListItem","position":1,"name":"\u0413\u043b\u0430\u0432\u043d\u0430\u044f \u0441\u0442\u0440\u0430\u043d\u0438\u0446\u0430","item":"https:\/\/sanatate.md\/ro\/"},{"@type":"ListItem","position":2,"name":"Boli si tratament","item":"https:\/\/sanatate.md\/ro\/boli-si-tratament\/"},{"@type":"ListItem","position":3,"name":"Boli narcologice","item":"https:\/\/sanatate.md\/ro\/boli-si-tratament\/boli-narcologice\/"},{"@type":"ListItem","position":4,"name":"Delirul alcoolic (febra alb\u0103)"}]},{"@type":"WebSite","@id":"https:\/\/sanatate.md\/ro\/#website","url":"https:\/\/sanatate.md\/ro\/","name":"Sanatate.md","description":"\u0416\u0443\u0440\u043d\u0430\u043b \u0434\u043b\u044f \u0432\u0441\u0435\u0439 \u0441\u0435\u043c\u044c\u0438 \u0432 \u041c\u043e\u043b\u0434\u043e\u0432\u0435","publisher":{"@id":"https:\/\/sanatate.md\/ro\/#organization"},"potentialAction":[{"@type":"SearchAction","target":{"@type":"EntryPoint","urlTemplate":"https:\/\/sanatate.md\/ro\/?s={search_term_string}"},"query-input":{"@type":"PropertyValueSpecification","valueRequired":true,"valueName":"search_term_string"}}],"inLanguage":"ro-RO"},{"@type":"Organization","@id":"https:\/\/sanatate.md\/ro\/#organization","name":"SANATATE","url":"https:\/\/sanatate.md\/ro\/","logo":{"@type":"ImageObject","inLanguage":"ro-RO","@id":"https:\/\/sanatate.md\/ro\/#\/schema\/logo\/image\/","url":"https:\/\/sanatate.md\/wp-content\/uploads\/2022\/01\/sanatate-logo.svg","contentUrl":"https:\/\/sanatate.md\/wp-content\/uploads\/2022\/01\/sanatate-logo.svg","width":"1024","height":"1024","caption":"SANATATE"},"image":{"@id":"https:\/\/sanatate.md\/ro\/#\/schema\/logo\/image\/"}}]}},"_links":{"self":[{"href":"https:\/\/sanatate.md\/ro\/wp-json\/wp\/v2\/pages\/52191","targetHints":{"allow":["GET"]}}],"collection":[{"href":"https:\/\/sanatate.md\/ro\/wp-json\/wp\/v2\/pages"}],"about":[{"href":"https:\/\/sanatate.md\/ro\/wp-json\/wp\/v2\/types\/page"}],"author":[{"embeddable":true,"href":"https:\/\/sanatate.md\/ro\/wp-json\/wp\/v2\/users\/28"}],"replies":[{"embeddable":true,"href":"https:\/\/sanatate.md\/ro\/wp-json\/wp\/v2\/comments?post=52191"}],"version-history":[{"count":0,"href":"https:\/\/sanatate.md\/ro\/wp-json\/wp\/v2\/pages\/52191\/revisions"}],"up":[{"embeddable":true,"href":"https:\/\/sanatate.md\/ro\/wp-json\/wp\/v2\/pages\/44105"}],"wp:attachment":[{"href":"https:\/\/sanatate.md\/ro\/wp-json\/wp\/v2\/media?parent=52191"}],"curies":[{"name":"wp","href":"https:\/\/api.w.org\/{rel}","templated":true}]}}