{"id":52225,"date":"2018-02-07T13:17:58","date_gmt":"2018-02-07T10:17:58","guid":{"rendered":"https:\/\/sanatate.md\/?page_id=52225"},"modified":"2018-02-07T13:17:58","modified_gmt":"2018-02-07T10:17:58","slug":"azbestoza","status":"publish","type":"page","link":"https:\/\/sanatate.md\/ro\/boli-si-tratament\/boli-ale-sistemului-respirator\/azbestoza\/","title":{"rendered":"Azbestoza"},"content":{"rendered":"<p>Azbestoza este un tip comun de fibroz\u0103 a pl\u0103m\u00e2nilor, care este cauzat\u0103 de inhalarea prafului de azbest. Compozi\u021bia azbestului include silica\u021bii de origine mineral\u0103 de form\u0103 fibroas\u0103 \u0219i cu compozi\u021bie chimic\u0103 diferit\u0103. C\u00e2nd azbestul intr\u0103 \u00een tractul respirator, elementele sale fibroase se a\u0219eaz\u0103 \u00een pl\u0103m\u00e2ni, provoc\u00e2nd astfel dezvoltarea fibrozei. De asemenea, inhalarea prafului de azbest poate provoca, \u00een unele cazuri, o \u00eengro\u0219are pleural\u0103 &#8211; o cochilie format\u0103 din dou\u0103 straturi \u0219i care acoper\u0103 pl\u0103m\u00e2nii.<\/p>\n<h3>Cauzele<\/h3>\n<p>Un risc crescut de azbestoz\u0103 apare la persoanele, care lucreaz\u0103 direct cu azbestul. De asemenea, \u00een grupul de risc pot fi incluse acele persoane, care sunt implicate \u00een demolarea cl\u0103dirilor, pere\u021bilor, \u00een cazul \u00een care exist\u0103 elemente izolante care con\u021bin azbest. Cu c\u00e2t e mai frecvent contactul cu fibrele de azbest, cu at\u00e2t este mai mare probabilitatea de a ob\u021bine azbestoz\u0103.<\/p>\n<h3>Simptomatologia<\/h3>\n<p>Azbestoza se dezvolt\u0103, \u00een principiu, suficient de lent. Primele semne ale bolii apar doar peste 3-5 ani dup\u0103 lucr\u0103rile cu expunere constant\u0103 la praf de azbest.<\/p>\n<p>Simptomele de azbestoz\u0103:<\/p>\n<ul>\n<li>dificult\u0103\u021bi de respira\u021bie;<\/li>\n<li>tuse frecvente;<\/li>\n<li>durere \u00een piept;<\/li>\n<li>anorexie;<\/li>\n<li>sl\u0103biciune;<\/li>\n<li>oboseal\u0103 rapid\u0103.<\/li>\n<\/ul>\n<p>Complica\u021bie a azbestozei este pneumonia, care poate duce la dezvoltarea bron\u015fectazei. Dac\u0103 tratamentul nu este \u00eenceput la timp, azbestoza poate fi complicat\u0103 de insuficien\u021ba ventriculului drept, precum \u0219i de dezvoltarea sindromului pulmonar-cardiac.<\/p>\n<h3>Diagnosticarea<\/h3>\n<p>\u00cen timpul examin\u0103rii fizice, se pot depista simptome de pneumoscleroz\u0103 de tip difuz cu dezvoltarea emfizemului. Examinarea sputei poate detecta fibrele de azbest, dar aceasta e dor un indiciu de inhalare a prafului de azbest, \u015fi nu pot fi baz\u0103 pentru diagnosticarea fibrozei.<\/p>\n<p>Pentru diagnosticul corect, este important s\u0103 se stabileasc\u0103 acumularea de corpuri radicali de azbest. Efectu\u00e2nd examinarea cu razele X \u00een sec\u021biunile superioare \u0219i inferioare ale pl\u0103m\u00e2nilor, este posibil s\u0103 se determine re\u021beaua difuz\u0103 \u0219i celularitatea mic\u0103. \u00cen p\u0103r\u021bile inferioare ale pl\u0103m\u00e2nilor se pot forma noduli, precum \u0219i fuziuni pleurale.<\/p>\n<h3>Tratamentul<\/h3>\n<p>Nu exist\u0103 modalit\u0103\u021bi eficiente de a trata aceast\u0103 boal\u0103. Este necesar s\u0103 se efectueze un control periodic pentru a exclude dezvoltarea neoplasmelor oncologice. \u00cen general, se recomand\u0103 abandonarea unui viciu periculos cum e fumatul. Medicii insist\u0103 asupra faptului c\u0103 persoanele diagnosticate cu azbestoz\u0103 s\u0103 evite complet contactul cu praful de azbest.<\/p>\n","protected":false},"excerpt":{"rendered":"<p>Azbestoza este un tip comun de fibroz\u0103 a pl\u0103m\u00e2nilor, care este cauzat\u0103 de inhalarea prafului de azbest. Compozi\u021bia azbestului include silica\u021bii de origine mineral\u0103 de form\u0103 fibroas\u0103 \u0219i cu compozi\u021bie chimic\u0103 diferit\u0103. C\u00e2nd azbestul intr\u0103 \u00een tractul respirator, elementele sale fibroase se a\u0219eaz\u0103 \u00een pl\u0103m\u00e2ni, provoc\u00e2nd astfel dezvoltarea fibrozei. De asemenea, inhalarea prafului de azbest [&hellip;]<\/p>\n","protected":false},"author":28,"featured_media":0,"parent":52999,"menu_order":0,"comment_status":"closed","ping_status":"closed","template":"","meta":{"inline_featured_image":false,"footnotes":""},"class_list":["post-52225","page","type-page","status-publish"],"yoast_head":"<!-- This site is optimized with the Yoast SEO plugin v27.3 - https:\/\/yoast.com\/product\/yoast-seo-wordpress\/ -->\n<title>Azbestoza | Sanatate.md<\/title>\n<meta name=\"robots\" content=\"index, follow, max-snippet:-1, max-image-preview:large, max-video-preview:-1\" \/>\n<link rel=\"canonical\" href=\"https:\/\/sanatate.md\/ro\/boli-si-tratament\/boli-ale-sistemului-respirator\/azbestoza\/\" \/>\n<meta property=\"og:locale\" content=\"ro_RO\" \/>\n<meta property=\"og:type\" content=\"article\" \/>\n<meta property=\"og:title\" content=\"Azbestoza | Sanatate.md\" \/>\n<meta property=\"og:description\" content=\"Azbestoza este un tip comun de fibroz\u0103 a pl\u0103m\u00e2nilor, care este cauzat\u0103 de inhalarea prafului de azbest. Compozi\u021bia azbestului include silica\u021bii de origine mineral\u0103 de form\u0103 fibroas\u0103 \u0219i cu compozi\u021bie chimic\u0103 diferit\u0103. C\u00e2nd azbestul intr\u0103 \u00een tractul respirator, elementele sale fibroase se a\u0219eaz\u0103 \u00een pl\u0103m\u00e2ni, provoc\u00e2nd astfel dezvoltarea fibrozei. De asemenea, inhalarea prafului de azbest [&hellip;]\" \/>\n<meta property=\"og:url\" content=\"https:\/\/sanatate.md\/ro\/boli-si-tratament\/boli-ale-sistemului-respirator\/azbestoza\/\" \/>\n<meta property=\"og:site_name\" content=\"Sanatate.md\" \/>\n<meta name=\"twitter:card\" content=\"summary_large_image\" \/>\n<meta name=\"twitter:label1\" content=\"Timp estimat pentru citire\" \/>\n\t<meta name=\"twitter:data1\" content=\"2 minute\" \/>\n<script type=\"application\/ld+json\" class=\"yoast-schema-graph\">{\"@context\":\"https:\\\/\\\/schema.org\",\"@graph\":[{\"@type\":\"WebPage\",\"@id\":\"https:\\\/\\\/sanatate.md\\\/ro\\\/boli-si-tratament\\\/boli-ale-sistemului-respirator\\\/azbestoza\\\/\",\"url\":\"https:\\\/\\\/sanatate.md\\\/ro\\\/boli-si-tratament\\\/boli-ale-sistemului-respirator\\\/azbestoza\\\/\",\"name\":\"Azbestoza | Sanatate.md\",\"isPartOf\":{\"@id\":\"https:\\\/\\\/sanatate.md\\\/ro\\\/#website\"},\"datePublished\":\"2018-02-07T10:17:58+00:00\",\"breadcrumb\":{\"@id\":\"https:\\\/\\\/sanatate.md\\\/ro\\\/boli-si-tratament\\\/boli-ale-sistemului-respirator\\\/azbestoza\\\/#breadcrumb\"},\"inLanguage\":\"ro-RO\",\"potentialAction\":[{\"@type\":\"ReadAction\",\"target\":[\"https:\\\/\\\/sanatate.md\\\/ro\\\/boli-si-tratament\\\/boli-ale-sistemului-respirator\\\/azbestoza\\\/\"]}]},{\"@type\":\"BreadcrumbList\",\"@id\":\"https:\\\/\\\/sanatate.md\\\/ro\\\/boli-si-tratament\\\/boli-ale-sistemului-respirator\\\/azbestoza\\\/#breadcrumb\",\"itemListElement\":[{\"@type\":\"ListItem\",\"position\":1,\"name\":\"\u0413\u043b\u0430\u0432\u043d\u0430\u044f \u0441\u0442\u0440\u0430\u043d\u0438\u0446\u0430\",\"item\":\"https:\\\/\\\/sanatate.md\\\/ro\\\/\"},{\"@type\":\"ListItem\",\"position\":2,\"name\":\"Boli si tratament\",\"item\":\"https:\\\/\\\/sanatate.md\\\/ro\\\/boli-si-tratament\\\/\"},{\"@type\":\"ListItem\",\"position\":3,\"name\":\"Boli ale sistemului respirator\",\"item\":\"https:\\\/\\\/sanatate.md\\\/ro\\\/boli-si-tratament\\\/boli-ale-sistemului-respirator\\\/\"},{\"@type\":\"ListItem\",\"position\":4,\"name\":\"Azbestoza\"}]},{\"@type\":\"WebSite\",\"@id\":\"https:\\\/\\\/sanatate.md\\\/ro\\\/#website\",\"url\":\"https:\\\/\\\/sanatate.md\\\/ro\\\/\",\"name\":\"Sanatate.md\",\"description\":\"\u0416\u0443\u0440\u043d\u0430\u043b \u0434\u043b\u044f \u0432\u0441\u0435\u0439 \u0441\u0435\u043c\u044c\u0438 \u0432 \u041c\u043e\u043b\u0434\u043e\u0432\u0435\",\"publisher\":{\"@id\":\"https:\\\/\\\/sanatate.md\\\/ro\\\/#organization\"},\"potentialAction\":[{\"@type\":\"SearchAction\",\"target\":{\"@type\":\"EntryPoint\",\"urlTemplate\":\"https:\\\/\\\/sanatate.md\\\/ro\\\/?s={search_term_string}\"},\"query-input\":{\"@type\":\"PropertyValueSpecification\",\"valueRequired\":true,\"valueName\":\"search_term_string\"}}],\"inLanguage\":\"ro-RO\"},{\"@type\":\"Organization\",\"@id\":\"https:\\\/\\\/sanatate.md\\\/ro\\\/#organization\",\"name\":\"SANATATE\",\"url\":\"https:\\\/\\\/sanatate.md\\\/ro\\\/\",\"logo\":{\"@type\":\"ImageObject\",\"inLanguage\":\"ro-RO\",\"@id\":\"https:\\\/\\\/sanatate.md\\\/ro\\\/#\\\/schema\\\/logo\\\/image\\\/\",\"url\":\"https:\\\/\\\/sanatate.md\\\/wp-content\\\/uploads\\\/2022\\\/01\\\/sanatate-logo.svg\",\"contentUrl\":\"https:\\\/\\\/sanatate.md\\\/wp-content\\\/uploads\\\/2022\\\/01\\\/sanatate-logo.svg\",\"width\":\"1024\",\"height\":\"1024\",\"caption\":\"SANATATE\"},\"image\":{\"@id\":\"https:\\\/\\\/sanatate.md\\\/ro\\\/#\\\/schema\\\/logo\\\/image\\\/\"}}]}<\/script>\n<!-- \/ Yoast SEO plugin. -->","yoast_head_json":{"title":"Azbestoza | Sanatate.md","robots":{"index":"index","follow":"follow","max-snippet":"max-snippet:-1","max-image-preview":"max-image-preview:large","max-video-preview":"max-video-preview:-1"},"canonical":"https:\/\/sanatate.md\/ro\/boli-si-tratament\/boli-ale-sistemului-respirator\/azbestoza\/","og_locale":"ro_RO","og_type":"article","og_title":"Azbestoza | Sanatate.md","og_description":"Azbestoza este un tip comun de fibroz\u0103 a pl\u0103m\u00e2nilor, care este cauzat\u0103 de inhalarea prafului de azbest. Compozi\u021bia azbestului include silica\u021bii de origine mineral\u0103 de form\u0103 fibroas\u0103 \u0219i cu compozi\u021bie chimic\u0103 diferit\u0103. C\u00e2nd azbestul intr\u0103 \u00een tractul respirator, elementele sale fibroase se a\u0219eaz\u0103 \u00een pl\u0103m\u00e2ni, provoc\u00e2nd astfel dezvoltarea fibrozei. De asemenea, inhalarea prafului de azbest [&hellip;]","og_url":"https:\/\/sanatate.md\/ro\/boli-si-tratament\/boli-ale-sistemului-respirator\/azbestoza\/","og_site_name":"Sanatate.md","twitter_card":"summary_large_image","twitter_misc":{"Timp estimat pentru citire":"2 minute"},"schema":{"@context":"https:\/\/schema.org","@graph":[{"@type":"WebPage","@id":"https:\/\/sanatate.md\/ro\/boli-si-tratament\/boli-ale-sistemului-respirator\/azbestoza\/","url":"https:\/\/sanatate.md\/ro\/boli-si-tratament\/boli-ale-sistemului-respirator\/azbestoza\/","name":"Azbestoza | Sanatate.md","isPartOf":{"@id":"https:\/\/sanatate.md\/ro\/#website"},"datePublished":"2018-02-07T10:17:58+00:00","breadcrumb":{"@id":"https:\/\/sanatate.md\/ro\/boli-si-tratament\/boli-ale-sistemului-respirator\/azbestoza\/#breadcrumb"},"inLanguage":"ro-RO","potentialAction":[{"@type":"ReadAction","target":["https:\/\/sanatate.md\/ro\/boli-si-tratament\/boli-ale-sistemului-respirator\/azbestoza\/"]}]},{"@type":"BreadcrumbList","@id":"https:\/\/sanatate.md\/ro\/boli-si-tratament\/boli-ale-sistemului-respirator\/azbestoza\/#breadcrumb","itemListElement":[{"@type":"ListItem","position":1,"name":"\u0413\u043b\u0430\u0432\u043d\u0430\u044f \u0441\u0442\u0440\u0430\u043d\u0438\u0446\u0430","item":"https:\/\/sanatate.md\/ro\/"},{"@type":"ListItem","position":2,"name":"Boli si tratament","item":"https:\/\/sanatate.md\/ro\/boli-si-tratament\/"},{"@type":"ListItem","position":3,"name":"Boli ale sistemului respirator","item":"https:\/\/sanatate.md\/ro\/boli-si-tratament\/boli-ale-sistemului-respirator\/"},{"@type":"ListItem","position":4,"name":"Azbestoza"}]},{"@type":"WebSite","@id":"https:\/\/sanatate.md\/ro\/#website","url":"https:\/\/sanatate.md\/ro\/","name":"Sanatate.md","description":"\u0416\u0443\u0440\u043d\u0430\u043b \u0434\u043b\u044f \u0432\u0441\u0435\u0439 \u0441\u0435\u043c\u044c\u0438 \u0432 \u041c\u043e\u043b\u0434\u043e\u0432\u0435","publisher":{"@id":"https:\/\/sanatate.md\/ro\/#organization"},"potentialAction":[{"@type":"SearchAction","target":{"@type":"EntryPoint","urlTemplate":"https:\/\/sanatate.md\/ro\/?s={search_term_string}"},"query-input":{"@type":"PropertyValueSpecification","valueRequired":true,"valueName":"search_term_string"}}],"inLanguage":"ro-RO"},{"@type":"Organization","@id":"https:\/\/sanatate.md\/ro\/#organization","name":"SANATATE","url":"https:\/\/sanatate.md\/ro\/","logo":{"@type":"ImageObject","inLanguage":"ro-RO","@id":"https:\/\/sanatate.md\/ro\/#\/schema\/logo\/image\/","url":"https:\/\/sanatate.md\/wp-content\/uploads\/2022\/01\/sanatate-logo.svg","contentUrl":"https:\/\/sanatate.md\/wp-content\/uploads\/2022\/01\/sanatate-logo.svg","width":"1024","height":"1024","caption":"SANATATE"},"image":{"@id":"https:\/\/sanatate.md\/ro\/#\/schema\/logo\/image\/"}}]}},"_links":{"self":[{"href":"https:\/\/sanatate.md\/ro\/wp-json\/wp\/v2\/pages\/52225","targetHints":{"allow":["GET"]}}],"collection":[{"href":"https:\/\/sanatate.md\/ro\/wp-json\/wp\/v2\/pages"}],"about":[{"href":"https:\/\/sanatate.md\/ro\/wp-json\/wp\/v2\/types\/page"}],"author":[{"embeddable":true,"href":"https:\/\/sanatate.md\/ro\/wp-json\/wp\/v2\/users\/28"}],"replies":[{"embeddable":true,"href":"https:\/\/sanatate.md\/ro\/wp-json\/wp\/v2\/comments?post=52225"}],"version-history":[{"count":0,"href":"https:\/\/sanatate.md\/ro\/wp-json\/wp\/v2\/pages\/52225\/revisions"}],"up":[{"embeddable":true,"href":"https:\/\/sanatate.md\/ro\/wp-json\/wp\/v2\/pages\/52999"}],"wp:attachment":[{"href":"https:\/\/sanatate.md\/ro\/wp-json\/wp\/v2\/media?parent=52225"}],"curies":[{"name":"wp","href":"https:\/\/api.w.org\/{rel}","templated":true}]}}