{"id":52232,"date":"2018-02-07T13:31:14","date_gmt":"2018-02-07T10:31:14","guid":{"rendered":"https:\/\/sanatate.md\/?page_id=52232"},"modified":"2018-02-08T15:48:10","modified_gmt":"2018-02-08T12:48:10","slug":"conjunctivita-alergica","status":"publish","type":"page","link":"https:\/\/sanatate.md\/ro\/boli-si-tratament\/boli-alergice\/conjunctivita-alergica\/","title":{"rendered":"Conjunctivita alergic\u0103"},"content":{"rendered":"<p>Conjunctivita alergic\u0103 se caracterizeaz\u0103 prin \u00eenro\u0219irea \u0219i umflarea pleoapelor, m\u00e2nc\u0103rime sever\u0103, l\u0103cr\u0103mare \u0219i sindromul fotofobiei.\u00a0\u00cen unele cazuri, semnele bolii sunt foarte pronun\u021bate &#8211; persoana pierde capacitatea de a munci \u00een mod normal, regimul de somn este deranjat.<\/p>\n<h3>Cauzele<\/h3>\n<p>Conjunctivita alergic\u0103 afecteaz\u0103, de regul\u0103, concomitent ambii ochi. Apar arsuri, m\u00e2nc\u0103rime, umflarea pleoapelor.\u00a0Dac\u0103 la timp este identificat\u00a0 \u0219i eliminat alergenul, v\u0103 pute\u021bi trata f\u0103r\u0103 medicamente.\u00a0Mediul este plin de alergeni \u0219i nu totdeauna e posibil s\u0103 se determine care anume v\u0103 provoac\u0103 aceast\u0103 boal\u0103.<\/p>\n<p>Cauzele apari\u0163iei conjunctivitei alergice sunt factorii:<\/p>\n<ul>\n<li>de uz casnic;<\/li>\n<li>de mediu;<\/li>\n<li>de natur\u0103 sezonier\u0103;<\/li>\n<li>de\u00a0 produc\u021bie.<\/li>\n<\/ul>\n<p>De asemenea, e posibil s\u0103 se dezvolte boala sub influen\u0163a factorilor de efecte nespecifice:<\/p>\n<ul>\n<li>diferite impurit\u0103\u021bi \u00een aer;<\/li>\n<li>curen\u0163i de aer;<\/li>\n<li>cosumarea b\u0103uturilor alcoolice;<\/li>\n<li>fumatul;<\/li>\n<li>modific\u0103ri \u00een regimul de temperatur\u0103.<\/li>\n<\/ul>\n<p>Se \u00eent\u00e2mpl\u0103 ca unii pacien\u021bi se obi\u0219nuiesc cu alergenii s\u0103i, de exemplu, cu apari\u021bia unui animal de companie (un c\u0103\u0163elu\u015f, pisoi, \u0219obolan, \u015foricel etc.), \u00een blana c\u0103rora ve\u0163uiesc provoc\u0103tori ai anumitor tipuri de alergeni.<\/p>\n<p>Propriet\u0103\u021bi alergenice se con\u0163in \u00een chitina unor insecte (mici acarieni, ce se pot reproduce la baza genelor), care pot provoca dezvoltarea blefaroconjunctivitei.<\/p>\n<p>Un alergen puternic pot fi pernele \u0219i saltelele, care sunt confec\u0163ionate din puf de p\u0103s\u0103ri.\u00a0\u00cen ele tr\u0103iesc c\u0103pu\u0219e mici.\u00a0Pentru a evita dezvoltarea conjunctivitei alergice \u00eentr-o form\u0103 cronic\u0103, trebuie s\u0103 achizi\u021biona\u021bi p\u0103turi, perne cu umplutur\u0103 de origine sintetic\u0103 \u0219i propriet\u0103\u021bi antialergice.<\/p>\n<h3>Metodele de tratament<\/h3>\n<p>Metodele de tratare a acestei boli sunt similare cu tratamentul altor alergii \u0219i includ izolarea complet\u0103 de alergenul cu pricin\u0103.\u00a0De asemenea, este recomandat s\u0103 lua\u021bi medicamente, care elimin\u0103 procesele inflamatorii din organism ca urmare a alergiilor.\u00a0Ca terapie, pute\u021bi utiliza medicamente antihistaminice.<\/p>\n<p>\u00cen unele cazuri, conjunctivita alergic\u0103 se poate manifesta prin alte simptome, iar utilizarea unei metode de picurare nu duce \u00eentotdeauna la un rezultat bun.\u00a0\u00cen a\u015fa caz, se recomand\u0103 s\u0103 contacta\u021bi centrele speciale, care studiaz\u0103 probleme similare. Acesta va prescrie un curs de tratament \u0219i v\u0103 va ajuta s\u0103 sc\u0103pa\u021bi de aceast\u0103 boal\u0103.<\/p>\n","protected":false},"excerpt":{"rendered":"<p>Conjunctivita alergic\u0103 se caracterizeaz\u0103 prin \u00eenro\u0219irea \u0219i umflarea pleoapelor, m\u00e2nc\u0103rime sever\u0103, l\u0103cr\u0103mare \u0219i sindromul fotofobiei.\u00a0\u00cen unele cazuri, semnele bolii sunt foarte pronun\u021bate &#8211; persoana pierde capacitatea de a munci \u00een mod normal, regimul de somn este deranjat. Cauzele Conjunctivita alergic\u0103 afecteaz\u0103, de regul\u0103, concomitent ambii ochi. Apar arsuri, m\u00e2nc\u0103rime, umflarea pleoapelor.\u00a0Dac\u0103 la timp este identificat\u00a0 [&hellip;]<\/p>\n","protected":false},"author":28,"featured_media":0,"parent":38228,"menu_order":0,"comment_status":"closed","ping_status":"closed","template":"","meta":{"inline_featured_image":false,"footnotes":""},"class_list":["post-52232","page","type-page","status-publish"],"yoast_head":"<!-- This site is optimized with the Yoast SEO plugin v27.3 - https:\/\/yoast.com\/product\/yoast-seo-wordpress\/ -->\n<title>Conjunctivita alergic\u0103 | Sanatate.md<\/title>\n<meta name=\"robots\" content=\"index, follow, max-snippet:-1, max-image-preview:large, max-video-preview:-1\" \/>\n<link rel=\"canonical\" href=\"https:\/\/sanatate.md\/ro\/boli-si-tratament\/boli-alergice\/conjunctivita-alergica\/\" \/>\n<meta property=\"og:locale\" content=\"ro_RO\" \/>\n<meta property=\"og:type\" content=\"article\" \/>\n<meta property=\"og:title\" content=\"Conjunctivita alergic\u0103 | Sanatate.md\" \/>\n<meta property=\"og:description\" content=\"Conjunctivita alergic\u0103 se caracterizeaz\u0103 prin \u00eenro\u0219irea \u0219i umflarea pleoapelor, m\u00e2nc\u0103rime sever\u0103, l\u0103cr\u0103mare \u0219i sindromul fotofobiei.\u00a0\u00cen unele cazuri, semnele bolii sunt foarte pronun\u021bate &#8211; persoana pierde capacitatea de a munci \u00een mod normal, regimul de somn este deranjat. Cauzele Conjunctivita alergic\u0103 afecteaz\u0103, de regul\u0103, concomitent ambii ochi. Apar arsuri, m\u00e2nc\u0103rime, umflarea pleoapelor.\u00a0Dac\u0103 la timp este identificat\u00a0 [&hellip;]\" \/>\n<meta property=\"og:url\" content=\"https:\/\/sanatate.md\/ro\/boli-si-tratament\/boli-alergice\/conjunctivita-alergica\/\" \/>\n<meta property=\"og:site_name\" content=\"Sanatate.md\" \/>\n<meta property=\"article:modified_time\" content=\"2018-02-08T12:48:10+00:00\" \/>\n<meta name=\"twitter:card\" content=\"summary_large_image\" \/>\n<meta name=\"twitter:label1\" content=\"Timp estimat pentru citire\" \/>\n\t<meta name=\"twitter:data1\" content=\"2 minute\" \/>\n<script type=\"application\/ld+json\" class=\"yoast-schema-graph\">{\"@context\":\"https:\\\/\\\/schema.org\",\"@graph\":[{\"@type\":\"WebPage\",\"@id\":\"https:\\\/\\\/sanatate.md\\\/ro\\\/boli-si-tratament\\\/boli-alergice\\\/conjunctivita-alergica\\\/\",\"url\":\"https:\\\/\\\/sanatate.md\\\/ro\\\/boli-si-tratament\\\/boli-alergice\\\/conjunctivita-alergica\\\/\",\"name\":\"Conjunctivita alergic\u0103 | Sanatate.md\",\"isPartOf\":{\"@id\":\"https:\\\/\\\/sanatate.md\\\/ro\\\/#website\"},\"datePublished\":\"2018-02-07T10:31:14+00:00\",\"dateModified\":\"2018-02-08T12:48:10+00:00\",\"breadcrumb\":{\"@id\":\"https:\\\/\\\/sanatate.md\\\/ro\\\/boli-si-tratament\\\/boli-alergice\\\/conjunctivita-alergica\\\/#breadcrumb\"},\"inLanguage\":\"ro-RO\",\"potentialAction\":[{\"@type\":\"ReadAction\",\"target\":[\"https:\\\/\\\/sanatate.md\\\/ro\\\/boli-si-tratament\\\/boli-alergice\\\/conjunctivita-alergica\\\/\"]}]},{\"@type\":\"BreadcrumbList\",\"@id\":\"https:\\\/\\\/sanatate.md\\\/ro\\\/boli-si-tratament\\\/boli-alergice\\\/conjunctivita-alergica\\\/#breadcrumb\",\"itemListElement\":[{\"@type\":\"ListItem\",\"position\":1,\"name\":\"\u0413\u043b\u0430\u0432\u043d\u0430\u044f \u0441\u0442\u0440\u0430\u043d\u0438\u0446\u0430\",\"item\":\"https:\\\/\\\/sanatate.md\\\/ro\\\/\"},{\"@type\":\"ListItem\",\"position\":2,\"name\":\"Boli si tratament\",\"item\":\"https:\\\/\\\/sanatate.md\\\/ro\\\/boli-si-tratament\\\/\"},{\"@type\":\"ListItem\",\"position\":3,\"name\":\"Boli alergice\",\"item\":\"https:\\\/\\\/sanatate.md\\\/ro\\\/boli-si-tratament\\\/boli-alergice\\\/\"},{\"@type\":\"ListItem\",\"position\":4,\"name\":\"Conjunctivita alergic\u0103\"}]},{\"@type\":\"WebSite\",\"@id\":\"https:\\\/\\\/sanatate.md\\\/ro\\\/#website\",\"url\":\"https:\\\/\\\/sanatate.md\\\/ro\\\/\",\"name\":\"Sanatate.md\",\"description\":\"\u0416\u0443\u0440\u043d\u0430\u043b \u0434\u043b\u044f \u0432\u0441\u0435\u0439 \u0441\u0435\u043c\u044c\u0438 \u0432 \u041c\u043e\u043b\u0434\u043e\u0432\u0435\",\"publisher\":{\"@id\":\"https:\\\/\\\/sanatate.md\\\/ro\\\/#organization\"},\"potentialAction\":[{\"@type\":\"SearchAction\",\"target\":{\"@type\":\"EntryPoint\",\"urlTemplate\":\"https:\\\/\\\/sanatate.md\\\/ro\\\/?s={search_term_string}\"},\"query-input\":{\"@type\":\"PropertyValueSpecification\",\"valueRequired\":true,\"valueName\":\"search_term_string\"}}],\"inLanguage\":\"ro-RO\"},{\"@type\":\"Organization\",\"@id\":\"https:\\\/\\\/sanatate.md\\\/ro\\\/#organization\",\"name\":\"SANATATE\",\"url\":\"https:\\\/\\\/sanatate.md\\\/ro\\\/\",\"logo\":{\"@type\":\"ImageObject\",\"inLanguage\":\"ro-RO\",\"@id\":\"https:\\\/\\\/sanatate.md\\\/ro\\\/#\\\/schema\\\/logo\\\/image\\\/\",\"url\":\"https:\\\/\\\/sanatate.md\\\/wp-content\\\/uploads\\\/2022\\\/01\\\/sanatate-logo.svg\",\"contentUrl\":\"https:\\\/\\\/sanatate.md\\\/wp-content\\\/uploads\\\/2022\\\/01\\\/sanatate-logo.svg\",\"width\":\"1024\",\"height\":\"1024\",\"caption\":\"SANATATE\"},\"image\":{\"@id\":\"https:\\\/\\\/sanatate.md\\\/ro\\\/#\\\/schema\\\/logo\\\/image\\\/\"}}]}<\/script>\n<!-- \/ Yoast SEO plugin. -->","yoast_head_json":{"title":"Conjunctivita alergic\u0103 | Sanatate.md","robots":{"index":"index","follow":"follow","max-snippet":"max-snippet:-1","max-image-preview":"max-image-preview:large","max-video-preview":"max-video-preview:-1"},"canonical":"https:\/\/sanatate.md\/ro\/boli-si-tratament\/boli-alergice\/conjunctivita-alergica\/","og_locale":"ro_RO","og_type":"article","og_title":"Conjunctivita alergic\u0103 | Sanatate.md","og_description":"Conjunctivita alergic\u0103 se caracterizeaz\u0103 prin \u00eenro\u0219irea \u0219i umflarea pleoapelor, m\u00e2nc\u0103rime sever\u0103, l\u0103cr\u0103mare \u0219i sindromul fotofobiei.\u00a0\u00cen unele cazuri, semnele bolii sunt foarte pronun\u021bate &#8211; persoana pierde capacitatea de a munci \u00een mod normal, regimul de somn este deranjat. Cauzele Conjunctivita alergic\u0103 afecteaz\u0103, de regul\u0103, concomitent ambii ochi. Apar arsuri, m\u00e2nc\u0103rime, umflarea pleoapelor.\u00a0Dac\u0103 la timp este identificat\u00a0 [&hellip;]","og_url":"https:\/\/sanatate.md\/ro\/boli-si-tratament\/boli-alergice\/conjunctivita-alergica\/","og_site_name":"Sanatate.md","article_modified_time":"2018-02-08T12:48:10+00:00","twitter_card":"summary_large_image","twitter_misc":{"Timp estimat pentru citire":"2 minute"},"schema":{"@context":"https:\/\/schema.org","@graph":[{"@type":"WebPage","@id":"https:\/\/sanatate.md\/ro\/boli-si-tratament\/boli-alergice\/conjunctivita-alergica\/","url":"https:\/\/sanatate.md\/ro\/boli-si-tratament\/boli-alergice\/conjunctivita-alergica\/","name":"Conjunctivita alergic\u0103 | Sanatate.md","isPartOf":{"@id":"https:\/\/sanatate.md\/ro\/#website"},"datePublished":"2018-02-07T10:31:14+00:00","dateModified":"2018-02-08T12:48:10+00:00","breadcrumb":{"@id":"https:\/\/sanatate.md\/ro\/boli-si-tratament\/boli-alergice\/conjunctivita-alergica\/#breadcrumb"},"inLanguage":"ro-RO","potentialAction":[{"@type":"ReadAction","target":["https:\/\/sanatate.md\/ro\/boli-si-tratament\/boli-alergice\/conjunctivita-alergica\/"]}]},{"@type":"BreadcrumbList","@id":"https:\/\/sanatate.md\/ro\/boli-si-tratament\/boli-alergice\/conjunctivita-alergica\/#breadcrumb","itemListElement":[{"@type":"ListItem","position":1,"name":"\u0413\u043b\u0430\u0432\u043d\u0430\u044f \u0441\u0442\u0440\u0430\u043d\u0438\u0446\u0430","item":"https:\/\/sanatate.md\/ro\/"},{"@type":"ListItem","position":2,"name":"Boli si tratament","item":"https:\/\/sanatate.md\/ro\/boli-si-tratament\/"},{"@type":"ListItem","position":3,"name":"Boli alergice","item":"https:\/\/sanatate.md\/ro\/boli-si-tratament\/boli-alergice\/"},{"@type":"ListItem","position":4,"name":"Conjunctivita alergic\u0103"}]},{"@type":"WebSite","@id":"https:\/\/sanatate.md\/ro\/#website","url":"https:\/\/sanatate.md\/ro\/","name":"Sanatate.md","description":"\u0416\u0443\u0440\u043d\u0430\u043b \u0434\u043b\u044f \u0432\u0441\u0435\u0439 \u0441\u0435\u043c\u044c\u0438 \u0432 \u041c\u043e\u043b\u0434\u043e\u0432\u0435","publisher":{"@id":"https:\/\/sanatate.md\/ro\/#organization"},"potentialAction":[{"@type":"SearchAction","target":{"@type":"EntryPoint","urlTemplate":"https:\/\/sanatate.md\/ro\/?s={search_term_string}"},"query-input":{"@type":"PropertyValueSpecification","valueRequired":true,"valueName":"search_term_string"}}],"inLanguage":"ro-RO"},{"@type":"Organization","@id":"https:\/\/sanatate.md\/ro\/#organization","name":"SANATATE","url":"https:\/\/sanatate.md\/ro\/","logo":{"@type":"ImageObject","inLanguage":"ro-RO","@id":"https:\/\/sanatate.md\/ro\/#\/schema\/logo\/image\/","url":"https:\/\/sanatate.md\/wp-content\/uploads\/2022\/01\/sanatate-logo.svg","contentUrl":"https:\/\/sanatate.md\/wp-content\/uploads\/2022\/01\/sanatate-logo.svg","width":"1024","height":"1024","caption":"SANATATE"},"image":{"@id":"https:\/\/sanatate.md\/ro\/#\/schema\/logo\/image\/"}}]}},"_links":{"self":[{"href":"https:\/\/sanatate.md\/ro\/wp-json\/wp\/v2\/pages\/52232","targetHints":{"allow":["GET"]}}],"collection":[{"href":"https:\/\/sanatate.md\/ro\/wp-json\/wp\/v2\/pages"}],"about":[{"href":"https:\/\/sanatate.md\/ro\/wp-json\/wp\/v2\/types\/page"}],"author":[{"embeddable":true,"href":"https:\/\/sanatate.md\/ro\/wp-json\/wp\/v2\/users\/28"}],"replies":[{"embeddable":true,"href":"https:\/\/sanatate.md\/ro\/wp-json\/wp\/v2\/comments?post=52232"}],"version-history":[{"count":0,"href":"https:\/\/sanatate.md\/ro\/wp-json\/wp\/v2\/pages\/52232\/revisions"}],"up":[{"embeddable":true,"href":"https:\/\/sanatate.md\/ro\/wp-json\/wp\/v2\/pages\/38228"}],"wp:attachment":[{"href":"https:\/\/sanatate.md\/ro\/wp-json\/wp\/v2\/media?parent=52232"}],"curies":[{"name":"wp","href":"https:\/\/api.w.org\/{rel}","templated":true}]}}