{"id":52236,"date":"2018-02-07T13:38:52","date_gmt":"2018-02-07T10:38:52","guid":{"rendered":"https:\/\/sanatate.md\/?page_id=52236"},"modified":"2018-02-07T13:38:52","modified_gmt":"2018-02-07T10:38:52","slug":"ascaridioza","status":"publish","type":"page","link":"https:\/\/sanatate.md\/ro\/boli-si-tratament\/boli-comune\/ascaridioza\/","title":{"rendered":"Ascaridioza"},"content":{"rendered":"<p>Ascaridioza &#8211; invazie helmintic\u0103, infec\u021bie cu ascaride.<\/p>\n<h3>Cauzele bolii<\/h3>\n<p>Agentul cauzal este parazitul ascarid\u0103, care este \u00een form\u0103 de ax \u0219i are o culoare ro\u0219ietic\u0103. Viermii mor\u021bi sunt de culoare alb-g\u0103lbuie.<\/p>\n<p>Masculii au o lungime de 15 \u2013 25 de cm \u0219i o l\u0103\u021bime de 4 mm. Coada seam\u0103n\u0103 cu un c\u00e2rlig. Pe partea opus\u0103 a cozii exist\u0103 70 de perechi de preanali \u0219i 7 perechi de sf\u00e2rcuri postanale. Acestea sunt organele specifice de percepere a parazitului.<\/p>\n<p>Femelele sunt mult mai mari dec\u00e2t masculii: ajung la o lungime de 40 cm. Partea posterioar\u0103 a corpului parazitului are o form\u0103 ascu\u021bit\u0103 \u00een form\u0103 de con. La cap\u0103tul p\u0103r\u021bii anterioare este o vulva. La adulte aici se formeaz\u0103 parc\u0103 un inel. Exist\u0103 o deschidere anal\u0103 \u00een apropierea cap\u0103tului posterior.<\/p>\n<p>Capul viermelui este echipat cu 3 buze, care \u00eenconjoar\u0103 gura. Pe p\u0103r\u021bile laterale exist\u0103 linii longitudinale vizibile, pe care sunt localizate tuburile sistemului de excre\u021bie.<\/p>\n<p>Sistemul digestiv const\u0103 dintr-o gur\u0103, un esofag lung de form\u0103 cilindric\u0103, un tub intestinal la cap\u0103tul c\u0103ruia este deschiderea anal\u0103.<\/p>\n<p>Ascaridele sunt foarte prolifice. \u00cen corpul unei femele pot exista p\u00e2n\u0103 la 26 de milioane de ou\u0103 \u00een diverse stadii de dezvoltare. Timp de 24 de ore o femel\u0103 matur\u0103 depune aproximativ 250 de mii de ou\u0103, iar pe an &#8211; aproximativ 65 de milioane.<\/p>\n<p>Ou\u0103le sunt ovale, uneori au form\u0103 sferic\u0103, cu un \u00eenveli\u0219 gros pe exterior &#8211; proteine, acoperite cu tuberculi, incolore \u0219i transparente atunci c\u00e2nd sunt \u00een interiorul femelei. P\u0103r\u0103sind femelele \u0219i nimerind \u00een intestin, ou\u0103le iau culoarea fecalelor maro sau galben.<\/p>\n<p>Parazitul dat se dezvolt\u0103 \u00eentr-o gazd\u0103, dezvoltarea depinde de clim\u0103 \u0219i de condi\u021biile naturale. Viermii maturi tr\u0103iesc \u00een intestinul sub\u021bire al corpului uman. C\u00e2nd masculii \u0219i femelele paraziteaz\u0103 simultan, femela depun ou\u0103 fertilizate, care se dezvolt\u0103 \u0219i se maturizeaz\u0103 \u00een sol, la o temperatur\u0103 de 13 &#8211; 36 \u00b0 C \u0219i o umiditate de 4 &#8211; 8%.<\/p>\n<p>Etapele dezvolt\u0103rii parazi\u021bilor:<\/p>\n<ul>\n<li>blastomer;<\/li>\n<li>morul\u0103;<\/li>\n<li>gastrul\u0103;<\/li>\n<li>mormoloc;<\/li>\n<li>larv\u0103.<\/li>\n<\/ul>\n<p>\u00cen cazul, \u00een care numai femela paraziteaz\u0103 \u00een corpul uman, ou\u0103le vor fi nefertilizate. Se produce o otr\u0103vire non-intensiv\u0103 a organismului, dar ou\u0103le sunt nefertilizate \u0219i nu se dezvolt\u0103 \u00een continuare.<\/p>\n<p>Atunci c\u00e2nd ou\u0103le nimeresc \u00een corpul uman, plicul ou\u0103lor fertilizate \u00een intestin se rupe \u015fi larvele iese la libertate. Ele parcurg o cale de migrare lung\u0103: prin membrana mucoas\u0103 a intestinului trec \u00een capilarele venei ficatului, de acolo &#8211; \u00een partea dreapt\u0103 a inimii, apoi prin vasele de s\u00e2nge &#8211; \u00een pl\u0103m\u00e2ni. P\u0103trung\u00e2nd prin capilarele deteriorate \u00een alveolele, migreaz\u0103 la nivelul tractului respirator superior, intr\u0103 \u00een gur\u0103 \u0219i de acolo, \u00eempreun\u0103 cu saliva &#8211; \u00een stomac, de aici &#8211; in intestin, unde se maturizeaz\u0103.<\/p>\n<p>Aceast\u0103 cale e parcurs\u0103 aproximativ \u00een dou\u0103 s\u0103pt\u0103m\u00e2ni. Numai larva care a migrat se maturizeaz\u0103 sexual \u015fi e capabil\u0103 s\u0103 se reproduc\u0103.<\/p>\n<p>De la momentul infect\u0103rii p\u00e2n\u0103 la apari\u021bia ou\u0103lor \u00een excremente trec 2 luni \u0219i jum\u0103tate.<\/p>\n<p>Helmintul paraziteaz\u0103 \u00een corpul uman nu mai mult de 1 an.<\/p>\n<p>Sursa de infec\u021bie este o persoan\u0103 infectat\u0103, de pegul\u0103, copiii. Ou\u0103le din fecalii nu sunt contagioase, astfel \u00eenc\u00e2t persoanele infectate cu viermi nu prezint\u0103 o amenin\u021bare pentru ceilal\u021bi.<\/p>\n<p>Nimerind \u00eempreun\u0103 cu fecalele \u00een sol, ou\u0103le parazi\u0163ilor sufer\u0103 un proces de invazivitate, dac\u0103 exist\u0103 condi\u021bii favorabile.<\/p>\n<p>La temperaturi de peste 50 \u00b0 C ou\u0103le mor rapid, iar la fierbere sunt distruse imediat.<\/p>\n<p>Ou\u0103le pot supravie\u021bui \u00een sol p\u00e2n\u0103 la 12 ani.<\/p>\n<h3>Ascaridioza: simptomele unei st\u0103ri dureroase<\/h3>\n<p>Etapa ini\u021bial\u0103 a st\u0103rii de boal\u0103 poate trece asimptomatic.<\/p>\n<p>Uneori pacien\u021bii se pl\u00e2ng de sl\u0103biciune general\u0103, degradare, febr\u0103, erup\u021bie cutanat\u0103.<\/p>\n<p>Poate apare o tuse, uneori cu particule de s\u00e2nge \u00een caz de infec\u021bie a pl\u0103m\u00e2nilor, scurtarea respira\u021biei, este posibil\u0103 o durere \u00een piept. \u00cen procesul examin\u0103rii specialistul aude sunete \u00een pl\u0103m\u00eeni, depisteaz\u0103 semne de pleurezie exsudativ\u0103, pneumonie acut\u0103 sau bron\u0219it\u0103.<\/p>\n<p>Uneori exist\u0103 schimb\u0103ri \u00een activitatea inimii.<\/p>\n<p>Faza intestinal\u0103 a st\u0103rii de boal\u0103 poate trece, de asemenea, f\u0103ra simptome evidente, dar, \u00een cazuri grave, se atest\u0103 pierderea poftei de m\u00e2ncare, grea\u021b\u0103, hipersaliva\u021bie, mai ales diminea\u021ba.<\/p>\n<p>Uneori invazia helmintic\u0103 se manifest\u0103 prin disfunc\u0163ie la stomac, constipa\u021bie. Copiii au dureri de stomac sub form\u0103 de t\u0103ieturi, ele apar de la sine sau \u00een timpul palp\u0103rii.<\/p>\n<p>La examinarea cu raze X se profileaz\u0103 patologia reliefului mucoasei. Pot exista senza\u021bii nepl\u0103cute de mi\u0219c\u0103ri \u00een abdomen, meteorism.<\/p>\n<p>La copii maladia dat\u0103 dezvolt\u0103 sindromul astenic, el se simte r\u0103u, devine iritabil, doarme r\u0103u, \u00een timpul somnului tresare. Uneori se dezvolt\u0103 isteria sau epilepsia.<\/p>\n<p>Intelectul copilului scade, el r\u0103m\u00e2ne \u00een urma colegilor.<\/p>\n<p>Boala are impact asupra femeilor gravide &#8211; influen\u0163eaz\u0103 negativ asupra dezvolt\u0103rii f\u0103tului, sunt posibile patologii, toxicoze \u0219i na\u0219terile dificile.<\/p>\n<p>Complica\u021biile unei st\u0103ri dureroase pot fi o obstruc\u021bie a intestinului, penetrarea viermilor \u00een canalele biliare \u0219i \u00een bil\u0103, \u00een canalele pancreasului. Dac\u0103 helmin\u021bii urc\u0103 prin esofag p\u00e2n\u0103 la faringe \u0219i de acolo &#8211; \u00een tractul respirator, poate survine moartea prin asfixiere.<\/p>\n<p>Invazia cu parazi\u021bi provoac\u0103 dezvoltarea anemiei, sl\u0103bind sistemul imunitar.<\/p>\n<h3>Diagnosticarea unei afec\u021biuni dureroase<\/h3>\n<p>Faza timpurie a bolii este diagnosticat\u0103 prin studii clinice epidemiologice. E posibil\u0103 depistarea bolii prin prezen\u021ba semnelor de patologie a pl\u0103m\u00e2nilor \u0219i a bronhiilor, eozinofilia s\u00e2ngelui \u00een perioada de var\u0103, \u00eencadrarea copilului la muncile de c\u00e2mp, aflarea \u00een focarul bolii.<\/p>\n<p>\u00cen scopul profilaxiei, se indic\u0103 depistarea diagnosticului.<\/p>\n<h3>Ascaride: tratamentul<\/h3>\n<p>Pentru tratamentul bolii sunt utilizate:<\/p>\n<ul>\n<li>Adipinat de piperazin\u0103;<\/li>\n<li>Pirantel;<\/li>\n<li>levamisol;<\/li>\n<li>Vormil.<\/li>\n<\/ul>\n<p>O solu\u021bie eficient\u0103 este oxigenul, care este injectat \u00een stomac cu o sond\u0103. Dup\u0103 procedur\u0103, pacientul ar trebui s\u0103 stea culcat aproximativ 2 ore.<\/p>\n<p>Oxigenul nu este utilizat \u00een cazul ulcerelor \u0219i bolilor inflamatorii ale peritoneului.<\/p>\n<h3>Prevenirea bolii<\/h3>\n<p>Profilaxia \u00een cazul unei st\u0103ri dureroase este \u00eendreptat\u0103 spre identificarea \u0219i tratamentul pacien\u021bilor, protejarea solului de contamin\u0103ri prin excremente, efectuarea lucr\u0103rilor de educa\u021bie sanitar\u0103 \u00een r\u00e2ndul copiilor \u0219i adul\u021bilor.<\/p>\n<p>Succesul prevenirii depinde \u00een mare m\u0103sur\u0103 de cultura sanitar\u0103 a popula\u021biei.<\/p>\n","protected":false},"excerpt":{"rendered":"<p>Ascaridioza &#8211; invazie helmintic\u0103, infec\u021bie cu ascaride. Cauzele bolii Agentul cauzal este parazitul ascarid\u0103, care este \u00een form\u0103 de ax \u0219i are o culoare ro\u0219ietic\u0103. Viermii mor\u021bi sunt de culoare alb-g\u0103lbuie. Masculii au o lungime de 15 \u2013 25 de cm \u0219i o l\u0103\u021bime de 4 mm. Coada seam\u0103n\u0103 cu un c\u00e2rlig. Pe partea opus\u0103 [&hellip;]<\/p>\n","protected":false},"author":28,"featured_media":0,"parent":53020,"menu_order":0,"comment_status":"closed","ping_status":"closed","template":"","meta":{"inline_featured_image":false,"footnotes":""},"class_list":["post-52236","page","type-page","status-publish"],"yoast_head":"<!-- This site is optimized with the Yoast SEO plugin v27.3 - https:\/\/yoast.com\/product\/yoast-seo-wordpress\/ -->\n<title>Ascaridioza | Sanatate.md<\/title>\n<meta name=\"robots\" content=\"index, follow, max-snippet:-1, max-image-preview:large, max-video-preview:-1\" \/>\n<link rel=\"canonical\" href=\"https:\/\/sanatate.md\/ro\/boli-si-tratament\/boli-comune\/ascaridioza\/\" \/>\n<meta property=\"og:locale\" content=\"ro_RO\" \/>\n<meta property=\"og:type\" content=\"article\" \/>\n<meta property=\"og:title\" content=\"Ascaridioza | Sanatate.md\" \/>\n<meta property=\"og:description\" content=\"Ascaridioza &#8211; invazie helmintic\u0103, infec\u021bie cu ascaride. Cauzele bolii Agentul cauzal este parazitul ascarid\u0103, care este \u00een form\u0103 de ax \u0219i are o culoare ro\u0219ietic\u0103. Viermii mor\u021bi sunt de culoare alb-g\u0103lbuie. Masculii au o lungime de 15 \u2013 25 de cm \u0219i o l\u0103\u021bime de 4 mm. Coada seam\u0103n\u0103 cu un c\u00e2rlig. Pe partea opus\u0103 [&hellip;]\" \/>\n<meta property=\"og:url\" content=\"https:\/\/sanatate.md\/ro\/boli-si-tratament\/boli-comune\/ascaridioza\/\" \/>\n<meta property=\"og:site_name\" content=\"Sanatate.md\" \/>\n<meta name=\"twitter:card\" content=\"summary_large_image\" \/>\n<meta name=\"twitter:label1\" content=\"Timp estimat pentru citire\" \/>\n\t<meta name=\"twitter:data1\" content=\"5 minute\" \/>\n<script type=\"application\/ld+json\" class=\"yoast-schema-graph\">{\"@context\":\"https:\\\/\\\/schema.org\",\"@graph\":[{\"@type\":\"WebPage\",\"@id\":\"https:\\\/\\\/sanatate.md\\\/ro\\\/boli-si-tratament\\\/boli-comune\\\/ascaridioza\\\/\",\"url\":\"https:\\\/\\\/sanatate.md\\\/ro\\\/boli-si-tratament\\\/boli-comune\\\/ascaridioza\\\/\",\"name\":\"Ascaridioza | Sanatate.md\",\"isPartOf\":{\"@id\":\"https:\\\/\\\/sanatate.md\\\/ro\\\/#website\"},\"datePublished\":\"2018-02-07T10:38:52+00:00\",\"breadcrumb\":{\"@id\":\"https:\\\/\\\/sanatate.md\\\/ro\\\/boli-si-tratament\\\/boli-comune\\\/ascaridioza\\\/#breadcrumb\"},\"inLanguage\":\"ro-RO\",\"potentialAction\":[{\"@type\":\"ReadAction\",\"target\":[\"https:\\\/\\\/sanatate.md\\\/ro\\\/boli-si-tratament\\\/boli-comune\\\/ascaridioza\\\/\"]}]},{\"@type\":\"BreadcrumbList\",\"@id\":\"https:\\\/\\\/sanatate.md\\\/ro\\\/boli-si-tratament\\\/boli-comune\\\/ascaridioza\\\/#breadcrumb\",\"itemListElement\":[{\"@type\":\"ListItem\",\"position\":1,\"name\":\"\u0413\u043b\u0430\u0432\u043d\u0430\u044f \u0441\u0442\u0440\u0430\u043d\u0438\u0446\u0430\",\"item\":\"https:\\\/\\\/sanatate.md\\\/ro\\\/\"},{\"@type\":\"ListItem\",\"position\":2,\"name\":\"Boli si tratament\",\"item\":\"https:\\\/\\\/sanatate.md\\\/ro\\\/boli-si-tratament\\\/\"},{\"@type\":\"ListItem\",\"position\":3,\"name\":\"Boli comune\",\"item\":\"https:\\\/\\\/sanatate.md\\\/ro\\\/boli-si-tratament\\\/boli-comune\\\/\"},{\"@type\":\"ListItem\",\"position\":4,\"name\":\"Ascaridioza\"}]},{\"@type\":\"WebSite\",\"@id\":\"https:\\\/\\\/sanatate.md\\\/ro\\\/#website\",\"url\":\"https:\\\/\\\/sanatate.md\\\/ro\\\/\",\"name\":\"Sanatate.md\",\"description\":\"\u0416\u0443\u0440\u043d\u0430\u043b \u0434\u043b\u044f \u0432\u0441\u0435\u0439 \u0441\u0435\u043c\u044c\u0438 \u0432 \u041c\u043e\u043b\u0434\u043e\u0432\u0435\",\"publisher\":{\"@id\":\"https:\\\/\\\/sanatate.md\\\/ro\\\/#organization\"},\"potentialAction\":[{\"@type\":\"SearchAction\",\"target\":{\"@type\":\"EntryPoint\",\"urlTemplate\":\"https:\\\/\\\/sanatate.md\\\/ro\\\/?s={search_term_string}\"},\"query-input\":{\"@type\":\"PropertyValueSpecification\",\"valueRequired\":true,\"valueName\":\"search_term_string\"}}],\"inLanguage\":\"ro-RO\"},{\"@type\":\"Organization\",\"@id\":\"https:\\\/\\\/sanatate.md\\\/ro\\\/#organization\",\"name\":\"SANATATE\",\"url\":\"https:\\\/\\\/sanatate.md\\\/ro\\\/\",\"logo\":{\"@type\":\"ImageObject\",\"inLanguage\":\"ro-RO\",\"@id\":\"https:\\\/\\\/sanatate.md\\\/ro\\\/#\\\/schema\\\/logo\\\/image\\\/\",\"url\":\"https:\\\/\\\/sanatate.md\\\/wp-content\\\/uploads\\\/2022\\\/01\\\/sanatate-logo.svg\",\"contentUrl\":\"https:\\\/\\\/sanatate.md\\\/wp-content\\\/uploads\\\/2022\\\/01\\\/sanatate-logo.svg\",\"width\":\"1024\",\"height\":\"1024\",\"caption\":\"SANATATE\"},\"image\":{\"@id\":\"https:\\\/\\\/sanatate.md\\\/ro\\\/#\\\/schema\\\/logo\\\/image\\\/\"}}]}<\/script>\n<!-- \/ Yoast SEO plugin. -->","yoast_head_json":{"title":"Ascaridioza | Sanatate.md","robots":{"index":"index","follow":"follow","max-snippet":"max-snippet:-1","max-image-preview":"max-image-preview:large","max-video-preview":"max-video-preview:-1"},"canonical":"https:\/\/sanatate.md\/ro\/boli-si-tratament\/boli-comune\/ascaridioza\/","og_locale":"ro_RO","og_type":"article","og_title":"Ascaridioza | Sanatate.md","og_description":"Ascaridioza &#8211; invazie helmintic\u0103, infec\u021bie cu ascaride. Cauzele bolii Agentul cauzal este parazitul ascarid\u0103, care este \u00een form\u0103 de ax \u0219i are o culoare ro\u0219ietic\u0103. Viermii mor\u021bi sunt de culoare alb-g\u0103lbuie. Masculii au o lungime de 15 \u2013 25 de cm \u0219i o l\u0103\u021bime de 4 mm. Coada seam\u0103n\u0103 cu un c\u00e2rlig. Pe partea opus\u0103 [&hellip;]","og_url":"https:\/\/sanatate.md\/ro\/boli-si-tratament\/boli-comune\/ascaridioza\/","og_site_name":"Sanatate.md","twitter_card":"summary_large_image","twitter_misc":{"Timp estimat pentru citire":"5 minute"},"schema":{"@context":"https:\/\/schema.org","@graph":[{"@type":"WebPage","@id":"https:\/\/sanatate.md\/ro\/boli-si-tratament\/boli-comune\/ascaridioza\/","url":"https:\/\/sanatate.md\/ro\/boli-si-tratament\/boli-comune\/ascaridioza\/","name":"Ascaridioza | Sanatate.md","isPartOf":{"@id":"https:\/\/sanatate.md\/ro\/#website"},"datePublished":"2018-02-07T10:38:52+00:00","breadcrumb":{"@id":"https:\/\/sanatate.md\/ro\/boli-si-tratament\/boli-comune\/ascaridioza\/#breadcrumb"},"inLanguage":"ro-RO","potentialAction":[{"@type":"ReadAction","target":["https:\/\/sanatate.md\/ro\/boli-si-tratament\/boli-comune\/ascaridioza\/"]}]},{"@type":"BreadcrumbList","@id":"https:\/\/sanatate.md\/ro\/boli-si-tratament\/boli-comune\/ascaridioza\/#breadcrumb","itemListElement":[{"@type":"ListItem","position":1,"name":"\u0413\u043b\u0430\u0432\u043d\u0430\u044f \u0441\u0442\u0440\u0430\u043d\u0438\u0446\u0430","item":"https:\/\/sanatate.md\/ro\/"},{"@type":"ListItem","position":2,"name":"Boli si tratament","item":"https:\/\/sanatate.md\/ro\/boli-si-tratament\/"},{"@type":"ListItem","position":3,"name":"Boli comune","item":"https:\/\/sanatate.md\/ro\/boli-si-tratament\/boli-comune\/"},{"@type":"ListItem","position":4,"name":"Ascaridioza"}]},{"@type":"WebSite","@id":"https:\/\/sanatate.md\/ro\/#website","url":"https:\/\/sanatate.md\/ro\/","name":"Sanatate.md","description":"\u0416\u0443\u0440\u043d\u0430\u043b \u0434\u043b\u044f \u0432\u0441\u0435\u0439 \u0441\u0435\u043c\u044c\u0438 \u0432 \u041c\u043e\u043b\u0434\u043e\u0432\u0435","publisher":{"@id":"https:\/\/sanatate.md\/ro\/#organization"},"potentialAction":[{"@type":"SearchAction","target":{"@type":"EntryPoint","urlTemplate":"https:\/\/sanatate.md\/ro\/?s={search_term_string}"},"query-input":{"@type":"PropertyValueSpecification","valueRequired":true,"valueName":"search_term_string"}}],"inLanguage":"ro-RO"},{"@type":"Organization","@id":"https:\/\/sanatate.md\/ro\/#organization","name":"SANATATE","url":"https:\/\/sanatate.md\/ro\/","logo":{"@type":"ImageObject","inLanguage":"ro-RO","@id":"https:\/\/sanatate.md\/ro\/#\/schema\/logo\/image\/","url":"https:\/\/sanatate.md\/wp-content\/uploads\/2022\/01\/sanatate-logo.svg","contentUrl":"https:\/\/sanatate.md\/wp-content\/uploads\/2022\/01\/sanatate-logo.svg","width":"1024","height":"1024","caption":"SANATATE"},"image":{"@id":"https:\/\/sanatate.md\/ro\/#\/schema\/logo\/image\/"}}]}},"_links":{"self":[{"href":"https:\/\/sanatate.md\/ro\/wp-json\/wp\/v2\/pages\/52236","targetHints":{"allow":["GET"]}}],"collection":[{"href":"https:\/\/sanatate.md\/ro\/wp-json\/wp\/v2\/pages"}],"about":[{"href":"https:\/\/sanatate.md\/ro\/wp-json\/wp\/v2\/types\/page"}],"author":[{"embeddable":true,"href":"https:\/\/sanatate.md\/ro\/wp-json\/wp\/v2\/users\/28"}],"replies":[{"embeddable":true,"href":"https:\/\/sanatate.md\/ro\/wp-json\/wp\/v2\/comments?post=52236"}],"version-history":[{"count":0,"href":"https:\/\/sanatate.md\/ro\/wp-json\/wp\/v2\/pages\/52236\/revisions"}],"up":[{"embeddable":true,"href":"https:\/\/sanatate.md\/ro\/wp-json\/wp\/v2\/pages\/53020"}],"wp:attachment":[{"href":"https:\/\/sanatate.md\/ro\/wp-json\/wp\/v2\/media?parent=52236"}],"curies":[{"name":"wp","href":"https:\/\/api.w.org\/{rel}","templated":true}]}}