{"id":52353,"date":"2018-02-08T16:07:23","date_gmt":"2018-02-08T13:07:23","guid":{"rendered":"https:\/\/sanatate.md\/?page_id=52353"},"modified":"2018-02-08T16:07:23","modified_gmt":"2018-02-08T13:07:23","slug":"alveococcosis","status":"publish","type":"page","link":"https:\/\/sanatate.md\/ro\/boli-si-tratament\/boli-comune\/alveococcosis\/","title":{"rendered":"Alveococcosis"},"content":{"rendered":"<p>Alveococcosis &#8211; originea bolii e antihelmitic\u0103, care se caracterizeaz\u0103 printr-o form\u0103 sever\u0103, \u00een consecin\u0163\u0103 ficatul este afectat de tumori, de multe ori cu metastaze penetrante la pl\u0103m\u00e2ni, creier \u0219i alte organe.<\/p>\n<h3>Cauzele<\/h3>\n<p>Agen\u021bii bolii sunt microorganismele din grupul Alveococcus multilokularis. Cestodesle se dezvolt\u0103 \u00een gazdele intermediare \u0219i finale. Omul este obiect intermediar, \u00een organismul c\u0103ruia larvele helmin\u021bilor se formeaz\u0103 ca conglomerat de mas\u0103 gelatinoas\u0103 dens\u0103, cu o alveol\u0103 \u0219i c\u00e2rlige.<\/p>\n<p>Studiile au ar\u0103tat, c\u0103 larva din corpul uman cre\u0219te cinci &#8211; zece ani, iar uneori \u015fi mai mult, ating\u00e2nd m\u0103rimea unei nuci.<\/p>\n<p>Anume omul este punctul final \u00een dezvoltarea ciclului biologic al helmin\u021bilor, pe c\u00e2nd alte gazde intermediare (roz\u0103toarele din specii diferite) sunt exact intermediarii \u00een lan\u021bul de la gazdele finale: vulpi, c\u00e2ini, lupi \u0219i alte specii de animale de prad\u0103.<\/p>\n<h3>Simptomatologia<\/h3>\n<p>Alveococoza poate fi asimptomatic\u0103 pentru o perioad\u0103 de timp. \u00cen stadiile incipiente pot fi observate dureri \u0219i greut\u0103\u021bi dureroase \u00een hipocondrul drept. Simptomele acestei boli pot fi:<\/p>\n<ul>\n<li>formarea unei suprafe\u021be hepatice neuniforme, \u00een procesul palpa\u0163iei uneori se simt condens\u0103ri parazitare nodale cu o form\u0103 dens\u0103;<\/li>\n<li>ca urmare a unui test de s\u00e2nge, este determinat eozinofilia, cre\u015fte nivelul ESR, indicele testului timol etc.<\/li>\n<\/ul>\n<p>La o etap\u0103 mai \u00eenaintat\u0103 se poate dezvolta icter, procese inflamatorii \u00een ficat \u0219i colangit\u0103 de tip purulent. Cea mai periculoas\u0103 este complica\u021bia form\u0103rii metastazelor \u00een pl\u0103m\u00e2ni, care dezvolt\u0103 cancerul nu numai la pl\u0103m\u00e2ni, ci \u0219i \u00een alte organe interne.<\/p>\n<h3>Diagnosticarea<\/h3>\n<p>Diagnosticul se efectueaz\u0103 \u00een moduri diferite:<\/p>\n<ul>\n<li>examinarea cu raze X;<\/li>\n<li>ecografia \u0219i scanarea hepatic\u0103;<\/li>\n<li>test serologic cu utilizarea antigenilor specifici.<\/li>\n<\/ul>\n<h3>Tratamentul<\/h3>\n<p>\u00cen cele mai multe cazuri, se prescrie Vermox \u0219i interven\u021bie chirurgical\u0103 obligatorie.<\/p>\n","protected":false},"excerpt":{"rendered":"<p>Alveococcosis &#8211; originea bolii e antihelmitic\u0103, care se caracterizeaz\u0103 printr-o form\u0103 sever\u0103, \u00een consecin\u0163\u0103 ficatul este afectat de tumori, de multe ori cu metastaze penetrante la pl\u0103m\u00e2ni, creier \u0219i alte organe. Cauzele Agen\u021bii bolii sunt microorganismele din grupul Alveococcus multilokularis. Cestodesle se dezvolt\u0103 \u00een gazdele intermediare \u0219i finale. Omul este obiect intermediar, \u00een organismul c\u0103ruia [&hellip;]<\/p>\n","protected":false},"author":28,"featured_media":0,"parent":53020,"menu_order":0,"comment_status":"closed","ping_status":"closed","template":"","meta":{"inline_featured_image":false,"footnotes":""},"class_list":["post-52353","page","type-page","status-publish"],"yoast_head":"<!-- This site is optimized with the Yoast SEO plugin v27.3 - https:\/\/yoast.com\/product\/yoast-seo-wordpress\/ -->\n<title>Alveococcosis | Sanatate.md<\/title>\n<meta name=\"robots\" content=\"index, follow, max-snippet:-1, max-image-preview:large, max-video-preview:-1\" \/>\n<link rel=\"canonical\" href=\"https:\/\/sanatate.md\/ro\/boli-si-tratament\/boli-comune\/alveococcosis\/\" \/>\n<meta property=\"og:locale\" content=\"ro_RO\" \/>\n<meta property=\"og:type\" content=\"article\" \/>\n<meta property=\"og:title\" content=\"Alveococcosis | Sanatate.md\" \/>\n<meta property=\"og:description\" content=\"Alveococcosis &#8211; originea bolii e antihelmitic\u0103, care se caracterizeaz\u0103 printr-o form\u0103 sever\u0103, \u00een consecin\u0163\u0103 ficatul este afectat de tumori, de multe ori cu metastaze penetrante la pl\u0103m\u00e2ni, creier \u0219i alte organe. Cauzele Agen\u021bii bolii sunt microorganismele din grupul Alveococcus multilokularis. Cestodesle se dezvolt\u0103 \u00een gazdele intermediare \u0219i finale. Omul este obiect intermediar, \u00een organismul c\u0103ruia [&hellip;]\" \/>\n<meta property=\"og:url\" content=\"https:\/\/sanatate.md\/ro\/boli-si-tratament\/boli-comune\/alveococcosis\/\" \/>\n<meta property=\"og:site_name\" content=\"Sanatate.md\" \/>\n<meta name=\"twitter:card\" content=\"summary_large_image\" \/>\n<meta name=\"twitter:label1\" content=\"Timp estimat pentru citire\" \/>\n\t<meta name=\"twitter:data1\" content=\"1 minut\" \/>\n<script type=\"application\/ld+json\" class=\"yoast-schema-graph\">{\"@context\":\"https:\\\/\\\/schema.org\",\"@graph\":[{\"@type\":\"WebPage\",\"@id\":\"https:\\\/\\\/sanatate.md\\\/ro\\\/boli-si-tratament\\\/boli-comune\\\/alveococcosis\\\/\",\"url\":\"https:\\\/\\\/sanatate.md\\\/ro\\\/boli-si-tratament\\\/boli-comune\\\/alveococcosis\\\/\",\"name\":\"Alveococcosis | Sanatate.md\",\"isPartOf\":{\"@id\":\"https:\\\/\\\/sanatate.md\\\/ro\\\/#website\"},\"datePublished\":\"2018-02-08T13:07:23+00:00\",\"breadcrumb\":{\"@id\":\"https:\\\/\\\/sanatate.md\\\/ro\\\/boli-si-tratament\\\/boli-comune\\\/alveococcosis\\\/#breadcrumb\"},\"inLanguage\":\"ro-RO\",\"potentialAction\":[{\"@type\":\"ReadAction\",\"target\":[\"https:\\\/\\\/sanatate.md\\\/ro\\\/boli-si-tratament\\\/boli-comune\\\/alveococcosis\\\/\"]}]},{\"@type\":\"BreadcrumbList\",\"@id\":\"https:\\\/\\\/sanatate.md\\\/ro\\\/boli-si-tratament\\\/boli-comune\\\/alveococcosis\\\/#breadcrumb\",\"itemListElement\":[{\"@type\":\"ListItem\",\"position\":1,\"name\":\"\u0413\u043b\u0430\u0432\u043d\u0430\u044f \u0441\u0442\u0440\u0430\u043d\u0438\u0446\u0430\",\"item\":\"https:\\\/\\\/sanatate.md\\\/ro\\\/\"},{\"@type\":\"ListItem\",\"position\":2,\"name\":\"Boli si tratament\",\"item\":\"https:\\\/\\\/sanatate.md\\\/ro\\\/boli-si-tratament\\\/\"},{\"@type\":\"ListItem\",\"position\":3,\"name\":\"Boli comune\",\"item\":\"https:\\\/\\\/sanatate.md\\\/ro\\\/boli-si-tratament\\\/boli-comune\\\/\"},{\"@type\":\"ListItem\",\"position\":4,\"name\":\"Alveococcosis\"}]},{\"@type\":\"WebSite\",\"@id\":\"https:\\\/\\\/sanatate.md\\\/ro\\\/#website\",\"url\":\"https:\\\/\\\/sanatate.md\\\/ro\\\/\",\"name\":\"Sanatate.md\",\"description\":\"\u0416\u0443\u0440\u043d\u0430\u043b \u0434\u043b\u044f \u0432\u0441\u0435\u0439 \u0441\u0435\u043c\u044c\u0438 \u0432 \u041c\u043e\u043b\u0434\u043e\u0432\u0435\",\"publisher\":{\"@id\":\"https:\\\/\\\/sanatate.md\\\/ro\\\/#organization\"},\"potentialAction\":[{\"@type\":\"SearchAction\",\"target\":{\"@type\":\"EntryPoint\",\"urlTemplate\":\"https:\\\/\\\/sanatate.md\\\/ro\\\/?s={search_term_string}\"},\"query-input\":{\"@type\":\"PropertyValueSpecification\",\"valueRequired\":true,\"valueName\":\"search_term_string\"}}],\"inLanguage\":\"ro-RO\"},{\"@type\":\"Organization\",\"@id\":\"https:\\\/\\\/sanatate.md\\\/ro\\\/#organization\",\"name\":\"SANATATE\",\"url\":\"https:\\\/\\\/sanatate.md\\\/ro\\\/\",\"logo\":{\"@type\":\"ImageObject\",\"inLanguage\":\"ro-RO\",\"@id\":\"https:\\\/\\\/sanatate.md\\\/ro\\\/#\\\/schema\\\/logo\\\/image\\\/\",\"url\":\"https:\\\/\\\/sanatate.md\\\/wp-content\\\/uploads\\\/2022\\\/01\\\/sanatate-logo.svg\",\"contentUrl\":\"https:\\\/\\\/sanatate.md\\\/wp-content\\\/uploads\\\/2022\\\/01\\\/sanatate-logo.svg\",\"width\":\"1024\",\"height\":\"1024\",\"caption\":\"SANATATE\"},\"image\":{\"@id\":\"https:\\\/\\\/sanatate.md\\\/ro\\\/#\\\/schema\\\/logo\\\/image\\\/\"}}]}<\/script>\n<!-- \/ Yoast SEO plugin. -->","yoast_head_json":{"title":"Alveococcosis | Sanatate.md","robots":{"index":"index","follow":"follow","max-snippet":"max-snippet:-1","max-image-preview":"max-image-preview:large","max-video-preview":"max-video-preview:-1"},"canonical":"https:\/\/sanatate.md\/ro\/boli-si-tratament\/boli-comune\/alveococcosis\/","og_locale":"ro_RO","og_type":"article","og_title":"Alveococcosis | Sanatate.md","og_description":"Alveococcosis &#8211; originea bolii e antihelmitic\u0103, care se caracterizeaz\u0103 printr-o form\u0103 sever\u0103, \u00een consecin\u0163\u0103 ficatul este afectat de tumori, de multe ori cu metastaze penetrante la pl\u0103m\u00e2ni, creier \u0219i alte organe. Cauzele Agen\u021bii bolii sunt microorganismele din grupul Alveococcus multilokularis. Cestodesle se dezvolt\u0103 \u00een gazdele intermediare \u0219i finale. Omul este obiect intermediar, \u00een organismul c\u0103ruia [&hellip;]","og_url":"https:\/\/sanatate.md\/ro\/boli-si-tratament\/boli-comune\/alveococcosis\/","og_site_name":"Sanatate.md","twitter_card":"summary_large_image","twitter_misc":{"Timp estimat pentru citire":"1 minut"},"schema":{"@context":"https:\/\/schema.org","@graph":[{"@type":"WebPage","@id":"https:\/\/sanatate.md\/ro\/boli-si-tratament\/boli-comune\/alveococcosis\/","url":"https:\/\/sanatate.md\/ro\/boli-si-tratament\/boli-comune\/alveococcosis\/","name":"Alveococcosis | Sanatate.md","isPartOf":{"@id":"https:\/\/sanatate.md\/ro\/#website"},"datePublished":"2018-02-08T13:07:23+00:00","breadcrumb":{"@id":"https:\/\/sanatate.md\/ro\/boli-si-tratament\/boli-comune\/alveococcosis\/#breadcrumb"},"inLanguage":"ro-RO","potentialAction":[{"@type":"ReadAction","target":["https:\/\/sanatate.md\/ro\/boli-si-tratament\/boli-comune\/alveococcosis\/"]}]},{"@type":"BreadcrumbList","@id":"https:\/\/sanatate.md\/ro\/boli-si-tratament\/boli-comune\/alveococcosis\/#breadcrumb","itemListElement":[{"@type":"ListItem","position":1,"name":"\u0413\u043b\u0430\u0432\u043d\u0430\u044f \u0441\u0442\u0440\u0430\u043d\u0438\u0446\u0430","item":"https:\/\/sanatate.md\/ro\/"},{"@type":"ListItem","position":2,"name":"Boli si tratament","item":"https:\/\/sanatate.md\/ro\/boli-si-tratament\/"},{"@type":"ListItem","position":3,"name":"Boli comune","item":"https:\/\/sanatate.md\/ro\/boli-si-tratament\/boli-comune\/"},{"@type":"ListItem","position":4,"name":"Alveococcosis"}]},{"@type":"WebSite","@id":"https:\/\/sanatate.md\/ro\/#website","url":"https:\/\/sanatate.md\/ro\/","name":"Sanatate.md","description":"\u0416\u0443\u0440\u043d\u0430\u043b \u0434\u043b\u044f \u0432\u0441\u0435\u0439 \u0441\u0435\u043c\u044c\u0438 \u0432 \u041c\u043e\u043b\u0434\u043e\u0432\u0435","publisher":{"@id":"https:\/\/sanatate.md\/ro\/#organization"},"potentialAction":[{"@type":"SearchAction","target":{"@type":"EntryPoint","urlTemplate":"https:\/\/sanatate.md\/ro\/?s={search_term_string}"},"query-input":{"@type":"PropertyValueSpecification","valueRequired":true,"valueName":"search_term_string"}}],"inLanguage":"ro-RO"},{"@type":"Organization","@id":"https:\/\/sanatate.md\/ro\/#organization","name":"SANATATE","url":"https:\/\/sanatate.md\/ro\/","logo":{"@type":"ImageObject","inLanguage":"ro-RO","@id":"https:\/\/sanatate.md\/ro\/#\/schema\/logo\/image\/","url":"https:\/\/sanatate.md\/wp-content\/uploads\/2022\/01\/sanatate-logo.svg","contentUrl":"https:\/\/sanatate.md\/wp-content\/uploads\/2022\/01\/sanatate-logo.svg","width":"1024","height":"1024","caption":"SANATATE"},"image":{"@id":"https:\/\/sanatate.md\/ro\/#\/schema\/logo\/image\/"}}]}},"_links":{"self":[{"href":"https:\/\/sanatate.md\/ro\/wp-json\/wp\/v2\/pages\/52353","targetHints":{"allow":["GET"]}}],"collection":[{"href":"https:\/\/sanatate.md\/ro\/wp-json\/wp\/v2\/pages"}],"about":[{"href":"https:\/\/sanatate.md\/ro\/wp-json\/wp\/v2\/types\/page"}],"author":[{"embeddable":true,"href":"https:\/\/sanatate.md\/ro\/wp-json\/wp\/v2\/users\/28"}],"replies":[{"embeddable":true,"href":"https:\/\/sanatate.md\/ro\/wp-json\/wp\/v2\/comments?post=52353"}],"version-history":[{"count":0,"href":"https:\/\/sanatate.md\/ro\/wp-json\/wp\/v2\/pages\/52353\/revisions"}],"up":[{"embeddable":true,"href":"https:\/\/sanatate.md\/ro\/wp-json\/wp\/v2\/pages\/53020"}],"wp:attachment":[{"href":"https:\/\/sanatate.md\/ro\/wp-json\/wp\/v2\/media?parent=52353"}],"curies":[{"name":"wp","href":"https:\/\/api.w.org\/{rel}","templated":true}]}}