{"id":52357,"date":"2018-02-08T16:19:40","date_gmt":"2018-02-08T13:19:40","guid":{"rendered":"https:\/\/sanatate.md\/?page_id=52357"},"modified":"2018-02-08T16:19:40","modified_gmt":"2018-02-08T13:19:40","slug":"alergia-alimentara","status":"publish","type":"page","link":"https:\/\/sanatate.md\/ro\/boli-si-tratament\/boli-alergice\/alergia-alimentara\/","title":{"rendered":"Alergia alimentar\u0103"},"content":{"rendered":"<p>Alergia alimentar\u0103 este o reac\u021bie alergic\u0103, consecin\u0163\u0103 a alergenilor alimentari. Recentele studii \u0219tiin\u021bifice ale imunologilor au ar\u0103tat, c\u0103 la unii oameni imunoglobulinele din clasa E (reactive) sunt \u00een cre\u015ftere chiar \u00eenainte de manifestarea simptomelor bolii.<\/p>\n<h3>Cauzele bolii<\/h3>\n<p>Boala poate fi cauzat\u0103 de aditivi alimentari, polen de plante, diferite mirosuri, preparate medicale, produse chimice de uz casnic etc. Din pricina lor, o persoan\u0103 devine dependent\u0103, sensibil\u0103 la alergenii, care \u00eei pot afecta.<\/p>\n<p>La etapa actual\u0103, num\u0103rul de boli alergice, inclusiv alergia alimentar\u0103, cre\u0219te cu fiecare zi. Fenomenul e u\u015for explicabil &#8212; utilizarea nejustificat\u0103 a nitra\u021bilor \u00een cultivarea produselor agricole.<\/p>\n<p>Studiile au ar\u0103tat, c\u0103 la copiii hr\u0103ni\u0163i cu laptele matern, alergiile sunt mai pu\u021bin frecvente. Ei au o imunitate puternic\u0103.<\/p>\n<h3>Simptomele<\/h3>\n<p>Stomacul este primul organ, care reac\u0163ioneaz\u0103, deoarece el prime\u0219te atacul. Pacientul vomit\u0103, are disfunc\u0163ie la stomac, dureri abdominale. Dup\u0103 aceasta, pe piele apar erup\u021bii cutanate \u0219i m\u00e2nc\u0103rime, ea se \u00eenro\u0219e\u015fte. \u00cen unele cazuri apar tuse, nas \u00eenfundat \u0219i spasme bron\u0219ice.<\/p>\n<p>Alergia se poate dezvolta rapid &#8211; doar la c\u00e2teva minute dup\u0103 utilizarea produsului care con\u021bine un alergen. Pacientul are vom\u0103, diaree, apare urticaria.<\/p>\n<h3>Diagnosticul<\/h3>\n<p>Boala este diagnosticat\u0103 prin metode de laborator pentru identificarea imunoglobulinelor din clasa E. Dac\u0103 num\u0103rul acestora \u00een serul de s\u00e2nge cre\u0219te, se conchide c\u0103 persoana este alergic\u0103. Datorit\u0103 acestor investiga\u0163ii boala poate fi identificat\u0103 chiar \u00eenainte de a manifesta simptomele ei.<\/p>\n<h3>Tratamentul<\/h3>\n<p>Pentru un tratament rezultativ e necesar s\u0103 s\u0103 fie eliminat efectul alergenului. Pacientului i se prescrie o diet\u0103:<\/p>\n<ul>\n<li>masa \u21161-1a &#8211; disfunc\u0163ii ale tractului gastro-intestinal;<\/li>\n<li>masa \u21165a-5 &#8211; disfunc\u0163ii ale ficatului.<\/li>\n<\/ul>\n<p>Pacientul e supus unei terapii de restaurare, \u00een cazuri severe \u2013 se recomand\u0103 glucocorticoizii.<\/p>\n","protected":false},"excerpt":{"rendered":"<p>Alergia alimentar\u0103 este o reac\u021bie alergic\u0103, consecin\u0163\u0103 a alergenilor alimentari. Recentele studii \u0219tiin\u021bifice ale imunologilor au ar\u0103tat, c\u0103 la unii oameni imunoglobulinele din clasa E (reactive) sunt \u00een cre\u015ftere chiar \u00eenainte de manifestarea simptomelor bolii. Cauzele bolii Boala poate fi cauzat\u0103 de aditivi alimentari, polen de plante, diferite mirosuri, preparate medicale, produse chimice de uz [&hellip;]<\/p>\n","protected":false},"author":28,"featured_media":0,"parent":38228,"menu_order":0,"comment_status":"closed","ping_status":"closed","template":"","meta":{"inline_featured_image":false,"footnotes":""},"class_list":["post-52357","page","type-page","status-publish"],"yoast_head":"<!-- This site is optimized with the Yoast SEO plugin v27.3 - https:\/\/yoast.com\/product\/yoast-seo-wordpress\/ -->\n<title>Alergia alimentar\u0103 | Sanatate.md<\/title>\n<meta name=\"robots\" content=\"index, follow, max-snippet:-1, max-image-preview:large, max-video-preview:-1\" \/>\n<link rel=\"canonical\" href=\"https:\/\/sanatate.md\/ro\/boli-si-tratament\/boli-alergice\/alergia-alimentara\/\" \/>\n<meta property=\"og:locale\" content=\"ro_RO\" \/>\n<meta property=\"og:type\" content=\"article\" \/>\n<meta property=\"og:title\" content=\"Alergia alimentar\u0103 | Sanatate.md\" \/>\n<meta property=\"og:description\" content=\"Alergia alimentar\u0103 este o reac\u021bie alergic\u0103, consecin\u0163\u0103 a alergenilor alimentari. Recentele studii \u0219tiin\u021bifice ale imunologilor au ar\u0103tat, c\u0103 la unii oameni imunoglobulinele din clasa E (reactive) sunt \u00een cre\u015ftere chiar \u00eenainte de manifestarea simptomelor bolii. Cauzele bolii Boala poate fi cauzat\u0103 de aditivi alimentari, polen de plante, diferite mirosuri, preparate medicale, produse chimice de uz [&hellip;]\" \/>\n<meta property=\"og:url\" content=\"https:\/\/sanatate.md\/ro\/boli-si-tratament\/boli-alergice\/alergia-alimentara\/\" \/>\n<meta property=\"og:site_name\" content=\"Sanatate.md\" \/>\n<meta name=\"twitter:card\" content=\"summary_large_image\" \/>\n<meta name=\"twitter:label1\" content=\"Timp estimat pentru citire\" \/>\n\t<meta name=\"twitter:data1\" content=\"1 minut\" \/>\n<script type=\"application\/ld+json\" class=\"yoast-schema-graph\">{\"@context\":\"https:\\\/\\\/schema.org\",\"@graph\":[{\"@type\":\"WebPage\",\"@id\":\"https:\\\/\\\/sanatate.md\\\/ro\\\/boli-si-tratament\\\/boli-alergice\\\/alergia-alimentara\\\/\",\"url\":\"https:\\\/\\\/sanatate.md\\\/ro\\\/boli-si-tratament\\\/boli-alergice\\\/alergia-alimentara\\\/\",\"name\":\"Alergia alimentar\u0103 | Sanatate.md\",\"isPartOf\":{\"@id\":\"https:\\\/\\\/sanatate.md\\\/ro\\\/#website\"},\"datePublished\":\"2018-02-08T13:19:40+00:00\",\"breadcrumb\":{\"@id\":\"https:\\\/\\\/sanatate.md\\\/ro\\\/boli-si-tratament\\\/boli-alergice\\\/alergia-alimentara\\\/#breadcrumb\"},\"inLanguage\":\"ro-RO\",\"potentialAction\":[{\"@type\":\"ReadAction\",\"target\":[\"https:\\\/\\\/sanatate.md\\\/ro\\\/boli-si-tratament\\\/boli-alergice\\\/alergia-alimentara\\\/\"]}]},{\"@type\":\"BreadcrumbList\",\"@id\":\"https:\\\/\\\/sanatate.md\\\/ro\\\/boli-si-tratament\\\/boli-alergice\\\/alergia-alimentara\\\/#breadcrumb\",\"itemListElement\":[{\"@type\":\"ListItem\",\"position\":1,\"name\":\"\u0413\u043b\u0430\u0432\u043d\u0430\u044f \u0441\u0442\u0440\u0430\u043d\u0438\u0446\u0430\",\"item\":\"https:\\\/\\\/sanatate.md\\\/ro\\\/\"},{\"@type\":\"ListItem\",\"position\":2,\"name\":\"Boli si tratament\",\"item\":\"https:\\\/\\\/sanatate.md\\\/ro\\\/boli-si-tratament\\\/\"},{\"@type\":\"ListItem\",\"position\":3,\"name\":\"Boli alergice\",\"item\":\"https:\\\/\\\/sanatate.md\\\/ro\\\/boli-si-tratament\\\/boli-alergice\\\/\"},{\"@type\":\"ListItem\",\"position\":4,\"name\":\"Alergia alimentar\u0103\"}]},{\"@type\":\"WebSite\",\"@id\":\"https:\\\/\\\/sanatate.md\\\/ro\\\/#website\",\"url\":\"https:\\\/\\\/sanatate.md\\\/ro\\\/\",\"name\":\"Sanatate.md\",\"description\":\"\u0416\u0443\u0440\u043d\u0430\u043b \u0434\u043b\u044f \u0432\u0441\u0435\u0439 \u0441\u0435\u043c\u044c\u0438 \u0432 \u041c\u043e\u043b\u0434\u043e\u0432\u0435\",\"publisher\":{\"@id\":\"https:\\\/\\\/sanatate.md\\\/ro\\\/#organization\"},\"potentialAction\":[{\"@type\":\"SearchAction\",\"target\":{\"@type\":\"EntryPoint\",\"urlTemplate\":\"https:\\\/\\\/sanatate.md\\\/ro\\\/?s={search_term_string}\"},\"query-input\":{\"@type\":\"PropertyValueSpecification\",\"valueRequired\":true,\"valueName\":\"search_term_string\"}}],\"inLanguage\":\"ro-RO\"},{\"@type\":\"Organization\",\"@id\":\"https:\\\/\\\/sanatate.md\\\/ro\\\/#organization\",\"name\":\"SANATATE\",\"url\":\"https:\\\/\\\/sanatate.md\\\/ro\\\/\",\"logo\":{\"@type\":\"ImageObject\",\"inLanguage\":\"ro-RO\",\"@id\":\"https:\\\/\\\/sanatate.md\\\/ro\\\/#\\\/schema\\\/logo\\\/image\\\/\",\"url\":\"https:\\\/\\\/sanatate.md\\\/wp-content\\\/uploads\\\/2022\\\/01\\\/sanatate-logo.svg\",\"contentUrl\":\"https:\\\/\\\/sanatate.md\\\/wp-content\\\/uploads\\\/2022\\\/01\\\/sanatate-logo.svg\",\"width\":\"1024\",\"height\":\"1024\",\"caption\":\"SANATATE\"},\"image\":{\"@id\":\"https:\\\/\\\/sanatate.md\\\/ro\\\/#\\\/schema\\\/logo\\\/image\\\/\"}}]}<\/script>\n<!-- \/ Yoast SEO plugin. -->","yoast_head_json":{"title":"Alergia alimentar\u0103 | Sanatate.md","robots":{"index":"index","follow":"follow","max-snippet":"max-snippet:-1","max-image-preview":"max-image-preview:large","max-video-preview":"max-video-preview:-1"},"canonical":"https:\/\/sanatate.md\/ro\/boli-si-tratament\/boli-alergice\/alergia-alimentara\/","og_locale":"ro_RO","og_type":"article","og_title":"Alergia alimentar\u0103 | Sanatate.md","og_description":"Alergia alimentar\u0103 este o reac\u021bie alergic\u0103, consecin\u0163\u0103 a alergenilor alimentari. Recentele studii \u0219tiin\u021bifice ale imunologilor au ar\u0103tat, c\u0103 la unii oameni imunoglobulinele din clasa E (reactive) sunt \u00een cre\u015ftere chiar \u00eenainte de manifestarea simptomelor bolii. Cauzele bolii Boala poate fi cauzat\u0103 de aditivi alimentari, polen de plante, diferite mirosuri, preparate medicale, produse chimice de uz [&hellip;]","og_url":"https:\/\/sanatate.md\/ro\/boli-si-tratament\/boli-alergice\/alergia-alimentara\/","og_site_name":"Sanatate.md","twitter_card":"summary_large_image","twitter_misc":{"Timp estimat pentru citire":"1 minut"},"schema":{"@context":"https:\/\/schema.org","@graph":[{"@type":"WebPage","@id":"https:\/\/sanatate.md\/ro\/boli-si-tratament\/boli-alergice\/alergia-alimentara\/","url":"https:\/\/sanatate.md\/ro\/boli-si-tratament\/boli-alergice\/alergia-alimentara\/","name":"Alergia alimentar\u0103 | Sanatate.md","isPartOf":{"@id":"https:\/\/sanatate.md\/ro\/#website"},"datePublished":"2018-02-08T13:19:40+00:00","breadcrumb":{"@id":"https:\/\/sanatate.md\/ro\/boli-si-tratament\/boli-alergice\/alergia-alimentara\/#breadcrumb"},"inLanguage":"ro-RO","potentialAction":[{"@type":"ReadAction","target":["https:\/\/sanatate.md\/ro\/boli-si-tratament\/boli-alergice\/alergia-alimentara\/"]}]},{"@type":"BreadcrumbList","@id":"https:\/\/sanatate.md\/ro\/boli-si-tratament\/boli-alergice\/alergia-alimentara\/#breadcrumb","itemListElement":[{"@type":"ListItem","position":1,"name":"\u0413\u043b\u0430\u0432\u043d\u0430\u044f \u0441\u0442\u0440\u0430\u043d\u0438\u0446\u0430","item":"https:\/\/sanatate.md\/ro\/"},{"@type":"ListItem","position":2,"name":"Boli si tratament","item":"https:\/\/sanatate.md\/ro\/boli-si-tratament\/"},{"@type":"ListItem","position":3,"name":"Boli alergice","item":"https:\/\/sanatate.md\/ro\/boli-si-tratament\/boli-alergice\/"},{"@type":"ListItem","position":4,"name":"Alergia alimentar\u0103"}]},{"@type":"WebSite","@id":"https:\/\/sanatate.md\/ro\/#website","url":"https:\/\/sanatate.md\/ro\/","name":"Sanatate.md","description":"\u0416\u0443\u0440\u043d\u0430\u043b \u0434\u043b\u044f \u0432\u0441\u0435\u0439 \u0441\u0435\u043c\u044c\u0438 \u0432 \u041c\u043e\u043b\u0434\u043e\u0432\u0435","publisher":{"@id":"https:\/\/sanatate.md\/ro\/#organization"},"potentialAction":[{"@type":"SearchAction","target":{"@type":"EntryPoint","urlTemplate":"https:\/\/sanatate.md\/ro\/?s={search_term_string}"},"query-input":{"@type":"PropertyValueSpecification","valueRequired":true,"valueName":"search_term_string"}}],"inLanguage":"ro-RO"},{"@type":"Organization","@id":"https:\/\/sanatate.md\/ro\/#organization","name":"SANATATE","url":"https:\/\/sanatate.md\/ro\/","logo":{"@type":"ImageObject","inLanguage":"ro-RO","@id":"https:\/\/sanatate.md\/ro\/#\/schema\/logo\/image\/","url":"https:\/\/sanatate.md\/wp-content\/uploads\/2022\/01\/sanatate-logo.svg","contentUrl":"https:\/\/sanatate.md\/wp-content\/uploads\/2022\/01\/sanatate-logo.svg","width":"1024","height":"1024","caption":"SANATATE"},"image":{"@id":"https:\/\/sanatate.md\/ro\/#\/schema\/logo\/image\/"}}]}},"_links":{"self":[{"href":"https:\/\/sanatate.md\/ro\/wp-json\/wp\/v2\/pages\/52357","targetHints":{"allow":["GET"]}}],"collection":[{"href":"https:\/\/sanatate.md\/ro\/wp-json\/wp\/v2\/pages"}],"about":[{"href":"https:\/\/sanatate.md\/ro\/wp-json\/wp\/v2\/types\/page"}],"author":[{"embeddable":true,"href":"https:\/\/sanatate.md\/ro\/wp-json\/wp\/v2\/users\/28"}],"replies":[{"embeddable":true,"href":"https:\/\/sanatate.md\/ro\/wp-json\/wp\/v2\/comments?post=52357"}],"version-history":[{"count":0,"href":"https:\/\/sanatate.md\/ro\/wp-json\/wp\/v2\/pages\/52357\/revisions"}],"up":[{"embeddable":true,"href":"https:\/\/sanatate.md\/ro\/wp-json\/wp\/v2\/pages\/38228"}],"wp:attachment":[{"href":"https:\/\/sanatate.md\/ro\/wp-json\/wp\/v2\/media?parent=52357"}],"curies":[{"name":"wp","href":"https:\/\/api.w.org\/{rel}","templated":true}]}}