{"id":52373,"date":"2018-02-09T10:08:54","date_gmt":"2018-02-09T07:08:54","guid":{"rendered":"https:\/\/sanatate.md\/?page_id=52373"},"modified":"2018-02-09T10:08:54","modified_gmt":"2018-02-09T07:08:54","slug":"alveolita-alergica","status":"publish","type":"page","link":"https:\/\/sanatate.md\/ro\/boli-si-tratament\/boli-alergice\/alveolita-alergica\/","title":{"rendered":"Alveolita alergic\u0103"},"content":{"rendered":"<p>Alveolita alergic\u0103 este o boal\u0103 inflamatorie a alveolelor, provocat\u0103 de efectul intens \u0219i pozitiv al alergenilor.<\/p>\n<p>Acesta este replica de r\u0103spuns a imunit\u0103\u021bii la alergenii care intr\u0103 \u00een organism \u00eempreun\u0103 cu aerul prin tractul respirator superior.<\/p>\n<h3>Motivele<\/h3>\n<p>Boala este cauzat\u0103 de urm\u0103torii factori:<\/p>\n<ul>\n<li>microorganisme, spori de ciuperci, bacterii;<\/li>\n<li>alergeni de origine natural\u0103 (l\u00e2n\u0103, puf, polen de plante, praf, rumegu\u0219 etc.);<\/li>\n<li>medicamente, evaporarea elementelor chimice, produse chimice de uz casnic.<\/li>\n<\/ul>\n<h3>Simptomele<\/h3>\n<p>Exist\u0103 trei forme de alveolit\u0103 alergic\u0103:<\/p>\n<ul>\n<li>acut\u0103;<\/li>\n<li>subacut\u0103;<\/li>\n<li>cronic\u0103.<\/li>\n<\/ul>\n<p>Simptomele bolii sunt asem\u0103n\u0103toare cu o r\u0103ceal\u0103, dar pot ap\u0103rea brusc: rinita copioas\u0103, tusea, febra (p\u00e2n\u0103 la 40 de grade Celsius), dureri de cap.<br \/>\nForma acut\u0103 se desf\u0103\u0219oar\u0103 mai grav, exist\u0103 atacuri de astm bronhic, dispare apetitul, pacientul \u00ee\u0219i pierde greutatea.<\/p>\n<h3>Diagnosticarea<\/h3>\n<p>Boala este dificil de deosebit de bron\u0219ita acut\u0103 sau astm. E necesar s\u0103 se consulte un alergolog \u0219i pulmonolog, s\u0103 se efectueze teste de diagnostic alergic, de inhalare, radiografie pulmonar\u0103. Se analizeaz\u0103 cu aten\u021bie factorii care au cauzat boala, pentru a preveni impactul lor negativ asupra s\u0103n\u0103t\u0103\u021bii pacientului.<\/p>\n<h3>Tratamentul<\/h3>\n<p>Pentru tratamentul cu succes al alveolitei alergice este necesar s\u0103 se identifice antigenul exogen activ \u0219i, dac\u0103 este posibil, s\u0103 se evite contactul cu acesta. Pacientului i se prescrie aceea\u0219i terapie ca \u0219i \u00een cazul ARVI, \u00een primul r\u00e2nd antibiotice, diuretice \u0219i terapie cu oxigen.<\/p>\n","protected":false},"excerpt":{"rendered":"<p>Alveolita alergic\u0103 este o boal\u0103 inflamatorie a alveolelor, provocat\u0103 de efectul intens \u0219i pozitiv al alergenilor. Acesta este replica de r\u0103spuns a imunit\u0103\u021bii la alergenii care intr\u0103 \u00een organism \u00eempreun\u0103 cu aerul prin tractul respirator superior. Motivele Boala este cauzat\u0103 de urm\u0103torii factori: microorganisme, spori de ciuperci, bacterii; alergeni de origine natural\u0103 (l\u00e2n\u0103, puf, polen [&hellip;]<\/p>\n","protected":false},"author":28,"featured_media":0,"parent":38228,"menu_order":0,"comment_status":"closed","ping_status":"closed","template":"","meta":{"inline_featured_image":false,"footnotes":""},"class_list":["post-52373","page","type-page","status-publish"],"yoast_head":"<!-- This site is optimized with the Yoast SEO plugin v27.3 - https:\/\/yoast.com\/product\/yoast-seo-wordpress\/ -->\n<title>Alveolita alergic\u0103 | Sanatate.md<\/title>\n<meta name=\"robots\" content=\"index, follow, max-snippet:-1, max-image-preview:large, max-video-preview:-1\" \/>\n<link rel=\"canonical\" href=\"https:\/\/sanatate.md\/ro\/boli-si-tratament\/boli-alergice\/alveolita-alergica\/\" \/>\n<meta property=\"og:locale\" content=\"ro_RO\" \/>\n<meta property=\"og:type\" content=\"article\" \/>\n<meta property=\"og:title\" content=\"Alveolita alergic\u0103 | Sanatate.md\" \/>\n<meta property=\"og:description\" content=\"Alveolita alergic\u0103 este o boal\u0103 inflamatorie a alveolelor, provocat\u0103 de efectul intens \u0219i pozitiv al alergenilor. Acesta este replica de r\u0103spuns a imunit\u0103\u021bii la alergenii care intr\u0103 \u00een organism \u00eempreun\u0103 cu aerul prin tractul respirator superior. Motivele Boala este cauzat\u0103 de urm\u0103torii factori: microorganisme, spori de ciuperci, bacterii; alergeni de origine natural\u0103 (l\u00e2n\u0103, puf, polen [&hellip;]\" \/>\n<meta property=\"og:url\" content=\"https:\/\/sanatate.md\/ro\/boli-si-tratament\/boli-alergice\/alveolita-alergica\/\" \/>\n<meta property=\"og:site_name\" content=\"Sanatate.md\" \/>\n<meta name=\"twitter:card\" content=\"summary_large_image\" \/>\n<meta name=\"twitter:label1\" content=\"Timp estimat pentru citire\" \/>\n\t<meta name=\"twitter:data1\" content=\"1 minut\" \/>\n<script type=\"application\/ld+json\" class=\"yoast-schema-graph\">{\"@context\":\"https:\\\/\\\/schema.org\",\"@graph\":[{\"@type\":\"WebPage\",\"@id\":\"https:\\\/\\\/sanatate.md\\\/ro\\\/boli-si-tratament\\\/boli-alergice\\\/alveolita-alergica\\\/\",\"url\":\"https:\\\/\\\/sanatate.md\\\/ro\\\/boli-si-tratament\\\/boli-alergice\\\/alveolita-alergica\\\/\",\"name\":\"Alveolita alergic\u0103 | Sanatate.md\",\"isPartOf\":{\"@id\":\"https:\\\/\\\/sanatate.md\\\/ro\\\/#website\"},\"datePublished\":\"2018-02-09T07:08:54+00:00\",\"breadcrumb\":{\"@id\":\"https:\\\/\\\/sanatate.md\\\/ro\\\/boli-si-tratament\\\/boli-alergice\\\/alveolita-alergica\\\/#breadcrumb\"},\"inLanguage\":\"ro-RO\",\"potentialAction\":[{\"@type\":\"ReadAction\",\"target\":[\"https:\\\/\\\/sanatate.md\\\/ro\\\/boli-si-tratament\\\/boli-alergice\\\/alveolita-alergica\\\/\"]}]},{\"@type\":\"BreadcrumbList\",\"@id\":\"https:\\\/\\\/sanatate.md\\\/ro\\\/boli-si-tratament\\\/boli-alergice\\\/alveolita-alergica\\\/#breadcrumb\",\"itemListElement\":[{\"@type\":\"ListItem\",\"position\":1,\"name\":\"\u0413\u043b\u0430\u0432\u043d\u0430\u044f \u0441\u0442\u0440\u0430\u043d\u0438\u0446\u0430\",\"item\":\"https:\\\/\\\/sanatate.md\\\/ro\\\/\"},{\"@type\":\"ListItem\",\"position\":2,\"name\":\"Boli si tratament\",\"item\":\"https:\\\/\\\/sanatate.md\\\/ro\\\/boli-si-tratament\\\/\"},{\"@type\":\"ListItem\",\"position\":3,\"name\":\"Boli alergice\",\"item\":\"https:\\\/\\\/sanatate.md\\\/ro\\\/boli-si-tratament\\\/boli-alergice\\\/\"},{\"@type\":\"ListItem\",\"position\":4,\"name\":\"Alveolita alergic\u0103\"}]},{\"@type\":\"WebSite\",\"@id\":\"https:\\\/\\\/sanatate.md\\\/ro\\\/#website\",\"url\":\"https:\\\/\\\/sanatate.md\\\/ro\\\/\",\"name\":\"Sanatate.md\",\"description\":\"\u0416\u0443\u0440\u043d\u0430\u043b \u0434\u043b\u044f \u0432\u0441\u0435\u0439 \u0441\u0435\u043c\u044c\u0438 \u0432 \u041c\u043e\u043b\u0434\u043e\u0432\u0435\",\"publisher\":{\"@id\":\"https:\\\/\\\/sanatate.md\\\/ro\\\/#organization\"},\"potentialAction\":[{\"@type\":\"SearchAction\",\"target\":{\"@type\":\"EntryPoint\",\"urlTemplate\":\"https:\\\/\\\/sanatate.md\\\/ro\\\/?s={search_term_string}\"},\"query-input\":{\"@type\":\"PropertyValueSpecification\",\"valueRequired\":true,\"valueName\":\"search_term_string\"}}],\"inLanguage\":\"ro-RO\"},{\"@type\":\"Organization\",\"@id\":\"https:\\\/\\\/sanatate.md\\\/ro\\\/#organization\",\"name\":\"SANATATE\",\"url\":\"https:\\\/\\\/sanatate.md\\\/ro\\\/\",\"logo\":{\"@type\":\"ImageObject\",\"inLanguage\":\"ro-RO\",\"@id\":\"https:\\\/\\\/sanatate.md\\\/ro\\\/#\\\/schema\\\/logo\\\/image\\\/\",\"url\":\"https:\\\/\\\/sanatate.md\\\/wp-content\\\/uploads\\\/2022\\\/01\\\/sanatate-logo.svg\",\"contentUrl\":\"https:\\\/\\\/sanatate.md\\\/wp-content\\\/uploads\\\/2022\\\/01\\\/sanatate-logo.svg\",\"width\":\"1024\",\"height\":\"1024\",\"caption\":\"SANATATE\"},\"image\":{\"@id\":\"https:\\\/\\\/sanatate.md\\\/ro\\\/#\\\/schema\\\/logo\\\/image\\\/\"}}]}<\/script>\n<!-- \/ Yoast SEO plugin. -->","yoast_head_json":{"title":"Alveolita alergic\u0103 | Sanatate.md","robots":{"index":"index","follow":"follow","max-snippet":"max-snippet:-1","max-image-preview":"max-image-preview:large","max-video-preview":"max-video-preview:-1"},"canonical":"https:\/\/sanatate.md\/ro\/boli-si-tratament\/boli-alergice\/alveolita-alergica\/","og_locale":"ro_RO","og_type":"article","og_title":"Alveolita alergic\u0103 | Sanatate.md","og_description":"Alveolita alergic\u0103 este o boal\u0103 inflamatorie a alveolelor, provocat\u0103 de efectul intens \u0219i pozitiv al alergenilor. Acesta este replica de r\u0103spuns a imunit\u0103\u021bii la alergenii care intr\u0103 \u00een organism \u00eempreun\u0103 cu aerul prin tractul respirator superior. Motivele Boala este cauzat\u0103 de urm\u0103torii factori: microorganisme, spori de ciuperci, bacterii; alergeni de origine natural\u0103 (l\u00e2n\u0103, puf, polen [&hellip;]","og_url":"https:\/\/sanatate.md\/ro\/boli-si-tratament\/boli-alergice\/alveolita-alergica\/","og_site_name":"Sanatate.md","twitter_card":"summary_large_image","twitter_misc":{"Timp estimat pentru citire":"1 minut"},"schema":{"@context":"https:\/\/schema.org","@graph":[{"@type":"WebPage","@id":"https:\/\/sanatate.md\/ro\/boli-si-tratament\/boli-alergice\/alveolita-alergica\/","url":"https:\/\/sanatate.md\/ro\/boli-si-tratament\/boli-alergice\/alveolita-alergica\/","name":"Alveolita alergic\u0103 | Sanatate.md","isPartOf":{"@id":"https:\/\/sanatate.md\/ro\/#website"},"datePublished":"2018-02-09T07:08:54+00:00","breadcrumb":{"@id":"https:\/\/sanatate.md\/ro\/boli-si-tratament\/boli-alergice\/alveolita-alergica\/#breadcrumb"},"inLanguage":"ro-RO","potentialAction":[{"@type":"ReadAction","target":["https:\/\/sanatate.md\/ro\/boli-si-tratament\/boli-alergice\/alveolita-alergica\/"]}]},{"@type":"BreadcrumbList","@id":"https:\/\/sanatate.md\/ro\/boli-si-tratament\/boli-alergice\/alveolita-alergica\/#breadcrumb","itemListElement":[{"@type":"ListItem","position":1,"name":"\u0413\u043b\u0430\u0432\u043d\u0430\u044f \u0441\u0442\u0440\u0430\u043d\u0438\u0446\u0430","item":"https:\/\/sanatate.md\/ro\/"},{"@type":"ListItem","position":2,"name":"Boli si tratament","item":"https:\/\/sanatate.md\/ro\/boli-si-tratament\/"},{"@type":"ListItem","position":3,"name":"Boli alergice","item":"https:\/\/sanatate.md\/ro\/boli-si-tratament\/boli-alergice\/"},{"@type":"ListItem","position":4,"name":"Alveolita alergic\u0103"}]},{"@type":"WebSite","@id":"https:\/\/sanatate.md\/ro\/#website","url":"https:\/\/sanatate.md\/ro\/","name":"Sanatate.md","description":"\u0416\u0443\u0440\u043d\u0430\u043b \u0434\u043b\u044f \u0432\u0441\u0435\u0439 \u0441\u0435\u043c\u044c\u0438 \u0432 \u041c\u043e\u043b\u0434\u043e\u0432\u0435","publisher":{"@id":"https:\/\/sanatate.md\/ro\/#organization"},"potentialAction":[{"@type":"SearchAction","target":{"@type":"EntryPoint","urlTemplate":"https:\/\/sanatate.md\/ro\/?s={search_term_string}"},"query-input":{"@type":"PropertyValueSpecification","valueRequired":true,"valueName":"search_term_string"}}],"inLanguage":"ro-RO"},{"@type":"Organization","@id":"https:\/\/sanatate.md\/ro\/#organization","name":"SANATATE","url":"https:\/\/sanatate.md\/ro\/","logo":{"@type":"ImageObject","inLanguage":"ro-RO","@id":"https:\/\/sanatate.md\/ro\/#\/schema\/logo\/image\/","url":"https:\/\/sanatate.md\/wp-content\/uploads\/2022\/01\/sanatate-logo.svg","contentUrl":"https:\/\/sanatate.md\/wp-content\/uploads\/2022\/01\/sanatate-logo.svg","width":"1024","height":"1024","caption":"SANATATE"},"image":{"@id":"https:\/\/sanatate.md\/ro\/#\/schema\/logo\/image\/"}}]}},"_links":{"self":[{"href":"https:\/\/sanatate.md\/ro\/wp-json\/wp\/v2\/pages\/52373","targetHints":{"allow":["GET"]}}],"collection":[{"href":"https:\/\/sanatate.md\/ro\/wp-json\/wp\/v2\/pages"}],"about":[{"href":"https:\/\/sanatate.md\/ro\/wp-json\/wp\/v2\/types\/page"}],"author":[{"embeddable":true,"href":"https:\/\/sanatate.md\/ro\/wp-json\/wp\/v2\/users\/28"}],"replies":[{"embeddable":true,"href":"https:\/\/sanatate.md\/ro\/wp-json\/wp\/v2\/comments?post=52373"}],"version-history":[{"count":0,"href":"https:\/\/sanatate.md\/ro\/wp-json\/wp\/v2\/pages\/52373\/revisions"}],"up":[{"embeddable":true,"href":"https:\/\/sanatate.md\/ro\/wp-json\/wp\/v2\/pages\/38228"}],"wp:attachment":[{"href":"https:\/\/sanatate.md\/ro\/wp-json\/wp\/v2\/media?parent=52373"}],"curies":[{"name":"wp","href":"https:\/\/api.w.org\/{rel}","templated":true}]}}