{"id":52376,"date":"2018-02-09T10:35:17","date_gmt":"2018-02-09T07:35:17","guid":{"rendered":"https:\/\/sanatate.md\/?page_id=52376"},"modified":"2018-02-09T10:35:17","modified_gmt":"2018-02-09T07:35:17","slug":"alveolita","status":"publish","type":"page","link":"https:\/\/sanatate.md\/ro\/boli-si-tratament\/boli-ale-dintilor-si-ale-cavitatii-bucale\/alveolita\/","title":{"rendered":"Alveolita"},"content":{"rendered":"<p>Alveolita este un proces inflamator, care afecteaz\u0103 maxilarul. Apare pe fundalul extrac\u021biei traumatice a din\u021bilor. Soclul este deteriorat \u0219i din jurul lui este zdrobit\u0103.<\/p>\n<p>Dac\u0103 dintele a fost \u00eendep\u0103rtat f\u0103r\u0103 complica\u021bii \u0219i gaura nu a fost infectat\u0103, se vindec\u0103 nedureros \u0219i dup\u0103 aproximativ o s\u0103pt\u0103m\u00e2n\u0103 se acoper\u0103 cu epiteliu.<\/p>\n<h3>Cauzele<\/h3>\n<p>Boala se poate manifesta ca urmare a unei \u00eenc\u0103lc\u0103ri a regimului dup\u0103 o interven\u021bie chirurgical\u0103. Dup\u0103 \u00eendep\u0103rtarea dintelui, nu cl\u0103ti\u021bi gura, \u00een cazul dat trombul format \u00een gaur\u0103 poate fi sp\u0103lat \u0219i infec\u021bia p\u0103trunde u\u015for. Cauza alveolitei poate fi, de asemenea, p\u0103trunderea \u00een ran\u0103 a resturilor alimentare, precum \u015fi igiena orala insuficienta.<\/p>\n<p>Speciali\u0219tii identific\u0103 urm\u0103toarele cauze ale st\u0103rii de boal\u0103:<\/p>\n<ul>\n<li>p\u0103trunderea in ran\u0103 a depunerilor dentare in timpul interven\u0163iei chirurgicale;<\/li>\n<li>salubrizarea necorespunz\u0103toare dup\u0103 extrac\u021bia din\u021bilor (nu se colecteaz\u0103 toate fragmentele osoase, chistul sau granulomul nu este \u00eendep\u0103rtat complet);<\/li>\n<li>nu sunt respectate normele sanitare;<\/li>\n<li>traumatismul (dificil) \u00een timpul extrac\u021biei din\u021bilor (de exemplu, atunci c\u00e2nd coroana se desprinde \u0219i fragmentele r\u0103d\u0103cinii sau osului r\u0103m\u00e2n).<\/li>\n<\/ul>\n<h3>Patogeneza<\/h3>\n<p>Dup\u0103 ce dintele este scos, rana este plin\u0103 cu s\u00e2nge. De obicei, s\u00e2ngerarea se opre\u0219te \u00een 5-7 minute dup\u0103 interven\u021bia chirurgical\u0103: s\u00e2ngele se coagulaeaz\u0103, \u00een gaur\u0103 se formeaz\u0103 cheaguri, care \u00eempedic\u0103 p\u0103trunderea infec\u021biilor \u0219i leziunilor mecanice. Dac\u0103 un tromb din careva cauze este distrus, locul din gingie se inflameaz\u0103.<\/p>\n<h3>Simptomele<\/h3>\n<p>Peste 2-3 zile dup\u0103 interven\u021bia chirurgical\u0103 apar dureri severe \u00een locul soclului, temperatura corpului cre\u0219te, bolnavul \u00eencepe s\u0103 tremure. Durerea \u00een cele din urm\u0103 cre\u0219te \u0219i se r\u0103sp\u00e2nde\u0219te, persist\u0103 un miros de putrefac\u0163ie din gur\u0103. Se inflameaz\u0103 nodurile limfatici regionali. Simptomele mai persist\u0103 2 s\u0103pt\u0103m\u00e2ni, uneori tratamentul dureaz\u0103 p\u00e2n\u0103 la 20 de zile.<br \/>\nGingiile din jurul pl\u0103gii se inflameaz\u0103 \u015fi se umfl\u0103, se observ\u0103 hiperemia. \u00cen gaur\u0103 nu se formeaz\u0103 nici un tromb, ea e acoperit\u0103 cu o pieli\u0163\u0103 gri, din ea mistuie o substan\u0163\u0103 purulent\u0103.<\/p>\n<h3>Tratamentul<\/h3>\n<p>Este indicat\u0103 o interven\u0163ie chirurgical\u0103: locul de unde a fost extras dintele e cur\u0103\u021bat \u0219i drenat, fiind tratat cu o solu\u021bie de peroxid de hidrogen \u0219i enzime proteolitice. \u00cen majoritatea cazurilor, aceast\u0103 procedur\u0103 este repetat\u0103.<\/p>\n<p>Pacientuil i se prescriu:<\/p>\n<ul>\n<li>analgin\u0103;<\/li>\n<li>amidopirin\u0103.<\/li>\n<\/ul>\n<p>Sunt indicate procedurile fizio-terapeutice.<\/p>\n<p>\u00cen cazul apari\u021biei durerii \u0219i a disconfortului \u00een zona g\u0103urii, \u00eenainte de a consulta un specialist, pacientul trebuie s\u0103-\u0219i cl\u0103teasc\u0103 gura la fiecare jum\u0103tate de or\u0103 cu:<\/p>\n<ul>\n<li>solu\u021bie de 3% de peroxid de hidrogen;<\/li>\n<li>solu\u021bie de sod\u0103 de b\u0103ut (jum\u0103tate de linguri\u021b\u0103 pentru 200 ml de ap\u0103).<\/li>\n<\/ul>\n<p>\u00cen plus, pentru a ameliora durerea, se iau analgezice.<\/p>\n<h3>Complica\u021biile<\/h3>\n<p>Starea de durere se complic\u0103 de osteomielit\u0103. \u00cen acest caz, procesul de recuperare \u0219i reabilitare este extins.<\/p>\n<p>Din cauza durerii persoana pentru c\u00e2teva zile isi pierde capacitatea de a lucra, dar dup\u0103 ce e supus tratamentului, starea lui \u00eencepe sa se imbun\u0103t\u0103teasc\u0103.<\/p>\n<h3>Profilaxia<\/h3>\n<p>Prevenirea unei st\u0103ri dureroase este extrac\u021bia dintelui bolnav \u0219i respec tarea regulilor de \u00eengrijire oral\u0103 dup\u0103 interven\u021bia chirurgical\u0103.<\/p>\n","protected":false},"excerpt":{"rendered":"<p>Alveolita este un proces inflamator, care afecteaz\u0103 maxilarul. Apare pe fundalul extrac\u021biei traumatice a din\u021bilor. Soclul este deteriorat \u0219i din jurul lui este zdrobit\u0103. Dac\u0103 dintele a fost \u00eendep\u0103rtat f\u0103r\u0103 complica\u021bii \u0219i gaura nu a fost infectat\u0103, se vindec\u0103 nedureros \u0219i dup\u0103 aproximativ o s\u0103pt\u0103m\u00e2n\u0103 se acoper\u0103 cu epiteliu. Cauzele Boala se poate manifesta ca [&hellip;]<\/p>\n","protected":false},"author":28,"featured_media":0,"parent":52993,"menu_order":0,"comment_status":"closed","ping_status":"closed","template":"","meta":{"inline_featured_image":false,"footnotes":""},"class_list":["post-52376","page","type-page","status-publish"],"yoast_head":"<!-- This site is optimized with the Yoast SEO plugin v27.3 - https:\/\/yoast.com\/product\/yoast-seo-wordpress\/ -->\n<title>Alveolita | Sanatate.md<\/title>\n<meta name=\"robots\" content=\"index, follow, max-snippet:-1, max-image-preview:large, max-video-preview:-1\" \/>\n<link rel=\"canonical\" href=\"https:\/\/sanatate.md\/ro\/boli-si-tratament\/boli-ale-dintilor-si-ale-cavitatii-bucale\/alveolita\/\" \/>\n<meta property=\"og:locale\" content=\"ro_RO\" \/>\n<meta property=\"og:type\" content=\"article\" \/>\n<meta property=\"og:title\" content=\"Alveolita | Sanatate.md\" \/>\n<meta property=\"og:description\" content=\"Alveolita este un proces inflamator, care afecteaz\u0103 maxilarul. Apare pe fundalul extrac\u021biei traumatice a din\u021bilor. Soclul este deteriorat \u0219i din jurul lui este zdrobit\u0103. Dac\u0103 dintele a fost \u00eendep\u0103rtat f\u0103r\u0103 complica\u021bii \u0219i gaura nu a fost infectat\u0103, se vindec\u0103 nedureros \u0219i dup\u0103 aproximativ o s\u0103pt\u0103m\u00e2n\u0103 se acoper\u0103 cu epiteliu. Cauzele Boala se poate manifesta ca [&hellip;]\" \/>\n<meta property=\"og:url\" content=\"https:\/\/sanatate.md\/ro\/boli-si-tratament\/boli-ale-dintilor-si-ale-cavitatii-bucale\/alveolita\/\" \/>\n<meta property=\"og:site_name\" content=\"Sanatate.md\" \/>\n<meta name=\"twitter:card\" content=\"summary_large_image\" \/>\n<meta name=\"twitter:label1\" content=\"Timp estimat pentru citire\" \/>\n\t<meta name=\"twitter:data1\" content=\"3 minute\" \/>\n<script type=\"application\/ld+json\" class=\"yoast-schema-graph\">{\"@context\":\"https:\\\/\\\/schema.org\",\"@graph\":[{\"@type\":\"WebPage\",\"@id\":\"https:\\\/\\\/sanatate.md\\\/ro\\\/boli-si-tratament\\\/boli-ale-dintilor-si-ale-cavitatii-bucale\\\/alveolita\\\/\",\"url\":\"https:\\\/\\\/sanatate.md\\\/ro\\\/boli-si-tratament\\\/boli-ale-dintilor-si-ale-cavitatii-bucale\\\/alveolita\\\/\",\"name\":\"Alveolita | Sanatate.md\",\"isPartOf\":{\"@id\":\"https:\\\/\\\/sanatate.md\\\/ro\\\/#website\"},\"datePublished\":\"2018-02-09T07:35:17+00:00\",\"breadcrumb\":{\"@id\":\"https:\\\/\\\/sanatate.md\\\/ro\\\/boli-si-tratament\\\/boli-ale-dintilor-si-ale-cavitatii-bucale\\\/alveolita\\\/#breadcrumb\"},\"inLanguage\":\"ro-RO\",\"potentialAction\":[{\"@type\":\"ReadAction\",\"target\":[\"https:\\\/\\\/sanatate.md\\\/ro\\\/boli-si-tratament\\\/boli-ale-dintilor-si-ale-cavitatii-bucale\\\/alveolita\\\/\"]}]},{\"@type\":\"BreadcrumbList\",\"@id\":\"https:\\\/\\\/sanatate.md\\\/ro\\\/boli-si-tratament\\\/boli-ale-dintilor-si-ale-cavitatii-bucale\\\/alveolita\\\/#breadcrumb\",\"itemListElement\":[{\"@type\":\"ListItem\",\"position\":1,\"name\":\"\u0413\u043b\u0430\u0432\u043d\u0430\u044f \u0441\u0442\u0440\u0430\u043d\u0438\u0446\u0430\",\"item\":\"https:\\\/\\\/sanatate.md\\\/ro\\\/\"},{\"@type\":\"ListItem\",\"position\":2,\"name\":\"Boli si tratament\",\"item\":\"https:\\\/\\\/sanatate.md\\\/ro\\\/boli-si-tratament\\\/\"},{\"@type\":\"ListItem\",\"position\":3,\"name\":\"Boli ale din\u021bilor \u0219i ale cavit\u0103\u021bii bucale\",\"item\":\"https:\\\/\\\/sanatate.md\\\/ro\\\/boli-si-tratament\\\/boli-ale-dintilor-si-ale-cavitatii-bucale\\\/\"},{\"@type\":\"ListItem\",\"position\":4,\"name\":\"Alveolita\"}]},{\"@type\":\"WebSite\",\"@id\":\"https:\\\/\\\/sanatate.md\\\/ro\\\/#website\",\"url\":\"https:\\\/\\\/sanatate.md\\\/ro\\\/\",\"name\":\"Sanatate.md\",\"description\":\"\u0416\u0443\u0440\u043d\u0430\u043b \u0434\u043b\u044f \u0432\u0441\u0435\u0439 \u0441\u0435\u043c\u044c\u0438 \u0432 \u041c\u043e\u043b\u0434\u043e\u0432\u0435\",\"publisher\":{\"@id\":\"https:\\\/\\\/sanatate.md\\\/ro\\\/#organization\"},\"potentialAction\":[{\"@type\":\"SearchAction\",\"target\":{\"@type\":\"EntryPoint\",\"urlTemplate\":\"https:\\\/\\\/sanatate.md\\\/ro\\\/?s={search_term_string}\"},\"query-input\":{\"@type\":\"PropertyValueSpecification\",\"valueRequired\":true,\"valueName\":\"search_term_string\"}}],\"inLanguage\":\"ro-RO\"},{\"@type\":\"Organization\",\"@id\":\"https:\\\/\\\/sanatate.md\\\/ro\\\/#organization\",\"name\":\"SANATATE\",\"url\":\"https:\\\/\\\/sanatate.md\\\/ro\\\/\",\"logo\":{\"@type\":\"ImageObject\",\"inLanguage\":\"ro-RO\",\"@id\":\"https:\\\/\\\/sanatate.md\\\/ro\\\/#\\\/schema\\\/logo\\\/image\\\/\",\"url\":\"https:\\\/\\\/sanatate.md\\\/wp-content\\\/uploads\\\/2022\\\/01\\\/sanatate-logo.svg\",\"contentUrl\":\"https:\\\/\\\/sanatate.md\\\/wp-content\\\/uploads\\\/2022\\\/01\\\/sanatate-logo.svg\",\"width\":\"1024\",\"height\":\"1024\",\"caption\":\"SANATATE\"},\"image\":{\"@id\":\"https:\\\/\\\/sanatate.md\\\/ro\\\/#\\\/schema\\\/logo\\\/image\\\/\"}}]}<\/script>\n<!-- \/ Yoast SEO plugin. -->","yoast_head_json":{"title":"Alveolita | Sanatate.md","robots":{"index":"index","follow":"follow","max-snippet":"max-snippet:-1","max-image-preview":"max-image-preview:large","max-video-preview":"max-video-preview:-1"},"canonical":"https:\/\/sanatate.md\/ro\/boli-si-tratament\/boli-ale-dintilor-si-ale-cavitatii-bucale\/alveolita\/","og_locale":"ro_RO","og_type":"article","og_title":"Alveolita | Sanatate.md","og_description":"Alveolita este un proces inflamator, care afecteaz\u0103 maxilarul. Apare pe fundalul extrac\u021biei traumatice a din\u021bilor. Soclul este deteriorat \u0219i din jurul lui este zdrobit\u0103. Dac\u0103 dintele a fost \u00eendep\u0103rtat f\u0103r\u0103 complica\u021bii \u0219i gaura nu a fost infectat\u0103, se vindec\u0103 nedureros \u0219i dup\u0103 aproximativ o s\u0103pt\u0103m\u00e2n\u0103 se acoper\u0103 cu epiteliu. Cauzele Boala se poate manifesta ca [&hellip;]","og_url":"https:\/\/sanatate.md\/ro\/boli-si-tratament\/boli-ale-dintilor-si-ale-cavitatii-bucale\/alveolita\/","og_site_name":"Sanatate.md","twitter_card":"summary_large_image","twitter_misc":{"Timp estimat pentru citire":"3 minute"},"schema":{"@context":"https:\/\/schema.org","@graph":[{"@type":"WebPage","@id":"https:\/\/sanatate.md\/ro\/boli-si-tratament\/boli-ale-dintilor-si-ale-cavitatii-bucale\/alveolita\/","url":"https:\/\/sanatate.md\/ro\/boli-si-tratament\/boli-ale-dintilor-si-ale-cavitatii-bucale\/alveolita\/","name":"Alveolita | Sanatate.md","isPartOf":{"@id":"https:\/\/sanatate.md\/ro\/#website"},"datePublished":"2018-02-09T07:35:17+00:00","breadcrumb":{"@id":"https:\/\/sanatate.md\/ro\/boli-si-tratament\/boli-ale-dintilor-si-ale-cavitatii-bucale\/alveolita\/#breadcrumb"},"inLanguage":"ro-RO","potentialAction":[{"@type":"ReadAction","target":["https:\/\/sanatate.md\/ro\/boli-si-tratament\/boli-ale-dintilor-si-ale-cavitatii-bucale\/alveolita\/"]}]},{"@type":"BreadcrumbList","@id":"https:\/\/sanatate.md\/ro\/boli-si-tratament\/boli-ale-dintilor-si-ale-cavitatii-bucale\/alveolita\/#breadcrumb","itemListElement":[{"@type":"ListItem","position":1,"name":"\u0413\u043b\u0430\u0432\u043d\u0430\u044f \u0441\u0442\u0440\u0430\u043d\u0438\u0446\u0430","item":"https:\/\/sanatate.md\/ro\/"},{"@type":"ListItem","position":2,"name":"Boli si tratament","item":"https:\/\/sanatate.md\/ro\/boli-si-tratament\/"},{"@type":"ListItem","position":3,"name":"Boli ale din\u021bilor \u0219i ale cavit\u0103\u021bii bucale","item":"https:\/\/sanatate.md\/ro\/boli-si-tratament\/boli-ale-dintilor-si-ale-cavitatii-bucale\/"},{"@type":"ListItem","position":4,"name":"Alveolita"}]},{"@type":"WebSite","@id":"https:\/\/sanatate.md\/ro\/#website","url":"https:\/\/sanatate.md\/ro\/","name":"Sanatate.md","description":"\u0416\u0443\u0440\u043d\u0430\u043b \u0434\u043b\u044f \u0432\u0441\u0435\u0439 \u0441\u0435\u043c\u044c\u0438 \u0432 \u041c\u043e\u043b\u0434\u043e\u0432\u0435","publisher":{"@id":"https:\/\/sanatate.md\/ro\/#organization"},"potentialAction":[{"@type":"SearchAction","target":{"@type":"EntryPoint","urlTemplate":"https:\/\/sanatate.md\/ro\/?s={search_term_string}"},"query-input":{"@type":"PropertyValueSpecification","valueRequired":true,"valueName":"search_term_string"}}],"inLanguage":"ro-RO"},{"@type":"Organization","@id":"https:\/\/sanatate.md\/ro\/#organization","name":"SANATATE","url":"https:\/\/sanatate.md\/ro\/","logo":{"@type":"ImageObject","inLanguage":"ro-RO","@id":"https:\/\/sanatate.md\/ro\/#\/schema\/logo\/image\/","url":"https:\/\/sanatate.md\/wp-content\/uploads\/2022\/01\/sanatate-logo.svg","contentUrl":"https:\/\/sanatate.md\/wp-content\/uploads\/2022\/01\/sanatate-logo.svg","width":"1024","height":"1024","caption":"SANATATE"},"image":{"@id":"https:\/\/sanatate.md\/ro\/#\/schema\/logo\/image\/"}}]}},"_links":{"self":[{"href":"https:\/\/sanatate.md\/ro\/wp-json\/wp\/v2\/pages\/52376","targetHints":{"allow":["GET"]}}],"collection":[{"href":"https:\/\/sanatate.md\/ro\/wp-json\/wp\/v2\/pages"}],"about":[{"href":"https:\/\/sanatate.md\/ro\/wp-json\/wp\/v2\/types\/page"}],"author":[{"embeddable":true,"href":"https:\/\/sanatate.md\/ro\/wp-json\/wp\/v2\/users\/28"}],"replies":[{"embeddable":true,"href":"https:\/\/sanatate.md\/ro\/wp-json\/wp\/v2\/comments?post=52376"}],"version-history":[{"count":0,"href":"https:\/\/sanatate.md\/ro\/wp-json\/wp\/v2\/pages\/52376\/revisions"}],"up":[{"embeddable":true,"href":"https:\/\/sanatate.md\/ro\/wp-json\/wp\/v2\/pages\/52993"}],"wp:attachment":[{"href":"https:\/\/sanatate.md\/ro\/wp-json\/wp\/v2\/media?parent=52376"}],"curies":[{"name":"wp","href":"https:\/\/api.w.org\/{rel}","templated":true}]}}