{"id":52702,"date":"2018-02-15T10:11:47","date_gmt":"2018-02-15T07:11:47","guid":{"rendered":"https:\/\/sanatate.md\/?page_id=52702"},"modified":"2018-02-15T10:11:47","modified_gmt":"2018-02-15T07:11:47","slug":"algodismenorea","status":"publish","type":"page","link":"https:\/\/sanatate.md\/ro\/boli-si-tratament\/boli-ale-femeilor\/algodismenorea\/","title":{"rendered":"Algodismenorea"},"content":{"rendered":"<p>Este o boal\u0103 caracterizat\u0103 prin menstrua\u021bie foarte dureroas\u0103. Ca rezultat al bolii, starea general\u0103 a pacientei este perturbat\u0103, capacitatea de lucru este redus\u0103, \u00een aceste zile nu se poate dedica pe deplin familiei \u0219i obliga\u0163iilor sale.<br \/>\nBoala se dezvolta atunci, c\u00e2nd exist\u0103 patologii uterine, dezechilibru hormonal pe fondul stresului constant, leziuni ale organelor genitale provocate de diferite st\u0103ri de boal\u0103 inflamatorie \u0219i neinflamatorie, avort si na\u015fteri patologice.<\/p>\n<p>Algodismenorea se caracterizeaz\u0103 \u00een primele zile de menstrua\u021bie prin dureri oarbe sau acute \u00een abdomenul inferior. Femeia simte sl\u0103biciune, grea\u021b\u0103, dureri de cap. Ea transpir\u0103, mai ales noaptea, apar edeme.<br \/>\nAlgodismenorea este o boal\u0103 foarte frecvent\u0103, diagnosticat\u0103, \u00een medie, la 40% dintre femeile de v\u00e2rst\u0103 reproductiv\u0103.<\/p>\n<h3>Cauzele<\/h3>\n<p>Speciali\u0219tii identific\u0103 urm\u0103toarele cauze de apari\u0163ie a durerii:<br \/>\n\u2022 mecanice (patologii de dezvoltare a organului genital, pozi\u021bia anormal\u0103 a uterului &#8212; aceste anomalii \u00eempiedic\u0103 scurgerea normal\u0103 a s\u00e2ngelui \u00een timpul menstrua\u021biei);<br \/>\n\u2022 endocrine (anomalii hormonale \u0219i anume: cre\u0219terea produc\u021biei de prostaglandine \u0219i a procesului de degradare lent\u0103 a lor, ceea ce duce la o sensibilitate sporit\u0103 la durere);<br \/>\n\u2022 neuropsihogene (prag redus al sensibilit\u0103\u021bii la durere, excitabilitate crescut\u0103, \u0219oc emo\u021bional);<br \/>\n\u2022 constitu\u0163ionale (infantilism &#8211; dezvoltarea insuficient\u0103 a organului de reproducere).<\/p>\n<h3>Tipurile de boli<\/h3>\n<p>Speciali\u0219tii identific\u0103 urm\u0103toarele tipuri:<\/p>\n<p>\u2022 primar &#8211; manifestat la adolescente \u0219i, de regul\u0103, nu este asociat cu patologiile sferei sexuale feminine;<br \/>\n\u2022 secundar &#8211; afecteaz\u0103 femeile dup\u0103 de 30 de ani \u0219i are loc pe un fond de boli ginecologice &#8211; de natur\u0103 inflamatorie sau nu, urmare a complica\u021biilor dup\u0103 na\u0219tere, avort etc.<\/p>\n<p>\u00cen cele mai multe cazuri, algodismenoreea secundar\u0103 apare la adenomioze \u0219i endometrioze. Hiperplazia endometrului in timpul menstrua\u0163iei se separ\u0103 cu dificultate, ce provoac\u0103 irita\u021bia unui num\u0103r mare de termina\u021bii nervoase \u0219i cre\u0219terea nivelului de prostaglandine, stimul\u00e2nd dezvoltarea durerii severe \u0219i sl\u0103biciunei generale.<\/p>\n<p>O stare dureroas\u0103 se poate dezvolta pe fondalul miomului organului genital, deoarece formarea benign\u0103 \u00eempiedic\u0103 scurgerea s\u00e2ngelui \u00een timpul menstrua\u021biei. Corpul \u00eencepe s\u0103 se contracte rapid, \u00eencerc\u00e2nd s\u0103 \u00eemping\u0103 s\u00e2ngele, cre\u0219te presiunea \u00een uter, termina\u021biile nervoase se irit\u0103, se produce eliberarea prostaglandinelor \u0219i apare un sindrom de durere.<br \/>\nSenza\u021biile de durere \u00een timpul menstrua\u021biei pot ap\u0103rea pe fondul proceselor inflamatorii cronice. Ca urmare a inflama\u021biei pe mucoas\u0103, se formeaz\u0103 noduri, care perturb\u0103 curgerea normal\u0103 a s\u00e2ngelui menstrual.<\/p>\n<p>La multe femei, menstrua\u021bia dureroas\u0103 apare dup\u0103 instalarea unui dispozitiv intrauterin, dup\u0103 o cur\u0103\u021bare, un avort sau na\u0219tere.<\/p>\n<h3>Simptomele bolii<\/h3>\n<p>Forma primar\u0103 a st\u0103rii de boal\u0103 \u00een majoritatea cazurilor se manifest\u0103 la adolescentele emotive, cu o stare psihic\u0103 instabil\u0103 \u0219i un fizic astenic.<br \/>\nBoala secundar\u0103 afecteaz\u0103 cel mai adesea femeile dup\u0103 v\u00e2rsta de 30 de ani, care au diverse maladii ginecologice.<\/p>\n<p>Femeile se pl\u00e2ng de o dureri insuportabile \u00een timpul menstrua\u021biei, o stare general\u0103 proast\u0103, care apare \u00eenainte sau \u00een timpul primelor zile de menstrua\u021bie. Durerile se pot developa diferit, fiind \u015fi de intensitate divers\u0103, \u00een partea inferioar\u0103 a spatelui, \u00een zona \u00eenghinal\u0103, rect. Durerea de intensitate medie este u\u0219or de eliminat prin analgezice \u0219i antispasmodice, dar cea intens\u0103 necesit\u0103 interven\u021bie \u0219i \u00eengrijire specializat\u0103.<\/p>\n<p>Starea general\u0103 a unei femei se schimb\u0103 cu c\u00e2teva zile \u00eenainte de menstrua\u0163ie, se dezvolt\u0103 diverse tulbur\u0103ri.<\/p>\n<p>Femeia devine iritabil\u0103, nervoas\u0103, sup\u0103rat\u0103. Se schimb\u0103 des dispozi\u021bia, scade sau, dimpotriv\u0103, cre\u0219te pofta de m\u00e2ncare, devine somnoroas\u0103, o irit\u0103 mirosurile,<br \/>\nare tulbur\u0103ri vasculare \u0219i vegetative:<\/p>\n<p>\u2022 grea\u021b\u0103;<br \/>\n\u2022 vom\u0103;<br \/>\n\u2022 scaun anormal;<br \/>\n\u2022 meteorism;<br \/>\n\u2022 perturbarea activit\u0103\u021bii cardiace, accelerarea sau \u00eencetinirea ritmului cardiac;<br \/>\n\u2022 r\u0103ceal\u0103 a membrelor, uneori amor\u021beal\u0103.<\/p>\n<p>Perturbarea metabolismului \u00eentr-o stare dureroas\u0103 se manifest\u0103 prin m\u00e2nc\u0103rimea pielii, urinarea frecvent\u0103, sl\u0103biciunea \u00een picioare \u0219i durerea articular\u0103 r\u0103t\u0103cit\u0103.<br \/>\n\u00cen func\u021bie de bolile ginecologice, semnele de algodismenoree pot fi complicate sau modificate datorit\u0103 impunerii simptomelor bolii subiacente.<\/p>\n<h3>Formele<\/h3>\n<p>\u00cen func\u021bie de imaginea clinic\u0103, speciali\u0219tii disting dou\u0103 forme de algodismenoree:<br \/>\n\u2022 compensate &#8211; semnele bolii r\u0103m\u00e2n acelea\u0219i pe parcursul vie\u021bii reproductive a femeii;<br \/>\n\u2022 decompensate &#8211; simptomele sunt exacerbate de-a lungul timpului.<\/p>\n<h3>Diagnosticul bolii<\/h3>\n<p>Diagnosticul se bazeaz\u0103 pe imaginea clinic\u0103, pe pl\u00e2ngerile pacientei \u0219i cercet\u0103rile efectuate. Ginecologul ia pentru analiz\u0103 un frotiu, se face o examinare cu ultrasunete, se testeaz\u0103 s\u00e2ngele \u0219i urina, se studiaz\u0103 fondul hormonal. Se efectueaz\u0103 analiz\u0103 infec\u021biilor urogenitale, pentru confirmarea diagnosticului se utilizeaz\u0103 imagistica prin rezonan\u021b\u0103 magnetic\u0103.<br \/>\n\u00cen caz de necesitate, se indic\u0103 consulta\u0163ii la urolog \u015fi psiholog sau psihoterapeut.<\/p>\n<h3>Tratamentul<\/h3>\n<p>Tratamentul este ambulatoriu, op\u021biunea cea mai eficient\u0103 este o combina\u021bie de farmaco- \u0219i fizioterapie. Dac\u0103 algodismenoreea a fost provocat\u0103 de boli ginecologice se trateaz\u0103 patologiile detectate.<br \/>\nPacientelor li se prescriu corticosteroizi &#8212; diclofenac, aspirin\u0103, ibuprofen \u0219.a.<br \/>\nUn efect pozitiv \u00eel au preparatele analgezice \u0219i antispastice, acestea pot fi combinate cu sedative \u0219i antihistaminice.<\/p>\n<p>\u00cen a doua jum\u0103tate a ciclului se recomand\u0103 fizioterapia:<br \/>\n\u2022 fono- \u0219i electroforez\u0103 cu bromur\u0103 de sodiu, sulfat de magneziu, novocain\u0103;<br \/>\n\u2022 diatermie cu unde scurte;<br \/>\n\u2022 curen\u021bii diadinamici;<br \/>\n\u2022 ultrasunetele.<\/p>\n<p>\u00cen unele cazuri, efect bun poate fi ob\u021binut prin reflexoterapie.<br \/>\nDac\u0103 pacienta are tulbur\u0103ri psiho emo\u021bionale se efectueaz\u0103 o consultare la psiholog (psihoterapeut).<br \/>\nPacienta trebuie s\u0103 renun\u021be la obiceiurile proaste, b\u0103uturile cafenizate, la modul neorganizat de via\u0163\u0103, e necesar s\u0103 asigure un somn s\u0103n\u0103tos, s\u0103 evite situa\u021biile stresante, s\u0103 stabilizeze greutatea corporal\u0103, s\u0103 respecte o diet\u0103 echilibrat\u0103.<br \/>\nForma primar\u0103 a st\u0103rii bolii este u\u0219or de tratat. Prognosticul pentru forma secundar\u0103 depinde de evolu\u021bia bolii, pe fonul c\u0103reia a ap\u0103rut algodismenorea.<\/p>\n","protected":false},"excerpt":{"rendered":"<p>Este o boal\u0103 caracterizat\u0103 prin menstrua\u021bie foarte dureroas\u0103. Ca rezultat al bolii, starea general\u0103 a pacientei este perturbat\u0103, capacitatea de lucru este redus\u0103, \u00een aceste zile nu se poate dedica pe deplin familiei \u0219i obliga\u0163iilor sale. Boala se dezvolta atunci, c\u00e2nd exist\u0103 patologii uterine, dezechilibru hormonal pe fondul stresului constant, leziuni ale organelor genitale provocate [&hellip;]<\/p>\n","protected":false},"author":28,"featured_media":0,"parent":38235,"menu_order":0,"comment_status":"closed","ping_status":"closed","template":"","meta":{"inline_featured_image":false,"footnotes":""},"class_list":["post-52702","page","type-page","status-publish"],"yoast_head":"<!-- This site is optimized with the Yoast SEO plugin v27.3 - https:\/\/yoast.com\/product\/yoast-seo-wordpress\/ -->\n<title>Algodismenorea<\/title>\n<meta name=\"description\" content=\"Este o boal\u0103 caracterizat\u0103 prin menstrua\u021bie foarte dureroas\u0103. Ca rezultat al bolii, starea general\u0103 a pacientei este perturbat\u0103, capacitatea de lucru este redus\u0103, \u00een aceste zile nu se poate dedica pe deplin familiei \u0219i obliga\u0163iilor sale.\" \/>\n<meta name=\"robots\" content=\"index, follow, max-snippet:-1, max-image-preview:large, max-video-preview:-1\" \/>\n<link rel=\"canonical\" href=\"https:\/\/sanatate.md\/ro\/boli-si-tratament\/boli-ale-femeilor\/algodismenorea\/\" \/>\n<meta property=\"og:locale\" content=\"ro_RO\" \/>\n<meta property=\"og:type\" content=\"article\" \/>\n<meta property=\"og:title\" content=\"Algodismenorea\" \/>\n<meta property=\"og:description\" content=\"Este o boal\u0103 caracterizat\u0103 prin menstrua\u021bie foarte dureroas\u0103. Ca rezultat al bolii, starea general\u0103 a pacientei este perturbat\u0103, capacitatea de lucru este redus\u0103, \u00een aceste zile nu se poate dedica pe deplin familiei \u0219i obliga\u0163iilor sale.\" \/>\n<meta property=\"og:url\" content=\"https:\/\/sanatate.md\/ro\/boli-si-tratament\/boli-ale-femeilor\/algodismenorea\/\" \/>\n<meta property=\"og:site_name\" content=\"Sanatate.md\" \/>\n<meta name=\"twitter:card\" content=\"summary_large_image\" \/>\n<meta name=\"twitter:label1\" content=\"Timp estimat pentru citire\" \/>\n\t<meta name=\"twitter:data1\" content=\"5 minute\" \/>\n<script type=\"application\/ld+json\" class=\"yoast-schema-graph\">{\"@context\":\"https:\\\/\\\/schema.org\",\"@graph\":[{\"@type\":\"WebPage\",\"@id\":\"https:\\\/\\\/sanatate.md\\\/ro\\\/boli-si-tratament\\\/boli-ale-femeilor\\\/algodismenorea\\\/\",\"url\":\"https:\\\/\\\/sanatate.md\\\/ro\\\/boli-si-tratament\\\/boli-ale-femeilor\\\/algodismenorea\\\/\",\"name\":\"Algodismenorea\",\"isPartOf\":{\"@id\":\"https:\\\/\\\/sanatate.md\\\/ro\\\/#website\"},\"datePublished\":\"2018-02-15T07:11:47+00:00\",\"description\":\"Este o boal\u0103 caracterizat\u0103 prin menstrua\u021bie foarte dureroas\u0103. Ca rezultat al bolii, starea general\u0103 a pacientei este perturbat\u0103, capacitatea de lucru este redus\u0103, \u00een aceste zile nu se poate dedica pe deplin familiei \u0219i obliga\u0163iilor sale.\",\"breadcrumb\":{\"@id\":\"https:\\\/\\\/sanatate.md\\\/ro\\\/boli-si-tratament\\\/boli-ale-femeilor\\\/algodismenorea\\\/#breadcrumb\"},\"inLanguage\":\"ro-RO\",\"potentialAction\":[{\"@type\":\"ReadAction\",\"target\":[\"https:\\\/\\\/sanatate.md\\\/ro\\\/boli-si-tratament\\\/boli-ale-femeilor\\\/algodismenorea\\\/\"]}]},{\"@type\":\"BreadcrumbList\",\"@id\":\"https:\\\/\\\/sanatate.md\\\/ro\\\/boli-si-tratament\\\/boli-ale-femeilor\\\/algodismenorea\\\/#breadcrumb\",\"itemListElement\":[{\"@type\":\"ListItem\",\"position\":1,\"name\":\"\u0413\u043b\u0430\u0432\u043d\u0430\u044f \u0441\u0442\u0440\u0430\u043d\u0438\u0446\u0430\",\"item\":\"https:\\\/\\\/sanatate.md\\\/ro\\\/\"},{\"@type\":\"ListItem\",\"position\":2,\"name\":\"Boli si tratament\",\"item\":\"https:\\\/\\\/sanatate.md\\\/ro\\\/boli-si-tratament\\\/\"},{\"@type\":\"ListItem\",\"position\":3,\"name\":\"Boli ale femeilor\",\"item\":\"https:\\\/\\\/sanatate.md\\\/ro\\\/boli-si-tratament\\\/boli-ale-femeilor\\\/\"},{\"@type\":\"ListItem\",\"position\":4,\"name\":\"Algodismenorea\"}]},{\"@type\":\"WebSite\",\"@id\":\"https:\\\/\\\/sanatate.md\\\/ro\\\/#website\",\"url\":\"https:\\\/\\\/sanatate.md\\\/ro\\\/\",\"name\":\"Sanatate.md\",\"description\":\"\u0416\u0443\u0440\u043d\u0430\u043b \u0434\u043b\u044f \u0432\u0441\u0435\u0439 \u0441\u0435\u043c\u044c\u0438 \u0432 \u041c\u043e\u043b\u0434\u043e\u0432\u0435\",\"publisher\":{\"@id\":\"https:\\\/\\\/sanatate.md\\\/ro\\\/#organization\"},\"potentialAction\":[{\"@type\":\"SearchAction\",\"target\":{\"@type\":\"EntryPoint\",\"urlTemplate\":\"https:\\\/\\\/sanatate.md\\\/ro\\\/?s={search_term_string}\"},\"query-input\":{\"@type\":\"PropertyValueSpecification\",\"valueRequired\":true,\"valueName\":\"search_term_string\"}}],\"inLanguage\":\"ro-RO\"},{\"@type\":\"Organization\",\"@id\":\"https:\\\/\\\/sanatate.md\\\/ro\\\/#organization\",\"name\":\"SANATATE\",\"url\":\"https:\\\/\\\/sanatate.md\\\/ro\\\/\",\"logo\":{\"@type\":\"ImageObject\",\"inLanguage\":\"ro-RO\",\"@id\":\"https:\\\/\\\/sanatate.md\\\/ro\\\/#\\\/schema\\\/logo\\\/image\\\/\",\"url\":\"https:\\\/\\\/sanatate.md\\\/wp-content\\\/uploads\\\/2022\\\/01\\\/sanatate-logo.svg\",\"contentUrl\":\"https:\\\/\\\/sanatate.md\\\/wp-content\\\/uploads\\\/2022\\\/01\\\/sanatate-logo.svg\",\"width\":\"1024\",\"height\":\"1024\",\"caption\":\"SANATATE\"},\"image\":{\"@id\":\"https:\\\/\\\/sanatate.md\\\/ro\\\/#\\\/schema\\\/logo\\\/image\\\/\"}}]}<\/script>\n<!-- \/ Yoast SEO plugin. -->","yoast_head_json":{"title":"Algodismenorea","description":"Este o boal\u0103 caracterizat\u0103 prin menstrua\u021bie foarte dureroas\u0103. Ca rezultat al bolii, starea general\u0103 a pacientei este perturbat\u0103, capacitatea de lucru este redus\u0103, \u00een aceste zile nu se poate dedica pe deplin familiei \u0219i obliga\u0163iilor sale.","robots":{"index":"index","follow":"follow","max-snippet":"max-snippet:-1","max-image-preview":"max-image-preview:large","max-video-preview":"max-video-preview:-1"},"canonical":"https:\/\/sanatate.md\/ro\/boli-si-tratament\/boli-ale-femeilor\/algodismenorea\/","og_locale":"ro_RO","og_type":"article","og_title":"Algodismenorea","og_description":"Este o boal\u0103 caracterizat\u0103 prin menstrua\u021bie foarte dureroas\u0103. Ca rezultat al bolii, starea general\u0103 a pacientei este perturbat\u0103, capacitatea de lucru este redus\u0103, \u00een aceste zile nu se poate dedica pe deplin familiei \u0219i obliga\u0163iilor sale.","og_url":"https:\/\/sanatate.md\/ro\/boli-si-tratament\/boli-ale-femeilor\/algodismenorea\/","og_site_name":"Sanatate.md","twitter_card":"summary_large_image","twitter_misc":{"Timp estimat pentru citire":"5 minute"},"schema":{"@context":"https:\/\/schema.org","@graph":[{"@type":"WebPage","@id":"https:\/\/sanatate.md\/ro\/boli-si-tratament\/boli-ale-femeilor\/algodismenorea\/","url":"https:\/\/sanatate.md\/ro\/boli-si-tratament\/boli-ale-femeilor\/algodismenorea\/","name":"Algodismenorea","isPartOf":{"@id":"https:\/\/sanatate.md\/ro\/#website"},"datePublished":"2018-02-15T07:11:47+00:00","description":"Este o boal\u0103 caracterizat\u0103 prin menstrua\u021bie foarte dureroas\u0103. Ca rezultat al bolii, starea general\u0103 a pacientei este perturbat\u0103, capacitatea de lucru este redus\u0103, \u00een aceste zile nu se poate dedica pe deplin familiei \u0219i obliga\u0163iilor sale.","breadcrumb":{"@id":"https:\/\/sanatate.md\/ro\/boli-si-tratament\/boli-ale-femeilor\/algodismenorea\/#breadcrumb"},"inLanguage":"ro-RO","potentialAction":[{"@type":"ReadAction","target":["https:\/\/sanatate.md\/ro\/boli-si-tratament\/boli-ale-femeilor\/algodismenorea\/"]}]},{"@type":"BreadcrumbList","@id":"https:\/\/sanatate.md\/ro\/boli-si-tratament\/boli-ale-femeilor\/algodismenorea\/#breadcrumb","itemListElement":[{"@type":"ListItem","position":1,"name":"\u0413\u043b\u0430\u0432\u043d\u0430\u044f \u0441\u0442\u0440\u0430\u043d\u0438\u0446\u0430","item":"https:\/\/sanatate.md\/ro\/"},{"@type":"ListItem","position":2,"name":"Boli si tratament","item":"https:\/\/sanatate.md\/ro\/boli-si-tratament\/"},{"@type":"ListItem","position":3,"name":"Boli ale femeilor","item":"https:\/\/sanatate.md\/ro\/boli-si-tratament\/boli-ale-femeilor\/"},{"@type":"ListItem","position":4,"name":"Algodismenorea"}]},{"@type":"WebSite","@id":"https:\/\/sanatate.md\/ro\/#website","url":"https:\/\/sanatate.md\/ro\/","name":"Sanatate.md","description":"\u0416\u0443\u0440\u043d\u0430\u043b \u0434\u043b\u044f \u0432\u0441\u0435\u0439 \u0441\u0435\u043c\u044c\u0438 \u0432 \u041c\u043e\u043b\u0434\u043e\u0432\u0435","publisher":{"@id":"https:\/\/sanatate.md\/ro\/#organization"},"potentialAction":[{"@type":"SearchAction","target":{"@type":"EntryPoint","urlTemplate":"https:\/\/sanatate.md\/ro\/?s={search_term_string}"},"query-input":{"@type":"PropertyValueSpecification","valueRequired":true,"valueName":"search_term_string"}}],"inLanguage":"ro-RO"},{"@type":"Organization","@id":"https:\/\/sanatate.md\/ro\/#organization","name":"SANATATE","url":"https:\/\/sanatate.md\/ro\/","logo":{"@type":"ImageObject","inLanguage":"ro-RO","@id":"https:\/\/sanatate.md\/ro\/#\/schema\/logo\/image\/","url":"https:\/\/sanatate.md\/wp-content\/uploads\/2022\/01\/sanatate-logo.svg","contentUrl":"https:\/\/sanatate.md\/wp-content\/uploads\/2022\/01\/sanatate-logo.svg","width":"1024","height":"1024","caption":"SANATATE"},"image":{"@id":"https:\/\/sanatate.md\/ro\/#\/schema\/logo\/image\/"}}]}},"_links":{"self":[{"href":"https:\/\/sanatate.md\/ro\/wp-json\/wp\/v2\/pages\/52702","targetHints":{"allow":["GET"]}}],"collection":[{"href":"https:\/\/sanatate.md\/ro\/wp-json\/wp\/v2\/pages"}],"about":[{"href":"https:\/\/sanatate.md\/ro\/wp-json\/wp\/v2\/types\/page"}],"author":[{"embeddable":true,"href":"https:\/\/sanatate.md\/ro\/wp-json\/wp\/v2\/users\/28"}],"replies":[{"embeddable":true,"href":"https:\/\/sanatate.md\/ro\/wp-json\/wp\/v2\/comments?post=52702"}],"version-history":[{"count":0,"href":"https:\/\/sanatate.md\/ro\/wp-json\/wp\/v2\/pages\/52702\/revisions"}],"up":[{"embeddable":true,"href":"https:\/\/sanatate.md\/ro\/wp-json\/wp\/v2\/pages\/38235"}],"wp:attachment":[{"href":"https:\/\/sanatate.md\/ro\/wp-json\/wp\/v2\/media?parent=52702"}],"curies":[{"name":"wp","href":"https:\/\/api.w.org\/{rel}","templated":true}]}}