{"id":52705,"date":"2018-02-15T10:18:57","date_gmt":"2018-02-15T07:18:57","guid":{"rendered":"https:\/\/sanatate.md\/?page_id=52705"},"modified":"2018-02-15T10:18:57","modified_gmt":"2018-02-15T07:18:57","slug":"amastia","status":"publish","type":"page","link":"https:\/\/sanatate.md\/ro\/boli-si-tratament\/boli-ale-glandelor-mamare\/amastia\/","title":{"rendered":"Amastia"},"content":{"rendered":"<p>\u0415ste o patologie a dezvolt\u0103rii intrauterine a f\u0103tului, manifestat\u0103 prin faptul, c\u0103 bebelu\u015ful se na\u0219te f\u0103r\u0103 glandele mamare. Boala este unilateral\u0103 \u0219i bilateral\u0103 \u0219i este diagnosticat\u0103 at\u00e2t la femei, c\u00e2t \u0219i la b\u0103rba\u021bi.<\/p>\n<p>O afec\u021biune morbid\u0103 este diagnosticat\u0103 extrem de rar, nu amenin\u021b\u0103 via\u021ba unei persoane, dar dac\u0103 o femeie este expus\u0103 bolii, ea nu va putea s\u0103-\u0219i hr\u0103neasc\u0103 bebelu\u0219ul cu s\u00e2nul. Mai des sunt diagnosticate micromastia \u0219i hipoplazia asociate cu sc\u0103derea func\u021biei ovariene. \u00cen aceste cazuri organele genitale sunt dezvoltate normal \u0219i nu exist\u0103 niciun dezechilibru hormonal. E o diferen\u021b\u0103 semnificativ\u0103 vis-a-vi de amastie.<\/p>\n<p>Uneori amastia glandelor mamare este \u00eenso\u021bit\u0103 de patologii ale ovarelor, altor organe, dar nu e o regula.<\/p>\n<h3>Cauzele<\/h3>\n<p>Deoarece boala apare \u00een perioada prenatal\u0103, exper\u021bii consider\u0103, c\u0103 factorii ei au un efect d\u0103un\u0103tor asupra f\u0103tului. Deoarece glandele mamare se formeaz\u0103 \u00een s\u0103pt\u0103m\u00e2na a \u015fasea \u0219i la 7-8 luni de sarcin\u0103, rezult\u0103, c\u0103 anume \u00een aceast\u0103 perioad\u0103 a fost afectat f\u0103tul.<br \/>\nUnii oameni de \u0219tiin\u021b\u0103 sunt de p\u0103rere, c\u0103 pozi\u021bia incorect\u0103 a m\u00e2inelor f\u0103tului \u0219i anume lipirea str\u00e2ns\u0103 a lor de trunchi, ap\u0103s\u00e2nd pe glandele mamare \u00een dezvoltare, este cauza patologiei.<\/p>\n<h3>Simptomele<\/h3>\n<p>Pacientul nu are glande mamare sau lipse\u015fte una dintre ele.<\/p>\n<h3>Diagnosticul<\/h3>\n<p>Diagnosticarea amastiei nu este dificil\u0103. Ea se face vizual la nou-n\u0103scut la spital. Uneori radiografia \u0219i ultrasunetele sunt folosite pentru a confirma diagnosticul.<\/p>\n<h3>Amastia dob\u00e2ndit\u0103<\/h3>\n<p>O afec\u021biune dureroas\u0103 apare la femeile cu cancer dup\u0103 procedura de mastectomie, uneori dup\u0103 traum\u0103, c\u00e2nd pacienta pierde una sau ambele glande mamare. \u00cen acest caz sunt folosite implanturi sau \u021besuturi musculare luate de pe spatele sau abdomenul pacientei. \u00cen majoritatea cazurilor, aceste metode se combin\u0103. Reabilitarea necesit\u0103 o perioad\u0103 lung\u0103, pacienta simte dureri mari, astfel \u00eenc\u00e2t \u00eei sunt prescrise analgezice.<\/p>\n<h3>Tratamentul afec\u021biunii dureroase<\/h3>\n<p>Tratamentul este chirurgical, uneori combinat cu terapia hormonal\u0103. De regul\u0103, interven\u0163ia se efectueaz\u0103 la v\u00e2rsta de 20 de ani, mai pu\u021bin frecvent &#8211; cu c\u00e2\u021biva ani mai devreme. Din \u021besuturile proprii ale pacientei, speciali\u0219tii formeaz\u0103 un mamelon, iar areola este imitat\u0103 prin tatuare. Dac\u0103 este necesar, se folosesc proteze.<\/p>\n","protected":false},"excerpt":{"rendered":"<p>\u0415ste o patologie a dezvolt\u0103rii intrauterine a f\u0103tului, manifestat\u0103 prin faptul, c\u0103 bebelu\u015ful se na\u0219te f\u0103r\u0103 glandele mamare. Boala este unilateral\u0103 \u0219i bilateral\u0103 \u0219i este diagnosticat\u0103 at\u00e2t la femei, c\u00e2t \u0219i la b\u0103rba\u021bi. O afec\u021biune morbid\u0103 este diagnosticat\u0103 extrem de rar, nu amenin\u021b\u0103 via\u021ba unei persoane, dar dac\u0103 o femeie este expus\u0103 bolii, ea nu [&hellip;]<\/p>\n","protected":false},"author":28,"featured_media":0,"parent":52996,"menu_order":0,"comment_status":"closed","ping_status":"closed","template":"","meta":{"inline_featured_image":false,"footnotes":""},"class_list":["post-52705","page","type-page","status-publish"],"yoast_head":"<!-- This site is optimized with the Yoast SEO plugin v27.3 - https:\/\/yoast.com\/product\/yoast-seo-wordpress\/ -->\n<title>Amastia<\/title>\n<meta name=\"description\" content=\"\u0415ste o patologie a dezvolt\u0103rii intrauterine a f\u0103tului, manifestat\u0103 prin faptul, c\u0103 bebelu\u015ful se na\u0219te f\u0103r\u0103 glandele mamare.\" \/>\n<meta name=\"robots\" content=\"index, follow, max-snippet:-1, max-image-preview:large, max-video-preview:-1\" \/>\n<link rel=\"canonical\" href=\"https:\/\/sanatate.md\/ro\/boli-si-tratament\/boli-ale-glandelor-mamare\/amastia\/\" \/>\n<meta property=\"og:locale\" content=\"ro_RO\" \/>\n<meta property=\"og:type\" content=\"article\" \/>\n<meta property=\"og:title\" content=\"Amastia\" \/>\n<meta property=\"og:description\" content=\"\u0415ste o patologie a dezvolt\u0103rii intrauterine a f\u0103tului, manifestat\u0103 prin faptul, c\u0103 bebelu\u015ful se na\u0219te f\u0103r\u0103 glandele mamare.\" \/>\n<meta property=\"og:url\" content=\"https:\/\/sanatate.md\/ro\/boli-si-tratament\/boli-ale-glandelor-mamare\/amastia\/\" \/>\n<meta property=\"og:site_name\" content=\"Sanatate.md\" \/>\n<meta name=\"twitter:card\" content=\"summary_large_image\" \/>\n<meta name=\"twitter:label1\" content=\"Timp estimat pentru citire\" \/>\n\t<meta name=\"twitter:data1\" content=\"2 minute\" \/>\n<script type=\"application\/ld+json\" class=\"yoast-schema-graph\">{\"@context\":\"https:\\\/\\\/schema.org\",\"@graph\":[{\"@type\":\"WebPage\",\"@id\":\"https:\\\/\\\/sanatate.md\\\/ro\\\/boli-si-tratament\\\/boli-ale-glandelor-mamare\\\/amastia\\\/\",\"url\":\"https:\\\/\\\/sanatate.md\\\/ro\\\/boli-si-tratament\\\/boli-ale-glandelor-mamare\\\/amastia\\\/\",\"name\":\"Amastia\",\"isPartOf\":{\"@id\":\"https:\\\/\\\/sanatate.md\\\/ro\\\/#website\"},\"datePublished\":\"2018-02-15T07:18:57+00:00\",\"description\":\"\u0415ste o patologie a dezvolt\u0103rii intrauterine a f\u0103tului, manifestat\u0103 prin faptul, c\u0103 bebelu\u015ful se na\u0219te f\u0103r\u0103 glandele mamare.\",\"breadcrumb\":{\"@id\":\"https:\\\/\\\/sanatate.md\\\/ro\\\/boli-si-tratament\\\/boli-ale-glandelor-mamare\\\/amastia\\\/#breadcrumb\"},\"inLanguage\":\"ro-RO\",\"potentialAction\":[{\"@type\":\"ReadAction\",\"target\":[\"https:\\\/\\\/sanatate.md\\\/ro\\\/boli-si-tratament\\\/boli-ale-glandelor-mamare\\\/amastia\\\/\"]}]},{\"@type\":\"BreadcrumbList\",\"@id\":\"https:\\\/\\\/sanatate.md\\\/ro\\\/boli-si-tratament\\\/boli-ale-glandelor-mamare\\\/amastia\\\/#breadcrumb\",\"itemListElement\":[{\"@type\":\"ListItem\",\"position\":1,\"name\":\"\u0413\u043b\u0430\u0432\u043d\u0430\u044f \u0441\u0442\u0440\u0430\u043d\u0438\u0446\u0430\",\"item\":\"https:\\\/\\\/sanatate.md\\\/ro\\\/\"},{\"@type\":\"ListItem\",\"position\":2,\"name\":\"Boli si tratament\",\"item\":\"https:\\\/\\\/sanatate.md\\\/ro\\\/boli-si-tratament\\\/\"},{\"@type\":\"ListItem\",\"position\":3,\"name\":\"Boli ale glandelor mamare\",\"item\":\"https:\\\/\\\/sanatate.md\\\/ro\\\/boli-si-tratament\\\/boli-ale-glandelor-mamare\\\/\"},{\"@type\":\"ListItem\",\"position\":4,\"name\":\"Amastia\"}]},{\"@type\":\"WebSite\",\"@id\":\"https:\\\/\\\/sanatate.md\\\/ro\\\/#website\",\"url\":\"https:\\\/\\\/sanatate.md\\\/ro\\\/\",\"name\":\"Sanatate.md\",\"description\":\"\u0416\u0443\u0440\u043d\u0430\u043b \u0434\u043b\u044f \u0432\u0441\u0435\u0439 \u0441\u0435\u043c\u044c\u0438 \u0432 \u041c\u043e\u043b\u0434\u043e\u0432\u0435\",\"publisher\":{\"@id\":\"https:\\\/\\\/sanatate.md\\\/ro\\\/#organization\"},\"potentialAction\":[{\"@type\":\"SearchAction\",\"target\":{\"@type\":\"EntryPoint\",\"urlTemplate\":\"https:\\\/\\\/sanatate.md\\\/ro\\\/?s={search_term_string}\"},\"query-input\":{\"@type\":\"PropertyValueSpecification\",\"valueRequired\":true,\"valueName\":\"search_term_string\"}}],\"inLanguage\":\"ro-RO\"},{\"@type\":\"Organization\",\"@id\":\"https:\\\/\\\/sanatate.md\\\/ro\\\/#organization\",\"name\":\"SANATATE\",\"url\":\"https:\\\/\\\/sanatate.md\\\/ro\\\/\",\"logo\":{\"@type\":\"ImageObject\",\"inLanguage\":\"ro-RO\",\"@id\":\"https:\\\/\\\/sanatate.md\\\/ro\\\/#\\\/schema\\\/logo\\\/image\\\/\",\"url\":\"https:\\\/\\\/sanatate.md\\\/wp-content\\\/uploads\\\/2022\\\/01\\\/sanatate-logo.svg\",\"contentUrl\":\"https:\\\/\\\/sanatate.md\\\/wp-content\\\/uploads\\\/2022\\\/01\\\/sanatate-logo.svg\",\"width\":\"1024\",\"height\":\"1024\",\"caption\":\"SANATATE\"},\"image\":{\"@id\":\"https:\\\/\\\/sanatate.md\\\/ro\\\/#\\\/schema\\\/logo\\\/image\\\/\"}}]}<\/script>\n<!-- \/ Yoast SEO plugin. -->","yoast_head_json":{"title":"Amastia","description":"\u0415ste o patologie a dezvolt\u0103rii intrauterine a f\u0103tului, manifestat\u0103 prin faptul, c\u0103 bebelu\u015ful se na\u0219te f\u0103r\u0103 glandele mamare.","robots":{"index":"index","follow":"follow","max-snippet":"max-snippet:-1","max-image-preview":"max-image-preview:large","max-video-preview":"max-video-preview:-1"},"canonical":"https:\/\/sanatate.md\/ro\/boli-si-tratament\/boli-ale-glandelor-mamare\/amastia\/","og_locale":"ro_RO","og_type":"article","og_title":"Amastia","og_description":"\u0415ste o patologie a dezvolt\u0103rii intrauterine a f\u0103tului, manifestat\u0103 prin faptul, c\u0103 bebelu\u015ful se na\u0219te f\u0103r\u0103 glandele mamare.","og_url":"https:\/\/sanatate.md\/ro\/boli-si-tratament\/boli-ale-glandelor-mamare\/amastia\/","og_site_name":"Sanatate.md","twitter_card":"summary_large_image","twitter_misc":{"Timp estimat pentru citire":"2 minute"},"schema":{"@context":"https:\/\/schema.org","@graph":[{"@type":"WebPage","@id":"https:\/\/sanatate.md\/ro\/boli-si-tratament\/boli-ale-glandelor-mamare\/amastia\/","url":"https:\/\/sanatate.md\/ro\/boli-si-tratament\/boli-ale-glandelor-mamare\/amastia\/","name":"Amastia","isPartOf":{"@id":"https:\/\/sanatate.md\/ro\/#website"},"datePublished":"2018-02-15T07:18:57+00:00","description":"\u0415ste o patologie a dezvolt\u0103rii intrauterine a f\u0103tului, manifestat\u0103 prin faptul, c\u0103 bebelu\u015ful se na\u0219te f\u0103r\u0103 glandele mamare.","breadcrumb":{"@id":"https:\/\/sanatate.md\/ro\/boli-si-tratament\/boli-ale-glandelor-mamare\/amastia\/#breadcrumb"},"inLanguage":"ro-RO","potentialAction":[{"@type":"ReadAction","target":["https:\/\/sanatate.md\/ro\/boli-si-tratament\/boli-ale-glandelor-mamare\/amastia\/"]}]},{"@type":"BreadcrumbList","@id":"https:\/\/sanatate.md\/ro\/boli-si-tratament\/boli-ale-glandelor-mamare\/amastia\/#breadcrumb","itemListElement":[{"@type":"ListItem","position":1,"name":"\u0413\u043b\u0430\u0432\u043d\u0430\u044f \u0441\u0442\u0440\u0430\u043d\u0438\u0446\u0430","item":"https:\/\/sanatate.md\/ro\/"},{"@type":"ListItem","position":2,"name":"Boli si tratament","item":"https:\/\/sanatate.md\/ro\/boli-si-tratament\/"},{"@type":"ListItem","position":3,"name":"Boli ale glandelor mamare","item":"https:\/\/sanatate.md\/ro\/boli-si-tratament\/boli-ale-glandelor-mamare\/"},{"@type":"ListItem","position":4,"name":"Amastia"}]},{"@type":"WebSite","@id":"https:\/\/sanatate.md\/ro\/#website","url":"https:\/\/sanatate.md\/ro\/","name":"Sanatate.md","description":"\u0416\u0443\u0440\u043d\u0430\u043b \u0434\u043b\u044f \u0432\u0441\u0435\u0439 \u0441\u0435\u043c\u044c\u0438 \u0432 \u041c\u043e\u043b\u0434\u043e\u0432\u0435","publisher":{"@id":"https:\/\/sanatate.md\/ro\/#organization"},"potentialAction":[{"@type":"SearchAction","target":{"@type":"EntryPoint","urlTemplate":"https:\/\/sanatate.md\/ro\/?s={search_term_string}"},"query-input":{"@type":"PropertyValueSpecification","valueRequired":true,"valueName":"search_term_string"}}],"inLanguage":"ro-RO"},{"@type":"Organization","@id":"https:\/\/sanatate.md\/ro\/#organization","name":"SANATATE","url":"https:\/\/sanatate.md\/ro\/","logo":{"@type":"ImageObject","inLanguage":"ro-RO","@id":"https:\/\/sanatate.md\/ro\/#\/schema\/logo\/image\/","url":"https:\/\/sanatate.md\/wp-content\/uploads\/2022\/01\/sanatate-logo.svg","contentUrl":"https:\/\/sanatate.md\/wp-content\/uploads\/2022\/01\/sanatate-logo.svg","width":"1024","height":"1024","caption":"SANATATE"},"image":{"@id":"https:\/\/sanatate.md\/ro\/#\/schema\/logo\/image\/"}}]}},"_links":{"self":[{"href":"https:\/\/sanatate.md\/ro\/wp-json\/wp\/v2\/pages\/52705","targetHints":{"allow":["GET"]}}],"collection":[{"href":"https:\/\/sanatate.md\/ro\/wp-json\/wp\/v2\/pages"}],"about":[{"href":"https:\/\/sanatate.md\/ro\/wp-json\/wp\/v2\/types\/page"}],"author":[{"embeddable":true,"href":"https:\/\/sanatate.md\/ro\/wp-json\/wp\/v2\/users\/28"}],"replies":[{"embeddable":true,"href":"https:\/\/sanatate.md\/ro\/wp-json\/wp\/v2\/comments?post=52705"}],"version-history":[{"count":0,"href":"https:\/\/sanatate.md\/ro\/wp-json\/wp\/v2\/pages\/52705\/revisions"}],"up":[{"embeddable":true,"href":"https:\/\/sanatate.md\/ro\/wp-json\/wp\/v2\/pages\/52996"}],"wp:attachment":[{"href":"https:\/\/sanatate.md\/ro\/wp-json\/wp\/v2\/media?parent=52705"}],"curies":[{"name":"wp","href":"https:\/\/api.w.org\/{rel}","templated":true}]}}