{"id":52708,"date":"2018-02-15T10:25:46","date_gmt":"2018-02-15T07:25:46","guid":{"rendered":"https:\/\/sanatate.md\/?page_id=52708"},"modified":"2018-02-15T10:25:46","modified_gmt":"2018-02-15T07:25:46","slug":"ambliopia","status":"publish","type":"page","link":"https:\/\/sanatate.md\/ro\/boli-si-tratament\/boli-ale-ochiului\/ambliopia\/","title":{"rendered":"Ambliopia"},"content":{"rendered":"<p>Este o boal\u0103 asociat\u0103 cu dezvoltarea depreciat\u0103 a sistemului vizual, manifestat\u0103 prin sc\u0103derea acuit\u0103\u0163ii vizuale.\u00a0\u00cen popor i se zice &#8221; ochi lene\u0219&#8221;.<\/p>\n<h3>Cauzele bolii<\/h3>\n<p>Boala afecteaz\u0103 cel mai adesea copiii, iar cauzele sunt obstructive, de exemplu, lipsa accesului luminii la nivelul retinei la cataract\u0103, leucemie etc.\u00a0Lungimea inegal\u0103 a ochilor (anizometropia), de asemenea, e una dintre cauzele ambliopiei: se \u00eent\u00e2mpl\u0103 adesea c\u0103 un ochi sufer\u0103 de miopie, iar cellalt &#8211; de clarviziune.<\/p>\n<p>Poate exista o combina\u021bie de astigmatism la un ochi, iar al doilea &#8211; nu are abateri.<\/p>\n<p>Ambilopia la copii este un defect ireparabil, deoarece apar schimb\u0103ri \u00een zonele cortexului cerebral responsabile pentru vedere.\u00a0Acest lucru se \u00eent\u00e2mpl\u0103 \u00een dou\u0103 cazuri:<\/p>\n<p>&#8211; dac\u0103 \u00een creierul copilului informa\u021bia vizual\u0103 vine distorsionat\u0103;<br \/>\n&#8211; dac\u0103 fluxul de informa\u021bii este brusc limitat.<\/p>\n<p>La un copil bolnav neuronii, care sunt responsabili pentru viziune, r\u0103m\u00e2n \u00een dezvoltare. Din aceast\u0103 cauz\u0103 nu e posibil\u0103 restabilirea complet\u0103 a vederii.<\/p>\n<p>Ambliopia la copiii se dezvolt\u0103 pe fondul bolilor asociate (strabismul, hipermetropia, astigmatismul, nistagmusul, cataracta, opacifierea corneei).<\/p>\n<p>\u00cen toate cazurile men\u021bionate mai sus, defectul vizual e c\u0103 obiectele \u00eenconjur\u0103toare sunt percepute de unul, ochiul principal, adic\u0103, vederea unui astfel de copil nu este binocular\u0103. Ochiul, care are rol secundar, practic nu particip\u0103 la procesul vizual \u0219i, \u00een cele din urm\u0103, duce la strabism.<\/p>\n<p>La copiii cu patologie refractar\u0103, ambliopia se dezvolt\u0103 dac\u0103 corectarea vederii nu a \u00eenceput la timp.\u00a0Copilul nu poart\u0103 ochelari sau lentile, lui \u00eei convine, doar el nu \u015ftie cum trebuie s\u0103 fie cu adev\u0103rat \u0219i e sigur c\u0103 vede foarte bine.<\/p>\n<h3>Tratamentul<\/h3>\n<p>Tratamentul depinde \u00een mare m\u0103sur\u0103 de cauza bolii \u0219i trebuie redirec\u0163ionat spre eliminarea ei.<\/p>\n<p>Succesul depinde \u015fi de depistarea la timp a patologiei: cu c\u00e2t a fost detectat\u0103 mai devreme, cu at\u00e2t probabilitatea rezultatului pozitiv e mai mare.\u00a0\u00centreaga dificultate e, c\u0103 e dificil de corectat &#8220;ochiul lene\u0219&#8221;.<\/p>\n<p>Dac\u0103 timpul e pierdut, eficacitatea tratamentului este redus\u0103 mult. Axiom\u0103 e, c\u0103 dac\u0103 cauza bolii este congenital\u0103 (cataract\u0103 unilateral\u0103), atunci ambliopia este curabil\u0103, dac\u0103 tratamentul e pornit \u00een primele luni dup\u0103 na\u0219tere.\u00a0Pentru a trata boala \u00een contextul strabismului este nevoie de o perioad\u0103 lung\u0103 \u0219i de diferite exerci\u021bii.<\/p>\n<h3>Tratamentul ambliopiei disbinoculare<\/h3>\n<p>Durata tratamentului e peste jum\u0103tate de an, cu &#8220;stoparea&#8221; constant\u0103 a ochiului s\u0103n\u0103tos. Exerci\u021biile \u0219i instruirea constant\u0103 a &#8220;ochiului lene\u0219&#8221; (paze, mozaic, aplica\u021bie, broderie) pot impune ochiul bolnav s\u0103 func\u021bioneze.\u00a0Dac\u0103 nu s-au ob\u021binut rezultate pozitive, copilul este trimis la clinic\u0103.<\/p>\n<h3>Tratamentul ambliopiei obscure<\/h3>\n<p>La o v\u00e2rst\u0103 fraged\u0103 este efectuat\u0103 chirurgia &#8211; cheratoplastia sau extrac\u021bia cataractei.\u00a0Ochiul este dezvoltat cu ajutorul exerci\u021biilor \u0219i instruirii constante.<\/p>\n<p>La etapa actual\u0103 este recomandat pentru tratamentul ambliopiei aparatul Amblyokor-01, care e utilizat pentru tratamentul tuturor tipurilor de boli, indiferent de severitatea ei \u0219i v\u00e2rsta pacien\u021bilor.<\/p>\n","protected":false},"excerpt":{"rendered":"<p>Este o boal\u0103 asociat\u0103 cu dezvoltarea depreciat\u0103 a sistemului vizual, manifestat\u0103 prin sc\u0103derea acuit\u0103\u0163ii vizuale.\u00a0\u00cen popor i se zice &#8221; ochi lene\u0219&#8221;. Cauzele bolii Boala afecteaz\u0103 cel mai adesea copiii, iar cauzele sunt obstructive, de exemplu, lipsa accesului luminii la nivelul retinei la cataract\u0103, leucemie etc.\u00a0Lungimea inegal\u0103 a ochilor (anizometropia), de asemenea, e una dintre [&hellip;]<\/p>\n","protected":false},"author":28,"featured_media":0,"parent":52990,"menu_order":0,"comment_status":"closed","ping_status":"closed","template":"","meta":{"inline_featured_image":false,"footnotes":""},"class_list":["post-52708","page","type-page","status-publish"],"yoast_head":"<!-- This site is optimized with the Yoast SEO plugin v27.3 - https:\/\/yoast.com\/product\/yoast-seo-wordpress\/ -->\n<title>Ambliopia<\/title>\n<meta name=\"description\" content=\"Este o boal\u0103 asociat\u0103 cu dezvoltarea depreciat\u0103 a sistemului vizual, manifestat\u0103 prin sc\u0103derea acuit\u0103\u0163ii vizuale.\u00a0\u00cen popor i se zice &quot; ochi lene\u0219&quot;.\" \/>\n<meta name=\"robots\" content=\"index, follow, max-snippet:-1, max-image-preview:large, max-video-preview:-1\" \/>\n<link rel=\"canonical\" href=\"https:\/\/sanatate.md\/ro\/boli-si-tratament\/boli-ale-ochiului\/ambliopia\/\" \/>\n<meta property=\"og:locale\" content=\"ro_RO\" \/>\n<meta property=\"og:type\" content=\"article\" \/>\n<meta property=\"og:title\" content=\"Ambliopia\" \/>\n<meta property=\"og:description\" content=\"Este o boal\u0103 asociat\u0103 cu dezvoltarea depreciat\u0103 a sistemului vizual, manifestat\u0103 prin sc\u0103derea acuit\u0103\u0163ii vizuale.\u00a0\u00cen popor i se zice &quot; ochi lene\u0219&quot;.\" \/>\n<meta property=\"og:url\" content=\"https:\/\/sanatate.md\/ro\/boli-si-tratament\/boli-ale-ochiului\/ambliopia\/\" \/>\n<meta property=\"og:site_name\" content=\"Sanatate.md\" \/>\n<meta name=\"twitter:card\" content=\"summary_large_image\" \/>\n<meta name=\"twitter:label1\" content=\"Timp estimat pentru citire\" \/>\n\t<meta name=\"twitter:data1\" content=\"2 minute\" \/>\n<script type=\"application\/ld+json\" class=\"yoast-schema-graph\">{\"@context\":\"https:\\\/\\\/schema.org\",\"@graph\":[{\"@type\":\"WebPage\",\"@id\":\"https:\\\/\\\/sanatate.md\\\/ro\\\/boli-si-tratament\\\/boli-ale-ochiului\\\/ambliopia\\\/\",\"url\":\"https:\\\/\\\/sanatate.md\\\/ro\\\/boli-si-tratament\\\/boli-ale-ochiului\\\/ambliopia\\\/\",\"name\":\"Ambliopia\",\"isPartOf\":{\"@id\":\"https:\\\/\\\/sanatate.md\\\/ro\\\/#website\"},\"datePublished\":\"2018-02-15T07:25:46+00:00\",\"description\":\"Este o boal\u0103 asociat\u0103 cu dezvoltarea depreciat\u0103 a sistemului vizual, manifestat\u0103 prin sc\u0103derea acuit\u0103\u0163ii vizuale.\u00a0\u00cen popor i se zice \\\" ochi lene\u0219\\\".\",\"breadcrumb\":{\"@id\":\"https:\\\/\\\/sanatate.md\\\/ro\\\/boli-si-tratament\\\/boli-ale-ochiului\\\/ambliopia\\\/#breadcrumb\"},\"inLanguage\":\"ro-RO\",\"potentialAction\":[{\"@type\":\"ReadAction\",\"target\":[\"https:\\\/\\\/sanatate.md\\\/ro\\\/boli-si-tratament\\\/boli-ale-ochiului\\\/ambliopia\\\/\"]}]},{\"@type\":\"BreadcrumbList\",\"@id\":\"https:\\\/\\\/sanatate.md\\\/ro\\\/boli-si-tratament\\\/boli-ale-ochiului\\\/ambliopia\\\/#breadcrumb\",\"itemListElement\":[{\"@type\":\"ListItem\",\"position\":1,\"name\":\"\u0413\u043b\u0430\u0432\u043d\u0430\u044f \u0441\u0442\u0440\u0430\u043d\u0438\u0446\u0430\",\"item\":\"https:\\\/\\\/sanatate.md\\\/ro\\\/\"},{\"@type\":\"ListItem\",\"position\":2,\"name\":\"Boli si tratament\",\"item\":\"https:\\\/\\\/sanatate.md\\\/ro\\\/boli-si-tratament\\\/\"},{\"@type\":\"ListItem\",\"position\":3,\"name\":\"Boli ale ochiului\",\"item\":\"https:\\\/\\\/sanatate.md\\\/ro\\\/boli-si-tratament\\\/boli-ale-ochiului\\\/\"},{\"@type\":\"ListItem\",\"position\":4,\"name\":\"Ambliopia\"}]},{\"@type\":\"WebSite\",\"@id\":\"https:\\\/\\\/sanatate.md\\\/ro\\\/#website\",\"url\":\"https:\\\/\\\/sanatate.md\\\/ro\\\/\",\"name\":\"Sanatate.md\",\"description\":\"\u0416\u0443\u0440\u043d\u0430\u043b \u0434\u043b\u044f \u0432\u0441\u0435\u0439 \u0441\u0435\u043c\u044c\u0438 \u0432 \u041c\u043e\u043b\u0434\u043e\u0432\u0435\",\"publisher\":{\"@id\":\"https:\\\/\\\/sanatate.md\\\/ro\\\/#organization\"},\"potentialAction\":[{\"@type\":\"SearchAction\",\"target\":{\"@type\":\"EntryPoint\",\"urlTemplate\":\"https:\\\/\\\/sanatate.md\\\/ro\\\/?s={search_term_string}\"},\"query-input\":{\"@type\":\"PropertyValueSpecification\",\"valueRequired\":true,\"valueName\":\"search_term_string\"}}],\"inLanguage\":\"ro-RO\"},{\"@type\":\"Organization\",\"@id\":\"https:\\\/\\\/sanatate.md\\\/ro\\\/#organization\",\"name\":\"SANATATE\",\"url\":\"https:\\\/\\\/sanatate.md\\\/ro\\\/\",\"logo\":{\"@type\":\"ImageObject\",\"inLanguage\":\"ro-RO\",\"@id\":\"https:\\\/\\\/sanatate.md\\\/ro\\\/#\\\/schema\\\/logo\\\/image\\\/\",\"url\":\"https:\\\/\\\/sanatate.md\\\/wp-content\\\/uploads\\\/2022\\\/01\\\/sanatate-logo.svg\",\"contentUrl\":\"https:\\\/\\\/sanatate.md\\\/wp-content\\\/uploads\\\/2022\\\/01\\\/sanatate-logo.svg\",\"width\":\"1024\",\"height\":\"1024\",\"caption\":\"SANATATE\"},\"image\":{\"@id\":\"https:\\\/\\\/sanatate.md\\\/ro\\\/#\\\/schema\\\/logo\\\/image\\\/\"}}]}<\/script>\n<!-- \/ Yoast SEO plugin. -->","yoast_head_json":{"title":"Ambliopia","description":"Este o boal\u0103 asociat\u0103 cu dezvoltarea depreciat\u0103 a sistemului vizual, manifestat\u0103 prin sc\u0103derea acuit\u0103\u0163ii vizuale.\u00a0\u00cen popor i se zice \" ochi lene\u0219\".","robots":{"index":"index","follow":"follow","max-snippet":"max-snippet:-1","max-image-preview":"max-image-preview:large","max-video-preview":"max-video-preview:-1"},"canonical":"https:\/\/sanatate.md\/ro\/boli-si-tratament\/boli-ale-ochiului\/ambliopia\/","og_locale":"ro_RO","og_type":"article","og_title":"Ambliopia","og_description":"Este o boal\u0103 asociat\u0103 cu dezvoltarea depreciat\u0103 a sistemului vizual, manifestat\u0103 prin sc\u0103derea acuit\u0103\u0163ii vizuale.\u00a0\u00cen popor i se zice \" ochi lene\u0219\".","og_url":"https:\/\/sanatate.md\/ro\/boli-si-tratament\/boli-ale-ochiului\/ambliopia\/","og_site_name":"Sanatate.md","twitter_card":"summary_large_image","twitter_misc":{"Timp estimat pentru citire":"2 minute"},"schema":{"@context":"https:\/\/schema.org","@graph":[{"@type":"WebPage","@id":"https:\/\/sanatate.md\/ro\/boli-si-tratament\/boli-ale-ochiului\/ambliopia\/","url":"https:\/\/sanatate.md\/ro\/boli-si-tratament\/boli-ale-ochiului\/ambliopia\/","name":"Ambliopia","isPartOf":{"@id":"https:\/\/sanatate.md\/ro\/#website"},"datePublished":"2018-02-15T07:25:46+00:00","description":"Este o boal\u0103 asociat\u0103 cu dezvoltarea depreciat\u0103 a sistemului vizual, manifestat\u0103 prin sc\u0103derea acuit\u0103\u0163ii vizuale.\u00a0\u00cen popor i se zice \" ochi lene\u0219\".","breadcrumb":{"@id":"https:\/\/sanatate.md\/ro\/boli-si-tratament\/boli-ale-ochiului\/ambliopia\/#breadcrumb"},"inLanguage":"ro-RO","potentialAction":[{"@type":"ReadAction","target":["https:\/\/sanatate.md\/ro\/boli-si-tratament\/boli-ale-ochiului\/ambliopia\/"]}]},{"@type":"BreadcrumbList","@id":"https:\/\/sanatate.md\/ro\/boli-si-tratament\/boli-ale-ochiului\/ambliopia\/#breadcrumb","itemListElement":[{"@type":"ListItem","position":1,"name":"\u0413\u043b\u0430\u0432\u043d\u0430\u044f \u0441\u0442\u0440\u0430\u043d\u0438\u0446\u0430","item":"https:\/\/sanatate.md\/ro\/"},{"@type":"ListItem","position":2,"name":"Boli si tratament","item":"https:\/\/sanatate.md\/ro\/boli-si-tratament\/"},{"@type":"ListItem","position":3,"name":"Boli ale ochiului","item":"https:\/\/sanatate.md\/ro\/boli-si-tratament\/boli-ale-ochiului\/"},{"@type":"ListItem","position":4,"name":"Ambliopia"}]},{"@type":"WebSite","@id":"https:\/\/sanatate.md\/ro\/#website","url":"https:\/\/sanatate.md\/ro\/","name":"Sanatate.md","description":"\u0416\u0443\u0440\u043d\u0430\u043b \u0434\u043b\u044f \u0432\u0441\u0435\u0439 \u0441\u0435\u043c\u044c\u0438 \u0432 \u041c\u043e\u043b\u0434\u043e\u0432\u0435","publisher":{"@id":"https:\/\/sanatate.md\/ro\/#organization"},"potentialAction":[{"@type":"SearchAction","target":{"@type":"EntryPoint","urlTemplate":"https:\/\/sanatate.md\/ro\/?s={search_term_string}"},"query-input":{"@type":"PropertyValueSpecification","valueRequired":true,"valueName":"search_term_string"}}],"inLanguage":"ro-RO"},{"@type":"Organization","@id":"https:\/\/sanatate.md\/ro\/#organization","name":"SANATATE","url":"https:\/\/sanatate.md\/ro\/","logo":{"@type":"ImageObject","inLanguage":"ro-RO","@id":"https:\/\/sanatate.md\/ro\/#\/schema\/logo\/image\/","url":"https:\/\/sanatate.md\/wp-content\/uploads\/2022\/01\/sanatate-logo.svg","contentUrl":"https:\/\/sanatate.md\/wp-content\/uploads\/2022\/01\/sanatate-logo.svg","width":"1024","height":"1024","caption":"SANATATE"},"image":{"@id":"https:\/\/sanatate.md\/ro\/#\/schema\/logo\/image\/"}}]}},"_links":{"self":[{"href":"https:\/\/sanatate.md\/ro\/wp-json\/wp\/v2\/pages\/52708","targetHints":{"allow":["GET"]}}],"collection":[{"href":"https:\/\/sanatate.md\/ro\/wp-json\/wp\/v2\/pages"}],"about":[{"href":"https:\/\/sanatate.md\/ro\/wp-json\/wp\/v2\/types\/page"}],"author":[{"embeddable":true,"href":"https:\/\/sanatate.md\/ro\/wp-json\/wp\/v2\/users\/28"}],"replies":[{"embeddable":true,"href":"https:\/\/sanatate.md\/ro\/wp-json\/wp\/v2\/comments?post=52708"}],"version-history":[{"count":0,"href":"https:\/\/sanatate.md\/ro\/wp-json\/wp\/v2\/pages\/52708\/revisions"}],"up":[{"embeddable":true,"href":"https:\/\/sanatate.md\/ro\/wp-json\/wp\/v2\/pages\/52990"}],"wp:attachment":[{"href":"https:\/\/sanatate.md\/ro\/wp-json\/wp\/v2\/media?parent=52708"}],"curies":[{"name":"wp","href":"https:\/\/api.w.org\/{rel}","templated":true}]}}