{"id":52944,"date":"2018-02-20T13:04:49","date_gmt":"2018-02-20T10:04:49","guid":{"rendered":"https:\/\/sanatate.md\/?page_id=52944"},"modified":"2020-05-22T10:46:34","modified_gmt":"2020-05-22T07:46:34","slug":"boli-ale-tractului-gastro-intestinal","status":"publish","type":"page","link":"https:\/\/sanatate.md\/ro\/boli-si-tratament\/boli-ale-tractului-gastro-intestinal\/","title":{"rendered":"Boli ale tractului gastro-intestinal"},"content":{"rendered":"<p>Achalasia cardia<br \/>\nAchilul din stomac func\u021bional<br \/>\nAdenomatoza colonului<br \/>\n<a href=\"https:\/\/sanatate.md\/ro\/boli-si-tratament\/boli-ale-tractului-gastro-intestinal\/amiloidoza\/\">Amiloidoza<\/a><br \/>\nAteroscleroza arterelor mezenterice<br \/>\nAtonia stomacului<br \/>\nAtonia esofagului<br \/>\nAtrezia esofagului<br \/>\nBauhin<br \/>\nBoala celiac\u0103<br \/>\nBoala lui Whipple<br \/>\nBoli ale stomacului operat<br \/>\nCiroza hepatic\u0103<br \/>\nColita<br \/>\nColita ulcerativ\u0103<br \/>\nColangita<br \/>\nColecistita<br \/>\nConstipa\u021bia<br \/>\nDegenerarea gras\u0103 a ficatului<br \/>\n<a href=\"https:\/\/sanatate.md\/ro\/boli-si-tratament\/boli-ale-tractului-gastro-intestinal\/diareea\/\">Diareea<\/a><br \/>\nDisbacterioza intestinului<br \/>\nDischinezia hipertensiv\u0103<br \/>\n<a href=\"https:\/\/sanatate.md\/ro\/boli-si-tratament\/boli-ale-tractului-gastro-intestinal\/dischinezie-intestinala\/\">Dischinezie intestinal\u0103<\/a><br \/>\nDischinezia stomacului<br \/>\nDischinezia tractului biliar<br \/>\nDistrofia<br \/>\nDistrofia alimentar\u0103<br \/>\nDiverticulul esofagului<br \/>\nDiverticulul cervical<br \/>\nDiverticulul duodenului<br \/>\nDiverticuloza intestinului gros<br \/>\nDiverticulul stomacului<br \/>\nDuodenita cronic\u0103<br \/>\nEnterita cronic\u0103<br \/>\nEnteroptoza<br \/>\nEpivrenial diverticulum<br \/>\nEsofagita<br \/>\nFicatul hepatic (biliar)<br \/>\nGastrit<br \/>\n<a href=\"https:\/\/sanatate.md\/ro\/boli-si-tratament\/boli-ale-tractului-gastro-intestinal\/gastroenterocolita\/\">Gastroenterocolita<\/a><br \/>\nGrea\u021ba<br \/>\nHelicobacter<br \/>\nHemocromatoza<br \/>\nHepatita<br \/>\nHepatita cronic\u0103, hepatita C, hepatita B, hepatit\u0103 A<br \/>\nHepatoza<br \/>\nHernia deschiderii esofagiene a diafragmei<br \/>\nHernia intern\u0103<br \/>\nHiperbilirubinemia<br \/>\nHiperlipidemia esen\u021bial\u0103<br \/>\nHiper secre\u021bia func\u021biei gastrice<br \/>\nIndigestia<br \/>\nInsuficien\u021ba de lactaz\u0103<br \/>\nInsuficien\u021ba hepatic\u0103<br \/>\nInvagina\u021bia<br \/>\nInversarea intestinelor<br \/>\nInversiunea stomacului<br \/>\nLipodistrofia intestinal\u0103<br \/>\nLitaza biliar\u0103<br \/>\nMechcel&#8217;s diverticula<br \/>\nMeteorism<br \/>\nObstruc\u021bia intestinului<br \/>\nOpisthorchiasis<br \/>\nPancreatita<br \/>\nPeritoneu<br \/>\nPolipi ai stomacului<br \/>\nR\u00e2g\u00e2itul<br \/>\nSindromul intestinului iritabil<br \/>\n<a href=\"https:\/\/sanatate.md\/ro\/boli-si-tratament\/boli-ale-tractului-gastro-intestinal\/sindromul-gilbert\/\">Sindromul Gilbert<\/a><br \/>\nSindromul lui Rotor<br \/>\n<a href=\"https:\/\/sanatate.md\/ro\/boli-si-tratament\/boli-ale-tractului-gastro-intestinal\/splenomegalia\/\">Splenomegalia<\/a><br \/>\nSteanoza hepatic\u0103<br \/>\nSughi\u021bul<br \/>\nSupraalimentarea (hiperfagia)<br \/>\nUlcer peptic<br \/>\nUlcer de stomac<br \/>\nUlcerul duodenului<\/p>\n","protected":false},"excerpt":{"rendered":"<p>Achalasia cardia Achilul din stomac func\u021bional Adenomatoza colonului Amiloidoza Ateroscleroza arterelor mezenterice Atonia stomacului Atonia esofagului Atrezia esofagului Bauhin Boala celiac\u0103 Boala lui Whipple Boli ale stomacului operat Ciroza hepatic\u0103 Colita Colita ulcerativ\u0103 Colangita Colecistita Constipa\u021bia Degenerarea gras\u0103 a ficatului Diareea Disbacterioza intestinului Dischinezia hipertensiv\u0103 Dischinezie intestinal\u0103 Dischinezia stomacului Dischinezia tractului biliar Distrofia Distrofia alimentar\u0103 [&hellip;]<\/p>\n","protected":false},"author":28,"featured_media":0,"parent":38214,"menu_order":4,"comment_status":"closed","ping_status":"closed","template":"","meta":{"inline_featured_image":false,"footnotes":""},"class_list":["post-52944","page","type-page","status-publish"],"yoast_head":"<!-- This site is optimized with the Yoast SEO plugin v27.3 - https:\/\/yoast.com\/product\/yoast-seo-wordpress\/ -->\n<title>Boli ale tractului gastro-intestinal | Sanatate.md<\/title>\n<meta name=\"robots\" content=\"index, follow, max-snippet:-1, max-image-preview:large, max-video-preview:-1\" \/>\n<link rel=\"canonical\" href=\"https:\/\/sanatate.md\/ro\/boli-si-tratament\/boli-ale-tractului-gastro-intestinal\/\" \/>\n<meta property=\"og:locale\" content=\"ro_RO\" \/>\n<meta property=\"og:type\" content=\"article\" \/>\n<meta property=\"og:title\" content=\"Boli ale tractului gastro-intestinal | Sanatate.md\" \/>\n<meta property=\"og:description\" content=\"Achalasia cardia Achilul din stomac func\u021bional Adenomatoza colonului Amiloidoza Ateroscleroza arterelor mezenterice Atonia stomacului Atonia esofagului Atrezia esofagului Bauhin Boala celiac\u0103 Boala lui Whipple Boli ale stomacului operat Ciroza hepatic\u0103 Colita Colita ulcerativ\u0103 Colangita Colecistita Constipa\u021bia Degenerarea gras\u0103 a ficatului Diareea Disbacterioza intestinului Dischinezia hipertensiv\u0103 Dischinezie intestinal\u0103 Dischinezia stomacului Dischinezia tractului biliar Distrofia Distrofia alimentar\u0103 [&hellip;]\" \/>\n<meta property=\"og:url\" content=\"https:\/\/sanatate.md\/ro\/boli-si-tratament\/boli-ale-tractului-gastro-intestinal\/\" \/>\n<meta property=\"og:site_name\" content=\"Sanatate.md\" \/>\n<meta property=\"article:modified_time\" content=\"2020-05-22T07:46:34+00:00\" \/>\n<meta name=\"twitter:card\" content=\"summary_large_image\" \/>\n<meta name=\"twitter:label1\" content=\"Timp estimat pentru citire\" \/>\n\t<meta name=\"twitter:data1\" content=\"1 minut\" \/>\n<script type=\"application\/ld+json\" class=\"yoast-schema-graph\">{\"@context\":\"https:\\\/\\\/schema.org\",\"@graph\":[{\"@type\":\"WebPage\",\"@id\":\"https:\\\/\\\/sanatate.md\\\/ro\\\/boli-si-tratament\\\/boli-ale-tractului-gastro-intestinal\\\/\",\"url\":\"https:\\\/\\\/sanatate.md\\\/ro\\\/boli-si-tratament\\\/boli-ale-tractului-gastro-intestinal\\\/\",\"name\":\"Boli ale tractului gastro-intestinal | Sanatate.md\",\"isPartOf\":{\"@id\":\"https:\\\/\\\/sanatate.md\\\/ro\\\/#website\"},\"datePublished\":\"2018-02-20T10:04:49+00:00\",\"dateModified\":\"2020-05-22T07:46:34+00:00\",\"breadcrumb\":{\"@id\":\"https:\\\/\\\/sanatate.md\\\/ro\\\/boli-si-tratament\\\/boli-ale-tractului-gastro-intestinal\\\/#breadcrumb\"},\"inLanguage\":\"ro-RO\",\"potentialAction\":[{\"@type\":\"ReadAction\",\"target\":[\"https:\\\/\\\/sanatate.md\\\/ro\\\/boli-si-tratament\\\/boli-ale-tractului-gastro-intestinal\\\/\"]}]},{\"@type\":\"BreadcrumbList\",\"@id\":\"https:\\\/\\\/sanatate.md\\\/ro\\\/boli-si-tratament\\\/boli-ale-tractului-gastro-intestinal\\\/#breadcrumb\",\"itemListElement\":[{\"@type\":\"ListItem\",\"position\":1,\"name\":\"\u0413\u043b\u0430\u0432\u043d\u0430\u044f \u0441\u0442\u0440\u0430\u043d\u0438\u0446\u0430\",\"item\":\"https:\\\/\\\/sanatate.md\\\/ro\\\/\"},{\"@type\":\"ListItem\",\"position\":2,\"name\":\"Boli si tratament\",\"item\":\"https:\\\/\\\/sanatate.md\\\/ro\\\/boli-si-tratament\\\/\"},{\"@type\":\"ListItem\",\"position\":3,\"name\":\"Boli ale tractului gastro-intestinal\"}]},{\"@type\":\"WebSite\",\"@id\":\"https:\\\/\\\/sanatate.md\\\/ro\\\/#website\",\"url\":\"https:\\\/\\\/sanatate.md\\\/ro\\\/\",\"name\":\"Sanatate.md\",\"description\":\"\u0416\u0443\u0440\u043d\u0430\u043b \u0434\u043b\u044f \u0432\u0441\u0435\u0439 \u0441\u0435\u043c\u044c\u0438 \u0432 \u041c\u043e\u043b\u0434\u043e\u0432\u0435\",\"publisher\":{\"@id\":\"https:\\\/\\\/sanatate.md\\\/ro\\\/#organization\"},\"potentialAction\":[{\"@type\":\"SearchAction\",\"target\":{\"@type\":\"EntryPoint\",\"urlTemplate\":\"https:\\\/\\\/sanatate.md\\\/ro\\\/?s={search_term_string}\"},\"query-input\":{\"@type\":\"PropertyValueSpecification\",\"valueRequired\":true,\"valueName\":\"search_term_string\"}}],\"inLanguage\":\"ro-RO\"},{\"@type\":\"Organization\",\"@id\":\"https:\\\/\\\/sanatate.md\\\/ro\\\/#organization\",\"name\":\"SANATATE\",\"url\":\"https:\\\/\\\/sanatate.md\\\/ro\\\/\",\"logo\":{\"@type\":\"ImageObject\",\"inLanguage\":\"ro-RO\",\"@id\":\"https:\\\/\\\/sanatate.md\\\/ro\\\/#\\\/schema\\\/logo\\\/image\\\/\",\"url\":\"https:\\\/\\\/sanatate.md\\\/wp-content\\\/uploads\\\/2022\\\/01\\\/sanatate-logo.svg\",\"contentUrl\":\"https:\\\/\\\/sanatate.md\\\/wp-content\\\/uploads\\\/2022\\\/01\\\/sanatate-logo.svg\",\"width\":\"1024\",\"height\":\"1024\",\"caption\":\"SANATATE\"},\"image\":{\"@id\":\"https:\\\/\\\/sanatate.md\\\/ro\\\/#\\\/schema\\\/logo\\\/image\\\/\"}}]}<\/script>\n<!-- \/ Yoast SEO plugin. -->","yoast_head_json":{"title":"Boli ale tractului gastro-intestinal | Sanatate.md","robots":{"index":"index","follow":"follow","max-snippet":"max-snippet:-1","max-image-preview":"max-image-preview:large","max-video-preview":"max-video-preview:-1"},"canonical":"https:\/\/sanatate.md\/ro\/boli-si-tratament\/boli-ale-tractului-gastro-intestinal\/","og_locale":"ro_RO","og_type":"article","og_title":"Boli ale tractului gastro-intestinal | Sanatate.md","og_description":"Achalasia cardia Achilul din stomac func\u021bional Adenomatoza colonului Amiloidoza Ateroscleroza arterelor mezenterice Atonia stomacului Atonia esofagului Atrezia esofagului Bauhin Boala celiac\u0103 Boala lui Whipple Boli ale stomacului operat Ciroza hepatic\u0103 Colita Colita ulcerativ\u0103 Colangita Colecistita Constipa\u021bia Degenerarea gras\u0103 a ficatului Diareea Disbacterioza intestinului Dischinezia hipertensiv\u0103 Dischinezie intestinal\u0103 Dischinezia stomacului Dischinezia tractului biliar Distrofia Distrofia alimentar\u0103 [&hellip;]","og_url":"https:\/\/sanatate.md\/ro\/boli-si-tratament\/boli-ale-tractului-gastro-intestinal\/","og_site_name":"Sanatate.md","article_modified_time":"2020-05-22T07:46:34+00:00","twitter_card":"summary_large_image","twitter_misc":{"Timp estimat pentru citire":"1 minut"},"schema":{"@context":"https:\/\/schema.org","@graph":[{"@type":"WebPage","@id":"https:\/\/sanatate.md\/ro\/boli-si-tratament\/boli-ale-tractului-gastro-intestinal\/","url":"https:\/\/sanatate.md\/ro\/boli-si-tratament\/boli-ale-tractului-gastro-intestinal\/","name":"Boli ale tractului gastro-intestinal | Sanatate.md","isPartOf":{"@id":"https:\/\/sanatate.md\/ro\/#website"},"datePublished":"2018-02-20T10:04:49+00:00","dateModified":"2020-05-22T07:46:34+00:00","breadcrumb":{"@id":"https:\/\/sanatate.md\/ro\/boli-si-tratament\/boli-ale-tractului-gastro-intestinal\/#breadcrumb"},"inLanguage":"ro-RO","potentialAction":[{"@type":"ReadAction","target":["https:\/\/sanatate.md\/ro\/boli-si-tratament\/boli-ale-tractului-gastro-intestinal\/"]}]},{"@type":"BreadcrumbList","@id":"https:\/\/sanatate.md\/ro\/boli-si-tratament\/boli-ale-tractului-gastro-intestinal\/#breadcrumb","itemListElement":[{"@type":"ListItem","position":1,"name":"\u0413\u043b\u0430\u0432\u043d\u0430\u044f \u0441\u0442\u0440\u0430\u043d\u0438\u0446\u0430","item":"https:\/\/sanatate.md\/ro\/"},{"@type":"ListItem","position":2,"name":"Boli si tratament","item":"https:\/\/sanatate.md\/ro\/boli-si-tratament\/"},{"@type":"ListItem","position":3,"name":"Boli ale tractului gastro-intestinal"}]},{"@type":"WebSite","@id":"https:\/\/sanatate.md\/ro\/#website","url":"https:\/\/sanatate.md\/ro\/","name":"Sanatate.md","description":"\u0416\u0443\u0440\u043d\u0430\u043b \u0434\u043b\u044f \u0432\u0441\u0435\u0439 \u0441\u0435\u043c\u044c\u0438 \u0432 \u041c\u043e\u043b\u0434\u043e\u0432\u0435","publisher":{"@id":"https:\/\/sanatate.md\/ro\/#organization"},"potentialAction":[{"@type":"SearchAction","target":{"@type":"EntryPoint","urlTemplate":"https:\/\/sanatate.md\/ro\/?s={search_term_string}"},"query-input":{"@type":"PropertyValueSpecification","valueRequired":true,"valueName":"search_term_string"}}],"inLanguage":"ro-RO"},{"@type":"Organization","@id":"https:\/\/sanatate.md\/ro\/#organization","name":"SANATATE","url":"https:\/\/sanatate.md\/ro\/","logo":{"@type":"ImageObject","inLanguage":"ro-RO","@id":"https:\/\/sanatate.md\/ro\/#\/schema\/logo\/image\/","url":"https:\/\/sanatate.md\/wp-content\/uploads\/2022\/01\/sanatate-logo.svg","contentUrl":"https:\/\/sanatate.md\/wp-content\/uploads\/2022\/01\/sanatate-logo.svg","width":"1024","height":"1024","caption":"SANATATE"},"image":{"@id":"https:\/\/sanatate.md\/ro\/#\/schema\/logo\/image\/"}}]}},"_links":{"self":[{"href":"https:\/\/sanatate.md\/ro\/wp-json\/wp\/v2\/pages\/52944","targetHints":{"allow":["GET"]}}],"collection":[{"href":"https:\/\/sanatate.md\/ro\/wp-json\/wp\/v2\/pages"}],"about":[{"href":"https:\/\/sanatate.md\/ro\/wp-json\/wp\/v2\/types\/page"}],"author":[{"embeddable":true,"href":"https:\/\/sanatate.md\/ro\/wp-json\/wp\/v2\/users\/28"}],"replies":[{"embeddable":true,"href":"https:\/\/sanatate.md\/ro\/wp-json\/wp\/v2\/comments?post=52944"}],"version-history":[{"count":0,"href":"https:\/\/sanatate.md\/ro\/wp-json\/wp\/v2\/pages\/52944\/revisions"}],"up":[{"embeddable":true,"href":"https:\/\/sanatate.md\/ro\/wp-json\/wp\/v2\/pages\/38214"}],"wp:attachment":[{"href":"https:\/\/sanatate.md\/ro\/wp-json\/wp\/v2\/media?parent=52944"}],"curies":[{"name":"wp","href":"https:\/\/api.w.org\/{rel}","templated":true}]}}