{"id":52952,"date":"2018-02-20T13:55:25","date_gmt":"2018-02-20T10:55:25","guid":{"rendered":"https:\/\/sanatate.md\/?page_id=52952"},"modified":"2018-09-27T14:40:07","modified_gmt":"2018-09-27T11:40:07","slug":"tulburari-sexuale","status":"publish","type":"page","link":"https:\/\/sanatate.md\/ro\/boli-si-tratament\/tulburari-sexuale\/","title":{"rendered":"Tulbur\u0103ri sexuale"},"content":{"rendered":"<p><a href=\"https:\/\/sanatate.md\/ro\/boli-si-tratament\/tulburari-sexuale\/analism\/\">Analism<\/a><br \/>\nAnestezia sexual\u0103<br \/>\nAversiunea fa\u021b\u0103 de partenerul sexual<br \/>\n<a href=\"https:\/\/sanatate.md\/ro\/boli-si-tratament\/tulburari-sexuale\/aversiunea-sexuala\/\">Aversiunea sexual\u0103<\/a><br \/>\n<a href=\"https:\/\/sanatate.md\/ro\/boli-si-tratament\/tulburari-sexuale\/anorgasmia\/\">Anorgasmia<\/a><br \/>\nAutoerotismul patologic<br \/>\nC\u0103s\u0103toria imaculat\u0103 (virgogamiya)<br \/>\nComplexele sexuale<br \/>\nDisfunc\u021bia erectil\u0103 (impoten\u021ba)<br \/>\nDisocierea orgasmului<br \/>\nFobiile sexuale<br \/>\nGenitalgia<br \/>\nInadaptabilitatea sexual\u0103<br \/>\n\u00cenc\u0103lcarea complexului de preg\u0103tire sexual\u0103 \u00cenc\u0103lcarea cursului vie\u021bii sexuale la b\u0103rba\u021bi<br \/>\n<a href=\"https:\/\/sanatate.md\/ro\/boli-si-tratament\/tulburari-sexuale\/masochismul\/\">Masochismul<\/a><br \/>\nNimfomania<br \/>\nOralizmul<br \/>\n<a href=\"https:\/\/sanatate.md\/ro\/boli-si-tratament\/tulburari-sexuale\/orgasm-fara-erectie\/\">Orgasm f\u0103r\u0103 erec\u021bie<\/a><br \/>\nHipersexualitatea<br \/>\nHomosexualitatea<br \/>\nHyposexuality<br \/>\nPerversiunea sexual\u0103<br \/>\nProblemele sexuale<br \/>\nR\u0103ceal\u0103 sexual\u0103 (frigiditate)<br \/>\nRela\u0163ia sexual\u0103 dureroas\u0103 (dispareunia)<br \/>\nS\u0103n\u0103tatea sexual\u0103<br \/>\nSindromul anorgasmiei imaginare<br \/>\nSindromul de iluzii sexuale<br \/>\nSindromul indistinc\u0163iei unui obiect sexual<br \/>\nSindromul Kehrer<br \/>\nSindromul pre-dezactivare<br \/>\nTendin\u021be deviante<br \/>\nTranssexualitatea<br \/>\nTulbur\u0103ri de ejaculare (ejaculare)<br \/>\nTulbur\u0103ri sexuale neurohumorale<br \/>\nVaginismul<\/p>\n","protected":false},"excerpt":{"rendered":"<p>Analism Anestezia sexual\u0103 Aversiunea fa\u021b\u0103 de partenerul sexual Aversiunea sexual\u0103 Anorgasmia Autoerotismul patologic C\u0103s\u0103toria imaculat\u0103 (virgogamiya) Complexele sexuale Disfunc\u021bia erectil\u0103 (impoten\u021ba) Disocierea orgasmului Fobiile sexuale Genitalgia Inadaptabilitatea sexual\u0103 \u00cenc\u0103lcarea complexului de preg\u0103tire sexual\u0103 \u00cenc\u0103lcarea cursului vie\u021bii sexuale la b\u0103rba\u021bi Masochismul Nimfomania Oralizmul Orgasm f\u0103r\u0103 erec\u021bie Hipersexualitatea Homosexualitatea Hyposexuality Perversiunea sexual\u0103 Problemele sexuale R\u0103ceal\u0103 sexual\u0103 (frigiditate) [&hellip;]<\/p>\n","protected":false},"author":28,"featured_media":0,"parent":38214,"menu_order":5,"comment_status":"closed","ping_status":"closed","template":"","meta":{"inline_featured_image":false,"footnotes":""},"class_list":["post-52952","page","type-page","status-publish"],"yoast_head":"<!-- This site is optimized with the Yoast SEO plugin v27.3 - https:\/\/yoast.com\/product\/yoast-seo-wordpress\/ -->\n<title>Tulbur\u0103ri sexuale | Sanatate.md<\/title>\n<meta name=\"robots\" content=\"index, follow, max-snippet:-1, max-image-preview:large, max-video-preview:-1\" \/>\n<link rel=\"canonical\" href=\"https:\/\/sanatate.md\/ro\/boli-si-tratament\/tulburari-sexuale\/\" \/>\n<meta property=\"og:locale\" content=\"ro_RO\" \/>\n<meta property=\"og:type\" content=\"article\" \/>\n<meta property=\"og:title\" content=\"Tulbur\u0103ri sexuale | Sanatate.md\" \/>\n<meta property=\"og:description\" content=\"Analism Anestezia sexual\u0103 Aversiunea fa\u021b\u0103 de partenerul sexual Aversiunea sexual\u0103 Anorgasmia Autoerotismul patologic C\u0103s\u0103toria imaculat\u0103 (virgogamiya) Complexele sexuale Disfunc\u021bia erectil\u0103 (impoten\u021ba) Disocierea orgasmului Fobiile sexuale Genitalgia Inadaptabilitatea sexual\u0103 \u00cenc\u0103lcarea complexului de preg\u0103tire sexual\u0103 \u00cenc\u0103lcarea cursului vie\u021bii sexuale la b\u0103rba\u021bi Masochismul Nimfomania Oralizmul Orgasm f\u0103r\u0103 erec\u021bie Hipersexualitatea Homosexualitatea Hyposexuality Perversiunea sexual\u0103 Problemele sexuale R\u0103ceal\u0103 sexual\u0103 (frigiditate) [&hellip;]\" \/>\n<meta property=\"og:url\" content=\"https:\/\/sanatate.md\/ro\/boli-si-tratament\/tulburari-sexuale\/\" \/>\n<meta property=\"og:site_name\" content=\"Sanatate.md\" \/>\n<meta property=\"article:modified_time\" content=\"2018-09-27T11:40:07+00:00\" \/>\n<meta name=\"twitter:card\" content=\"summary_large_image\" \/>\n<meta name=\"twitter:label1\" content=\"Timp estimat pentru citire\" \/>\n\t<meta name=\"twitter:data1\" content=\"1 minut\" \/>\n<script type=\"application\/ld+json\" class=\"yoast-schema-graph\">{\"@context\":\"https:\\\/\\\/schema.org\",\"@graph\":[{\"@type\":\"WebPage\",\"@id\":\"https:\\\/\\\/sanatate.md\\\/ro\\\/boli-si-tratament\\\/tulburari-sexuale\\\/\",\"url\":\"https:\\\/\\\/sanatate.md\\\/ro\\\/boli-si-tratament\\\/tulburari-sexuale\\\/\",\"name\":\"Tulbur\u0103ri sexuale | Sanatate.md\",\"isPartOf\":{\"@id\":\"https:\\\/\\\/sanatate.md\\\/ro\\\/#website\"},\"datePublished\":\"2018-02-20T10:55:25+00:00\",\"dateModified\":\"2018-09-27T11:40:07+00:00\",\"breadcrumb\":{\"@id\":\"https:\\\/\\\/sanatate.md\\\/ro\\\/boli-si-tratament\\\/tulburari-sexuale\\\/#breadcrumb\"},\"inLanguage\":\"ro-RO\",\"potentialAction\":[{\"@type\":\"ReadAction\",\"target\":[\"https:\\\/\\\/sanatate.md\\\/ro\\\/boli-si-tratament\\\/tulburari-sexuale\\\/\"]}]},{\"@type\":\"BreadcrumbList\",\"@id\":\"https:\\\/\\\/sanatate.md\\\/ro\\\/boli-si-tratament\\\/tulburari-sexuale\\\/#breadcrumb\",\"itemListElement\":[{\"@type\":\"ListItem\",\"position\":1,\"name\":\"\u0413\u043b\u0430\u0432\u043d\u0430\u044f \u0441\u0442\u0440\u0430\u043d\u0438\u0446\u0430\",\"item\":\"https:\\\/\\\/sanatate.md\\\/ro\\\/\"},{\"@type\":\"ListItem\",\"position\":2,\"name\":\"Boli si tratament\",\"item\":\"https:\\\/\\\/sanatate.md\\\/ro\\\/boli-si-tratament\\\/\"},{\"@type\":\"ListItem\",\"position\":3,\"name\":\"Tulbur\u0103ri sexuale\"}]},{\"@type\":\"WebSite\",\"@id\":\"https:\\\/\\\/sanatate.md\\\/ro\\\/#website\",\"url\":\"https:\\\/\\\/sanatate.md\\\/ro\\\/\",\"name\":\"Sanatate.md\",\"description\":\"\u0416\u0443\u0440\u043d\u0430\u043b \u0434\u043b\u044f \u0432\u0441\u0435\u0439 \u0441\u0435\u043c\u044c\u0438 \u0432 \u041c\u043e\u043b\u0434\u043e\u0432\u0435\",\"publisher\":{\"@id\":\"https:\\\/\\\/sanatate.md\\\/ro\\\/#organization\"},\"potentialAction\":[{\"@type\":\"SearchAction\",\"target\":{\"@type\":\"EntryPoint\",\"urlTemplate\":\"https:\\\/\\\/sanatate.md\\\/ro\\\/?s={search_term_string}\"},\"query-input\":{\"@type\":\"PropertyValueSpecification\",\"valueRequired\":true,\"valueName\":\"search_term_string\"}}],\"inLanguage\":\"ro-RO\"},{\"@type\":\"Organization\",\"@id\":\"https:\\\/\\\/sanatate.md\\\/ro\\\/#organization\",\"name\":\"SANATATE\",\"url\":\"https:\\\/\\\/sanatate.md\\\/ro\\\/\",\"logo\":{\"@type\":\"ImageObject\",\"inLanguage\":\"ro-RO\",\"@id\":\"https:\\\/\\\/sanatate.md\\\/ro\\\/#\\\/schema\\\/logo\\\/image\\\/\",\"url\":\"https:\\\/\\\/sanatate.md\\\/wp-content\\\/uploads\\\/2022\\\/01\\\/sanatate-logo.svg\",\"contentUrl\":\"https:\\\/\\\/sanatate.md\\\/wp-content\\\/uploads\\\/2022\\\/01\\\/sanatate-logo.svg\",\"width\":\"1024\",\"height\":\"1024\",\"caption\":\"SANATATE\"},\"image\":{\"@id\":\"https:\\\/\\\/sanatate.md\\\/ro\\\/#\\\/schema\\\/logo\\\/image\\\/\"}}]}<\/script>\n<!-- \/ Yoast SEO plugin. -->","yoast_head_json":{"title":"Tulbur\u0103ri sexuale | Sanatate.md","robots":{"index":"index","follow":"follow","max-snippet":"max-snippet:-1","max-image-preview":"max-image-preview:large","max-video-preview":"max-video-preview:-1"},"canonical":"https:\/\/sanatate.md\/ro\/boli-si-tratament\/tulburari-sexuale\/","og_locale":"ro_RO","og_type":"article","og_title":"Tulbur\u0103ri sexuale | Sanatate.md","og_description":"Analism Anestezia sexual\u0103 Aversiunea fa\u021b\u0103 de partenerul sexual Aversiunea sexual\u0103 Anorgasmia Autoerotismul patologic C\u0103s\u0103toria imaculat\u0103 (virgogamiya) Complexele sexuale Disfunc\u021bia erectil\u0103 (impoten\u021ba) Disocierea orgasmului Fobiile sexuale Genitalgia Inadaptabilitatea sexual\u0103 \u00cenc\u0103lcarea complexului de preg\u0103tire sexual\u0103 \u00cenc\u0103lcarea cursului vie\u021bii sexuale la b\u0103rba\u021bi Masochismul Nimfomania Oralizmul Orgasm f\u0103r\u0103 erec\u021bie Hipersexualitatea Homosexualitatea Hyposexuality Perversiunea sexual\u0103 Problemele sexuale R\u0103ceal\u0103 sexual\u0103 (frigiditate) [&hellip;]","og_url":"https:\/\/sanatate.md\/ro\/boli-si-tratament\/tulburari-sexuale\/","og_site_name":"Sanatate.md","article_modified_time":"2018-09-27T11:40:07+00:00","twitter_card":"summary_large_image","twitter_misc":{"Timp estimat pentru citire":"1 minut"},"schema":{"@context":"https:\/\/schema.org","@graph":[{"@type":"WebPage","@id":"https:\/\/sanatate.md\/ro\/boli-si-tratament\/tulburari-sexuale\/","url":"https:\/\/sanatate.md\/ro\/boli-si-tratament\/tulburari-sexuale\/","name":"Tulbur\u0103ri sexuale | Sanatate.md","isPartOf":{"@id":"https:\/\/sanatate.md\/ro\/#website"},"datePublished":"2018-02-20T10:55:25+00:00","dateModified":"2018-09-27T11:40:07+00:00","breadcrumb":{"@id":"https:\/\/sanatate.md\/ro\/boli-si-tratament\/tulburari-sexuale\/#breadcrumb"},"inLanguage":"ro-RO","potentialAction":[{"@type":"ReadAction","target":["https:\/\/sanatate.md\/ro\/boli-si-tratament\/tulburari-sexuale\/"]}]},{"@type":"BreadcrumbList","@id":"https:\/\/sanatate.md\/ro\/boli-si-tratament\/tulburari-sexuale\/#breadcrumb","itemListElement":[{"@type":"ListItem","position":1,"name":"\u0413\u043b\u0430\u0432\u043d\u0430\u044f \u0441\u0442\u0440\u0430\u043d\u0438\u0446\u0430","item":"https:\/\/sanatate.md\/ro\/"},{"@type":"ListItem","position":2,"name":"Boli si tratament","item":"https:\/\/sanatate.md\/ro\/boli-si-tratament\/"},{"@type":"ListItem","position":3,"name":"Tulbur\u0103ri sexuale"}]},{"@type":"WebSite","@id":"https:\/\/sanatate.md\/ro\/#website","url":"https:\/\/sanatate.md\/ro\/","name":"Sanatate.md","description":"\u0416\u0443\u0440\u043d\u0430\u043b \u0434\u043b\u044f \u0432\u0441\u0435\u0439 \u0441\u0435\u043c\u044c\u0438 \u0432 \u041c\u043e\u043b\u0434\u043e\u0432\u0435","publisher":{"@id":"https:\/\/sanatate.md\/ro\/#organization"},"potentialAction":[{"@type":"SearchAction","target":{"@type":"EntryPoint","urlTemplate":"https:\/\/sanatate.md\/ro\/?s={search_term_string}"},"query-input":{"@type":"PropertyValueSpecification","valueRequired":true,"valueName":"search_term_string"}}],"inLanguage":"ro-RO"},{"@type":"Organization","@id":"https:\/\/sanatate.md\/ro\/#organization","name":"SANATATE","url":"https:\/\/sanatate.md\/ro\/","logo":{"@type":"ImageObject","inLanguage":"ro-RO","@id":"https:\/\/sanatate.md\/ro\/#\/schema\/logo\/image\/","url":"https:\/\/sanatate.md\/wp-content\/uploads\/2022\/01\/sanatate-logo.svg","contentUrl":"https:\/\/sanatate.md\/wp-content\/uploads\/2022\/01\/sanatate-logo.svg","width":"1024","height":"1024","caption":"SANATATE"},"image":{"@id":"https:\/\/sanatate.md\/ro\/#\/schema\/logo\/image\/"}}]}},"_links":{"self":[{"href":"https:\/\/sanatate.md\/ro\/wp-json\/wp\/v2\/pages\/52952","targetHints":{"allow":["GET"]}}],"collection":[{"href":"https:\/\/sanatate.md\/ro\/wp-json\/wp\/v2\/pages"}],"about":[{"href":"https:\/\/sanatate.md\/ro\/wp-json\/wp\/v2\/types\/page"}],"author":[{"embeddable":true,"href":"https:\/\/sanatate.md\/ro\/wp-json\/wp\/v2\/users\/28"}],"replies":[{"embeddable":true,"href":"https:\/\/sanatate.md\/ro\/wp-json\/wp\/v2\/comments?post=52952"}],"version-history":[{"count":0,"href":"https:\/\/sanatate.md\/ro\/wp-json\/wp\/v2\/pages\/52952\/revisions"}],"up":[{"embeddable":true,"href":"https:\/\/sanatate.md\/ro\/wp-json\/wp\/v2\/pages\/38214"}],"wp:attachment":[{"href":"https:\/\/sanatate.md\/ro\/wp-json\/wp\/v2\/media?parent=52952"}],"curies":[{"name":"wp","href":"https:\/\/api.w.org\/{rel}","templated":true}]}}