{"id":52970,"date":"2018-02-20T16:36:10","date_gmt":"2018-02-20T13:36:10","guid":{"rendered":"https:\/\/sanatate.md\/?page_id=52970"},"modified":"2020-03-25T13:11:29","modified_gmt":"2020-03-25T10:11:29","slug":"boli-masculine","status":"publish","type":"page","link":"https:\/\/sanatate.md\/ro\/boli-si-tratament\/boli-masculine\/","title":{"rendered":"Boli masculine"},"content":{"rendered":"<p>Adenomul prostatic (glanda prostatic\u0103)<br \/>\n<a href=\"https:\/\/sanatate.md\/ro\/boli-si-tratament\/boli-masculine\/andropauza\/\">Andropauza<\/a><br \/>\nBalanita, balanopostita<br \/>\n<a href=\"https:\/\/sanatate.md\/ro\/boli-si-tratament\/boli-masculine\/boala-peyronie\/\">Boala Peyronie<\/a><br \/>\nCryptorchidismul (testicul necobor\u0103t \u00een scrot)<br \/>\nEjacularea \u00eent\u00e2rziat\u0103<br \/>\nEjacularea prematur\u0103<br \/>\nEpididimita<br \/>\nFimoza<br \/>\nHidrocel testicular<br \/>\nHidropizia testiculelor \u0219i cordonului spermatic<br \/>\nHipospadias<br \/>\nImpoten\u021ba (disfunc\u021bie erectil\u0103)<br \/>\nInfertilitatea masculin\u0103<br \/>\n\u00cenc\u0103lcarea spermatogenezei<br \/>\nKollikulit<br \/>\n<a href=\"https:\/\/sanatate.md\/ro\/boli-si-tratament\/boli-masculine\/leziunea-organelor-genitale-masculine\/\">Leziunea organelor genitale masculine<\/a><br \/>\nOrhita<br \/>\nParafimoza<br \/>\nProstatita<br \/>\nProstatoveziculita<br \/>\nSerangitis<br \/>\nVaricocel<br \/>\nVeziculele<\/p>\n","protected":false},"excerpt":{"rendered":"<p>Adenomul prostatic (glanda prostatic\u0103) Andropauza Balanita, balanopostita Boala Peyronie Cryptorchidismul (testicul necobor\u0103t \u00een scrot) Ejacularea \u00eent\u00e2rziat\u0103 Ejacularea prematur\u0103 Epididimita Fimoza Hidrocel testicular Hidropizia testiculelor \u0219i cordonului spermatic Hipospadias Impoten\u021ba (disfunc\u021bie erectil\u0103) Infertilitatea masculin\u0103 \u00cenc\u0103lcarea spermatogenezei Kollikulit Leziunea organelor genitale masculine Orhita Parafimoza Prostatita Prostatoveziculita Serangitis Varicocel Veziculele<\/p>\n","protected":false},"author":28,"featured_media":0,"parent":38214,"menu_order":6,"comment_status":"closed","ping_status":"closed","template":"","meta":{"inline_featured_image":false,"footnotes":""},"class_list":["post-52970","page","type-page","status-publish"],"yoast_head":"<!-- This site is optimized with the Yoast SEO plugin v27.3 - https:\/\/yoast.com\/product\/yoast-seo-wordpress\/ -->\n<title>Boli masculine | Sanatate.md<\/title>\n<meta name=\"robots\" content=\"index, follow, max-snippet:-1, max-image-preview:large, max-video-preview:-1\" \/>\n<link rel=\"canonical\" href=\"https:\/\/sanatate.md\/ro\/boli-si-tratament\/boli-masculine\/\" \/>\n<meta property=\"og:locale\" content=\"ro_RO\" \/>\n<meta property=\"og:type\" content=\"article\" \/>\n<meta property=\"og:title\" content=\"Boli masculine | Sanatate.md\" \/>\n<meta property=\"og:description\" content=\"Adenomul prostatic (glanda prostatic\u0103) Andropauza Balanita, balanopostita Boala Peyronie Cryptorchidismul (testicul necobor\u0103t \u00een scrot) Ejacularea \u00eent\u00e2rziat\u0103 Ejacularea prematur\u0103 Epididimita Fimoza Hidrocel testicular Hidropizia testiculelor \u0219i cordonului spermatic Hipospadias Impoten\u021ba (disfunc\u021bie erectil\u0103) Infertilitatea masculin\u0103 \u00cenc\u0103lcarea spermatogenezei Kollikulit Leziunea organelor genitale masculine Orhita Parafimoza Prostatita Prostatoveziculita Serangitis Varicocel Veziculele\" \/>\n<meta property=\"og:url\" content=\"https:\/\/sanatate.md\/ro\/boli-si-tratament\/boli-masculine\/\" \/>\n<meta property=\"og:site_name\" content=\"Sanatate.md\" \/>\n<meta property=\"article:modified_time\" content=\"2020-03-25T10:11:29+00:00\" \/>\n<meta name=\"twitter:card\" content=\"summary_large_image\" \/>\n<script type=\"application\/ld+json\" class=\"yoast-schema-graph\">{\"@context\":\"https:\\\/\\\/schema.org\",\"@graph\":[{\"@type\":\"WebPage\",\"@id\":\"https:\\\/\\\/sanatate.md\\\/ro\\\/boli-si-tratament\\\/boli-masculine\\\/\",\"url\":\"https:\\\/\\\/sanatate.md\\\/ro\\\/boli-si-tratament\\\/boli-masculine\\\/\",\"name\":\"Boli masculine | Sanatate.md\",\"isPartOf\":{\"@id\":\"https:\\\/\\\/sanatate.md\\\/ro\\\/#website\"},\"datePublished\":\"2018-02-20T13:36:10+00:00\",\"dateModified\":\"2020-03-25T10:11:29+00:00\",\"breadcrumb\":{\"@id\":\"https:\\\/\\\/sanatate.md\\\/ro\\\/boli-si-tratament\\\/boli-masculine\\\/#breadcrumb\"},\"inLanguage\":\"ro-RO\",\"potentialAction\":[{\"@type\":\"ReadAction\",\"target\":[\"https:\\\/\\\/sanatate.md\\\/ro\\\/boli-si-tratament\\\/boli-masculine\\\/\"]}]},{\"@type\":\"BreadcrumbList\",\"@id\":\"https:\\\/\\\/sanatate.md\\\/ro\\\/boli-si-tratament\\\/boli-masculine\\\/#breadcrumb\",\"itemListElement\":[{\"@type\":\"ListItem\",\"position\":1,\"name\":\"\u0413\u043b\u0430\u0432\u043d\u0430\u044f \u0441\u0442\u0440\u0430\u043d\u0438\u0446\u0430\",\"item\":\"https:\\\/\\\/sanatate.md\\\/ro\\\/\"},{\"@type\":\"ListItem\",\"position\":2,\"name\":\"Boli si tratament\",\"item\":\"https:\\\/\\\/sanatate.md\\\/ro\\\/boli-si-tratament\\\/\"},{\"@type\":\"ListItem\",\"position\":3,\"name\":\"Boli masculine\"}]},{\"@type\":\"WebSite\",\"@id\":\"https:\\\/\\\/sanatate.md\\\/ro\\\/#website\",\"url\":\"https:\\\/\\\/sanatate.md\\\/ro\\\/\",\"name\":\"Sanatate.md\",\"description\":\"\u0416\u0443\u0440\u043d\u0430\u043b \u0434\u043b\u044f \u0432\u0441\u0435\u0439 \u0441\u0435\u043c\u044c\u0438 \u0432 \u041c\u043e\u043b\u0434\u043e\u0432\u0435\",\"publisher\":{\"@id\":\"https:\\\/\\\/sanatate.md\\\/ro\\\/#organization\"},\"potentialAction\":[{\"@type\":\"SearchAction\",\"target\":{\"@type\":\"EntryPoint\",\"urlTemplate\":\"https:\\\/\\\/sanatate.md\\\/ro\\\/?s={search_term_string}\"},\"query-input\":{\"@type\":\"PropertyValueSpecification\",\"valueRequired\":true,\"valueName\":\"search_term_string\"}}],\"inLanguage\":\"ro-RO\"},{\"@type\":\"Organization\",\"@id\":\"https:\\\/\\\/sanatate.md\\\/ro\\\/#organization\",\"name\":\"SANATATE\",\"url\":\"https:\\\/\\\/sanatate.md\\\/ro\\\/\",\"logo\":{\"@type\":\"ImageObject\",\"inLanguage\":\"ro-RO\",\"@id\":\"https:\\\/\\\/sanatate.md\\\/ro\\\/#\\\/schema\\\/logo\\\/image\\\/\",\"url\":\"https:\\\/\\\/sanatate.md\\\/wp-content\\\/uploads\\\/2022\\\/01\\\/sanatate-logo.svg\",\"contentUrl\":\"https:\\\/\\\/sanatate.md\\\/wp-content\\\/uploads\\\/2022\\\/01\\\/sanatate-logo.svg\",\"width\":\"1024\",\"height\":\"1024\",\"caption\":\"SANATATE\"},\"image\":{\"@id\":\"https:\\\/\\\/sanatate.md\\\/ro\\\/#\\\/schema\\\/logo\\\/image\\\/\"}}]}<\/script>\n<!-- \/ Yoast SEO plugin. -->","yoast_head_json":{"title":"Boli masculine | Sanatate.md","robots":{"index":"index","follow":"follow","max-snippet":"max-snippet:-1","max-image-preview":"max-image-preview:large","max-video-preview":"max-video-preview:-1"},"canonical":"https:\/\/sanatate.md\/ro\/boli-si-tratament\/boli-masculine\/","og_locale":"ro_RO","og_type":"article","og_title":"Boli masculine | Sanatate.md","og_description":"Adenomul prostatic (glanda prostatic\u0103) Andropauza Balanita, balanopostita Boala Peyronie Cryptorchidismul (testicul necobor\u0103t \u00een scrot) Ejacularea \u00eent\u00e2rziat\u0103 Ejacularea prematur\u0103 Epididimita Fimoza Hidrocel testicular Hidropizia testiculelor \u0219i cordonului spermatic Hipospadias Impoten\u021ba (disfunc\u021bie erectil\u0103) Infertilitatea masculin\u0103 \u00cenc\u0103lcarea spermatogenezei Kollikulit Leziunea organelor genitale masculine Orhita Parafimoza Prostatita Prostatoveziculita Serangitis Varicocel Veziculele","og_url":"https:\/\/sanatate.md\/ro\/boli-si-tratament\/boli-masculine\/","og_site_name":"Sanatate.md","article_modified_time":"2020-03-25T10:11:29+00:00","twitter_card":"summary_large_image","schema":{"@context":"https:\/\/schema.org","@graph":[{"@type":"WebPage","@id":"https:\/\/sanatate.md\/ro\/boli-si-tratament\/boli-masculine\/","url":"https:\/\/sanatate.md\/ro\/boli-si-tratament\/boli-masculine\/","name":"Boli masculine | Sanatate.md","isPartOf":{"@id":"https:\/\/sanatate.md\/ro\/#website"},"datePublished":"2018-02-20T13:36:10+00:00","dateModified":"2020-03-25T10:11:29+00:00","breadcrumb":{"@id":"https:\/\/sanatate.md\/ro\/boli-si-tratament\/boli-masculine\/#breadcrumb"},"inLanguage":"ro-RO","potentialAction":[{"@type":"ReadAction","target":["https:\/\/sanatate.md\/ro\/boli-si-tratament\/boli-masculine\/"]}]},{"@type":"BreadcrumbList","@id":"https:\/\/sanatate.md\/ro\/boli-si-tratament\/boli-masculine\/#breadcrumb","itemListElement":[{"@type":"ListItem","position":1,"name":"\u0413\u043b\u0430\u0432\u043d\u0430\u044f \u0441\u0442\u0440\u0430\u043d\u0438\u0446\u0430","item":"https:\/\/sanatate.md\/ro\/"},{"@type":"ListItem","position":2,"name":"Boli si tratament","item":"https:\/\/sanatate.md\/ro\/boli-si-tratament\/"},{"@type":"ListItem","position":3,"name":"Boli masculine"}]},{"@type":"WebSite","@id":"https:\/\/sanatate.md\/ro\/#website","url":"https:\/\/sanatate.md\/ro\/","name":"Sanatate.md","description":"\u0416\u0443\u0440\u043d\u0430\u043b \u0434\u043b\u044f \u0432\u0441\u0435\u0439 \u0441\u0435\u043c\u044c\u0438 \u0432 \u041c\u043e\u043b\u0434\u043e\u0432\u0435","publisher":{"@id":"https:\/\/sanatate.md\/ro\/#organization"},"potentialAction":[{"@type":"SearchAction","target":{"@type":"EntryPoint","urlTemplate":"https:\/\/sanatate.md\/ro\/?s={search_term_string}"},"query-input":{"@type":"PropertyValueSpecification","valueRequired":true,"valueName":"search_term_string"}}],"inLanguage":"ro-RO"},{"@type":"Organization","@id":"https:\/\/sanatate.md\/ro\/#organization","name":"SANATATE","url":"https:\/\/sanatate.md\/ro\/","logo":{"@type":"ImageObject","inLanguage":"ro-RO","@id":"https:\/\/sanatate.md\/ro\/#\/schema\/logo\/image\/","url":"https:\/\/sanatate.md\/wp-content\/uploads\/2022\/01\/sanatate-logo.svg","contentUrl":"https:\/\/sanatate.md\/wp-content\/uploads\/2022\/01\/sanatate-logo.svg","width":"1024","height":"1024","caption":"SANATATE"},"image":{"@id":"https:\/\/sanatate.md\/ro\/#\/schema\/logo\/image\/"}}]}},"_links":{"self":[{"href":"https:\/\/sanatate.md\/ro\/wp-json\/wp\/v2\/pages\/52970","targetHints":{"allow":["GET"]}}],"collection":[{"href":"https:\/\/sanatate.md\/ro\/wp-json\/wp\/v2\/pages"}],"about":[{"href":"https:\/\/sanatate.md\/ro\/wp-json\/wp\/v2\/types\/page"}],"author":[{"embeddable":true,"href":"https:\/\/sanatate.md\/ro\/wp-json\/wp\/v2\/users\/28"}],"replies":[{"embeddable":true,"href":"https:\/\/sanatate.md\/ro\/wp-json\/wp\/v2\/comments?post=52970"}],"version-history":[{"count":0,"href":"https:\/\/sanatate.md\/ro\/wp-json\/wp\/v2\/pages\/52970\/revisions"}],"up":[{"embeddable":true,"href":"https:\/\/sanatate.md\/ro\/wp-json\/wp\/v2\/pages\/38214"}],"wp:attachment":[{"href":"https:\/\/sanatate.md\/ro\/wp-json\/wp\/v2\/media?parent=52970"}],"curies":[{"name":"wp","href":"https:\/\/api.w.org\/{rel}","templated":true}]}}