{"id":52975,"date":"2018-02-20T16:47:55","date_gmt":"2018-02-20T13:47:55","guid":{"rendered":"https:\/\/sanatate.md\/?page_id=52975"},"modified":"2020-05-18T11:12:03","modified_gmt":"2020-05-18T08:12:03","slug":"boli-ale-sistemului-musculo-scheletic-traumatisme","status":"publish","type":"page","link":"https:\/\/sanatate.md\/ro\/boli-si-tratament\/boli-ale-sistemului-musculo-scheletic-traumatisme\/","title":{"rendered":"Boli ale sistemului musculo-scheletic, traumatisme"},"content":{"rendered":"<p><a href=\"https:\/\/sanatate.md\/ro\/boli-si-tratament\/boli-ale-sistemului-musculo-scheletic-traumatisme\/amiotrofiile-spinale\/\">Amiotrofiile spinale<\/a><br \/>\nAmiotrofia spinal\u0103 benign\u0103 Kugelberg-Welander<br \/>\n<a href=\"https:\/\/sanatate.md\/ro\/boli-si-tratament\/boli-ale-sistemului-musculo-scheletic-traumatisme\/amiotrofia-spinala-la-copii-werdnig-hoffmann\/\">Amiotrofia spinal\u0103 la copii \u2013 Werdnig-Hoffmann<\/a><br \/>\nAmputa\u021bia traumatic\u0103<br \/>\n<a href=\"https:\/\/sanatate.md\/ro\/boli-si-tratament\/boli-ale-sistemului-musculo-scheletic-traumatisme\/anomalii-in-dezvoltarea-coloanei-vertebrale\/\">Anomalii \u00een dezvoltarea coloanei vertebrale<\/a><br \/>\nBoala lui Bechterev<br \/>\nBoala lui Taratinov<br \/>\nCalus<br \/>\nCervicalgia<br \/>\nCervicocranialgia<br \/>\nCervicotoracalgia<br \/>\nCifoza<br \/>\nClubfoot congenital<br \/>\nConturul articula\u021biilor<br \/>\nCrunch \u00een articula\u021bii<br \/>\n<a href=\"https:\/\/sanatate.md\/ro\/boli-si-tratament\/boli-ale-sistemului-musculo-scheletic-traumatisme\/deformari-ale-cutiei-toracice\/\">Deform\u0103ri ale cutiei toracice<\/a><br \/>\nDislocarea claviculei<br \/>\nDislocarea maxilarului inferior<br \/>\nDisplazia de \u015fold<br \/>\nDisplazia ectodermic\u0103<br \/>\nDorsalgia<br \/>\nDurere cronic\u0103 de spate<br \/>\nExostoza<br \/>\nFasciita plantar\u0103<br \/>\nFracturi<br \/>\nGranulomul eozinofilic<br \/>\nHernia intervertebral\u0103<br \/>\nInstabilitatea articula\u021biei um\u0103rului (dislocarea obi\u0219nuit\u0103 a um\u0103rului)<br \/>\nLordoza<br \/>\nLumbago<br \/>\nLuxa\u021bia<br \/>\nOsteocondroza<br \/>\nPlatfusul<br \/>\nRuptura meniscului<br \/>\nSciatica<br \/>\nScolioza<br \/>\n<a href=\"https:\/\/sanatate.md\/ro\/boli-si-tratament\/boli-ale-sistemului-musculo-scheletic-traumatisme\/sindromul-tonic-muscular\/\">Sindromul tonic muscular<\/a><br \/>\nSpondiloliza \u0219i spondilolisteza<br \/>\nStenoza canalului spinal<br \/>\nTenosinovita<br \/>\nTorticolis<br \/>\nTrauma<br \/>\nTrauma coloanei vertebrale \u0219i m\u0103duvei spin\u0103rii<br \/>\nVibra\u021bia<\/p>\n","protected":false},"excerpt":{"rendered":"<p>Amiotrofiile spinale Amiotrofia spinal\u0103 benign\u0103 Kugelberg-Welander Amiotrofia spinal\u0103 la copii \u2013 Werdnig-Hoffmann Amputa\u021bia traumatic\u0103 Anomalii \u00een dezvoltarea coloanei vertebrale Boala lui Bechterev Boala lui Taratinov Calus Cervicalgia Cervicocranialgia Cervicotoracalgia Cifoza Clubfoot congenital Conturul articula\u021biilor Crunch \u00een articula\u021bii Deform\u0103ri ale cutiei toracice Dislocarea claviculei Dislocarea maxilarului inferior Displazia de \u015fold Displazia ectodermic\u0103 Dorsalgia Durere cronic\u0103 de [&hellip;]<\/p>\n","protected":false},"author":28,"featured_media":0,"parent":38214,"menu_order":7,"comment_status":"closed","ping_status":"closed","template":"","meta":{"inline_featured_image":false,"footnotes":""},"class_list":["post-52975","page","type-page","status-publish"],"yoast_head":"<!-- This site is optimized with the Yoast SEO plugin v27.3 - https:\/\/yoast.com\/product\/yoast-seo-wordpress\/ -->\n<title>Boli ale sistemului musculo-scheletic, traumatisme | Sanatate.md<\/title>\n<meta name=\"robots\" content=\"index, follow, max-snippet:-1, max-image-preview:large, max-video-preview:-1\" \/>\n<link rel=\"canonical\" href=\"https:\/\/sanatate.md\/ro\/boli-si-tratament\/boli-ale-sistemului-musculo-scheletic-traumatisme\/\" \/>\n<meta property=\"og:locale\" content=\"ro_RO\" \/>\n<meta property=\"og:type\" content=\"article\" \/>\n<meta property=\"og:title\" content=\"Boli ale sistemului musculo-scheletic, traumatisme | Sanatate.md\" \/>\n<meta property=\"og:description\" content=\"Amiotrofiile spinale Amiotrofia spinal\u0103 benign\u0103 Kugelberg-Welander Amiotrofia spinal\u0103 la copii \u2013 Werdnig-Hoffmann Amputa\u021bia traumatic\u0103 Anomalii \u00een dezvoltarea coloanei vertebrale Boala lui Bechterev Boala lui Taratinov Calus Cervicalgia Cervicocranialgia Cervicotoracalgia Cifoza Clubfoot congenital Conturul articula\u021biilor Crunch \u00een articula\u021bii Deform\u0103ri ale cutiei toracice Dislocarea claviculei Dislocarea maxilarului inferior Displazia de \u015fold Displazia ectodermic\u0103 Dorsalgia Durere cronic\u0103 de [&hellip;]\" \/>\n<meta property=\"og:url\" content=\"https:\/\/sanatate.md\/ro\/boli-si-tratament\/boli-ale-sistemului-musculo-scheletic-traumatisme\/\" \/>\n<meta property=\"og:site_name\" content=\"Sanatate.md\" \/>\n<meta property=\"article:modified_time\" content=\"2020-05-18T08:12:03+00:00\" \/>\n<meta name=\"twitter:card\" content=\"summary_large_image\" \/>\n<meta name=\"twitter:label1\" content=\"Timp estimat pentru citire\" \/>\n\t<meta name=\"twitter:data1\" content=\"1 minut\" \/>\n<script type=\"application\/ld+json\" class=\"yoast-schema-graph\">{\"@context\":\"https:\\\/\\\/schema.org\",\"@graph\":[{\"@type\":\"WebPage\",\"@id\":\"https:\\\/\\\/sanatate.md\\\/ro\\\/boli-si-tratament\\\/boli-ale-sistemului-musculo-scheletic-traumatisme\\\/\",\"url\":\"https:\\\/\\\/sanatate.md\\\/ro\\\/boli-si-tratament\\\/boli-ale-sistemului-musculo-scheletic-traumatisme\\\/\",\"name\":\"Boli ale sistemului musculo-scheletic, traumatisme | Sanatate.md\",\"isPartOf\":{\"@id\":\"https:\\\/\\\/sanatate.md\\\/ro\\\/#website\"},\"datePublished\":\"2018-02-20T13:47:55+00:00\",\"dateModified\":\"2020-05-18T08:12:03+00:00\",\"breadcrumb\":{\"@id\":\"https:\\\/\\\/sanatate.md\\\/ro\\\/boli-si-tratament\\\/boli-ale-sistemului-musculo-scheletic-traumatisme\\\/#breadcrumb\"},\"inLanguage\":\"ro-RO\",\"potentialAction\":[{\"@type\":\"ReadAction\",\"target\":[\"https:\\\/\\\/sanatate.md\\\/ro\\\/boli-si-tratament\\\/boli-ale-sistemului-musculo-scheletic-traumatisme\\\/\"]}]},{\"@type\":\"BreadcrumbList\",\"@id\":\"https:\\\/\\\/sanatate.md\\\/ro\\\/boli-si-tratament\\\/boli-ale-sistemului-musculo-scheletic-traumatisme\\\/#breadcrumb\",\"itemListElement\":[{\"@type\":\"ListItem\",\"position\":1,\"name\":\"\u0413\u043b\u0430\u0432\u043d\u0430\u044f \u0441\u0442\u0440\u0430\u043d\u0438\u0446\u0430\",\"item\":\"https:\\\/\\\/sanatate.md\\\/ro\\\/\"},{\"@type\":\"ListItem\",\"position\":2,\"name\":\"Boli si tratament\",\"item\":\"https:\\\/\\\/sanatate.md\\\/ro\\\/boli-si-tratament\\\/\"},{\"@type\":\"ListItem\",\"position\":3,\"name\":\"Boli ale sistemului musculo-scheletic, traumatisme\"}]},{\"@type\":\"WebSite\",\"@id\":\"https:\\\/\\\/sanatate.md\\\/ro\\\/#website\",\"url\":\"https:\\\/\\\/sanatate.md\\\/ro\\\/\",\"name\":\"Sanatate.md\",\"description\":\"\u0416\u0443\u0440\u043d\u0430\u043b \u0434\u043b\u044f \u0432\u0441\u0435\u0439 \u0441\u0435\u043c\u044c\u0438 \u0432 \u041c\u043e\u043b\u0434\u043e\u0432\u0435\",\"publisher\":{\"@id\":\"https:\\\/\\\/sanatate.md\\\/ro\\\/#organization\"},\"potentialAction\":[{\"@type\":\"SearchAction\",\"target\":{\"@type\":\"EntryPoint\",\"urlTemplate\":\"https:\\\/\\\/sanatate.md\\\/ro\\\/?s={search_term_string}\"},\"query-input\":{\"@type\":\"PropertyValueSpecification\",\"valueRequired\":true,\"valueName\":\"search_term_string\"}}],\"inLanguage\":\"ro-RO\"},{\"@type\":\"Organization\",\"@id\":\"https:\\\/\\\/sanatate.md\\\/ro\\\/#organization\",\"name\":\"SANATATE\",\"url\":\"https:\\\/\\\/sanatate.md\\\/ro\\\/\",\"logo\":{\"@type\":\"ImageObject\",\"inLanguage\":\"ro-RO\",\"@id\":\"https:\\\/\\\/sanatate.md\\\/ro\\\/#\\\/schema\\\/logo\\\/image\\\/\",\"url\":\"https:\\\/\\\/sanatate.md\\\/wp-content\\\/uploads\\\/2022\\\/01\\\/sanatate-logo.svg\",\"contentUrl\":\"https:\\\/\\\/sanatate.md\\\/wp-content\\\/uploads\\\/2022\\\/01\\\/sanatate-logo.svg\",\"width\":\"1024\",\"height\":\"1024\",\"caption\":\"SANATATE\"},\"image\":{\"@id\":\"https:\\\/\\\/sanatate.md\\\/ro\\\/#\\\/schema\\\/logo\\\/image\\\/\"}}]}<\/script>\n<!-- \/ Yoast SEO plugin. -->","yoast_head_json":{"title":"Boli ale sistemului musculo-scheletic, traumatisme | Sanatate.md","robots":{"index":"index","follow":"follow","max-snippet":"max-snippet:-1","max-image-preview":"max-image-preview:large","max-video-preview":"max-video-preview:-1"},"canonical":"https:\/\/sanatate.md\/ro\/boli-si-tratament\/boli-ale-sistemului-musculo-scheletic-traumatisme\/","og_locale":"ro_RO","og_type":"article","og_title":"Boli ale sistemului musculo-scheletic, traumatisme | Sanatate.md","og_description":"Amiotrofiile spinale Amiotrofia spinal\u0103 benign\u0103 Kugelberg-Welander Amiotrofia spinal\u0103 la copii \u2013 Werdnig-Hoffmann Amputa\u021bia traumatic\u0103 Anomalii \u00een dezvoltarea coloanei vertebrale Boala lui Bechterev Boala lui Taratinov Calus Cervicalgia Cervicocranialgia Cervicotoracalgia Cifoza Clubfoot congenital Conturul articula\u021biilor Crunch \u00een articula\u021bii Deform\u0103ri ale cutiei toracice Dislocarea claviculei Dislocarea maxilarului inferior Displazia de \u015fold Displazia ectodermic\u0103 Dorsalgia Durere cronic\u0103 de [&hellip;]","og_url":"https:\/\/sanatate.md\/ro\/boli-si-tratament\/boli-ale-sistemului-musculo-scheletic-traumatisme\/","og_site_name":"Sanatate.md","article_modified_time":"2020-05-18T08:12:03+00:00","twitter_card":"summary_large_image","twitter_misc":{"Timp estimat pentru citire":"1 minut"},"schema":{"@context":"https:\/\/schema.org","@graph":[{"@type":"WebPage","@id":"https:\/\/sanatate.md\/ro\/boli-si-tratament\/boli-ale-sistemului-musculo-scheletic-traumatisme\/","url":"https:\/\/sanatate.md\/ro\/boli-si-tratament\/boli-ale-sistemului-musculo-scheletic-traumatisme\/","name":"Boli ale sistemului musculo-scheletic, traumatisme | Sanatate.md","isPartOf":{"@id":"https:\/\/sanatate.md\/ro\/#website"},"datePublished":"2018-02-20T13:47:55+00:00","dateModified":"2020-05-18T08:12:03+00:00","breadcrumb":{"@id":"https:\/\/sanatate.md\/ro\/boli-si-tratament\/boli-ale-sistemului-musculo-scheletic-traumatisme\/#breadcrumb"},"inLanguage":"ro-RO","potentialAction":[{"@type":"ReadAction","target":["https:\/\/sanatate.md\/ro\/boli-si-tratament\/boli-ale-sistemului-musculo-scheletic-traumatisme\/"]}]},{"@type":"BreadcrumbList","@id":"https:\/\/sanatate.md\/ro\/boli-si-tratament\/boli-ale-sistemului-musculo-scheletic-traumatisme\/#breadcrumb","itemListElement":[{"@type":"ListItem","position":1,"name":"\u0413\u043b\u0430\u0432\u043d\u0430\u044f \u0441\u0442\u0440\u0430\u043d\u0438\u0446\u0430","item":"https:\/\/sanatate.md\/ro\/"},{"@type":"ListItem","position":2,"name":"Boli si tratament","item":"https:\/\/sanatate.md\/ro\/boli-si-tratament\/"},{"@type":"ListItem","position":3,"name":"Boli ale sistemului musculo-scheletic, traumatisme"}]},{"@type":"WebSite","@id":"https:\/\/sanatate.md\/ro\/#website","url":"https:\/\/sanatate.md\/ro\/","name":"Sanatate.md","description":"\u0416\u0443\u0440\u043d\u0430\u043b \u0434\u043b\u044f \u0432\u0441\u0435\u0439 \u0441\u0435\u043c\u044c\u0438 \u0432 \u041c\u043e\u043b\u0434\u043e\u0432\u0435","publisher":{"@id":"https:\/\/sanatate.md\/ro\/#organization"},"potentialAction":[{"@type":"SearchAction","target":{"@type":"EntryPoint","urlTemplate":"https:\/\/sanatate.md\/ro\/?s={search_term_string}"},"query-input":{"@type":"PropertyValueSpecification","valueRequired":true,"valueName":"search_term_string"}}],"inLanguage":"ro-RO"},{"@type":"Organization","@id":"https:\/\/sanatate.md\/ro\/#organization","name":"SANATATE","url":"https:\/\/sanatate.md\/ro\/","logo":{"@type":"ImageObject","inLanguage":"ro-RO","@id":"https:\/\/sanatate.md\/ro\/#\/schema\/logo\/image\/","url":"https:\/\/sanatate.md\/wp-content\/uploads\/2022\/01\/sanatate-logo.svg","contentUrl":"https:\/\/sanatate.md\/wp-content\/uploads\/2022\/01\/sanatate-logo.svg","width":"1024","height":"1024","caption":"SANATATE"},"image":{"@id":"https:\/\/sanatate.md\/ro\/#\/schema\/logo\/image\/"}}]}},"_links":{"self":[{"href":"https:\/\/sanatate.md\/ro\/wp-json\/wp\/v2\/pages\/52975","targetHints":{"allow":["GET"]}}],"collection":[{"href":"https:\/\/sanatate.md\/ro\/wp-json\/wp\/v2\/pages"}],"about":[{"href":"https:\/\/sanatate.md\/ro\/wp-json\/wp\/v2\/types\/page"}],"author":[{"embeddable":true,"href":"https:\/\/sanatate.md\/ro\/wp-json\/wp\/v2\/users\/28"}],"replies":[{"embeddable":true,"href":"https:\/\/sanatate.md\/ro\/wp-json\/wp\/v2\/comments?post=52975"}],"version-history":[{"count":0,"href":"https:\/\/sanatate.md\/ro\/wp-json\/wp\/v2\/pages\/52975\/revisions"}],"up":[{"embeddable":true,"href":"https:\/\/sanatate.md\/ro\/wp-json\/wp\/v2\/pages\/38214"}],"wp:attachment":[{"href":"https:\/\/sanatate.md\/ro\/wp-json\/wp\/v2\/media?parent=52975"}],"curies":[{"name":"wp","href":"https:\/\/api.w.org\/{rel}","templated":true}]}}