{"id":52978,"date":"2018-02-20T17:29:55","date_gmt":"2018-02-20T14:29:55","guid":{"rendered":"https:\/\/sanatate.md\/?page_id=52978"},"modified":"2020-05-20T10:58:09","modified_gmt":"2020-05-20T07:58:09","slug":"boli-neurologice","status":"publish","type":"page","link":"https:\/\/sanatate.md\/ro\/boli-si-tratament\/boli-neurologice\/","title":{"rendered":"Boli neurologice"},"content":{"rendered":"<p>Abcesul creierului<br \/>\nAccident vascular cerebral<br \/>\nAccidentul vascular cerebral hemoragic<br \/>\nAccidentul vascular cerebral ischemic<br \/>\nAccident vascular cerebral spinal<br \/>\nAgranulocitoza<br \/>\nAme\u021beala<br \/>\n<a href=\"https:\/\/sanatate.md\/ro\/boli-si-tratament\/boli-neurologice\/amiotrofia-neurala-sharcot-marie\/\">Amiotrofia neural\u0103 Sharcot-Marie<\/a><br \/>\nAmnezia<br \/>\nAnevrismul vaselor cerebrale<br \/>\nApatica traumatic\u0103<br \/>\nArahnoidita<br \/>\nAsemeniul traumatic<br \/>\nAtrofia creierului<br \/>\nBoala Alzheimer<br \/>\nBoala M\u00e9ni\u00e8re<br \/>\nBoala Parkinson<br \/>\nBoala lui Friedreich<br \/>\nBoala lui Thomsen<br \/>\nCicatura nervoas\u0103<br \/>\nComa<br \/>\nCom\u0103 hipoglicemic\u0103<br \/>\nCompresia nervoas\u0103<br \/>\n<a href=\"https:\/\/sanatate.md\/ro\/boli-si-tratament\/boli-neurologice\/debilitatea-mintala\/\">Debilitatea mintal\u0103<\/a><br \/>\nDistrofia hepatocebral\u0103 (degenerare hepatolenticular\u0103)<br \/>\nDistonia neurocirculatorie (NDC)<br \/>\nDistonia torsional\u0103<br \/>\nDistonia vascular\u0103 (VSD)<br \/>\nDurerile de cap<br \/>\nDurerile reumatice<br \/>\nEncephalasthenia<br \/>\nEncefalita<br \/>\nEncefalita epidemic\u0103<br \/>\nEncefalopatia<br \/>\nEpilepsia<br \/>\nFenilcetonuria<br \/>\nG\u00e2ng\u0103vit<br \/>\nHidrocefalia (edem al creierului)<br \/>\nHemicrania<br \/>\nHernia intervertebral\u0103<br \/>\nIctus cerebral<br \/>\n<a href=\"https:\/\/sanatate.md\/ro\/boli-si-tratament\/boli-neurologice\/ictusul-venos\/\">Ictusul venos<\/a><br \/>\n<a href=\"https:\/\/sanatate.md\/ro\/boli-si-tratament\/boli-neurologice\/impactul-nervos\/\">Impactul nervos<\/a><br \/>\nInsomnia<br \/>\nLeucodistrofia<br \/>\nLe\u0219inul<br \/>\nLumbago<br \/>\nMiastenia<br \/>\n<a href=\"https:\/\/sanatate.md\/ro\/boli-si-tratament\/boli-neurologice\/migraine-nevralgie\/\">Migraine nevralgie<\/a><br \/>\nMigrena abdominal\u0103<br \/>\nMielopatia<br \/>\nMigrena nevralgic\u0103<br \/>\nMigrenele (dureri de cap)<br \/>\n<a href=\"https:\/\/sanatate.md\/ro\/boli-si-tratament\/boli-neurologice\/microcefalia\/\">Microcefalia<\/a><br \/>\nMiotonia \u00eenn\u0103scut\u0103<br \/>\nMiozita<br \/>\nMigrena Shavani<br \/>\nMononeuropatia (nevritele \u0219i nevralgiile)<br \/>\nNarcolepsia<br \/>\nNevralgia<br \/>\n<a href=\"https:\/\/sanatate.md\/ro\/boli-si-tratament\/boli-neurologice\/nevralgia-nervului-trigeminal\/\">Nevralgia nervului trigeminal<\/a><br \/>\nNevrita (neuropatie)<br \/>\nNevrita nervului facial<br \/>\nNeuroreumatismul<br \/>\nNeurosifilisul<br \/>\nNevralgia intercostal\u0103<br \/>\nOftalmoplegia<br \/>\n<a href=\"https:\/\/sanatate.md\/ro\/boli-si-tratament\/boli-neurologice\/opisthotonus\/\">Opisthotonus<\/a><br \/>\nParalizia cerebral\u0103 la copii (paralizie cerebral\u0103)<br \/>\nParchinsonismul<br \/>\n<a href=\"https:\/\/sanatate.md\/ro\/boli-si-tratament\/boli-neurologice\/plexopatia\/\">Plexopatia<\/a><br \/>\nPolineuropatia<br \/>\nProgresia distrofiei musculare<br \/>\n<a href=\"https:\/\/sanatate.md\/ro\/boli-si-tratament\/boli-neurologice\/radiculita\/\">Radiculita<\/a><br \/>\nRadiculopatiile discogene<br \/>\nScleroza multipl\u0103<br \/>\nStarea de voma (varsaturile)<br \/>\n<a href=\"https:\/\/sanatate.md\/ro\/boli-si-tratament\/boli-neurologice\/sciatica\/\">Sciatica<\/a><br \/>\nScleroza lateral\u0103 amiotrofic\u0103<br \/>\nSindromul canalului cubital<br \/>\nSindromul canalului Guion<br \/>\nSindromul Horner<br \/>\nSindromul de tunel carpian<br \/>\nSindromul Tourette<br \/>\nSiringomielia<br \/>\nSopor<br \/>\n<a href=\"https:\/\/sanatate.md\/ro\/boli-si-tratament\/boli-neurologice\/toracalgia\/\">Toracalgia<\/a><br \/>\nTremurul<br \/>\nZgomotul \u00een urechi<\/p>\n","protected":false},"excerpt":{"rendered":"<p>Abcesul creierului Accident vascular cerebral Accidentul vascular cerebral hemoragic Accidentul vascular cerebral ischemic Accident vascular cerebral spinal Agranulocitoza Ame\u021beala Amiotrofia neural\u0103 Sharcot-Marie Amnezia Anevrismul vaselor cerebrale Apatica traumatic\u0103 Arahnoidita Asemeniul traumatic Atrofia creierului Boala Alzheimer Boala M\u00e9ni\u00e8re Boala Parkinson Boala lui Friedreich Boala lui Thomsen Cicatura nervoas\u0103 Coma Com\u0103 hipoglicemic\u0103 Compresia nervoas\u0103 Debilitatea mintal\u0103 Distrofia [&hellip;]<\/p>\n","protected":false},"author":28,"featured_media":0,"parent":38214,"menu_order":8,"comment_status":"closed","ping_status":"closed","template":"","meta":{"inline_featured_image":false,"footnotes":""},"class_list":["post-52978","page","type-page","status-publish"],"yoast_head":"<!-- This site is optimized with the Yoast SEO plugin v27.3 - https:\/\/yoast.com\/product\/yoast-seo-wordpress\/ -->\n<title>Boli neurologice | Sanatate.md<\/title>\n<meta name=\"robots\" content=\"index, follow, max-snippet:-1, max-image-preview:large, max-video-preview:-1\" \/>\n<link rel=\"canonical\" href=\"https:\/\/sanatate.md\/ro\/boli-si-tratament\/boli-neurologice\/\" \/>\n<meta property=\"og:locale\" content=\"ro_RO\" \/>\n<meta property=\"og:type\" content=\"article\" \/>\n<meta property=\"og:title\" content=\"Boli neurologice | Sanatate.md\" \/>\n<meta property=\"og:description\" content=\"Abcesul creierului Accident vascular cerebral Accidentul vascular cerebral hemoragic Accidentul vascular cerebral ischemic Accident vascular cerebral spinal Agranulocitoza Ame\u021beala Amiotrofia neural\u0103 Sharcot-Marie Amnezia Anevrismul vaselor cerebrale Apatica traumatic\u0103 Arahnoidita Asemeniul traumatic Atrofia creierului Boala Alzheimer Boala M\u00e9ni\u00e8re Boala Parkinson Boala lui Friedreich Boala lui Thomsen Cicatura nervoas\u0103 Coma Com\u0103 hipoglicemic\u0103 Compresia nervoas\u0103 Debilitatea mintal\u0103 Distrofia [&hellip;]\" \/>\n<meta property=\"og:url\" content=\"https:\/\/sanatate.md\/ro\/boli-si-tratament\/boli-neurologice\/\" \/>\n<meta property=\"og:site_name\" content=\"Sanatate.md\" \/>\n<meta property=\"article:modified_time\" content=\"2020-05-20T07:58:09+00:00\" \/>\n<meta name=\"twitter:card\" content=\"summary_large_image\" \/>\n<meta name=\"twitter:label1\" content=\"Timp estimat pentru citire\" \/>\n\t<meta name=\"twitter:data1\" content=\"1 minut\" \/>\n<script type=\"application\/ld+json\" class=\"yoast-schema-graph\">{\"@context\":\"https:\\\/\\\/schema.org\",\"@graph\":[{\"@type\":\"WebPage\",\"@id\":\"https:\\\/\\\/sanatate.md\\\/ro\\\/boli-si-tratament\\\/boli-neurologice\\\/\",\"url\":\"https:\\\/\\\/sanatate.md\\\/ro\\\/boli-si-tratament\\\/boli-neurologice\\\/\",\"name\":\"Boli neurologice | Sanatate.md\",\"isPartOf\":{\"@id\":\"https:\\\/\\\/sanatate.md\\\/ro\\\/#website\"},\"datePublished\":\"2018-02-20T14:29:55+00:00\",\"dateModified\":\"2020-05-20T07:58:09+00:00\",\"breadcrumb\":{\"@id\":\"https:\\\/\\\/sanatate.md\\\/ro\\\/boli-si-tratament\\\/boli-neurologice\\\/#breadcrumb\"},\"inLanguage\":\"ro-RO\",\"potentialAction\":[{\"@type\":\"ReadAction\",\"target\":[\"https:\\\/\\\/sanatate.md\\\/ro\\\/boli-si-tratament\\\/boli-neurologice\\\/\"]}]},{\"@type\":\"BreadcrumbList\",\"@id\":\"https:\\\/\\\/sanatate.md\\\/ro\\\/boli-si-tratament\\\/boli-neurologice\\\/#breadcrumb\",\"itemListElement\":[{\"@type\":\"ListItem\",\"position\":1,\"name\":\"\u0413\u043b\u0430\u0432\u043d\u0430\u044f \u0441\u0442\u0440\u0430\u043d\u0438\u0446\u0430\",\"item\":\"https:\\\/\\\/sanatate.md\\\/ro\\\/\"},{\"@type\":\"ListItem\",\"position\":2,\"name\":\"Boli si tratament\",\"item\":\"https:\\\/\\\/sanatate.md\\\/ro\\\/boli-si-tratament\\\/\"},{\"@type\":\"ListItem\",\"position\":3,\"name\":\"Boli neurologice\"}]},{\"@type\":\"WebSite\",\"@id\":\"https:\\\/\\\/sanatate.md\\\/ro\\\/#website\",\"url\":\"https:\\\/\\\/sanatate.md\\\/ro\\\/\",\"name\":\"Sanatate.md\",\"description\":\"\u0416\u0443\u0440\u043d\u0430\u043b \u0434\u043b\u044f \u0432\u0441\u0435\u0439 \u0441\u0435\u043c\u044c\u0438 \u0432 \u041c\u043e\u043b\u0434\u043e\u0432\u0435\",\"publisher\":{\"@id\":\"https:\\\/\\\/sanatate.md\\\/ro\\\/#organization\"},\"potentialAction\":[{\"@type\":\"SearchAction\",\"target\":{\"@type\":\"EntryPoint\",\"urlTemplate\":\"https:\\\/\\\/sanatate.md\\\/ro\\\/?s={search_term_string}\"},\"query-input\":{\"@type\":\"PropertyValueSpecification\",\"valueRequired\":true,\"valueName\":\"search_term_string\"}}],\"inLanguage\":\"ro-RO\"},{\"@type\":\"Organization\",\"@id\":\"https:\\\/\\\/sanatate.md\\\/ro\\\/#organization\",\"name\":\"SANATATE\",\"url\":\"https:\\\/\\\/sanatate.md\\\/ro\\\/\",\"logo\":{\"@type\":\"ImageObject\",\"inLanguage\":\"ro-RO\",\"@id\":\"https:\\\/\\\/sanatate.md\\\/ro\\\/#\\\/schema\\\/logo\\\/image\\\/\",\"url\":\"https:\\\/\\\/sanatate.md\\\/wp-content\\\/uploads\\\/2022\\\/01\\\/sanatate-logo.svg\",\"contentUrl\":\"https:\\\/\\\/sanatate.md\\\/wp-content\\\/uploads\\\/2022\\\/01\\\/sanatate-logo.svg\",\"width\":\"1024\",\"height\":\"1024\",\"caption\":\"SANATATE\"},\"image\":{\"@id\":\"https:\\\/\\\/sanatate.md\\\/ro\\\/#\\\/schema\\\/logo\\\/image\\\/\"}}]}<\/script>\n<!-- \/ Yoast SEO plugin. -->","yoast_head_json":{"title":"Boli neurologice | Sanatate.md","robots":{"index":"index","follow":"follow","max-snippet":"max-snippet:-1","max-image-preview":"max-image-preview:large","max-video-preview":"max-video-preview:-1"},"canonical":"https:\/\/sanatate.md\/ro\/boli-si-tratament\/boli-neurologice\/","og_locale":"ro_RO","og_type":"article","og_title":"Boli neurologice | Sanatate.md","og_description":"Abcesul creierului Accident vascular cerebral Accidentul vascular cerebral hemoragic Accidentul vascular cerebral ischemic Accident vascular cerebral spinal Agranulocitoza Ame\u021beala Amiotrofia neural\u0103 Sharcot-Marie Amnezia Anevrismul vaselor cerebrale Apatica traumatic\u0103 Arahnoidita Asemeniul traumatic Atrofia creierului Boala Alzheimer Boala M\u00e9ni\u00e8re Boala Parkinson Boala lui Friedreich Boala lui Thomsen Cicatura nervoas\u0103 Coma Com\u0103 hipoglicemic\u0103 Compresia nervoas\u0103 Debilitatea mintal\u0103 Distrofia [&hellip;]","og_url":"https:\/\/sanatate.md\/ro\/boli-si-tratament\/boli-neurologice\/","og_site_name":"Sanatate.md","article_modified_time":"2020-05-20T07:58:09+00:00","twitter_card":"summary_large_image","twitter_misc":{"Timp estimat pentru citire":"1 minut"},"schema":{"@context":"https:\/\/schema.org","@graph":[{"@type":"WebPage","@id":"https:\/\/sanatate.md\/ro\/boli-si-tratament\/boli-neurologice\/","url":"https:\/\/sanatate.md\/ro\/boli-si-tratament\/boli-neurologice\/","name":"Boli neurologice | Sanatate.md","isPartOf":{"@id":"https:\/\/sanatate.md\/ro\/#website"},"datePublished":"2018-02-20T14:29:55+00:00","dateModified":"2020-05-20T07:58:09+00:00","breadcrumb":{"@id":"https:\/\/sanatate.md\/ro\/boli-si-tratament\/boli-neurologice\/#breadcrumb"},"inLanguage":"ro-RO","potentialAction":[{"@type":"ReadAction","target":["https:\/\/sanatate.md\/ro\/boli-si-tratament\/boli-neurologice\/"]}]},{"@type":"BreadcrumbList","@id":"https:\/\/sanatate.md\/ro\/boli-si-tratament\/boli-neurologice\/#breadcrumb","itemListElement":[{"@type":"ListItem","position":1,"name":"\u0413\u043b\u0430\u0432\u043d\u0430\u044f \u0441\u0442\u0440\u0430\u043d\u0438\u0446\u0430","item":"https:\/\/sanatate.md\/ro\/"},{"@type":"ListItem","position":2,"name":"Boli si tratament","item":"https:\/\/sanatate.md\/ro\/boli-si-tratament\/"},{"@type":"ListItem","position":3,"name":"Boli neurologice"}]},{"@type":"WebSite","@id":"https:\/\/sanatate.md\/ro\/#website","url":"https:\/\/sanatate.md\/ro\/","name":"Sanatate.md","description":"\u0416\u0443\u0440\u043d\u0430\u043b \u0434\u043b\u044f \u0432\u0441\u0435\u0439 \u0441\u0435\u043c\u044c\u0438 \u0432 \u041c\u043e\u043b\u0434\u043e\u0432\u0435","publisher":{"@id":"https:\/\/sanatate.md\/ro\/#organization"},"potentialAction":[{"@type":"SearchAction","target":{"@type":"EntryPoint","urlTemplate":"https:\/\/sanatate.md\/ro\/?s={search_term_string}"},"query-input":{"@type":"PropertyValueSpecification","valueRequired":true,"valueName":"search_term_string"}}],"inLanguage":"ro-RO"},{"@type":"Organization","@id":"https:\/\/sanatate.md\/ro\/#organization","name":"SANATATE","url":"https:\/\/sanatate.md\/ro\/","logo":{"@type":"ImageObject","inLanguage":"ro-RO","@id":"https:\/\/sanatate.md\/ro\/#\/schema\/logo\/image\/","url":"https:\/\/sanatate.md\/wp-content\/uploads\/2022\/01\/sanatate-logo.svg","contentUrl":"https:\/\/sanatate.md\/wp-content\/uploads\/2022\/01\/sanatate-logo.svg","width":"1024","height":"1024","caption":"SANATATE"},"image":{"@id":"https:\/\/sanatate.md\/ro\/#\/schema\/logo\/image\/"}}]}},"_links":{"self":[{"href":"https:\/\/sanatate.md\/ro\/wp-json\/wp\/v2\/pages\/52978","targetHints":{"allow":["GET"]}}],"collection":[{"href":"https:\/\/sanatate.md\/ro\/wp-json\/wp\/v2\/pages"}],"about":[{"href":"https:\/\/sanatate.md\/ro\/wp-json\/wp\/v2\/types\/page"}],"author":[{"embeddable":true,"href":"https:\/\/sanatate.md\/ro\/wp-json\/wp\/v2\/users\/28"}],"replies":[{"embeddable":true,"href":"https:\/\/sanatate.md\/ro\/wp-json\/wp\/v2\/comments?post=52978"}],"version-history":[{"count":0,"href":"https:\/\/sanatate.md\/ro\/wp-json\/wp\/v2\/pages\/52978\/revisions"}],"up":[{"embeddable":true,"href":"https:\/\/sanatate.md\/ro\/wp-json\/wp\/v2\/pages\/38214"}],"wp:attachment":[{"href":"https:\/\/sanatate.md\/ro\/wp-json\/wp\/v2\/media?parent=52978"}],"curies":[{"name":"wp","href":"https:\/\/api.w.org\/{rel}","templated":true}]}}