{"id":52981,"date":"2018-02-20T17:45:17","date_gmt":"2018-02-20T14:45:17","guid":{"rendered":"https:\/\/sanatate.md\/?page_id=52981"},"modified":"2018-04-04T16:55:59","modified_gmt":"2018-04-04T13:55:59","slug":"bolile-orl","status":"publish","type":"page","link":"https:\/\/sanatate.md\/ro\/boli-si-tratament\/bolile-orl\/","title":{"rendered":"Bolile ORL"},"content":{"rendered":"<p>Abcesul retrofaringian<br \/>\nAbcesul subdural<br \/>\nAerosinusita<br \/>\nAmigdalita<br \/>\nAngina<br \/>\nAntrita (otoantrita)<br \/>\nBarotrauma urechii<br \/>\nBoala M\u00e9ni\u00e8r<br \/>\nCerumenul<br \/>\nChistul sinusului maxilar<br \/>\nColesteatoma<br \/>\nCurbura septului nazal<br \/>\nDiafragma laringelui<br \/>\nDisfonia<br \/>\nEustache<br \/>\nFaringita<br \/>\nFrontita<br \/>\nGripa<br \/>\nHematom al septului nazal<br \/>\nInfec\u021bia cu adenovirus<br \/>\nLabirintita<br \/>\nLaringita<br \/>\nLaringotraheita la copii<br \/>\nMastoidita<br \/>\nNevrita nervului auditiv<br \/>\nOtita<br \/>\nOtita medie adeziv\u0103<br \/>\nOtoscleroza<br \/>\nPapillomatoza laringelui<br \/>\nParatonzillita<br \/>\nPierderea auzului<br \/>\nPolipii nasului<br \/>\nPolipii nazali<br \/>\nRinita<br \/>\nRinita mirositoare<br \/>\nRinofaringita<br \/>\nRipe Cork<br \/>\nSinuzita<br \/>\nSinuzita (frontalit\u0103, etmoidit\u0103, sfenoidit\u0103)<br \/>\nSfenoidita<br \/>\n<a href=\"https:\/\/sanatate.md\/ro\/boli-si-tratament\/bolile-orl\/stenoza-laringelui\/\">Stenoza laringelui<\/a><br \/>\nSfor\u0103itul<br \/>\nTimpanoscleroza<br \/>\nTubo-otita<\/p>\n","protected":false},"excerpt":{"rendered":"<p>Abcesul retrofaringian Abcesul subdural Aerosinusita Amigdalita Angina Antrita (otoantrita) Barotrauma urechii Boala M\u00e9ni\u00e8r Cerumenul Chistul sinusului maxilar Colesteatoma Curbura septului nazal Diafragma laringelui Disfonia Eustache Faringita Frontita Gripa Hematom al septului nazal Infec\u021bia cu adenovirus Labirintita Laringita Laringotraheita la copii Mastoidita Nevrita nervului auditiv Otita Otita medie adeziv\u0103 Otoscleroza Papillomatoza laringelui Paratonzillita Pierderea auzului Polipii [&hellip;]<\/p>\n","protected":false},"author":28,"featured_media":0,"parent":38214,"menu_order":9,"comment_status":"closed","ping_status":"closed","template":"","meta":{"inline_featured_image":false,"footnotes":""},"class_list":["post-52981","page","type-page","status-publish"],"yoast_head":"<!-- This site is optimized with the Yoast SEO plugin v27.3 - https:\/\/yoast.com\/product\/yoast-seo-wordpress\/ -->\n<title>Bolile ORL | Sanatate.md<\/title>\n<meta name=\"robots\" content=\"index, follow, max-snippet:-1, max-image-preview:large, max-video-preview:-1\" \/>\n<link rel=\"canonical\" href=\"https:\/\/sanatate.md\/ro\/boli-si-tratament\/bolile-orl\/\" \/>\n<meta property=\"og:locale\" content=\"ro_RO\" \/>\n<meta property=\"og:type\" content=\"article\" \/>\n<meta property=\"og:title\" content=\"Bolile ORL | Sanatate.md\" \/>\n<meta property=\"og:description\" content=\"Abcesul retrofaringian Abcesul subdural Aerosinusita Amigdalita Angina Antrita (otoantrita) Barotrauma urechii Boala M\u00e9ni\u00e8r Cerumenul Chistul sinusului maxilar Colesteatoma Curbura septului nazal Diafragma laringelui Disfonia Eustache Faringita Frontita Gripa Hematom al septului nazal Infec\u021bia cu adenovirus Labirintita Laringita Laringotraheita la copii Mastoidita Nevrita nervului auditiv Otita Otita medie adeziv\u0103 Otoscleroza Papillomatoza laringelui Paratonzillita Pierderea auzului Polipii [&hellip;]\" \/>\n<meta property=\"og:url\" content=\"https:\/\/sanatate.md\/ro\/boli-si-tratament\/bolile-orl\/\" \/>\n<meta property=\"og:site_name\" content=\"Sanatate.md\" \/>\n<meta property=\"article:modified_time\" content=\"2018-04-04T13:55:59+00:00\" \/>\n<meta name=\"twitter:card\" content=\"summary_large_image\" \/>\n<script type=\"application\/ld+json\" class=\"yoast-schema-graph\">{\"@context\":\"https:\\\/\\\/schema.org\",\"@graph\":[{\"@type\":\"WebPage\",\"@id\":\"https:\\\/\\\/sanatate.md\\\/ro\\\/boli-si-tratament\\\/bolile-orl\\\/\",\"url\":\"https:\\\/\\\/sanatate.md\\\/ro\\\/boli-si-tratament\\\/bolile-orl\\\/\",\"name\":\"Bolile ORL | Sanatate.md\",\"isPartOf\":{\"@id\":\"https:\\\/\\\/sanatate.md\\\/ro\\\/#website\"},\"datePublished\":\"2018-02-20T14:45:17+00:00\",\"dateModified\":\"2018-04-04T13:55:59+00:00\",\"breadcrumb\":{\"@id\":\"https:\\\/\\\/sanatate.md\\\/ro\\\/boli-si-tratament\\\/bolile-orl\\\/#breadcrumb\"},\"inLanguage\":\"ro-RO\",\"potentialAction\":[{\"@type\":\"ReadAction\",\"target\":[\"https:\\\/\\\/sanatate.md\\\/ro\\\/boli-si-tratament\\\/bolile-orl\\\/\"]}]},{\"@type\":\"BreadcrumbList\",\"@id\":\"https:\\\/\\\/sanatate.md\\\/ro\\\/boli-si-tratament\\\/bolile-orl\\\/#breadcrumb\",\"itemListElement\":[{\"@type\":\"ListItem\",\"position\":1,\"name\":\"\u0413\u043b\u0430\u0432\u043d\u0430\u044f \u0441\u0442\u0440\u0430\u043d\u0438\u0446\u0430\",\"item\":\"https:\\\/\\\/sanatate.md\\\/ro\\\/\"},{\"@type\":\"ListItem\",\"position\":2,\"name\":\"Boli si tratament\",\"item\":\"https:\\\/\\\/sanatate.md\\\/ro\\\/boli-si-tratament\\\/\"},{\"@type\":\"ListItem\",\"position\":3,\"name\":\"Bolile ORL\"}]},{\"@type\":\"WebSite\",\"@id\":\"https:\\\/\\\/sanatate.md\\\/ro\\\/#website\",\"url\":\"https:\\\/\\\/sanatate.md\\\/ro\\\/\",\"name\":\"Sanatate.md\",\"description\":\"\u0416\u0443\u0440\u043d\u0430\u043b \u0434\u043b\u044f \u0432\u0441\u0435\u0439 \u0441\u0435\u043c\u044c\u0438 \u0432 \u041c\u043e\u043b\u0434\u043e\u0432\u0435\",\"publisher\":{\"@id\":\"https:\\\/\\\/sanatate.md\\\/ro\\\/#organization\"},\"potentialAction\":[{\"@type\":\"SearchAction\",\"target\":{\"@type\":\"EntryPoint\",\"urlTemplate\":\"https:\\\/\\\/sanatate.md\\\/ro\\\/?s={search_term_string}\"},\"query-input\":{\"@type\":\"PropertyValueSpecification\",\"valueRequired\":true,\"valueName\":\"search_term_string\"}}],\"inLanguage\":\"ro-RO\"},{\"@type\":\"Organization\",\"@id\":\"https:\\\/\\\/sanatate.md\\\/ro\\\/#organization\",\"name\":\"SANATATE\",\"url\":\"https:\\\/\\\/sanatate.md\\\/ro\\\/\",\"logo\":{\"@type\":\"ImageObject\",\"inLanguage\":\"ro-RO\",\"@id\":\"https:\\\/\\\/sanatate.md\\\/ro\\\/#\\\/schema\\\/logo\\\/image\\\/\",\"url\":\"https:\\\/\\\/sanatate.md\\\/wp-content\\\/uploads\\\/2022\\\/01\\\/sanatate-logo.svg\",\"contentUrl\":\"https:\\\/\\\/sanatate.md\\\/wp-content\\\/uploads\\\/2022\\\/01\\\/sanatate-logo.svg\",\"width\":\"1024\",\"height\":\"1024\",\"caption\":\"SANATATE\"},\"image\":{\"@id\":\"https:\\\/\\\/sanatate.md\\\/ro\\\/#\\\/schema\\\/logo\\\/image\\\/\"}}]}<\/script>\n<!-- \/ Yoast SEO plugin. -->","yoast_head_json":{"title":"Bolile ORL | Sanatate.md","robots":{"index":"index","follow":"follow","max-snippet":"max-snippet:-1","max-image-preview":"max-image-preview:large","max-video-preview":"max-video-preview:-1"},"canonical":"https:\/\/sanatate.md\/ro\/boli-si-tratament\/bolile-orl\/","og_locale":"ro_RO","og_type":"article","og_title":"Bolile ORL | Sanatate.md","og_description":"Abcesul retrofaringian Abcesul subdural Aerosinusita Amigdalita Angina Antrita (otoantrita) Barotrauma urechii Boala M\u00e9ni\u00e8r Cerumenul Chistul sinusului maxilar Colesteatoma Curbura septului nazal Diafragma laringelui Disfonia Eustache Faringita Frontita Gripa Hematom al septului nazal Infec\u021bia cu adenovirus Labirintita Laringita Laringotraheita la copii Mastoidita Nevrita nervului auditiv Otita Otita medie adeziv\u0103 Otoscleroza Papillomatoza laringelui Paratonzillita Pierderea auzului Polipii [&hellip;]","og_url":"https:\/\/sanatate.md\/ro\/boli-si-tratament\/bolile-orl\/","og_site_name":"Sanatate.md","article_modified_time":"2018-04-04T13:55:59+00:00","twitter_card":"summary_large_image","schema":{"@context":"https:\/\/schema.org","@graph":[{"@type":"WebPage","@id":"https:\/\/sanatate.md\/ro\/boli-si-tratament\/bolile-orl\/","url":"https:\/\/sanatate.md\/ro\/boli-si-tratament\/bolile-orl\/","name":"Bolile ORL | Sanatate.md","isPartOf":{"@id":"https:\/\/sanatate.md\/ro\/#website"},"datePublished":"2018-02-20T14:45:17+00:00","dateModified":"2018-04-04T13:55:59+00:00","breadcrumb":{"@id":"https:\/\/sanatate.md\/ro\/boli-si-tratament\/bolile-orl\/#breadcrumb"},"inLanguage":"ro-RO","potentialAction":[{"@type":"ReadAction","target":["https:\/\/sanatate.md\/ro\/boli-si-tratament\/bolile-orl\/"]}]},{"@type":"BreadcrumbList","@id":"https:\/\/sanatate.md\/ro\/boli-si-tratament\/bolile-orl\/#breadcrumb","itemListElement":[{"@type":"ListItem","position":1,"name":"\u0413\u043b\u0430\u0432\u043d\u0430\u044f \u0441\u0442\u0440\u0430\u043d\u0438\u0446\u0430","item":"https:\/\/sanatate.md\/ro\/"},{"@type":"ListItem","position":2,"name":"Boli si tratament","item":"https:\/\/sanatate.md\/ro\/boli-si-tratament\/"},{"@type":"ListItem","position":3,"name":"Bolile ORL"}]},{"@type":"WebSite","@id":"https:\/\/sanatate.md\/ro\/#website","url":"https:\/\/sanatate.md\/ro\/","name":"Sanatate.md","description":"\u0416\u0443\u0440\u043d\u0430\u043b \u0434\u043b\u044f \u0432\u0441\u0435\u0439 \u0441\u0435\u043c\u044c\u0438 \u0432 \u041c\u043e\u043b\u0434\u043e\u0432\u0435","publisher":{"@id":"https:\/\/sanatate.md\/ro\/#organization"},"potentialAction":[{"@type":"SearchAction","target":{"@type":"EntryPoint","urlTemplate":"https:\/\/sanatate.md\/ro\/?s={search_term_string}"},"query-input":{"@type":"PropertyValueSpecification","valueRequired":true,"valueName":"search_term_string"}}],"inLanguage":"ro-RO"},{"@type":"Organization","@id":"https:\/\/sanatate.md\/ro\/#organization","name":"SANATATE","url":"https:\/\/sanatate.md\/ro\/","logo":{"@type":"ImageObject","inLanguage":"ro-RO","@id":"https:\/\/sanatate.md\/ro\/#\/schema\/logo\/image\/","url":"https:\/\/sanatate.md\/wp-content\/uploads\/2022\/01\/sanatate-logo.svg","contentUrl":"https:\/\/sanatate.md\/wp-content\/uploads\/2022\/01\/sanatate-logo.svg","width":"1024","height":"1024","caption":"SANATATE"},"image":{"@id":"https:\/\/sanatate.md\/ro\/#\/schema\/logo\/image\/"}}]}},"_links":{"self":[{"href":"https:\/\/sanatate.md\/ro\/wp-json\/wp\/v2\/pages\/52981","targetHints":{"allow":["GET"]}}],"collection":[{"href":"https:\/\/sanatate.md\/ro\/wp-json\/wp\/v2\/pages"}],"about":[{"href":"https:\/\/sanatate.md\/ro\/wp-json\/wp\/v2\/types\/page"}],"author":[{"embeddable":true,"href":"https:\/\/sanatate.md\/ro\/wp-json\/wp\/v2\/users\/28"}],"replies":[{"embeddable":true,"href":"https:\/\/sanatate.md\/ro\/wp-json\/wp\/v2\/comments?post=52981"}],"version-history":[{"count":0,"href":"https:\/\/sanatate.md\/ro\/wp-json\/wp\/v2\/pages\/52981\/revisions"}],"up":[{"embeddable":true,"href":"https:\/\/sanatate.md\/ro\/wp-json\/wp\/v2\/pages\/38214"}],"wp:attachment":[{"href":"https:\/\/sanatate.md\/ro\/wp-json\/wp\/v2\/media?parent=52981"}],"curies":[{"name":"wp","href":"https:\/\/api.w.org\/{rel}","templated":true}]}}