{"id":52984,"date":"2018-02-20T17:55:48","date_gmt":"2018-02-20T14:55:48","guid":{"rendered":"https:\/\/sanatate.md\/?page_id=52984"},"modified":"2020-05-12T12:11:06","modified_gmt":"2020-05-12T09:11:06","slug":"boli-proctologice","status":"publish","type":"page","link":"https:\/\/sanatate.md\/ro\/boli-si-tratament\/boli-proctologice\/","title":{"rendered":"Boli proctologice"},"content":{"rendered":"<p>Atrezia anusului<br \/>\nBoala diverticular\u0103 (diverticuloza)<br \/>\nBoala lui Cron<br \/>\nCoccidina (durere la nivelul cocisului, ultimul segment al coloanei verterale)<br \/>\nCoccigiana epitelial\u0103<br \/>\nColita ulcerativ\u0103<br \/>\nCondiloamele anale<br \/>\nConstipatia cronic\u0103<br \/>\nCriptita<br \/>\nDeteriorarea intestinului gros<br \/>\nDolihosigma, megacolon<br \/>\nFisur\u0103 anal\u0103<br \/>\n<a href=\"https:\/\/sanatate.md\/ro\/boli-si-tratament\/boli-proctologice\/fistula-rectovaginala\/\">Fistula rectovaginal\u0103<\/a><br \/>\n<a href=\"https:\/\/sanatate.md\/ro\/boli-si-tratament\/boli-proctologice\/furia-anala\/\">Furia anal\u0103<\/a><br \/>\nHemoroizii<br \/>\nIncontinen\u021ba fecal\u0103<br \/>\n<a href=\"https:\/\/sanatate.md\/ro\/boli-si-tratament\/boli-proctologice\/mincarimea-anala\/\">M\u00eenc\u0103rimea anal\u0103<\/a><br \/>\n<a href=\"https:\/\/sanatate.md\/ro\/boli-si-tratament\/boli-proctologice\/papilita\/\">Papilita<\/a><br \/>\nParaproctia<br \/>\nParaproctita acut\u0103<br \/>\nParaproctita cronic\u0103 (fistula rectal\u0103)<br \/>\nPapilita anal\u0103<br \/>\nPolipi ai intestinului gros (polipoza)<br \/>\nPrurit anal<br \/>\nProlapsul rectal<br \/>\n<a href=\"https:\/\/sanatate.md\/ro\/boli-si-tratament\/boli-proctologice\/rectocelul\/\">Rectocelul<\/a><br \/>\n<a href=\"https:\/\/sanatate.md\/ro\/boli-si-tratament\/boli-proctologice\/sindromul-durerii-anokopchikovy\/\">Sindromul durerii Anokopchikovy<\/a><\/p>\n","protected":false},"excerpt":{"rendered":"<p>Atrezia anusului Boala diverticular\u0103 (diverticuloza) Boala lui Cron Coccidina (durere la nivelul cocisului, ultimul segment al coloanei verterale) Coccigiana epitelial\u0103 Colita ulcerativ\u0103 Condiloamele anale Constipatia cronic\u0103 Criptita Deteriorarea intestinului gros Dolihosigma, megacolon Fisur\u0103 anal\u0103 Fistula rectovaginal\u0103 Furia anal\u0103 Hemoroizii Incontinen\u021ba fecal\u0103 M\u00eenc\u0103rimea anal\u0103 Papilita Paraproctia Paraproctita acut\u0103 Paraproctita cronic\u0103 (fistula rectal\u0103) Papilita anal\u0103 Polipi ai [&hellip;]<\/p>\n","protected":false},"author":28,"featured_media":0,"parent":38214,"menu_order":10,"comment_status":"closed","ping_status":"closed","template":"","meta":{"inline_featured_image":false,"footnotes":""},"class_list":["post-52984","page","type-page","status-publish"],"yoast_head":"<!-- This site is optimized with the Yoast SEO plugin v27.3 - https:\/\/yoast.com\/product\/yoast-seo-wordpress\/ -->\n<title>Boli proctologice | Sanatate.md<\/title>\n<meta name=\"robots\" content=\"index, follow, max-snippet:-1, max-image-preview:large, max-video-preview:-1\" \/>\n<link rel=\"canonical\" href=\"https:\/\/sanatate.md\/ro\/boli-si-tratament\/boli-proctologice\/\" \/>\n<meta property=\"og:locale\" content=\"ro_RO\" \/>\n<meta property=\"og:type\" content=\"article\" \/>\n<meta property=\"og:title\" content=\"Boli proctologice | Sanatate.md\" \/>\n<meta property=\"og:description\" content=\"Atrezia anusului Boala diverticular\u0103 (diverticuloza) Boala lui Cron Coccidina (durere la nivelul cocisului, ultimul segment al coloanei verterale) Coccigiana epitelial\u0103 Colita ulcerativ\u0103 Condiloamele anale Constipatia cronic\u0103 Criptita Deteriorarea intestinului gros Dolihosigma, megacolon Fisur\u0103 anal\u0103 Fistula rectovaginal\u0103 Furia anal\u0103 Hemoroizii Incontinen\u021ba fecal\u0103 M\u00eenc\u0103rimea anal\u0103 Papilita Paraproctia Paraproctita acut\u0103 Paraproctita cronic\u0103 (fistula rectal\u0103) Papilita anal\u0103 Polipi ai [&hellip;]\" \/>\n<meta property=\"og:url\" content=\"https:\/\/sanatate.md\/ro\/boli-si-tratament\/boli-proctologice\/\" \/>\n<meta property=\"og:site_name\" content=\"Sanatate.md\" \/>\n<meta property=\"article:modified_time\" content=\"2020-05-12T09:11:06+00:00\" \/>\n<meta name=\"twitter:card\" content=\"summary_large_image\" \/>\n<script type=\"application\/ld+json\" class=\"yoast-schema-graph\">{\"@context\":\"https:\\\/\\\/schema.org\",\"@graph\":[{\"@type\":\"WebPage\",\"@id\":\"https:\\\/\\\/sanatate.md\\\/ro\\\/boli-si-tratament\\\/boli-proctologice\\\/\",\"url\":\"https:\\\/\\\/sanatate.md\\\/ro\\\/boli-si-tratament\\\/boli-proctologice\\\/\",\"name\":\"Boli proctologice | Sanatate.md\",\"isPartOf\":{\"@id\":\"https:\\\/\\\/sanatate.md\\\/ro\\\/#website\"},\"datePublished\":\"2018-02-20T14:55:48+00:00\",\"dateModified\":\"2020-05-12T09:11:06+00:00\",\"breadcrumb\":{\"@id\":\"https:\\\/\\\/sanatate.md\\\/ro\\\/boli-si-tratament\\\/boli-proctologice\\\/#breadcrumb\"},\"inLanguage\":\"ro-RO\",\"potentialAction\":[{\"@type\":\"ReadAction\",\"target\":[\"https:\\\/\\\/sanatate.md\\\/ro\\\/boli-si-tratament\\\/boli-proctologice\\\/\"]}]},{\"@type\":\"BreadcrumbList\",\"@id\":\"https:\\\/\\\/sanatate.md\\\/ro\\\/boli-si-tratament\\\/boli-proctologice\\\/#breadcrumb\",\"itemListElement\":[{\"@type\":\"ListItem\",\"position\":1,\"name\":\"\u0413\u043b\u0430\u0432\u043d\u0430\u044f \u0441\u0442\u0440\u0430\u043d\u0438\u0446\u0430\",\"item\":\"https:\\\/\\\/sanatate.md\\\/ro\\\/\"},{\"@type\":\"ListItem\",\"position\":2,\"name\":\"Boli si tratament\",\"item\":\"https:\\\/\\\/sanatate.md\\\/ro\\\/boli-si-tratament\\\/\"},{\"@type\":\"ListItem\",\"position\":3,\"name\":\"Boli proctologice\"}]},{\"@type\":\"WebSite\",\"@id\":\"https:\\\/\\\/sanatate.md\\\/ro\\\/#website\",\"url\":\"https:\\\/\\\/sanatate.md\\\/ro\\\/\",\"name\":\"Sanatate.md\",\"description\":\"\u0416\u0443\u0440\u043d\u0430\u043b \u0434\u043b\u044f \u0432\u0441\u0435\u0439 \u0441\u0435\u043c\u044c\u0438 \u0432 \u041c\u043e\u043b\u0434\u043e\u0432\u0435\",\"publisher\":{\"@id\":\"https:\\\/\\\/sanatate.md\\\/ro\\\/#organization\"},\"potentialAction\":[{\"@type\":\"SearchAction\",\"target\":{\"@type\":\"EntryPoint\",\"urlTemplate\":\"https:\\\/\\\/sanatate.md\\\/ro\\\/?s={search_term_string}\"},\"query-input\":{\"@type\":\"PropertyValueSpecification\",\"valueRequired\":true,\"valueName\":\"search_term_string\"}}],\"inLanguage\":\"ro-RO\"},{\"@type\":\"Organization\",\"@id\":\"https:\\\/\\\/sanatate.md\\\/ro\\\/#organization\",\"name\":\"SANATATE\",\"url\":\"https:\\\/\\\/sanatate.md\\\/ro\\\/\",\"logo\":{\"@type\":\"ImageObject\",\"inLanguage\":\"ro-RO\",\"@id\":\"https:\\\/\\\/sanatate.md\\\/ro\\\/#\\\/schema\\\/logo\\\/image\\\/\",\"url\":\"https:\\\/\\\/sanatate.md\\\/wp-content\\\/uploads\\\/2022\\\/01\\\/sanatate-logo.svg\",\"contentUrl\":\"https:\\\/\\\/sanatate.md\\\/wp-content\\\/uploads\\\/2022\\\/01\\\/sanatate-logo.svg\",\"width\":\"1024\",\"height\":\"1024\",\"caption\":\"SANATATE\"},\"image\":{\"@id\":\"https:\\\/\\\/sanatate.md\\\/ro\\\/#\\\/schema\\\/logo\\\/image\\\/\"}}]}<\/script>\n<!-- \/ Yoast SEO plugin. -->","yoast_head_json":{"title":"Boli proctologice | Sanatate.md","robots":{"index":"index","follow":"follow","max-snippet":"max-snippet:-1","max-image-preview":"max-image-preview:large","max-video-preview":"max-video-preview:-1"},"canonical":"https:\/\/sanatate.md\/ro\/boli-si-tratament\/boli-proctologice\/","og_locale":"ro_RO","og_type":"article","og_title":"Boli proctologice | Sanatate.md","og_description":"Atrezia anusului Boala diverticular\u0103 (diverticuloza) Boala lui Cron Coccidina (durere la nivelul cocisului, ultimul segment al coloanei verterale) Coccigiana epitelial\u0103 Colita ulcerativ\u0103 Condiloamele anale Constipatia cronic\u0103 Criptita Deteriorarea intestinului gros Dolihosigma, megacolon Fisur\u0103 anal\u0103 Fistula rectovaginal\u0103 Furia anal\u0103 Hemoroizii Incontinen\u021ba fecal\u0103 M\u00eenc\u0103rimea anal\u0103 Papilita Paraproctia Paraproctita acut\u0103 Paraproctita cronic\u0103 (fistula rectal\u0103) Papilita anal\u0103 Polipi ai [&hellip;]","og_url":"https:\/\/sanatate.md\/ro\/boli-si-tratament\/boli-proctologice\/","og_site_name":"Sanatate.md","article_modified_time":"2020-05-12T09:11:06+00:00","twitter_card":"summary_large_image","schema":{"@context":"https:\/\/schema.org","@graph":[{"@type":"WebPage","@id":"https:\/\/sanatate.md\/ro\/boli-si-tratament\/boli-proctologice\/","url":"https:\/\/sanatate.md\/ro\/boli-si-tratament\/boli-proctologice\/","name":"Boli proctologice | Sanatate.md","isPartOf":{"@id":"https:\/\/sanatate.md\/ro\/#website"},"datePublished":"2018-02-20T14:55:48+00:00","dateModified":"2020-05-12T09:11:06+00:00","breadcrumb":{"@id":"https:\/\/sanatate.md\/ro\/boli-si-tratament\/boli-proctologice\/#breadcrumb"},"inLanguage":"ro-RO","potentialAction":[{"@type":"ReadAction","target":["https:\/\/sanatate.md\/ro\/boli-si-tratament\/boli-proctologice\/"]}]},{"@type":"BreadcrumbList","@id":"https:\/\/sanatate.md\/ro\/boli-si-tratament\/boli-proctologice\/#breadcrumb","itemListElement":[{"@type":"ListItem","position":1,"name":"\u0413\u043b\u0430\u0432\u043d\u0430\u044f \u0441\u0442\u0440\u0430\u043d\u0438\u0446\u0430","item":"https:\/\/sanatate.md\/ro\/"},{"@type":"ListItem","position":2,"name":"Boli si tratament","item":"https:\/\/sanatate.md\/ro\/boli-si-tratament\/"},{"@type":"ListItem","position":3,"name":"Boli proctologice"}]},{"@type":"WebSite","@id":"https:\/\/sanatate.md\/ro\/#website","url":"https:\/\/sanatate.md\/ro\/","name":"Sanatate.md","description":"\u0416\u0443\u0440\u043d\u0430\u043b \u0434\u043b\u044f \u0432\u0441\u0435\u0439 \u0441\u0435\u043c\u044c\u0438 \u0432 \u041c\u043e\u043b\u0434\u043e\u0432\u0435","publisher":{"@id":"https:\/\/sanatate.md\/ro\/#organization"},"potentialAction":[{"@type":"SearchAction","target":{"@type":"EntryPoint","urlTemplate":"https:\/\/sanatate.md\/ro\/?s={search_term_string}"},"query-input":{"@type":"PropertyValueSpecification","valueRequired":true,"valueName":"search_term_string"}}],"inLanguage":"ro-RO"},{"@type":"Organization","@id":"https:\/\/sanatate.md\/ro\/#organization","name":"SANATATE","url":"https:\/\/sanatate.md\/ro\/","logo":{"@type":"ImageObject","inLanguage":"ro-RO","@id":"https:\/\/sanatate.md\/ro\/#\/schema\/logo\/image\/","url":"https:\/\/sanatate.md\/wp-content\/uploads\/2022\/01\/sanatate-logo.svg","contentUrl":"https:\/\/sanatate.md\/wp-content\/uploads\/2022\/01\/sanatate-logo.svg","width":"1024","height":"1024","caption":"SANATATE"},"image":{"@id":"https:\/\/sanatate.md\/ro\/#\/schema\/logo\/image\/"}}]}},"_links":{"self":[{"href":"https:\/\/sanatate.md\/ro\/wp-json\/wp\/v2\/pages\/52984","targetHints":{"allow":["GET"]}}],"collection":[{"href":"https:\/\/sanatate.md\/ro\/wp-json\/wp\/v2\/pages"}],"about":[{"href":"https:\/\/sanatate.md\/ro\/wp-json\/wp\/v2\/types\/page"}],"author":[{"embeddable":true,"href":"https:\/\/sanatate.md\/ro\/wp-json\/wp\/v2\/users\/28"}],"replies":[{"embeddable":true,"href":"https:\/\/sanatate.md\/ro\/wp-json\/wp\/v2\/comments?post=52984"}],"version-history":[{"count":0,"href":"https:\/\/sanatate.md\/ro\/wp-json\/wp\/v2\/pages\/52984\/revisions"}],"up":[{"embeddable":true,"href":"https:\/\/sanatate.md\/ro\/wp-json\/wp\/v2\/pages\/38214"}],"wp:attachment":[{"href":"https:\/\/sanatate.md\/ro\/wp-json\/wp\/v2\/media?parent=52984"}],"curies":[{"name":"wp","href":"https:\/\/api.w.org\/{rel}","templated":true}]}}