{"id":52990,"date":"2018-02-20T18:22:19","date_gmt":"2018-02-20T15:22:19","guid":{"rendered":"https:\/\/sanatate.md\/?page_id=52990"},"modified":"2018-09-27T15:13:37","modified_gmt":"2018-09-27T12:13:37","slug":"boli-ale-ochiului","status":"publish","type":"page","link":"https:\/\/sanatate.md\/ro\/boli-si-tratament\/boli-ale-ochiului\/","title":{"rendered":"Boli ale ochiului"},"content":{"rendered":"<p>Afec\u021biuni ale retinei (retinopatie)<br \/>\nAfec\u0163iunile corneene<br \/>\nAlbugo<br \/>\nAmbliopia<br \/>\nAmbilopia disbinocular\u0103<br \/>\n<a href=\"https:\/\/sanatate.md\/ro\/boli-si-tratament\/boli-ale-ochiului\/ambliopia-isterica\/\">Ambliopia isteric\u0103<\/a><br \/>\n<a href=\"https:\/\/sanatate.md\/ro\/boli-si-tratament\/boli-ale-ochiului\/ambilopia-obscura\/\">Ambilopia obscur\u0103<\/a><br \/>\nAsthenopia (ochii obosi\u021bi)<br \/>\nAstigmatismul<br \/>\nAteromul<br \/>\nAtrofia nervului optic<br \/>\nBoli ale aparatului lacrimal al ochiului<br \/>\nBlefarita<br \/>\nCataracta<br \/>\nConjunctivita<br \/>\nCorectarea vederii<br \/>\nDacriocistita<br \/>\nDaltonism<br \/>\nDegenerarea macular\u0103 retinal\u0103<br \/>\nDemodex<br \/>\n<a href=\"https:\/\/sanatate.md\/ro\/boli-si-tratament\/boli-ale-ochiului\/detasarea-retinei\/\">Deta\u0219area retinei<\/a><br \/>\nDiscul optic stagnant<br \/>\nDislocarea lentilei<br \/>\nDistrofia endotelial\u0103 a corneei (distrofia lui Fuchs)<br \/>\nDistrofia retinal\u0103<br \/>\nDistrugerea ochiului vitros<br \/>\nEpicantus<br \/>\nChalazionul (\u015falazionul)<br \/>\n<a href=\"https:\/\/sanatate.md\/ro\/boli-si-tratament\/boli-ale-ochiului\/cistul-conjunctival\/\">Cistul conjunctival<\/a><br \/>\nChistul dermoid<br \/>\nGlaucoma<br \/>\nGlaucomul cu unghi \u00eengust<br \/>\nHemeralopia (orbire nocturn\u0103)<br \/>\nHiperopia (hipermetropie)<br \/>\nIridocilita, iritul, ciclitul<br \/>\nEversiunea pleoapelor<br \/>\nKeratita (inflama\u021bia corneei)<br \/>\nKeratoconusul<br \/>\nLeucoma<br \/>\nLeziunile oculare (corpuri str\u0103ine, v\u00e2n\u0103t\u0103i, arsuri)<br \/>\nMaculita<br \/>\nMeibomita (orz de ochi, inflama\u021bia glandelor meibomiene)<br \/>\nMiopia<br \/>\nMolluscum contagiosum<br \/>\nNevii nevocelulari (aluni\u0163ele)<br \/>\nNevrita optic\u0103<br \/>\nOchiul de orz (ulciorul)<br \/>\nOftalmopatia endocrin\u0103<br \/>\nPapiloma<br \/>\nPrezbi\u021bia<br \/>\nPterigionul<br \/>\nPtoz\u0103 palpebral\u0103<br \/>\nR\u0103sucirea genelor (entropion)<br \/>\nRetinopatia diabetic\u0103<br \/>\nSindromul ochiului uscat<br \/>\nStrabismul<br \/>\nTenonita<br \/>\nTrahoma<br \/>\n<a href=\"https:\/\/sanatate.md\/ro\/boli-si-tratament\/boli-ale-ochiului\/\">Trichiaza<\/a><br \/>\nTulbur\u0103rile vizuale la copii<br \/>\nUlcerul corneei<br \/>\nUveita<br \/>\nVederea \u00eence\u021bo\u0219at\u0103<\/p>\n","protected":false},"excerpt":{"rendered":"<p>Afec\u021biuni ale retinei (retinopatie) Afec\u0163iunile corneene Albugo Ambliopia Ambilopia disbinocular\u0103 Ambliopia isteric\u0103 Ambilopia obscur\u0103 Asthenopia (ochii obosi\u021bi) Astigmatismul Ateromul Atrofia nervului optic Boli ale aparatului lacrimal al ochiului Blefarita Cataracta Conjunctivita Corectarea vederii Dacriocistita Daltonism Degenerarea macular\u0103 retinal\u0103 Demodex Deta\u0219area retinei Discul optic stagnant Dislocarea lentilei Distrofia endotelial\u0103 a corneei (distrofia lui Fuchs) Distrofia retinal\u0103 [&hellip;]<\/p>\n","protected":false},"author":28,"featured_media":0,"parent":38214,"menu_order":12,"comment_status":"closed","ping_status":"closed","template":"","meta":{"inline_featured_image":false,"footnotes":""},"class_list":["post-52990","page","type-page","status-publish"],"yoast_head":"<!-- This site is optimized with the Yoast SEO plugin v27.3 - https:\/\/yoast.com\/product\/yoast-seo-wordpress\/ -->\n<title>Boli ale ochiului | Sanatate.md<\/title>\n<meta name=\"robots\" content=\"index, follow, max-snippet:-1, max-image-preview:large, max-video-preview:-1\" \/>\n<link rel=\"canonical\" href=\"https:\/\/sanatate.md\/ro\/boli-si-tratament\/boli-ale-ochiului\/\" \/>\n<meta property=\"og:locale\" content=\"ro_RO\" \/>\n<meta property=\"og:type\" content=\"article\" \/>\n<meta property=\"og:title\" content=\"Boli ale ochiului | Sanatate.md\" \/>\n<meta property=\"og:description\" content=\"Afec\u021biuni ale retinei (retinopatie) Afec\u0163iunile corneene Albugo Ambliopia Ambilopia disbinocular\u0103 Ambliopia isteric\u0103 Ambilopia obscur\u0103 Asthenopia (ochii obosi\u021bi) Astigmatismul Ateromul Atrofia nervului optic Boli ale aparatului lacrimal al ochiului Blefarita Cataracta Conjunctivita Corectarea vederii Dacriocistita Daltonism Degenerarea macular\u0103 retinal\u0103 Demodex Deta\u0219area retinei Discul optic stagnant Dislocarea lentilei Distrofia endotelial\u0103 a corneei (distrofia lui Fuchs) Distrofia retinal\u0103 [&hellip;]\" \/>\n<meta property=\"og:url\" content=\"https:\/\/sanatate.md\/ro\/boli-si-tratament\/boli-ale-ochiului\/\" \/>\n<meta property=\"og:site_name\" content=\"Sanatate.md\" \/>\n<meta property=\"article:modified_time\" content=\"2018-09-27T12:13:37+00:00\" \/>\n<meta name=\"twitter:card\" content=\"summary_large_image\" \/>\n<meta name=\"twitter:label1\" content=\"Timp estimat pentru citire\" \/>\n\t<meta name=\"twitter:data1\" content=\"1 minut\" \/>\n<script type=\"application\/ld+json\" class=\"yoast-schema-graph\">{\"@context\":\"https:\\\/\\\/schema.org\",\"@graph\":[{\"@type\":\"WebPage\",\"@id\":\"https:\\\/\\\/sanatate.md\\\/ro\\\/boli-si-tratament\\\/boli-ale-ochiului\\\/\",\"url\":\"https:\\\/\\\/sanatate.md\\\/ro\\\/boli-si-tratament\\\/boli-ale-ochiului\\\/\",\"name\":\"Boli ale ochiului | Sanatate.md\",\"isPartOf\":{\"@id\":\"https:\\\/\\\/sanatate.md\\\/ro\\\/#website\"},\"datePublished\":\"2018-02-20T15:22:19+00:00\",\"dateModified\":\"2018-09-27T12:13:37+00:00\",\"breadcrumb\":{\"@id\":\"https:\\\/\\\/sanatate.md\\\/ro\\\/boli-si-tratament\\\/boli-ale-ochiului\\\/#breadcrumb\"},\"inLanguage\":\"ro-RO\",\"potentialAction\":[{\"@type\":\"ReadAction\",\"target\":[\"https:\\\/\\\/sanatate.md\\\/ro\\\/boli-si-tratament\\\/boli-ale-ochiului\\\/\"]}]},{\"@type\":\"BreadcrumbList\",\"@id\":\"https:\\\/\\\/sanatate.md\\\/ro\\\/boli-si-tratament\\\/boli-ale-ochiului\\\/#breadcrumb\",\"itemListElement\":[{\"@type\":\"ListItem\",\"position\":1,\"name\":\"\u0413\u043b\u0430\u0432\u043d\u0430\u044f \u0441\u0442\u0440\u0430\u043d\u0438\u0446\u0430\",\"item\":\"https:\\\/\\\/sanatate.md\\\/ro\\\/\"},{\"@type\":\"ListItem\",\"position\":2,\"name\":\"Boli si tratament\",\"item\":\"https:\\\/\\\/sanatate.md\\\/ro\\\/boli-si-tratament\\\/\"},{\"@type\":\"ListItem\",\"position\":3,\"name\":\"Boli ale ochiului\"}]},{\"@type\":\"WebSite\",\"@id\":\"https:\\\/\\\/sanatate.md\\\/ro\\\/#website\",\"url\":\"https:\\\/\\\/sanatate.md\\\/ro\\\/\",\"name\":\"Sanatate.md\",\"description\":\"\u0416\u0443\u0440\u043d\u0430\u043b \u0434\u043b\u044f \u0432\u0441\u0435\u0439 \u0441\u0435\u043c\u044c\u0438 \u0432 \u041c\u043e\u043b\u0434\u043e\u0432\u0435\",\"publisher\":{\"@id\":\"https:\\\/\\\/sanatate.md\\\/ro\\\/#organization\"},\"potentialAction\":[{\"@type\":\"SearchAction\",\"target\":{\"@type\":\"EntryPoint\",\"urlTemplate\":\"https:\\\/\\\/sanatate.md\\\/ro\\\/?s={search_term_string}\"},\"query-input\":{\"@type\":\"PropertyValueSpecification\",\"valueRequired\":true,\"valueName\":\"search_term_string\"}}],\"inLanguage\":\"ro-RO\"},{\"@type\":\"Organization\",\"@id\":\"https:\\\/\\\/sanatate.md\\\/ro\\\/#organization\",\"name\":\"SANATATE\",\"url\":\"https:\\\/\\\/sanatate.md\\\/ro\\\/\",\"logo\":{\"@type\":\"ImageObject\",\"inLanguage\":\"ro-RO\",\"@id\":\"https:\\\/\\\/sanatate.md\\\/ro\\\/#\\\/schema\\\/logo\\\/image\\\/\",\"url\":\"https:\\\/\\\/sanatate.md\\\/wp-content\\\/uploads\\\/2022\\\/01\\\/sanatate-logo.svg\",\"contentUrl\":\"https:\\\/\\\/sanatate.md\\\/wp-content\\\/uploads\\\/2022\\\/01\\\/sanatate-logo.svg\",\"width\":\"1024\",\"height\":\"1024\",\"caption\":\"SANATATE\"},\"image\":{\"@id\":\"https:\\\/\\\/sanatate.md\\\/ro\\\/#\\\/schema\\\/logo\\\/image\\\/\"}}]}<\/script>\n<!-- \/ Yoast SEO plugin. -->","yoast_head_json":{"title":"Boli ale ochiului | Sanatate.md","robots":{"index":"index","follow":"follow","max-snippet":"max-snippet:-1","max-image-preview":"max-image-preview:large","max-video-preview":"max-video-preview:-1"},"canonical":"https:\/\/sanatate.md\/ro\/boli-si-tratament\/boli-ale-ochiului\/","og_locale":"ro_RO","og_type":"article","og_title":"Boli ale ochiului | Sanatate.md","og_description":"Afec\u021biuni ale retinei (retinopatie) Afec\u0163iunile corneene Albugo Ambliopia Ambilopia disbinocular\u0103 Ambliopia isteric\u0103 Ambilopia obscur\u0103 Asthenopia (ochii obosi\u021bi) Astigmatismul Ateromul Atrofia nervului optic Boli ale aparatului lacrimal al ochiului Blefarita Cataracta Conjunctivita Corectarea vederii Dacriocistita Daltonism Degenerarea macular\u0103 retinal\u0103 Demodex Deta\u0219area retinei Discul optic stagnant Dislocarea lentilei Distrofia endotelial\u0103 a corneei (distrofia lui Fuchs) Distrofia retinal\u0103 [&hellip;]","og_url":"https:\/\/sanatate.md\/ro\/boli-si-tratament\/boli-ale-ochiului\/","og_site_name":"Sanatate.md","article_modified_time":"2018-09-27T12:13:37+00:00","twitter_card":"summary_large_image","twitter_misc":{"Timp estimat pentru citire":"1 minut"},"schema":{"@context":"https:\/\/schema.org","@graph":[{"@type":"WebPage","@id":"https:\/\/sanatate.md\/ro\/boli-si-tratament\/boli-ale-ochiului\/","url":"https:\/\/sanatate.md\/ro\/boli-si-tratament\/boli-ale-ochiului\/","name":"Boli ale ochiului | Sanatate.md","isPartOf":{"@id":"https:\/\/sanatate.md\/ro\/#website"},"datePublished":"2018-02-20T15:22:19+00:00","dateModified":"2018-09-27T12:13:37+00:00","breadcrumb":{"@id":"https:\/\/sanatate.md\/ro\/boli-si-tratament\/boli-ale-ochiului\/#breadcrumb"},"inLanguage":"ro-RO","potentialAction":[{"@type":"ReadAction","target":["https:\/\/sanatate.md\/ro\/boli-si-tratament\/boli-ale-ochiului\/"]}]},{"@type":"BreadcrumbList","@id":"https:\/\/sanatate.md\/ro\/boli-si-tratament\/boli-ale-ochiului\/#breadcrumb","itemListElement":[{"@type":"ListItem","position":1,"name":"\u0413\u043b\u0430\u0432\u043d\u0430\u044f \u0441\u0442\u0440\u0430\u043d\u0438\u0446\u0430","item":"https:\/\/sanatate.md\/ro\/"},{"@type":"ListItem","position":2,"name":"Boli si tratament","item":"https:\/\/sanatate.md\/ro\/boli-si-tratament\/"},{"@type":"ListItem","position":3,"name":"Boli ale ochiului"}]},{"@type":"WebSite","@id":"https:\/\/sanatate.md\/ro\/#website","url":"https:\/\/sanatate.md\/ro\/","name":"Sanatate.md","description":"\u0416\u0443\u0440\u043d\u0430\u043b \u0434\u043b\u044f \u0432\u0441\u0435\u0439 \u0441\u0435\u043c\u044c\u0438 \u0432 \u041c\u043e\u043b\u0434\u043e\u0432\u0435","publisher":{"@id":"https:\/\/sanatate.md\/ro\/#organization"},"potentialAction":[{"@type":"SearchAction","target":{"@type":"EntryPoint","urlTemplate":"https:\/\/sanatate.md\/ro\/?s={search_term_string}"},"query-input":{"@type":"PropertyValueSpecification","valueRequired":true,"valueName":"search_term_string"}}],"inLanguage":"ro-RO"},{"@type":"Organization","@id":"https:\/\/sanatate.md\/ro\/#organization","name":"SANATATE","url":"https:\/\/sanatate.md\/ro\/","logo":{"@type":"ImageObject","inLanguage":"ro-RO","@id":"https:\/\/sanatate.md\/ro\/#\/schema\/logo\/image\/","url":"https:\/\/sanatate.md\/wp-content\/uploads\/2022\/01\/sanatate-logo.svg","contentUrl":"https:\/\/sanatate.md\/wp-content\/uploads\/2022\/01\/sanatate-logo.svg","width":"1024","height":"1024","caption":"SANATATE"},"image":{"@id":"https:\/\/sanatate.md\/ro\/#\/schema\/logo\/image\/"}}]}},"_links":{"self":[{"href":"https:\/\/sanatate.md\/ro\/wp-json\/wp\/v2\/pages\/52990","targetHints":{"allow":["GET"]}}],"collection":[{"href":"https:\/\/sanatate.md\/ro\/wp-json\/wp\/v2\/pages"}],"about":[{"href":"https:\/\/sanatate.md\/ro\/wp-json\/wp\/v2\/types\/page"}],"author":[{"embeddable":true,"href":"https:\/\/sanatate.md\/ro\/wp-json\/wp\/v2\/users\/28"}],"replies":[{"embeddable":true,"href":"https:\/\/sanatate.md\/ro\/wp-json\/wp\/v2\/comments?post=52990"}],"version-history":[{"count":0,"href":"https:\/\/sanatate.md\/ro\/wp-json\/wp\/v2\/pages\/52990\/revisions"}],"up":[{"embeddable":true,"href":"https:\/\/sanatate.md\/ro\/wp-json\/wp\/v2\/pages\/38214"}],"wp:attachment":[{"href":"https:\/\/sanatate.md\/ro\/wp-json\/wp\/v2\/media?parent=52990"}],"curies":[{"name":"wp","href":"https:\/\/api.w.org\/{rel}","templated":true}]}}