{"id":52993,"date":"2018-02-20T18:35:14","date_gmt":"2018-02-20T15:35:14","guid":{"rendered":"https:\/\/sanatate.md\/?page_id=52993"},"modified":"2018-10-18T16:45:32","modified_gmt":"2018-10-18T13:45:32","slug":"boli-ale-dintilor-si-ale-cavitatii-bucale","status":"publish","type":"page","link":"https:\/\/sanatate.md\/ro\/boli-si-tratament\/boli-ale-dintilor-si-ale-cavitatii-bucale\/","title":{"rendered":"Boli ale din\u021bilor \u0219i ale cavit\u0103\u021bii bucale"},"content":{"rendered":"<p><a href=\"https:\/\/sanatate.md\/ro\/boli-si-tratament\/boli-ale-dintilor-si-ale-cavitatii-bucale\/abcesul-maxilarului\/\">Abcesul maxilarului<\/a><br \/>\nAlbirea dintilor<br \/>\nAdentia<br \/>\nAlinierea din\u021bilor, corec\u021bia mu\u0219c\u0103turii<br \/>\nAlveolita<br \/>\n<a href=\"https:\/\/sanatate.md\/ro\/boli-si-tratament\/boli-ale-dintilor-si-ale-cavitatii-bucale\/anchiloza-articulatiei-temporomandibulare\/\">Anchiloza articula\u021biei temporomandibulare<\/a><br \/>\nBoala parodontal\u0103<br \/>\nBoala de piatr\u0103 salivar\u0103<br \/>\nCaria<br \/>\nChistul dintelui<br \/>\nChistul maxilarului<br \/>\nDefecte ale danturii<br \/>\nDiastema<br \/>\n<a href=\"https:\/\/sanatate.md\/ro\/boli-si-tratament\/boli-ale-dintilor-si-ale-cavitatii-bucale\/extractia-dintilor-chirurgie\/\">Extrac\u021bia din\u021bilor (chirurgie)<\/a><br \/>\nFluoroza<br \/>\nGingivita<br \/>\nGingivit\u0103 generalizat\u0103<br \/>\nGlossalgia<br \/>\nGlosita<br \/>\nHipoplazia smal\u0163ului<br \/>\nIgiena \u0219i profilaxia<br \/>\nImplantarea din\u021bilor<br \/>\nLeucoplazia<br \/>\nLeziunile din\u021bilor (luxa\u021bia din\u021bilor)<br \/>\nLeziuni ale dintelui (fractura dintelui)<br \/>\nLimba plat\u0103 (scrot)<br \/>\nOsteomielita maxilarului<br \/>\nParodontita<br \/>\nPericoronitis<br \/>\nPeriostitis, abces, flux<br \/>\nPhlegmon admaxillary<br \/>\nPlaca dentar\u0103<br \/>\nProtetica dentar\u0103<br \/>\nPulpita<br \/>\nSensibilitatea din\u021bilor<br \/>\nStomatitele<br \/>\nXerostomia<\/p>\n","protected":false},"excerpt":{"rendered":"<p>Abcesul maxilarului Albirea dintilor Adentia Alinierea din\u021bilor, corec\u021bia mu\u0219c\u0103turii Alveolita Anchiloza articula\u021biei temporomandibulare Boala parodontal\u0103 Boala de piatr\u0103 salivar\u0103 Caria Chistul dintelui Chistul maxilarului Defecte ale danturii Diastema Extrac\u021bia din\u021bilor (chirurgie) Fluoroza Gingivita Gingivit\u0103 generalizat\u0103 Glossalgia Glosita Hipoplazia smal\u0163ului Igiena \u0219i profilaxia Implantarea din\u021bilor Leucoplazia Leziunile din\u021bilor (luxa\u021bia din\u021bilor) Leziuni ale dintelui (fractura dintelui) Limba [&hellip;]<\/p>\n","protected":false},"author":28,"featured_media":0,"parent":38214,"menu_order":13,"comment_status":"closed","ping_status":"closed","template":"","meta":{"inline_featured_image":false,"footnotes":""},"class_list":["post-52993","page","type-page","status-publish"],"yoast_head":"<!-- This site is optimized with the Yoast SEO plugin v27.3 - https:\/\/yoast.com\/product\/yoast-seo-wordpress\/ -->\n<title>Boli ale din\u021bilor \u0219i ale cavit\u0103\u021bii bucale | Sanatate.md<\/title>\n<meta name=\"robots\" content=\"index, follow, max-snippet:-1, max-image-preview:large, max-video-preview:-1\" \/>\n<link rel=\"canonical\" href=\"https:\/\/sanatate.md\/ro\/boli-si-tratament\/boli-ale-dintilor-si-ale-cavitatii-bucale\/\" \/>\n<meta property=\"og:locale\" content=\"ro_RO\" \/>\n<meta property=\"og:type\" content=\"article\" \/>\n<meta property=\"og:title\" content=\"Boli ale din\u021bilor \u0219i ale cavit\u0103\u021bii bucale | Sanatate.md\" \/>\n<meta property=\"og:description\" content=\"Abcesul maxilarului Albirea dintilor Adentia Alinierea din\u021bilor, corec\u021bia mu\u0219c\u0103turii Alveolita Anchiloza articula\u021biei temporomandibulare Boala parodontal\u0103 Boala de piatr\u0103 salivar\u0103 Caria Chistul dintelui Chistul maxilarului Defecte ale danturii Diastema Extrac\u021bia din\u021bilor (chirurgie) Fluoroza Gingivita Gingivit\u0103 generalizat\u0103 Glossalgia Glosita Hipoplazia smal\u0163ului Igiena \u0219i profilaxia Implantarea din\u021bilor Leucoplazia Leziunile din\u021bilor (luxa\u021bia din\u021bilor) Leziuni ale dintelui (fractura dintelui) Limba [&hellip;]\" \/>\n<meta property=\"og:url\" content=\"https:\/\/sanatate.md\/ro\/boli-si-tratament\/boli-ale-dintilor-si-ale-cavitatii-bucale\/\" \/>\n<meta property=\"og:site_name\" content=\"Sanatate.md\" \/>\n<meta property=\"article:modified_time\" content=\"2018-10-18T13:45:32+00:00\" \/>\n<meta name=\"twitter:card\" content=\"summary_large_image\" \/>\n<script type=\"application\/ld+json\" class=\"yoast-schema-graph\">{\"@context\":\"https:\\\/\\\/schema.org\",\"@graph\":[{\"@type\":\"WebPage\",\"@id\":\"https:\\\/\\\/sanatate.md\\\/ro\\\/boli-si-tratament\\\/boli-ale-dintilor-si-ale-cavitatii-bucale\\\/\",\"url\":\"https:\\\/\\\/sanatate.md\\\/ro\\\/boli-si-tratament\\\/boli-ale-dintilor-si-ale-cavitatii-bucale\\\/\",\"name\":\"Boli ale din\u021bilor \u0219i ale cavit\u0103\u021bii bucale | Sanatate.md\",\"isPartOf\":{\"@id\":\"https:\\\/\\\/sanatate.md\\\/ro\\\/#website\"},\"datePublished\":\"2018-02-20T15:35:14+00:00\",\"dateModified\":\"2018-10-18T13:45:32+00:00\",\"breadcrumb\":{\"@id\":\"https:\\\/\\\/sanatate.md\\\/ro\\\/boli-si-tratament\\\/boli-ale-dintilor-si-ale-cavitatii-bucale\\\/#breadcrumb\"},\"inLanguage\":\"ro-RO\",\"potentialAction\":[{\"@type\":\"ReadAction\",\"target\":[\"https:\\\/\\\/sanatate.md\\\/ro\\\/boli-si-tratament\\\/boli-ale-dintilor-si-ale-cavitatii-bucale\\\/\"]}]},{\"@type\":\"BreadcrumbList\",\"@id\":\"https:\\\/\\\/sanatate.md\\\/ro\\\/boli-si-tratament\\\/boli-ale-dintilor-si-ale-cavitatii-bucale\\\/#breadcrumb\",\"itemListElement\":[{\"@type\":\"ListItem\",\"position\":1,\"name\":\"\u0413\u043b\u0430\u0432\u043d\u0430\u044f \u0441\u0442\u0440\u0430\u043d\u0438\u0446\u0430\",\"item\":\"https:\\\/\\\/sanatate.md\\\/ro\\\/\"},{\"@type\":\"ListItem\",\"position\":2,\"name\":\"Boli si tratament\",\"item\":\"https:\\\/\\\/sanatate.md\\\/ro\\\/boli-si-tratament\\\/\"},{\"@type\":\"ListItem\",\"position\":3,\"name\":\"Boli ale din\u021bilor \u0219i ale cavit\u0103\u021bii bucale\"}]},{\"@type\":\"WebSite\",\"@id\":\"https:\\\/\\\/sanatate.md\\\/ro\\\/#website\",\"url\":\"https:\\\/\\\/sanatate.md\\\/ro\\\/\",\"name\":\"Sanatate.md\",\"description\":\"\u0416\u0443\u0440\u043d\u0430\u043b \u0434\u043b\u044f \u0432\u0441\u0435\u0439 \u0441\u0435\u043c\u044c\u0438 \u0432 \u041c\u043e\u043b\u0434\u043e\u0432\u0435\",\"publisher\":{\"@id\":\"https:\\\/\\\/sanatate.md\\\/ro\\\/#organization\"},\"potentialAction\":[{\"@type\":\"SearchAction\",\"target\":{\"@type\":\"EntryPoint\",\"urlTemplate\":\"https:\\\/\\\/sanatate.md\\\/ro\\\/?s={search_term_string}\"},\"query-input\":{\"@type\":\"PropertyValueSpecification\",\"valueRequired\":true,\"valueName\":\"search_term_string\"}}],\"inLanguage\":\"ro-RO\"},{\"@type\":\"Organization\",\"@id\":\"https:\\\/\\\/sanatate.md\\\/ro\\\/#organization\",\"name\":\"SANATATE\",\"url\":\"https:\\\/\\\/sanatate.md\\\/ro\\\/\",\"logo\":{\"@type\":\"ImageObject\",\"inLanguage\":\"ro-RO\",\"@id\":\"https:\\\/\\\/sanatate.md\\\/ro\\\/#\\\/schema\\\/logo\\\/image\\\/\",\"url\":\"https:\\\/\\\/sanatate.md\\\/wp-content\\\/uploads\\\/2022\\\/01\\\/sanatate-logo.svg\",\"contentUrl\":\"https:\\\/\\\/sanatate.md\\\/wp-content\\\/uploads\\\/2022\\\/01\\\/sanatate-logo.svg\",\"width\":\"1024\",\"height\":\"1024\",\"caption\":\"SANATATE\"},\"image\":{\"@id\":\"https:\\\/\\\/sanatate.md\\\/ro\\\/#\\\/schema\\\/logo\\\/image\\\/\"}}]}<\/script>\n<!-- \/ Yoast SEO plugin. -->","yoast_head_json":{"title":"Boli ale din\u021bilor \u0219i ale cavit\u0103\u021bii bucale | Sanatate.md","robots":{"index":"index","follow":"follow","max-snippet":"max-snippet:-1","max-image-preview":"max-image-preview:large","max-video-preview":"max-video-preview:-1"},"canonical":"https:\/\/sanatate.md\/ro\/boli-si-tratament\/boli-ale-dintilor-si-ale-cavitatii-bucale\/","og_locale":"ro_RO","og_type":"article","og_title":"Boli ale din\u021bilor \u0219i ale cavit\u0103\u021bii bucale | Sanatate.md","og_description":"Abcesul maxilarului Albirea dintilor Adentia Alinierea din\u021bilor, corec\u021bia mu\u0219c\u0103turii Alveolita Anchiloza articula\u021biei temporomandibulare Boala parodontal\u0103 Boala de piatr\u0103 salivar\u0103 Caria Chistul dintelui Chistul maxilarului Defecte ale danturii Diastema Extrac\u021bia din\u021bilor (chirurgie) Fluoroza Gingivita Gingivit\u0103 generalizat\u0103 Glossalgia Glosita Hipoplazia smal\u0163ului Igiena \u0219i profilaxia Implantarea din\u021bilor Leucoplazia Leziunile din\u021bilor (luxa\u021bia din\u021bilor) Leziuni ale dintelui (fractura dintelui) Limba [&hellip;]","og_url":"https:\/\/sanatate.md\/ro\/boli-si-tratament\/boli-ale-dintilor-si-ale-cavitatii-bucale\/","og_site_name":"Sanatate.md","article_modified_time":"2018-10-18T13:45:32+00:00","twitter_card":"summary_large_image","schema":{"@context":"https:\/\/schema.org","@graph":[{"@type":"WebPage","@id":"https:\/\/sanatate.md\/ro\/boli-si-tratament\/boli-ale-dintilor-si-ale-cavitatii-bucale\/","url":"https:\/\/sanatate.md\/ro\/boli-si-tratament\/boli-ale-dintilor-si-ale-cavitatii-bucale\/","name":"Boli ale din\u021bilor \u0219i ale cavit\u0103\u021bii bucale | Sanatate.md","isPartOf":{"@id":"https:\/\/sanatate.md\/ro\/#website"},"datePublished":"2018-02-20T15:35:14+00:00","dateModified":"2018-10-18T13:45:32+00:00","breadcrumb":{"@id":"https:\/\/sanatate.md\/ro\/boli-si-tratament\/boli-ale-dintilor-si-ale-cavitatii-bucale\/#breadcrumb"},"inLanguage":"ro-RO","potentialAction":[{"@type":"ReadAction","target":["https:\/\/sanatate.md\/ro\/boli-si-tratament\/boli-ale-dintilor-si-ale-cavitatii-bucale\/"]}]},{"@type":"BreadcrumbList","@id":"https:\/\/sanatate.md\/ro\/boli-si-tratament\/boli-ale-dintilor-si-ale-cavitatii-bucale\/#breadcrumb","itemListElement":[{"@type":"ListItem","position":1,"name":"\u0413\u043b\u0430\u0432\u043d\u0430\u044f \u0441\u0442\u0440\u0430\u043d\u0438\u0446\u0430","item":"https:\/\/sanatate.md\/ro\/"},{"@type":"ListItem","position":2,"name":"Boli si tratament","item":"https:\/\/sanatate.md\/ro\/boli-si-tratament\/"},{"@type":"ListItem","position":3,"name":"Boli ale din\u021bilor \u0219i ale cavit\u0103\u021bii bucale"}]},{"@type":"WebSite","@id":"https:\/\/sanatate.md\/ro\/#website","url":"https:\/\/sanatate.md\/ro\/","name":"Sanatate.md","description":"\u0416\u0443\u0440\u043d\u0430\u043b \u0434\u043b\u044f \u0432\u0441\u0435\u0439 \u0441\u0435\u043c\u044c\u0438 \u0432 \u041c\u043e\u043b\u0434\u043e\u0432\u0435","publisher":{"@id":"https:\/\/sanatate.md\/ro\/#organization"},"potentialAction":[{"@type":"SearchAction","target":{"@type":"EntryPoint","urlTemplate":"https:\/\/sanatate.md\/ro\/?s={search_term_string}"},"query-input":{"@type":"PropertyValueSpecification","valueRequired":true,"valueName":"search_term_string"}}],"inLanguage":"ro-RO"},{"@type":"Organization","@id":"https:\/\/sanatate.md\/ro\/#organization","name":"SANATATE","url":"https:\/\/sanatate.md\/ro\/","logo":{"@type":"ImageObject","inLanguage":"ro-RO","@id":"https:\/\/sanatate.md\/ro\/#\/schema\/logo\/image\/","url":"https:\/\/sanatate.md\/wp-content\/uploads\/2022\/01\/sanatate-logo.svg","contentUrl":"https:\/\/sanatate.md\/wp-content\/uploads\/2022\/01\/sanatate-logo.svg","width":"1024","height":"1024","caption":"SANATATE"},"image":{"@id":"https:\/\/sanatate.md\/ro\/#\/schema\/logo\/image\/"}}]}},"_links":{"self":[{"href":"https:\/\/sanatate.md\/ro\/wp-json\/wp\/v2\/pages\/52993","targetHints":{"allow":["GET"]}}],"collection":[{"href":"https:\/\/sanatate.md\/ro\/wp-json\/wp\/v2\/pages"}],"about":[{"href":"https:\/\/sanatate.md\/ro\/wp-json\/wp\/v2\/types\/page"}],"author":[{"embeddable":true,"href":"https:\/\/sanatate.md\/ro\/wp-json\/wp\/v2\/users\/28"}],"replies":[{"embeddable":true,"href":"https:\/\/sanatate.md\/ro\/wp-json\/wp\/v2\/comments?post=52993"}],"version-history":[{"count":0,"href":"https:\/\/sanatate.md\/ro\/wp-json\/wp\/v2\/pages\/52993\/revisions"}],"up":[{"embeddable":true,"href":"https:\/\/sanatate.md\/ro\/wp-json\/wp\/v2\/pages\/38214"}],"wp:attachment":[{"href":"https:\/\/sanatate.md\/ro\/wp-json\/wp\/v2\/media?parent=52993"}],"curies":[{"name":"wp","href":"https:\/\/api.w.org\/{rel}","templated":true}]}}