{"id":53002,"date":"2018-02-20T18:44:17","date_gmt":"2018-02-20T15:44:17","guid":{"rendered":"https:\/\/sanatate.md\/?page_id=53002"},"modified":"2018-10-02T17:31:18","modified_gmt":"2018-10-02T14:31:18","slug":"boli-ale-inimii-si-ale-vaselor-de-sange","status":"publish","type":"page","link":"https:\/\/sanatate.md\/ro\/boli-si-tratament\/boli-ale-inimii-si-ale-vaselor-de-sange\/","title":{"rendered":"Boli ale inimii \u0219i ale vaselor de s\u00e2nge"},"content":{"rendered":"<p>Accident vascular cerebral hemoragic<br \/>\nAccident vascular cerebral ischemic<br \/>\nAfec\u021biuni cardiace<br \/>\nAngina pectoral\u0103<br \/>\nAnomalia Ebshain<br \/>\nAritmia<br \/>\nAstmul cardiac<br \/>\nArterita<br \/>\nArterita temporar\u0103<br \/>\nAteroscleroza<br \/>\nAteroscleroza obliterans<br \/>\nAtrezia arterei pulmonare<br \/>\nB\u0103t\u0103i<br \/>\nBoala cardiac\u0103 ischemic\u0103 (CHD)<br \/>\nBoala citotoxic\u0103<br \/>\nCanalul atrioventricular<br \/>\nCelula gigant arteritic\u0103<br \/>\nCanalul arterial deschis (OAP)<br \/>\nCardiomiopatia<br \/>\nCardioscleroza<br \/>\nCoarcta\u021bia aortei<br \/>\nCrizele vasculare<br \/>\nDefectul septului interventricular (DMVD)<br \/>\nDefec\u021biunea septal\u0103 atrial\u0103 (ASD)<br \/>\nDextrocardia<br \/>\nDistonia vascular\u0103 (VSD)<br \/>\nDrenarea par\u021bial\u0103 \u0219i total\u0103 anormal\u0103 a venei pulmonare<br \/>\nEndocardit\u0103<br \/>\nGipoprotrombinemia<br \/>\nFibrila\u021bia ventricular\u0103<br \/>\nHemoglobinuria nocturn\u0103 paroxistic\u0103<br \/>\nHipertensiunea<br \/>\nHipertensiunea portal\u0103<br \/>\nHipoglicemia<br \/>\nHipotonia<br \/>\nInfarctul miocardic<br \/>\nInima pulmonar\u0103<br \/>\nInsuficien\u021ba valvei mitrale<br \/>\nMiocardita<br \/>\nPericardita<br \/>\nPericardita acut\u0103<br \/>\nPlaci de colesterol<br \/>\nProlapsul valvei mitrale<br \/>\nSepararea dubl\u0103 a vaselor principale din ventriculul drept<br \/>\nSimptoma Fallot<br \/>\nSindromul Brugada<br \/>\nSindromul hipoplaziei inimii st\u00e2ngi<br \/>\nSindromul de sl\u0103biciune a nodului sinusal<br \/>\nStenoza arterelor pulmonare<br \/>\nStenoza inelului aortic<br \/>\nStenoza mitral\u0103<br \/>\nTahicardie<br \/>\nTahicardia ventricular\u0103 (VT)<br \/>\nTrecerea anormal\u0103 a arterei coronare din artera pulmonar\u0103 (SBUH)<br \/>\nTromboangiita obliterant\u0103<br \/>\nTrunchi arterial comun<br \/>\nTranspunerea principalelor artere (TMA)<br \/>\nTrombastenia<br \/>\nTrombia lui Glanzmann<br \/>\nTromboflebita<br \/>\nTromboza<br \/>\nVentricul unic<br \/>\n<a href=\"https:\/\/sanatate.md\/ro\/boli-si-tratament\/boli-ale-inimii-si-ale-vaselor-de-sange\/vasculita\/\">Vasculita<\/a><br \/>\nVasculita sistemic\u0103<\/p>\n","protected":false},"excerpt":{"rendered":"<p>Accident vascular cerebral hemoragic Accident vascular cerebral ischemic Afec\u021biuni cardiace Angina pectoral\u0103 Anomalia Ebshain Aritmia Astmul cardiac Arterita Arterita temporar\u0103 Ateroscleroza Ateroscleroza obliterans Atrezia arterei pulmonare B\u0103t\u0103i Boala cardiac\u0103 ischemic\u0103 (CHD) Boala citotoxic\u0103 Canalul atrioventricular Celula gigant arteritic\u0103 Canalul arterial deschis (OAP) Cardiomiopatia Cardioscleroza Coarcta\u021bia aortei Crizele vasculare Defectul septului interventricular (DMVD) Defec\u021biunea septal\u0103 atrial\u0103 [&hellip;]<\/p>\n","protected":false},"author":28,"featured_media":0,"parent":38214,"menu_order":16,"comment_status":"closed","ping_status":"closed","template":"","meta":{"inline_featured_image":false,"footnotes":""},"class_list":["post-53002","page","type-page","status-publish"],"yoast_head":"<!-- This site is optimized with the Yoast SEO plugin v27.3 - https:\/\/yoast.com\/product\/yoast-seo-wordpress\/ -->\n<title>Boli ale inimii \u0219i ale vaselor de s\u00e2nge | Sanatate.md<\/title>\n<meta name=\"robots\" content=\"index, follow, max-snippet:-1, max-image-preview:large, max-video-preview:-1\" \/>\n<link rel=\"canonical\" href=\"https:\/\/sanatate.md\/ro\/boli-si-tratament\/boli-ale-inimii-si-ale-vaselor-de-sange\/\" \/>\n<meta property=\"og:locale\" content=\"ro_RO\" \/>\n<meta property=\"og:type\" content=\"article\" \/>\n<meta property=\"og:title\" content=\"Boli ale inimii \u0219i ale vaselor de s\u00e2nge | Sanatate.md\" \/>\n<meta property=\"og:description\" content=\"Accident vascular cerebral hemoragic Accident vascular cerebral ischemic Afec\u021biuni cardiace Angina pectoral\u0103 Anomalia Ebshain Aritmia Astmul cardiac Arterita Arterita temporar\u0103 Ateroscleroza Ateroscleroza obliterans Atrezia arterei pulmonare B\u0103t\u0103i Boala cardiac\u0103 ischemic\u0103 (CHD) Boala citotoxic\u0103 Canalul atrioventricular Celula gigant arteritic\u0103 Canalul arterial deschis (OAP) Cardiomiopatia Cardioscleroza Coarcta\u021bia aortei Crizele vasculare Defectul septului interventricular (DMVD) Defec\u021biunea septal\u0103 atrial\u0103 [&hellip;]\" \/>\n<meta property=\"og:url\" content=\"https:\/\/sanatate.md\/ro\/boli-si-tratament\/boli-ale-inimii-si-ale-vaselor-de-sange\/\" \/>\n<meta property=\"og:site_name\" content=\"Sanatate.md\" \/>\n<meta property=\"article:modified_time\" content=\"2018-10-02T14:31:18+00:00\" \/>\n<meta name=\"twitter:card\" content=\"summary_large_image\" \/>\n<meta name=\"twitter:label1\" content=\"Timp estimat pentru citire\" \/>\n\t<meta name=\"twitter:data1\" content=\"1 minut\" \/>\n<script type=\"application\/ld+json\" class=\"yoast-schema-graph\">{\"@context\":\"https:\\\/\\\/schema.org\",\"@graph\":[{\"@type\":\"WebPage\",\"@id\":\"https:\\\/\\\/sanatate.md\\\/ro\\\/boli-si-tratament\\\/boli-ale-inimii-si-ale-vaselor-de-sange\\\/\",\"url\":\"https:\\\/\\\/sanatate.md\\\/ro\\\/boli-si-tratament\\\/boli-ale-inimii-si-ale-vaselor-de-sange\\\/\",\"name\":\"Boli ale inimii \u0219i ale vaselor de s\u00e2nge | Sanatate.md\",\"isPartOf\":{\"@id\":\"https:\\\/\\\/sanatate.md\\\/ro\\\/#website\"},\"datePublished\":\"2018-02-20T15:44:17+00:00\",\"dateModified\":\"2018-10-02T14:31:18+00:00\",\"breadcrumb\":{\"@id\":\"https:\\\/\\\/sanatate.md\\\/ro\\\/boli-si-tratament\\\/boli-ale-inimii-si-ale-vaselor-de-sange\\\/#breadcrumb\"},\"inLanguage\":\"ro-RO\",\"potentialAction\":[{\"@type\":\"ReadAction\",\"target\":[\"https:\\\/\\\/sanatate.md\\\/ro\\\/boli-si-tratament\\\/boli-ale-inimii-si-ale-vaselor-de-sange\\\/\"]}]},{\"@type\":\"BreadcrumbList\",\"@id\":\"https:\\\/\\\/sanatate.md\\\/ro\\\/boli-si-tratament\\\/boli-ale-inimii-si-ale-vaselor-de-sange\\\/#breadcrumb\",\"itemListElement\":[{\"@type\":\"ListItem\",\"position\":1,\"name\":\"\u0413\u043b\u0430\u0432\u043d\u0430\u044f \u0441\u0442\u0440\u0430\u043d\u0438\u0446\u0430\",\"item\":\"https:\\\/\\\/sanatate.md\\\/ro\\\/\"},{\"@type\":\"ListItem\",\"position\":2,\"name\":\"Boli si tratament\",\"item\":\"https:\\\/\\\/sanatate.md\\\/ro\\\/boli-si-tratament\\\/\"},{\"@type\":\"ListItem\",\"position\":3,\"name\":\"Boli ale inimii \u0219i ale vaselor de s\u00e2nge\"}]},{\"@type\":\"WebSite\",\"@id\":\"https:\\\/\\\/sanatate.md\\\/ro\\\/#website\",\"url\":\"https:\\\/\\\/sanatate.md\\\/ro\\\/\",\"name\":\"Sanatate.md\",\"description\":\"\u0416\u0443\u0440\u043d\u0430\u043b \u0434\u043b\u044f \u0432\u0441\u0435\u0439 \u0441\u0435\u043c\u044c\u0438 \u0432 \u041c\u043e\u043b\u0434\u043e\u0432\u0435\",\"publisher\":{\"@id\":\"https:\\\/\\\/sanatate.md\\\/ro\\\/#organization\"},\"potentialAction\":[{\"@type\":\"SearchAction\",\"target\":{\"@type\":\"EntryPoint\",\"urlTemplate\":\"https:\\\/\\\/sanatate.md\\\/ro\\\/?s={search_term_string}\"},\"query-input\":{\"@type\":\"PropertyValueSpecification\",\"valueRequired\":true,\"valueName\":\"search_term_string\"}}],\"inLanguage\":\"ro-RO\"},{\"@type\":\"Organization\",\"@id\":\"https:\\\/\\\/sanatate.md\\\/ro\\\/#organization\",\"name\":\"SANATATE\",\"url\":\"https:\\\/\\\/sanatate.md\\\/ro\\\/\",\"logo\":{\"@type\":\"ImageObject\",\"inLanguage\":\"ro-RO\",\"@id\":\"https:\\\/\\\/sanatate.md\\\/ro\\\/#\\\/schema\\\/logo\\\/image\\\/\",\"url\":\"https:\\\/\\\/sanatate.md\\\/wp-content\\\/uploads\\\/2022\\\/01\\\/sanatate-logo.svg\",\"contentUrl\":\"https:\\\/\\\/sanatate.md\\\/wp-content\\\/uploads\\\/2022\\\/01\\\/sanatate-logo.svg\",\"width\":\"1024\",\"height\":\"1024\",\"caption\":\"SANATATE\"},\"image\":{\"@id\":\"https:\\\/\\\/sanatate.md\\\/ro\\\/#\\\/schema\\\/logo\\\/image\\\/\"}}]}<\/script>\n<!-- \/ Yoast SEO plugin. -->","yoast_head_json":{"title":"Boli ale inimii \u0219i ale vaselor de s\u00e2nge | Sanatate.md","robots":{"index":"index","follow":"follow","max-snippet":"max-snippet:-1","max-image-preview":"max-image-preview:large","max-video-preview":"max-video-preview:-1"},"canonical":"https:\/\/sanatate.md\/ro\/boli-si-tratament\/boli-ale-inimii-si-ale-vaselor-de-sange\/","og_locale":"ro_RO","og_type":"article","og_title":"Boli ale inimii \u0219i ale vaselor de s\u00e2nge | Sanatate.md","og_description":"Accident vascular cerebral hemoragic Accident vascular cerebral ischemic Afec\u021biuni cardiace Angina pectoral\u0103 Anomalia Ebshain Aritmia Astmul cardiac Arterita Arterita temporar\u0103 Ateroscleroza Ateroscleroza obliterans Atrezia arterei pulmonare B\u0103t\u0103i Boala cardiac\u0103 ischemic\u0103 (CHD) Boala citotoxic\u0103 Canalul atrioventricular Celula gigant arteritic\u0103 Canalul arterial deschis (OAP) Cardiomiopatia Cardioscleroza Coarcta\u021bia aortei Crizele vasculare Defectul septului interventricular (DMVD) Defec\u021biunea septal\u0103 atrial\u0103 [&hellip;]","og_url":"https:\/\/sanatate.md\/ro\/boli-si-tratament\/boli-ale-inimii-si-ale-vaselor-de-sange\/","og_site_name":"Sanatate.md","article_modified_time":"2018-10-02T14:31:18+00:00","twitter_card":"summary_large_image","twitter_misc":{"Timp estimat pentru citire":"1 minut"},"schema":{"@context":"https:\/\/schema.org","@graph":[{"@type":"WebPage","@id":"https:\/\/sanatate.md\/ro\/boli-si-tratament\/boli-ale-inimii-si-ale-vaselor-de-sange\/","url":"https:\/\/sanatate.md\/ro\/boli-si-tratament\/boli-ale-inimii-si-ale-vaselor-de-sange\/","name":"Boli ale inimii \u0219i ale vaselor de s\u00e2nge | Sanatate.md","isPartOf":{"@id":"https:\/\/sanatate.md\/ro\/#website"},"datePublished":"2018-02-20T15:44:17+00:00","dateModified":"2018-10-02T14:31:18+00:00","breadcrumb":{"@id":"https:\/\/sanatate.md\/ro\/boli-si-tratament\/boli-ale-inimii-si-ale-vaselor-de-sange\/#breadcrumb"},"inLanguage":"ro-RO","potentialAction":[{"@type":"ReadAction","target":["https:\/\/sanatate.md\/ro\/boli-si-tratament\/boli-ale-inimii-si-ale-vaselor-de-sange\/"]}]},{"@type":"BreadcrumbList","@id":"https:\/\/sanatate.md\/ro\/boli-si-tratament\/boli-ale-inimii-si-ale-vaselor-de-sange\/#breadcrumb","itemListElement":[{"@type":"ListItem","position":1,"name":"\u0413\u043b\u0430\u0432\u043d\u0430\u044f \u0441\u0442\u0440\u0430\u043d\u0438\u0446\u0430","item":"https:\/\/sanatate.md\/ro\/"},{"@type":"ListItem","position":2,"name":"Boli si tratament","item":"https:\/\/sanatate.md\/ro\/boli-si-tratament\/"},{"@type":"ListItem","position":3,"name":"Boli ale inimii \u0219i ale vaselor de s\u00e2nge"}]},{"@type":"WebSite","@id":"https:\/\/sanatate.md\/ro\/#website","url":"https:\/\/sanatate.md\/ro\/","name":"Sanatate.md","description":"\u0416\u0443\u0440\u043d\u0430\u043b \u0434\u043b\u044f \u0432\u0441\u0435\u0439 \u0441\u0435\u043c\u044c\u0438 \u0432 \u041c\u043e\u043b\u0434\u043e\u0432\u0435","publisher":{"@id":"https:\/\/sanatate.md\/ro\/#organization"},"potentialAction":[{"@type":"SearchAction","target":{"@type":"EntryPoint","urlTemplate":"https:\/\/sanatate.md\/ro\/?s={search_term_string}"},"query-input":{"@type":"PropertyValueSpecification","valueRequired":true,"valueName":"search_term_string"}}],"inLanguage":"ro-RO"},{"@type":"Organization","@id":"https:\/\/sanatate.md\/ro\/#organization","name":"SANATATE","url":"https:\/\/sanatate.md\/ro\/","logo":{"@type":"ImageObject","inLanguage":"ro-RO","@id":"https:\/\/sanatate.md\/ro\/#\/schema\/logo\/image\/","url":"https:\/\/sanatate.md\/wp-content\/uploads\/2022\/01\/sanatate-logo.svg","contentUrl":"https:\/\/sanatate.md\/wp-content\/uploads\/2022\/01\/sanatate-logo.svg","width":"1024","height":"1024","caption":"SANATATE"},"image":{"@id":"https:\/\/sanatate.md\/ro\/#\/schema\/logo\/image\/"}}]}},"_links":{"self":[{"href":"https:\/\/sanatate.md\/ro\/wp-json\/wp\/v2\/pages\/53002","targetHints":{"allow":["GET"]}}],"collection":[{"href":"https:\/\/sanatate.md\/ro\/wp-json\/wp\/v2\/pages"}],"about":[{"href":"https:\/\/sanatate.md\/ro\/wp-json\/wp\/v2\/types\/page"}],"author":[{"embeddable":true,"href":"https:\/\/sanatate.md\/ro\/wp-json\/wp\/v2\/users\/28"}],"replies":[{"embeddable":true,"href":"https:\/\/sanatate.md\/ro\/wp-json\/wp\/v2\/comments?post=53002"}],"version-history":[{"count":0,"href":"https:\/\/sanatate.md\/ro\/wp-json\/wp\/v2\/pages\/53002\/revisions"}],"up":[{"embeddable":true,"href":"https:\/\/sanatate.md\/ro\/wp-json\/wp\/v2\/pages\/38214"}],"wp:attachment":[{"href":"https:\/\/sanatate.md\/ro\/wp-json\/wp\/v2\/media?parent=53002"}],"curies":[{"name":"wp","href":"https:\/\/api.w.org\/{rel}","templated":true}]}}