{"id":53017,"date":"2018-02-21T11:20:52","date_gmt":"2018-02-21T08:20:52","guid":{"rendered":"https:\/\/sanatate.md\/?page_id=53017"},"modified":"2018-03-02T18:00:49","modified_gmt":"2018-03-02T15:00:49","slug":"conditii-de-urgenta","status":"publish","type":"page","link":"https:\/\/sanatate.md\/ro\/boli-si-tratament\/conditii-de-urgenta\/","title":{"rendered":"Condi\u021bii de urgen\u021b\u0103"},"content":{"rendered":"<p>Accidentul vascular cerebral<br \/>\nAccidentul vascular cerebral ischemic<br \/>\nAlimentele otr\u0103vitoare<br \/>\nApendicita<br \/>\nArsurile<br \/>\nAsfixia f\u0103tului \u0219i a nou-n\u0103scutului<br \/>\nBoala de decompresie<br \/>\nColapsul<br \/>\nComa diabetic\u0103<br \/>\nComa hepatic\u0103<br \/>\nDeger\u0103tura<br \/>\nEpilepsia<br \/>\nInfarctul miocardic<br \/>\nInsola\u0163ia<br \/>\nInsultul<br \/>\n\u00cenecul<br \/>\nLeziunile organelor genitale feminine<br \/>\nLeziunile organele genitale masculine<br \/>\nMoartea subit\u0103<br \/>\nMu\u0219c\u0103turi de animale, insecte, \u0219erpi<br \/>\nSindromul DIC<br \/>\nSuprar\u0103cirea<br \/>\n\u015eocul<br \/>\n\u0218ocul electric (electrocutarea)<br \/>\nTensiunea ligamentelor<br \/>\nTrauma t\u0103lpii<\/p>\n","protected":false},"excerpt":{"rendered":"<p>Accidentul vascular cerebral Accidentul vascular cerebral ischemic Alimentele otr\u0103vitoare Apendicita Arsurile Asfixia f\u0103tului \u0219i a nou-n\u0103scutului Boala de decompresie Colapsul Coma diabetic\u0103 Coma hepatic\u0103 Deger\u0103tura Epilepsia Infarctul miocardic Insola\u0163ia Insultul \u00cenecul Leziunile organelor genitale feminine Leziunile organele genitale masculine Moartea subit\u0103 Mu\u0219c\u0103turi de animale, insecte, \u0219erpi Sindromul DIC Suprar\u0103cirea \u015eocul \u0218ocul electric (electrocutarea) Tensiunea ligamentelor [&hellip;]<\/p>\n","protected":false},"author":28,"featured_media":0,"parent":38214,"menu_order":23,"comment_status":"closed","ping_status":"closed","template":"","meta":{"inline_featured_image":false,"footnotes":""},"class_list":["post-53017","page","type-page","status-publish"],"yoast_head":"<!-- This site is optimized with the Yoast SEO plugin v27.3 - https:\/\/yoast.com\/product\/yoast-seo-wordpress\/ -->\n<title>Condi\u021bii de urgen\u021b\u0103 | Sanatate.md<\/title>\n<meta name=\"robots\" content=\"index, follow, max-snippet:-1, max-image-preview:large, max-video-preview:-1\" \/>\n<link rel=\"canonical\" href=\"https:\/\/sanatate.md\/ro\/boli-si-tratament\/conditii-de-urgenta\/\" \/>\n<meta property=\"og:locale\" content=\"ro_RO\" \/>\n<meta property=\"og:type\" content=\"article\" \/>\n<meta property=\"og:title\" content=\"Condi\u021bii de urgen\u021b\u0103 | Sanatate.md\" \/>\n<meta property=\"og:description\" content=\"Accidentul vascular cerebral Accidentul vascular cerebral ischemic Alimentele otr\u0103vitoare Apendicita Arsurile Asfixia f\u0103tului \u0219i a nou-n\u0103scutului Boala de decompresie Colapsul Coma diabetic\u0103 Coma hepatic\u0103 Deger\u0103tura Epilepsia Infarctul miocardic Insola\u0163ia Insultul \u00cenecul Leziunile organelor genitale feminine Leziunile organele genitale masculine Moartea subit\u0103 Mu\u0219c\u0103turi de animale, insecte, \u0219erpi Sindromul DIC Suprar\u0103cirea \u015eocul \u0218ocul electric (electrocutarea) Tensiunea ligamentelor [&hellip;]\" \/>\n<meta property=\"og:url\" content=\"https:\/\/sanatate.md\/ro\/boli-si-tratament\/conditii-de-urgenta\/\" \/>\n<meta property=\"og:site_name\" content=\"Sanatate.md\" \/>\n<meta property=\"article:modified_time\" content=\"2018-03-02T15:00:49+00:00\" \/>\n<meta name=\"twitter:card\" content=\"summary_large_image\" \/>\n<script type=\"application\/ld+json\" class=\"yoast-schema-graph\">{\"@context\":\"https:\\\/\\\/schema.org\",\"@graph\":[{\"@type\":\"WebPage\",\"@id\":\"https:\\\/\\\/sanatate.md\\\/ro\\\/boli-si-tratament\\\/conditii-de-urgenta\\\/\",\"url\":\"https:\\\/\\\/sanatate.md\\\/ro\\\/boli-si-tratament\\\/conditii-de-urgenta\\\/\",\"name\":\"Condi\u021bii de urgen\u021b\u0103 | Sanatate.md\",\"isPartOf\":{\"@id\":\"https:\\\/\\\/sanatate.md\\\/ro\\\/#website\"},\"datePublished\":\"2018-02-21T08:20:52+00:00\",\"dateModified\":\"2018-03-02T15:00:49+00:00\",\"breadcrumb\":{\"@id\":\"https:\\\/\\\/sanatate.md\\\/ro\\\/boli-si-tratament\\\/conditii-de-urgenta\\\/#breadcrumb\"},\"inLanguage\":\"ro-RO\",\"potentialAction\":[{\"@type\":\"ReadAction\",\"target\":[\"https:\\\/\\\/sanatate.md\\\/ro\\\/boli-si-tratament\\\/conditii-de-urgenta\\\/\"]}]},{\"@type\":\"BreadcrumbList\",\"@id\":\"https:\\\/\\\/sanatate.md\\\/ro\\\/boli-si-tratament\\\/conditii-de-urgenta\\\/#breadcrumb\",\"itemListElement\":[{\"@type\":\"ListItem\",\"position\":1,\"name\":\"\u0413\u043b\u0430\u0432\u043d\u0430\u044f \u0441\u0442\u0440\u0430\u043d\u0438\u0446\u0430\",\"item\":\"https:\\\/\\\/sanatate.md\\\/ro\\\/\"},{\"@type\":\"ListItem\",\"position\":2,\"name\":\"Boli si tratament\",\"item\":\"https:\\\/\\\/sanatate.md\\\/ro\\\/boli-si-tratament\\\/\"},{\"@type\":\"ListItem\",\"position\":3,\"name\":\"Condi\u021bii de urgen\u021b\u0103\"}]},{\"@type\":\"WebSite\",\"@id\":\"https:\\\/\\\/sanatate.md\\\/ro\\\/#website\",\"url\":\"https:\\\/\\\/sanatate.md\\\/ro\\\/\",\"name\":\"Sanatate.md\",\"description\":\"\u0416\u0443\u0440\u043d\u0430\u043b \u0434\u043b\u044f \u0432\u0441\u0435\u0439 \u0441\u0435\u043c\u044c\u0438 \u0432 \u041c\u043e\u043b\u0434\u043e\u0432\u0435\",\"publisher\":{\"@id\":\"https:\\\/\\\/sanatate.md\\\/ro\\\/#organization\"},\"potentialAction\":[{\"@type\":\"SearchAction\",\"target\":{\"@type\":\"EntryPoint\",\"urlTemplate\":\"https:\\\/\\\/sanatate.md\\\/ro\\\/?s={search_term_string}\"},\"query-input\":{\"@type\":\"PropertyValueSpecification\",\"valueRequired\":true,\"valueName\":\"search_term_string\"}}],\"inLanguage\":\"ro-RO\"},{\"@type\":\"Organization\",\"@id\":\"https:\\\/\\\/sanatate.md\\\/ro\\\/#organization\",\"name\":\"SANATATE\",\"url\":\"https:\\\/\\\/sanatate.md\\\/ro\\\/\",\"logo\":{\"@type\":\"ImageObject\",\"inLanguage\":\"ro-RO\",\"@id\":\"https:\\\/\\\/sanatate.md\\\/ro\\\/#\\\/schema\\\/logo\\\/image\\\/\",\"url\":\"https:\\\/\\\/sanatate.md\\\/wp-content\\\/uploads\\\/2022\\\/01\\\/sanatate-logo.svg\",\"contentUrl\":\"https:\\\/\\\/sanatate.md\\\/wp-content\\\/uploads\\\/2022\\\/01\\\/sanatate-logo.svg\",\"width\":\"1024\",\"height\":\"1024\",\"caption\":\"SANATATE\"},\"image\":{\"@id\":\"https:\\\/\\\/sanatate.md\\\/ro\\\/#\\\/schema\\\/logo\\\/image\\\/\"}}]}<\/script>\n<!-- \/ Yoast SEO plugin. -->","yoast_head_json":{"title":"Condi\u021bii de urgen\u021b\u0103 | Sanatate.md","robots":{"index":"index","follow":"follow","max-snippet":"max-snippet:-1","max-image-preview":"max-image-preview:large","max-video-preview":"max-video-preview:-1"},"canonical":"https:\/\/sanatate.md\/ro\/boli-si-tratament\/conditii-de-urgenta\/","og_locale":"ro_RO","og_type":"article","og_title":"Condi\u021bii de urgen\u021b\u0103 | Sanatate.md","og_description":"Accidentul vascular cerebral Accidentul vascular cerebral ischemic Alimentele otr\u0103vitoare Apendicita Arsurile Asfixia f\u0103tului \u0219i a nou-n\u0103scutului Boala de decompresie Colapsul Coma diabetic\u0103 Coma hepatic\u0103 Deger\u0103tura Epilepsia Infarctul miocardic Insola\u0163ia Insultul \u00cenecul Leziunile organelor genitale feminine Leziunile organele genitale masculine Moartea subit\u0103 Mu\u0219c\u0103turi de animale, insecte, \u0219erpi Sindromul DIC Suprar\u0103cirea \u015eocul \u0218ocul electric (electrocutarea) Tensiunea ligamentelor [&hellip;]","og_url":"https:\/\/sanatate.md\/ro\/boli-si-tratament\/conditii-de-urgenta\/","og_site_name":"Sanatate.md","article_modified_time":"2018-03-02T15:00:49+00:00","twitter_card":"summary_large_image","schema":{"@context":"https:\/\/schema.org","@graph":[{"@type":"WebPage","@id":"https:\/\/sanatate.md\/ro\/boli-si-tratament\/conditii-de-urgenta\/","url":"https:\/\/sanatate.md\/ro\/boli-si-tratament\/conditii-de-urgenta\/","name":"Condi\u021bii de urgen\u021b\u0103 | Sanatate.md","isPartOf":{"@id":"https:\/\/sanatate.md\/ro\/#website"},"datePublished":"2018-02-21T08:20:52+00:00","dateModified":"2018-03-02T15:00:49+00:00","breadcrumb":{"@id":"https:\/\/sanatate.md\/ro\/boli-si-tratament\/conditii-de-urgenta\/#breadcrumb"},"inLanguage":"ro-RO","potentialAction":[{"@type":"ReadAction","target":["https:\/\/sanatate.md\/ro\/boli-si-tratament\/conditii-de-urgenta\/"]}]},{"@type":"BreadcrumbList","@id":"https:\/\/sanatate.md\/ro\/boli-si-tratament\/conditii-de-urgenta\/#breadcrumb","itemListElement":[{"@type":"ListItem","position":1,"name":"\u0413\u043b\u0430\u0432\u043d\u0430\u044f \u0441\u0442\u0440\u0430\u043d\u0438\u0446\u0430","item":"https:\/\/sanatate.md\/ro\/"},{"@type":"ListItem","position":2,"name":"Boli si tratament","item":"https:\/\/sanatate.md\/ro\/boli-si-tratament\/"},{"@type":"ListItem","position":3,"name":"Condi\u021bii de urgen\u021b\u0103"}]},{"@type":"WebSite","@id":"https:\/\/sanatate.md\/ro\/#website","url":"https:\/\/sanatate.md\/ro\/","name":"Sanatate.md","description":"\u0416\u0443\u0440\u043d\u0430\u043b \u0434\u043b\u044f \u0432\u0441\u0435\u0439 \u0441\u0435\u043c\u044c\u0438 \u0432 \u041c\u043e\u043b\u0434\u043e\u0432\u0435","publisher":{"@id":"https:\/\/sanatate.md\/ro\/#organization"},"potentialAction":[{"@type":"SearchAction","target":{"@type":"EntryPoint","urlTemplate":"https:\/\/sanatate.md\/ro\/?s={search_term_string}"},"query-input":{"@type":"PropertyValueSpecification","valueRequired":true,"valueName":"search_term_string"}}],"inLanguage":"ro-RO"},{"@type":"Organization","@id":"https:\/\/sanatate.md\/ro\/#organization","name":"SANATATE","url":"https:\/\/sanatate.md\/ro\/","logo":{"@type":"ImageObject","inLanguage":"ro-RO","@id":"https:\/\/sanatate.md\/ro\/#\/schema\/logo\/image\/","url":"https:\/\/sanatate.md\/wp-content\/uploads\/2022\/01\/sanatate-logo.svg","contentUrl":"https:\/\/sanatate.md\/wp-content\/uploads\/2022\/01\/sanatate-logo.svg","width":"1024","height":"1024","caption":"SANATATE"},"image":{"@id":"https:\/\/sanatate.md\/ro\/#\/schema\/logo\/image\/"}}]}},"_links":{"self":[{"href":"https:\/\/sanatate.md\/ro\/wp-json\/wp\/v2\/pages\/53017","targetHints":{"allow":["GET"]}}],"collection":[{"href":"https:\/\/sanatate.md\/ro\/wp-json\/wp\/v2\/pages"}],"about":[{"href":"https:\/\/sanatate.md\/ro\/wp-json\/wp\/v2\/types\/page"}],"author":[{"embeddable":true,"href":"https:\/\/sanatate.md\/ro\/wp-json\/wp\/v2\/users\/28"}],"replies":[{"embeddable":true,"href":"https:\/\/sanatate.md\/ro\/wp-json\/wp\/v2\/comments?post=53017"}],"version-history":[{"count":0,"href":"https:\/\/sanatate.md\/ro\/wp-json\/wp\/v2\/pages\/53017\/revisions"}],"up":[{"embeddable":true,"href":"https:\/\/sanatate.md\/ro\/wp-json\/wp\/v2\/pages\/38214"}],"wp:attachment":[{"href":"https:\/\/sanatate.md\/ro\/wp-json\/wp\/v2\/media?parent=53017"}],"curies":[{"name":"wp","href":"https:\/\/api.w.org\/{rel}","templated":true}]}}