{"id":53020,"date":"2018-02-21T11:22:21","date_gmt":"2018-02-21T08:22:21","guid":{"rendered":"https:\/\/sanatate.md\/?page_id=53020"},"modified":"2020-03-25T11:39:49","modified_gmt":"2020-03-25T08:39:49","slug":"boli-comune","status":"publish","type":"page","link":"https:\/\/sanatate.md\/ro\/boli-si-tratament\/boli-comune\/","title":{"rendered":"Boli comune"},"content":{"rendered":"<p>Alcaloza<br \/>\nAluni\u0163ele<br \/>\nAlveococcosis<br \/>\nAnchilostomidoza<br \/>\n<a href=\"https:\/\/sanatate.md\/ro\/boli-si-tratament\/boli-comune\/anemia-anemie\/\">Anemia (anemie)<\/a><br \/>\nAnemia deficitului de fier (IDA)<br \/>\nAnemia folideficient\u0103<br \/>\nAscaridoza (ascaride, viermi)<br \/>\nAtrofia mu\u0219chilor<br \/>\nAvitaminoza<br \/>\nBoala Chagas (tripanosomioza american\u0103)<br \/>\nBoala de munte<br \/>\nBoala lui Behcet<br \/>\nBoala lui Burneville<br \/>\nBoala lui Gaucher<br \/>\nBoala lui Ghippel &#8211; Lindau<br \/>\nBoala lui Rundiu-Weber-Osler<br \/>\nBoala lui Von Willebrand<br \/>\nBoala marin\u0103<br \/>\nConstipa\u021bia<br \/>\nCisticercozele<br \/>\nDeficitul de vitamine<br \/>\nDegetele de tambur<br \/>\nDisbacterioza intestinului<br \/>\nDracunculiasis<br \/>\nDurere de g\u00e2t<br \/>\nFasciolasis<br \/>\nFasciolopsiasis<br \/>\nFilariasis (filariasis)<br \/>\nFilariatoza limfatic\u0103<br \/>\nFrambezia<br \/>\nGastrita<br \/>\nGrip\u0103<br \/>\nHelmintoza<br \/>\nHemofilia<br \/>\nHipertensiunea<br \/>\nIncompatibilitate farmacologic\u0103<br \/>\nInsomnie<br \/>\nInsuficien\u021ba vitaminei A<br \/>\nInsuficien\u021ba vitaminei B1 (tiamin\u0103)<br \/>\nInsuficien\u021ba vitaminei B2 (riboflavin\u0103)<br \/>\nInsuficien\u021ba vitaminei B3, PP<br \/>\nInsuficien\u021ba vitaminei B6 (piridoxin\u0103)<br \/>\nInsuficien\u021ba vitaminei C<br \/>\nLoaoz (tumora Calabar)<br \/>\nMeningita streptococic\u0103<br \/>\nMigrenele (durerile de cap)<br \/>\nNanofietoza<br \/>\nRadia\u021bia acut\u0103<br \/>\nRadia\u021bia cronic\u0103<br \/>\nRinita<br \/>\n<a href=\"https:\/\/sanatate.md\/ro\/boli-si-tratament\/boli-comune\/sideroza\/\">Sideroza<\/a><br \/>\nSindromul Down<br \/>\nSindromul lui Bloom<br \/>\nSindromul \u015eegren<br \/>\nSinuzita (sinuzit\u0103, frontalit\u0103, etmoidit\u0103, sfenoidit\u0103)<br \/>\nSparganosis<br \/>\nSporotricoza<br \/>\nTalasemia<br \/>\nTeniarinhoza<br \/>\nTeniasis<br \/>\nTenosinovita<br \/>\nTrichineloza<br \/>\nTrichocephalus (trichurosis)<br \/>\nTrihostrongiloidoza<br \/>\nTungiaza<br \/>\nUmfl\u0103turile<\/p>\n","protected":false},"excerpt":{"rendered":"<p>Alcaloza Aluni\u0163ele Alveococcosis Anchilostomidoza Anemia (anemie) Anemia deficitului de fier (IDA) Anemia folideficient\u0103 Ascaridoza (ascaride, viermi) Atrofia mu\u0219chilor Avitaminoza Boala Chagas (tripanosomioza american\u0103) Boala de munte Boala lui Behcet Boala lui Burneville Boala lui Gaucher Boala lui Ghippel &#8211; Lindau Boala lui Rundiu-Weber-Osler Boala lui Von Willebrand Boala marin\u0103 Constipa\u021bia Cisticercozele Deficitul de vitamine Degetele [&hellip;]<\/p>\n","protected":false},"author":28,"featured_media":0,"parent":38214,"menu_order":24,"comment_status":"closed","ping_status":"closed","template":"","meta":{"inline_featured_image":false,"footnotes":""},"class_list":["post-53020","page","type-page","status-publish"],"yoast_head":"<!-- This site is optimized with the Yoast SEO plugin v27.3 - https:\/\/yoast.com\/product\/yoast-seo-wordpress\/ -->\n<title>Boli comune | Sanatate.md<\/title>\n<meta name=\"robots\" content=\"index, follow, max-snippet:-1, max-image-preview:large, max-video-preview:-1\" \/>\n<link rel=\"canonical\" href=\"https:\/\/sanatate.md\/ro\/boli-si-tratament\/boli-comune\/\" \/>\n<meta property=\"og:locale\" content=\"ro_RO\" \/>\n<meta property=\"og:type\" content=\"article\" \/>\n<meta property=\"og:title\" content=\"Boli comune | Sanatate.md\" \/>\n<meta property=\"og:description\" content=\"Alcaloza Aluni\u0163ele Alveococcosis Anchilostomidoza Anemia (anemie) Anemia deficitului de fier (IDA) Anemia folideficient\u0103 Ascaridoza (ascaride, viermi) Atrofia mu\u0219chilor Avitaminoza Boala Chagas (tripanosomioza american\u0103) Boala de munte Boala lui Behcet Boala lui Burneville Boala lui Gaucher Boala lui Ghippel &#8211; Lindau Boala lui Rundiu-Weber-Osler Boala lui Von Willebrand Boala marin\u0103 Constipa\u021bia Cisticercozele Deficitul de vitamine Degetele [&hellip;]\" \/>\n<meta property=\"og:url\" content=\"https:\/\/sanatate.md\/ro\/boli-si-tratament\/boli-comune\/\" \/>\n<meta property=\"og:site_name\" content=\"Sanatate.md\" \/>\n<meta property=\"article:modified_time\" content=\"2020-03-25T08:39:49+00:00\" \/>\n<meta name=\"twitter:card\" content=\"summary_large_image\" \/>\n<meta name=\"twitter:label1\" content=\"Timp estimat pentru citire\" \/>\n\t<meta name=\"twitter:data1\" content=\"1 minut\" \/>\n<script type=\"application\/ld+json\" class=\"yoast-schema-graph\">{\"@context\":\"https:\\\/\\\/schema.org\",\"@graph\":[{\"@type\":\"WebPage\",\"@id\":\"https:\\\/\\\/sanatate.md\\\/ro\\\/boli-si-tratament\\\/boli-comune\\\/\",\"url\":\"https:\\\/\\\/sanatate.md\\\/ro\\\/boli-si-tratament\\\/boli-comune\\\/\",\"name\":\"Boli comune | Sanatate.md\",\"isPartOf\":{\"@id\":\"https:\\\/\\\/sanatate.md\\\/ro\\\/#website\"},\"datePublished\":\"2018-02-21T08:22:21+00:00\",\"dateModified\":\"2020-03-25T08:39:49+00:00\",\"breadcrumb\":{\"@id\":\"https:\\\/\\\/sanatate.md\\\/ro\\\/boli-si-tratament\\\/boli-comune\\\/#breadcrumb\"},\"inLanguage\":\"ro-RO\",\"potentialAction\":[{\"@type\":\"ReadAction\",\"target\":[\"https:\\\/\\\/sanatate.md\\\/ro\\\/boli-si-tratament\\\/boli-comune\\\/\"]}]},{\"@type\":\"BreadcrumbList\",\"@id\":\"https:\\\/\\\/sanatate.md\\\/ro\\\/boli-si-tratament\\\/boli-comune\\\/#breadcrumb\",\"itemListElement\":[{\"@type\":\"ListItem\",\"position\":1,\"name\":\"\u0413\u043b\u0430\u0432\u043d\u0430\u044f \u0441\u0442\u0440\u0430\u043d\u0438\u0446\u0430\",\"item\":\"https:\\\/\\\/sanatate.md\\\/ro\\\/\"},{\"@type\":\"ListItem\",\"position\":2,\"name\":\"Boli si tratament\",\"item\":\"https:\\\/\\\/sanatate.md\\\/ro\\\/boli-si-tratament\\\/\"},{\"@type\":\"ListItem\",\"position\":3,\"name\":\"Boli comune\"}]},{\"@type\":\"WebSite\",\"@id\":\"https:\\\/\\\/sanatate.md\\\/ro\\\/#website\",\"url\":\"https:\\\/\\\/sanatate.md\\\/ro\\\/\",\"name\":\"Sanatate.md\",\"description\":\"\u0416\u0443\u0440\u043d\u0430\u043b \u0434\u043b\u044f \u0432\u0441\u0435\u0439 \u0441\u0435\u043c\u044c\u0438 \u0432 \u041c\u043e\u043b\u0434\u043e\u0432\u0435\",\"publisher\":{\"@id\":\"https:\\\/\\\/sanatate.md\\\/ro\\\/#organization\"},\"potentialAction\":[{\"@type\":\"SearchAction\",\"target\":{\"@type\":\"EntryPoint\",\"urlTemplate\":\"https:\\\/\\\/sanatate.md\\\/ro\\\/?s={search_term_string}\"},\"query-input\":{\"@type\":\"PropertyValueSpecification\",\"valueRequired\":true,\"valueName\":\"search_term_string\"}}],\"inLanguage\":\"ro-RO\"},{\"@type\":\"Organization\",\"@id\":\"https:\\\/\\\/sanatate.md\\\/ro\\\/#organization\",\"name\":\"SANATATE\",\"url\":\"https:\\\/\\\/sanatate.md\\\/ro\\\/\",\"logo\":{\"@type\":\"ImageObject\",\"inLanguage\":\"ro-RO\",\"@id\":\"https:\\\/\\\/sanatate.md\\\/ro\\\/#\\\/schema\\\/logo\\\/image\\\/\",\"url\":\"https:\\\/\\\/sanatate.md\\\/wp-content\\\/uploads\\\/2022\\\/01\\\/sanatate-logo.svg\",\"contentUrl\":\"https:\\\/\\\/sanatate.md\\\/wp-content\\\/uploads\\\/2022\\\/01\\\/sanatate-logo.svg\",\"width\":\"1024\",\"height\":\"1024\",\"caption\":\"SANATATE\"},\"image\":{\"@id\":\"https:\\\/\\\/sanatate.md\\\/ro\\\/#\\\/schema\\\/logo\\\/image\\\/\"}}]}<\/script>\n<!-- \/ Yoast SEO plugin. -->","yoast_head_json":{"title":"Boli comune | Sanatate.md","robots":{"index":"index","follow":"follow","max-snippet":"max-snippet:-1","max-image-preview":"max-image-preview:large","max-video-preview":"max-video-preview:-1"},"canonical":"https:\/\/sanatate.md\/ro\/boli-si-tratament\/boli-comune\/","og_locale":"ro_RO","og_type":"article","og_title":"Boli comune | Sanatate.md","og_description":"Alcaloza Aluni\u0163ele Alveococcosis Anchilostomidoza Anemia (anemie) Anemia deficitului de fier (IDA) Anemia folideficient\u0103 Ascaridoza (ascaride, viermi) Atrofia mu\u0219chilor Avitaminoza Boala Chagas (tripanosomioza american\u0103) Boala de munte Boala lui Behcet Boala lui Burneville Boala lui Gaucher Boala lui Ghippel &#8211; Lindau Boala lui Rundiu-Weber-Osler Boala lui Von Willebrand Boala marin\u0103 Constipa\u021bia Cisticercozele Deficitul de vitamine Degetele [&hellip;]","og_url":"https:\/\/sanatate.md\/ro\/boli-si-tratament\/boli-comune\/","og_site_name":"Sanatate.md","article_modified_time":"2020-03-25T08:39:49+00:00","twitter_card":"summary_large_image","twitter_misc":{"Timp estimat pentru citire":"1 minut"},"schema":{"@context":"https:\/\/schema.org","@graph":[{"@type":"WebPage","@id":"https:\/\/sanatate.md\/ro\/boli-si-tratament\/boli-comune\/","url":"https:\/\/sanatate.md\/ro\/boli-si-tratament\/boli-comune\/","name":"Boli comune | Sanatate.md","isPartOf":{"@id":"https:\/\/sanatate.md\/ro\/#website"},"datePublished":"2018-02-21T08:22:21+00:00","dateModified":"2020-03-25T08:39:49+00:00","breadcrumb":{"@id":"https:\/\/sanatate.md\/ro\/boli-si-tratament\/boli-comune\/#breadcrumb"},"inLanguage":"ro-RO","potentialAction":[{"@type":"ReadAction","target":["https:\/\/sanatate.md\/ro\/boli-si-tratament\/boli-comune\/"]}]},{"@type":"BreadcrumbList","@id":"https:\/\/sanatate.md\/ro\/boli-si-tratament\/boli-comune\/#breadcrumb","itemListElement":[{"@type":"ListItem","position":1,"name":"\u0413\u043b\u0430\u0432\u043d\u0430\u044f \u0441\u0442\u0440\u0430\u043d\u0438\u0446\u0430","item":"https:\/\/sanatate.md\/ro\/"},{"@type":"ListItem","position":2,"name":"Boli si tratament","item":"https:\/\/sanatate.md\/ro\/boli-si-tratament\/"},{"@type":"ListItem","position":3,"name":"Boli comune"}]},{"@type":"WebSite","@id":"https:\/\/sanatate.md\/ro\/#website","url":"https:\/\/sanatate.md\/ro\/","name":"Sanatate.md","description":"\u0416\u0443\u0440\u043d\u0430\u043b \u0434\u043b\u044f \u0432\u0441\u0435\u0439 \u0441\u0435\u043c\u044c\u0438 \u0432 \u041c\u043e\u043b\u0434\u043e\u0432\u0435","publisher":{"@id":"https:\/\/sanatate.md\/ro\/#organization"},"potentialAction":[{"@type":"SearchAction","target":{"@type":"EntryPoint","urlTemplate":"https:\/\/sanatate.md\/ro\/?s={search_term_string}"},"query-input":{"@type":"PropertyValueSpecification","valueRequired":true,"valueName":"search_term_string"}}],"inLanguage":"ro-RO"},{"@type":"Organization","@id":"https:\/\/sanatate.md\/ro\/#organization","name":"SANATATE","url":"https:\/\/sanatate.md\/ro\/","logo":{"@type":"ImageObject","inLanguage":"ro-RO","@id":"https:\/\/sanatate.md\/ro\/#\/schema\/logo\/image\/","url":"https:\/\/sanatate.md\/wp-content\/uploads\/2022\/01\/sanatate-logo.svg","contentUrl":"https:\/\/sanatate.md\/wp-content\/uploads\/2022\/01\/sanatate-logo.svg","width":"1024","height":"1024","caption":"SANATATE"},"image":{"@id":"https:\/\/sanatate.md\/ro\/#\/schema\/logo\/image\/"}}]}},"_links":{"self":[{"href":"https:\/\/sanatate.md\/ro\/wp-json\/wp\/v2\/pages\/53020","targetHints":{"allow":["GET"]}}],"collection":[{"href":"https:\/\/sanatate.md\/ro\/wp-json\/wp\/v2\/pages"}],"about":[{"href":"https:\/\/sanatate.md\/ro\/wp-json\/wp\/v2\/types\/page"}],"author":[{"embeddable":true,"href":"https:\/\/sanatate.md\/ro\/wp-json\/wp\/v2\/users\/28"}],"replies":[{"embeddable":true,"href":"https:\/\/sanatate.md\/ro\/wp-json\/wp\/v2\/comments?post=53020"}],"version-history":[{"count":0,"href":"https:\/\/sanatate.md\/ro\/wp-json\/wp\/v2\/pages\/53020\/revisions"}],"up":[{"embeddable":true,"href":"https:\/\/sanatate.md\/ro\/wp-json\/wp\/v2\/pages\/38214"}],"wp:attachment":[{"href":"https:\/\/sanatate.md\/ro\/wp-json\/wp\/v2\/media?parent=53020"}],"curies":[{"name":"wp","href":"https:\/\/api.w.org\/{rel}","templated":true}]}}