{"id":53026,"date":"2018-02-21T11:26:03","date_gmt":"2018-02-21T08:26:03","guid":{"rendered":"https:\/\/sanatate.md\/?page_id=53026"},"modified":"2018-09-27T14:32:29","modified_gmt":"2018-09-27T11:32:29","slug":"afectiuni-psihice","status":"publish","type":"page","link":"https:\/\/sanatate.md\/ro\/boli-si-tratament\/afectiuni-psihice\/","title":{"rendered":"Afec\u021biuni psihice"},"content":{"rendered":"<p>Agorafobia<br \/>\nAnorexia nervoas\u0103<br \/>\nAtacurile de panic\u0103<br \/>\nAutismul<br \/>\nBulimia<br \/>\nComportamentul auto-d\u0103un\u0103tor (patemimie)<br \/>\nComportamentul suicidar<br \/>\nCretinismul<br \/>\nDemen\u021ba<br \/>\nDementa vascular\u0103<br \/>\nDepresiile<br \/>\nDependen\u0163a de jocurile de noroc<br \/>\nFobia<br \/>\nHalucina\u021bii<br \/>\nImbecilitatea<br \/>\nIpohondria<br \/>\nIsteria<br \/>\nNelini\u015ftea<br \/>\n<a href=\"https:\/\/sanatate.md\/ro\/boli-si-tratament\/afectiuni-psihice\/nevroza\/\">Nevroza<\/a><br \/>\nObsesiile<br \/>\nParanoia<br \/>\nPerversiunea sexual\u0103<br \/>\nPierderea identit\u0103\u0163ii<br \/>\nPsihozele<br \/>\nRetarda mintal\u0103 (oligrofrenia)<br \/>\nSenestopatia<br \/>\nSindromul de oboseal\u0103 cronic\u0103<br \/>\nSindromul epuiz\u0103rii emo\u021bionale (CMEA)<br \/>\nSindromul intestinului iritabil<br \/>\n\u015eizofrenia<br \/>\n<a href=\"https:\/\/sanatate.md\/ro\/boli-si-tratament\/afectiuni-psihice\/stresul-si-tulburarile-de-adaptare\/\">Stresul \u0219i tulbur\u0103rile de adaptare<\/a><br \/>\n<a href=\"https:\/\/sanatate.md\/ro\/boli-si-tratament\/afectiuni-psihice\/trichotilomania\/\">Trichotilomania<\/a><br \/>\nTulbur\u0103rile de deprinderi \u015fi gusturi<br \/>\nTulburarea schizoid\u0103<br \/>\nTulburarea chrysotil\u0103<\/p>\n","protected":false},"excerpt":{"rendered":"<p>Agorafobia Anorexia nervoas\u0103 Atacurile de panic\u0103 Autismul Bulimia Comportamentul auto-d\u0103un\u0103tor (patemimie) Comportamentul suicidar Cretinismul Demen\u021ba Dementa vascular\u0103 Depresiile Dependen\u0163a de jocurile de noroc Fobia Halucina\u021bii Imbecilitatea Ipohondria Isteria Nelini\u015ftea Nevroza Obsesiile Paranoia Perversiunea sexual\u0103 Pierderea identit\u0103\u0163ii Psihozele Retarda mintal\u0103 (oligrofrenia) Senestopatia Sindromul de oboseal\u0103 cronic\u0103 Sindromul epuiz\u0103rii emo\u021bionale (CMEA) Sindromul intestinului iritabil \u015eizofrenia Stresul \u0219i [&hellip;]<\/p>\n","protected":false},"author":28,"featured_media":0,"parent":38214,"menu_order":26,"comment_status":"closed","ping_status":"closed","template":"","meta":{"inline_featured_image":false,"footnotes":""},"class_list":["post-53026","page","type-page","status-publish"],"yoast_head":"<!-- This site is optimized with the Yoast SEO plugin v27.3 - https:\/\/yoast.com\/product\/yoast-seo-wordpress\/ -->\n<title>Afec\u021biuni psihice | Sanatate.md<\/title>\n<meta name=\"robots\" content=\"index, follow, max-snippet:-1, max-image-preview:large, max-video-preview:-1\" \/>\n<link rel=\"canonical\" href=\"https:\/\/sanatate.md\/ro\/boli-si-tratament\/afectiuni-psihice\/\" \/>\n<meta property=\"og:locale\" content=\"ro_RO\" \/>\n<meta property=\"og:type\" content=\"article\" \/>\n<meta property=\"og:title\" content=\"Afec\u021biuni psihice | Sanatate.md\" \/>\n<meta property=\"og:description\" content=\"Agorafobia Anorexia nervoas\u0103 Atacurile de panic\u0103 Autismul Bulimia Comportamentul auto-d\u0103un\u0103tor (patemimie) Comportamentul suicidar Cretinismul Demen\u021ba Dementa vascular\u0103 Depresiile Dependen\u0163a de jocurile de noroc Fobia Halucina\u021bii Imbecilitatea Ipohondria Isteria Nelini\u015ftea Nevroza Obsesiile Paranoia Perversiunea sexual\u0103 Pierderea identit\u0103\u0163ii Psihozele Retarda mintal\u0103 (oligrofrenia) Senestopatia Sindromul de oboseal\u0103 cronic\u0103 Sindromul epuiz\u0103rii emo\u021bionale (CMEA) Sindromul intestinului iritabil \u015eizofrenia Stresul \u0219i [&hellip;]\" \/>\n<meta property=\"og:url\" content=\"https:\/\/sanatate.md\/ro\/boli-si-tratament\/afectiuni-psihice\/\" \/>\n<meta property=\"og:site_name\" content=\"Sanatate.md\" \/>\n<meta property=\"article:modified_time\" content=\"2018-09-27T11:32:29+00:00\" \/>\n<meta name=\"twitter:card\" content=\"summary_large_image\" \/>\n<script type=\"application\/ld+json\" class=\"yoast-schema-graph\">{\"@context\":\"https:\\\/\\\/schema.org\",\"@graph\":[{\"@type\":\"WebPage\",\"@id\":\"https:\\\/\\\/sanatate.md\\\/ro\\\/boli-si-tratament\\\/afectiuni-psihice\\\/\",\"url\":\"https:\\\/\\\/sanatate.md\\\/ro\\\/boli-si-tratament\\\/afectiuni-psihice\\\/\",\"name\":\"Afec\u021biuni psihice | Sanatate.md\",\"isPartOf\":{\"@id\":\"https:\\\/\\\/sanatate.md\\\/ro\\\/#website\"},\"datePublished\":\"2018-02-21T08:26:03+00:00\",\"dateModified\":\"2018-09-27T11:32:29+00:00\",\"breadcrumb\":{\"@id\":\"https:\\\/\\\/sanatate.md\\\/ro\\\/boli-si-tratament\\\/afectiuni-psihice\\\/#breadcrumb\"},\"inLanguage\":\"ro-RO\",\"potentialAction\":[{\"@type\":\"ReadAction\",\"target\":[\"https:\\\/\\\/sanatate.md\\\/ro\\\/boli-si-tratament\\\/afectiuni-psihice\\\/\"]}]},{\"@type\":\"BreadcrumbList\",\"@id\":\"https:\\\/\\\/sanatate.md\\\/ro\\\/boli-si-tratament\\\/afectiuni-psihice\\\/#breadcrumb\",\"itemListElement\":[{\"@type\":\"ListItem\",\"position\":1,\"name\":\"\u0413\u043b\u0430\u0432\u043d\u0430\u044f \u0441\u0442\u0440\u0430\u043d\u0438\u0446\u0430\",\"item\":\"https:\\\/\\\/sanatate.md\\\/ro\\\/\"},{\"@type\":\"ListItem\",\"position\":2,\"name\":\"Boli si tratament\",\"item\":\"https:\\\/\\\/sanatate.md\\\/ro\\\/boli-si-tratament\\\/\"},{\"@type\":\"ListItem\",\"position\":3,\"name\":\"Afec\u021biuni psihice\"}]},{\"@type\":\"WebSite\",\"@id\":\"https:\\\/\\\/sanatate.md\\\/ro\\\/#website\",\"url\":\"https:\\\/\\\/sanatate.md\\\/ro\\\/\",\"name\":\"Sanatate.md\",\"description\":\"\u0416\u0443\u0440\u043d\u0430\u043b \u0434\u043b\u044f \u0432\u0441\u0435\u0439 \u0441\u0435\u043c\u044c\u0438 \u0432 \u041c\u043e\u043b\u0434\u043e\u0432\u0435\",\"publisher\":{\"@id\":\"https:\\\/\\\/sanatate.md\\\/ro\\\/#organization\"},\"potentialAction\":[{\"@type\":\"SearchAction\",\"target\":{\"@type\":\"EntryPoint\",\"urlTemplate\":\"https:\\\/\\\/sanatate.md\\\/ro\\\/?s={search_term_string}\"},\"query-input\":{\"@type\":\"PropertyValueSpecification\",\"valueRequired\":true,\"valueName\":\"search_term_string\"}}],\"inLanguage\":\"ro-RO\"},{\"@type\":\"Organization\",\"@id\":\"https:\\\/\\\/sanatate.md\\\/ro\\\/#organization\",\"name\":\"SANATATE\",\"url\":\"https:\\\/\\\/sanatate.md\\\/ro\\\/\",\"logo\":{\"@type\":\"ImageObject\",\"inLanguage\":\"ro-RO\",\"@id\":\"https:\\\/\\\/sanatate.md\\\/ro\\\/#\\\/schema\\\/logo\\\/image\\\/\",\"url\":\"https:\\\/\\\/sanatate.md\\\/wp-content\\\/uploads\\\/2022\\\/01\\\/sanatate-logo.svg\",\"contentUrl\":\"https:\\\/\\\/sanatate.md\\\/wp-content\\\/uploads\\\/2022\\\/01\\\/sanatate-logo.svg\",\"width\":\"1024\",\"height\":\"1024\",\"caption\":\"SANATATE\"},\"image\":{\"@id\":\"https:\\\/\\\/sanatate.md\\\/ro\\\/#\\\/schema\\\/logo\\\/image\\\/\"}}]}<\/script>\n<!-- \/ Yoast SEO plugin. -->","yoast_head_json":{"title":"Afec\u021biuni psihice | Sanatate.md","robots":{"index":"index","follow":"follow","max-snippet":"max-snippet:-1","max-image-preview":"max-image-preview:large","max-video-preview":"max-video-preview:-1"},"canonical":"https:\/\/sanatate.md\/ro\/boli-si-tratament\/afectiuni-psihice\/","og_locale":"ro_RO","og_type":"article","og_title":"Afec\u021biuni psihice | Sanatate.md","og_description":"Agorafobia Anorexia nervoas\u0103 Atacurile de panic\u0103 Autismul Bulimia Comportamentul auto-d\u0103un\u0103tor (patemimie) Comportamentul suicidar Cretinismul Demen\u021ba Dementa vascular\u0103 Depresiile Dependen\u0163a de jocurile de noroc Fobia Halucina\u021bii Imbecilitatea Ipohondria Isteria Nelini\u015ftea Nevroza Obsesiile Paranoia Perversiunea sexual\u0103 Pierderea identit\u0103\u0163ii Psihozele Retarda mintal\u0103 (oligrofrenia) Senestopatia Sindromul de oboseal\u0103 cronic\u0103 Sindromul epuiz\u0103rii emo\u021bionale (CMEA) Sindromul intestinului iritabil \u015eizofrenia Stresul \u0219i [&hellip;]","og_url":"https:\/\/sanatate.md\/ro\/boli-si-tratament\/afectiuni-psihice\/","og_site_name":"Sanatate.md","article_modified_time":"2018-09-27T11:32:29+00:00","twitter_card":"summary_large_image","schema":{"@context":"https:\/\/schema.org","@graph":[{"@type":"WebPage","@id":"https:\/\/sanatate.md\/ro\/boli-si-tratament\/afectiuni-psihice\/","url":"https:\/\/sanatate.md\/ro\/boli-si-tratament\/afectiuni-psihice\/","name":"Afec\u021biuni psihice | Sanatate.md","isPartOf":{"@id":"https:\/\/sanatate.md\/ro\/#website"},"datePublished":"2018-02-21T08:26:03+00:00","dateModified":"2018-09-27T11:32:29+00:00","breadcrumb":{"@id":"https:\/\/sanatate.md\/ro\/boli-si-tratament\/afectiuni-psihice\/#breadcrumb"},"inLanguage":"ro-RO","potentialAction":[{"@type":"ReadAction","target":["https:\/\/sanatate.md\/ro\/boli-si-tratament\/afectiuni-psihice\/"]}]},{"@type":"BreadcrumbList","@id":"https:\/\/sanatate.md\/ro\/boli-si-tratament\/afectiuni-psihice\/#breadcrumb","itemListElement":[{"@type":"ListItem","position":1,"name":"\u0413\u043b\u0430\u0432\u043d\u0430\u044f \u0441\u0442\u0440\u0430\u043d\u0438\u0446\u0430","item":"https:\/\/sanatate.md\/ro\/"},{"@type":"ListItem","position":2,"name":"Boli si tratament","item":"https:\/\/sanatate.md\/ro\/boli-si-tratament\/"},{"@type":"ListItem","position":3,"name":"Afec\u021biuni psihice"}]},{"@type":"WebSite","@id":"https:\/\/sanatate.md\/ro\/#website","url":"https:\/\/sanatate.md\/ro\/","name":"Sanatate.md","description":"\u0416\u0443\u0440\u043d\u0430\u043b \u0434\u043b\u044f \u0432\u0441\u0435\u0439 \u0441\u0435\u043c\u044c\u0438 \u0432 \u041c\u043e\u043b\u0434\u043e\u0432\u0435","publisher":{"@id":"https:\/\/sanatate.md\/ro\/#organization"},"potentialAction":[{"@type":"SearchAction","target":{"@type":"EntryPoint","urlTemplate":"https:\/\/sanatate.md\/ro\/?s={search_term_string}"},"query-input":{"@type":"PropertyValueSpecification","valueRequired":true,"valueName":"search_term_string"}}],"inLanguage":"ro-RO"},{"@type":"Organization","@id":"https:\/\/sanatate.md\/ro\/#organization","name":"SANATATE","url":"https:\/\/sanatate.md\/ro\/","logo":{"@type":"ImageObject","inLanguage":"ro-RO","@id":"https:\/\/sanatate.md\/ro\/#\/schema\/logo\/image\/","url":"https:\/\/sanatate.md\/wp-content\/uploads\/2022\/01\/sanatate-logo.svg","contentUrl":"https:\/\/sanatate.md\/wp-content\/uploads\/2022\/01\/sanatate-logo.svg","width":"1024","height":"1024","caption":"SANATATE"},"image":{"@id":"https:\/\/sanatate.md\/ro\/#\/schema\/logo\/image\/"}}]}},"_links":{"self":[{"href":"https:\/\/sanatate.md\/ro\/wp-json\/wp\/v2\/pages\/53026","targetHints":{"allow":["GET"]}}],"collection":[{"href":"https:\/\/sanatate.md\/ro\/wp-json\/wp\/v2\/pages"}],"about":[{"href":"https:\/\/sanatate.md\/ro\/wp-json\/wp\/v2\/types\/page"}],"author":[{"embeddable":true,"href":"https:\/\/sanatate.md\/ro\/wp-json\/wp\/v2\/users\/28"}],"replies":[{"embeddable":true,"href":"https:\/\/sanatate.md\/ro\/wp-json\/wp\/v2\/comments?post=53026"}],"version-history":[{"count":0,"href":"https:\/\/sanatate.md\/ro\/wp-json\/wp\/v2\/pages\/53026\/revisions"}],"up":[{"embeddable":true,"href":"https:\/\/sanatate.md\/ro\/wp-json\/wp\/v2\/pages\/38214"}],"wp:attachment":[{"href":"https:\/\/sanatate.md\/ro\/wp-json\/wp\/v2\/media?parent=53026"}],"curies":[{"name":"wp","href":"https:\/\/api.w.org\/{rel}","templated":true}]}}