{"id":53029,"date":"2018-02-21T11:28:26","date_gmt":"2018-02-21T08:28:26","guid":{"rendered":"https:\/\/sanatate.md\/?page_id=53029"},"modified":"2018-05-03T12:58:43","modified_gmt":"2018-05-03T09:58:43","slug":"boli-urologice","status":"publish","type":"page","link":"https:\/\/sanatate.md\/ro\/boli-si-tratament\/boli-urologice\/","title":{"rendered":"Boli urologice"},"content":{"rendered":"<p><a href=\"https:\/\/sanatate.md\/ro\/boli-si-tratament\/boli-urologice\/anomalii-ale-dezvoltarii-rinichilor\/\">Anomalii ale dezvolt\u0103rii rinichilor<\/a><br \/>\nAnomaliile sistemului urinar<br \/>\nAnomaliile rinichilor (nefrita)<br \/>\nAnormaliile uretrei<br \/>\nBoala de piatr\u0103 renal\u0103<br \/>\nCistinuria<br \/>\nCistita<br \/>\nCryptorchidismul (testicul nedescendent)<br \/>\n<a href=\"https:\/\/sanatate.md\/ro\/boli-si-tratament\/boli-urologice\/fisurarea-uretrei\/\">Fisurarea uretrei<\/a><br \/>\nGlomerulonefrita<br \/>\nHidronefroza<br \/>\nHipogonadismul<br \/>\nHipospadias<br \/>\nIncontinen\u021ba urinar\u0103 (enurezis)<br \/>\nInfertilitatea masculine<br \/>\nInsuficien\u021ba renal\u0103 acut\u0103<br \/>\nInsuficien\u021ba renal\u0103 cronic\u0103<br \/>\nInsuficien\u021ba suprarenal\u0103<br \/>\nNefroptoza (omisiunea renal\u0103)<br \/>\nNicturia<br \/>\nParatsist pielonefrita<br \/>\nPielonefrita acut\u0103<br \/>\nPielonefrita cronic\u0103<br \/>\nPolicista rinichilor<br \/>\nRe\u021binerea urinei<br \/>\nRuptura uretrei<br \/>\nStenoza g\u00e2tului vezicii urinare<br \/>\nSindromul Waterhouse-Frideriksen<br \/>\nUretrita<br \/>\nUrolitiaza<\/p>\n","protected":false},"excerpt":{"rendered":"<p>Anomalii ale dezvolt\u0103rii rinichilor Anomaliile sistemului urinar Anomaliile rinichilor (nefrita) Anormaliile uretrei Boala de piatr\u0103 renal\u0103 Cistinuria Cistita Cryptorchidismul (testicul nedescendent) Fisurarea uretrei Glomerulonefrita Hidronefroza Hipogonadismul Hipospadias Incontinen\u021ba urinar\u0103 (enurezis) Infertilitatea masculine Insuficien\u021ba renal\u0103 acut\u0103 Insuficien\u021ba renal\u0103 cronic\u0103 Insuficien\u021ba suprarenal\u0103 Nefroptoza (omisiunea renal\u0103) Nicturia Paratsist pielonefrita Pielonefrita acut\u0103 Pielonefrita cronic\u0103 Policista rinichilor Re\u021binerea urinei Ruptura [&hellip;]<\/p>\n","protected":false},"author":28,"featured_media":0,"parent":38214,"menu_order":27,"comment_status":"closed","ping_status":"closed","template":"","meta":{"inline_featured_image":false,"footnotes":""},"class_list":["post-53029","page","type-page","status-publish"],"yoast_head":"<!-- This site is optimized with the Yoast SEO plugin v27.3 - https:\/\/yoast.com\/product\/yoast-seo-wordpress\/ -->\n<title>Boli urologice | Sanatate.md<\/title>\n<meta name=\"robots\" content=\"index, follow, max-snippet:-1, max-image-preview:large, max-video-preview:-1\" \/>\n<link rel=\"canonical\" href=\"https:\/\/sanatate.md\/ro\/boli-si-tratament\/boli-urologice\/\" \/>\n<meta property=\"og:locale\" content=\"ro_RO\" \/>\n<meta property=\"og:type\" content=\"article\" \/>\n<meta property=\"og:title\" content=\"Boli urologice | Sanatate.md\" \/>\n<meta property=\"og:description\" content=\"Anomalii ale dezvolt\u0103rii rinichilor Anomaliile sistemului urinar Anomaliile rinichilor (nefrita) Anormaliile uretrei Boala de piatr\u0103 renal\u0103 Cistinuria Cistita Cryptorchidismul (testicul nedescendent) Fisurarea uretrei Glomerulonefrita Hidronefroza Hipogonadismul Hipospadias Incontinen\u021ba urinar\u0103 (enurezis) Infertilitatea masculine Insuficien\u021ba renal\u0103 acut\u0103 Insuficien\u021ba renal\u0103 cronic\u0103 Insuficien\u021ba suprarenal\u0103 Nefroptoza (omisiunea renal\u0103) Nicturia Paratsist pielonefrita Pielonefrita acut\u0103 Pielonefrita cronic\u0103 Policista rinichilor Re\u021binerea urinei Ruptura [&hellip;]\" \/>\n<meta property=\"og:url\" content=\"https:\/\/sanatate.md\/ro\/boli-si-tratament\/boli-urologice\/\" \/>\n<meta property=\"og:site_name\" content=\"Sanatate.md\" \/>\n<meta property=\"article:modified_time\" content=\"2018-05-03T09:58:43+00:00\" \/>\n<meta name=\"twitter:card\" content=\"summary_large_image\" \/>\n<script type=\"application\/ld+json\" class=\"yoast-schema-graph\">{\"@context\":\"https:\\\/\\\/schema.org\",\"@graph\":[{\"@type\":\"WebPage\",\"@id\":\"https:\\\/\\\/sanatate.md\\\/ro\\\/boli-si-tratament\\\/boli-urologice\\\/\",\"url\":\"https:\\\/\\\/sanatate.md\\\/ro\\\/boli-si-tratament\\\/boli-urologice\\\/\",\"name\":\"Boli urologice | Sanatate.md\",\"isPartOf\":{\"@id\":\"https:\\\/\\\/sanatate.md\\\/ro\\\/#website\"},\"datePublished\":\"2018-02-21T08:28:26+00:00\",\"dateModified\":\"2018-05-03T09:58:43+00:00\",\"breadcrumb\":{\"@id\":\"https:\\\/\\\/sanatate.md\\\/ro\\\/boli-si-tratament\\\/boli-urologice\\\/#breadcrumb\"},\"inLanguage\":\"ro-RO\",\"potentialAction\":[{\"@type\":\"ReadAction\",\"target\":[\"https:\\\/\\\/sanatate.md\\\/ro\\\/boli-si-tratament\\\/boli-urologice\\\/\"]}]},{\"@type\":\"BreadcrumbList\",\"@id\":\"https:\\\/\\\/sanatate.md\\\/ro\\\/boli-si-tratament\\\/boli-urologice\\\/#breadcrumb\",\"itemListElement\":[{\"@type\":\"ListItem\",\"position\":1,\"name\":\"\u0413\u043b\u0430\u0432\u043d\u0430\u044f \u0441\u0442\u0440\u0430\u043d\u0438\u0446\u0430\",\"item\":\"https:\\\/\\\/sanatate.md\\\/ro\\\/\"},{\"@type\":\"ListItem\",\"position\":2,\"name\":\"Boli si tratament\",\"item\":\"https:\\\/\\\/sanatate.md\\\/ro\\\/boli-si-tratament\\\/\"},{\"@type\":\"ListItem\",\"position\":3,\"name\":\"Boli urologice\"}]},{\"@type\":\"WebSite\",\"@id\":\"https:\\\/\\\/sanatate.md\\\/ro\\\/#website\",\"url\":\"https:\\\/\\\/sanatate.md\\\/ro\\\/\",\"name\":\"Sanatate.md\",\"description\":\"\u0416\u0443\u0440\u043d\u0430\u043b \u0434\u043b\u044f \u0432\u0441\u0435\u0439 \u0441\u0435\u043c\u044c\u0438 \u0432 \u041c\u043e\u043b\u0434\u043e\u0432\u0435\",\"publisher\":{\"@id\":\"https:\\\/\\\/sanatate.md\\\/ro\\\/#organization\"},\"potentialAction\":[{\"@type\":\"SearchAction\",\"target\":{\"@type\":\"EntryPoint\",\"urlTemplate\":\"https:\\\/\\\/sanatate.md\\\/ro\\\/?s={search_term_string}\"},\"query-input\":{\"@type\":\"PropertyValueSpecification\",\"valueRequired\":true,\"valueName\":\"search_term_string\"}}],\"inLanguage\":\"ro-RO\"},{\"@type\":\"Organization\",\"@id\":\"https:\\\/\\\/sanatate.md\\\/ro\\\/#organization\",\"name\":\"SANATATE\",\"url\":\"https:\\\/\\\/sanatate.md\\\/ro\\\/\",\"logo\":{\"@type\":\"ImageObject\",\"inLanguage\":\"ro-RO\",\"@id\":\"https:\\\/\\\/sanatate.md\\\/ro\\\/#\\\/schema\\\/logo\\\/image\\\/\",\"url\":\"https:\\\/\\\/sanatate.md\\\/wp-content\\\/uploads\\\/2022\\\/01\\\/sanatate-logo.svg\",\"contentUrl\":\"https:\\\/\\\/sanatate.md\\\/wp-content\\\/uploads\\\/2022\\\/01\\\/sanatate-logo.svg\",\"width\":\"1024\",\"height\":\"1024\",\"caption\":\"SANATATE\"},\"image\":{\"@id\":\"https:\\\/\\\/sanatate.md\\\/ro\\\/#\\\/schema\\\/logo\\\/image\\\/\"}}]}<\/script>\n<!-- \/ Yoast SEO plugin. -->","yoast_head_json":{"title":"Boli urologice | Sanatate.md","robots":{"index":"index","follow":"follow","max-snippet":"max-snippet:-1","max-image-preview":"max-image-preview:large","max-video-preview":"max-video-preview:-1"},"canonical":"https:\/\/sanatate.md\/ro\/boli-si-tratament\/boli-urologice\/","og_locale":"ro_RO","og_type":"article","og_title":"Boli urologice | Sanatate.md","og_description":"Anomalii ale dezvolt\u0103rii rinichilor Anomaliile sistemului urinar Anomaliile rinichilor (nefrita) Anormaliile uretrei Boala de piatr\u0103 renal\u0103 Cistinuria Cistita Cryptorchidismul (testicul nedescendent) Fisurarea uretrei Glomerulonefrita Hidronefroza Hipogonadismul Hipospadias Incontinen\u021ba urinar\u0103 (enurezis) Infertilitatea masculine Insuficien\u021ba renal\u0103 acut\u0103 Insuficien\u021ba renal\u0103 cronic\u0103 Insuficien\u021ba suprarenal\u0103 Nefroptoza (omisiunea renal\u0103) Nicturia Paratsist pielonefrita Pielonefrita acut\u0103 Pielonefrita cronic\u0103 Policista rinichilor Re\u021binerea urinei Ruptura [&hellip;]","og_url":"https:\/\/sanatate.md\/ro\/boli-si-tratament\/boli-urologice\/","og_site_name":"Sanatate.md","article_modified_time":"2018-05-03T09:58:43+00:00","twitter_card":"summary_large_image","schema":{"@context":"https:\/\/schema.org","@graph":[{"@type":"WebPage","@id":"https:\/\/sanatate.md\/ro\/boli-si-tratament\/boli-urologice\/","url":"https:\/\/sanatate.md\/ro\/boli-si-tratament\/boli-urologice\/","name":"Boli urologice | Sanatate.md","isPartOf":{"@id":"https:\/\/sanatate.md\/ro\/#website"},"datePublished":"2018-02-21T08:28:26+00:00","dateModified":"2018-05-03T09:58:43+00:00","breadcrumb":{"@id":"https:\/\/sanatate.md\/ro\/boli-si-tratament\/boli-urologice\/#breadcrumb"},"inLanguage":"ro-RO","potentialAction":[{"@type":"ReadAction","target":["https:\/\/sanatate.md\/ro\/boli-si-tratament\/boli-urologice\/"]}]},{"@type":"BreadcrumbList","@id":"https:\/\/sanatate.md\/ro\/boli-si-tratament\/boli-urologice\/#breadcrumb","itemListElement":[{"@type":"ListItem","position":1,"name":"\u0413\u043b\u0430\u0432\u043d\u0430\u044f \u0441\u0442\u0440\u0430\u043d\u0438\u0446\u0430","item":"https:\/\/sanatate.md\/ro\/"},{"@type":"ListItem","position":2,"name":"Boli si tratament","item":"https:\/\/sanatate.md\/ro\/boli-si-tratament\/"},{"@type":"ListItem","position":3,"name":"Boli urologice"}]},{"@type":"WebSite","@id":"https:\/\/sanatate.md\/ro\/#website","url":"https:\/\/sanatate.md\/ro\/","name":"Sanatate.md","description":"\u0416\u0443\u0440\u043d\u0430\u043b \u0434\u043b\u044f \u0432\u0441\u0435\u0439 \u0441\u0435\u043c\u044c\u0438 \u0432 \u041c\u043e\u043b\u0434\u043e\u0432\u0435","publisher":{"@id":"https:\/\/sanatate.md\/ro\/#organization"},"potentialAction":[{"@type":"SearchAction","target":{"@type":"EntryPoint","urlTemplate":"https:\/\/sanatate.md\/ro\/?s={search_term_string}"},"query-input":{"@type":"PropertyValueSpecification","valueRequired":true,"valueName":"search_term_string"}}],"inLanguage":"ro-RO"},{"@type":"Organization","@id":"https:\/\/sanatate.md\/ro\/#organization","name":"SANATATE","url":"https:\/\/sanatate.md\/ro\/","logo":{"@type":"ImageObject","inLanguage":"ro-RO","@id":"https:\/\/sanatate.md\/ro\/#\/schema\/logo\/image\/","url":"https:\/\/sanatate.md\/wp-content\/uploads\/2022\/01\/sanatate-logo.svg","contentUrl":"https:\/\/sanatate.md\/wp-content\/uploads\/2022\/01\/sanatate-logo.svg","width":"1024","height":"1024","caption":"SANATATE"},"image":{"@id":"https:\/\/sanatate.md\/ro\/#\/schema\/logo\/image\/"}}]}},"_links":{"self":[{"href":"https:\/\/sanatate.md\/ro\/wp-json\/wp\/v2\/pages\/53029","targetHints":{"allow":["GET"]}}],"collection":[{"href":"https:\/\/sanatate.md\/ro\/wp-json\/wp\/v2\/pages"}],"about":[{"href":"https:\/\/sanatate.md\/ro\/wp-json\/wp\/v2\/types\/page"}],"author":[{"embeddable":true,"href":"https:\/\/sanatate.md\/ro\/wp-json\/wp\/v2\/users\/28"}],"replies":[{"embeddable":true,"href":"https:\/\/sanatate.md\/ro\/wp-json\/wp\/v2\/comments?post=53029"}],"version-history":[{"count":0,"href":"https:\/\/sanatate.md\/ro\/wp-json\/wp\/v2\/pages\/53029\/revisions"}],"up":[{"embeddable":true,"href":"https:\/\/sanatate.md\/ro\/wp-json\/wp\/v2\/pages\/38214"}],"wp:attachment":[{"href":"https:\/\/sanatate.md\/ro\/wp-json\/wp\/v2\/media?parent=53029"}],"curies":[{"name":"wp","href":"https:\/\/api.w.org\/{rel}","templated":true}]}}