{"id":53032,"date":"2018-02-21T11:30:07","date_gmt":"2018-02-21T08:30:07","guid":{"rendered":"https:\/\/sanatate.md\/?page_id=53032"},"modified":"2018-10-02T17:03:51","modified_gmt":"2018-10-02T14:03:51","slug":"bolile-chirurgicale","status":"publish","type":"page","link":"https:\/\/sanatate.md\/ro\/boli-si-tratament\/bolile-chirurgicale\/","title":{"rendered":"Bolile chirurgicale"},"content":{"rendered":"<p><a href=\"https:\/\/sanatate.md\/ro\/boli-si-tratament\/bolile-chirurgicale\/abcesul\/\">Abcesul<\/a><br \/>\n<a href=\"https:\/\/sanatate.md\/ro\/boli-si-tratament\/bolile-chirurgicale\/abcesul-acut-la-plamani\/\">Abcesul acut la pl\u0103m\u00e2ni<\/a><br \/>\nAbscess apendicular<br \/>\nAbcesul cavit\u0103\u021bii abdominale<br \/>\n<a href=\"https:\/\/sanatate.md\/ro\/boli-si-tratament\/bolile-chirurgicale\/abcesul-cerebral\/\">Abcesul cerebral<\/a><br \/>\n<a href=\"https:\/\/sanatate.md\/ro\/boli-si-tratament\/bolile-chirurgicale\/abcesul-hepatic\/\">Abscesul hepatic<\/a><br \/>\n<a href=\"https:\/\/sanatate.md\/ro\/boli-si-tratament\/bolile-chirurgicale\/abcesul-ficatului\/\">Abscesul ficatului amoebic<\/a><br \/>\n<a href=\"https:\/\/sanatate.md\/ro\/boli-si-tratament\/bolile-chirurgicale\/abcesul-interintestinal\/\">Abcesul interintestinal<\/a><br \/>\n<a href=\"https:\/\/sanatate.md\/ro\/boli-si-tratament\/bolile-chirurgicale\/abcesul-intramamar\/\">Abcesul intramamar<\/a><br \/>\n<a href=\"https:\/\/sanatate.md\/ro\/boli-si-tratament\/bolile-chirurgicale\/abcesul-obstructiv\/\">Abcesul obstructiv<\/a><br \/>\n<a href=\"https:\/\/sanatate.md\/ro\/boli-si-tratament\/bolile-chirurgicale\/abcesul-peritoneal\/\">Abcesul peritoneal<\/a><br \/>\nAbcesul \u021besutului moale<br \/>\nAbcesul spa\u021biului Douglas<br \/>\nAbscesul subdiafragmatic<br \/>\nAdenomul prostatei<br \/>\nAdenomul tiroidian<br \/>\nAdenomul toxic tiroidian<br \/>\nActinomicoza<br \/>\nAmeloblastoma<br \/>\nAnevrisma<br \/>\n<a href=\"https:\/\/sanatate.md\/ro\/boli-si-tratament\/bolile-chirurgicale\/anevrismele-aortei-abdominale\/\">Anevrismele aortei abdominale<\/a><br \/>\n<a href=\"https:\/\/sanatate.md\/ro\/boli-si-tratament\/bolile-chirurgicale\/anevrismele-aortei-toracice\/\">Anevrismele aortei toracice<\/a><br \/>\n<a href=\"https:\/\/sanatate.md\/ro\/boli-si-tratament\/bolile-chirurgicale\/angiomul\/\">Angiomul<\/a><br \/>\nApendicita<br \/>\nAteromul<br \/>\nAteroscleroza arterelor renale<br \/>\nAtrezia anusului<br \/>\nAtrezia esofagului<br \/>\nAtrezia cavit\u0103\u021bii nazale (atrezia hoanului)<br \/>\nBifurcation diverticulum<br \/>\nBoala de reflux<br \/>\nBoli ale stomacului operat<br \/>\nBuboiul<br \/>\nBuza iepurelui<br \/>\nCerul gurii neconcrescut<br \/>\nChistul dermoid<br \/>\nDefectul unghiilor<br \/>\nDeta\u0219area retinei<br \/>\nFlegmona<br \/>\nGangrena<br \/>\nGangrena gazoas\u0103<br \/>\nGangrena pulmonar\u0103<br \/>\nHernia<br \/>\nHernia hernie<br \/>\nHernita liniei albe a burtei<br \/>\nHigroma<br \/>\nHipertrofia amigdalelor palatine<br \/>\nLeziuni ale herniei<br \/>\nLimfadenita<br \/>\nLipoma<br \/>\nMastita<br \/>\nOvaricovaricocele<br \/>\nPanari\u021biul<br \/>\nPapillostenoza<br \/>\nPeritonita<br \/>\nPileflebita<br \/>\nRinofirma<br \/>\nRuptura anevrismic\u0103<br \/>\nRuptura uretrei<br \/>\n\u0218olduri \u0219i tip popliteal<br \/>\nTromboembolismul<br \/>\nTromboembolismul venelor inferioare<br \/>\nTromboembolismul arterei pulmonare (PE)<br \/>\nTumori<br \/>\nUlcerul trofic<br \/>\nVaricele<br \/>\nVaricele cordonului spermatic<br \/>\n<a href=\"https:\/\/sanatate.md\/ro\/boli-si-tratament\/bolile-chirurgicale\/wen\/\">Wen<\/a><\/p>\n","protected":false},"excerpt":{"rendered":"<p>Abcesul Abcesul acut la pl\u0103m\u00e2ni Abscess apendicular Abcesul cavit\u0103\u021bii abdominale Abcesul cerebral Abscesul hepatic Abscesul ficatului amoebic Abcesul interintestinal Abcesul intramamar Abcesul obstructiv Abcesul peritoneal Abcesul \u021besutului moale Abcesul spa\u021biului Douglas Abscesul subdiafragmatic Adenomul prostatei Adenomul tiroidian Adenomul toxic tiroidian Actinomicoza Ameloblastoma Anevrisma Anevrismele aortei abdominale Anevrismele aortei toracice Angiomul Apendicita Ateromul Ateroscleroza arterelor renale [&hellip;]<\/p>\n","protected":false},"author":28,"featured_media":0,"parent":38214,"menu_order":28,"comment_status":"closed","ping_status":"closed","template":"","meta":{"inline_featured_image":false,"footnotes":""},"class_list":["post-53032","page","type-page","status-publish"],"yoast_head":"<!-- This site is optimized with the Yoast SEO plugin v27.3 - https:\/\/yoast.com\/product\/yoast-seo-wordpress\/ -->\n<title>Bolile chirurgicale | Sanatate.md<\/title>\n<meta name=\"robots\" content=\"index, follow, max-snippet:-1, max-image-preview:large, max-video-preview:-1\" \/>\n<link rel=\"canonical\" href=\"https:\/\/sanatate.md\/ro\/boli-si-tratament\/bolile-chirurgicale\/\" \/>\n<meta property=\"og:locale\" content=\"ro_RO\" \/>\n<meta property=\"og:type\" content=\"article\" \/>\n<meta property=\"og:title\" content=\"Bolile chirurgicale | Sanatate.md\" \/>\n<meta property=\"og:description\" content=\"Abcesul Abcesul acut la pl\u0103m\u00e2ni Abscess apendicular Abcesul cavit\u0103\u021bii abdominale Abcesul cerebral Abscesul hepatic Abscesul ficatului amoebic Abcesul interintestinal Abcesul intramamar Abcesul obstructiv Abcesul peritoneal Abcesul \u021besutului moale Abcesul spa\u021biului Douglas Abscesul subdiafragmatic Adenomul prostatei Adenomul tiroidian Adenomul toxic tiroidian Actinomicoza Ameloblastoma Anevrisma Anevrismele aortei abdominale Anevrismele aortei toracice Angiomul Apendicita Ateromul Ateroscleroza arterelor renale [&hellip;]\" \/>\n<meta property=\"og:url\" content=\"https:\/\/sanatate.md\/ro\/boli-si-tratament\/bolile-chirurgicale\/\" \/>\n<meta property=\"og:site_name\" content=\"Sanatate.md\" \/>\n<meta property=\"article:modified_time\" content=\"2018-10-02T14:03:51+00:00\" \/>\n<meta name=\"twitter:card\" content=\"summary_large_image\" \/>\n<meta name=\"twitter:label1\" content=\"Timp estimat pentru citire\" \/>\n\t<meta name=\"twitter:data1\" content=\"1 minut\" \/>\n<script type=\"application\/ld+json\" class=\"yoast-schema-graph\">{\"@context\":\"https:\\\/\\\/schema.org\",\"@graph\":[{\"@type\":\"WebPage\",\"@id\":\"https:\\\/\\\/sanatate.md\\\/ro\\\/boli-si-tratament\\\/bolile-chirurgicale\\\/\",\"url\":\"https:\\\/\\\/sanatate.md\\\/ro\\\/boli-si-tratament\\\/bolile-chirurgicale\\\/\",\"name\":\"Bolile chirurgicale | Sanatate.md\",\"isPartOf\":{\"@id\":\"https:\\\/\\\/sanatate.md\\\/ro\\\/#website\"},\"datePublished\":\"2018-02-21T08:30:07+00:00\",\"dateModified\":\"2018-10-02T14:03:51+00:00\",\"breadcrumb\":{\"@id\":\"https:\\\/\\\/sanatate.md\\\/ro\\\/boli-si-tratament\\\/bolile-chirurgicale\\\/#breadcrumb\"},\"inLanguage\":\"ro-RO\",\"potentialAction\":[{\"@type\":\"ReadAction\",\"target\":[\"https:\\\/\\\/sanatate.md\\\/ro\\\/boli-si-tratament\\\/bolile-chirurgicale\\\/\"]}]},{\"@type\":\"BreadcrumbList\",\"@id\":\"https:\\\/\\\/sanatate.md\\\/ro\\\/boli-si-tratament\\\/bolile-chirurgicale\\\/#breadcrumb\",\"itemListElement\":[{\"@type\":\"ListItem\",\"position\":1,\"name\":\"\u0413\u043b\u0430\u0432\u043d\u0430\u044f \u0441\u0442\u0440\u0430\u043d\u0438\u0446\u0430\",\"item\":\"https:\\\/\\\/sanatate.md\\\/ro\\\/\"},{\"@type\":\"ListItem\",\"position\":2,\"name\":\"Boli si tratament\",\"item\":\"https:\\\/\\\/sanatate.md\\\/ro\\\/boli-si-tratament\\\/\"},{\"@type\":\"ListItem\",\"position\":3,\"name\":\"Bolile chirurgicale\"}]},{\"@type\":\"WebSite\",\"@id\":\"https:\\\/\\\/sanatate.md\\\/ro\\\/#website\",\"url\":\"https:\\\/\\\/sanatate.md\\\/ro\\\/\",\"name\":\"Sanatate.md\",\"description\":\"\u0416\u0443\u0440\u043d\u0430\u043b \u0434\u043b\u044f \u0432\u0441\u0435\u0439 \u0441\u0435\u043c\u044c\u0438 \u0432 \u041c\u043e\u043b\u0434\u043e\u0432\u0435\",\"publisher\":{\"@id\":\"https:\\\/\\\/sanatate.md\\\/ro\\\/#organization\"},\"potentialAction\":[{\"@type\":\"SearchAction\",\"target\":{\"@type\":\"EntryPoint\",\"urlTemplate\":\"https:\\\/\\\/sanatate.md\\\/ro\\\/?s={search_term_string}\"},\"query-input\":{\"@type\":\"PropertyValueSpecification\",\"valueRequired\":true,\"valueName\":\"search_term_string\"}}],\"inLanguage\":\"ro-RO\"},{\"@type\":\"Organization\",\"@id\":\"https:\\\/\\\/sanatate.md\\\/ro\\\/#organization\",\"name\":\"SANATATE\",\"url\":\"https:\\\/\\\/sanatate.md\\\/ro\\\/\",\"logo\":{\"@type\":\"ImageObject\",\"inLanguage\":\"ro-RO\",\"@id\":\"https:\\\/\\\/sanatate.md\\\/ro\\\/#\\\/schema\\\/logo\\\/image\\\/\",\"url\":\"https:\\\/\\\/sanatate.md\\\/wp-content\\\/uploads\\\/2022\\\/01\\\/sanatate-logo.svg\",\"contentUrl\":\"https:\\\/\\\/sanatate.md\\\/wp-content\\\/uploads\\\/2022\\\/01\\\/sanatate-logo.svg\",\"width\":\"1024\",\"height\":\"1024\",\"caption\":\"SANATATE\"},\"image\":{\"@id\":\"https:\\\/\\\/sanatate.md\\\/ro\\\/#\\\/schema\\\/logo\\\/image\\\/\"}}]}<\/script>\n<!-- \/ Yoast SEO plugin. -->","yoast_head_json":{"title":"Bolile chirurgicale | Sanatate.md","robots":{"index":"index","follow":"follow","max-snippet":"max-snippet:-1","max-image-preview":"max-image-preview:large","max-video-preview":"max-video-preview:-1"},"canonical":"https:\/\/sanatate.md\/ro\/boli-si-tratament\/bolile-chirurgicale\/","og_locale":"ro_RO","og_type":"article","og_title":"Bolile chirurgicale | Sanatate.md","og_description":"Abcesul Abcesul acut la pl\u0103m\u00e2ni Abscess apendicular Abcesul cavit\u0103\u021bii abdominale Abcesul cerebral Abscesul hepatic Abscesul ficatului amoebic Abcesul interintestinal Abcesul intramamar Abcesul obstructiv Abcesul peritoneal Abcesul \u021besutului moale Abcesul spa\u021biului Douglas Abscesul subdiafragmatic Adenomul prostatei Adenomul tiroidian Adenomul toxic tiroidian Actinomicoza Ameloblastoma Anevrisma Anevrismele aortei abdominale Anevrismele aortei toracice Angiomul Apendicita Ateromul Ateroscleroza arterelor renale [&hellip;]","og_url":"https:\/\/sanatate.md\/ro\/boli-si-tratament\/bolile-chirurgicale\/","og_site_name":"Sanatate.md","article_modified_time":"2018-10-02T14:03:51+00:00","twitter_card":"summary_large_image","twitter_misc":{"Timp estimat pentru citire":"1 minut"},"schema":{"@context":"https:\/\/schema.org","@graph":[{"@type":"WebPage","@id":"https:\/\/sanatate.md\/ro\/boli-si-tratament\/bolile-chirurgicale\/","url":"https:\/\/sanatate.md\/ro\/boli-si-tratament\/bolile-chirurgicale\/","name":"Bolile chirurgicale | Sanatate.md","isPartOf":{"@id":"https:\/\/sanatate.md\/ro\/#website"},"datePublished":"2018-02-21T08:30:07+00:00","dateModified":"2018-10-02T14:03:51+00:00","breadcrumb":{"@id":"https:\/\/sanatate.md\/ro\/boli-si-tratament\/bolile-chirurgicale\/#breadcrumb"},"inLanguage":"ro-RO","potentialAction":[{"@type":"ReadAction","target":["https:\/\/sanatate.md\/ro\/boli-si-tratament\/bolile-chirurgicale\/"]}]},{"@type":"BreadcrumbList","@id":"https:\/\/sanatate.md\/ro\/boli-si-tratament\/bolile-chirurgicale\/#breadcrumb","itemListElement":[{"@type":"ListItem","position":1,"name":"\u0413\u043b\u0430\u0432\u043d\u0430\u044f \u0441\u0442\u0440\u0430\u043d\u0438\u0446\u0430","item":"https:\/\/sanatate.md\/ro\/"},{"@type":"ListItem","position":2,"name":"Boli si tratament","item":"https:\/\/sanatate.md\/ro\/boli-si-tratament\/"},{"@type":"ListItem","position":3,"name":"Bolile chirurgicale"}]},{"@type":"WebSite","@id":"https:\/\/sanatate.md\/ro\/#website","url":"https:\/\/sanatate.md\/ro\/","name":"Sanatate.md","description":"\u0416\u0443\u0440\u043d\u0430\u043b \u0434\u043b\u044f \u0432\u0441\u0435\u0439 \u0441\u0435\u043c\u044c\u0438 \u0432 \u041c\u043e\u043b\u0434\u043e\u0432\u0435","publisher":{"@id":"https:\/\/sanatate.md\/ro\/#organization"},"potentialAction":[{"@type":"SearchAction","target":{"@type":"EntryPoint","urlTemplate":"https:\/\/sanatate.md\/ro\/?s={search_term_string}"},"query-input":{"@type":"PropertyValueSpecification","valueRequired":true,"valueName":"search_term_string"}}],"inLanguage":"ro-RO"},{"@type":"Organization","@id":"https:\/\/sanatate.md\/ro\/#organization","name":"SANATATE","url":"https:\/\/sanatate.md\/ro\/","logo":{"@type":"ImageObject","inLanguage":"ro-RO","@id":"https:\/\/sanatate.md\/ro\/#\/schema\/logo\/image\/","url":"https:\/\/sanatate.md\/wp-content\/uploads\/2022\/01\/sanatate-logo.svg","contentUrl":"https:\/\/sanatate.md\/wp-content\/uploads\/2022\/01\/sanatate-logo.svg","width":"1024","height":"1024","caption":"SANATATE"},"image":{"@id":"https:\/\/sanatate.md\/ro\/#\/schema\/logo\/image\/"}}]}},"_links":{"self":[{"href":"https:\/\/sanatate.md\/ro\/wp-json\/wp\/v2\/pages\/53032","targetHints":{"allow":["GET"]}}],"collection":[{"href":"https:\/\/sanatate.md\/ro\/wp-json\/wp\/v2\/pages"}],"about":[{"href":"https:\/\/sanatate.md\/ro\/wp-json\/wp\/v2\/types\/page"}],"author":[{"embeddable":true,"href":"https:\/\/sanatate.md\/ro\/wp-json\/wp\/v2\/users\/28"}],"replies":[{"embeddable":true,"href":"https:\/\/sanatate.md\/ro\/wp-json\/wp\/v2\/comments?post=53032"}],"version-history":[{"count":0,"href":"https:\/\/sanatate.md\/ro\/wp-json\/wp\/v2\/pages\/53032\/revisions"}],"up":[{"embeddable":true,"href":"https:\/\/sanatate.md\/ro\/wp-json\/wp\/v2\/pages\/38214"}],"wp:attachment":[{"href":"https:\/\/sanatate.md\/ro\/wp-json\/wp\/v2\/media?parent=53032"}],"curies":[{"name":"wp","href":"https:\/\/api.w.org\/{rel}","templated":true}]}}