{"id":53211,"date":"2018-02-23T16:12:55","date_gmt":"2018-02-23T13:12:55","guid":{"rendered":"https:\/\/sanatate.md\/?page_id=53211"},"modified":"2018-02-23T16:12:55","modified_gmt":"2018-02-23T13:12:55","slug":"ambliopia-isterica","status":"publish","type":"page","link":"https:\/\/sanatate.md\/ro\/boli-si-tratament\/boli-ale-ochiului\/ambliopia-isterica\/","title":{"rendered":"Ambliopia isteric\u0103"},"content":{"rendered":"<p>Ambliopia isteric\u0103 se caracterizeaz\u0103 prin \u00eenhibarea percep\u021biei sistemului vizual din creier.<\/p>\n<h3>Cauzele<\/h3>\n<p>\u00cen cele mai multe cazuri, ambliopia isteric\u0103 apare ca urmare a crizelor de isterie \u0219i defec\u021biunilor nervoase, care sunt adesea \u00eenso\u021bite de o varietate de tulbur\u0103ri \u0219i tr\u0103s\u0103turi func\u021bionale ale analizorului sistemului vizual:<\/p>\n<ul>\n<li>\u00eenc\u0103lcarea percep\u021biei culorii;<\/li>\n<li>limitarea c\u00e2mpului de percep\u021bie vizual\u0103;<\/li>\n<li>sindromul fotofobiei.<\/li>\n<\/ul>\n<h3>Simptomatologia<\/h3>\n<p>Principalele simptome ale ambliopiei isterice:<\/p>\n<ul>\n<li>sc\u0103derea brusc\u0103 bilateral\u0103 a vederii, claritatea acesteia;<\/li>\n<li>limitarea concentric\u0103 a c\u00e2mpului vizual;<\/li>\n<li>hemianopsia.<\/li>\n<\/ul>\n<p>Percep\u021bia vizual\u0103 r\u0103m\u00e2ne la un nivel inferior de la c\u00e2teva ore la c\u00e2teva luni.<br \/>\nAceast\u0103 stare pare a fi simulare.<\/p>\n<h3>Diagnosticarea<\/h3>\n<p>Metodele de diagnosticare includ efectuarea unui studiu pentru a determina:<\/p>\n<ul>\n<li>asimetria de refrac\u021bie;<\/li>\n<li>tulbur\u0103ri \u00een activitatea p\u0103r\u021bilor musculare ale globilor oculari;<\/li>\n<li>acuitatea vizual\u0103 real\u0103 a fiec\u0103rui ochi separat.<\/li>\n<\/ul>\n<h3>Tratamentul<\/h3>\n<p>Principalele metode de tratament sunt sesiunile psihoterapeutice, precum \u0219i medicamentele sedative.<\/p>\n","protected":false},"excerpt":{"rendered":"<p>Ambliopia isteric\u0103 se caracterizeaz\u0103 prin \u00eenhibarea percep\u021biei sistemului vizual din creier. Cauzele \u00cen cele mai multe cazuri, ambliopia isteric\u0103 apare ca urmare a crizelor de isterie \u0219i defec\u021biunilor nervoase, care sunt adesea \u00eenso\u021bite de o varietate de tulbur\u0103ri \u0219i tr\u0103s\u0103turi func\u021bionale ale analizorului sistemului vizual: \u00eenc\u0103lcarea percep\u021biei culorii; limitarea c\u00e2mpului de percep\u021bie vizual\u0103; sindromul fotofobiei. [&hellip;]<\/p>\n","protected":false},"author":28,"featured_media":0,"parent":52990,"menu_order":0,"comment_status":"closed","ping_status":"closed","template":"","meta":{"inline_featured_image":false,"footnotes":""},"class_list":["post-53211","page","type-page","status-publish"],"yoast_head":"<!-- This site is optimized with the Yoast SEO plugin v27.3 - https:\/\/yoast.com\/product\/yoast-seo-wordpress\/ -->\n<title>Ambliopia isteric\u0103<\/title>\n<meta name=\"description\" content=\"Ambliopia isteric\u0103 se caracterizeaz\u0103 prin \u00eenhibarea percep\u021biei sistemului vizual din creier.\" \/>\n<meta name=\"robots\" content=\"index, follow, max-snippet:-1, max-image-preview:large, max-video-preview:-1\" \/>\n<link rel=\"canonical\" href=\"https:\/\/sanatate.md\/ro\/boli-si-tratament\/boli-ale-ochiului\/ambliopia-isterica\/\" \/>\n<meta property=\"og:locale\" content=\"ro_RO\" \/>\n<meta property=\"og:type\" content=\"article\" \/>\n<meta property=\"og:title\" content=\"Ambliopia isteric\u0103\" \/>\n<meta property=\"og:description\" content=\"Ambliopia isteric\u0103 se caracterizeaz\u0103 prin \u00eenhibarea percep\u021biei sistemului vizual din creier.\" \/>\n<meta property=\"og:url\" content=\"https:\/\/sanatate.md\/ro\/boli-si-tratament\/boli-ale-ochiului\/ambliopia-isterica\/\" \/>\n<meta property=\"og:site_name\" content=\"Sanatate.md\" \/>\n<meta name=\"twitter:card\" content=\"summary_large_image\" \/>\n<meta name=\"twitter:label1\" content=\"Timp estimat pentru citire\" \/>\n\t<meta name=\"twitter:data1\" content=\"1 minut\" \/>\n<script type=\"application\/ld+json\" class=\"yoast-schema-graph\">{\"@context\":\"https:\\\/\\\/schema.org\",\"@graph\":[{\"@type\":\"WebPage\",\"@id\":\"https:\\\/\\\/sanatate.md\\\/ro\\\/boli-si-tratament\\\/boli-ale-ochiului\\\/ambliopia-isterica\\\/\",\"url\":\"https:\\\/\\\/sanatate.md\\\/ro\\\/boli-si-tratament\\\/boli-ale-ochiului\\\/ambliopia-isterica\\\/\",\"name\":\"Ambliopia isteric\u0103\",\"isPartOf\":{\"@id\":\"https:\\\/\\\/sanatate.md\\\/ro\\\/#website\"},\"datePublished\":\"2018-02-23T13:12:55+00:00\",\"description\":\"Ambliopia isteric\u0103 se caracterizeaz\u0103 prin \u00eenhibarea percep\u021biei sistemului vizual din creier.\",\"breadcrumb\":{\"@id\":\"https:\\\/\\\/sanatate.md\\\/ro\\\/boli-si-tratament\\\/boli-ale-ochiului\\\/ambliopia-isterica\\\/#breadcrumb\"},\"inLanguage\":\"ro-RO\",\"potentialAction\":[{\"@type\":\"ReadAction\",\"target\":[\"https:\\\/\\\/sanatate.md\\\/ro\\\/boli-si-tratament\\\/boli-ale-ochiului\\\/ambliopia-isterica\\\/\"]}]},{\"@type\":\"BreadcrumbList\",\"@id\":\"https:\\\/\\\/sanatate.md\\\/ro\\\/boli-si-tratament\\\/boli-ale-ochiului\\\/ambliopia-isterica\\\/#breadcrumb\",\"itemListElement\":[{\"@type\":\"ListItem\",\"position\":1,\"name\":\"\u0413\u043b\u0430\u0432\u043d\u0430\u044f \u0441\u0442\u0440\u0430\u043d\u0438\u0446\u0430\",\"item\":\"https:\\\/\\\/sanatate.md\\\/ro\\\/\"},{\"@type\":\"ListItem\",\"position\":2,\"name\":\"Boli si tratament\",\"item\":\"https:\\\/\\\/sanatate.md\\\/ro\\\/boli-si-tratament\\\/\"},{\"@type\":\"ListItem\",\"position\":3,\"name\":\"Boli ale ochiului\",\"item\":\"https:\\\/\\\/sanatate.md\\\/ro\\\/boli-si-tratament\\\/boli-ale-ochiului\\\/\"},{\"@type\":\"ListItem\",\"position\":4,\"name\":\"Ambliopia isteric\u0103\"}]},{\"@type\":\"WebSite\",\"@id\":\"https:\\\/\\\/sanatate.md\\\/ro\\\/#website\",\"url\":\"https:\\\/\\\/sanatate.md\\\/ro\\\/\",\"name\":\"Sanatate.md\",\"description\":\"\u0416\u0443\u0440\u043d\u0430\u043b \u0434\u043b\u044f \u0432\u0441\u0435\u0439 \u0441\u0435\u043c\u044c\u0438 \u0432 \u041c\u043e\u043b\u0434\u043e\u0432\u0435\",\"publisher\":{\"@id\":\"https:\\\/\\\/sanatate.md\\\/ro\\\/#organization\"},\"potentialAction\":[{\"@type\":\"SearchAction\",\"target\":{\"@type\":\"EntryPoint\",\"urlTemplate\":\"https:\\\/\\\/sanatate.md\\\/ro\\\/?s={search_term_string}\"},\"query-input\":{\"@type\":\"PropertyValueSpecification\",\"valueRequired\":true,\"valueName\":\"search_term_string\"}}],\"inLanguage\":\"ro-RO\"},{\"@type\":\"Organization\",\"@id\":\"https:\\\/\\\/sanatate.md\\\/ro\\\/#organization\",\"name\":\"SANATATE\",\"url\":\"https:\\\/\\\/sanatate.md\\\/ro\\\/\",\"logo\":{\"@type\":\"ImageObject\",\"inLanguage\":\"ro-RO\",\"@id\":\"https:\\\/\\\/sanatate.md\\\/ro\\\/#\\\/schema\\\/logo\\\/image\\\/\",\"url\":\"https:\\\/\\\/sanatate.md\\\/wp-content\\\/uploads\\\/2022\\\/01\\\/sanatate-logo.svg\",\"contentUrl\":\"https:\\\/\\\/sanatate.md\\\/wp-content\\\/uploads\\\/2022\\\/01\\\/sanatate-logo.svg\",\"width\":\"1024\",\"height\":\"1024\",\"caption\":\"SANATATE\"},\"image\":{\"@id\":\"https:\\\/\\\/sanatate.md\\\/ro\\\/#\\\/schema\\\/logo\\\/image\\\/\"}}]}<\/script>\n<!-- \/ Yoast SEO plugin. -->","yoast_head_json":{"title":"Ambliopia isteric\u0103","description":"Ambliopia isteric\u0103 se caracterizeaz\u0103 prin \u00eenhibarea percep\u021biei sistemului vizual din creier.","robots":{"index":"index","follow":"follow","max-snippet":"max-snippet:-1","max-image-preview":"max-image-preview:large","max-video-preview":"max-video-preview:-1"},"canonical":"https:\/\/sanatate.md\/ro\/boli-si-tratament\/boli-ale-ochiului\/ambliopia-isterica\/","og_locale":"ro_RO","og_type":"article","og_title":"Ambliopia isteric\u0103","og_description":"Ambliopia isteric\u0103 se caracterizeaz\u0103 prin \u00eenhibarea percep\u021biei sistemului vizual din creier.","og_url":"https:\/\/sanatate.md\/ro\/boli-si-tratament\/boli-ale-ochiului\/ambliopia-isterica\/","og_site_name":"Sanatate.md","twitter_card":"summary_large_image","twitter_misc":{"Timp estimat pentru citire":"1 minut"},"schema":{"@context":"https:\/\/schema.org","@graph":[{"@type":"WebPage","@id":"https:\/\/sanatate.md\/ro\/boli-si-tratament\/boli-ale-ochiului\/ambliopia-isterica\/","url":"https:\/\/sanatate.md\/ro\/boli-si-tratament\/boli-ale-ochiului\/ambliopia-isterica\/","name":"Ambliopia isteric\u0103","isPartOf":{"@id":"https:\/\/sanatate.md\/ro\/#website"},"datePublished":"2018-02-23T13:12:55+00:00","description":"Ambliopia isteric\u0103 se caracterizeaz\u0103 prin \u00eenhibarea percep\u021biei sistemului vizual din creier.","breadcrumb":{"@id":"https:\/\/sanatate.md\/ro\/boli-si-tratament\/boli-ale-ochiului\/ambliopia-isterica\/#breadcrumb"},"inLanguage":"ro-RO","potentialAction":[{"@type":"ReadAction","target":["https:\/\/sanatate.md\/ro\/boli-si-tratament\/boli-ale-ochiului\/ambliopia-isterica\/"]}]},{"@type":"BreadcrumbList","@id":"https:\/\/sanatate.md\/ro\/boli-si-tratament\/boli-ale-ochiului\/ambliopia-isterica\/#breadcrumb","itemListElement":[{"@type":"ListItem","position":1,"name":"\u0413\u043b\u0430\u0432\u043d\u0430\u044f \u0441\u0442\u0440\u0430\u043d\u0438\u0446\u0430","item":"https:\/\/sanatate.md\/ro\/"},{"@type":"ListItem","position":2,"name":"Boli si tratament","item":"https:\/\/sanatate.md\/ro\/boli-si-tratament\/"},{"@type":"ListItem","position":3,"name":"Boli ale ochiului","item":"https:\/\/sanatate.md\/ro\/boli-si-tratament\/boli-ale-ochiului\/"},{"@type":"ListItem","position":4,"name":"Ambliopia isteric\u0103"}]},{"@type":"WebSite","@id":"https:\/\/sanatate.md\/ro\/#website","url":"https:\/\/sanatate.md\/ro\/","name":"Sanatate.md","description":"\u0416\u0443\u0440\u043d\u0430\u043b \u0434\u043b\u044f \u0432\u0441\u0435\u0439 \u0441\u0435\u043c\u044c\u0438 \u0432 \u041c\u043e\u043b\u0434\u043e\u0432\u0435","publisher":{"@id":"https:\/\/sanatate.md\/ro\/#organization"},"potentialAction":[{"@type":"SearchAction","target":{"@type":"EntryPoint","urlTemplate":"https:\/\/sanatate.md\/ro\/?s={search_term_string}"},"query-input":{"@type":"PropertyValueSpecification","valueRequired":true,"valueName":"search_term_string"}}],"inLanguage":"ro-RO"},{"@type":"Organization","@id":"https:\/\/sanatate.md\/ro\/#organization","name":"SANATATE","url":"https:\/\/sanatate.md\/ro\/","logo":{"@type":"ImageObject","inLanguage":"ro-RO","@id":"https:\/\/sanatate.md\/ro\/#\/schema\/logo\/image\/","url":"https:\/\/sanatate.md\/wp-content\/uploads\/2022\/01\/sanatate-logo.svg","contentUrl":"https:\/\/sanatate.md\/wp-content\/uploads\/2022\/01\/sanatate-logo.svg","width":"1024","height":"1024","caption":"SANATATE"},"image":{"@id":"https:\/\/sanatate.md\/ro\/#\/schema\/logo\/image\/"}}]}},"_links":{"self":[{"href":"https:\/\/sanatate.md\/ro\/wp-json\/wp\/v2\/pages\/53211","targetHints":{"allow":["GET"]}}],"collection":[{"href":"https:\/\/sanatate.md\/ro\/wp-json\/wp\/v2\/pages"}],"about":[{"href":"https:\/\/sanatate.md\/ro\/wp-json\/wp\/v2\/types\/page"}],"author":[{"embeddable":true,"href":"https:\/\/sanatate.md\/ro\/wp-json\/wp\/v2\/users\/28"}],"replies":[{"embeddable":true,"href":"https:\/\/sanatate.md\/ro\/wp-json\/wp\/v2\/comments?post=53211"}],"version-history":[{"count":0,"href":"https:\/\/sanatate.md\/ro\/wp-json\/wp\/v2\/pages\/53211\/revisions"}],"up":[{"embeddable":true,"href":"https:\/\/sanatate.md\/ro\/wp-json\/wp\/v2\/pages\/52990"}],"wp:attachment":[{"href":"https:\/\/sanatate.md\/ro\/wp-json\/wp\/v2\/media?parent=53211"}],"curies":[{"name":"wp","href":"https:\/\/api.w.org\/{rel}","templated":true}]}}