{"id":53849,"date":"2018-03-02T12:55:21","date_gmt":"2018-03-02T09:55:21","guid":{"rendered":"https:\/\/sanatate.md\/?page_id=53849"},"modified":"2018-03-02T12:55:21","modified_gmt":"2018-03-02T09:55:21","slug":"amiotrofia-neurala-sharcot-marie","status":"publish","type":"page","link":"https:\/\/sanatate.md\/ro\/boli-si-tratament\/boli-neurologice\/amiotrofia-neurala-sharcot-marie\/","title":{"rendered":"Amiotrofia neural\u0103 Sharcot-Marie"},"content":{"rendered":"<p>Ea este adesea denumit\u0103 \u00abamiotrofia neurogen\u0103, atrofia muscular\u0103 perineal\u0103\u00bb. Boala Charcot-Marie-Tooth (CMT) este deci o neuropatie periferic\u0103 ereditar\u0103, care se caracterizeaz\u0103 printr-o atrofie muscular\u0103 \u015fi o neuropatie senzitiv\u0103 progresiv\u0103 (afecteaz\u0103 nervii periferici) localizat\u0103 la nivelul extremit\u0103\u0163ii membrelor, adesea asociate cu picior scobit.<\/p>\n<h3>Cauzele apari\u0163iei<\/h3>\n<p>Aceast\u0103 boal\u0103 are o origine ereditar\u0103, principalul tip de transmisie fiind o metod\u0103 dominant\u0103 autosomal\u0103 \u00een 83% din cazuri, precum \u0219i o metod\u0103 autosomal\u0103 recesiv\u0103.<\/p>\n<h3>Simptomatologia<\/h3>\n<p>Etapa ini\u021bial\u0103 a bolii porne\u015fte din adolescen\u0163\u0103. Primele simptome sunt procesele atrofice din mu\u0219chii perineali cu dezvoltarea \u00een continuare a &#8220;mersului coco\u0219ului &#8220;.<\/p>\n<p>Atrofia muscular\u0103 se dezvolt\u0103 treptat \u0219i foarte lent. La o etap\u0103 \u00eenaintat\u0103 a bolii pot fi afectate bra\u0163ele superioare, ca urmare a faptului c\u0103 reflexele din tendoane dispar. Exist\u0103, de asemenea, senza\u021bii frecvente de durere la picioare, poate exista hipoestezia distal\u0103 de form\u0103 u\u0219oar\u0103. Func\u021biile de coordonare \u0219i activitatea mu\u015fchilor pelvieni nu sunt \u00eenc\u0103lcate, lichidul cefalorahidian r\u0103m\u00e2ne normal.<\/p>\n<p>Efectu\u00e2nd cercet\u0103ri cu privire la viteza trecerii prin termina\u021biile nervoase cu ajutorul electromiografiei, exper\u021bii au stabilit, c\u0103 amiotrofia neuronal\u0103 Charcot-Marie are o origine neurogen\u0103.<\/p>\n<h3>Diagnosticarea<\/h3>\n<p>Aceast\u0103 boal\u0103 este dificil de deosebit de diferite polinevrite cronice, c\u0103ror le este de asemenea caracteristic\u0103 atrofia muscular\u0103 a tipului distal. Spre deosebire de polinevrite, amiotrofia neural\u0103 este ereditar\u0103 \u0219i progreseaz\u0103 pe tot parcursul bolii.<\/p>\n<p>Amiotrofia neuronal\u0103 Charcot-Marie difer\u0103 de miopatia Hoffmann, prin faptul c\u0103 e prezent \u00een mu\u0219chi factorul zv\u00e2cnirilor, lipse\u015fte sensibilitatea. Aceast\u0103 boal\u0103 este de asemenea diagnosticat\u0103 prin examinarea electromiografic\u0103.<\/p>\n<h3>Tratamentul<\/h3>\n<p>Tratamentul acestei boli este simptomatic. Se administreaz\u0103:<br \/>\n\u2022 preparate anticholinesterazice;<br \/>\n\u2022 vitamine din grupa B;<br \/>\n\u2022 adenozin trifosfat;<br \/>\n\u2022 transfuziile sangvine regulate de aceea\u015fi grup\u0103;<br \/>\n\u2022 proceduri fizioterapeutice;<br \/>\n\u2022 masaje terapeutice;<br \/>\n\u2022 exerci\u021bii fizice u\u0219oare.<\/p>\n<p>Tratamentul se efectueaz\u0103 \u00een mai multe cursuri cu repet\u0103ri regulate. Dac\u0103 exist\u0103 deform\u0103ri de talp\u0103 (suspendate), se recomanda utilizarea \u00eenc\u0103l\u0163\u0103mintei ortopedice, \u00een caz de forme severe &#8211; interven\u0163ii chirurgicale (tenotomia).<\/p>\n<p>Un rol special, pentru un pacient sau o persoan\u0103 recuperate, este alegerea activit\u0103\u021bii profesionale, care nu ar trebui s\u0103 fie asociat\u0103 cu efort fizic. De asemenea, femeilor, care sunt diagnosticate cu amiotrofie neural\u0103 Sharko-Marie, li se recomand\u0103 s\u0103 nu nasc\u0103, deoarece exist\u0103 un risc mare de a na\u0219te un copil bolnav. Potrivit statisticilor, cincizeci la sut\u0103 din femeile cu aceast\u0103 boal\u0103 nasc copii bolnavi.<\/p>\n","protected":false},"excerpt":{"rendered":"<p>Ea este adesea denumit\u0103 \u00abamiotrofia neurogen\u0103, atrofia muscular\u0103 perineal\u0103\u00bb. Boala Charcot-Marie-Tooth (CMT) este deci o neuropatie periferic\u0103 ereditar\u0103, care se caracterizeaz\u0103 printr-o atrofie muscular\u0103 \u015fi o neuropatie senzitiv\u0103 progresiv\u0103 (afecteaz\u0103 nervii periferici) localizat\u0103 la nivelul extremit\u0103\u0163ii membrelor, adesea asociate cu picior scobit. Cauzele apari\u0163iei Aceast\u0103 boal\u0103 are o origine ereditar\u0103, principalul tip de transmisie fiind [&hellip;]<\/p>\n","protected":false},"author":28,"featured_media":0,"parent":52978,"menu_order":0,"comment_status":"closed","ping_status":"closed","template":"","meta":{"inline_featured_image":false,"footnotes":""},"class_list":["post-53849","page","type-page","status-publish"],"yoast_head":"<!-- This site is optimized with the Yoast SEO plugin v27.3 - https:\/\/yoast.com\/product\/yoast-seo-wordpress\/ -->\n<title>Amiotrofia neural\u0103 Sharcot-Marie<\/title>\n<meta name=\"description\" content=\"Ea este adesea denumit\u0103 \u00abamiotrofia neurogen\u0103, atrofia muscular\u0103 perineal\u0103\u00bb. Boala Charcot-Marie-Tooth (CMT) este deci o neuropatie periferic\u0103 ereditar\u0103,\" \/>\n<meta name=\"robots\" content=\"index, follow, max-snippet:-1, max-image-preview:large, max-video-preview:-1\" \/>\n<link rel=\"canonical\" href=\"https:\/\/sanatate.md\/ro\/boli-si-tratament\/boli-neurologice\/amiotrofia-neurala-sharcot-marie\/\" \/>\n<meta property=\"og:locale\" content=\"ro_RO\" \/>\n<meta property=\"og:type\" content=\"article\" \/>\n<meta property=\"og:title\" content=\"Amiotrofia neural\u0103 Sharcot-Marie\" \/>\n<meta property=\"og:description\" content=\"Ea este adesea denumit\u0103 \u00abamiotrofia neurogen\u0103, atrofia muscular\u0103 perineal\u0103\u00bb. Boala Charcot-Marie-Tooth (CMT) este deci o neuropatie periferic\u0103 ereditar\u0103,\" \/>\n<meta property=\"og:url\" content=\"https:\/\/sanatate.md\/ro\/boli-si-tratament\/boli-neurologice\/amiotrofia-neurala-sharcot-marie\/\" \/>\n<meta property=\"og:site_name\" content=\"Sanatate.md\" \/>\n<meta name=\"twitter:card\" content=\"summary_large_image\" \/>\n<meta name=\"twitter:label1\" content=\"Timp estimat pentru citire\" \/>\n\t<meta name=\"twitter:data1\" content=\"2 minute\" \/>\n<script type=\"application\/ld+json\" class=\"yoast-schema-graph\">{\"@context\":\"https:\\\/\\\/schema.org\",\"@graph\":[{\"@type\":\"WebPage\",\"@id\":\"https:\\\/\\\/sanatate.md\\\/ro\\\/boli-si-tratament\\\/boli-neurologice\\\/amiotrofia-neurala-sharcot-marie\\\/\",\"url\":\"https:\\\/\\\/sanatate.md\\\/ro\\\/boli-si-tratament\\\/boli-neurologice\\\/amiotrofia-neurala-sharcot-marie\\\/\",\"name\":\"Amiotrofia neural\u0103 Sharcot-Marie\",\"isPartOf\":{\"@id\":\"https:\\\/\\\/sanatate.md\\\/ro\\\/#website\"},\"datePublished\":\"2018-03-02T09:55:21+00:00\",\"description\":\"Ea este adesea denumit\u0103 \u00abamiotrofia neurogen\u0103, atrofia muscular\u0103 perineal\u0103\u00bb. Boala Charcot-Marie-Tooth (CMT) este deci o neuropatie periferic\u0103 ereditar\u0103,\",\"breadcrumb\":{\"@id\":\"https:\\\/\\\/sanatate.md\\\/ro\\\/boli-si-tratament\\\/boli-neurologice\\\/amiotrofia-neurala-sharcot-marie\\\/#breadcrumb\"},\"inLanguage\":\"ro-RO\",\"potentialAction\":[{\"@type\":\"ReadAction\",\"target\":[\"https:\\\/\\\/sanatate.md\\\/ro\\\/boli-si-tratament\\\/boli-neurologice\\\/amiotrofia-neurala-sharcot-marie\\\/\"]}]},{\"@type\":\"BreadcrumbList\",\"@id\":\"https:\\\/\\\/sanatate.md\\\/ro\\\/boli-si-tratament\\\/boli-neurologice\\\/amiotrofia-neurala-sharcot-marie\\\/#breadcrumb\",\"itemListElement\":[{\"@type\":\"ListItem\",\"position\":1,\"name\":\"\u0413\u043b\u0430\u0432\u043d\u0430\u044f \u0441\u0442\u0440\u0430\u043d\u0438\u0446\u0430\",\"item\":\"https:\\\/\\\/sanatate.md\\\/ro\\\/\"},{\"@type\":\"ListItem\",\"position\":2,\"name\":\"Boli si tratament\",\"item\":\"https:\\\/\\\/sanatate.md\\\/ro\\\/boli-si-tratament\\\/\"},{\"@type\":\"ListItem\",\"position\":3,\"name\":\"Boli neurologice\",\"item\":\"https:\\\/\\\/sanatate.md\\\/ro\\\/boli-si-tratament\\\/boli-neurologice\\\/\"},{\"@type\":\"ListItem\",\"position\":4,\"name\":\"Amiotrofia neural\u0103 Sharcot-Marie\"}]},{\"@type\":\"WebSite\",\"@id\":\"https:\\\/\\\/sanatate.md\\\/ro\\\/#website\",\"url\":\"https:\\\/\\\/sanatate.md\\\/ro\\\/\",\"name\":\"Sanatate.md\",\"description\":\"\u0416\u0443\u0440\u043d\u0430\u043b \u0434\u043b\u044f \u0432\u0441\u0435\u0439 \u0441\u0435\u043c\u044c\u0438 \u0432 \u041c\u043e\u043b\u0434\u043e\u0432\u0435\",\"publisher\":{\"@id\":\"https:\\\/\\\/sanatate.md\\\/ro\\\/#organization\"},\"potentialAction\":[{\"@type\":\"SearchAction\",\"target\":{\"@type\":\"EntryPoint\",\"urlTemplate\":\"https:\\\/\\\/sanatate.md\\\/ro\\\/?s={search_term_string}\"},\"query-input\":{\"@type\":\"PropertyValueSpecification\",\"valueRequired\":true,\"valueName\":\"search_term_string\"}}],\"inLanguage\":\"ro-RO\"},{\"@type\":\"Organization\",\"@id\":\"https:\\\/\\\/sanatate.md\\\/ro\\\/#organization\",\"name\":\"SANATATE\",\"url\":\"https:\\\/\\\/sanatate.md\\\/ro\\\/\",\"logo\":{\"@type\":\"ImageObject\",\"inLanguage\":\"ro-RO\",\"@id\":\"https:\\\/\\\/sanatate.md\\\/ro\\\/#\\\/schema\\\/logo\\\/image\\\/\",\"url\":\"https:\\\/\\\/sanatate.md\\\/wp-content\\\/uploads\\\/2022\\\/01\\\/sanatate-logo.svg\",\"contentUrl\":\"https:\\\/\\\/sanatate.md\\\/wp-content\\\/uploads\\\/2022\\\/01\\\/sanatate-logo.svg\",\"width\":\"1024\",\"height\":\"1024\",\"caption\":\"SANATATE\"},\"image\":{\"@id\":\"https:\\\/\\\/sanatate.md\\\/ro\\\/#\\\/schema\\\/logo\\\/image\\\/\"}}]}<\/script>\n<!-- \/ Yoast SEO plugin. -->","yoast_head_json":{"title":"Amiotrofia neural\u0103 Sharcot-Marie","description":"Ea este adesea denumit\u0103 \u00abamiotrofia neurogen\u0103, atrofia muscular\u0103 perineal\u0103\u00bb. Boala Charcot-Marie-Tooth (CMT) este deci o neuropatie periferic\u0103 ereditar\u0103,","robots":{"index":"index","follow":"follow","max-snippet":"max-snippet:-1","max-image-preview":"max-image-preview:large","max-video-preview":"max-video-preview:-1"},"canonical":"https:\/\/sanatate.md\/ro\/boli-si-tratament\/boli-neurologice\/amiotrofia-neurala-sharcot-marie\/","og_locale":"ro_RO","og_type":"article","og_title":"Amiotrofia neural\u0103 Sharcot-Marie","og_description":"Ea este adesea denumit\u0103 \u00abamiotrofia neurogen\u0103, atrofia muscular\u0103 perineal\u0103\u00bb. Boala Charcot-Marie-Tooth (CMT) este deci o neuropatie periferic\u0103 ereditar\u0103,","og_url":"https:\/\/sanatate.md\/ro\/boli-si-tratament\/boli-neurologice\/amiotrofia-neurala-sharcot-marie\/","og_site_name":"Sanatate.md","twitter_card":"summary_large_image","twitter_misc":{"Timp estimat pentru citire":"2 minute"},"schema":{"@context":"https:\/\/schema.org","@graph":[{"@type":"WebPage","@id":"https:\/\/sanatate.md\/ro\/boli-si-tratament\/boli-neurologice\/amiotrofia-neurala-sharcot-marie\/","url":"https:\/\/sanatate.md\/ro\/boli-si-tratament\/boli-neurologice\/amiotrofia-neurala-sharcot-marie\/","name":"Amiotrofia neural\u0103 Sharcot-Marie","isPartOf":{"@id":"https:\/\/sanatate.md\/ro\/#website"},"datePublished":"2018-03-02T09:55:21+00:00","description":"Ea este adesea denumit\u0103 \u00abamiotrofia neurogen\u0103, atrofia muscular\u0103 perineal\u0103\u00bb. Boala Charcot-Marie-Tooth (CMT) este deci o neuropatie periferic\u0103 ereditar\u0103,","breadcrumb":{"@id":"https:\/\/sanatate.md\/ro\/boli-si-tratament\/boli-neurologice\/amiotrofia-neurala-sharcot-marie\/#breadcrumb"},"inLanguage":"ro-RO","potentialAction":[{"@type":"ReadAction","target":["https:\/\/sanatate.md\/ro\/boli-si-tratament\/boli-neurologice\/amiotrofia-neurala-sharcot-marie\/"]}]},{"@type":"BreadcrumbList","@id":"https:\/\/sanatate.md\/ro\/boli-si-tratament\/boli-neurologice\/amiotrofia-neurala-sharcot-marie\/#breadcrumb","itemListElement":[{"@type":"ListItem","position":1,"name":"\u0413\u043b\u0430\u0432\u043d\u0430\u044f \u0441\u0442\u0440\u0430\u043d\u0438\u0446\u0430","item":"https:\/\/sanatate.md\/ro\/"},{"@type":"ListItem","position":2,"name":"Boli si tratament","item":"https:\/\/sanatate.md\/ro\/boli-si-tratament\/"},{"@type":"ListItem","position":3,"name":"Boli neurologice","item":"https:\/\/sanatate.md\/ro\/boli-si-tratament\/boli-neurologice\/"},{"@type":"ListItem","position":4,"name":"Amiotrofia neural\u0103 Sharcot-Marie"}]},{"@type":"WebSite","@id":"https:\/\/sanatate.md\/ro\/#website","url":"https:\/\/sanatate.md\/ro\/","name":"Sanatate.md","description":"\u0416\u0443\u0440\u043d\u0430\u043b \u0434\u043b\u044f \u0432\u0441\u0435\u0439 \u0441\u0435\u043c\u044c\u0438 \u0432 \u041c\u043e\u043b\u0434\u043e\u0432\u0435","publisher":{"@id":"https:\/\/sanatate.md\/ro\/#organization"},"potentialAction":[{"@type":"SearchAction","target":{"@type":"EntryPoint","urlTemplate":"https:\/\/sanatate.md\/ro\/?s={search_term_string}"},"query-input":{"@type":"PropertyValueSpecification","valueRequired":true,"valueName":"search_term_string"}}],"inLanguage":"ro-RO"},{"@type":"Organization","@id":"https:\/\/sanatate.md\/ro\/#organization","name":"SANATATE","url":"https:\/\/sanatate.md\/ro\/","logo":{"@type":"ImageObject","inLanguage":"ro-RO","@id":"https:\/\/sanatate.md\/ro\/#\/schema\/logo\/image\/","url":"https:\/\/sanatate.md\/wp-content\/uploads\/2022\/01\/sanatate-logo.svg","contentUrl":"https:\/\/sanatate.md\/wp-content\/uploads\/2022\/01\/sanatate-logo.svg","width":"1024","height":"1024","caption":"SANATATE"},"image":{"@id":"https:\/\/sanatate.md\/ro\/#\/schema\/logo\/image\/"}}]}},"_links":{"self":[{"href":"https:\/\/sanatate.md\/ro\/wp-json\/wp\/v2\/pages\/53849","targetHints":{"allow":["GET"]}}],"collection":[{"href":"https:\/\/sanatate.md\/ro\/wp-json\/wp\/v2\/pages"}],"about":[{"href":"https:\/\/sanatate.md\/ro\/wp-json\/wp\/v2\/types\/page"}],"author":[{"embeddable":true,"href":"https:\/\/sanatate.md\/ro\/wp-json\/wp\/v2\/users\/28"}],"replies":[{"embeddable":true,"href":"https:\/\/sanatate.md\/ro\/wp-json\/wp\/v2\/comments?post=53849"}],"version-history":[{"count":0,"href":"https:\/\/sanatate.md\/ro\/wp-json\/wp\/v2\/pages\/53849\/revisions"}],"up":[{"embeddable":true,"href":"https:\/\/sanatate.md\/ro\/wp-json\/wp\/v2\/pages\/52978"}],"wp:attachment":[{"href":"https:\/\/sanatate.md\/ro\/wp-json\/wp\/v2\/media?parent=53849"}],"curies":[{"name":"wp","href":"https:\/\/api.w.org\/{rel}","templated":true}]}}