{"id":53853,"date":"2018-03-02T13:05:57","date_gmt":"2018-03-02T10:05:57","guid":{"rendered":"https:\/\/sanatate.md\/?page_id=53853"},"modified":"2018-03-02T13:05:57","modified_gmt":"2018-03-02T10:05:57","slug":"amiloidoza","status":"publish","type":"page","link":"https:\/\/sanatate.md\/ro\/boli-si-tratament\/boli-ale-tractului-gastro-intestinal\/amiloidoza\/","title":{"rendered":"Amiloidoza"},"content":{"rendered":"<p>Amiloidoza\u00a0este o afec\u0163iune metabolic\u0103 incurabil\u0103, caracterizat\u0103 prin depunerea de proteine fibroase, insolubile, denumite amiloid, la nivelul diferitor organe \u015fi \u0163esuturi. Proteinele amiloidei sunt produse din cauza disfunc\u0163iei m\u0103duvei osoase. Boala poate afecta orice organ sau sistem al corpului, dar cel mai des sunt afectate: inima, rinichii, sistemul gastro-intestinal \u015fi sistemul nervos.<\/p>\n<p>Aceast\u0103 boal\u0103 duce la diverse consecin\u021be negative:<br \/>\n\u2022 procese atrofice \u00een organele interne;<br \/>\n\u2022 scleroza multipl\u0103;<br \/>\n\u2022 tulbur\u0103ri de inim\u0103, de rinichi etc.<\/p>\n<p>Boala, de obicei, apare la oameni \u00een v\u00e2rst\u0103 de peste 60 de ani.<\/p>\n<h3>Tipurile<\/h3>\n<p>Sunt caracteristice tipurile de amiloidoz\u0103:<\/p>\n<p>1. Starea de tip primar &#8212; schimb\u0103ri la nivel de celule:<br \/>\n&#8211; mielom;<br \/>\n&#8211; macroglobulinemia Waldenstrom; &#8211; hipergamaglobulinemia de form\u0103 monoclonal\u0103.<br \/>\n\u00cen cazul acestei boli, cre\u0219te nivelul de produc\u021bie a lan\u021burilor u\u0219oare de imunoglobuline, care fac parte din amiloidoze.<\/p>\n<p>2.Boala secundar\u0103 apare pe fondul bolilor inflamatorii de form\u0103 cronic\u0103:<br \/>\n&#8211; artrit\u0103 de form\u0103 reumatoid\u0103;<br \/>\n&#8211; tuberculoz\u0103 de diferite forme;<br \/>\n&#8211; lepr\u0103 \u0219i altele.<br \/>\n\u00cen componen\u021ba amiloidozei la aceste boli intr\u0103 proteine de tip fibrilar \u0219i produsele de clivaj ale acestuia (protein\u0103 amiloid seric\u0103).<\/p>\n<p>3.Amiloidoza idiopatic\u0103 de tip (familal\u0103) este caracterizat\u0103 de o anomalie ereditar\u0103 a enzimelor. Se disting mai multe tipuri. Odat\u0103 cu diagnosticul de &#8220;febr\u0103 mediteranean\u0103&#8221; pacientul dezvolt\u0103 o poliserozit\u0103, pentru care sunt caracteristice simptomele:<\/p>\n<ul>\n<li>senza\u021biile de durere \u00een zona abdomenului;<\/li>\n<li>convulsii febrile;<\/li>\n<li>pleurezie;<\/li>\n<li>erup\u021bii pe piele;<\/li>\n<li>artrit\u0103 de diferite forme.<\/li>\n<\/ul>\n<p>4.Amiloidoza sistemic\u0103 senil\u0103 se caracterizeaz\u0103 prin afectarea inimii, creierului \u0219i insulelor pancreatice, forme care se dezvolt\u0103 la o v\u00e2rst\u0103 \u00eenaintat\u0103.<\/p>\n<p>5. Dializa &#8211; apare \u00een cursul hemodializei.<\/p>\n<h3>Cauzele<\/h3>\n<p>Cauzele reale ale leziunilor organelor \u00een stare morbid\u0103 nu sunt \u00eenc\u0103 pe deplin stabilite, deoarece simptomele \u0219i evolu\u021bia bolii sunt diverse \u0219i depind de localizarea depozitelor de amiloid, nivelurile de prevalen\u021b\u0103, durata bolii \u0219i prezen\u021ba unor complica\u0163ii \u00een organism.<\/p>\n<h3>Amiloidoza: simptomele<\/h3>\n<p>\u00cen majoritatea cazurilor, exist\u0103 un \u00eentreg complex de semne simptomatice.<\/p>\n<p>Simptomatologia amiloidozei tractului gastro-intestinal:<\/p>\n<ul>\n<li>dificult\u0103\u0163i la \u00eenghi\u021bire;<\/li>\n<li>cre\u0219terea \u00een dimensiuni a limbii;<\/li>\n<li>tulbur\u0103ri de func\u021bionare a tractului gastro-intestinal;<\/li>\n<li>depunerile \u00een intestin sau stomac.<\/li>\n<\/ul>\n<p>Pentru aceast\u0103 form\u0103 a bolii este caracteristic\u0103 o dificultate la \u00eenghi\u021bire, c\u00e2nd se consum\u0103 alimente consistente, uscate, precum \u015fi eructa\u021bii.<\/p>\n<p>Amiloidoza gastric\u0103 prezint\u0103 semnele:<br \/>\n\u2022 senza\u021bie de greutate \u00een stomac dup\u0103 consumul de alimente;<br \/>\n\u2022 eructa\u021bii;<br \/>\n\u2022 starea de grea\u021b\u0103;<br \/>\n\u2022 arsuri la stomac.<br \/>\nSimptomele amiloidozei intestinale:<\/p>\n<p>\u2022 disconfort \u00een zona abdomenului;<br \/>\n\u2022 r\u00e2g\u00e2ial\u0103;<br \/>\n\u2022 senza\u021biile de durere abdominal\u0103 moderat\u0103;<br \/>\n\u2022 perturbarea scaunului.<br \/>\nForma tumoral\u0103 izolat\u0103 e asem\u0103n\u0103toare cu amiloidoza intestinal\u0103 \u015fi este marcat\u0103 de obstruc\u021bie intestinal\u0103, de regul\u0103, e detectat\u0103 \u00een timpul interven\u021biei chirurgicale.<\/p>\n<h3>Simptomatologia amiloidozei hepatice:<\/h3>\n<p>\u2022 cre\u0219terea \u00een dimensiuni a ficatului;<br \/>\n\u2022 cre\u0219terea tensiunii arteriale;<br \/>\n\u2022 \u00een unele cazuri \u2014 senza\u021biile de durere \u00een partea dreapt\u0103 sub coaste;<br \/>\n\u2022 grea\u021b\u0103;<br \/>\n\u2022 hemoragii caracteristice.<br \/>\nSimptomatologia amiloidozei pancreatice:<br \/>\n\u2022 durere \u00een partea st\u00e2ng\u0103 sub coaste;<br \/>\n\u2022 gag reflex;<br \/>\n\u2022 grea\u021b\u0103.<\/p>\n<h3>Simptomatologia amiloidozei la inim\u0103:<\/h3>\n<p>\u2022 insuficien\u021b\u0103 cardiac\u0103;<br \/>\n\u2022 aritmie;<br \/>\n\u2022 pseudoinfarct.<br \/>\nSimptome ale sistemului nervos:<br \/>\n\u2022 polineuropatia de tip periferic, care se caracterizeaz\u0103 prin senza\u021bie de arsur\u0103 la nivelul membrelor \u0219i, de asemenea, lipsa sensibilit\u0103\u021bii;<br \/>\n\u2022 \u00eenc\u0103lc\u0103ri \u00een activitatea sistemului vegetativ-vascular;<br \/>\n\u2022 hipotensiune arterial\u0103;<br \/>\n\u2022 la b\u0103rba\u021bi, probleme de erec\u0163ie;<br \/>\n\u2022 tulburare a sistemului urinar.<br \/>\nSimptomatologia amiloidozei cartilajului \u0219i tendoanelor:<br \/>\n\u2022 sindromul de tunel carpian, pentru care este caracteristic senza\u021biile de pulsa\u0163ii \u0219i furnic\u0103turi \u00een membre;<br \/>\n\u2022 poliartritele de diferite tipuri.<br \/>\nSemnul caracteristic al st\u0103rii patologice este cre\u0219terea \u00een dimensiuni a splinei.<\/p>\n<h3>Simptomatologia amiloidozei organelor sistemului respirator:<\/h3>\n<p>\u2022 r\u0103gu\u0219eal\u0103 \u00een voce;<br \/>\n\u2022 soiuri de bron\u0219it\u0103;<br \/>\n\u2022 amiloidoza pulmonar\u0103 de tip tumoral.<\/p>\n<p>La diferite forme de amiloidoz\u0103 se observ\u0103 leziuni ale pielii, se formeaz\u0103 structuri nodulare dense, structuri de pl\u0103ci, \u00een jurul ochilor apar hemoragii caracteristice. \u00cen unele cazuri, se observ\u0103 o func\u021bionare defectuoas\u0103 a glandei tiroide, rinichilor, suprarenalei.<\/p>\n<h3>Amiloidoza: diagnosticul<\/h3>\n<p>\u00centr-un studiu de diagnostic se observ\u0103 urm\u0103toarele condi\u021bii:<\/p>\n<p>\u2022 anemie,<br \/>\n\u2022 un nivel crescut de ESR,<br \/>\n\u2022 reducerea cantitativ\u0103 a proteinelor,<br \/>\n\u2022 trombocite;<br \/>\n\u2022 dac\u0103 ficatul este afectat \u2013 exist\u0103 nivel crescut de colesterol, uneori de bilirubin\u0103;<br \/>\n\u2022 la examinarea glandei tiroide se observ\u0103 o \u00eenc\u0103lcare a func\u021bion\u0103rii acesteia;<br \/>\n\u2022 \u00een jum\u0103tate din toate cazurile exist\u0103 insuficien\u021b\u0103 renal\u0103;<br \/>\n\u2022 la forma primar\u0103 a bolii \u00een plasma sanguin\u0103 este diagnosticat\u0103 o cre\u0219tere a amiloidului;<br \/>\n\u2022 la amiloidoza secundar\u0103, trebuie efectuat un test de laborator pentru prezen\u021ba bolilor inflamatorii;<br \/>\n\u2022 \u00een cadrul probelor de scaun, este stabilit\u0103 o cantitate crescut\u0103 de amidon, structuri grase \u0219i fibre de \u021besuturi musculare.<\/p>\n<h3>Metode de diagnostic:<\/h3>\n<p>\u2022 ecocardiografia (dac\u0103 exist\u0103 suspiciune de boli de inim\u0103);<br \/>\n\u2022 raze x;<br \/>\n\u2022 biopsia studiului organelor interne.<\/p>\n<h3>Tratamentul<\/h3>\n<p>La aceast\u0103 boal\u0103 este recomandat modul de tratament la domiciliu, dar \u00een caz de clinic\u0103 sever\u0103 (patologii cardiace, renale) este indicat tratamentul ambulatoriu.<br \/>\nLa forma primar\u0103 se administreaz\u0103 Chlorochina \u00een doz\u0103 de 0,25 g o dat\u0103 pe zi.<\/p>\n<p>La cea secundar\u0103 &#8212; tratament trebuie s\u0103 vizeze eliminarea simptomatologiei bolii de baz\u0103 \u2013 osteomielita, tuberculoza \u0219i altele. Tratamentul amiloidozei intestinului: medicamente de ac\u021biune liant\u0103 (Bismut subnitrat).<br \/>\n\u00cen calitate de terapii simptomatice &#8212; vitamine, diuretice, \u0219i, de asemenea, medicamente, care scad tensiunea arterial\u0103.<\/p>\n<h3>Alimentarea<\/h3>\n<p>O persoan\u0103 care sufer\u0103 de amiloidoz\u0103 pe o perioad\u0103 lung\u0103 de timp (p\u00e2n\u0103 la 2 ani) trebuie s\u0103 consume p\u00e2n\u0103 la 120 g ficat crud pe zi. De asemenea, pacientului diagnosticat cu insuficien\u021b\u0103 renal\u0103, \u00eei este recomandat s\u0103 limiteze consumul de proteine \u0219i sare.<\/p>\n<p>\u00cen unele cazuri, se efectueaz\u0103 interven\u021bia chirurgical\u0103 de \u00eendep\u0103rtare a splinei, ceea ce va da posibilitatea de a reduce cantitatea din organism amiloide.<\/p>\n<h3>Prevenirea<\/h3>\n<p>Eficien\u021ba m\u0103surilor de profilaxie depinde de tipul de aceast\u0103 boal\u0103, \u0219i punerea \u00een aplicare \u00een timp util de prevenire a ac\u021biunilor. \u00cen timpul sarcinii este necesar s\u0103 se treac\u0103 special\u0103 test genetic pentru a evita na\u0219terea unui copil cu amiloidoza ereditar\u0103 de tip. C\u00e2nd secundare form\u0103 de important \u00een timp util pentru a trata boli inflamatorii \u0219i repara purulente procesele de medicamente \u0430\u043d\u0442\u0438\u0431\u0438\u043e\u0442\u0438\u043a\u043e\u0432\u043e\u0439 de grup.<\/p>\n","protected":false},"excerpt":{"rendered":"<p>Amiloidoza\u00a0este o afec\u0163iune metabolic\u0103 incurabil\u0103, caracterizat\u0103 prin depunerea de proteine fibroase, insolubile, denumite amiloid, la nivelul diferitor organe \u015fi \u0163esuturi. Proteinele amiloidei sunt produse din cauza disfunc\u0163iei m\u0103duvei osoase. Boala poate afecta orice organ sau sistem al corpului, dar cel mai des sunt afectate: inima, rinichii, sistemul gastro-intestinal \u015fi sistemul nervos. Aceast\u0103 boal\u0103 duce la [&hellip;]<\/p>\n","protected":false},"author":28,"featured_media":0,"parent":52944,"menu_order":0,"comment_status":"closed","ping_status":"closed","template":"","meta":{"inline_featured_image":false,"footnotes":""},"class_list":["post-53853","page","type-page","status-publish"],"yoast_head":"<!-- This site is optimized with the Yoast SEO plugin v27.3 - https:\/\/yoast.com\/product\/yoast-seo-wordpress\/ -->\n<title>Amiloidoza<\/title>\n<meta name=\"description\" content=\"Amiloidoza\u00a0este o afec\u0163iune metabolic\u0103 incurabil\u0103, caracterizat\u0103 prin depunerea de proteine fibroase, insolubile, denumite amiloid, la nivelul diferitor organe \u015fi \u0163esuturi\" \/>\n<meta name=\"robots\" content=\"index, follow, max-snippet:-1, max-image-preview:large, max-video-preview:-1\" \/>\n<link rel=\"canonical\" href=\"https:\/\/sanatate.md\/ro\/boli-si-tratament\/boli-ale-tractului-gastro-intestinal\/amiloidoza\/\" \/>\n<meta property=\"og:locale\" content=\"ro_RO\" \/>\n<meta property=\"og:type\" content=\"article\" \/>\n<meta property=\"og:title\" content=\"Amiloidoza\" \/>\n<meta property=\"og:description\" content=\"Amiloidoza\u00a0este o afec\u0163iune metabolic\u0103 incurabil\u0103, caracterizat\u0103 prin depunerea de proteine fibroase, insolubile, denumite amiloid, la nivelul diferitor organe \u015fi \u0163esuturi\" \/>\n<meta property=\"og:url\" content=\"https:\/\/sanatate.md\/ro\/boli-si-tratament\/boli-ale-tractului-gastro-intestinal\/amiloidoza\/\" \/>\n<meta property=\"og:site_name\" content=\"Sanatate.md\" \/>\n<meta name=\"twitter:card\" content=\"summary_large_image\" \/>\n<meta name=\"twitter:label1\" content=\"Timp estimat pentru citire\" \/>\n\t<meta name=\"twitter:data1\" content=\"5 minute\" \/>\n<script type=\"application\/ld+json\" class=\"yoast-schema-graph\">{\"@context\":\"https:\\\/\\\/schema.org\",\"@graph\":[{\"@type\":\"WebPage\",\"@id\":\"https:\\\/\\\/sanatate.md\\\/ro\\\/boli-si-tratament\\\/boli-ale-tractului-gastro-intestinal\\\/amiloidoza\\\/\",\"url\":\"https:\\\/\\\/sanatate.md\\\/ro\\\/boli-si-tratament\\\/boli-ale-tractului-gastro-intestinal\\\/amiloidoza\\\/\",\"name\":\"Amiloidoza\",\"isPartOf\":{\"@id\":\"https:\\\/\\\/sanatate.md\\\/ro\\\/#website\"},\"datePublished\":\"2018-03-02T10:05:57+00:00\",\"description\":\"Amiloidoza\u00a0este o afec\u0163iune metabolic\u0103 incurabil\u0103, caracterizat\u0103 prin depunerea de proteine fibroase, insolubile, denumite amiloid, la nivelul diferitor organe \u015fi \u0163esuturi\",\"breadcrumb\":{\"@id\":\"https:\\\/\\\/sanatate.md\\\/ro\\\/boli-si-tratament\\\/boli-ale-tractului-gastro-intestinal\\\/amiloidoza\\\/#breadcrumb\"},\"inLanguage\":\"ro-RO\",\"potentialAction\":[{\"@type\":\"ReadAction\",\"target\":[\"https:\\\/\\\/sanatate.md\\\/ro\\\/boli-si-tratament\\\/boli-ale-tractului-gastro-intestinal\\\/amiloidoza\\\/\"]}]},{\"@type\":\"BreadcrumbList\",\"@id\":\"https:\\\/\\\/sanatate.md\\\/ro\\\/boli-si-tratament\\\/boli-ale-tractului-gastro-intestinal\\\/amiloidoza\\\/#breadcrumb\",\"itemListElement\":[{\"@type\":\"ListItem\",\"position\":1,\"name\":\"\u0413\u043b\u0430\u0432\u043d\u0430\u044f \u0441\u0442\u0440\u0430\u043d\u0438\u0446\u0430\",\"item\":\"https:\\\/\\\/sanatate.md\\\/ro\\\/\"},{\"@type\":\"ListItem\",\"position\":2,\"name\":\"Boli si tratament\",\"item\":\"https:\\\/\\\/sanatate.md\\\/ro\\\/boli-si-tratament\\\/\"},{\"@type\":\"ListItem\",\"position\":3,\"name\":\"Boli ale tractului gastro-intestinal\",\"item\":\"https:\\\/\\\/sanatate.md\\\/ro\\\/boli-si-tratament\\\/boli-ale-tractului-gastro-intestinal\\\/\"},{\"@type\":\"ListItem\",\"position\":4,\"name\":\"Amiloidoza\"}]},{\"@type\":\"WebSite\",\"@id\":\"https:\\\/\\\/sanatate.md\\\/ro\\\/#website\",\"url\":\"https:\\\/\\\/sanatate.md\\\/ro\\\/\",\"name\":\"Sanatate.md\",\"description\":\"\u0416\u0443\u0440\u043d\u0430\u043b \u0434\u043b\u044f \u0432\u0441\u0435\u0439 \u0441\u0435\u043c\u044c\u0438 \u0432 \u041c\u043e\u043b\u0434\u043e\u0432\u0435\",\"publisher\":{\"@id\":\"https:\\\/\\\/sanatate.md\\\/ro\\\/#organization\"},\"potentialAction\":[{\"@type\":\"SearchAction\",\"target\":{\"@type\":\"EntryPoint\",\"urlTemplate\":\"https:\\\/\\\/sanatate.md\\\/ro\\\/?s={search_term_string}\"},\"query-input\":{\"@type\":\"PropertyValueSpecification\",\"valueRequired\":true,\"valueName\":\"search_term_string\"}}],\"inLanguage\":\"ro-RO\"},{\"@type\":\"Organization\",\"@id\":\"https:\\\/\\\/sanatate.md\\\/ro\\\/#organization\",\"name\":\"SANATATE\",\"url\":\"https:\\\/\\\/sanatate.md\\\/ro\\\/\",\"logo\":{\"@type\":\"ImageObject\",\"inLanguage\":\"ro-RO\",\"@id\":\"https:\\\/\\\/sanatate.md\\\/ro\\\/#\\\/schema\\\/logo\\\/image\\\/\",\"url\":\"https:\\\/\\\/sanatate.md\\\/wp-content\\\/uploads\\\/2022\\\/01\\\/sanatate-logo.svg\",\"contentUrl\":\"https:\\\/\\\/sanatate.md\\\/wp-content\\\/uploads\\\/2022\\\/01\\\/sanatate-logo.svg\",\"width\":\"1024\",\"height\":\"1024\",\"caption\":\"SANATATE\"},\"image\":{\"@id\":\"https:\\\/\\\/sanatate.md\\\/ro\\\/#\\\/schema\\\/logo\\\/image\\\/\"}}]}<\/script>\n<!-- \/ Yoast SEO plugin. -->","yoast_head_json":{"title":"Amiloidoza","description":"Amiloidoza\u00a0este o afec\u0163iune metabolic\u0103 incurabil\u0103, caracterizat\u0103 prin depunerea de proteine fibroase, insolubile, denumite amiloid, la nivelul diferitor organe \u015fi \u0163esuturi","robots":{"index":"index","follow":"follow","max-snippet":"max-snippet:-1","max-image-preview":"max-image-preview:large","max-video-preview":"max-video-preview:-1"},"canonical":"https:\/\/sanatate.md\/ro\/boli-si-tratament\/boli-ale-tractului-gastro-intestinal\/amiloidoza\/","og_locale":"ro_RO","og_type":"article","og_title":"Amiloidoza","og_description":"Amiloidoza\u00a0este o afec\u0163iune metabolic\u0103 incurabil\u0103, caracterizat\u0103 prin depunerea de proteine fibroase, insolubile, denumite amiloid, la nivelul diferitor organe \u015fi \u0163esuturi","og_url":"https:\/\/sanatate.md\/ro\/boli-si-tratament\/boli-ale-tractului-gastro-intestinal\/amiloidoza\/","og_site_name":"Sanatate.md","twitter_card":"summary_large_image","twitter_misc":{"Timp estimat pentru citire":"5 minute"},"schema":{"@context":"https:\/\/schema.org","@graph":[{"@type":"WebPage","@id":"https:\/\/sanatate.md\/ro\/boli-si-tratament\/boli-ale-tractului-gastro-intestinal\/amiloidoza\/","url":"https:\/\/sanatate.md\/ro\/boli-si-tratament\/boli-ale-tractului-gastro-intestinal\/amiloidoza\/","name":"Amiloidoza","isPartOf":{"@id":"https:\/\/sanatate.md\/ro\/#website"},"datePublished":"2018-03-02T10:05:57+00:00","description":"Amiloidoza\u00a0este o afec\u0163iune metabolic\u0103 incurabil\u0103, caracterizat\u0103 prin depunerea de proteine fibroase, insolubile, denumite amiloid, la nivelul diferitor organe \u015fi \u0163esuturi","breadcrumb":{"@id":"https:\/\/sanatate.md\/ro\/boli-si-tratament\/boli-ale-tractului-gastro-intestinal\/amiloidoza\/#breadcrumb"},"inLanguage":"ro-RO","potentialAction":[{"@type":"ReadAction","target":["https:\/\/sanatate.md\/ro\/boli-si-tratament\/boli-ale-tractului-gastro-intestinal\/amiloidoza\/"]}]},{"@type":"BreadcrumbList","@id":"https:\/\/sanatate.md\/ro\/boli-si-tratament\/boli-ale-tractului-gastro-intestinal\/amiloidoza\/#breadcrumb","itemListElement":[{"@type":"ListItem","position":1,"name":"\u0413\u043b\u0430\u0432\u043d\u0430\u044f \u0441\u0442\u0440\u0430\u043d\u0438\u0446\u0430","item":"https:\/\/sanatate.md\/ro\/"},{"@type":"ListItem","position":2,"name":"Boli si tratament","item":"https:\/\/sanatate.md\/ro\/boli-si-tratament\/"},{"@type":"ListItem","position":3,"name":"Boli ale tractului gastro-intestinal","item":"https:\/\/sanatate.md\/ro\/boli-si-tratament\/boli-ale-tractului-gastro-intestinal\/"},{"@type":"ListItem","position":4,"name":"Amiloidoza"}]},{"@type":"WebSite","@id":"https:\/\/sanatate.md\/ro\/#website","url":"https:\/\/sanatate.md\/ro\/","name":"Sanatate.md","description":"\u0416\u0443\u0440\u043d\u0430\u043b \u0434\u043b\u044f \u0432\u0441\u0435\u0439 \u0441\u0435\u043c\u044c\u0438 \u0432 \u041c\u043e\u043b\u0434\u043e\u0432\u0435","publisher":{"@id":"https:\/\/sanatate.md\/ro\/#organization"},"potentialAction":[{"@type":"SearchAction","target":{"@type":"EntryPoint","urlTemplate":"https:\/\/sanatate.md\/ro\/?s={search_term_string}"},"query-input":{"@type":"PropertyValueSpecification","valueRequired":true,"valueName":"search_term_string"}}],"inLanguage":"ro-RO"},{"@type":"Organization","@id":"https:\/\/sanatate.md\/ro\/#organization","name":"SANATATE","url":"https:\/\/sanatate.md\/ro\/","logo":{"@type":"ImageObject","inLanguage":"ro-RO","@id":"https:\/\/sanatate.md\/ro\/#\/schema\/logo\/image\/","url":"https:\/\/sanatate.md\/wp-content\/uploads\/2022\/01\/sanatate-logo.svg","contentUrl":"https:\/\/sanatate.md\/wp-content\/uploads\/2022\/01\/sanatate-logo.svg","width":"1024","height":"1024","caption":"SANATATE"},"image":{"@id":"https:\/\/sanatate.md\/ro\/#\/schema\/logo\/image\/"}}]}},"_links":{"self":[{"href":"https:\/\/sanatate.md\/ro\/wp-json\/wp\/v2\/pages\/53853","targetHints":{"allow":["GET"]}}],"collection":[{"href":"https:\/\/sanatate.md\/ro\/wp-json\/wp\/v2\/pages"}],"about":[{"href":"https:\/\/sanatate.md\/ro\/wp-json\/wp\/v2\/types\/page"}],"author":[{"embeddable":true,"href":"https:\/\/sanatate.md\/ro\/wp-json\/wp\/v2\/users\/28"}],"replies":[{"embeddable":true,"href":"https:\/\/sanatate.md\/ro\/wp-json\/wp\/v2\/comments?post=53853"}],"version-history":[{"count":0,"href":"https:\/\/sanatate.md\/ro\/wp-json\/wp\/v2\/pages\/53853\/revisions"}],"up":[{"embeddable":true,"href":"https:\/\/sanatate.md\/ro\/wp-json\/wp\/v2\/pages\/52944"}],"wp:attachment":[{"href":"https:\/\/sanatate.md\/ro\/wp-json\/wp\/v2\/media?parent=53853"}],"curies":[{"name":"wp","href":"https:\/\/api.w.org\/{rel}","templated":true}]}}