{"id":53861,"date":"2018-03-02T13:39:35","date_gmt":"2018-03-02T10:39:35","guid":{"rendered":"https:\/\/sanatate.md\/?page_id=53861"},"modified":"2018-03-02T13:39:35","modified_gmt":"2018-03-02T10:39:35","slug":"debilitatea-mintala","status":"publish","type":"page","link":"https:\/\/sanatate.md\/ro\/boli-si-tratament\/boli-neurologice\/debilitatea-mintala\/","title":{"rendered":"Debilitatea mintal\u0103"},"content":{"rendered":"<p>Debilitatea mintal\u0103 &#8211; se caracterizeaz\u0103 prin g\u00e2ndire insuficient dezvoltat\u0103, tulbur\u0103ri de judecat\u0103 manifestat\u0103 prin \u00een\u0163elegere greoaie, limitat\u0103 la aspectele concrete ale fenomenelor.<\/p>\n<h3>Cauzele apari\u0163iei<\/h3>\n<p>Maladia se dezvolt\u0103 pe fondul recidivelor de boli astenice de tip somat, at\u00e2t \u00een \u200b\u200bforme prelungite c\u00e2t \u0219i cronice. Sistemul locomotor este constant excitat de natur\u0103 haotic\u0103. Astfel de oameni nu intr\u0103 \u00een contact, vorbirea le este incoerent\u0103 \u0219i const\u0103 din cuvinte rostite separat.<\/p>\n<p>Un simptom caracteristic al acestei boli, care o distinge de alte tulbur\u0103ri, este incoeren\u021ba &#8211; dezintegrarea g\u00e2ndirii.<\/p>\n<p>Reac\u021biile pacientului sunt labile, ba e pl\u00e2ng\u0103re\u0163, ba z\u00e2mbe\u015fte, e indiferent fa\u021b\u0103 de lumea \u00eenconjur\u0103toare. \u00cen timpul nop\u021bii pot s\u0103 apar\u0103 deliruri, are halucina\u021bii.<br \/>\nDac\u0103 debilitatea mintal\u0103 atinge apogeul, apar simptomele, care se caracterizeaz\u0103 prin stupoare, excita\u0163ii etc. C\u00e2nd persoana se recupereaz\u0103 complet, \u00eentreaga perioad\u0103 a bolii \u00een mintea lui este complet uitat\u0103.<\/p>\n<h3>Diagnosticarea<\/h3>\n<p>\u00cen cele mai multe cazuri boala se dezvolt\u0103 pe fundalul maladiei de tip somatic, de aceea este important s\u0103 o deosebim de delir, deoarece este necesar s\u0103 se efectueze un curs terapeutic de urgen\u021b\u0103. Debilitatea mintal\u0103 este o form\u0103 complicat\u0103 a tulbur\u0103rilor con\u0219tiente, care indic\u0103 o acutizare a st\u0103rii prognozate \u0219i a recuper\u0103rii ulterioare.<\/p>\n<h3>Metodele de tratament<\/h3>\n<p>Un rol special \u00een procesul tratamentului \u00eel au medicamente precum:<\/p>\n<p>\u2022 Solu\u021bie de Aminazin\u0103 de 2,5% (2-5 ml intramuscular);<br \/>\n\u2022 Solu\u021bie de Tiosulfat de sodiu de 30% (20 ml intravenos).<\/p>\n<p>\u00cen unele cazuri Aminazina poate avea contraindica\u021bii. \u00cen asemenea situa\u0163ii se recomand\u0103 administrarea lent\u0103 intravenos a solu\u021biei de Tiosulfat de sodiu de 30% \u00een combina\u021bie cu 5 ml de solu\u021bie de Sulfat de magneziu de 25% \u0219i subcutanat 1 ml de Pantopon de 2%.<br \/>\nPentru a ameliora starea excitat\u0103 bolnavului i se administreaz\u0103 Diazepam 20-30 mg (intravenos or intramuscular) sau 40-50 mg de Elenium (pe cale oral\u0103 sau intramuscular) \u0219i 5-8 mg de Fenazepam pe zi (oral).<\/p>\n<p>Pentru a-i re\u00eentoarce pacientului con\u0219tiin\u021ba, \u00een special pe fondalul tulbur\u0103rilor sistemului nervos central, e necesar de administrat sistematic prin perfuzie intravenoas\u0103 \u00een doze de 6-8 grame Piracetam. Dac\u0103 debilitatea mintal\u0103 e sever\u0103, se indic\u0103 16-18 grame pe zi (\u00eentr-o fiol\u0103 (5 mg de solu\u0163ie de 20%) se con\u0163ine 1 gram de Piracetam).<\/p>\n","protected":false},"excerpt":{"rendered":"<p>Debilitatea mintal\u0103 &#8211; se caracterizeaz\u0103 prin g\u00e2ndire insuficient dezvoltat\u0103, tulbur\u0103ri de judecat\u0103 manifestat\u0103 prin \u00een\u0163elegere greoaie, limitat\u0103 la aspectele concrete ale fenomenelor. Cauzele apari\u0163iei Maladia se dezvolt\u0103 pe fondul recidivelor de boli astenice de tip somat, at\u00e2t \u00een \u200b\u200bforme prelungite c\u00e2t \u0219i cronice. Sistemul locomotor este constant excitat de natur\u0103 haotic\u0103. Astfel de oameni nu [&hellip;]<\/p>\n","protected":false},"author":28,"featured_media":0,"parent":52978,"menu_order":0,"comment_status":"closed","ping_status":"closed","template":"","meta":{"inline_featured_image":false,"footnotes":""},"class_list":["post-53861","page","type-page","status-publish"],"yoast_head":"<!-- This site is optimized with the Yoast SEO plugin v27.3 - https:\/\/yoast.com\/product\/yoast-seo-wordpress\/ -->\n<title>Debilitatea mintal\u0103<\/title>\n<meta name=\"description\" content=\"Debilitatea mintal\u0103 - se caracterizeaz\u0103 prin g\u00e2ndire insuficient dezvoltat\u0103, tulbur\u0103ri de judecat\u0103 manifestat\u0103 prin \u00een\u0163elegere greoaie, limitat\u0103 la aspectele concrete ale fenomenelor.\" \/>\n<meta name=\"robots\" content=\"index, follow, max-snippet:-1, max-image-preview:large, max-video-preview:-1\" \/>\n<link rel=\"canonical\" href=\"https:\/\/sanatate.md\/ro\/boli-si-tratament\/boli-neurologice\/debilitatea-mintala\/\" \/>\n<meta property=\"og:locale\" content=\"ro_RO\" \/>\n<meta property=\"og:type\" content=\"article\" \/>\n<meta property=\"og:title\" content=\"Debilitatea mintal\u0103\" \/>\n<meta property=\"og:description\" content=\"Debilitatea mintal\u0103 - se caracterizeaz\u0103 prin g\u00e2ndire insuficient dezvoltat\u0103, tulbur\u0103ri de judecat\u0103 manifestat\u0103 prin \u00een\u0163elegere greoaie, limitat\u0103 la aspectele concrete ale fenomenelor.\" \/>\n<meta property=\"og:url\" content=\"https:\/\/sanatate.md\/ro\/boli-si-tratament\/boli-neurologice\/debilitatea-mintala\/\" \/>\n<meta property=\"og:site_name\" content=\"Sanatate.md\" \/>\n<meta name=\"twitter:card\" content=\"summary_large_image\" \/>\n<meta name=\"twitter:label1\" content=\"Timp estimat pentru citire\" \/>\n\t<meta name=\"twitter:data1\" content=\"2 minute\" \/>\n<script type=\"application\/ld+json\" class=\"yoast-schema-graph\">{\"@context\":\"https:\\\/\\\/schema.org\",\"@graph\":[{\"@type\":\"WebPage\",\"@id\":\"https:\\\/\\\/sanatate.md\\\/ro\\\/boli-si-tratament\\\/boli-neurologice\\\/debilitatea-mintala\\\/\",\"url\":\"https:\\\/\\\/sanatate.md\\\/ro\\\/boli-si-tratament\\\/boli-neurologice\\\/debilitatea-mintala\\\/\",\"name\":\"Debilitatea mintal\u0103\",\"isPartOf\":{\"@id\":\"https:\\\/\\\/sanatate.md\\\/ro\\\/#website\"},\"datePublished\":\"2018-03-02T10:39:35+00:00\",\"description\":\"Debilitatea mintal\u0103 - se caracterizeaz\u0103 prin g\u00e2ndire insuficient dezvoltat\u0103, tulbur\u0103ri de judecat\u0103 manifestat\u0103 prin \u00een\u0163elegere greoaie, limitat\u0103 la aspectele concrete ale fenomenelor.\",\"breadcrumb\":{\"@id\":\"https:\\\/\\\/sanatate.md\\\/ro\\\/boli-si-tratament\\\/boli-neurologice\\\/debilitatea-mintala\\\/#breadcrumb\"},\"inLanguage\":\"ro-RO\",\"potentialAction\":[{\"@type\":\"ReadAction\",\"target\":[\"https:\\\/\\\/sanatate.md\\\/ro\\\/boli-si-tratament\\\/boli-neurologice\\\/debilitatea-mintala\\\/\"]}]},{\"@type\":\"BreadcrumbList\",\"@id\":\"https:\\\/\\\/sanatate.md\\\/ro\\\/boli-si-tratament\\\/boli-neurologice\\\/debilitatea-mintala\\\/#breadcrumb\",\"itemListElement\":[{\"@type\":\"ListItem\",\"position\":1,\"name\":\"\u0413\u043b\u0430\u0432\u043d\u0430\u044f \u0441\u0442\u0440\u0430\u043d\u0438\u0446\u0430\",\"item\":\"https:\\\/\\\/sanatate.md\\\/ro\\\/\"},{\"@type\":\"ListItem\",\"position\":2,\"name\":\"Boli si tratament\",\"item\":\"https:\\\/\\\/sanatate.md\\\/ro\\\/boli-si-tratament\\\/\"},{\"@type\":\"ListItem\",\"position\":3,\"name\":\"Boli neurologice\",\"item\":\"https:\\\/\\\/sanatate.md\\\/ro\\\/boli-si-tratament\\\/boli-neurologice\\\/\"},{\"@type\":\"ListItem\",\"position\":4,\"name\":\"Debilitatea mintal\u0103\"}]},{\"@type\":\"WebSite\",\"@id\":\"https:\\\/\\\/sanatate.md\\\/ro\\\/#website\",\"url\":\"https:\\\/\\\/sanatate.md\\\/ro\\\/\",\"name\":\"Sanatate.md\",\"description\":\"\u0416\u0443\u0440\u043d\u0430\u043b \u0434\u043b\u044f \u0432\u0441\u0435\u0439 \u0441\u0435\u043c\u044c\u0438 \u0432 \u041c\u043e\u043b\u0434\u043e\u0432\u0435\",\"publisher\":{\"@id\":\"https:\\\/\\\/sanatate.md\\\/ro\\\/#organization\"},\"potentialAction\":[{\"@type\":\"SearchAction\",\"target\":{\"@type\":\"EntryPoint\",\"urlTemplate\":\"https:\\\/\\\/sanatate.md\\\/ro\\\/?s={search_term_string}\"},\"query-input\":{\"@type\":\"PropertyValueSpecification\",\"valueRequired\":true,\"valueName\":\"search_term_string\"}}],\"inLanguage\":\"ro-RO\"},{\"@type\":\"Organization\",\"@id\":\"https:\\\/\\\/sanatate.md\\\/ro\\\/#organization\",\"name\":\"SANATATE\",\"url\":\"https:\\\/\\\/sanatate.md\\\/ro\\\/\",\"logo\":{\"@type\":\"ImageObject\",\"inLanguage\":\"ro-RO\",\"@id\":\"https:\\\/\\\/sanatate.md\\\/ro\\\/#\\\/schema\\\/logo\\\/image\\\/\",\"url\":\"https:\\\/\\\/sanatate.md\\\/wp-content\\\/uploads\\\/2022\\\/01\\\/sanatate-logo.svg\",\"contentUrl\":\"https:\\\/\\\/sanatate.md\\\/wp-content\\\/uploads\\\/2022\\\/01\\\/sanatate-logo.svg\",\"width\":\"1024\",\"height\":\"1024\",\"caption\":\"SANATATE\"},\"image\":{\"@id\":\"https:\\\/\\\/sanatate.md\\\/ro\\\/#\\\/schema\\\/logo\\\/image\\\/\"}}]}<\/script>\n<!-- \/ Yoast SEO plugin. -->","yoast_head_json":{"title":"Debilitatea mintal\u0103","description":"Debilitatea mintal\u0103 - se caracterizeaz\u0103 prin g\u00e2ndire insuficient dezvoltat\u0103, tulbur\u0103ri de judecat\u0103 manifestat\u0103 prin \u00een\u0163elegere greoaie, limitat\u0103 la aspectele concrete ale fenomenelor.","robots":{"index":"index","follow":"follow","max-snippet":"max-snippet:-1","max-image-preview":"max-image-preview:large","max-video-preview":"max-video-preview:-1"},"canonical":"https:\/\/sanatate.md\/ro\/boli-si-tratament\/boli-neurologice\/debilitatea-mintala\/","og_locale":"ro_RO","og_type":"article","og_title":"Debilitatea mintal\u0103","og_description":"Debilitatea mintal\u0103 - se caracterizeaz\u0103 prin g\u00e2ndire insuficient dezvoltat\u0103, tulbur\u0103ri de judecat\u0103 manifestat\u0103 prin \u00een\u0163elegere greoaie, limitat\u0103 la aspectele concrete ale fenomenelor.","og_url":"https:\/\/sanatate.md\/ro\/boli-si-tratament\/boli-neurologice\/debilitatea-mintala\/","og_site_name":"Sanatate.md","twitter_card":"summary_large_image","twitter_misc":{"Timp estimat pentru citire":"2 minute"},"schema":{"@context":"https:\/\/schema.org","@graph":[{"@type":"WebPage","@id":"https:\/\/sanatate.md\/ro\/boli-si-tratament\/boli-neurologice\/debilitatea-mintala\/","url":"https:\/\/sanatate.md\/ro\/boli-si-tratament\/boli-neurologice\/debilitatea-mintala\/","name":"Debilitatea mintal\u0103","isPartOf":{"@id":"https:\/\/sanatate.md\/ro\/#website"},"datePublished":"2018-03-02T10:39:35+00:00","description":"Debilitatea mintal\u0103 - se caracterizeaz\u0103 prin g\u00e2ndire insuficient dezvoltat\u0103, tulbur\u0103ri de judecat\u0103 manifestat\u0103 prin \u00een\u0163elegere greoaie, limitat\u0103 la aspectele concrete ale fenomenelor.","breadcrumb":{"@id":"https:\/\/sanatate.md\/ro\/boli-si-tratament\/boli-neurologice\/debilitatea-mintala\/#breadcrumb"},"inLanguage":"ro-RO","potentialAction":[{"@type":"ReadAction","target":["https:\/\/sanatate.md\/ro\/boli-si-tratament\/boli-neurologice\/debilitatea-mintala\/"]}]},{"@type":"BreadcrumbList","@id":"https:\/\/sanatate.md\/ro\/boli-si-tratament\/boli-neurologice\/debilitatea-mintala\/#breadcrumb","itemListElement":[{"@type":"ListItem","position":1,"name":"\u0413\u043b\u0430\u0432\u043d\u0430\u044f \u0441\u0442\u0440\u0430\u043d\u0438\u0446\u0430","item":"https:\/\/sanatate.md\/ro\/"},{"@type":"ListItem","position":2,"name":"Boli si tratament","item":"https:\/\/sanatate.md\/ro\/boli-si-tratament\/"},{"@type":"ListItem","position":3,"name":"Boli neurologice","item":"https:\/\/sanatate.md\/ro\/boli-si-tratament\/boli-neurologice\/"},{"@type":"ListItem","position":4,"name":"Debilitatea mintal\u0103"}]},{"@type":"WebSite","@id":"https:\/\/sanatate.md\/ro\/#website","url":"https:\/\/sanatate.md\/ro\/","name":"Sanatate.md","description":"\u0416\u0443\u0440\u043d\u0430\u043b \u0434\u043b\u044f \u0432\u0441\u0435\u0439 \u0441\u0435\u043c\u044c\u0438 \u0432 \u041c\u043e\u043b\u0434\u043e\u0432\u0435","publisher":{"@id":"https:\/\/sanatate.md\/ro\/#organization"},"potentialAction":[{"@type":"SearchAction","target":{"@type":"EntryPoint","urlTemplate":"https:\/\/sanatate.md\/ro\/?s={search_term_string}"},"query-input":{"@type":"PropertyValueSpecification","valueRequired":true,"valueName":"search_term_string"}}],"inLanguage":"ro-RO"},{"@type":"Organization","@id":"https:\/\/sanatate.md\/ro\/#organization","name":"SANATATE","url":"https:\/\/sanatate.md\/ro\/","logo":{"@type":"ImageObject","inLanguage":"ro-RO","@id":"https:\/\/sanatate.md\/ro\/#\/schema\/logo\/image\/","url":"https:\/\/sanatate.md\/wp-content\/uploads\/2022\/01\/sanatate-logo.svg","contentUrl":"https:\/\/sanatate.md\/wp-content\/uploads\/2022\/01\/sanatate-logo.svg","width":"1024","height":"1024","caption":"SANATATE"},"image":{"@id":"https:\/\/sanatate.md\/ro\/#\/schema\/logo\/image\/"}}]}},"_links":{"self":[{"href":"https:\/\/sanatate.md\/ro\/wp-json\/wp\/v2\/pages\/53861","targetHints":{"allow":["GET"]}}],"collection":[{"href":"https:\/\/sanatate.md\/ro\/wp-json\/wp\/v2\/pages"}],"about":[{"href":"https:\/\/sanatate.md\/ro\/wp-json\/wp\/v2\/types\/page"}],"author":[{"embeddable":true,"href":"https:\/\/sanatate.md\/ro\/wp-json\/wp\/v2\/users\/28"}],"replies":[{"embeddable":true,"href":"https:\/\/sanatate.md\/ro\/wp-json\/wp\/v2\/comments?post=53861"}],"version-history":[{"count":0,"href":"https:\/\/sanatate.md\/ro\/wp-json\/wp\/v2\/pages\/53861\/revisions"}],"up":[{"embeddable":true,"href":"https:\/\/sanatate.md\/ro\/wp-json\/wp\/v2\/pages\/52978"}],"wp:attachment":[{"href":"https:\/\/sanatate.md\/ro\/wp-json\/wp\/v2\/media?parent=53861"}],"curies":[{"name":"wp","href":"https:\/\/api.w.org\/{rel}","templated":true}]}}