{"id":53865,"date":"2018-03-02T14:51:08","date_gmt":"2018-03-02T11:51:08","guid":{"rendered":"https:\/\/sanatate.md\/?page_id=53865"},"modified":"2018-03-02T14:51:08","modified_gmt":"2018-03-02T11:51:08","slug":"amoebiasis-dizenterie-amoebica","status":"publish","type":"page","link":"https:\/\/sanatate.md\/ro\/boli-si-tratament\/boli-infectioase\/amoebiasis-dizenterie-amoebica\/","title":{"rendered":"Amoebiasis (dizenterie amoebic\u0103)"},"content":{"rendered":"<p>Dizenteria amoebic\u0103 este o boal\u0103 \u00a0 infec\u021bioas\u0103 cu ulcera\u021biun\u012d \u00een intestinal gros. Se \u00eent\u00e2mpl\u0103 c\u0103 evolu\u021bia acestei boli este complicat\u0103 de procesele inflamatorii din ficat, pl\u0103m\u00e2ni \u0219i alte organe interne.<\/p>\n<h3>Cauzele<\/h3>\n<p>Agentul cauzator de amoebiaz\u0103 poate exista \u00een trei forme. Forma tipului vegetativ (eritrofage) fagocit\u0103 eritrocite se testeaz\u0103 exclusiv la pacien\u021bi. Forma tipului luminal \u0219i a celei cu chisturi se formeaz\u0103 numai \u00een purt\u0103tori amoebici.<\/p>\n<p>Infec\u021bia intr\u0103 \u00een tractul digestiv uman. Apoi \u00een intestinul gros chistul se transform\u0103 \u00een luminal. Boala se dezvolt\u0103 exclusiv atunci, c\u00e2nd forma tipului luminal este transformat\u0103 \u00eentr-o form\u0103 de \u021besut \u015fi \u00eencepe s\u0103 se \u00eenmul\u021beasc\u0103 \u00een pere\u021bii intestinului. \u00cen submucoas\u0103 se formeaz\u0103 procese inflamatorii minore. Apoi, abcesele se sparg \u00een lumenul intestinului \u0219i \u00eencep s\u0103 apar\u0103 forma\u021biuni ulcerative \u00een membrana mucoas\u0103.<\/p>\n<p>Amoeba dizenterial\u0103 de tip hematogen poate nimeri \u00een ficat, uneori \u00een alte organe interne<br \/>\n\u0219i contribuie la apari\u021bia abceselor unei ac\u021biuni specifice. Ca rezultat al form\u0103rii cicatricelor, care apar \u00een procesul de vindecare a forma\u021biunilor ulcerative, se poate \u00eengusta intestinul.<\/p>\n<h3>Simptomatologia<\/h3>\n<p>Perioada de incuba\u021bie a acestei boli poate dura de la o s\u0103pt\u0103m\u00e2n\u0103 p\u00e2n\u0103 la trei luni. \u00cen stadiul incipient se atest\u0103 schimb\u0103ri \u00een organismul omului:<\/p>\n<p>\u2022 sl\u0103biciune;<br \/>\n\u2022 frecvente dureri de cap;<br \/>\n\u2022 dureri la nivelul abdomenului;<br \/>\n\u2022 un scaun cu consisten\u021b\u0103 lichid\u0103 cu impurit\u0103\u021bi sangvine \u0219i mucus;<br \/>\n\u2022 temperatur\u0103 subfebril\u0103.<\/p>\n<p>Dup\u0103 perioada ini\u021bial\u0103, de regul\u0103, remisia e pe termen lung, dup\u0103 care boala revine mai acut \u0219i ia o form\u0103 cronic\u0103. Dac\u0103 tratamentul nu se efectueaz\u0103 la timp cu medicamente antiparazitare, forma cronic\u0103 de amoebiasis poate dura mai mult de zece ani.<\/p>\n<p>Boala cronic\u0103 are o form\u0103 continu\u0103 sau cu erup\u0163ii recurente. Simptomele ei:<\/p>\n<p>\u2022 dureri abdominale;<br \/>\n\u2022 diarea, care alterneaz\u0103 cu constipa\u021biile;<br \/>\n\u2022 prezen\u021ba impurit\u0103\u021bilor de s\u00e2nge \u00een fecale.<\/p>\n<p>Dac\u0103 boala are un curs lung sunt prezente:<\/p>\n<p>\u2022 sindromul asteniei;<br \/>\n\u2022 lipsa poftei de m\u00e2ncare;<br \/>\n\u2022 anemia hipocrom\u0103.<\/p>\n<p>\u00cen procesul de examinare prin metoda sigmoidoscopiei, sunt diagnosticate forma\u021biuni ulceroase ad\u00e2nci de p\u00e2n\u0103 la zece milimetri \u00een diametru. \u00cen ele se acumuleaz\u0103 puroi.<br \/>\nCa urmare a dezvolt\u0103rii amebiasisului se poate produce peritonita, deoarece apare perforarea \u0219i hemoragia \u00een intestine.<\/p>\n<p>La complica\u021biile extraintestinale se refer\u0103 \u015fi\u00a0abcesul ficatului, care poate ap\u0103rea at\u00e2t \u00een \u200b\u200bperioada de exacerb\u0103ri, dar \u0219i dup\u0103 un timp, c\u00e2nd deja nu mai exist\u0103 probleme pronun\u021bate \u00een activitatea intestinului.<\/p>\n<h3>\u00cen perioada de abces acut apar:<\/h3>\n<p>\u2022 febra;<br \/>\n\u2022 frisoanele;<br \/>\n\u2022 durerile sub coastele din dreapta.<\/p>\n<p>Prin examinarea cu raze X se determin\u0103 o pozi\u021bie \u00eenalt\u0103 a diafragmei sau o proeminen\u021b\u0103 local\u0103 a ei. \u00cen procesul de scanare a ficatului, se pot depista procese inflamatorii minore.<\/p>\n<p>Dac\u0103 abcesul e de form\u0103 cronic\u0103, intoxica\u021bia \u0219i starea febril\u0103 pot fi foarte slab exprimate \u0219i sunt greu de observat. Un astfel de abces poate p\u0103trunde \u00een organele interne \u0219i provoca formarea peritonitei purulente sau pleureziei. Poate \u00eencepe un abces subdiafragmatic.<\/p>\n<h3>Diagnosticarea<\/h3>\n<p>Diagnosticul este stabilit dup\u0103 confirmarea de laborator a prezen\u021bei \u00een fecale a formei vegetative cu celule ro\u0219ii din s\u00e2nge. Adesea aceast\u0103 form\u0103 de maladie e detectat\u0103 \u00een ulcera\u021biile intestinale \u00een timpul sigmoidoscopiei. Este important, ca acest tip de examinare s\u0103 fie efectuat \u00een cel mult dou\u0103zeci de minute dup\u0103 defecare sau de prezentare a analizei. De asemenea, medicina modern\u0103 propune efectuarea diagnosticului prin metode serologice.<\/p>\n<p>Este important de a deosebi dizenteria amoebic\u0103 de astfel de boli cum ar fi:<\/p>\n<p>\u2022 dizenteria;<br \/>\n\u2022 balantidiasis;<br \/>\n\u2022 colita ulcerativ\u0103 de tip nespecific;<br \/>\n\u2022 neoplasmele din intestinul gros.<\/p>\n<h3>Metodele de tratament<\/h3>\n<p>Se prescriu medicamentele:<\/p>\n<p>\u2022 solu\u021bie de 2% de Emetin clorhidrat (1,5-2 ml intramuscular de dou\u0103 ori pe zi timp de la cinci p\u00e2n\u0103 la \u0219apte zile; dup\u0103 o pauz\u0103 de \u0219apte zile &#8212; ciclul trebuie repetat);<br \/>\n\u2022 \u00een perioadele intermediare dintre dozele de Emetin clorhidrat se indic\u0103 Hingamin (0,25 grame de trei ori pe zi), Khiniophon (0,5 grame de trei ori pe zi). De asemenea, se iau preparate din grupul de tetraciclin\u0103 (0,5 grame de patru ori pe zi), monomicin\u0103 (1\/4 grame de la patru p\u00e2n\u0103 la \u0219ase ori pe zi timp de 5-7 zile).<\/p>\n<p>Cel mai eficient medicament pentru tratamentul medical al amebiasisului este Metronidazolul la o doz\u0103 de 0,5 &#8211; 0,75 grame de trei ori pe zi pentru 5 -7 zile. Acest medicament poate fi luat de c\u0103tre pacien\u021bii cu forme intestinale de amoebiasis, precum \u0219i cei cu forme extraintestinale.<\/p>\n<p>\u00cen cazul evolu\u0163iei inflama\u021biei amebice hepatice Metronidazolul poate fi luat \u015fi pe termen mai lung pentru a finaliza resorb\u021bia abcesului. Dac\u0103 \u00een ficat se dezvolt\u0103 abcese mari, este recomandat\u0103 interven\u021bia chirurgical\u0103.<\/p>\n<h3>M\u0103surile preventive<\/h3>\n<p>M\u0103surile preventive ale acestei boli constau \u00een detectarea la timp a focarelorl infectate \u0219i a modului lor de r\u0103sp\u00e2ndire. M\u0103surile trebuie s\u0103 vizeze sursele infec\u021bioase, identificarea \u0219i distrugerea produc\u0103tolor de spori. De asemenea, este important s\u0103 se identifice \u0219i s\u0103 se trateze pacien\u021bii cu forme acute de amoebioz\u0103.<\/p>\n<p>Persoanele, care s-au \u00eens\u0103n\u0103to\u015fit, sunt purt\u0103tori \u0219i nu pot fi admi\u0219i la serviciu \u00een sistemul de alimenta\u021bie public\u0103. De asemenea, este important s\u0103 se stabileasc\u0103 protec\u021bia sanitar\u0103 a mediului \u00eenconjur\u0103tor \u00eempotriva posibilei contamin\u0103ri prin fecale, control strict al sistemelor de canalizare, toalete, sisteme de alimentare cu ap\u0103.<\/p>\n<p>Persoanele recuperate ar trebui s\u0103 fie la eviden\u0163a medicului un an, examen\u00e2ndu-se regulat \u00een institu\u021biile specializate \u00een boli infec\u021bioase.<br \/>\nUn alt factor important \u00een prevenirea amebiasisului este popularizarea normelor sanitare cu privire la igiena \u0219i alimenta\u021bia s\u0103n\u0103toas\u0103 \u00een mase.<\/p>\n","protected":false},"excerpt":{"rendered":"<p>Dizenteria amoebic\u0103 este o boal\u0103 \u00a0 infec\u021bioas\u0103 cu ulcera\u021biun\u012d \u00een intestinal gros. Se \u00eent\u00e2mpl\u0103 c\u0103 evolu\u021bia acestei boli este complicat\u0103 de procesele inflamatorii din ficat, pl\u0103m\u00e2ni \u0219i alte organe interne. Cauzele Agentul cauzator de amoebiaz\u0103 poate exista \u00een trei forme. Forma tipului vegetativ (eritrofage) fagocit\u0103 eritrocite se testeaz\u0103 exclusiv la pacien\u021bi. Forma tipului luminal \u0219i [&hellip;]<\/p>\n","protected":false},"author":28,"featured_media":0,"parent":43668,"menu_order":0,"comment_status":"closed","ping_status":"closed","template":"","meta":{"inline_featured_image":false,"footnotes":""},"class_list":["post-53865","page","type-page","status-publish"],"yoast_head":"<!-- This site is optimized with the Yoast SEO plugin v27.3 - https:\/\/yoast.com\/product\/yoast-seo-wordpress\/ -->\n<title>Amoebiasis (dizenterie amoebic\u0103)<\/title>\n<meta name=\"description\" content=\"Dizenteria amoebic\u0103 este o boal\u0103 \u00a0 infec\u021bioas\u0103 cu ulcera\u021biun\u012d \u00een intestinal gros. Se \u00eent\u00e2mpl\u0103 c\u0103 evolu\u021bia acestei boli este complicat\u0103 de procesele inflamatorii din ficat, pl\u0103m\u00e2ni \u0219i alte organe interne.\" \/>\n<meta name=\"robots\" content=\"index, follow, max-snippet:-1, max-image-preview:large, max-video-preview:-1\" \/>\n<link rel=\"canonical\" href=\"https:\/\/sanatate.md\/ro\/boli-si-tratament\/boli-infectioase\/amoebiasis-dizenterie-amoebica\/\" \/>\n<meta property=\"og:locale\" content=\"ro_RO\" \/>\n<meta property=\"og:type\" content=\"article\" \/>\n<meta property=\"og:title\" content=\"Amoebiasis (dizenterie amoebic\u0103)\" \/>\n<meta property=\"og:description\" content=\"Dizenteria amoebic\u0103 este o boal\u0103 \u00a0 infec\u021bioas\u0103 cu ulcera\u021biun\u012d \u00een intestinal gros. Se \u00eent\u00e2mpl\u0103 c\u0103 evolu\u021bia acestei boli este complicat\u0103 de procesele inflamatorii din ficat, pl\u0103m\u00e2ni \u0219i alte organe interne.\" \/>\n<meta property=\"og:url\" content=\"https:\/\/sanatate.md\/ro\/boli-si-tratament\/boli-infectioase\/amoebiasis-dizenterie-amoebica\/\" \/>\n<meta property=\"og:site_name\" content=\"Sanatate.md\" \/>\n<meta name=\"twitter:card\" content=\"summary_large_image\" \/>\n<meta name=\"twitter:label1\" content=\"Timp estimat pentru citire\" \/>\n\t<meta name=\"twitter:data1\" content=\"5 minute\" \/>\n<script type=\"application\/ld+json\" class=\"yoast-schema-graph\">{\"@context\":\"https:\\\/\\\/schema.org\",\"@graph\":[{\"@type\":\"WebPage\",\"@id\":\"https:\\\/\\\/sanatate.md\\\/ro\\\/boli-si-tratament\\\/boli-infectioase\\\/amoebiasis-dizenterie-amoebica\\\/\",\"url\":\"https:\\\/\\\/sanatate.md\\\/ro\\\/boli-si-tratament\\\/boli-infectioase\\\/amoebiasis-dizenterie-amoebica\\\/\",\"name\":\"Amoebiasis (dizenterie amoebic\u0103)\",\"isPartOf\":{\"@id\":\"https:\\\/\\\/sanatate.md\\\/ro\\\/#website\"},\"datePublished\":\"2018-03-02T11:51:08+00:00\",\"description\":\"Dizenteria amoebic\u0103 este o boal\u0103 \u00a0 infec\u021bioas\u0103 cu ulcera\u021biun\u012d \u00een intestinal gros. Se \u00eent\u00e2mpl\u0103 c\u0103 evolu\u021bia acestei boli este complicat\u0103 de procesele inflamatorii din ficat, pl\u0103m\u00e2ni \u0219i alte organe interne.\",\"breadcrumb\":{\"@id\":\"https:\\\/\\\/sanatate.md\\\/ro\\\/boli-si-tratament\\\/boli-infectioase\\\/amoebiasis-dizenterie-amoebica\\\/#breadcrumb\"},\"inLanguage\":\"ro-RO\",\"potentialAction\":[{\"@type\":\"ReadAction\",\"target\":[\"https:\\\/\\\/sanatate.md\\\/ro\\\/boli-si-tratament\\\/boli-infectioase\\\/amoebiasis-dizenterie-amoebica\\\/\"]}]},{\"@type\":\"BreadcrumbList\",\"@id\":\"https:\\\/\\\/sanatate.md\\\/ro\\\/boli-si-tratament\\\/boli-infectioase\\\/amoebiasis-dizenterie-amoebica\\\/#breadcrumb\",\"itemListElement\":[{\"@type\":\"ListItem\",\"position\":1,\"name\":\"\u0413\u043b\u0430\u0432\u043d\u0430\u044f \u0441\u0442\u0440\u0430\u043d\u0438\u0446\u0430\",\"item\":\"https:\\\/\\\/sanatate.md\\\/ro\\\/\"},{\"@type\":\"ListItem\",\"position\":2,\"name\":\"Boli si tratament\",\"item\":\"https:\\\/\\\/sanatate.md\\\/ro\\\/boli-si-tratament\\\/\"},{\"@type\":\"ListItem\",\"position\":3,\"name\":\"Boli infec\u021bioase\",\"item\":\"https:\\\/\\\/sanatate.md\\\/ro\\\/boli-si-tratament\\\/boli-infectioase\\\/\"},{\"@type\":\"ListItem\",\"position\":4,\"name\":\"Amoebiasis (dizenterie amoebic\u0103)\"}]},{\"@type\":\"WebSite\",\"@id\":\"https:\\\/\\\/sanatate.md\\\/ro\\\/#website\",\"url\":\"https:\\\/\\\/sanatate.md\\\/ro\\\/\",\"name\":\"Sanatate.md\",\"description\":\"\u0416\u0443\u0440\u043d\u0430\u043b \u0434\u043b\u044f \u0432\u0441\u0435\u0439 \u0441\u0435\u043c\u044c\u0438 \u0432 \u041c\u043e\u043b\u0434\u043e\u0432\u0435\",\"publisher\":{\"@id\":\"https:\\\/\\\/sanatate.md\\\/ro\\\/#organization\"},\"potentialAction\":[{\"@type\":\"SearchAction\",\"target\":{\"@type\":\"EntryPoint\",\"urlTemplate\":\"https:\\\/\\\/sanatate.md\\\/ro\\\/?s={search_term_string}\"},\"query-input\":{\"@type\":\"PropertyValueSpecification\",\"valueRequired\":true,\"valueName\":\"search_term_string\"}}],\"inLanguage\":\"ro-RO\"},{\"@type\":\"Organization\",\"@id\":\"https:\\\/\\\/sanatate.md\\\/ro\\\/#organization\",\"name\":\"SANATATE\",\"url\":\"https:\\\/\\\/sanatate.md\\\/ro\\\/\",\"logo\":{\"@type\":\"ImageObject\",\"inLanguage\":\"ro-RO\",\"@id\":\"https:\\\/\\\/sanatate.md\\\/ro\\\/#\\\/schema\\\/logo\\\/image\\\/\",\"url\":\"https:\\\/\\\/sanatate.md\\\/wp-content\\\/uploads\\\/2022\\\/01\\\/sanatate-logo.svg\",\"contentUrl\":\"https:\\\/\\\/sanatate.md\\\/wp-content\\\/uploads\\\/2022\\\/01\\\/sanatate-logo.svg\",\"width\":\"1024\",\"height\":\"1024\",\"caption\":\"SANATATE\"},\"image\":{\"@id\":\"https:\\\/\\\/sanatate.md\\\/ro\\\/#\\\/schema\\\/logo\\\/image\\\/\"}}]}<\/script>\n<!-- \/ Yoast SEO plugin. -->","yoast_head_json":{"title":"Amoebiasis (dizenterie amoebic\u0103)","description":"Dizenteria amoebic\u0103 este o boal\u0103 \u00a0 infec\u021bioas\u0103 cu ulcera\u021biun\u012d \u00een intestinal gros. Se \u00eent\u00e2mpl\u0103 c\u0103 evolu\u021bia acestei boli este complicat\u0103 de procesele inflamatorii din ficat, pl\u0103m\u00e2ni \u0219i alte organe interne.","robots":{"index":"index","follow":"follow","max-snippet":"max-snippet:-1","max-image-preview":"max-image-preview:large","max-video-preview":"max-video-preview:-1"},"canonical":"https:\/\/sanatate.md\/ro\/boli-si-tratament\/boli-infectioase\/amoebiasis-dizenterie-amoebica\/","og_locale":"ro_RO","og_type":"article","og_title":"Amoebiasis (dizenterie amoebic\u0103)","og_description":"Dizenteria amoebic\u0103 este o boal\u0103 \u00a0 infec\u021bioas\u0103 cu ulcera\u021biun\u012d \u00een intestinal gros. Se \u00eent\u00e2mpl\u0103 c\u0103 evolu\u021bia acestei boli este complicat\u0103 de procesele inflamatorii din ficat, pl\u0103m\u00e2ni \u0219i alte organe interne.","og_url":"https:\/\/sanatate.md\/ro\/boli-si-tratament\/boli-infectioase\/amoebiasis-dizenterie-amoebica\/","og_site_name":"Sanatate.md","twitter_card":"summary_large_image","twitter_misc":{"Timp estimat pentru citire":"5 minute"},"schema":{"@context":"https:\/\/schema.org","@graph":[{"@type":"WebPage","@id":"https:\/\/sanatate.md\/ro\/boli-si-tratament\/boli-infectioase\/amoebiasis-dizenterie-amoebica\/","url":"https:\/\/sanatate.md\/ro\/boli-si-tratament\/boli-infectioase\/amoebiasis-dizenterie-amoebica\/","name":"Amoebiasis (dizenterie amoebic\u0103)","isPartOf":{"@id":"https:\/\/sanatate.md\/ro\/#website"},"datePublished":"2018-03-02T11:51:08+00:00","description":"Dizenteria amoebic\u0103 este o boal\u0103 \u00a0 infec\u021bioas\u0103 cu ulcera\u021biun\u012d \u00een intestinal gros. Se \u00eent\u00e2mpl\u0103 c\u0103 evolu\u021bia acestei boli este complicat\u0103 de procesele inflamatorii din ficat, pl\u0103m\u00e2ni \u0219i alte organe interne.","breadcrumb":{"@id":"https:\/\/sanatate.md\/ro\/boli-si-tratament\/boli-infectioase\/amoebiasis-dizenterie-amoebica\/#breadcrumb"},"inLanguage":"ro-RO","potentialAction":[{"@type":"ReadAction","target":["https:\/\/sanatate.md\/ro\/boli-si-tratament\/boli-infectioase\/amoebiasis-dizenterie-amoebica\/"]}]},{"@type":"BreadcrumbList","@id":"https:\/\/sanatate.md\/ro\/boli-si-tratament\/boli-infectioase\/amoebiasis-dizenterie-amoebica\/#breadcrumb","itemListElement":[{"@type":"ListItem","position":1,"name":"\u0413\u043b\u0430\u0432\u043d\u0430\u044f \u0441\u0442\u0440\u0430\u043d\u0438\u0446\u0430","item":"https:\/\/sanatate.md\/ro\/"},{"@type":"ListItem","position":2,"name":"Boli si tratament","item":"https:\/\/sanatate.md\/ro\/boli-si-tratament\/"},{"@type":"ListItem","position":3,"name":"Boli infec\u021bioase","item":"https:\/\/sanatate.md\/ro\/boli-si-tratament\/boli-infectioase\/"},{"@type":"ListItem","position":4,"name":"Amoebiasis (dizenterie amoebic\u0103)"}]},{"@type":"WebSite","@id":"https:\/\/sanatate.md\/ro\/#website","url":"https:\/\/sanatate.md\/ro\/","name":"Sanatate.md","description":"\u0416\u0443\u0440\u043d\u0430\u043b \u0434\u043b\u044f \u0432\u0441\u0435\u0439 \u0441\u0435\u043c\u044c\u0438 \u0432 \u041c\u043e\u043b\u0434\u043e\u0432\u0435","publisher":{"@id":"https:\/\/sanatate.md\/ro\/#organization"},"potentialAction":[{"@type":"SearchAction","target":{"@type":"EntryPoint","urlTemplate":"https:\/\/sanatate.md\/ro\/?s={search_term_string}"},"query-input":{"@type":"PropertyValueSpecification","valueRequired":true,"valueName":"search_term_string"}}],"inLanguage":"ro-RO"},{"@type":"Organization","@id":"https:\/\/sanatate.md\/ro\/#organization","name":"SANATATE","url":"https:\/\/sanatate.md\/ro\/","logo":{"@type":"ImageObject","inLanguage":"ro-RO","@id":"https:\/\/sanatate.md\/ro\/#\/schema\/logo\/image\/","url":"https:\/\/sanatate.md\/wp-content\/uploads\/2022\/01\/sanatate-logo.svg","contentUrl":"https:\/\/sanatate.md\/wp-content\/uploads\/2022\/01\/sanatate-logo.svg","width":"1024","height":"1024","caption":"SANATATE"},"image":{"@id":"https:\/\/sanatate.md\/ro\/#\/schema\/logo\/image\/"}}]}},"_links":{"self":[{"href":"https:\/\/sanatate.md\/ro\/wp-json\/wp\/v2\/pages\/53865","targetHints":{"allow":["GET"]}}],"collection":[{"href":"https:\/\/sanatate.md\/ro\/wp-json\/wp\/v2\/pages"}],"about":[{"href":"https:\/\/sanatate.md\/ro\/wp-json\/wp\/v2\/types\/page"}],"author":[{"embeddable":true,"href":"https:\/\/sanatate.md\/ro\/wp-json\/wp\/v2\/users\/28"}],"replies":[{"embeddable":true,"href":"https:\/\/sanatate.md\/ro\/wp-json\/wp\/v2\/comments?post=53865"}],"version-history":[{"count":0,"href":"https:\/\/sanatate.md\/ro\/wp-json\/wp\/v2\/pages\/53865\/revisions"}],"up":[{"embeddable":true,"href":"https:\/\/sanatate.md\/ro\/wp-json\/wp\/v2\/pages\/43668"}],"wp:attachment":[{"href":"https:\/\/sanatate.md\/ro\/wp-json\/wp\/v2\/media?parent=53865"}],"curies":[{"name":"wp","href":"https:\/\/api.w.org\/{rel}","templated":true}]}}