{"id":54808,"date":"2018-03-20T15:55:07","date_gmt":"2018-03-20T12:55:07","guid":{"rendered":"https:\/\/sanatate.md\/?page_id=54808"},"modified":"2018-03-20T15:55:07","modified_gmt":"2018-03-20T12:55:07","slug":"alopecia-androgenica","status":"publish","type":"page","link":"https:\/\/sanatate.md\/ro\/boli-si-tratament\/boli-ale-parului-si-ale-scalpului\/alopecia-androgenica\/","title":{"rendered":"Alopecia androgenic\u0103"},"content":{"rendered":"<p>Alopecia\u00a0androgenic\u0103\u00a0este o\u00a0afec\u0163iune foarte comun\u0103 a barba\u0163ilor \u015fi femeilor. Maladia este o chelie cauzat\u0103 de expunerea la foliculii de par ai unei variet\u0103\u0163i biologice active de testosteron, dihidrotestosteron. Cre\u0219terea nivelului de DHT in foliculii de par ale pielii capului duce la pierderea p\u0103rului: cantitatea de p\u0103r scade, cre\u0219te faza de repaus \u0219i scurteaz\u0103 faza de cre\u0219tere.<\/p>\n<p>Inciden\u0163a este considerat\u0103 a fi mai mare la b\u0103rba\u0163i, dec\u00e2t la femei. Este o afec\u0163iune, care apare la 50% dintre b\u0103rba\u0163i \u015fi similar de multe femei peste 40 de ani. Peste 13% dintre femeile \u00een premenopauz\u0103 raporteaza\u00a0alopecie\u00a0androgenica. Totusi,\u00a0inciden\u0163a cre\u015fte mai mult la femeile din menopauz\u0103.<\/p>\n<h3>Alopecia androgen\u0103 la b\u0103rba\u021bi<\/h3>\n<p>Maladia este diagnosticat\u0103 foarte des \u0219i poate \u00eencepe la v\u00e2rsta de dou\u0103zeci de ani. Odat\u0103 cu v\u00e2rsta, probabilitatea de manifestare a bolii este tot mai mare. P\u0103rul, de regul\u0103, cade pe coroan\u0103 \u0219i pe frunte, sub forma literei &#8220;M&#8221;. \u00cen aceste domenii, foliculii sunt foarte sensibili la dihidrotestosteron.<\/p>\n<h3>Alopecia androgenic\u0103 la femei<\/h3>\n<p>De\u0219i testosteronul este un hormon sexual masculin, acesta este prezent \u00een cantit\u0103\u021bi mici \u00een organismul feminin, astfel \u00eenc\u00e2t sexul feminin este, de asemenea, predispus la chelie. Dar evolu\u021bia bolii la femei difer\u0103 de alopecia androgenetic\u0103 la b\u0103rba\u021bi, deoarece chelirea \u00eencepe la o v\u00e2rst\u0103 mai t\u00e2rzie, dup\u0103 patruzeci de ani. P\u0103rul nu cade \u00een unele locuri, ci peste tot capul, se dilueaz\u0103, dar nu se formeaz\u0103 pat\u0103 chel.<\/p>\n<p>C\u0103derea p\u0103rului la femei este cel mai adesea asociat\u0103 cu diferite boli \u0219i condi\u021bii:<br \/>\n\u2022 sindromul ovarului polichistic;<br \/>\n\u2022 sarcina;<br \/>\n\u2022 menopauza.<\/p>\n<p>Abaterile minime ale fundalului hormonal, cre\u0219terea sensibilit\u0103\u021bii la dihidrotestosteron, pot provoca boala.<\/p>\n<h3>Tratamentul<\/h3>\n<p>Pentru a trata boala, aplica\u021bi Minoxidil. El este frecat \u00een pielea capului diminea\u021ba \u0219i seara. Medicamentul \u00eencetine\u0219te pierderea parului, face firele mai groase \u0219i promoveaz\u0103 cre\u0219terea lor rapid\u0103. Utiliza\u021bi Minoxidil la \u00eenceputul bolii, pentru a p\u0103stra p\u0103rul r\u0103mas.<br \/>\nCre\u0219terea p\u0103rului pe capul, unde deja s-a format chelia, nu este at\u00e2t de simplu. Finasterida este utilizat\u0103 la b\u0103rba\u021bi. Tratamentul \u00eenceput nu poate fi oprit, deoarece procesul de alopeciei se intensific\u0103.<\/p>\n<p>\u00cen prezent exist\u0103 o metod\u0103 bun\u0103 de izb\u0103vire de aceast\u0103 maladie. Este utilizat\u0103 cu succes interven\u021bia chirurgical\u0103 &#8211; transplantul de p\u0103r de la t\u00e2mple pe v\u00e2rful capului.<\/p>\n","protected":false},"excerpt":{"rendered":"<p>Alopecia\u00a0androgenic\u0103\u00a0este o\u00a0afec\u0163iune foarte comun\u0103 a barba\u0163ilor \u015fi femeilor. Maladia este o chelie cauzat\u0103 de expunerea la foliculii de par ai unei variet\u0103\u0163i biologice active de testosteron, dihidrotestosteron. Cre\u0219terea nivelului de DHT in foliculii de par ale pielii capului duce la pierderea p\u0103rului: cantitatea de p\u0103r scade, cre\u0219te faza de repaus \u0219i scurteaz\u0103 faza de cre\u0219tere. [&hellip;]<\/p>\n","protected":false},"author":28,"featured_media":0,"parent":52987,"menu_order":0,"comment_status":"closed","ping_status":"closed","template":"","meta":{"inline_featured_image":false,"footnotes":""},"class_list":["post-54808","page","type-page","status-publish"],"yoast_head":"<!-- This site is optimized with the Yoast SEO plugin v27.3 - https:\/\/yoast.com\/product\/yoast-seo-wordpress\/ -->\n<title>Alopecia androgenic\u0103<\/title>\n<meta name=\"description\" content=\"Alopecia\u00a0androgenic\u0103\u00a0este o\u00a0afec\u0163iune foarte comun\u0103 a barba\u0163ilor \u015fi femeilor. Maladia este o chelie cauzat\u0103 de expunerea la foliculii de par ai unei variet\u0103\u0163i biologice active de testosteron, dihidrotestosteron\" \/>\n<meta name=\"robots\" content=\"index, follow, max-snippet:-1, max-image-preview:large, max-video-preview:-1\" \/>\n<link rel=\"canonical\" href=\"https:\/\/sanatate.md\/ro\/boli-si-tratament\/boli-ale-parului-si-ale-scalpului\/alopecia-androgenica\/\" \/>\n<meta property=\"og:locale\" content=\"ro_RO\" \/>\n<meta property=\"og:type\" content=\"article\" \/>\n<meta property=\"og:title\" content=\"Alopecia androgenic\u0103\" \/>\n<meta property=\"og:description\" content=\"Alopecia\u00a0androgenic\u0103\u00a0este o\u00a0afec\u0163iune foarte comun\u0103 a barba\u0163ilor \u015fi femeilor. Maladia este o chelie cauzat\u0103 de expunerea la foliculii de par ai unei variet\u0103\u0163i biologice active de testosteron, dihidrotestosteron\" \/>\n<meta property=\"og:url\" content=\"https:\/\/sanatate.md\/ro\/boli-si-tratament\/boli-ale-parului-si-ale-scalpului\/alopecia-androgenica\/\" \/>\n<meta property=\"og:site_name\" content=\"Sanatate.md\" \/>\n<meta name=\"twitter:card\" content=\"summary_large_image\" \/>\n<meta name=\"twitter:label1\" content=\"Timp estimat pentru citire\" \/>\n\t<meta name=\"twitter:data1\" content=\"2 minute\" \/>\n<script type=\"application\/ld+json\" class=\"yoast-schema-graph\">{\"@context\":\"https:\\\/\\\/schema.org\",\"@graph\":[{\"@type\":\"WebPage\",\"@id\":\"https:\\\/\\\/sanatate.md\\\/ro\\\/boli-si-tratament\\\/boli-ale-parului-si-ale-scalpului\\\/alopecia-androgenica\\\/\",\"url\":\"https:\\\/\\\/sanatate.md\\\/ro\\\/boli-si-tratament\\\/boli-ale-parului-si-ale-scalpului\\\/alopecia-androgenica\\\/\",\"name\":\"Alopecia androgenic\u0103\",\"isPartOf\":{\"@id\":\"https:\\\/\\\/sanatate.md\\\/ro\\\/#website\"},\"datePublished\":\"2018-03-20T12:55:07+00:00\",\"description\":\"Alopecia\u00a0androgenic\u0103\u00a0este o\u00a0afec\u0163iune foarte comun\u0103 a barba\u0163ilor \u015fi femeilor. Maladia este o chelie cauzat\u0103 de expunerea la foliculii de par ai unei variet\u0103\u0163i biologice active de testosteron, dihidrotestosteron\",\"breadcrumb\":{\"@id\":\"https:\\\/\\\/sanatate.md\\\/ro\\\/boli-si-tratament\\\/boli-ale-parului-si-ale-scalpului\\\/alopecia-androgenica\\\/#breadcrumb\"},\"inLanguage\":\"ro-RO\",\"potentialAction\":[{\"@type\":\"ReadAction\",\"target\":[\"https:\\\/\\\/sanatate.md\\\/ro\\\/boli-si-tratament\\\/boli-ale-parului-si-ale-scalpului\\\/alopecia-androgenica\\\/\"]}]},{\"@type\":\"BreadcrumbList\",\"@id\":\"https:\\\/\\\/sanatate.md\\\/ro\\\/boli-si-tratament\\\/boli-ale-parului-si-ale-scalpului\\\/alopecia-androgenica\\\/#breadcrumb\",\"itemListElement\":[{\"@type\":\"ListItem\",\"position\":1,\"name\":\"\u0413\u043b\u0430\u0432\u043d\u0430\u044f \u0441\u0442\u0440\u0430\u043d\u0438\u0446\u0430\",\"item\":\"https:\\\/\\\/sanatate.md\\\/ro\\\/\"},{\"@type\":\"ListItem\",\"position\":2,\"name\":\"Boli si tratament\",\"item\":\"https:\\\/\\\/sanatate.md\\\/ro\\\/boli-si-tratament\\\/\"},{\"@type\":\"ListItem\",\"position\":3,\"name\":\"Boli ale p\u0103rului \u0219i ale scalpului\",\"item\":\"https:\\\/\\\/sanatate.md\\\/ro\\\/boli-si-tratament\\\/boli-ale-parului-si-ale-scalpului\\\/\"},{\"@type\":\"ListItem\",\"position\":4,\"name\":\"Alopecia androgenic\u0103\"}]},{\"@type\":\"WebSite\",\"@id\":\"https:\\\/\\\/sanatate.md\\\/ro\\\/#website\",\"url\":\"https:\\\/\\\/sanatate.md\\\/ro\\\/\",\"name\":\"Sanatate.md\",\"description\":\"\u0416\u0443\u0440\u043d\u0430\u043b \u0434\u043b\u044f \u0432\u0441\u0435\u0439 \u0441\u0435\u043c\u044c\u0438 \u0432 \u041c\u043e\u043b\u0434\u043e\u0432\u0435\",\"publisher\":{\"@id\":\"https:\\\/\\\/sanatate.md\\\/ro\\\/#organization\"},\"potentialAction\":[{\"@type\":\"SearchAction\",\"target\":{\"@type\":\"EntryPoint\",\"urlTemplate\":\"https:\\\/\\\/sanatate.md\\\/ro\\\/?s={search_term_string}\"},\"query-input\":{\"@type\":\"PropertyValueSpecification\",\"valueRequired\":true,\"valueName\":\"search_term_string\"}}],\"inLanguage\":\"ro-RO\"},{\"@type\":\"Organization\",\"@id\":\"https:\\\/\\\/sanatate.md\\\/ro\\\/#organization\",\"name\":\"SANATATE\",\"url\":\"https:\\\/\\\/sanatate.md\\\/ro\\\/\",\"logo\":{\"@type\":\"ImageObject\",\"inLanguage\":\"ro-RO\",\"@id\":\"https:\\\/\\\/sanatate.md\\\/ro\\\/#\\\/schema\\\/logo\\\/image\\\/\",\"url\":\"https:\\\/\\\/sanatate.md\\\/wp-content\\\/uploads\\\/2022\\\/01\\\/sanatate-logo.svg\",\"contentUrl\":\"https:\\\/\\\/sanatate.md\\\/wp-content\\\/uploads\\\/2022\\\/01\\\/sanatate-logo.svg\",\"width\":\"1024\",\"height\":\"1024\",\"caption\":\"SANATATE\"},\"image\":{\"@id\":\"https:\\\/\\\/sanatate.md\\\/ro\\\/#\\\/schema\\\/logo\\\/image\\\/\"}}]}<\/script>\n<!-- \/ Yoast SEO plugin. -->","yoast_head_json":{"title":"Alopecia androgenic\u0103","description":"Alopecia\u00a0androgenic\u0103\u00a0este o\u00a0afec\u0163iune foarte comun\u0103 a barba\u0163ilor \u015fi femeilor. Maladia este o chelie cauzat\u0103 de expunerea la foliculii de par ai unei variet\u0103\u0163i biologice active de testosteron, dihidrotestosteron","robots":{"index":"index","follow":"follow","max-snippet":"max-snippet:-1","max-image-preview":"max-image-preview:large","max-video-preview":"max-video-preview:-1"},"canonical":"https:\/\/sanatate.md\/ro\/boli-si-tratament\/boli-ale-parului-si-ale-scalpului\/alopecia-androgenica\/","og_locale":"ro_RO","og_type":"article","og_title":"Alopecia androgenic\u0103","og_description":"Alopecia\u00a0androgenic\u0103\u00a0este o\u00a0afec\u0163iune foarte comun\u0103 a barba\u0163ilor \u015fi femeilor. Maladia este o chelie cauzat\u0103 de expunerea la foliculii de par ai unei variet\u0103\u0163i biologice active de testosteron, dihidrotestosteron","og_url":"https:\/\/sanatate.md\/ro\/boli-si-tratament\/boli-ale-parului-si-ale-scalpului\/alopecia-androgenica\/","og_site_name":"Sanatate.md","twitter_card":"summary_large_image","twitter_misc":{"Timp estimat pentru citire":"2 minute"},"schema":{"@context":"https:\/\/schema.org","@graph":[{"@type":"WebPage","@id":"https:\/\/sanatate.md\/ro\/boli-si-tratament\/boli-ale-parului-si-ale-scalpului\/alopecia-androgenica\/","url":"https:\/\/sanatate.md\/ro\/boli-si-tratament\/boli-ale-parului-si-ale-scalpului\/alopecia-androgenica\/","name":"Alopecia androgenic\u0103","isPartOf":{"@id":"https:\/\/sanatate.md\/ro\/#website"},"datePublished":"2018-03-20T12:55:07+00:00","description":"Alopecia\u00a0androgenic\u0103\u00a0este o\u00a0afec\u0163iune foarte comun\u0103 a barba\u0163ilor \u015fi femeilor. Maladia este o chelie cauzat\u0103 de expunerea la foliculii de par ai unei variet\u0103\u0163i biologice active de testosteron, dihidrotestosteron","breadcrumb":{"@id":"https:\/\/sanatate.md\/ro\/boli-si-tratament\/boli-ale-parului-si-ale-scalpului\/alopecia-androgenica\/#breadcrumb"},"inLanguage":"ro-RO","potentialAction":[{"@type":"ReadAction","target":["https:\/\/sanatate.md\/ro\/boli-si-tratament\/boli-ale-parului-si-ale-scalpului\/alopecia-androgenica\/"]}]},{"@type":"BreadcrumbList","@id":"https:\/\/sanatate.md\/ro\/boli-si-tratament\/boli-ale-parului-si-ale-scalpului\/alopecia-androgenica\/#breadcrumb","itemListElement":[{"@type":"ListItem","position":1,"name":"\u0413\u043b\u0430\u0432\u043d\u0430\u044f \u0441\u0442\u0440\u0430\u043d\u0438\u0446\u0430","item":"https:\/\/sanatate.md\/ro\/"},{"@type":"ListItem","position":2,"name":"Boli si tratament","item":"https:\/\/sanatate.md\/ro\/boli-si-tratament\/"},{"@type":"ListItem","position":3,"name":"Boli ale p\u0103rului \u0219i ale scalpului","item":"https:\/\/sanatate.md\/ro\/boli-si-tratament\/boli-ale-parului-si-ale-scalpului\/"},{"@type":"ListItem","position":4,"name":"Alopecia androgenic\u0103"}]},{"@type":"WebSite","@id":"https:\/\/sanatate.md\/ro\/#website","url":"https:\/\/sanatate.md\/ro\/","name":"Sanatate.md","description":"\u0416\u0443\u0440\u043d\u0430\u043b \u0434\u043b\u044f \u0432\u0441\u0435\u0439 \u0441\u0435\u043c\u044c\u0438 \u0432 \u041c\u043e\u043b\u0434\u043e\u0432\u0435","publisher":{"@id":"https:\/\/sanatate.md\/ro\/#organization"},"potentialAction":[{"@type":"SearchAction","target":{"@type":"EntryPoint","urlTemplate":"https:\/\/sanatate.md\/ro\/?s={search_term_string}"},"query-input":{"@type":"PropertyValueSpecification","valueRequired":true,"valueName":"search_term_string"}}],"inLanguage":"ro-RO"},{"@type":"Organization","@id":"https:\/\/sanatate.md\/ro\/#organization","name":"SANATATE","url":"https:\/\/sanatate.md\/ro\/","logo":{"@type":"ImageObject","inLanguage":"ro-RO","@id":"https:\/\/sanatate.md\/ro\/#\/schema\/logo\/image\/","url":"https:\/\/sanatate.md\/wp-content\/uploads\/2022\/01\/sanatate-logo.svg","contentUrl":"https:\/\/sanatate.md\/wp-content\/uploads\/2022\/01\/sanatate-logo.svg","width":"1024","height":"1024","caption":"SANATATE"},"image":{"@id":"https:\/\/sanatate.md\/ro\/#\/schema\/logo\/image\/"}}]}},"_links":{"self":[{"href":"https:\/\/sanatate.md\/ro\/wp-json\/wp\/v2\/pages\/54808","targetHints":{"allow":["GET"]}}],"collection":[{"href":"https:\/\/sanatate.md\/ro\/wp-json\/wp\/v2\/pages"}],"about":[{"href":"https:\/\/sanatate.md\/ro\/wp-json\/wp\/v2\/types\/page"}],"author":[{"embeddable":true,"href":"https:\/\/sanatate.md\/ro\/wp-json\/wp\/v2\/users\/28"}],"replies":[{"embeddable":true,"href":"https:\/\/sanatate.md\/ro\/wp-json\/wp\/v2\/comments?post=54808"}],"version-history":[{"count":0,"href":"https:\/\/sanatate.md\/ro\/wp-json\/wp\/v2\/pages\/54808\/revisions"}],"up":[{"embeddable":true,"href":"https:\/\/sanatate.md\/ro\/wp-json\/wp\/v2\/pages\/52987"}],"wp:attachment":[{"href":"https:\/\/sanatate.md\/ro\/wp-json\/wp\/v2\/media?parent=54808"}],"curies":[{"name":"wp","href":"https:\/\/api.w.org\/{rel}","templated":true}]}}