{"id":54820,"date":"2018-03-20T16:37:02","date_gmt":"2018-03-20T13:37:02","guid":{"rendered":"https:\/\/sanatate.md\/?page_id=54820"},"modified":"2018-03-20T16:37:02","modified_gmt":"2018-03-20T13:37:02","slug":"angeita-pielii","status":"publish","type":"page","link":"https:\/\/sanatate.md\/ro\/boli-si-tratament\/boli-de-piele\/angeita-pielii\/","title":{"rendered":"Angeita pielii"},"content":{"rendered":"<p>Angeita pielii este un complex de dermatoze alergice inflamatorii, care afecteaz\u0103 vasele de s\u00e2nge dermo-hipodermice. Mai simplu \u2013 apari\u0163ia unui proces inflamator la nivelul peretelui unui vas sangvin.<\/p>\n<p>Aceast\u0103 inflama\u0163ie poate fi punctul de pornire a unor complica\u0163ii tip reac\u0163ie autoimun\u0103, alergie, \u00eengustarea canalului vasului afectat sau chiar obstruarea lui complet\u0103 (\u00een func\u0163ie de amploarea inflama\u0163iei).<br \/>\nConsecin\u0163a este cel mai ales reprezentat\u0103 de sc\u0103derea sau \u00eentreruperea irig\u0103rii \u0163esutului, organelor, pe care le deservea vasul respectiv.<\/p>\n<h3>Cauzele bolii<\/h3>\n<p>Cauzele nu au fost \u00eenc\u0103 studiate complet.\u00a0Oamenii de \u0219tiin\u021b\u0103 consider\u0103, c\u0103 angeita este o tulburare polietologic\u0103, dar este monopatogenetic\u0103 \u0219i poate ap\u0103rea din mai multe motive.<\/p>\n<p>\u00cen stadiul actual a c\u0103p\u0103tat o larg\u0103 dezvoltare \u015ftiin\u0163a genezei dermatozelor imune, care const\u0103 \u00een faptul, c\u0103 apari\u021bia lor este asociat\u0103 cu efectele distructive asupra peretelui vascular al complexului imunitar, care intr\u0103 \u00een compozi\u0163ia s\u00e2ngelui.<\/p>\n<h3>Simptome ale angeitei cutanate<\/h3>\n<p>Grupul polimorfic de dermatoz\u0103 are mai multe tr\u0103s\u0103turi comune:<\/p>\n<ul>\n<li>inflamarea pielii;<\/li>\n<li>erup\u021bii edematoase, cu hemoragii \u0219i necroze;<\/li>\n<li>simetria pielii inflamate;<\/li>\n<li>localizarea pe gambe;<\/li>\n<li>prezen\u021ba alergiilor, a bolilor vasculare, a reumatismului;<\/li>\n<li>infec\u021bii recente;<\/li>\n<li>intoleran\u021ba la anumite medicamente;<\/li>\n<li>forma acut\u0103 sau exacerbat\u0103.<\/li>\n<\/ul>\n<h3>Diagnosticul bolii<\/h3>\n<p>Maladia poate fi stabilit\u0103 pe baza simptomelor enumerate mai sus.\u00a0Dac\u0103 medicii consider\u0103, c\u0103 este dificil de diagnosticat, e necesar un studiu paleohistologic.\u00a0El se realizeaz\u0103 \u015fi \u00een cazul leziunilor cutanate tuberculoase, av\u00e2nd \u00een vedere v\u00e2rsta pacien\u021bilor, exacerbarea sezonier\u0103 a bolii, testul pozitiv Mantoux, tuberculoza altor organe.<\/p>\n<h3>Tratamentul<\/h3>\n<p>Tratamentul bolii const\u0103 \u00een m\u0103suri menite s\u0103 \u00eent\u0103reasc\u0103 starea general\u0103 a corpului, efectu\u00e2nd corectarea sistemului endocrin, restaurarea metabolismului.<\/p>\n<p>Pacientului \u00eei sunt prescrise medicamentele:<\/p>\n<ul>\n<li>antihistaminice;<\/li>\n<li>complexul de vitamine C, P, B15;<\/li>\n<li>gluconat de calciu.<\/li>\n<\/ul>\n<p>Dac\u0103 boala concomitent\u0103 este tuberculoza, pacientului i se prescriu antibiotice.<br \/>\n\u00cen caz de complica\u021bie a bolii, pacientului \u00eei sunt indicate proceduri de purificare a s\u00e2ngelui, corticosteroizi pentru o perioad\u0103 lung\u0103 de timp \u00een doze moderate.<\/p>\n<p>Pacientului cu forme cronice \u00eei sunt prescrise medicamente antibacteriene &#8211; chinoline (Delagil).\u00a0\u00cen caz de erup\u021bii pe piele pentru a elimina umflarea, m\u00e2nc\u0103rimea \u0219i inflama\u021bia se aplic\u0103 bandaje cu unguente din grupul corticosteroizilor.<\/p>\n","protected":false},"excerpt":{"rendered":"<p>Angeita pielii este un complex de dermatoze alergice inflamatorii, care afecteaz\u0103 vasele de s\u00e2nge dermo-hipodermice. Mai simplu \u2013 apari\u0163ia unui proces inflamator la nivelul peretelui unui vas sangvin. Aceast\u0103 inflama\u0163ie poate fi punctul de pornire a unor complica\u0163ii tip reac\u0163ie autoimun\u0103, alergie, \u00eengustarea canalului vasului afectat sau chiar obstruarea lui complet\u0103 (\u00een func\u0163ie de amploarea [&hellip;]<\/p>\n","protected":false},"author":28,"featured_media":0,"parent":38239,"menu_order":0,"comment_status":"closed","ping_status":"closed","template":"","meta":{"inline_featured_image":false,"footnotes":""},"class_list":["post-54820","page","type-page","status-publish"],"yoast_head":"<!-- This site is optimized with the Yoast SEO plugin v27.3 - https:\/\/yoast.com\/product\/yoast-seo-wordpress\/ -->\n<title>Angeita pielii<\/title>\n<meta name=\"description\" content=\"Angeita pielii este un complex de dermatoze alergice inflamatorii, care afecteaz\u0103 vasele de s\u00e2nge dermo-hipodermice.\" \/>\n<meta name=\"robots\" content=\"index, follow, max-snippet:-1, max-image-preview:large, max-video-preview:-1\" \/>\n<link rel=\"canonical\" href=\"https:\/\/sanatate.md\/ro\/boli-si-tratament\/boli-de-piele\/angeita-pielii\/\" \/>\n<meta property=\"og:locale\" content=\"ro_RO\" \/>\n<meta property=\"og:type\" content=\"article\" \/>\n<meta property=\"og:title\" content=\"Angeita pielii\" \/>\n<meta property=\"og:description\" content=\"Angeita pielii este un complex de dermatoze alergice inflamatorii, care afecteaz\u0103 vasele de s\u00e2nge dermo-hipodermice.\" \/>\n<meta property=\"og:url\" content=\"https:\/\/sanatate.md\/ro\/boli-si-tratament\/boli-de-piele\/angeita-pielii\/\" \/>\n<meta property=\"og:site_name\" content=\"Sanatate.md\" \/>\n<meta name=\"twitter:card\" content=\"summary_large_image\" \/>\n<meta name=\"twitter:label1\" content=\"Timp estimat pentru citire\" \/>\n\t<meta name=\"twitter:data1\" content=\"2 minute\" \/>\n<script type=\"application\/ld+json\" class=\"yoast-schema-graph\">{\"@context\":\"https:\\\/\\\/schema.org\",\"@graph\":[{\"@type\":\"WebPage\",\"@id\":\"https:\\\/\\\/sanatate.md\\\/ro\\\/boli-si-tratament\\\/boli-de-piele\\\/angeita-pielii\\\/\",\"url\":\"https:\\\/\\\/sanatate.md\\\/ro\\\/boli-si-tratament\\\/boli-de-piele\\\/angeita-pielii\\\/\",\"name\":\"Angeita pielii\",\"isPartOf\":{\"@id\":\"https:\\\/\\\/sanatate.md\\\/ro\\\/#website\"},\"datePublished\":\"2018-03-20T13:37:02+00:00\",\"description\":\"Angeita pielii este un complex de dermatoze alergice inflamatorii, care afecteaz\u0103 vasele de s\u00e2nge dermo-hipodermice.\",\"breadcrumb\":{\"@id\":\"https:\\\/\\\/sanatate.md\\\/ro\\\/boli-si-tratament\\\/boli-de-piele\\\/angeita-pielii\\\/#breadcrumb\"},\"inLanguage\":\"ro-RO\",\"potentialAction\":[{\"@type\":\"ReadAction\",\"target\":[\"https:\\\/\\\/sanatate.md\\\/ro\\\/boli-si-tratament\\\/boli-de-piele\\\/angeita-pielii\\\/\"]}]},{\"@type\":\"BreadcrumbList\",\"@id\":\"https:\\\/\\\/sanatate.md\\\/ro\\\/boli-si-tratament\\\/boli-de-piele\\\/angeita-pielii\\\/#breadcrumb\",\"itemListElement\":[{\"@type\":\"ListItem\",\"position\":1,\"name\":\"\u0413\u043b\u0430\u0432\u043d\u0430\u044f \u0441\u0442\u0440\u0430\u043d\u0438\u0446\u0430\",\"item\":\"https:\\\/\\\/sanatate.md\\\/ro\\\/\"},{\"@type\":\"ListItem\",\"position\":2,\"name\":\"Boli si tratament\",\"item\":\"https:\\\/\\\/sanatate.md\\\/ro\\\/boli-si-tratament\\\/\"},{\"@type\":\"ListItem\",\"position\":3,\"name\":\"Boli de piele\",\"item\":\"https:\\\/\\\/sanatate.md\\\/ro\\\/boli-si-tratament\\\/boli-de-piele\\\/\"},{\"@type\":\"ListItem\",\"position\":4,\"name\":\"Angeita pielii\"}]},{\"@type\":\"WebSite\",\"@id\":\"https:\\\/\\\/sanatate.md\\\/ro\\\/#website\",\"url\":\"https:\\\/\\\/sanatate.md\\\/ro\\\/\",\"name\":\"Sanatate.md\",\"description\":\"\u0416\u0443\u0440\u043d\u0430\u043b \u0434\u043b\u044f \u0432\u0441\u0435\u0439 \u0441\u0435\u043c\u044c\u0438 \u0432 \u041c\u043e\u043b\u0434\u043e\u0432\u0435\",\"publisher\":{\"@id\":\"https:\\\/\\\/sanatate.md\\\/ro\\\/#organization\"},\"potentialAction\":[{\"@type\":\"SearchAction\",\"target\":{\"@type\":\"EntryPoint\",\"urlTemplate\":\"https:\\\/\\\/sanatate.md\\\/ro\\\/?s={search_term_string}\"},\"query-input\":{\"@type\":\"PropertyValueSpecification\",\"valueRequired\":true,\"valueName\":\"search_term_string\"}}],\"inLanguage\":\"ro-RO\"},{\"@type\":\"Organization\",\"@id\":\"https:\\\/\\\/sanatate.md\\\/ro\\\/#organization\",\"name\":\"SANATATE\",\"url\":\"https:\\\/\\\/sanatate.md\\\/ro\\\/\",\"logo\":{\"@type\":\"ImageObject\",\"inLanguage\":\"ro-RO\",\"@id\":\"https:\\\/\\\/sanatate.md\\\/ro\\\/#\\\/schema\\\/logo\\\/image\\\/\",\"url\":\"https:\\\/\\\/sanatate.md\\\/wp-content\\\/uploads\\\/2022\\\/01\\\/sanatate-logo.svg\",\"contentUrl\":\"https:\\\/\\\/sanatate.md\\\/wp-content\\\/uploads\\\/2022\\\/01\\\/sanatate-logo.svg\",\"width\":\"1024\",\"height\":\"1024\",\"caption\":\"SANATATE\"},\"image\":{\"@id\":\"https:\\\/\\\/sanatate.md\\\/ro\\\/#\\\/schema\\\/logo\\\/image\\\/\"}}]}<\/script>\n<!-- \/ Yoast SEO plugin. -->","yoast_head_json":{"title":"Angeita pielii","description":"Angeita pielii este un complex de dermatoze alergice inflamatorii, care afecteaz\u0103 vasele de s\u00e2nge dermo-hipodermice.","robots":{"index":"index","follow":"follow","max-snippet":"max-snippet:-1","max-image-preview":"max-image-preview:large","max-video-preview":"max-video-preview:-1"},"canonical":"https:\/\/sanatate.md\/ro\/boli-si-tratament\/boli-de-piele\/angeita-pielii\/","og_locale":"ro_RO","og_type":"article","og_title":"Angeita pielii","og_description":"Angeita pielii este un complex de dermatoze alergice inflamatorii, care afecteaz\u0103 vasele de s\u00e2nge dermo-hipodermice.","og_url":"https:\/\/sanatate.md\/ro\/boli-si-tratament\/boli-de-piele\/angeita-pielii\/","og_site_name":"Sanatate.md","twitter_card":"summary_large_image","twitter_misc":{"Timp estimat pentru citire":"2 minute"},"schema":{"@context":"https:\/\/schema.org","@graph":[{"@type":"WebPage","@id":"https:\/\/sanatate.md\/ro\/boli-si-tratament\/boli-de-piele\/angeita-pielii\/","url":"https:\/\/sanatate.md\/ro\/boli-si-tratament\/boli-de-piele\/angeita-pielii\/","name":"Angeita pielii","isPartOf":{"@id":"https:\/\/sanatate.md\/ro\/#website"},"datePublished":"2018-03-20T13:37:02+00:00","description":"Angeita pielii este un complex de dermatoze alergice inflamatorii, care afecteaz\u0103 vasele de s\u00e2nge dermo-hipodermice.","breadcrumb":{"@id":"https:\/\/sanatate.md\/ro\/boli-si-tratament\/boli-de-piele\/angeita-pielii\/#breadcrumb"},"inLanguage":"ro-RO","potentialAction":[{"@type":"ReadAction","target":["https:\/\/sanatate.md\/ro\/boli-si-tratament\/boli-de-piele\/angeita-pielii\/"]}]},{"@type":"BreadcrumbList","@id":"https:\/\/sanatate.md\/ro\/boli-si-tratament\/boli-de-piele\/angeita-pielii\/#breadcrumb","itemListElement":[{"@type":"ListItem","position":1,"name":"\u0413\u043b\u0430\u0432\u043d\u0430\u044f \u0441\u0442\u0440\u0430\u043d\u0438\u0446\u0430","item":"https:\/\/sanatate.md\/ro\/"},{"@type":"ListItem","position":2,"name":"Boli si tratament","item":"https:\/\/sanatate.md\/ro\/boli-si-tratament\/"},{"@type":"ListItem","position":3,"name":"Boli de piele","item":"https:\/\/sanatate.md\/ro\/boli-si-tratament\/boli-de-piele\/"},{"@type":"ListItem","position":4,"name":"Angeita pielii"}]},{"@type":"WebSite","@id":"https:\/\/sanatate.md\/ro\/#website","url":"https:\/\/sanatate.md\/ro\/","name":"Sanatate.md","description":"\u0416\u0443\u0440\u043d\u0430\u043b \u0434\u043b\u044f \u0432\u0441\u0435\u0439 \u0441\u0435\u043c\u044c\u0438 \u0432 \u041c\u043e\u043b\u0434\u043e\u0432\u0435","publisher":{"@id":"https:\/\/sanatate.md\/ro\/#organization"},"potentialAction":[{"@type":"SearchAction","target":{"@type":"EntryPoint","urlTemplate":"https:\/\/sanatate.md\/ro\/?s={search_term_string}"},"query-input":{"@type":"PropertyValueSpecification","valueRequired":true,"valueName":"search_term_string"}}],"inLanguage":"ro-RO"},{"@type":"Organization","@id":"https:\/\/sanatate.md\/ro\/#organization","name":"SANATATE","url":"https:\/\/sanatate.md\/ro\/","logo":{"@type":"ImageObject","inLanguage":"ro-RO","@id":"https:\/\/sanatate.md\/ro\/#\/schema\/logo\/image\/","url":"https:\/\/sanatate.md\/wp-content\/uploads\/2022\/01\/sanatate-logo.svg","contentUrl":"https:\/\/sanatate.md\/wp-content\/uploads\/2022\/01\/sanatate-logo.svg","width":"1024","height":"1024","caption":"SANATATE"},"image":{"@id":"https:\/\/sanatate.md\/ro\/#\/schema\/logo\/image\/"}}]}},"_links":{"self":[{"href":"https:\/\/sanatate.md\/ro\/wp-json\/wp\/v2\/pages\/54820","targetHints":{"allow":["GET"]}}],"collection":[{"href":"https:\/\/sanatate.md\/ro\/wp-json\/wp\/v2\/pages"}],"about":[{"href":"https:\/\/sanatate.md\/ro\/wp-json\/wp\/v2\/types\/page"}],"author":[{"embeddable":true,"href":"https:\/\/sanatate.md\/ro\/wp-json\/wp\/v2\/users\/28"}],"replies":[{"embeddable":true,"href":"https:\/\/sanatate.md\/ro\/wp-json\/wp\/v2\/comments?post=54820"}],"version-history":[{"count":0,"href":"https:\/\/sanatate.md\/ro\/wp-json\/wp\/v2\/pages\/54820\/revisions"}],"up":[{"embeddable":true,"href":"https:\/\/sanatate.md\/ro\/wp-json\/wp\/v2\/pages\/38239"}],"wp:attachment":[{"href":"https:\/\/sanatate.md\/ro\/wp-json\/wp\/v2\/media?parent=54820"}],"curies":[{"name":"wp","href":"https:\/\/api.w.org\/{rel}","templated":true}]}}