{"id":54828,"date":"2018-03-20T17:20:39","date_gmt":"2018-03-20T14:20:39","guid":{"rendered":"https:\/\/sanatate.md\/?page_id=54828"},"modified":"2018-03-20T17:20:39","modified_gmt":"2018-03-20T14:20:39","slug":"stresul-si-tulburarile-de-adaptare","status":"publish","type":"page","link":"https:\/\/sanatate.md\/ro\/boli-si-tratament\/afectiuni-psihice\/stresul-si-tulburarile-de-adaptare\/","title":{"rendered":"Stresul \u0219i tulbur\u0103rile de adaptare"},"content":{"rendered":"<p>Stresul este o reac\u021bie nespecific\u0103 de diferite niveluri care apare ca r\u0103spuns la impacturile puternice ale factorilor iritabili. Stresul se manifest\u0103 prin urm\u0103toarele feluri de tulbur\u0103ri: fiziologice, psihice \u0219i de comportament.<\/p>\n<h3>Tipuri<\/h3>\n<p>Putem diferen\u021bia urm\u0103toarele tipuri esen\u021biale ale stresului:<\/p>\n<p>\u2022 Psihologic;<br \/>\n\u2022 Fiziologic.<\/p>\n<p>Stresul psihologic poate fi de dou\u0103 tipuri:<br \/>\n\u2022 Informativ;<br \/>\n\u2022 Emotiv.<\/p>\n<p>De stresul psihologic \u021bin at\u00e2t evenimentele \u0219i fenomenele pozitive c\u00e2t \u0219i cele negative. De exemplu: starea de stres poate ap\u0103rea \u00een timpul perceperii informa\u021biei precum c\u0103 o persoan\u0103 care se considera decedat\u0103 s-a dovedit a fi \u00een via\u021b\u0103. Starea de stres poate influen\u021ba pozitiv,dar \u0219i negativ asupra st\u0103rii generale a omului ceea ce poate duce la perturbarea func\u021bion\u0103rii sistemului nervos.<\/p>\n<p>\u00cen cazul \u00een care efectul poart\u0103 un caracter negativ putem afirma faptul c\u0103 este vorba de suferin\u021b\u0103. Stresul informa\u021bional este str\u00e2ns legat de supra\u00e2nc\u0103rcarea informa\u021bional\u0103 cu un con\u021binut intelectual, dar cel emo\u021bional apare \u00een urma sesiz\u0103rii unui pericol sau a unei ofense asupra unei anumite situa\u021bii.<\/p>\n<p>Starea de stres este provocat\u0103 de asemenea factor care se nume\u0219te stresor.Se disting urm\u0103toarele forme de stresori:<br \/>\n\u2022 Forma fiziologic\u0103 (\u00eencordarea fizic\u0103 la un nivel \u00eenalt,fluctua\u021biile de temperatur\u0103,senza\u021biile de durere \u0219i altele);<br \/>\n\u2022 Forma psihologic\u0103 (probabilitatea unui eveniment benefic ,frica,senza\u021bia de pericol \u0219i risc).<\/p>\n<h3>Reac\u021bia acut\u0103 la stres: simptome<\/h3>\n<p>Unele stresuri se disting prin reac\u021biile acute care apar \u00een urma unei situa\u021bii traumatice acute nu prea \u00eendelungate care poate duce la anumite schimb\u0103ri fizice sau dezechilibr\u0103ri psihologice ale omului.<\/p>\n<p>Simptome:<\/p>\n<p>\u2022 Limitarea c\u00e2mpului de con\u0219tiin\u021b\u0103;<br \/>\n\u2022 Tulburarea aten\u021biei;<br \/>\n\u2022 Reac\u021bia neadecvat\u0103 la factorii externi irascibili;<br \/>\n\u2022 Dezorientarea.<br \/>\nReac\u021bia la stresul grav \u0219i tulbur\u0103rile ce \u021bin de adaptare:<br \/>\n\u2022 Amnezia par\u021bial\u0103 sau complet\u0103;<br \/>\n\u2022 Simptomele autonome ale fricii \u00eenso\u021bit\u0103 de panic\u0103 (\u00eenro\u0219irea,transpira\u021bia activ\u0103,tahicardia).<\/p>\n<h3>Sindromul de perturbare a adapt\u0103rii<\/h3>\n<p>Sindromul \u00een cauz\u0103 este observat \u00een acea perioad\u0103 de adaptare c\u00e2nd au loc schimb\u0103rile esen\u021biale ce \u021bin de statutul social (de exemplu: desp\u0103r\u021birea \u00eendelungat\u0103 de persoanele apropiate sau decesul unei rude, statutul de refugiat \u0219.a.).<\/p>\n<p>La fel perturbarea \u00een adaptare poate ap\u0103rea \u00een timpul unui eveniment de via\u021b\u0103 stresant;aici se includ \u0219i formele grave de boli fizice. \u00cen asemenea cazuri sunt necesare dovezile sau o leg\u0103tur\u0103 temporar\u0103 dintre tulburarea de adaptare ap\u0103rut\u0103 \u0219i starea de stres (nu mai mult de 3 luni de la impactul initial al stresorului ).<\/p>\n<p>Reac\u021biile simptomatice ale omului ce sufer\u0103 de perturbarea \u00een adaptare:<br \/>\n\u2022 dispozi\u021bia deprimat\u0103;<br \/>\n\u2022 starea depresiv\u0103 \u0219i alarmant\u0103;<br \/>\n\u2022 nelini\u0219tea;<br \/>\n\u2022 senza\u021bia de imposibilitate de a face fa\u021b\u0103 unei situa\u021bii dificile;<br \/>\n\u2022 sc\u0103derea activit\u0103\u021bii \u00een via\u021ba de zi cu zi;<br \/>\n\u2022 \u00eenclinarea spre a dramatiza situa\u021biile ap\u0103rute;<br \/>\n\u2022 perioadele de agresie.<\/p>\n<h3>Tipuri de perturbare ale adapt\u0103rii<\/h3>\n<p>Se disting urm\u0103toarele tipuri de perturbare ale adapt\u0103rii:<br \/>\n\u2022 reac\u021bia depresiv\u0103 de o durat\u0103 de timp scurt\u0103 (durata: nu mai mult de o lun\u0103);<br \/>\n\u2022 reac\u021bia depresiv\u0103 prelungit\u0103(durata:nu mai mult de 2 ani);<br \/>\n\u2022 reac\u021bia depresiv\u0103 de o form\u0103 alarmant\u0103 mixt\u0103 \u00een timpul c\u0103reia prevaleaz\u0103 tulbur\u0103rile altor reac\u021bii emo\u021bionale;<br \/>\n\u2022 reac\u021bia cu perturb\u0103ri \u00een comportament.<\/p>\n<p>La fel pe fonul unui stres acut pot ap\u0103rea \u0219i reac\u021bii ce \u021bin de grupul nosogenic ce duc la apari\u021bia unor boli somatice grave.<\/p>\n<h3>Tratamentul perturb\u0103rii \u00een adaptare<\/h3>\n<p>\u00cen calitate de tratament se recurge la metodele \u00eendreptate spre tratarea simptomelor \u0219i restabilirea omului la o stare normal\u0103 \u0219i stabil\u0103. La fel tratamentul trebuie s\u0103 fie \u00eendreptat spre excluderea rena\u0219terii patologiei \u00een cauz\u0103 \u00een o depresie profund\u0103.<\/p>\n<p>Metoda esen\u021bial\u0103 a tratamentului dat o constituie psihoterapia. A\u0219a fel de m\u0103sur\u0103 este pe un timp scurt \u0219i din aceast\u0103 cauz\u0103 cu timpul se va recurge la urm\u0103toarele metode:<br \/>\n\u2022 terapia individual\u0103;<br \/>\n\u2022 terapia ce \u021bine de starea de comportament;<br \/>\n\u2022 forma de terapie \u00een grup.<\/p>\n<p>Pentru a u\u0219ura simptomatica general\u0103 se indic\u0103 preparatele medicamentoase \u00een complex cu terapia. Se folosesc antidepresante sau preparate calmante; primirea preparatelor \u00een cauz\u0103 este prescris\u0103 de medicul psihoterapeut pe o perioad\u0103 nedeterminat\u0103 p\u00e2na la dispari\u021bia semnelor de perturbare \u00een adaptare.<\/p>\n<p>&nbsp;<\/p>\n","protected":false},"excerpt":{"rendered":"<p>Stresul este o reac\u021bie nespecific\u0103 de diferite niveluri care apare ca r\u0103spuns la impacturile puternice ale factorilor iritabili. Stresul se manifest\u0103 prin urm\u0103toarele feluri de tulbur\u0103ri: fiziologice, psihice \u0219i de comportament. Tipuri Putem diferen\u021bia urm\u0103toarele tipuri esen\u021biale ale stresului: \u2022 Psihologic; \u2022 Fiziologic. Stresul psihologic poate fi de dou\u0103 tipuri: \u2022 Informativ; \u2022 Emotiv. De [&hellip;]<\/p>\n","protected":false},"author":28,"featured_media":0,"parent":53026,"menu_order":0,"comment_status":"closed","ping_status":"closed","template":"","meta":{"inline_featured_image":false,"footnotes":""},"class_list":["post-54828","page","type-page","status-publish"],"yoast_head":"<!-- This site is optimized with the Yoast SEO plugin v27.3 - https:\/\/yoast.com\/product\/yoast-seo-wordpress\/ -->\n<title>Stresul \u0219i tulbur\u0103rile de adaptare<\/title>\n<meta name=\"description\" content=\"Stresul este o reac\u021bie nespecific\u0103 de diferite niveluri care apare ca r\u0103spuns la impacturile puternice ale factorilor iritabili.\" \/>\n<meta name=\"robots\" content=\"index, follow, max-snippet:-1, max-image-preview:large, max-video-preview:-1\" \/>\n<link rel=\"canonical\" href=\"https:\/\/sanatate.md\/ro\/boli-si-tratament\/afectiuni-psihice\/stresul-si-tulburarile-de-adaptare\/\" \/>\n<meta property=\"og:locale\" content=\"ro_RO\" \/>\n<meta property=\"og:type\" content=\"article\" \/>\n<meta property=\"og:title\" content=\"Stresul \u0219i tulbur\u0103rile de adaptare\" \/>\n<meta property=\"og:description\" content=\"Stresul este o reac\u021bie nespecific\u0103 de diferite niveluri care apare ca r\u0103spuns la impacturile puternice ale factorilor iritabili.\" \/>\n<meta property=\"og:url\" content=\"https:\/\/sanatate.md\/ro\/boli-si-tratament\/afectiuni-psihice\/stresul-si-tulburarile-de-adaptare\/\" \/>\n<meta property=\"og:site_name\" content=\"Sanatate.md\" \/>\n<meta name=\"twitter:card\" content=\"summary_large_image\" \/>\n<meta name=\"twitter:label1\" content=\"Timp estimat pentru citire\" \/>\n\t<meta name=\"twitter:data1\" content=\"4 minute\" \/>\n<script type=\"application\/ld+json\" class=\"yoast-schema-graph\">{\"@context\":\"https:\\\/\\\/schema.org\",\"@graph\":[{\"@type\":\"WebPage\",\"@id\":\"https:\\\/\\\/sanatate.md\\\/ro\\\/boli-si-tratament\\\/afectiuni-psihice\\\/stresul-si-tulburarile-de-adaptare\\\/\",\"url\":\"https:\\\/\\\/sanatate.md\\\/ro\\\/boli-si-tratament\\\/afectiuni-psihice\\\/stresul-si-tulburarile-de-adaptare\\\/\",\"name\":\"Stresul \u0219i tulbur\u0103rile de adaptare\",\"isPartOf\":{\"@id\":\"https:\\\/\\\/sanatate.md\\\/ro\\\/#website\"},\"datePublished\":\"2018-03-20T14:20:39+00:00\",\"description\":\"Stresul este o reac\u021bie nespecific\u0103 de diferite niveluri care apare ca r\u0103spuns la impacturile puternice ale factorilor iritabili.\",\"breadcrumb\":{\"@id\":\"https:\\\/\\\/sanatate.md\\\/ro\\\/boli-si-tratament\\\/afectiuni-psihice\\\/stresul-si-tulburarile-de-adaptare\\\/#breadcrumb\"},\"inLanguage\":\"ro-RO\",\"potentialAction\":[{\"@type\":\"ReadAction\",\"target\":[\"https:\\\/\\\/sanatate.md\\\/ro\\\/boli-si-tratament\\\/afectiuni-psihice\\\/stresul-si-tulburarile-de-adaptare\\\/\"]}]},{\"@type\":\"BreadcrumbList\",\"@id\":\"https:\\\/\\\/sanatate.md\\\/ro\\\/boli-si-tratament\\\/afectiuni-psihice\\\/stresul-si-tulburarile-de-adaptare\\\/#breadcrumb\",\"itemListElement\":[{\"@type\":\"ListItem\",\"position\":1,\"name\":\"\u0413\u043b\u0430\u0432\u043d\u0430\u044f \u0441\u0442\u0440\u0430\u043d\u0438\u0446\u0430\",\"item\":\"https:\\\/\\\/sanatate.md\\\/ro\\\/\"},{\"@type\":\"ListItem\",\"position\":2,\"name\":\"Boli si tratament\",\"item\":\"https:\\\/\\\/sanatate.md\\\/ro\\\/boli-si-tratament\\\/\"},{\"@type\":\"ListItem\",\"position\":3,\"name\":\"Afec\u021biuni psihice\",\"item\":\"https:\\\/\\\/sanatate.md\\\/ro\\\/boli-si-tratament\\\/afectiuni-psihice\\\/\"},{\"@type\":\"ListItem\",\"position\":4,\"name\":\"Stresul \u0219i tulbur\u0103rile de adaptare\"}]},{\"@type\":\"WebSite\",\"@id\":\"https:\\\/\\\/sanatate.md\\\/ro\\\/#website\",\"url\":\"https:\\\/\\\/sanatate.md\\\/ro\\\/\",\"name\":\"Sanatate.md\",\"description\":\"\u0416\u0443\u0440\u043d\u0430\u043b \u0434\u043b\u044f \u0432\u0441\u0435\u0439 \u0441\u0435\u043c\u044c\u0438 \u0432 \u041c\u043e\u043b\u0434\u043e\u0432\u0435\",\"publisher\":{\"@id\":\"https:\\\/\\\/sanatate.md\\\/ro\\\/#organization\"},\"potentialAction\":[{\"@type\":\"SearchAction\",\"target\":{\"@type\":\"EntryPoint\",\"urlTemplate\":\"https:\\\/\\\/sanatate.md\\\/ro\\\/?s={search_term_string}\"},\"query-input\":{\"@type\":\"PropertyValueSpecification\",\"valueRequired\":true,\"valueName\":\"search_term_string\"}}],\"inLanguage\":\"ro-RO\"},{\"@type\":\"Organization\",\"@id\":\"https:\\\/\\\/sanatate.md\\\/ro\\\/#organization\",\"name\":\"SANATATE\",\"url\":\"https:\\\/\\\/sanatate.md\\\/ro\\\/\",\"logo\":{\"@type\":\"ImageObject\",\"inLanguage\":\"ro-RO\",\"@id\":\"https:\\\/\\\/sanatate.md\\\/ro\\\/#\\\/schema\\\/logo\\\/image\\\/\",\"url\":\"https:\\\/\\\/sanatate.md\\\/wp-content\\\/uploads\\\/2022\\\/01\\\/sanatate-logo.svg\",\"contentUrl\":\"https:\\\/\\\/sanatate.md\\\/wp-content\\\/uploads\\\/2022\\\/01\\\/sanatate-logo.svg\",\"width\":\"1024\",\"height\":\"1024\",\"caption\":\"SANATATE\"},\"image\":{\"@id\":\"https:\\\/\\\/sanatate.md\\\/ro\\\/#\\\/schema\\\/logo\\\/image\\\/\"}}]}<\/script>\n<!-- \/ Yoast SEO plugin. -->","yoast_head_json":{"title":"Stresul \u0219i tulbur\u0103rile de adaptare","description":"Stresul este o reac\u021bie nespecific\u0103 de diferite niveluri care apare ca r\u0103spuns la impacturile puternice ale factorilor iritabili.","robots":{"index":"index","follow":"follow","max-snippet":"max-snippet:-1","max-image-preview":"max-image-preview:large","max-video-preview":"max-video-preview:-1"},"canonical":"https:\/\/sanatate.md\/ro\/boli-si-tratament\/afectiuni-psihice\/stresul-si-tulburarile-de-adaptare\/","og_locale":"ro_RO","og_type":"article","og_title":"Stresul \u0219i tulbur\u0103rile de adaptare","og_description":"Stresul este o reac\u021bie nespecific\u0103 de diferite niveluri care apare ca r\u0103spuns la impacturile puternice ale factorilor iritabili.","og_url":"https:\/\/sanatate.md\/ro\/boli-si-tratament\/afectiuni-psihice\/stresul-si-tulburarile-de-adaptare\/","og_site_name":"Sanatate.md","twitter_card":"summary_large_image","twitter_misc":{"Timp estimat pentru citire":"4 minute"},"schema":{"@context":"https:\/\/schema.org","@graph":[{"@type":"WebPage","@id":"https:\/\/sanatate.md\/ro\/boli-si-tratament\/afectiuni-psihice\/stresul-si-tulburarile-de-adaptare\/","url":"https:\/\/sanatate.md\/ro\/boli-si-tratament\/afectiuni-psihice\/stresul-si-tulburarile-de-adaptare\/","name":"Stresul \u0219i tulbur\u0103rile de adaptare","isPartOf":{"@id":"https:\/\/sanatate.md\/ro\/#website"},"datePublished":"2018-03-20T14:20:39+00:00","description":"Stresul este o reac\u021bie nespecific\u0103 de diferite niveluri care apare ca r\u0103spuns la impacturile puternice ale factorilor iritabili.","breadcrumb":{"@id":"https:\/\/sanatate.md\/ro\/boli-si-tratament\/afectiuni-psihice\/stresul-si-tulburarile-de-adaptare\/#breadcrumb"},"inLanguage":"ro-RO","potentialAction":[{"@type":"ReadAction","target":["https:\/\/sanatate.md\/ro\/boli-si-tratament\/afectiuni-psihice\/stresul-si-tulburarile-de-adaptare\/"]}]},{"@type":"BreadcrumbList","@id":"https:\/\/sanatate.md\/ro\/boli-si-tratament\/afectiuni-psihice\/stresul-si-tulburarile-de-adaptare\/#breadcrumb","itemListElement":[{"@type":"ListItem","position":1,"name":"\u0413\u043b\u0430\u0432\u043d\u0430\u044f \u0441\u0442\u0440\u0430\u043d\u0438\u0446\u0430","item":"https:\/\/sanatate.md\/ro\/"},{"@type":"ListItem","position":2,"name":"Boli si tratament","item":"https:\/\/sanatate.md\/ro\/boli-si-tratament\/"},{"@type":"ListItem","position":3,"name":"Afec\u021biuni psihice","item":"https:\/\/sanatate.md\/ro\/boli-si-tratament\/afectiuni-psihice\/"},{"@type":"ListItem","position":4,"name":"Stresul \u0219i tulbur\u0103rile de adaptare"}]},{"@type":"WebSite","@id":"https:\/\/sanatate.md\/ro\/#website","url":"https:\/\/sanatate.md\/ro\/","name":"Sanatate.md","description":"\u0416\u0443\u0440\u043d\u0430\u043b \u0434\u043b\u044f \u0432\u0441\u0435\u0439 \u0441\u0435\u043c\u044c\u0438 \u0432 \u041c\u043e\u043b\u0434\u043e\u0432\u0435","publisher":{"@id":"https:\/\/sanatate.md\/ro\/#organization"},"potentialAction":[{"@type":"SearchAction","target":{"@type":"EntryPoint","urlTemplate":"https:\/\/sanatate.md\/ro\/?s={search_term_string}"},"query-input":{"@type":"PropertyValueSpecification","valueRequired":true,"valueName":"search_term_string"}}],"inLanguage":"ro-RO"},{"@type":"Organization","@id":"https:\/\/sanatate.md\/ro\/#organization","name":"SANATATE","url":"https:\/\/sanatate.md\/ro\/","logo":{"@type":"ImageObject","inLanguage":"ro-RO","@id":"https:\/\/sanatate.md\/ro\/#\/schema\/logo\/image\/","url":"https:\/\/sanatate.md\/wp-content\/uploads\/2022\/01\/sanatate-logo.svg","contentUrl":"https:\/\/sanatate.md\/wp-content\/uploads\/2022\/01\/sanatate-logo.svg","width":"1024","height":"1024","caption":"SANATATE"},"image":{"@id":"https:\/\/sanatate.md\/ro\/#\/schema\/logo\/image\/"}}]}},"_links":{"self":[{"href":"https:\/\/sanatate.md\/ro\/wp-json\/wp\/v2\/pages\/54828","targetHints":{"allow":["GET"]}}],"collection":[{"href":"https:\/\/sanatate.md\/ro\/wp-json\/wp\/v2\/pages"}],"about":[{"href":"https:\/\/sanatate.md\/ro\/wp-json\/wp\/v2\/types\/page"}],"author":[{"embeddable":true,"href":"https:\/\/sanatate.md\/ro\/wp-json\/wp\/v2\/users\/28"}],"replies":[{"embeddable":true,"href":"https:\/\/sanatate.md\/ro\/wp-json\/wp\/v2\/comments?post=54828"}],"version-history":[{"count":0,"href":"https:\/\/sanatate.md\/ro\/wp-json\/wp\/v2\/pages\/54828\/revisions"}],"up":[{"embeddable":true,"href":"https:\/\/sanatate.md\/ro\/wp-json\/wp\/v2\/pages\/53026"}],"wp:attachment":[{"href":"https:\/\/sanatate.md\/ro\/wp-json\/wp\/v2\/media?parent=54828"}],"curies":[{"name":"wp","href":"https:\/\/api.w.org\/{rel}","templated":true}]}}