{"id":54986,"date":"2018-03-22T15:37:28","date_gmt":"2018-03-22T12:37:28","guid":{"rendered":"https:\/\/sanatate.md\/?page_id=54986"},"modified":"2018-03-22T15:37:28","modified_gmt":"2018-03-22T12:37:28","slug":"anevrismele-aortei-toracice","status":"publish","type":"page","link":"https:\/\/sanatate.md\/ro\/boli-si-tratament\/bolile-chirurgicale\/anevrismele-aortei-toracice\/","title":{"rendered":"Anevrismele aortei toracice"},"content":{"rendered":"<p>Anevrismele aortei toracice sunt o expansiune saciform\u0103 a peretelui aortic.\u00a0Patologie e considerat\u0103 extinderea diametrului aortei mai mult de 2 ori.\u00a0O condi\u021bie morbid\u0103 reprezint\u0103 un sfert din anevrismele aortice, b\u0103rba\u021bii \u0219i femeile suferind aproximativ aceea\u0219i propor\u021bie.<\/p>\n<h3>Cauzele<\/h3>\n<p>Conform datelor statistice, formarea aterosclerotic\u0103 este detectat\u0103 la aproximativ 1% din toate autopsiile la persoanele, care au \u00eemplinit v\u00e2rsta de 50 de ani.\u00a0Apari\u021bia unui anevrism aortic \u00een majoritatea cazurilor se datoreaz\u0103 distrugerii lente a stratului mijlociu al peretelui s\u0103u;\u00a0\u00een timp ce aorta \u00ee\u0219i pierde elasticitatea \u0219i \u00eencepe s\u0103 se extind\u0103.<\/p>\n<p>Cele mai multe dintre anevrisme apar pe fundalul aterosclerozei.\u00a0Grupul de risc include persoanele cu tensiune arterial\u0103 crescut\u0103, dislipidemie \u0219i fum\u0103torii.<br \/>\nFactori de risc sunt considerate \u015fi prezen\u021ba anevrismelor de alt\u0103 localizare, precum \u0219i v\u00e2rsta persoanei, deoarece inciden\u021ba maxim\u0103 cade pe pacien\u021bii de 70 de ani.<\/p>\n<p>Unele patologii congenitale ale \u021besutului conjunctiv (sindromul Marfan, de exemplu) determin\u0103 modific\u0103ri degenerative, ca rezultat se dezvolt\u0103 necroza chistic\u0103 a \u0163esutului mijlociu \u0219i, ca o consecin\u021b\u0103 &#8211; anevrism.<\/p>\n<p>La dezvoltarea unei st\u0103ri de boal\u0103 infectat\u0103 pot duce infec\u021biile locale (pneumonie, sepsis), unele boli ale \u021besutului conjunctiv (de exemplu, granulocitoza Wegener, arterita de celule gigant).<\/p>\n<h3>Simptomele<\/h3>\n<p>Semnele unei afec\u021biuni dureroase sunt tulbur\u0103rile hemodinamice \u0219i un sentiment de ap\u0103sare a organelor.<\/p>\n<p>Pacientul se pl\u00e2nge de dureri, care sunt localizate \u00een diferite zone ale sternului, tuse, dificult\u0103\u021bi de respira\u021bie, palpita\u021bii, senza\u021bie de comprimare a diferitor organe.\u00a0Localizarea durerii depinde de localizarea anevrismului: atunci, c\u00e2nd este plasat pe sectorul ascendent al aortei, durerile apar \u00een piept, ele sunt fiebin\u0163i \u0219i pe termen lung.\u00a0Ca rezultat al \u00eenfr\u00e2ngerii arcului aortei, durerea este iradiat\u0103 spre g\u00e2t, umeri, uneori \u00een spate.\u00a0Dac\u0103 anevrismul e pe partea descendent\u0103 a aortei, pacientul simte durerea \u00een spate \u0219i \u00eentre lamele um\u0103rului, deoarece r\u0103d\u0103cinile m\u0103duvei spin\u0103rii sunt comprimate.<\/p>\n<p>Ruptura anevrismului aortic toracic afecteaz\u0103 pl\u0103m\u00e2nii: este marcat\u0103 de hemoptizie, pneumonie.\u00a0La ruperea anevrismului, dac\u0103 pacientul nu moare instantaneu, simte o durere sever\u0103 \u00een stern, \u00een spate, are o sc\u0103dere catastrofic\u0103 a tensiunii arteriale \u0219i face un \u0219oc. Sunt\u00a0posibile vomit\u0103ri s\u00e2ngeroase.<\/p>\n<h3>Diagnosticul<\/h3>\n<p>De obicei, dac\u0103 \u00een timpul radiografiei a fost depistat\u0103 o anomalie, apoi bolnavul se direc\u021bioneaz\u0103 la un specialist, care va stabili m\u0103rimea forma\u0163iunii, nivelul ei de r\u0103sp\u00e2ndire \u015fi dac\u0103 anevrismul s\u00e2ngereaz\u0103.<\/p>\n<h3>Tratamentul<\/h3>\n<p>Tratamentul este efectuat chirurgical &#8211; aorta este protezat\u0103 \u0219i tensiunea arterial\u0103 a pacientului este monitorizat\u0103 constant.\u00a0Ruptura aortei f\u0103r\u0103 tratament se termina tragic.<br \/>\n\u00cen cazul anevrismului aortei toracice se efectueaz\u0103 o opera\u021bie. Forma\u0163iunea se excizeaz\u0103 \u0219i se instaleaz\u0103 o protez\u0103 sintetic\u0103.<\/p>\n<p>Instalarea unei endoproteze \u00een aorta descendent\u0103 \u00een stadiul actual este \u00een curs de dezvoltare \u0219i studiu \u0219i va fi \u00een cur\u00e2nd o alternativ\u0103 excelent\u0103 opera\u021biei.<br \/>\n\u00cen cazul unei interven\u0163ii de urgen\u021b\u0103, mai mult de o lun\u0103 tr\u0103iesc aproximativ 10% dintre pacien\u021bi, 40% \u2013 p\u00e2n\u0103 la 10 ani.\u00a0Pacien\u021bii supravie\u021buitori dezvolt\u0103 deseori complica\u021bii sub form\u0103 de insuficien\u021b\u0103 renal\u0103 \u0219i respiratorie, patologii ale sistemului nervos.<br \/>\nNu se dau tratamentului complica\u021biile forma\u0163iunilor. \u00cen grupul de risc sunt pacien\u021bii de v\u00e2rst\u0103 \u00eenaintat\u0103, cei cu insuficien\u021b\u0103 renal\u0103.<\/p>\n<p>Complica\u021biile dup\u0103 interven\u021bia chirurgical\u0103 (accident vascular cerebral, leziuni ale coloanei vertebrale, insuficien\u021b\u0103 renal\u0103) se dezvolt\u0103 la aproximativ 15% dintre pacien\u021bi.<br \/>\nDac\u0103 anevrismul nu deranjeaz\u0103 pacientul \u0219i nu exist\u0103 indica\u021bii pentru interven\u021bia chirurgical\u0103, pacientul este monitorizat constant, controlat\u0103 presiunea arterial\u0103, sunt prescrie medicamente.\u00a0De dou\u0103 ori pe an urmeaz\u0103 de f\u0103cut scanarea CT \u0219i verific\u0103rile periodice la un chirurg cardiac.\u00a0Fumatul este strict interzis.<\/p>\n<p>&nbsp;<\/p>\n","protected":false},"excerpt":{"rendered":"<p>Anevrismele aortei toracice sunt o expansiune saciform\u0103 a peretelui aortic.\u00a0Patologie e considerat\u0103 extinderea diametrului aortei mai mult de 2 ori.\u00a0O condi\u021bie morbid\u0103 reprezint\u0103 un sfert din anevrismele aortice, b\u0103rba\u021bii \u0219i femeile suferind aproximativ aceea\u0219i propor\u021bie. Cauzele Conform datelor statistice, formarea aterosclerotic\u0103 este detectat\u0103 la aproximativ 1% din toate autopsiile la persoanele, care au \u00eemplinit v\u00e2rsta [&hellip;]<\/p>\n","protected":false},"author":28,"featured_media":0,"parent":53032,"menu_order":0,"comment_status":"closed","ping_status":"closed","template":"","meta":{"inline_featured_image":false,"footnotes":""},"class_list":["post-54986","page","type-page","status-publish"],"yoast_head":"<!-- This site is optimized with the Yoast SEO plugin v27.3 - https:\/\/yoast.com\/product\/yoast-seo-wordpress\/ -->\n<title>Anevrismele aortei toracice<\/title>\n<meta name=\"description\" content=\"Anevrismele aortei toracice sunt o expansiune saciform\u0103 a peretelui aortic.\u00a0Patologie e considerat\u0103 extinderea diametrului aortei mai mult de 2 ori.\" \/>\n<meta name=\"robots\" content=\"index, follow, max-snippet:-1, max-image-preview:large, max-video-preview:-1\" \/>\n<link rel=\"canonical\" href=\"https:\/\/sanatate.md\/ro\/boli-si-tratament\/bolile-chirurgicale\/anevrismele-aortei-toracice\/\" \/>\n<meta property=\"og:locale\" content=\"ro_RO\" \/>\n<meta property=\"og:type\" content=\"article\" \/>\n<meta property=\"og:title\" content=\"Anevrismele aortei toracice\" \/>\n<meta property=\"og:description\" content=\"Anevrismele aortei toracice sunt o expansiune saciform\u0103 a peretelui aortic.\u00a0Patologie e considerat\u0103 extinderea diametrului aortei mai mult de 2 ori.\" \/>\n<meta property=\"og:url\" content=\"https:\/\/sanatate.md\/ro\/boli-si-tratament\/bolile-chirurgicale\/anevrismele-aortei-toracice\/\" \/>\n<meta property=\"og:site_name\" content=\"Sanatate.md\" \/>\n<meta name=\"twitter:card\" content=\"summary_large_image\" \/>\n<meta name=\"twitter:label1\" content=\"Timp estimat pentru citire\" \/>\n\t<meta name=\"twitter:data1\" content=\"3 minute\" \/>\n<script type=\"application\/ld+json\" class=\"yoast-schema-graph\">{\"@context\":\"https:\\\/\\\/schema.org\",\"@graph\":[{\"@type\":\"WebPage\",\"@id\":\"https:\\\/\\\/sanatate.md\\\/ro\\\/boli-si-tratament\\\/bolile-chirurgicale\\\/anevrismele-aortei-toracice\\\/\",\"url\":\"https:\\\/\\\/sanatate.md\\\/ro\\\/boli-si-tratament\\\/bolile-chirurgicale\\\/anevrismele-aortei-toracice\\\/\",\"name\":\"Anevrismele aortei toracice\",\"isPartOf\":{\"@id\":\"https:\\\/\\\/sanatate.md\\\/ro\\\/#website\"},\"datePublished\":\"2018-03-22T12:37:28+00:00\",\"description\":\"Anevrismele aortei toracice sunt o expansiune saciform\u0103 a peretelui aortic.\u00a0Patologie e considerat\u0103 extinderea diametrului aortei mai mult de 2 ori.\",\"breadcrumb\":{\"@id\":\"https:\\\/\\\/sanatate.md\\\/ro\\\/boli-si-tratament\\\/bolile-chirurgicale\\\/anevrismele-aortei-toracice\\\/#breadcrumb\"},\"inLanguage\":\"ro-RO\",\"potentialAction\":[{\"@type\":\"ReadAction\",\"target\":[\"https:\\\/\\\/sanatate.md\\\/ro\\\/boli-si-tratament\\\/bolile-chirurgicale\\\/anevrismele-aortei-toracice\\\/\"]}]},{\"@type\":\"BreadcrumbList\",\"@id\":\"https:\\\/\\\/sanatate.md\\\/ro\\\/boli-si-tratament\\\/bolile-chirurgicale\\\/anevrismele-aortei-toracice\\\/#breadcrumb\",\"itemListElement\":[{\"@type\":\"ListItem\",\"position\":1,\"name\":\"\u0413\u043b\u0430\u0432\u043d\u0430\u044f \u0441\u0442\u0440\u0430\u043d\u0438\u0446\u0430\",\"item\":\"https:\\\/\\\/sanatate.md\\\/ro\\\/\"},{\"@type\":\"ListItem\",\"position\":2,\"name\":\"Boli si tratament\",\"item\":\"https:\\\/\\\/sanatate.md\\\/ro\\\/boli-si-tratament\\\/\"},{\"@type\":\"ListItem\",\"position\":3,\"name\":\"Bolile chirurgicale\",\"item\":\"https:\\\/\\\/sanatate.md\\\/ro\\\/boli-si-tratament\\\/bolile-chirurgicale\\\/\"},{\"@type\":\"ListItem\",\"position\":4,\"name\":\"Anevrismele aortei toracice\"}]},{\"@type\":\"WebSite\",\"@id\":\"https:\\\/\\\/sanatate.md\\\/ro\\\/#website\",\"url\":\"https:\\\/\\\/sanatate.md\\\/ro\\\/\",\"name\":\"Sanatate.md\",\"description\":\"\u0416\u0443\u0440\u043d\u0430\u043b \u0434\u043b\u044f \u0432\u0441\u0435\u0439 \u0441\u0435\u043c\u044c\u0438 \u0432 \u041c\u043e\u043b\u0434\u043e\u0432\u0435\",\"publisher\":{\"@id\":\"https:\\\/\\\/sanatate.md\\\/ro\\\/#organization\"},\"potentialAction\":[{\"@type\":\"SearchAction\",\"target\":{\"@type\":\"EntryPoint\",\"urlTemplate\":\"https:\\\/\\\/sanatate.md\\\/ro\\\/?s={search_term_string}\"},\"query-input\":{\"@type\":\"PropertyValueSpecification\",\"valueRequired\":true,\"valueName\":\"search_term_string\"}}],\"inLanguage\":\"ro-RO\"},{\"@type\":\"Organization\",\"@id\":\"https:\\\/\\\/sanatate.md\\\/ro\\\/#organization\",\"name\":\"SANATATE\",\"url\":\"https:\\\/\\\/sanatate.md\\\/ro\\\/\",\"logo\":{\"@type\":\"ImageObject\",\"inLanguage\":\"ro-RO\",\"@id\":\"https:\\\/\\\/sanatate.md\\\/ro\\\/#\\\/schema\\\/logo\\\/image\\\/\",\"url\":\"https:\\\/\\\/sanatate.md\\\/wp-content\\\/uploads\\\/2022\\\/01\\\/sanatate-logo.svg\",\"contentUrl\":\"https:\\\/\\\/sanatate.md\\\/wp-content\\\/uploads\\\/2022\\\/01\\\/sanatate-logo.svg\",\"width\":\"1024\",\"height\":\"1024\",\"caption\":\"SANATATE\"},\"image\":{\"@id\":\"https:\\\/\\\/sanatate.md\\\/ro\\\/#\\\/schema\\\/logo\\\/image\\\/\"}}]}<\/script>\n<!-- \/ Yoast SEO plugin. -->","yoast_head_json":{"title":"Anevrismele aortei toracice","description":"Anevrismele aortei toracice sunt o expansiune saciform\u0103 a peretelui aortic.\u00a0Patologie e considerat\u0103 extinderea diametrului aortei mai mult de 2 ori.","robots":{"index":"index","follow":"follow","max-snippet":"max-snippet:-1","max-image-preview":"max-image-preview:large","max-video-preview":"max-video-preview:-1"},"canonical":"https:\/\/sanatate.md\/ro\/boli-si-tratament\/bolile-chirurgicale\/anevrismele-aortei-toracice\/","og_locale":"ro_RO","og_type":"article","og_title":"Anevrismele aortei toracice","og_description":"Anevrismele aortei toracice sunt o expansiune saciform\u0103 a peretelui aortic.\u00a0Patologie e considerat\u0103 extinderea diametrului aortei mai mult de 2 ori.","og_url":"https:\/\/sanatate.md\/ro\/boli-si-tratament\/bolile-chirurgicale\/anevrismele-aortei-toracice\/","og_site_name":"Sanatate.md","twitter_card":"summary_large_image","twitter_misc":{"Timp estimat pentru citire":"3 minute"},"schema":{"@context":"https:\/\/schema.org","@graph":[{"@type":"WebPage","@id":"https:\/\/sanatate.md\/ro\/boli-si-tratament\/bolile-chirurgicale\/anevrismele-aortei-toracice\/","url":"https:\/\/sanatate.md\/ro\/boli-si-tratament\/bolile-chirurgicale\/anevrismele-aortei-toracice\/","name":"Anevrismele aortei toracice","isPartOf":{"@id":"https:\/\/sanatate.md\/ro\/#website"},"datePublished":"2018-03-22T12:37:28+00:00","description":"Anevrismele aortei toracice sunt o expansiune saciform\u0103 a peretelui aortic.\u00a0Patologie e considerat\u0103 extinderea diametrului aortei mai mult de 2 ori.","breadcrumb":{"@id":"https:\/\/sanatate.md\/ro\/boli-si-tratament\/bolile-chirurgicale\/anevrismele-aortei-toracice\/#breadcrumb"},"inLanguage":"ro-RO","potentialAction":[{"@type":"ReadAction","target":["https:\/\/sanatate.md\/ro\/boli-si-tratament\/bolile-chirurgicale\/anevrismele-aortei-toracice\/"]}]},{"@type":"BreadcrumbList","@id":"https:\/\/sanatate.md\/ro\/boli-si-tratament\/bolile-chirurgicale\/anevrismele-aortei-toracice\/#breadcrumb","itemListElement":[{"@type":"ListItem","position":1,"name":"\u0413\u043b\u0430\u0432\u043d\u0430\u044f \u0441\u0442\u0440\u0430\u043d\u0438\u0446\u0430","item":"https:\/\/sanatate.md\/ro\/"},{"@type":"ListItem","position":2,"name":"Boli si tratament","item":"https:\/\/sanatate.md\/ro\/boli-si-tratament\/"},{"@type":"ListItem","position":3,"name":"Bolile chirurgicale","item":"https:\/\/sanatate.md\/ro\/boli-si-tratament\/bolile-chirurgicale\/"},{"@type":"ListItem","position":4,"name":"Anevrismele aortei toracice"}]},{"@type":"WebSite","@id":"https:\/\/sanatate.md\/ro\/#website","url":"https:\/\/sanatate.md\/ro\/","name":"Sanatate.md","description":"\u0416\u0443\u0440\u043d\u0430\u043b \u0434\u043b\u044f \u0432\u0441\u0435\u0439 \u0441\u0435\u043c\u044c\u0438 \u0432 \u041c\u043e\u043b\u0434\u043e\u0432\u0435","publisher":{"@id":"https:\/\/sanatate.md\/ro\/#organization"},"potentialAction":[{"@type":"SearchAction","target":{"@type":"EntryPoint","urlTemplate":"https:\/\/sanatate.md\/ro\/?s={search_term_string}"},"query-input":{"@type":"PropertyValueSpecification","valueRequired":true,"valueName":"search_term_string"}}],"inLanguage":"ro-RO"},{"@type":"Organization","@id":"https:\/\/sanatate.md\/ro\/#organization","name":"SANATATE","url":"https:\/\/sanatate.md\/ro\/","logo":{"@type":"ImageObject","inLanguage":"ro-RO","@id":"https:\/\/sanatate.md\/ro\/#\/schema\/logo\/image\/","url":"https:\/\/sanatate.md\/wp-content\/uploads\/2022\/01\/sanatate-logo.svg","contentUrl":"https:\/\/sanatate.md\/wp-content\/uploads\/2022\/01\/sanatate-logo.svg","width":"1024","height":"1024","caption":"SANATATE"},"image":{"@id":"https:\/\/sanatate.md\/ro\/#\/schema\/logo\/image\/"}}]}},"_links":{"self":[{"href":"https:\/\/sanatate.md\/ro\/wp-json\/wp\/v2\/pages\/54986","targetHints":{"allow":["GET"]}}],"collection":[{"href":"https:\/\/sanatate.md\/ro\/wp-json\/wp\/v2\/pages"}],"about":[{"href":"https:\/\/sanatate.md\/ro\/wp-json\/wp\/v2\/types\/page"}],"author":[{"embeddable":true,"href":"https:\/\/sanatate.md\/ro\/wp-json\/wp\/v2\/users\/28"}],"replies":[{"embeddable":true,"href":"https:\/\/sanatate.md\/ro\/wp-json\/wp\/v2\/comments?post=54986"}],"version-history":[{"count":0,"href":"https:\/\/sanatate.md\/ro\/wp-json\/wp\/v2\/pages\/54986\/revisions"}],"up":[{"embeddable":true,"href":"https:\/\/sanatate.md\/ro\/wp-json\/wp\/v2\/pages\/53032"}],"wp:attachment":[{"href":"https:\/\/sanatate.md\/ro\/wp-json\/wp\/v2\/media?parent=54986"}],"curies":[{"name":"wp","href":"https:\/\/api.w.org\/{rel}","templated":true}]}}