{"id":55425,"date":"2018-04-02T15:03:11","date_gmt":"2018-04-02T12:03:11","guid":{"rendered":"https:\/\/sanatate.md\/?page_id=55425"},"modified":"2018-04-02T15:03:11","modified_gmt":"2018-04-02T12:03:11","slug":"hipertrofia-glandelor-mamare","status":"publish","type":"page","link":"https:\/\/sanatate.md\/ro\/boli-si-tratament\/boli-ale-glandelor-mamare\/hipertrofia-glandelor-mamare\/","title":{"rendered":"Hipertrofia glandelor mamare"},"content":{"rendered":"<p>Glandele mamare constau din strat cutanat \u0219i \u021besuturi de structur\u0103 glandular\u0103 care sunt alipite de cutia toracic\u0103 prin intermediul ligamentelor Cooper. \u00centre lobulii s\u00e2nilor \u0219i \u00een jurul lor sunt \u021besuturile adipoase. Cantitatea \u021besuturilor \u00een cauz\u0103 este foarte deviant\u0103.De exemplu la unele femei de o v\u00e2rst\u0103 \u00eenaintat\u0103 s\u00e2nii sunt forma\u021bi numai din asemenea \u021besuturi.<\/p>\n<h3>Particularit\u0103\u021bile glandelor mamare<\/h3>\n<p>M\u0103rimea glandelor mamare \u00een majoritatea cazurilor depinde de dieta \u021binut\u0103,dar la fel \u0219i de componen\u021bii hormonali ceea ce \u0219i explic\u0103 faptul c\u0103 m\u0103rimea glandelor poate devia pe parcursul ciclului menstrual sau dup\u0103 menopauz\u0103.<\/p>\n<p>\u00cen structura glandelor mamare nu exist\u0103 mu\u0219chi \u0219i din aceast\u0103 cauz\u0103 va fi imposibil faptul de a le m\u0103ri sau a le trage \u00een sus prin intermediul unor exerci\u021bii speciale. M\u0103rirea s\u00e2nilor \u00eencepe \u00een perioada maturit\u0103\u021bii sexuale \u0219i dureaz\u0103 pe parcursul \u00eentregii vie\u021bi.<br \/>\nS\u00e2nii se pot m\u0103ri \u00een perioada pubertar\u0103 sau \u00een timpul sarcinei. Aceasta se \u00eent\u00e2mpl\u0103 din cauza c\u0103 se normalizeaz\u0103 fonul hormonal al femeii. \u00cen perioadele mai sus men\u021bionate s\u00e2nii cresc repede \u0219i pot c\u0103p\u0103ta m\u0103rimi destul de mari.<\/p>\n<h3>Clasificarea s\u00e2nilor dup\u0103 volum<\/h3>\n<p>E destul de dificil s\u0103 stabilim hipertrofia glandelor mamare chiar \u0219i \u00een baza unei diagnostic\u0103ri obiective deoarece exist\u0103 p\u0103reri diferite ce \u021bin de no\u021biunea de volum normal al s\u00e2nilor.\u00cen a\u0219a mod ar trebui de luat \u00een calcul clasificarea conform c\u0103reia volumul normal al s\u00e2nilor este de 275 \u0441\u043c3,iar m\u0103rirea acestui volum cu 50 de% se consider\u0103 drept un grad de dezvoltare a procesului hipertrofic neesen\u021bial.<\/p>\n<p>Am putea clasifica hipertrofia glandelor mamare \u00een felul urm\u0103tor:<br \/>\n\u2022 250-300 \u0441\u043c3 \u2013 s\u0103ni cu un volum normal;<br \/>\n\u2022 400-600 \u0441\u043c3 \u2013 hipertrofie neesen\u021bial\u0103;<br \/>\n\u2022 600-800 \u0441\u043c3 \u2013hipertrofie relativ pronun\u021bat\u0103;<br \/>\n\u2022 800-1000 \u0441\u043c3 \u2013 hipertrofie semnificativ\u0103;<br \/>\n\u2022 1500 \u0441\u043c3 \u0219i mai sus \u2013 gigantomastia.<\/p>\n<h3>Simptome<\/h3>\n<p>Unele femei se adreseaz\u0103 la chirurg pentru a sc\u0103pa de starea de discomfort \u0219i senza\u021biile de durere pe care le provoac\u0103 s\u00e2nii mari. Asemenea pl\u00e2ngeri \u00een majoritatea cazurilor poart\u0103 un caracter at\u00e2t fizic,c\u00e2t \u0219i psihologic.S\u00e2nii grei \u0219i cobor\u00e2\u021bi adesea duc spre dureri de o form\u0103 cronic\u0103.<br \/>\nPl\u00e2ngerile pot fi diferite,de exemplu:<br \/>\n\u2022 \u00cencordarea coloanei vertebrale \u00een zona cervical\u0103;<br \/>\n\u2022 Durerile de cap;<br \/>\n\u2022 Durerile din zona umerilor,\u00eentre scapule,\u00een regiunea toracic\u0103 \u0219i \u00een coapse;<br \/>\n\u2022 Urmele ad\u00e2nci pe stratul cutanat l\u0103sate de bretelele sutienului;<br \/>\n\u2022 Erup\u021biile cutanate \u00een pliurile regiunii pectorale deoarece anume \u00een zona respectiv\u0103 persist\u0103 umiditatea.<\/p>\n<p>Abdomenul de o form\u0103 convex\u0103 \u00een majoritatea cazurilor este \u00eenso\u021bit de o curbur\u0103 a coloanei vertebrale.La femeile care au s\u00e2ni de m\u0103rimi enorme s-a atestat faptul c\u0103 ele limiteaz\u0103 la maximum ori\u0219ice fel de activit\u0103\u021bi fizice.<\/p>\n<p>O problem\u0103 enorm\u0103 pentru femeile care sufer\u0103 de hipertrofia glandelor mamare mai este \u0219i cea de alegere a vestimenta\u021biei.La fel multe paciente sunt indignate de privirile permamente \u0219i de comentariile de loc pl\u0103cute ce \u021bin de m\u0103rimea s\u00e2nilor lor.Unele paciente sunt supuse pericolului de apari\u021bie a cancerului mamar.<\/p>\n<h3>Diagnosticare<\/h3>\n<p>De diagnosticat hipertrofia glandelor mamare este destul de dificil deoarece investiga\u021biile mamografice ale s\u00e2nilor la o domni\u0219oar\u0103 sau o doamn\u0103 nu sunt \u00eentr-at\u00e2t de eficiente ca spre exemplu un control desinest\u0103t\u0103tor destul de riguros.\u00cen a\u0219a fel autoverificarea tumorilor la un s\u00e2n hipertrofiat este destul de anevoioas\u0103.<\/p>\n<h3>Tratament<\/h3>\n<p>Pentru pacientele ce sufer\u0103 de maladia \u00een cauz\u0103 util\u0103 ar putea fi mamoplastica de tip reductiv.S\u00e2nul mic\u0219orat va oferi posibilitatea femeilor ca s\u0103 poat\u0103 de sinest\u0103t\u0103tor s\u0103 se examineze \u0219i s\u0103 depisteze existen\u021ba sau viceversa a nodule\u021bilor mici \u00een glandele mamare.<br \/>\nUn indiciu pentru efectuarea mamoplasticii reductive ar putea fi asimetria glandelor mamare adic\u0103 hiperplazia unui s\u00e2n.<\/p>\n<p>La fel doar un s\u00e2n m\u0103rit poate fi \u0219i din cauza scoliozei sau a curburii coloanei vertebrale.Din acest motiv la unele femei din cauza \u00eencord\u0103rii emo\u021bionale permamente pot ap\u0103rea problemele cu psihica.<\/p>\n","protected":false},"excerpt":{"rendered":"<p>Glandele mamare constau din strat cutanat \u0219i \u021besuturi de structur\u0103 glandular\u0103 care sunt alipite de cutia toracic\u0103 prin intermediul ligamentelor Cooper. \u00centre lobulii s\u00e2nilor \u0219i \u00een jurul lor sunt \u021besuturile adipoase. Cantitatea \u021besuturilor \u00een cauz\u0103 este foarte deviant\u0103.De exemplu la unele femei de o v\u00e2rst\u0103 \u00eenaintat\u0103 s\u00e2nii sunt forma\u021bi numai din asemenea \u021besuturi. Particularit\u0103\u021bile glandelor [&hellip;]<\/p>\n","protected":false},"author":28,"featured_media":0,"parent":52996,"menu_order":0,"comment_status":"closed","ping_status":"closed","template":"","meta":{"inline_featured_image":false,"footnotes":""},"class_list":["post-55425","page","type-page","status-publish"],"yoast_head":"<!-- This site is optimized with the Yoast SEO plugin v27.3 - https:\/\/yoast.com\/product\/yoast-seo-wordpress\/ -->\n<title>Hipertrofia glandelor mamare<\/title>\n<meta name=\"description\" content=\"Glandele mamare constau din strat cutanat \u0219i \u021besuturi de structur\u0103 glandular\u0103 care sunt alipite de cutia toracic\u0103 prin intermediul ligamentelor Cooper.\" \/>\n<meta name=\"robots\" content=\"index, follow, max-snippet:-1, max-image-preview:large, max-video-preview:-1\" \/>\n<link rel=\"canonical\" href=\"https:\/\/sanatate.md\/ro\/boli-si-tratament\/boli-ale-glandelor-mamare\/hipertrofia-glandelor-mamare\/\" \/>\n<meta property=\"og:locale\" content=\"ro_RO\" \/>\n<meta property=\"og:type\" content=\"article\" \/>\n<meta property=\"og:title\" content=\"Hipertrofia glandelor mamare\" \/>\n<meta property=\"og:description\" content=\"Glandele mamare constau din strat cutanat \u0219i \u021besuturi de structur\u0103 glandular\u0103 care sunt alipite de cutia toracic\u0103 prin intermediul ligamentelor Cooper.\" \/>\n<meta property=\"og:url\" content=\"https:\/\/sanatate.md\/ro\/boli-si-tratament\/boli-ale-glandelor-mamare\/hipertrofia-glandelor-mamare\/\" \/>\n<meta property=\"og:site_name\" content=\"Sanatate.md\" \/>\n<meta name=\"twitter:card\" content=\"summary_large_image\" \/>\n<meta name=\"twitter:label1\" content=\"Timp estimat pentru citire\" \/>\n\t<meta name=\"twitter:data1\" content=\"3 minute\" \/>\n<script type=\"application\/ld+json\" class=\"yoast-schema-graph\">{\"@context\":\"https:\\\/\\\/schema.org\",\"@graph\":[{\"@type\":\"WebPage\",\"@id\":\"https:\\\/\\\/sanatate.md\\\/ro\\\/boli-si-tratament\\\/boli-ale-glandelor-mamare\\\/hipertrofia-glandelor-mamare\\\/\",\"url\":\"https:\\\/\\\/sanatate.md\\\/ro\\\/boli-si-tratament\\\/boli-ale-glandelor-mamare\\\/hipertrofia-glandelor-mamare\\\/\",\"name\":\"Hipertrofia glandelor mamare\",\"isPartOf\":{\"@id\":\"https:\\\/\\\/sanatate.md\\\/ro\\\/#website\"},\"datePublished\":\"2018-04-02T12:03:11+00:00\",\"description\":\"Glandele mamare constau din strat cutanat \u0219i \u021besuturi de structur\u0103 glandular\u0103 care sunt alipite de cutia toracic\u0103 prin intermediul ligamentelor Cooper.\",\"breadcrumb\":{\"@id\":\"https:\\\/\\\/sanatate.md\\\/ro\\\/boli-si-tratament\\\/boli-ale-glandelor-mamare\\\/hipertrofia-glandelor-mamare\\\/#breadcrumb\"},\"inLanguage\":\"ro-RO\",\"potentialAction\":[{\"@type\":\"ReadAction\",\"target\":[\"https:\\\/\\\/sanatate.md\\\/ro\\\/boli-si-tratament\\\/boli-ale-glandelor-mamare\\\/hipertrofia-glandelor-mamare\\\/\"]}]},{\"@type\":\"BreadcrumbList\",\"@id\":\"https:\\\/\\\/sanatate.md\\\/ro\\\/boli-si-tratament\\\/boli-ale-glandelor-mamare\\\/hipertrofia-glandelor-mamare\\\/#breadcrumb\",\"itemListElement\":[{\"@type\":\"ListItem\",\"position\":1,\"name\":\"\u0413\u043b\u0430\u0432\u043d\u0430\u044f \u0441\u0442\u0440\u0430\u043d\u0438\u0446\u0430\",\"item\":\"https:\\\/\\\/sanatate.md\\\/ro\\\/\"},{\"@type\":\"ListItem\",\"position\":2,\"name\":\"Boli si tratament\",\"item\":\"https:\\\/\\\/sanatate.md\\\/ro\\\/boli-si-tratament\\\/\"},{\"@type\":\"ListItem\",\"position\":3,\"name\":\"Boli ale glandelor mamare\",\"item\":\"https:\\\/\\\/sanatate.md\\\/ro\\\/boli-si-tratament\\\/boli-ale-glandelor-mamare\\\/\"},{\"@type\":\"ListItem\",\"position\":4,\"name\":\"Hipertrofia glandelor mamare\"}]},{\"@type\":\"WebSite\",\"@id\":\"https:\\\/\\\/sanatate.md\\\/ro\\\/#website\",\"url\":\"https:\\\/\\\/sanatate.md\\\/ro\\\/\",\"name\":\"Sanatate.md\",\"description\":\"\u0416\u0443\u0440\u043d\u0430\u043b \u0434\u043b\u044f \u0432\u0441\u0435\u0439 \u0441\u0435\u043c\u044c\u0438 \u0432 \u041c\u043e\u043b\u0434\u043e\u0432\u0435\",\"publisher\":{\"@id\":\"https:\\\/\\\/sanatate.md\\\/ro\\\/#organization\"},\"potentialAction\":[{\"@type\":\"SearchAction\",\"target\":{\"@type\":\"EntryPoint\",\"urlTemplate\":\"https:\\\/\\\/sanatate.md\\\/ro\\\/?s={search_term_string}\"},\"query-input\":{\"@type\":\"PropertyValueSpecification\",\"valueRequired\":true,\"valueName\":\"search_term_string\"}}],\"inLanguage\":\"ro-RO\"},{\"@type\":\"Organization\",\"@id\":\"https:\\\/\\\/sanatate.md\\\/ro\\\/#organization\",\"name\":\"SANATATE\",\"url\":\"https:\\\/\\\/sanatate.md\\\/ro\\\/\",\"logo\":{\"@type\":\"ImageObject\",\"inLanguage\":\"ro-RO\",\"@id\":\"https:\\\/\\\/sanatate.md\\\/ro\\\/#\\\/schema\\\/logo\\\/image\\\/\",\"url\":\"https:\\\/\\\/sanatate.md\\\/wp-content\\\/uploads\\\/2022\\\/01\\\/sanatate-logo.svg\",\"contentUrl\":\"https:\\\/\\\/sanatate.md\\\/wp-content\\\/uploads\\\/2022\\\/01\\\/sanatate-logo.svg\",\"width\":\"1024\",\"height\":\"1024\",\"caption\":\"SANATATE\"},\"image\":{\"@id\":\"https:\\\/\\\/sanatate.md\\\/ro\\\/#\\\/schema\\\/logo\\\/image\\\/\"}}]}<\/script>\n<!-- \/ Yoast SEO plugin. -->","yoast_head_json":{"title":"Hipertrofia glandelor mamare","description":"Glandele mamare constau din strat cutanat \u0219i \u021besuturi de structur\u0103 glandular\u0103 care sunt alipite de cutia toracic\u0103 prin intermediul ligamentelor Cooper.","robots":{"index":"index","follow":"follow","max-snippet":"max-snippet:-1","max-image-preview":"max-image-preview:large","max-video-preview":"max-video-preview:-1"},"canonical":"https:\/\/sanatate.md\/ro\/boli-si-tratament\/boli-ale-glandelor-mamare\/hipertrofia-glandelor-mamare\/","og_locale":"ro_RO","og_type":"article","og_title":"Hipertrofia glandelor mamare","og_description":"Glandele mamare constau din strat cutanat \u0219i \u021besuturi de structur\u0103 glandular\u0103 care sunt alipite de cutia toracic\u0103 prin intermediul ligamentelor Cooper.","og_url":"https:\/\/sanatate.md\/ro\/boli-si-tratament\/boli-ale-glandelor-mamare\/hipertrofia-glandelor-mamare\/","og_site_name":"Sanatate.md","twitter_card":"summary_large_image","twitter_misc":{"Timp estimat pentru citire":"3 minute"},"schema":{"@context":"https:\/\/schema.org","@graph":[{"@type":"WebPage","@id":"https:\/\/sanatate.md\/ro\/boli-si-tratament\/boli-ale-glandelor-mamare\/hipertrofia-glandelor-mamare\/","url":"https:\/\/sanatate.md\/ro\/boli-si-tratament\/boli-ale-glandelor-mamare\/hipertrofia-glandelor-mamare\/","name":"Hipertrofia glandelor mamare","isPartOf":{"@id":"https:\/\/sanatate.md\/ro\/#website"},"datePublished":"2018-04-02T12:03:11+00:00","description":"Glandele mamare constau din strat cutanat \u0219i \u021besuturi de structur\u0103 glandular\u0103 care sunt alipite de cutia toracic\u0103 prin intermediul ligamentelor Cooper.","breadcrumb":{"@id":"https:\/\/sanatate.md\/ro\/boli-si-tratament\/boli-ale-glandelor-mamare\/hipertrofia-glandelor-mamare\/#breadcrumb"},"inLanguage":"ro-RO","potentialAction":[{"@type":"ReadAction","target":["https:\/\/sanatate.md\/ro\/boli-si-tratament\/boli-ale-glandelor-mamare\/hipertrofia-glandelor-mamare\/"]}]},{"@type":"BreadcrumbList","@id":"https:\/\/sanatate.md\/ro\/boli-si-tratament\/boli-ale-glandelor-mamare\/hipertrofia-glandelor-mamare\/#breadcrumb","itemListElement":[{"@type":"ListItem","position":1,"name":"\u0413\u043b\u0430\u0432\u043d\u0430\u044f \u0441\u0442\u0440\u0430\u043d\u0438\u0446\u0430","item":"https:\/\/sanatate.md\/ro\/"},{"@type":"ListItem","position":2,"name":"Boli si tratament","item":"https:\/\/sanatate.md\/ro\/boli-si-tratament\/"},{"@type":"ListItem","position":3,"name":"Boli ale glandelor mamare","item":"https:\/\/sanatate.md\/ro\/boli-si-tratament\/boli-ale-glandelor-mamare\/"},{"@type":"ListItem","position":4,"name":"Hipertrofia glandelor mamare"}]},{"@type":"WebSite","@id":"https:\/\/sanatate.md\/ro\/#website","url":"https:\/\/sanatate.md\/ro\/","name":"Sanatate.md","description":"\u0416\u0443\u0440\u043d\u0430\u043b \u0434\u043b\u044f \u0432\u0441\u0435\u0439 \u0441\u0435\u043c\u044c\u0438 \u0432 \u041c\u043e\u043b\u0434\u043e\u0432\u0435","publisher":{"@id":"https:\/\/sanatate.md\/ro\/#organization"},"potentialAction":[{"@type":"SearchAction","target":{"@type":"EntryPoint","urlTemplate":"https:\/\/sanatate.md\/ro\/?s={search_term_string}"},"query-input":{"@type":"PropertyValueSpecification","valueRequired":true,"valueName":"search_term_string"}}],"inLanguage":"ro-RO"},{"@type":"Organization","@id":"https:\/\/sanatate.md\/ro\/#organization","name":"SANATATE","url":"https:\/\/sanatate.md\/ro\/","logo":{"@type":"ImageObject","inLanguage":"ro-RO","@id":"https:\/\/sanatate.md\/ro\/#\/schema\/logo\/image\/","url":"https:\/\/sanatate.md\/wp-content\/uploads\/2022\/01\/sanatate-logo.svg","contentUrl":"https:\/\/sanatate.md\/wp-content\/uploads\/2022\/01\/sanatate-logo.svg","width":"1024","height":"1024","caption":"SANATATE"},"image":{"@id":"https:\/\/sanatate.md\/ro\/#\/schema\/logo\/image\/"}}]}},"_links":{"self":[{"href":"https:\/\/sanatate.md\/ro\/wp-json\/wp\/v2\/pages\/55425","targetHints":{"allow":["GET"]}}],"collection":[{"href":"https:\/\/sanatate.md\/ro\/wp-json\/wp\/v2\/pages"}],"about":[{"href":"https:\/\/sanatate.md\/ro\/wp-json\/wp\/v2\/types\/page"}],"author":[{"embeddable":true,"href":"https:\/\/sanatate.md\/ro\/wp-json\/wp\/v2\/users\/28"}],"replies":[{"embeddable":true,"href":"https:\/\/sanatate.md\/ro\/wp-json\/wp\/v2\/comments?post=55425"}],"version-history":[{"count":0,"href":"https:\/\/sanatate.md\/ro\/wp-json\/wp\/v2\/pages\/55425\/revisions"}],"up":[{"embeddable":true,"href":"https:\/\/sanatate.md\/ro\/wp-json\/wp\/v2\/pages\/52996"}],"wp:attachment":[{"href":"https:\/\/sanatate.md\/ro\/wp-json\/wp\/v2\/media?parent=55425"}],"curies":[{"name":"wp","href":"https:\/\/api.w.org\/{rel}","templated":true}]}}