{"id":55429,"date":"2018-04-02T15:31:09","date_gmt":"2018-04-02T12:31:09","guid":{"rendered":"https:\/\/sanatate.md\/?page_id=55429"},"modified":"2018-04-02T15:31:09","modified_gmt":"2018-04-02T12:31:09","slug":"anomalii-ale-dezvoltarii-rinichilor","status":"publish","type":"page","link":"https:\/\/sanatate.md\/ro\/boli-si-tratament\/boli-urologice\/anomalii-ale-dezvoltarii-rinichilor\/","title":{"rendered":"Anomalii ale dezvolt\u0103rii rinichilor"},"content":{"rendered":"<p>Anomaliile de pozi\u021bie renal\u0103 (distopie) apar \u00een uter. \u00cen dezvoltarea intrauterin\u0103 a rinichiului este pus \u00een pelvis \u0219i \u00een procesul de dezvoltare a f\u0103tului se deplaseaz\u0103 p\u00e2n\u0103 la pozi\u021bia sa normal\u0103. Cu toate acestea, sub influen\u021ba diferitlor factori, mi\u0219carea normal\u0103 a rinichilor se poate opri \u00een orice moment. Anomaliile de pozi\u021bie renal\u0103 sunt destul de comune \u0219i nu se poate manifesta clinic. Anomalia este descoperit\u0103 \u00eent\u00e2mpl\u0103tor \u00een timpul cercet\u0103rii din alte motive.<\/p>\n<h3>Tipuri de anomalii<\/h3>\n<p>Speciali\u0219tii identific\u0103 urm\u0103toarele malforma\u021bii ale rinichilor:<\/p>\n<p>1.Absen\u021ba unui rinichi (agenezia) este diagnosticat\u0103 la un nou-n\u0103scut dintr-o mie. \u00centr-o stare morbid\u0103, cu excep\u021bia rinichiului, copilul nu a dezvoltat un picior cu un ureter. Patologia pe ambele p\u0103r\u021bi (arena) este incompatibil\u0103 cu via\u021ba \u0219i se observ\u0103 aproximativ de 5 ori mai pu\u021bin. Adesea, patologia este combinat\u0103 cu anomalii \u00een dezvoltarea organelor genitale, a rectului \u0219i a anusului \u0219i, uneori, a m\u0103duvei spin\u0103rii. Absen\u021ba unui rinichi, de regul\u0103, are loc f\u0103r\u0103 semne vizibile, deoarece cel\u0103lalt rinichi preia complet toate func\u021biile \u0219i compenseaz\u0103 lipsa unei perechi. Dar adesea anomalia este complicat\u0103 de pielonefrit\u0103. Patologia este diagnosticat\u0103 prin ultrasunete, tomografie computerizat\u0103 \u0219i angiografie. Tratamentul anomaliilor se efectueaz\u0103 dac\u0103 este necesar.<\/p>\n<p>2.Cel de-al treilea rinichi suplimentar &#8211; un astfel de viciu este foarte rar, dar \u00een literatura medical\u0103 sunt cunoscute astfel de cazuri \u0219i to\u021bi rinichii sunt izola\u021bi unul de cel\u0103lalt. Patologia este detectat\u0103 \u00een studiul SUA, care se realizeaz\u0103 din cauza dezvolt\u0103rii diferitor complica\u021bii (de exemplu, tumori, incontinen\u021b\u0103 urinar\u0103, pielonefrit\u0103). Dac\u0103 patologia este \u00een mod constant complicat\u0103 de pielonefrit\u0103, este indicat\u0103 \u00eendep\u0103rtarea organului suplimentar.<\/p>\n<p>3. Deseori la copii sunt descoperite anomalii ale localiz\u0103rii rinichilor. Pe calea mi\u0219c\u0103rii ontogenetice de la regiunea pelvian\u0103 p\u00e2n\u0103 la regiunea lombar\u0103, rinichiul poate fi localizat oriunde \u0219i rota\u021bia nu este final\u0103. Acest lucru sugereaz\u0103 necesitatea diagnosticului diferen\u021bial al distopiei (topografia organelor congenitale) din nefroptoz\u0103 (mobilitatea crescut\u0103 a rinichiului). Anomalia congenital\u0103 a rinichiului \u00een func\u021bie de loca\u021bia sa este diagnosticat\u0103 la un copil din 800.<\/p>\n<h3>Speciali\u0219tii disting urm\u0103toarele tipuri de anormalit\u0103\u0163i:<\/h3>\n<p>\u2022 distopia pelvian\u0103 &#8211; este diagnosticat\u0103 extrem de rar; organul este foarte ad\u00e2nc (\u00eentre vezic\u0103 \u0219i rect &#8211; la b\u0103ie\u0163i \u0219i \u00eentre uter \u0219i rect &#8211; la fete); partea superioar\u0103 a organului este acoperit\u0103 cu peritoneu, partea inferioar\u0103 este localizat\u0103 pe diafragma pelvisului; organele dislocate se unesc uneori; pacien\u021bii cu rinichi deplasa\u021bi simt dureri \u00een abdomenul inferior, patologia este complicat\u0103 de hidronefroz\u0103; \u00een cazul comprim\u0103rii de c\u0103tre organul distopic a vaselor \u0219i termina\u021biilor nervoase ale picioarelor, se adaug\u0103 perturba\u021bii vasomotorii; examenul rectal relev\u0103 un organ deplasat \u00een zona pelvian\u0103; Diagnosticul anomaliilor renale se efectueaz\u0103, utiliz\u00e2nd ultrasunetele, urografia excretoare; tratamentul este \u00eendreptat spre prevenirea pielonefritei \u0219i restabilirea dinamicii urinare normale; localizarea rinichiului deplasat nu permite o interven\u021bie chirurgical\u0103 reconstructiv\u0103 pe acesta, deci este extrem de rar\u0103;<\/p>\n<p>\u2022 ileacul patologic &#8211; organul este situat sub creasta ileului; forma rinichiului este aplatizat\u0103, nu exist\u0103 fibr\u0103 parametric\u0103; arterele renale sunt multe; persoana simte dureri constante, deoarece organul deplasat preseaz\u0103 \u00een mod constant pe plexurile nervoase, urodinamica este deranjat\u0103; durerea poate fi declan\u0219at\u0103 de o \u00eenc\u0103lcare reflex\u0103 a motilit\u0103\u021bii tractului gastro-intestinal, adesea asociate cu grea\u021ba, eructarea etc. semne; Defectul este adesea complicat de inflama\u021bia cronic\u0103 a rinichilor \u0219i hidronefroza (secundar\u0103); diagnosticul este efectuat de un specialist pe baza testelor de laborator ale s\u00e2ngelui \u0219i urinei, ultrasunete; Interven\u021bia chirurgical\u0103 este indicat\u0103 \u00een caz de o deplasare puternic\u0103 de hidronefroz\u0103;<\/p>\n<p>\u2022 deplasarea lombar\u0103 este caracterizat\u0103 printr-o localizare sc\u0103zut\u0103 a rinichiului \u00een regiunea lombar\u0103; arterele sunt situate mult mai joas, la nivelul 1-2 al vertebrelor lombare; rinichiul este situat \u00een jurul axei longitudinale, pelvisul iese u\u0219or \u00een fa\u021b\u0103; dac\u0103 viciul este complicat, este indicat\u0103 interven\u021bia chirurgical\u0103;<\/p>\n<p>\u2022 deplasarea rinichilor \u00een cavitatea toracic\u0103, deasupra diafragmei; ca regul\u0103, aceast\u0103 pozi\u021bie a corpului nu se manifest\u0103 prin durere, este detectat\u0103 accidental \u00een timpul unui studiu cu raze X cu alt\u0103 ocazie. Stare dureroas\u0103 nu necesit\u0103 tratament, opera\u021bia se efectueaz\u0103 numai pe indica\u021bii;<\/p>\n<p>\u2022 organele pereche transversale sunt localizate pe o parte a coloanei vertebrale, iar ureterul rinichiului inferior este direc\u021bionat transversal c\u0103tre cealalt\u0103 parte a coloanei vertebrale \u0219i curge \u00een uterul obi\u0219nuit; ca regul\u0103, aceast\u0103 anomalie se manifest\u0103 ca o fuziune a rinichilor; dac\u0103 viciul este complicat de hidronefroz\u0103 sau alte boli, este indicat\u0103 interven\u021bia chirurgical\u0103.<\/p>\n<p>4. Patologia dimensiunii organului asociat:<\/p>\n<ul>\n<li>aplazia &#8211; organul este absent, picioru\u015ful lui este p\u0103strat; patologia este detectat\u0103 cu ajutorul ultrasunetelor, \u00een majoritatea cazurilor este asimptomatic\u0103, deoarece un rinichi s\u0103n\u0103tos compenseaz\u0103 absen\u021ba celui de-al doilea \u0219i preia toate func\u021biile; tratamentul, de regul\u0103, nu este necesar;<\/li>\n<li>hipoplazie &#8211; organ subdezvoltat (rinichi \u00een miniatur\u0103); deseori patologia nu se manifest\u0103 \u00een nici un fel, dac\u0103 este unilateral; anomalia este diferen\u021biat\u0103 de organul secundar \u00eencre\u021bit.<\/li>\n<\/ul>\n<p>5. Anomalii ale formei rinichiului &#8211; diferite tipuri de fuziune \u00eentre rinichi; distingem deform\u0103rile S-, L-, I-, precum \u0219i deform\u0103rile galiforme \u0219i potcoave ale rinichilor. Viciul este diagnosticat la un nou-n\u0103scut din 5000 de copii. \u00cen acest caz, uretele se afl\u0103 \u00een locul obi\u0219nuit, defectele se manifest\u0103 prin senza\u021bii dureroase abdominale. Patologia este adesea complicat\u0103 de inflamarea rinichilor \u0219i a urolitiazei.<\/p>\n<p>6. Organul spongios &#8211; este diagnosticat extrem de rar, cauza patologiei nu este complet clar\u0103, dar exper\u021bii consider, c\u0103 viciul este asociat cu apari\u021bia unui num\u0103r de chisturi din tuburi. Patologia se manifest\u0103 prin proteinurie, leucocitar. Dac\u0103 nu exist\u0103 complica\u021bii, tratamentul nu este efectuat.<\/p>\n","protected":false},"excerpt":{"rendered":"<p>Anomaliile de pozi\u021bie renal\u0103 (distopie) apar \u00een uter. \u00cen dezvoltarea intrauterin\u0103 a rinichiului este pus \u00een pelvis \u0219i \u00een procesul de dezvoltare a f\u0103tului se deplaseaz\u0103 p\u00e2n\u0103 la pozi\u021bia sa normal\u0103. Cu toate acestea, sub influen\u021ba diferitlor factori, mi\u0219carea normal\u0103 a rinichilor se poate opri \u00een orice moment. Anomaliile de pozi\u021bie renal\u0103 sunt destul de [&hellip;]<\/p>\n","protected":false},"author":28,"featured_media":0,"parent":53029,"menu_order":0,"comment_status":"closed","ping_status":"closed","template":"","meta":{"inline_featured_image":false,"footnotes":""},"class_list":["post-55429","page","type-page","status-publish"],"yoast_head":"<!-- This site is optimized with the Yoast SEO plugin v27.3 - https:\/\/yoast.com\/product\/yoast-seo-wordpress\/ -->\n<title>Anomalii ale dezvolt\u0103rii rinichilor<\/title>\n<meta name=\"description\" content=\"Anomaliile de pozi\u021bie renal\u0103 (distopie) apar \u00een uter. \u00cen dezvoltarea intrauterin\u0103 a rinichiului este pus \u00een pelvis \u0219i \u00een procesul de dezvoltare a f\u0103tului se deplaseaz\u0103 p\u00e2n\u0103 la pozi\u021bia sa normal\u0103.\" \/>\n<meta name=\"robots\" content=\"index, follow, max-snippet:-1, max-image-preview:large, max-video-preview:-1\" \/>\n<link rel=\"canonical\" href=\"https:\/\/sanatate.md\/ro\/boli-si-tratament\/boli-urologice\/anomalii-ale-dezvoltarii-rinichilor\/\" \/>\n<meta property=\"og:locale\" content=\"ro_RO\" \/>\n<meta property=\"og:type\" content=\"article\" \/>\n<meta property=\"og:title\" content=\"Anomalii ale dezvolt\u0103rii rinichilor\" \/>\n<meta property=\"og:description\" content=\"Anomaliile de pozi\u021bie renal\u0103 (distopie) apar \u00een uter. \u00cen dezvoltarea intrauterin\u0103 a rinichiului este pus \u00een pelvis \u0219i \u00een procesul de dezvoltare a f\u0103tului se deplaseaz\u0103 p\u00e2n\u0103 la pozi\u021bia sa normal\u0103.\" \/>\n<meta property=\"og:url\" content=\"https:\/\/sanatate.md\/ro\/boli-si-tratament\/boli-urologice\/anomalii-ale-dezvoltarii-rinichilor\/\" \/>\n<meta property=\"og:site_name\" content=\"Sanatate.md\" \/>\n<meta name=\"twitter:card\" content=\"summary_large_image\" \/>\n<meta name=\"twitter:label1\" content=\"Timp estimat pentru citire\" \/>\n\t<meta name=\"twitter:data1\" content=\"5 minute\" \/>\n<script type=\"application\/ld+json\" class=\"yoast-schema-graph\">{\"@context\":\"https:\\\/\\\/schema.org\",\"@graph\":[{\"@type\":\"WebPage\",\"@id\":\"https:\\\/\\\/sanatate.md\\\/ro\\\/boli-si-tratament\\\/boli-urologice\\\/anomalii-ale-dezvoltarii-rinichilor\\\/\",\"url\":\"https:\\\/\\\/sanatate.md\\\/ro\\\/boli-si-tratament\\\/boli-urologice\\\/anomalii-ale-dezvoltarii-rinichilor\\\/\",\"name\":\"Anomalii ale dezvolt\u0103rii rinichilor\",\"isPartOf\":{\"@id\":\"https:\\\/\\\/sanatate.md\\\/ro\\\/#website\"},\"datePublished\":\"2018-04-02T12:31:09+00:00\",\"description\":\"Anomaliile de pozi\u021bie renal\u0103 (distopie) apar \u00een uter. \u00cen dezvoltarea intrauterin\u0103 a rinichiului este pus \u00een pelvis \u0219i \u00een procesul de dezvoltare a f\u0103tului se deplaseaz\u0103 p\u00e2n\u0103 la pozi\u021bia sa normal\u0103.\",\"breadcrumb\":{\"@id\":\"https:\\\/\\\/sanatate.md\\\/ro\\\/boli-si-tratament\\\/boli-urologice\\\/anomalii-ale-dezvoltarii-rinichilor\\\/#breadcrumb\"},\"inLanguage\":\"ro-RO\",\"potentialAction\":[{\"@type\":\"ReadAction\",\"target\":[\"https:\\\/\\\/sanatate.md\\\/ro\\\/boli-si-tratament\\\/boli-urologice\\\/anomalii-ale-dezvoltarii-rinichilor\\\/\"]}]},{\"@type\":\"BreadcrumbList\",\"@id\":\"https:\\\/\\\/sanatate.md\\\/ro\\\/boli-si-tratament\\\/boli-urologice\\\/anomalii-ale-dezvoltarii-rinichilor\\\/#breadcrumb\",\"itemListElement\":[{\"@type\":\"ListItem\",\"position\":1,\"name\":\"\u0413\u043b\u0430\u0432\u043d\u0430\u044f \u0441\u0442\u0440\u0430\u043d\u0438\u0446\u0430\",\"item\":\"https:\\\/\\\/sanatate.md\\\/ro\\\/\"},{\"@type\":\"ListItem\",\"position\":2,\"name\":\"Boli si tratament\",\"item\":\"https:\\\/\\\/sanatate.md\\\/ro\\\/boli-si-tratament\\\/\"},{\"@type\":\"ListItem\",\"position\":3,\"name\":\"Boli urologice\",\"item\":\"https:\\\/\\\/sanatate.md\\\/ro\\\/boli-si-tratament\\\/boli-urologice\\\/\"},{\"@type\":\"ListItem\",\"position\":4,\"name\":\"Anomalii ale dezvolt\u0103rii rinichilor\"}]},{\"@type\":\"WebSite\",\"@id\":\"https:\\\/\\\/sanatate.md\\\/ro\\\/#website\",\"url\":\"https:\\\/\\\/sanatate.md\\\/ro\\\/\",\"name\":\"Sanatate.md\",\"description\":\"\u0416\u0443\u0440\u043d\u0430\u043b \u0434\u043b\u044f \u0432\u0441\u0435\u0439 \u0441\u0435\u043c\u044c\u0438 \u0432 \u041c\u043e\u043b\u0434\u043e\u0432\u0435\",\"publisher\":{\"@id\":\"https:\\\/\\\/sanatate.md\\\/ro\\\/#organization\"},\"potentialAction\":[{\"@type\":\"SearchAction\",\"target\":{\"@type\":\"EntryPoint\",\"urlTemplate\":\"https:\\\/\\\/sanatate.md\\\/ro\\\/?s={search_term_string}\"},\"query-input\":{\"@type\":\"PropertyValueSpecification\",\"valueRequired\":true,\"valueName\":\"search_term_string\"}}],\"inLanguage\":\"ro-RO\"},{\"@type\":\"Organization\",\"@id\":\"https:\\\/\\\/sanatate.md\\\/ro\\\/#organization\",\"name\":\"SANATATE\",\"url\":\"https:\\\/\\\/sanatate.md\\\/ro\\\/\",\"logo\":{\"@type\":\"ImageObject\",\"inLanguage\":\"ro-RO\",\"@id\":\"https:\\\/\\\/sanatate.md\\\/ro\\\/#\\\/schema\\\/logo\\\/image\\\/\",\"url\":\"https:\\\/\\\/sanatate.md\\\/wp-content\\\/uploads\\\/2022\\\/01\\\/sanatate-logo.svg\",\"contentUrl\":\"https:\\\/\\\/sanatate.md\\\/wp-content\\\/uploads\\\/2022\\\/01\\\/sanatate-logo.svg\",\"width\":\"1024\",\"height\":\"1024\",\"caption\":\"SANATATE\"},\"image\":{\"@id\":\"https:\\\/\\\/sanatate.md\\\/ro\\\/#\\\/schema\\\/logo\\\/image\\\/\"}}]}<\/script>\n<!-- \/ Yoast SEO plugin. -->","yoast_head_json":{"title":"Anomalii ale dezvolt\u0103rii rinichilor","description":"Anomaliile de pozi\u021bie renal\u0103 (distopie) apar \u00een uter. \u00cen dezvoltarea intrauterin\u0103 a rinichiului este pus \u00een pelvis \u0219i \u00een procesul de dezvoltare a f\u0103tului se deplaseaz\u0103 p\u00e2n\u0103 la pozi\u021bia sa normal\u0103.","robots":{"index":"index","follow":"follow","max-snippet":"max-snippet:-1","max-image-preview":"max-image-preview:large","max-video-preview":"max-video-preview:-1"},"canonical":"https:\/\/sanatate.md\/ro\/boli-si-tratament\/boli-urologice\/anomalii-ale-dezvoltarii-rinichilor\/","og_locale":"ro_RO","og_type":"article","og_title":"Anomalii ale dezvolt\u0103rii rinichilor","og_description":"Anomaliile de pozi\u021bie renal\u0103 (distopie) apar \u00een uter. \u00cen dezvoltarea intrauterin\u0103 a rinichiului este pus \u00een pelvis \u0219i \u00een procesul de dezvoltare a f\u0103tului se deplaseaz\u0103 p\u00e2n\u0103 la pozi\u021bia sa normal\u0103.","og_url":"https:\/\/sanatate.md\/ro\/boli-si-tratament\/boli-urologice\/anomalii-ale-dezvoltarii-rinichilor\/","og_site_name":"Sanatate.md","twitter_card":"summary_large_image","twitter_misc":{"Timp estimat pentru citire":"5 minute"},"schema":{"@context":"https:\/\/schema.org","@graph":[{"@type":"WebPage","@id":"https:\/\/sanatate.md\/ro\/boli-si-tratament\/boli-urologice\/anomalii-ale-dezvoltarii-rinichilor\/","url":"https:\/\/sanatate.md\/ro\/boli-si-tratament\/boli-urologice\/anomalii-ale-dezvoltarii-rinichilor\/","name":"Anomalii ale dezvolt\u0103rii rinichilor","isPartOf":{"@id":"https:\/\/sanatate.md\/ro\/#website"},"datePublished":"2018-04-02T12:31:09+00:00","description":"Anomaliile de pozi\u021bie renal\u0103 (distopie) apar \u00een uter. \u00cen dezvoltarea intrauterin\u0103 a rinichiului este pus \u00een pelvis \u0219i \u00een procesul de dezvoltare a f\u0103tului se deplaseaz\u0103 p\u00e2n\u0103 la pozi\u021bia sa normal\u0103.","breadcrumb":{"@id":"https:\/\/sanatate.md\/ro\/boli-si-tratament\/boli-urologice\/anomalii-ale-dezvoltarii-rinichilor\/#breadcrumb"},"inLanguage":"ro-RO","potentialAction":[{"@type":"ReadAction","target":["https:\/\/sanatate.md\/ro\/boli-si-tratament\/boli-urologice\/anomalii-ale-dezvoltarii-rinichilor\/"]}]},{"@type":"BreadcrumbList","@id":"https:\/\/sanatate.md\/ro\/boli-si-tratament\/boli-urologice\/anomalii-ale-dezvoltarii-rinichilor\/#breadcrumb","itemListElement":[{"@type":"ListItem","position":1,"name":"\u0413\u043b\u0430\u0432\u043d\u0430\u044f \u0441\u0442\u0440\u0430\u043d\u0438\u0446\u0430","item":"https:\/\/sanatate.md\/ro\/"},{"@type":"ListItem","position":2,"name":"Boli si tratament","item":"https:\/\/sanatate.md\/ro\/boli-si-tratament\/"},{"@type":"ListItem","position":3,"name":"Boli urologice","item":"https:\/\/sanatate.md\/ro\/boli-si-tratament\/boli-urologice\/"},{"@type":"ListItem","position":4,"name":"Anomalii ale dezvolt\u0103rii rinichilor"}]},{"@type":"WebSite","@id":"https:\/\/sanatate.md\/ro\/#website","url":"https:\/\/sanatate.md\/ro\/","name":"Sanatate.md","description":"\u0416\u0443\u0440\u043d\u0430\u043b \u0434\u043b\u044f \u0432\u0441\u0435\u0439 \u0441\u0435\u043c\u044c\u0438 \u0432 \u041c\u043e\u043b\u0434\u043e\u0432\u0435","publisher":{"@id":"https:\/\/sanatate.md\/ro\/#organization"},"potentialAction":[{"@type":"SearchAction","target":{"@type":"EntryPoint","urlTemplate":"https:\/\/sanatate.md\/ro\/?s={search_term_string}"},"query-input":{"@type":"PropertyValueSpecification","valueRequired":true,"valueName":"search_term_string"}}],"inLanguage":"ro-RO"},{"@type":"Organization","@id":"https:\/\/sanatate.md\/ro\/#organization","name":"SANATATE","url":"https:\/\/sanatate.md\/ro\/","logo":{"@type":"ImageObject","inLanguage":"ro-RO","@id":"https:\/\/sanatate.md\/ro\/#\/schema\/logo\/image\/","url":"https:\/\/sanatate.md\/wp-content\/uploads\/2022\/01\/sanatate-logo.svg","contentUrl":"https:\/\/sanatate.md\/wp-content\/uploads\/2022\/01\/sanatate-logo.svg","width":"1024","height":"1024","caption":"SANATATE"},"image":{"@id":"https:\/\/sanatate.md\/ro\/#\/schema\/logo\/image\/"}}]}},"_links":{"self":[{"href":"https:\/\/sanatate.md\/ro\/wp-json\/wp\/v2\/pages\/55429","targetHints":{"allow":["GET"]}}],"collection":[{"href":"https:\/\/sanatate.md\/ro\/wp-json\/wp\/v2\/pages"}],"about":[{"href":"https:\/\/sanatate.md\/ro\/wp-json\/wp\/v2\/types\/page"}],"author":[{"embeddable":true,"href":"https:\/\/sanatate.md\/ro\/wp-json\/wp\/v2\/users\/28"}],"replies":[{"embeddable":true,"href":"https:\/\/sanatate.md\/ro\/wp-json\/wp\/v2\/comments?post=55429"}],"version-history":[{"count":0,"href":"https:\/\/sanatate.md\/ro\/wp-json\/wp\/v2\/pages\/55429\/revisions"}],"up":[{"embeddable":true,"href":"https:\/\/sanatate.md\/ro\/wp-json\/wp\/v2\/pages\/53029"}],"wp:attachment":[{"href":"https:\/\/sanatate.md\/ro\/wp-json\/wp\/v2\/media?parent=55429"}],"curies":[{"name":"wp","href":"https:\/\/api.w.org\/{rel}","templated":true}]}}