{"id":55479,"date":"2018-04-03T14:39:21","date_gmt":"2018-04-03T11:39:21","guid":{"rendered":"https:\/\/sanatate.md\/?page_id=55479"},"modified":"2018-04-03T14:39:21","modified_gmt":"2018-04-03T11:39:21","slug":"anomalii-in-dezvoltarea-coloanei-vertebrale","status":"publish","type":"page","link":"https:\/\/sanatate.md\/ro\/boli-si-tratament\/boli-ale-sistemului-musculo-scheletic-traumatisme\/anomalii-in-dezvoltarea-coloanei-vertebrale\/","title":{"rendered":"Anomalii \u00een dezvoltarea coloanei vertebrale"},"content":{"rendered":"<p>Vertebrele de tipul pan\u0103 sunt patologii congenitale, care se characterizeaz\u0103 prin dezvoltarea a doar o jum\u0103tate dintr-o vertebr\u0103. Din aceast\u0103 cauz\u00e2 coloana vertebral\u0103 se deformeaz\u0103.<br \/>\nAceast\u0103 patologie nu poate fi vindecat\u0103 conservator, prin urmare se recomand\u0103 interven\u0163ia operativ\u0103 la o v\u00e2rst\u0103 de la trei p\u00e2n\u0103 la cinci ani.<\/p>\n<p>Anume lichidarea pe cale chirurgical\u0103 a unor astfel de vertebre va stopa formarea scoliozelor la un copil mai \u00een v\u00e2rst\u0103. Dac\u0103 astfel de semi vertebre nu sunt \u00eendep\u0103rtate, opera\u021bia poate fi efectuat\u0103 \u00een adolescen\u021b\u0103 prin utilizarea metodei Cotrel-Dubousset-Lenke.<\/p>\n<h3>Coloana vertebral\u0103 de tip segmentat<\/h3>\n<p>Aceast\u0103 anomalie se caracterizeaz\u0103 prin fuzionarea par\u021bial\u0103 a segmentelor laterale ale vertebrelor. Aceast\u0103 patologie este o cale direct\u0103 spre deform\u0103rile din coloana vertebral\u0103. O astfel de afec\u021biune poate fi \u00eempiedicat\u0103 prin desf\u0103\u0219urarea unor opera\u021bii, care s\u0103 permit\u0103 implantarea unei structuri &#8220;\u00een cre\u0219tere&#8221; din metal de \u00eenalt\u0103 calitate p\u00e2n\u0103 la v\u00e2rsta pubert\u0103\u021bii. Utilizarea corseturilor \u00een astfel de cazuri este inoportun\u0103 \u0219i nu este eficient\u0103.<\/p>\n<h3>Bloc complet de vertebre<\/h3>\n<p>O astfel de anomalie, \u00een general, nu dezvolt\u0103 o deformare a coloanei vertebrale, dar la o v\u00e2rst\u0103 \u00eenaintat\u0103 duce la modific\u0103ri de tip degenerativ \u00een discurile intervertebrale.<br \/>\nAcondroplazia coloanei vertebrale<br \/>\nAcest tip de anomalii conduce la dezvoltarea stenozei canalului spinal, care necesit\u0103 adesea o corec\u021bie prompt\u0103.<\/p>\n<h3>Fuziunea coastelor (synostosis)<\/h3>\n<p>O astfel de anomalie duce la deformarea coloanei vertebrale, prin urmare se recomand\u0103 &#8211; coastele deformate s\u0103 fie \u00eendep\u0103rtate sau s\u0103 se efectueze cursuri corective pentru a \u00eendrepta coloana vertebral\u0103 curb\u0103.<\/p>\n<h3>Boala Scheuerman-Mau<\/h3>\n<p>Aceast\u0103 anomalie are un alt nume &#8211; cifoza de tip congenital. Aceast\u0103 boal\u0103 se caracterizeaz\u0103 prin aranjarea vertebrelor \u00een form\u0103 de pan\u0103 \u00een apropierea regiunii toracice, ceea ce duce la formarea de kyfoz\u0103 a formei vertebrale. Boala necesit\u0103 corec\u021bie operativ\u0103 \u00een mod excep\u021bional, deoarece, \u00een cele mai multe cazuri, \u0163inuta pacientului este deranjat\u0103 \u0219i poate cre\u0219te un gheb.<\/p>\n","protected":false},"excerpt":{"rendered":"<p>Vertebrele de tipul pan\u0103 sunt patologii congenitale, care se characterizeaz\u0103 prin dezvoltarea a doar o jum\u0103tate dintr-o vertebr\u0103. Din aceast\u0103 cauz\u00e2 coloana vertebral\u0103 se deformeaz\u0103. Aceast\u0103 patologie nu poate fi vindecat\u0103 conservator, prin urmare se recomand\u0103 interven\u0163ia operativ\u0103 la o v\u00e2rst\u0103 de la trei p\u00e2n\u0103 la cinci ani. Anume lichidarea pe cale chirurgical\u0103 a unor [&hellip;]<\/p>\n","protected":false},"author":28,"featured_media":0,"parent":52975,"menu_order":0,"comment_status":"closed","ping_status":"closed","template":"","meta":{"inline_featured_image":false,"footnotes":""},"class_list":["post-55479","page","type-page","status-publish"],"yoast_head":"<!-- This site is optimized with the Yoast SEO plugin v27.3 - https:\/\/yoast.com\/product\/yoast-seo-wordpress\/ -->\n<title>Anomalii \u00een dezvoltarea coloanei vertebrale<\/title>\n<meta name=\"description\" content=\"Vertebrele de tipul pan\u0103 sunt patologii congenitale, care se characterizeaz\u0103 prin dezvoltarea a doar o jum\u0103tate dintr-o vertebr\u0103.\" \/>\n<meta name=\"robots\" content=\"index, follow, max-snippet:-1, max-image-preview:large, max-video-preview:-1\" \/>\n<link rel=\"canonical\" href=\"https:\/\/sanatate.md\/ro\/boli-si-tratament\/boli-ale-sistemului-musculo-scheletic-traumatisme\/anomalii-in-dezvoltarea-coloanei-vertebrale\/\" \/>\n<meta property=\"og:locale\" content=\"ro_RO\" \/>\n<meta property=\"og:type\" content=\"article\" \/>\n<meta property=\"og:title\" content=\"Anomalii \u00een dezvoltarea coloanei vertebrale\" \/>\n<meta property=\"og:description\" content=\"Vertebrele de tipul pan\u0103 sunt patologii congenitale, care se characterizeaz\u0103 prin dezvoltarea a doar o jum\u0103tate dintr-o vertebr\u0103.\" \/>\n<meta property=\"og:url\" content=\"https:\/\/sanatate.md\/ro\/boli-si-tratament\/boli-ale-sistemului-musculo-scheletic-traumatisme\/anomalii-in-dezvoltarea-coloanei-vertebrale\/\" \/>\n<meta property=\"og:site_name\" content=\"Sanatate.md\" \/>\n<meta name=\"twitter:card\" content=\"summary_large_image\" \/>\n<meta name=\"twitter:label1\" content=\"Timp estimat pentru citire\" \/>\n\t<meta name=\"twitter:data1\" content=\"2 minute\" \/>\n<script type=\"application\/ld+json\" class=\"yoast-schema-graph\">{\"@context\":\"https:\\\/\\\/schema.org\",\"@graph\":[{\"@type\":\"WebPage\",\"@id\":\"https:\\\/\\\/sanatate.md\\\/ro\\\/boli-si-tratament\\\/boli-ale-sistemului-musculo-scheletic-traumatisme\\\/anomalii-in-dezvoltarea-coloanei-vertebrale\\\/\",\"url\":\"https:\\\/\\\/sanatate.md\\\/ro\\\/boli-si-tratament\\\/boli-ale-sistemului-musculo-scheletic-traumatisme\\\/anomalii-in-dezvoltarea-coloanei-vertebrale\\\/\",\"name\":\"Anomalii \u00een dezvoltarea coloanei vertebrale\",\"isPartOf\":{\"@id\":\"https:\\\/\\\/sanatate.md\\\/ro\\\/#website\"},\"datePublished\":\"2018-04-03T11:39:21+00:00\",\"description\":\"Vertebrele de tipul pan\u0103 sunt patologii congenitale, care se characterizeaz\u0103 prin dezvoltarea a doar o jum\u0103tate dintr-o vertebr\u0103.\",\"breadcrumb\":{\"@id\":\"https:\\\/\\\/sanatate.md\\\/ro\\\/boli-si-tratament\\\/boli-ale-sistemului-musculo-scheletic-traumatisme\\\/anomalii-in-dezvoltarea-coloanei-vertebrale\\\/#breadcrumb\"},\"inLanguage\":\"ro-RO\",\"potentialAction\":[{\"@type\":\"ReadAction\",\"target\":[\"https:\\\/\\\/sanatate.md\\\/ro\\\/boli-si-tratament\\\/boli-ale-sistemului-musculo-scheletic-traumatisme\\\/anomalii-in-dezvoltarea-coloanei-vertebrale\\\/\"]}]},{\"@type\":\"BreadcrumbList\",\"@id\":\"https:\\\/\\\/sanatate.md\\\/ro\\\/boli-si-tratament\\\/boli-ale-sistemului-musculo-scheletic-traumatisme\\\/anomalii-in-dezvoltarea-coloanei-vertebrale\\\/#breadcrumb\",\"itemListElement\":[{\"@type\":\"ListItem\",\"position\":1,\"name\":\"\u0413\u043b\u0430\u0432\u043d\u0430\u044f \u0441\u0442\u0440\u0430\u043d\u0438\u0446\u0430\",\"item\":\"https:\\\/\\\/sanatate.md\\\/ro\\\/\"},{\"@type\":\"ListItem\",\"position\":2,\"name\":\"Boli si tratament\",\"item\":\"https:\\\/\\\/sanatate.md\\\/ro\\\/boli-si-tratament\\\/\"},{\"@type\":\"ListItem\",\"position\":3,\"name\":\"Boli ale sistemului musculo-scheletic, traumatisme\",\"item\":\"https:\\\/\\\/sanatate.md\\\/ro\\\/boli-si-tratament\\\/boli-ale-sistemului-musculo-scheletic-traumatisme\\\/\"},{\"@type\":\"ListItem\",\"position\":4,\"name\":\"Anomalii \u00een dezvoltarea coloanei vertebrale\"}]},{\"@type\":\"WebSite\",\"@id\":\"https:\\\/\\\/sanatate.md\\\/ro\\\/#website\",\"url\":\"https:\\\/\\\/sanatate.md\\\/ro\\\/\",\"name\":\"Sanatate.md\",\"description\":\"\u0416\u0443\u0440\u043d\u0430\u043b \u0434\u043b\u044f \u0432\u0441\u0435\u0439 \u0441\u0435\u043c\u044c\u0438 \u0432 \u041c\u043e\u043b\u0434\u043e\u0432\u0435\",\"publisher\":{\"@id\":\"https:\\\/\\\/sanatate.md\\\/ro\\\/#organization\"},\"potentialAction\":[{\"@type\":\"SearchAction\",\"target\":{\"@type\":\"EntryPoint\",\"urlTemplate\":\"https:\\\/\\\/sanatate.md\\\/ro\\\/?s={search_term_string}\"},\"query-input\":{\"@type\":\"PropertyValueSpecification\",\"valueRequired\":true,\"valueName\":\"search_term_string\"}}],\"inLanguage\":\"ro-RO\"},{\"@type\":\"Organization\",\"@id\":\"https:\\\/\\\/sanatate.md\\\/ro\\\/#organization\",\"name\":\"SANATATE\",\"url\":\"https:\\\/\\\/sanatate.md\\\/ro\\\/\",\"logo\":{\"@type\":\"ImageObject\",\"inLanguage\":\"ro-RO\",\"@id\":\"https:\\\/\\\/sanatate.md\\\/ro\\\/#\\\/schema\\\/logo\\\/image\\\/\",\"url\":\"https:\\\/\\\/sanatate.md\\\/wp-content\\\/uploads\\\/2022\\\/01\\\/sanatate-logo.svg\",\"contentUrl\":\"https:\\\/\\\/sanatate.md\\\/wp-content\\\/uploads\\\/2022\\\/01\\\/sanatate-logo.svg\",\"width\":\"1024\",\"height\":\"1024\",\"caption\":\"SANATATE\"},\"image\":{\"@id\":\"https:\\\/\\\/sanatate.md\\\/ro\\\/#\\\/schema\\\/logo\\\/image\\\/\"}}]}<\/script>\n<!-- \/ Yoast SEO plugin. -->","yoast_head_json":{"title":"Anomalii \u00een dezvoltarea coloanei vertebrale","description":"Vertebrele de tipul pan\u0103 sunt patologii congenitale, care se characterizeaz\u0103 prin dezvoltarea a doar o jum\u0103tate dintr-o vertebr\u0103.","robots":{"index":"index","follow":"follow","max-snippet":"max-snippet:-1","max-image-preview":"max-image-preview:large","max-video-preview":"max-video-preview:-1"},"canonical":"https:\/\/sanatate.md\/ro\/boli-si-tratament\/boli-ale-sistemului-musculo-scheletic-traumatisme\/anomalii-in-dezvoltarea-coloanei-vertebrale\/","og_locale":"ro_RO","og_type":"article","og_title":"Anomalii \u00een dezvoltarea coloanei vertebrale","og_description":"Vertebrele de tipul pan\u0103 sunt patologii congenitale, care se characterizeaz\u0103 prin dezvoltarea a doar o jum\u0103tate dintr-o vertebr\u0103.","og_url":"https:\/\/sanatate.md\/ro\/boli-si-tratament\/boli-ale-sistemului-musculo-scheletic-traumatisme\/anomalii-in-dezvoltarea-coloanei-vertebrale\/","og_site_name":"Sanatate.md","twitter_card":"summary_large_image","twitter_misc":{"Timp estimat pentru citire":"2 minute"},"schema":{"@context":"https:\/\/schema.org","@graph":[{"@type":"WebPage","@id":"https:\/\/sanatate.md\/ro\/boli-si-tratament\/boli-ale-sistemului-musculo-scheletic-traumatisme\/anomalii-in-dezvoltarea-coloanei-vertebrale\/","url":"https:\/\/sanatate.md\/ro\/boli-si-tratament\/boli-ale-sistemului-musculo-scheletic-traumatisme\/anomalii-in-dezvoltarea-coloanei-vertebrale\/","name":"Anomalii \u00een dezvoltarea coloanei vertebrale","isPartOf":{"@id":"https:\/\/sanatate.md\/ro\/#website"},"datePublished":"2018-04-03T11:39:21+00:00","description":"Vertebrele de tipul pan\u0103 sunt patologii congenitale, care se characterizeaz\u0103 prin dezvoltarea a doar o jum\u0103tate dintr-o vertebr\u0103.","breadcrumb":{"@id":"https:\/\/sanatate.md\/ro\/boli-si-tratament\/boli-ale-sistemului-musculo-scheletic-traumatisme\/anomalii-in-dezvoltarea-coloanei-vertebrale\/#breadcrumb"},"inLanguage":"ro-RO","potentialAction":[{"@type":"ReadAction","target":["https:\/\/sanatate.md\/ro\/boli-si-tratament\/boli-ale-sistemului-musculo-scheletic-traumatisme\/anomalii-in-dezvoltarea-coloanei-vertebrale\/"]}]},{"@type":"BreadcrumbList","@id":"https:\/\/sanatate.md\/ro\/boli-si-tratament\/boli-ale-sistemului-musculo-scheletic-traumatisme\/anomalii-in-dezvoltarea-coloanei-vertebrale\/#breadcrumb","itemListElement":[{"@type":"ListItem","position":1,"name":"\u0413\u043b\u0430\u0432\u043d\u0430\u044f \u0441\u0442\u0440\u0430\u043d\u0438\u0446\u0430","item":"https:\/\/sanatate.md\/ro\/"},{"@type":"ListItem","position":2,"name":"Boli si tratament","item":"https:\/\/sanatate.md\/ro\/boli-si-tratament\/"},{"@type":"ListItem","position":3,"name":"Boli ale sistemului musculo-scheletic, traumatisme","item":"https:\/\/sanatate.md\/ro\/boli-si-tratament\/boli-ale-sistemului-musculo-scheletic-traumatisme\/"},{"@type":"ListItem","position":4,"name":"Anomalii \u00een dezvoltarea coloanei vertebrale"}]},{"@type":"WebSite","@id":"https:\/\/sanatate.md\/ro\/#website","url":"https:\/\/sanatate.md\/ro\/","name":"Sanatate.md","description":"\u0416\u0443\u0440\u043d\u0430\u043b \u0434\u043b\u044f \u0432\u0441\u0435\u0439 \u0441\u0435\u043c\u044c\u0438 \u0432 \u041c\u043e\u043b\u0434\u043e\u0432\u0435","publisher":{"@id":"https:\/\/sanatate.md\/ro\/#organization"},"potentialAction":[{"@type":"SearchAction","target":{"@type":"EntryPoint","urlTemplate":"https:\/\/sanatate.md\/ro\/?s={search_term_string}"},"query-input":{"@type":"PropertyValueSpecification","valueRequired":true,"valueName":"search_term_string"}}],"inLanguage":"ro-RO"},{"@type":"Organization","@id":"https:\/\/sanatate.md\/ro\/#organization","name":"SANATATE","url":"https:\/\/sanatate.md\/ro\/","logo":{"@type":"ImageObject","inLanguage":"ro-RO","@id":"https:\/\/sanatate.md\/ro\/#\/schema\/logo\/image\/","url":"https:\/\/sanatate.md\/wp-content\/uploads\/2022\/01\/sanatate-logo.svg","contentUrl":"https:\/\/sanatate.md\/wp-content\/uploads\/2022\/01\/sanatate-logo.svg","width":"1024","height":"1024","caption":"SANATATE"},"image":{"@id":"https:\/\/sanatate.md\/ro\/#\/schema\/logo\/image\/"}}]}},"_links":{"self":[{"href":"https:\/\/sanatate.md\/ro\/wp-json\/wp\/v2\/pages\/55479","targetHints":{"allow":["GET"]}}],"collection":[{"href":"https:\/\/sanatate.md\/ro\/wp-json\/wp\/v2\/pages"}],"about":[{"href":"https:\/\/sanatate.md\/ro\/wp-json\/wp\/v2\/types\/page"}],"author":[{"embeddable":true,"href":"https:\/\/sanatate.md\/ro\/wp-json\/wp\/v2\/users\/28"}],"replies":[{"embeddable":true,"href":"https:\/\/sanatate.md\/ro\/wp-json\/wp\/v2\/comments?post=55479"}],"version-history":[{"count":0,"href":"https:\/\/sanatate.md\/ro\/wp-json\/wp\/v2\/pages\/55479\/revisions"}],"up":[{"embeddable":true,"href":"https:\/\/sanatate.md\/ro\/wp-json\/wp\/v2\/pages\/52975"}],"wp:attachment":[{"href":"https:\/\/sanatate.md\/ro\/wp-json\/wp\/v2\/media?parent=55479"}],"curies":[{"name":"wp","href":"https:\/\/api.w.org\/{rel}","templated":true}]}}