{"id":55488,"date":"2018-04-03T14:57:42","date_gmt":"2018-04-03T11:57:42","guid":{"rendered":"https:\/\/sanatate.md\/?page_id=55488"},"modified":"2018-04-03T14:57:42","modified_gmt":"2018-04-03T11:57:42","slug":"anorgasmia","status":"publish","type":"page","link":"https:\/\/sanatate.md\/ro\/boli-si-tratament\/tulburari-sexuale\/anorgasmia\/","title":{"rendered":"Anorgasmia"},"content":{"rendered":"<p>Anorgasmia \u00eenseamn\u0103 dificult\u0103\u021bi constante \u00een realizarea orgasmului, \u00een ciuda stimul\u0103rii sexuale suficiente \u0219i a duratei normale a actului sexual. Anorgasmia este un fenomen comun, care afecteaz\u0103 majoritatea femeilor, doar unele reprezentante de sex feminin nu vor s\u0103 vorbeasc\u0103 despre asta.<\/p>\n<p>Nu face de ascuns nimic, doar modific\u0103rile stilului de via\u021b\u0103 \u0219i o terapie sexual\u0103 corect\u0103 v\u0103 vor ajuta s\u0103 spori\u0163i dorin\u021ba sexual\u0103 \u0219i la lichidarea problemelor din via\u021ba sexual\u0103.<br \/>\nOrgasmul are o intensitate diferit\u0103, iar reprezentantele sexului frumos se desebesc prin frecven\u021b\u0103 diferit\u0103 a orgasmului, precum \u0219i prin durata preliminar\u0103 a ging\u0103\u015fiei \u0219i a actului sexual \u00een vederea &#8220;lans\u0103rii&#8221; acestuia.<\/p>\n<p>Exper\u021bii au estimate, c\u0103 doar aproximativ un sfert din toate femeile se confrunt\u0103 \u00een mod constant cu satisfac\u021bie din via\u021ba sexual\u0103.<\/p>\n<p>Debutul orgasmului depinde de v\u00e2rsta femeii, de problemele de s\u0103n\u0103tate, de situa\u021bia din familie \u0219i de rela\u021biile cu iubita ei.<\/p>\n<p>Dac\u0103 vi se potrive\u0219te via\u021ba sexual\u0103, atunci nu exist\u0103 nici un motiv s\u0103 contactezi un specialist. \u00cen caz contrar, consultarea unui sexopatolog este pur \u0219i simplu necesar\u0103.<\/p>\n<h3>Anorgasmia la femei: semnele unei afec\u021biuni<\/h3>\n<p>Un contact sexual complet se \u00eencheie cu un orgasm &#8211; un sentiment de pl\u0103cere fizic\u0103 puternic\u0103 \u0219i u\u0219urare, care este \u00eenso\u021bit\u0103 de contrac\u021bii ale mu\u0219chilor pelvieni. Intensitatea orgasmului este fenomen strict individual, unele femei pierd chiar con\u0219tiin\u021ba de pl\u0103cere, iar unele simt doar o u\u0219oar\u0103 tremurare a uterului.<br \/>\nPrincipalul semn al afec\u021biunii este incapacitatea de a sim\u021bi pl\u0103cerea \u00een timpul sexului sau de \u00eent\u00e2rzieri \u00een atingerea acestuia.<\/p>\n<h3>Tipuri de stare dureroas\u0103<\/h3>\n<p>Speciali\u0219tii disting urm\u0103toarele tipuri de anorgasmie:<\/p>\n<p>\u2022 anorgasmia primar\u0103 &#8211; femeia nu a sim\u021bit niciodat\u0103 \u00een via\u021ba ei cea mai mare pl\u0103cere de a face dragoste;<br \/>\n\u2022 anorgasmia secundar\u0103 &#8211; femeia \u0219tie ce este un orgasm, dar nu este \u00eentotdeauna posibil s\u0103-l atingi, necesit\u0103 mult efort;<br \/>\n\u2022 \u00een dependen\u0163\u0103 de situa\u021bie &#8211; este capabil\u0103 s\u0103 experimenteze pl\u0103cerea numai \u00een pozi\u021bii individuale sau \u00een timpul unui anumit tip de sex (de exemplu, oral); unele femei simt orgasmul prin stimularea clitorisului;<br \/>\n\u2022 anorgasmia coital\u0103 &#8211; poate atinge cea mai mare pl\u0103cere \u00een diferite moduri, dar nu \u00een timpul actului sexual;<br \/>\n\u2022 general &#8211; nu simte pl\u0103cere, indiferent de situa\u021bie \u0219i de m\u00e2ng\u00e2ierele partenerului.<br \/>\nCauzele anorgasmiei la femei<br \/>\nProcesul de dezvoltare a unui orgasm nu este u\u0219or, este influen\u021bat de diver\u0219i factori (fizic, emo\u021bional, psihologic). Problemele din oricare dintre ei \u00eei provoac\u0103 absen\u021ba.<br \/>\nFactorii fizici includ diverse boli &#8211; de ginecologie, diabet \u0219i scleroz\u0103 multipl\u0103. Disconfortul \u00een procesul actului sexual, durerea sau pozi\u021bie incomod\u0103 contribuie, de asemenea, la absen\u021ba orgasmului.<\/p>\n<p>Multe medicamente influen\u0163eaz\u0103 orgasmul (inhibitori selectivi, medicamente pentru tratamentul hipertensiunii, antihistaminice).<\/p>\n<p>De regul\u0103, alcoolul cre\u0219te dorin\u021ba, dar reduce oportunit\u0103\u021bile, astfel \u00eenc\u00e2t poate interfera cu capacitatea orgasmului. Acela\u0219i lucru se poate spune despre droguri.<br \/>\nConform cercet\u0103rii statistice, posibilit\u0103\u021bile sexuale scad cu v\u00e2rsta. \u00cen perioada menopauzei, aceasta este asociat\u0103 cu o sc\u0103dere a nivelului hormonului estrogen.<\/p>\n<p>Factorii psihologici joac\u0103 un rol important \u00een apari\u021bia orgasmului: stresul, depresia, dificult\u0103\u021bile financiare, teama de a r\u0103m\u00e2ne \u00eens\u0103rcinat\u0103, senza\u021bia de ru\u0219ine, rela\u021biile tensionate, lipsa de \u00eencredere nu permit unei femei s\u0103 se relaxeze \u0219i s\u0103 se dedice complet pl\u0103cerii.<\/p>\n<h3>Anorgasmia la b\u0103rba\u021bi<\/h3>\n<p>\u00cen mod ideal, actul sexual se termin\u0103 \u00eentotdeauna cu orgasm. El este punctul culminant al ac\u021biunii, completarea ei \u0219i partea cea mai important\u0103. Dar exist\u0103 cazuri, \u00een care orgasmul nu vine. Motivul pentru aceasta poate fi o simpl\u0103 oboseala, suprasolicitarea mental\u0103, problemele nerezolvate etc. Dar dac\u0103 aceast\u0103 condi\u021bie se repet\u0103, este necesar\u0103 o consulta\u021bie de specialitate.<\/p>\n<p>Lips\u0103 de satisfac\u021bie \u00een raporturile sexuale indic\u0103 un e\u0219ec \u00een activitatea diferitor organe \u0219i sisteme ale corpului masculin. Lipsa orgasmului e o mare problem\u0103 \u00een via\u021ba lui personal\u0103.<br \/>\nCauzele unei st\u0103ri dureroase la b\u0103rba\u021bi:<\/p>\n<p>\u2022 a suferit un traumatism vertebral;<br \/>\n\u2022 boala vascular\u0103 (de exemplu, varicocel);<br \/>\n\u2022 tulbur\u0103ri hormonale;<br \/>\n\u2022 diabet;<br \/>\n\u2022 interven\u021bii chirurgicale;<br \/>\n\u2022 factori psihologici;<br \/>\n\u2022 scleroza multipl\u0103;<br \/>\n\u2022 boli ale sferei genitourinare (de exemplu, prostatita).<\/p>\n<h3>Tratamentul anorgasmiei<\/h3>\n<p>Dac\u0103 orgasmul este rar sau nu l-ai avut niciodat\u0103 \u00een via\u021b\u0103, trebuie s\u0103 consul\u0163i un specialist, care te va ajuta s\u0103 rezolvi problemele ce au ap\u0103rut. Practica sugereaz\u0103, c\u0103 este mult mai u\u0219or s\u0103 discu\u021bi cu un medic despre astfel de subiecte, dec\u00e2t cu un partener sexual. Specialistul \u0219tie foarte bine ce e de f\u0103cut pentru a rezolva problema.<\/p>\n<p>Nu v\u0103 pute\u021bi trata de unul singur, utilizarea nejustificat\u0103 a Viagrei, Levitrei poate exacerba mai mult starea de lucruri.<br \/>\nB\u0103rba\u021bii trebuie s\u0103 se adreseze urologului- andrologistului sau endocrinologului-urologului. \u00cen majoritatea cazurilor, tratamentul se bazeaz\u0103 pe administrarea medicamentelor speciale, care pot activa mediatorii creierului.<\/p>\n<p>\u00cen paralel, pacientului i se prescriu proceduri fizice, care stimuleaz\u0103 p\u0103r\u021bile necesare ale creierului \u0219i m\u0103duvei spin\u0103rii:<br \/>\n\u2022 electrosleep;<br \/>\n\u2022 b\u0103i medicale;<br \/>\n\u2022 electrolitica;<br \/>\n\u2022 ultrasunete \u0219.a.<\/p>\n<p>Dac\u0103 starea dureroas\u0103 este provocat\u0103 de patologia organelor genitale, este indicat\u0103 interven\u021bia chirurgical\u0103.<br \/>\nCursurile de psihoterapie au un efect bun.<\/p>\n<h3>Consecin\u021bele<\/h3>\n<p>E foarte important pentru fiecare persoan\u0103 s\u0103 aib\u0103 pl\u0103cere \u00een timpul sexului, care este un fel de destindere psihologic\u0103 \u0219i fiziologic\u0103. La b\u0103rba\u021bi \u0219i femei absen\u021ba constant\u0103 a orgasmului duce la stagnarea s\u00e2ngelui \u00een regiunea pelvian\u0103, stare care provoac\u0103 tumori, prostatite la b\u0103rba\u021bi, tulbur\u0103ri cardiovasculare.<\/p>\n","protected":false},"excerpt":{"rendered":"<p>Anorgasmia \u00eenseamn\u0103 dificult\u0103\u021bi constante \u00een realizarea orgasmului, \u00een ciuda stimul\u0103rii sexuale suficiente \u0219i a duratei normale a actului sexual. Anorgasmia este un fenomen comun, care afecteaz\u0103 majoritatea femeilor, doar unele reprezentante de sex feminin nu vor s\u0103 vorbeasc\u0103 despre asta. Nu face de ascuns nimic, doar modific\u0103rile stilului de via\u021b\u0103 \u0219i o terapie sexual\u0103 corect\u0103 [&hellip;]<\/p>\n","protected":false},"author":28,"featured_media":0,"parent":52952,"menu_order":0,"comment_status":"closed","ping_status":"closed","template":"","meta":{"inline_featured_image":false,"footnotes":""},"class_list":["post-55488","page","type-page","status-publish"],"yoast_head":"<!-- This site is optimized with the Yoast SEO plugin v27.3 - https:\/\/yoast.com\/product\/yoast-seo-wordpress\/ -->\n<title>Anorgasmia<\/title>\n<meta name=\"description\" content=\"Anorgasmia \u00eenseamn\u0103 dificult\u0103\u021bi constante \u00een realizarea orgasmului, \u00een ciuda stimul\u0103rii sexuale suficiente \u0219i a duratei normale a actului sexual.\" \/>\n<meta name=\"robots\" content=\"index, follow, max-snippet:-1, max-image-preview:large, max-video-preview:-1\" \/>\n<link rel=\"canonical\" href=\"https:\/\/sanatate.md\/ro\/boli-si-tratament\/tulburari-sexuale\/anorgasmia\/\" \/>\n<meta property=\"og:locale\" content=\"ro_RO\" \/>\n<meta property=\"og:type\" content=\"article\" \/>\n<meta property=\"og:title\" content=\"Anorgasmia\" \/>\n<meta property=\"og:description\" content=\"Anorgasmia \u00eenseamn\u0103 dificult\u0103\u021bi constante \u00een realizarea orgasmului, \u00een ciuda stimul\u0103rii sexuale suficiente \u0219i a duratei normale a actului sexual.\" \/>\n<meta property=\"og:url\" content=\"https:\/\/sanatate.md\/ro\/boli-si-tratament\/tulburari-sexuale\/anorgasmia\/\" \/>\n<meta property=\"og:site_name\" content=\"Sanatate.md\" \/>\n<meta name=\"twitter:card\" content=\"summary_large_image\" \/>\n<meta name=\"twitter:label1\" content=\"Timp estimat pentru citire\" \/>\n\t<meta name=\"twitter:data1\" content=\"5 minute\" \/>\n<script type=\"application\/ld+json\" class=\"yoast-schema-graph\">{\"@context\":\"https:\\\/\\\/schema.org\",\"@graph\":[{\"@type\":\"WebPage\",\"@id\":\"https:\\\/\\\/sanatate.md\\\/ro\\\/boli-si-tratament\\\/tulburari-sexuale\\\/anorgasmia\\\/\",\"url\":\"https:\\\/\\\/sanatate.md\\\/ro\\\/boli-si-tratament\\\/tulburari-sexuale\\\/anorgasmia\\\/\",\"name\":\"Anorgasmia\",\"isPartOf\":{\"@id\":\"https:\\\/\\\/sanatate.md\\\/ro\\\/#website\"},\"datePublished\":\"2018-04-03T11:57:42+00:00\",\"description\":\"Anorgasmia \u00eenseamn\u0103 dificult\u0103\u021bi constante \u00een realizarea orgasmului, \u00een ciuda stimul\u0103rii sexuale suficiente \u0219i a duratei normale a actului sexual.\",\"breadcrumb\":{\"@id\":\"https:\\\/\\\/sanatate.md\\\/ro\\\/boli-si-tratament\\\/tulburari-sexuale\\\/anorgasmia\\\/#breadcrumb\"},\"inLanguage\":\"ro-RO\",\"potentialAction\":[{\"@type\":\"ReadAction\",\"target\":[\"https:\\\/\\\/sanatate.md\\\/ro\\\/boli-si-tratament\\\/tulburari-sexuale\\\/anorgasmia\\\/\"]}]},{\"@type\":\"BreadcrumbList\",\"@id\":\"https:\\\/\\\/sanatate.md\\\/ro\\\/boli-si-tratament\\\/tulburari-sexuale\\\/anorgasmia\\\/#breadcrumb\",\"itemListElement\":[{\"@type\":\"ListItem\",\"position\":1,\"name\":\"\u0413\u043b\u0430\u0432\u043d\u0430\u044f \u0441\u0442\u0440\u0430\u043d\u0438\u0446\u0430\",\"item\":\"https:\\\/\\\/sanatate.md\\\/ro\\\/\"},{\"@type\":\"ListItem\",\"position\":2,\"name\":\"Boli si tratament\",\"item\":\"https:\\\/\\\/sanatate.md\\\/ro\\\/boli-si-tratament\\\/\"},{\"@type\":\"ListItem\",\"position\":3,\"name\":\"Tulbur\u0103ri sexuale\",\"item\":\"https:\\\/\\\/sanatate.md\\\/ro\\\/boli-si-tratament\\\/tulburari-sexuale\\\/\"},{\"@type\":\"ListItem\",\"position\":4,\"name\":\"Anorgasmia\"}]},{\"@type\":\"WebSite\",\"@id\":\"https:\\\/\\\/sanatate.md\\\/ro\\\/#website\",\"url\":\"https:\\\/\\\/sanatate.md\\\/ro\\\/\",\"name\":\"Sanatate.md\",\"description\":\"\u0416\u0443\u0440\u043d\u0430\u043b \u0434\u043b\u044f \u0432\u0441\u0435\u0439 \u0441\u0435\u043c\u044c\u0438 \u0432 \u041c\u043e\u043b\u0434\u043e\u0432\u0435\",\"publisher\":{\"@id\":\"https:\\\/\\\/sanatate.md\\\/ro\\\/#organization\"},\"potentialAction\":[{\"@type\":\"SearchAction\",\"target\":{\"@type\":\"EntryPoint\",\"urlTemplate\":\"https:\\\/\\\/sanatate.md\\\/ro\\\/?s={search_term_string}\"},\"query-input\":{\"@type\":\"PropertyValueSpecification\",\"valueRequired\":true,\"valueName\":\"search_term_string\"}}],\"inLanguage\":\"ro-RO\"},{\"@type\":\"Organization\",\"@id\":\"https:\\\/\\\/sanatate.md\\\/ro\\\/#organization\",\"name\":\"SANATATE\",\"url\":\"https:\\\/\\\/sanatate.md\\\/ro\\\/\",\"logo\":{\"@type\":\"ImageObject\",\"inLanguage\":\"ro-RO\",\"@id\":\"https:\\\/\\\/sanatate.md\\\/ro\\\/#\\\/schema\\\/logo\\\/image\\\/\",\"url\":\"https:\\\/\\\/sanatate.md\\\/wp-content\\\/uploads\\\/2022\\\/01\\\/sanatate-logo.svg\",\"contentUrl\":\"https:\\\/\\\/sanatate.md\\\/wp-content\\\/uploads\\\/2022\\\/01\\\/sanatate-logo.svg\",\"width\":\"1024\",\"height\":\"1024\",\"caption\":\"SANATATE\"},\"image\":{\"@id\":\"https:\\\/\\\/sanatate.md\\\/ro\\\/#\\\/schema\\\/logo\\\/image\\\/\"}}]}<\/script>\n<!-- \/ Yoast SEO plugin. -->","yoast_head_json":{"title":"Anorgasmia","description":"Anorgasmia \u00eenseamn\u0103 dificult\u0103\u021bi constante \u00een realizarea orgasmului, \u00een ciuda stimul\u0103rii sexuale suficiente \u0219i a duratei normale a actului sexual.","robots":{"index":"index","follow":"follow","max-snippet":"max-snippet:-1","max-image-preview":"max-image-preview:large","max-video-preview":"max-video-preview:-1"},"canonical":"https:\/\/sanatate.md\/ro\/boli-si-tratament\/tulburari-sexuale\/anorgasmia\/","og_locale":"ro_RO","og_type":"article","og_title":"Anorgasmia","og_description":"Anorgasmia \u00eenseamn\u0103 dificult\u0103\u021bi constante \u00een realizarea orgasmului, \u00een ciuda stimul\u0103rii sexuale suficiente \u0219i a duratei normale a actului sexual.","og_url":"https:\/\/sanatate.md\/ro\/boli-si-tratament\/tulburari-sexuale\/anorgasmia\/","og_site_name":"Sanatate.md","twitter_card":"summary_large_image","twitter_misc":{"Timp estimat pentru citire":"5 minute"},"schema":{"@context":"https:\/\/schema.org","@graph":[{"@type":"WebPage","@id":"https:\/\/sanatate.md\/ro\/boli-si-tratament\/tulburari-sexuale\/anorgasmia\/","url":"https:\/\/sanatate.md\/ro\/boli-si-tratament\/tulburari-sexuale\/anorgasmia\/","name":"Anorgasmia","isPartOf":{"@id":"https:\/\/sanatate.md\/ro\/#website"},"datePublished":"2018-04-03T11:57:42+00:00","description":"Anorgasmia \u00eenseamn\u0103 dificult\u0103\u021bi constante \u00een realizarea orgasmului, \u00een ciuda stimul\u0103rii sexuale suficiente \u0219i a duratei normale a actului sexual.","breadcrumb":{"@id":"https:\/\/sanatate.md\/ro\/boli-si-tratament\/tulburari-sexuale\/anorgasmia\/#breadcrumb"},"inLanguage":"ro-RO","potentialAction":[{"@type":"ReadAction","target":["https:\/\/sanatate.md\/ro\/boli-si-tratament\/tulburari-sexuale\/anorgasmia\/"]}]},{"@type":"BreadcrumbList","@id":"https:\/\/sanatate.md\/ro\/boli-si-tratament\/tulburari-sexuale\/anorgasmia\/#breadcrumb","itemListElement":[{"@type":"ListItem","position":1,"name":"\u0413\u043b\u0430\u0432\u043d\u0430\u044f \u0441\u0442\u0440\u0430\u043d\u0438\u0446\u0430","item":"https:\/\/sanatate.md\/ro\/"},{"@type":"ListItem","position":2,"name":"Boli si tratament","item":"https:\/\/sanatate.md\/ro\/boli-si-tratament\/"},{"@type":"ListItem","position":3,"name":"Tulbur\u0103ri sexuale","item":"https:\/\/sanatate.md\/ro\/boli-si-tratament\/tulburari-sexuale\/"},{"@type":"ListItem","position":4,"name":"Anorgasmia"}]},{"@type":"WebSite","@id":"https:\/\/sanatate.md\/ro\/#website","url":"https:\/\/sanatate.md\/ro\/","name":"Sanatate.md","description":"\u0416\u0443\u0440\u043d\u0430\u043b \u0434\u043b\u044f \u0432\u0441\u0435\u0439 \u0441\u0435\u043c\u044c\u0438 \u0432 \u041c\u043e\u043b\u0434\u043e\u0432\u0435","publisher":{"@id":"https:\/\/sanatate.md\/ro\/#organization"},"potentialAction":[{"@type":"SearchAction","target":{"@type":"EntryPoint","urlTemplate":"https:\/\/sanatate.md\/ro\/?s={search_term_string}"},"query-input":{"@type":"PropertyValueSpecification","valueRequired":true,"valueName":"search_term_string"}}],"inLanguage":"ro-RO"},{"@type":"Organization","@id":"https:\/\/sanatate.md\/ro\/#organization","name":"SANATATE","url":"https:\/\/sanatate.md\/ro\/","logo":{"@type":"ImageObject","inLanguage":"ro-RO","@id":"https:\/\/sanatate.md\/ro\/#\/schema\/logo\/image\/","url":"https:\/\/sanatate.md\/wp-content\/uploads\/2022\/01\/sanatate-logo.svg","contentUrl":"https:\/\/sanatate.md\/wp-content\/uploads\/2022\/01\/sanatate-logo.svg","width":"1024","height":"1024","caption":"SANATATE"},"image":{"@id":"https:\/\/sanatate.md\/ro\/#\/schema\/logo\/image\/"}}]}},"_links":{"self":[{"href":"https:\/\/sanatate.md\/ro\/wp-json\/wp\/v2\/pages\/55488","targetHints":{"allow":["GET"]}}],"collection":[{"href":"https:\/\/sanatate.md\/ro\/wp-json\/wp\/v2\/pages"}],"about":[{"href":"https:\/\/sanatate.md\/ro\/wp-json\/wp\/v2\/types\/page"}],"author":[{"embeddable":true,"href":"https:\/\/sanatate.md\/ro\/wp-json\/wp\/v2\/users\/28"}],"replies":[{"embeddable":true,"href":"https:\/\/sanatate.md\/ro\/wp-json\/wp\/v2\/comments?post=55488"}],"version-history":[{"count":0,"href":"https:\/\/sanatate.md\/ro\/wp-json\/wp\/v2\/pages\/55488\/revisions"}],"up":[{"embeddable":true,"href":"https:\/\/sanatate.md\/ro\/wp-json\/wp\/v2\/pages\/52952"}],"wp:attachment":[{"href":"https:\/\/sanatate.md\/ro\/wp-json\/wp\/v2\/media?parent=55488"}],"curies":[{"name":"wp","href":"https:\/\/api.w.org\/{rel}","templated":true}]}}