{"id":55596,"date":"2018-04-04T14:41:55","date_gmt":"2018-04-04T11:41:55","guid":{"rendered":"https:\/\/sanatate.md\/?page_id=55596"},"modified":"2018-04-04T14:41:55","modified_gmt":"2018-04-04T11:41:55","slug":"sindromul-durerii-anokopchikovy","status":"publish","type":"page","link":"https:\/\/sanatate.md\/ro\/boli-si-tratament\/boli-proctologice\/sindromul-durerii-anokopchikovy\/","title":{"rendered":"Sindromul durerii Anokopchikovy"},"content":{"rendered":"<p>Sindromul durerii Ankokchikovy mai are un nume \u2013 koktsigodiniya &#8211; nume mai simplu \u0219i mai u\u0219or de \u00een\u021beles &#8211; durerea din coccis.\u00a0Maladia este diagnosticat\u0103 \u00een principal la femei. Medicina explic\u0103 acest lucru prin caracteristicile anatomice ale structurii sistemului musculo-scheletic.<\/p>\n<p>Dup\u0103 apari\u021bia simptomelor \u0219i a reclama\u021biilor este recomandabil s\u0103 \u00eencepe\u021bi imediat tratamentul cu cociogoniile. Dar, din p\u0103cate, mul\u021bi pacien\u021bi nu acord\u0103 aten\u021bie bolii, crez\u00e2nd c\u0103 disconfortul a devenit doar o consecin\u021b\u0103 a unei zile aglomerate.\u00a0Aceast\u0103 boal\u0103 este caracterizat\u0103 printr-un num\u0103r de st\u0103ri patologice \u00een sacrale, \u0219i regiunea anal\u0103 coccigian\u0103.<\/p>\n<h3>Simptomatologia<\/h3>\n<p>Senza\u021biile dureroase apar local, \u00een regiunea coccigian\u0103, \u00een rect, \u00een anus. Mai ales, astfel de dureri sunt caracteristice \u00een timpul odihnei \u0219i \u00een timpul nop\u021bii. \u00cen majoritatea cazurilor, durerea din regiunea coccigian\u0103 \u0219i sacral\u0103, este asociat\u0103 cu traume acute sau cronice.\u00a0Se constat\u0103 adesea, c\u0103 leziunile au fost cu mult \u00eenainte de apari\u021bia sindromului de durere.<\/p>\n<p>\u00cen timpul examin\u0103rii cu raze X \u00een aceste zone pot fi diagnosticate fracturi mai vechi, precum \u0219i deta\u0219are ale p\u0103r\u021bilor superioare ale coccisului sau alte modific\u0103ri ale sistemului osos.\u00a0\u00cen astfel de cazuri, este necesar s\u0103 se consulte un traumatolog.<\/p>\n<p>Unii pacien\u021bi se pl\u00e2ng de durere, care sunt rezultatul reticulopatiei.\u00a0De asemenea, durerea tipului peri anal poate fi un simptom al omisiunii perineului.\u00a0Sindromul de durere cre\u0219te \u00een timpul defec\u0103rii sau statului \u00eendelungat \u00een picioare.\u00a0\u00cen pozi\u021bia \u00eentins\u0103, senza\u021biile dureroase, \u00een general, dispar.<\/p>\n<p>Durerea poate s\u0103 apar\u0103 \u00een mod nea\u0219teptat, f\u0103r\u0103 nici un motiv special, s\u0103 continue \u00een momente diferite \u0219i, de asemenea, s\u0103 dispar\u0103 brusc.\u00a0Sindromul de durere este marcat de diferite senza\u021bii:<\/p>\n<ul>\n<li>\u00eempuns\u0103turi dureroase, cu furnic\u0103turi frecvente;<\/li>\n<li>durere oarb\u0103;<\/li>\n<li>durere cu iradiere \u00een perineu, coapse sau fese.<\/li>\n<\/ul>\n<p>Sindromul de durere poate dura mul\u021bi ani, uneori cre\u0219te \u0219i, uneori, brusc dispare. Cauza acestei maladii medicina modern\u0103 \u00eenc\u0103 nu a stabilit-o. Durata durerii nu este condi\u0163ionat\u0103 de niciunul dintre factori:<\/p>\n<ul>\n<li>modificarea condi\u021biilor climatice ale pacientului;<\/li>\n<li>prezen\u021ba bolilor ginecologice sau urologice;<\/li>\n<li>diagnosticul de osteohondroz\u0103.<\/li>\n<\/ul>\n<h3>Diagnosticarea<\/h3>\n<p>Dac\u0103 \u00cen cazul unei traume vizibile, depistate \u00een timpul investiga\u0163iilor Roentgen, patologia \u021besutului osos poate fi stabilit\u0103, \u00een toate celelalte cazuri, pentru a diagnostica orice modific\u0103ri practic e imposibil\u0103 nici cu ajutorul razelor X sau de studiu endoscopic. E imposibil de a depista maladia nici prin palparea coccisului, sacrului sau a sfincterului.<\/p>\n<h3>Tratamentul<\/h3>\n<p>Metodele radicale de tratare a sindromului dureros practic au \u00eentotdeauna rezultate de succes.\u00a0Este important s\u0103 se efectueze un tratament complex: s\u0103 participe la stabilirea diagnozei medicii, cum ar fi un neurolog, traumatolog \u0219i psihoterapeut.<\/p>\n<p>Sindromul de durere Anokopchikovy poate duce la astfel de consecin\u021be:<\/p>\n<ul>\n<li>depresie;<\/li>\n<li>insomnie;<\/li>\n<li>\u00eenc\u0103lcarea sistemului sexual (poten\u021ba);<\/li>\n<li>handicap.<\/li>\n<\/ul>\n<p>&nbsp;<\/p>\n","protected":false},"excerpt":{"rendered":"<p>Sindromul durerii Ankokchikovy mai are un nume \u2013 koktsigodiniya &#8211; nume mai simplu \u0219i mai u\u0219or de \u00een\u021beles &#8211; durerea din coccis.\u00a0Maladia este diagnosticat\u0103 \u00een principal la femei. Medicina explic\u0103 acest lucru prin caracteristicile anatomice ale structurii sistemului musculo-scheletic. Dup\u0103 apari\u021bia simptomelor \u0219i a reclama\u021biilor este recomandabil s\u0103 \u00eencepe\u021bi imediat tratamentul cu cociogoniile. Dar, din [&hellip;]<\/p>\n","protected":false},"author":28,"featured_media":0,"parent":52984,"menu_order":0,"comment_status":"closed","ping_status":"closed","template":"","meta":{"inline_featured_image":false,"footnotes":""},"class_list":["post-55596","page","type-page","status-publish"],"yoast_head":"<!-- This site is optimized with the Yoast SEO plugin v27.3 - https:\/\/yoast.com\/product\/yoast-seo-wordpress\/ -->\n<title>Sindromul durerii Anokopchikovy<\/title>\n<meta name=\"description\" content=\"Sindromul durerii Ankokchikovy mai are un nume \u2013 koktsigodiniya - nume mai simplu \u0219i mai u\u0219or de \u00een\u021beles - durerea din coccis.\" \/>\n<meta name=\"robots\" content=\"index, follow, max-snippet:-1, max-image-preview:large, max-video-preview:-1\" \/>\n<link rel=\"canonical\" href=\"https:\/\/sanatate.md\/ro\/boli-si-tratament\/boli-proctologice\/sindromul-durerii-anokopchikovy\/\" \/>\n<meta property=\"og:locale\" content=\"ro_RO\" \/>\n<meta property=\"og:type\" content=\"article\" \/>\n<meta property=\"og:title\" content=\"Sindromul durerii Anokopchikovy\" \/>\n<meta property=\"og:description\" content=\"Sindromul durerii Ankokchikovy mai are un nume \u2013 koktsigodiniya - nume mai simplu \u0219i mai u\u0219or de \u00een\u021beles - durerea din coccis.\" \/>\n<meta property=\"og:url\" content=\"https:\/\/sanatate.md\/ro\/boli-si-tratament\/boli-proctologice\/sindromul-durerii-anokopchikovy\/\" \/>\n<meta property=\"og:site_name\" content=\"Sanatate.md\" \/>\n<meta name=\"twitter:card\" content=\"summary_large_image\" \/>\n<meta name=\"twitter:label1\" content=\"Timp estimat pentru citire\" \/>\n\t<meta name=\"twitter:data1\" content=\"2 minute\" \/>\n<script type=\"application\/ld+json\" class=\"yoast-schema-graph\">{\"@context\":\"https:\\\/\\\/schema.org\",\"@graph\":[{\"@type\":\"WebPage\",\"@id\":\"https:\\\/\\\/sanatate.md\\\/ro\\\/boli-si-tratament\\\/boli-proctologice\\\/sindromul-durerii-anokopchikovy\\\/\",\"url\":\"https:\\\/\\\/sanatate.md\\\/ro\\\/boli-si-tratament\\\/boli-proctologice\\\/sindromul-durerii-anokopchikovy\\\/\",\"name\":\"Sindromul durerii Anokopchikovy\",\"isPartOf\":{\"@id\":\"https:\\\/\\\/sanatate.md\\\/ro\\\/#website\"},\"datePublished\":\"2018-04-04T11:41:55+00:00\",\"description\":\"Sindromul durerii Ankokchikovy mai are un nume \u2013 koktsigodiniya - nume mai simplu \u0219i mai u\u0219or de \u00een\u021beles - durerea din coccis.\",\"breadcrumb\":{\"@id\":\"https:\\\/\\\/sanatate.md\\\/ro\\\/boli-si-tratament\\\/boli-proctologice\\\/sindromul-durerii-anokopchikovy\\\/#breadcrumb\"},\"inLanguage\":\"ro-RO\",\"potentialAction\":[{\"@type\":\"ReadAction\",\"target\":[\"https:\\\/\\\/sanatate.md\\\/ro\\\/boli-si-tratament\\\/boli-proctologice\\\/sindromul-durerii-anokopchikovy\\\/\"]}]},{\"@type\":\"BreadcrumbList\",\"@id\":\"https:\\\/\\\/sanatate.md\\\/ro\\\/boli-si-tratament\\\/boli-proctologice\\\/sindromul-durerii-anokopchikovy\\\/#breadcrumb\",\"itemListElement\":[{\"@type\":\"ListItem\",\"position\":1,\"name\":\"\u0413\u043b\u0430\u0432\u043d\u0430\u044f \u0441\u0442\u0440\u0430\u043d\u0438\u0446\u0430\",\"item\":\"https:\\\/\\\/sanatate.md\\\/ro\\\/\"},{\"@type\":\"ListItem\",\"position\":2,\"name\":\"Boli si tratament\",\"item\":\"https:\\\/\\\/sanatate.md\\\/ro\\\/boli-si-tratament\\\/\"},{\"@type\":\"ListItem\",\"position\":3,\"name\":\"Boli proctologice\",\"item\":\"https:\\\/\\\/sanatate.md\\\/ro\\\/boli-si-tratament\\\/boli-proctologice\\\/\"},{\"@type\":\"ListItem\",\"position\":4,\"name\":\"Sindromul durerii Anokopchikovy\"}]},{\"@type\":\"WebSite\",\"@id\":\"https:\\\/\\\/sanatate.md\\\/ro\\\/#website\",\"url\":\"https:\\\/\\\/sanatate.md\\\/ro\\\/\",\"name\":\"Sanatate.md\",\"description\":\"\u0416\u0443\u0440\u043d\u0430\u043b \u0434\u043b\u044f \u0432\u0441\u0435\u0439 \u0441\u0435\u043c\u044c\u0438 \u0432 \u041c\u043e\u043b\u0434\u043e\u0432\u0435\",\"publisher\":{\"@id\":\"https:\\\/\\\/sanatate.md\\\/ro\\\/#organization\"},\"potentialAction\":[{\"@type\":\"SearchAction\",\"target\":{\"@type\":\"EntryPoint\",\"urlTemplate\":\"https:\\\/\\\/sanatate.md\\\/ro\\\/?s={search_term_string}\"},\"query-input\":{\"@type\":\"PropertyValueSpecification\",\"valueRequired\":true,\"valueName\":\"search_term_string\"}}],\"inLanguage\":\"ro-RO\"},{\"@type\":\"Organization\",\"@id\":\"https:\\\/\\\/sanatate.md\\\/ro\\\/#organization\",\"name\":\"SANATATE\",\"url\":\"https:\\\/\\\/sanatate.md\\\/ro\\\/\",\"logo\":{\"@type\":\"ImageObject\",\"inLanguage\":\"ro-RO\",\"@id\":\"https:\\\/\\\/sanatate.md\\\/ro\\\/#\\\/schema\\\/logo\\\/image\\\/\",\"url\":\"https:\\\/\\\/sanatate.md\\\/wp-content\\\/uploads\\\/2022\\\/01\\\/sanatate-logo.svg\",\"contentUrl\":\"https:\\\/\\\/sanatate.md\\\/wp-content\\\/uploads\\\/2022\\\/01\\\/sanatate-logo.svg\",\"width\":\"1024\",\"height\":\"1024\",\"caption\":\"SANATATE\"},\"image\":{\"@id\":\"https:\\\/\\\/sanatate.md\\\/ro\\\/#\\\/schema\\\/logo\\\/image\\\/\"}}]}<\/script>\n<!-- \/ Yoast SEO plugin. -->","yoast_head_json":{"title":"Sindromul durerii Anokopchikovy","description":"Sindromul durerii Ankokchikovy mai are un nume \u2013 koktsigodiniya - nume mai simplu \u0219i mai u\u0219or de \u00een\u021beles - durerea din coccis.","robots":{"index":"index","follow":"follow","max-snippet":"max-snippet:-1","max-image-preview":"max-image-preview:large","max-video-preview":"max-video-preview:-1"},"canonical":"https:\/\/sanatate.md\/ro\/boli-si-tratament\/boli-proctologice\/sindromul-durerii-anokopchikovy\/","og_locale":"ro_RO","og_type":"article","og_title":"Sindromul durerii Anokopchikovy","og_description":"Sindromul durerii Ankokchikovy mai are un nume \u2013 koktsigodiniya - nume mai simplu \u0219i mai u\u0219or de \u00een\u021beles - durerea din coccis.","og_url":"https:\/\/sanatate.md\/ro\/boli-si-tratament\/boli-proctologice\/sindromul-durerii-anokopchikovy\/","og_site_name":"Sanatate.md","twitter_card":"summary_large_image","twitter_misc":{"Timp estimat pentru citire":"2 minute"},"schema":{"@context":"https:\/\/schema.org","@graph":[{"@type":"WebPage","@id":"https:\/\/sanatate.md\/ro\/boli-si-tratament\/boli-proctologice\/sindromul-durerii-anokopchikovy\/","url":"https:\/\/sanatate.md\/ro\/boli-si-tratament\/boli-proctologice\/sindromul-durerii-anokopchikovy\/","name":"Sindromul durerii Anokopchikovy","isPartOf":{"@id":"https:\/\/sanatate.md\/ro\/#website"},"datePublished":"2018-04-04T11:41:55+00:00","description":"Sindromul durerii Ankokchikovy mai are un nume \u2013 koktsigodiniya - nume mai simplu \u0219i mai u\u0219or de \u00een\u021beles - durerea din coccis.","breadcrumb":{"@id":"https:\/\/sanatate.md\/ro\/boli-si-tratament\/boli-proctologice\/sindromul-durerii-anokopchikovy\/#breadcrumb"},"inLanguage":"ro-RO","potentialAction":[{"@type":"ReadAction","target":["https:\/\/sanatate.md\/ro\/boli-si-tratament\/boli-proctologice\/sindromul-durerii-anokopchikovy\/"]}]},{"@type":"BreadcrumbList","@id":"https:\/\/sanatate.md\/ro\/boli-si-tratament\/boli-proctologice\/sindromul-durerii-anokopchikovy\/#breadcrumb","itemListElement":[{"@type":"ListItem","position":1,"name":"\u0413\u043b\u0430\u0432\u043d\u0430\u044f \u0441\u0442\u0440\u0430\u043d\u0438\u0446\u0430","item":"https:\/\/sanatate.md\/ro\/"},{"@type":"ListItem","position":2,"name":"Boli si tratament","item":"https:\/\/sanatate.md\/ro\/boli-si-tratament\/"},{"@type":"ListItem","position":3,"name":"Boli proctologice","item":"https:\/\/sanatate.md\/ro\/boli-si-tratament\/boli-proctologice\/"},{"@type":"ListItem","position":4,"name":"Sindromul durerii Anokopchikovy"}]},{"@type":"WebSite","@id":"https:\/\/sanatate.md\/ro\/#website","url":"https:\/\/sanatate.md\/ro\/","name":"Sanatate.md","description":"\u0416\u0443\u0440\u043d\u0430\u043b \u0434\u043b\u044f \u0432\u0441\u0435\u0439 \u0441\u0435\u043c\u044c\u0438 \u0432 \u041c\u043e\u043b\u0434\u043e\u0432\u0435","publisher":{"@id":"https:\/\/sanatate.md\/ro\/#organization"},"potentialAction":[{"@type":"SearchAction","target":{"@type":"EntryPoint","urlTemplate":"https:\/\/sanatate.md\/ro\/?s={search_term_string}"},"query-input":{"@type":"PropertyValueSpecification","valueRequired":true,"valueName":"search_term_string"}}],"inLanguage":"ro-RO"},{"@type":"Organization","@id":"https:\/\/sanatate.md\/ro\/#organization","name":"SANATATE","url":"https:\/\/sanatate.md\/ro\/","logo":{"@type":"ImageObject","inLanguage":"ro-RO","@id":"https:\/\/sanatate.md\/ro\/#\/schema\/logo\/image\/","url":"https:\/\/sanatate.md\/wp-content\/uploads\/2022\/01\/sanatate-logo.svg","contentUrl":"https:\/\/sanatate.md\/wp-content\/uploads\/2022\/01\/sanatate-logo.svg","width":"1024","height":"1024","caption":"SANATATE"},"image":{"@id":"https:\/\/sanatate.md\/ro\/#\/schema\/logo\/image\/"}}]}},"_links":{"self":[{"href":"https:\/\/sanatate.md\/ro\/wp-json\/wp\/v2\/pages\/55596","targetHints":{"allow":["GET"]}}],"collection":[{"href":"https:\/\/sanatate.md\/ro\/wp-json\/wp\/v2\/pages"}],"about":[{"href":"https:\/\/sanatate.md\/ro\/wp-json\/wp\/v2\/types\/page"}],"author":[{"embeddable":true,"href":"https:\/\/sanatate.md\/ro\/wp-json\/wp\/v2\/users\/28"}],"replies":[{"embeddable":true,"href":"https:\/\/sanatate.md\/ro\/wp-json\/wp\/v2\/comments?post=55596"}],"version-history":[{"count":0,"href":"https:\/\/sanatate.md\/ro\/wp-json\/wp\/v2\/pages\/55596\/revisions"}],"up":[{"embeddable":true,"href":"https:\/\/sanatate.md\/ro\/wp-json\/wp\/v2\/pages\/52984"}],"wp:attachment":[{"href":"https:\/\/sanatate.md\/ro\/wp-json\/wp\/v2\/media?parent=55596"}],"curies":[{"name":"wp","href":"https:\/\/api.w.org\/{rel}","templated":true}]}}