{"id":55602,"date":"2018-04-04T15:12:06","date_gmt":"2018-04-04T12:12:06","guid":{"rendered":"https:\/\/sanatate.md\/?page_id=55602"},"modified":"2018-04-04T15:12:06","modified_gmt":"2018-04-04T12:12:06","slug":"masochismul","status":"publish","type":"page","link":"https:\/\/sanatate.md\/ro\/boli-si-tratament\/tulburari-sexuale\/masochismul\/","title":{"rendered":"Masochismul"},"content":{"rendered":"<p>Maladia\u00a0este definit\u0103 ca perversiune sexual\u0103 ce const\u0103 \u00een a c\u0103uta pl\u0103cere \u00een suferin\u021be psihice \u0219i morale, produse de partener.\u00a0\u00cen realitate acceptarea unor suferin\u021be de la partener sau de la comunitate nu se \u00eent\u00e2lne\u0219te numai \u00een sfera sexualit\u0103\u021bii. Este considerat masochist cel ce g\u0103se\u0219te pl\u0103cere \u00een propria suferin\u021b\u0103, \u00een dec\u0103dere \u0219i umilire.<\/p>\n<p>Masochismul apare \u00een copil\u0103rie ca o inversare a\u00a0sadismului\u00a0(activitate transformat\u0103 \u00een pasivitate) \u0219i o re\u00eentoarcere spre propria persoan\u0103. Freud\u00a0ar\u0103ta de altfel c\u0103, la origine, sadismul vizeaz\u0103 mai degrab\u0103 umilirea sau dominarea celuilalt. Tocmai prin inversarea masochist\u0103 senza\u021bia de durere se poate lega de excita\u021bia sexual\u0103. Masochismul infantil cedeaz\u0103, \u00een general, reful\u0103rii.<\/p>\n<p>El subzist\u0103 \u00een incon\u0219tient sub forma unor fantasme.<br \/>\nMasochism (algomania, algofilia) e o patologie sexual\u0103. Pentru prima dat\u0103 aceast\u0103 perversiune sexual\u0103 a fost descris\u0103 de c\u0103tre scriitorul din Austria Sacher-Masoch, de unde \u0219i denumirea acestei st\u0103ri de boal\u0103.<\/p>\n<h3>Cauzele masochismului<\/h3>\n<p>Cei mai mul\u021bi exper\u021bi sunt de p\u0103rere, c\u0103 durerea fizic\u0103 &#8211; nu este un scop \u00een sine. Natura masochismului e dorin\u021ba de a se supune voin\u021bei altcuiva, s\u0103 simt\u0103 puterea deplin\u0103 a partenerului, s\u0103 se bucure de sentimentul de neputin\u021b\u0103. Acest lucru se poate datora faptului, c\u0103 odat\u0103 sim\u0163it\u0103 aceast\u0103 sl\u0103biciune \u0219i supunere fa\u021b\u0103 de violen\u021b\u0103 \u015fi pedeapsa inevitabil\u0103, care nimice\u015fte personalitatea, a l\u0103sat o amprent\u0103 de ne\u0219ters \u00een minte \u015fi a devenit model al sentimentelor sexuale.<\/p>\n<p>Evenimentele au determinat nu numai alegerea ulterioar\u0103 a partenerului sexual, dar \u015fi felul de sex. Femeia, \u00een acest caz e partener sexual pasiv, deoarece ini\u021biativa intimit\u0103\u021bii sexuale, \u00een cele mai multe cazuri, este un b\u0103rbat, iar \u00een ac\u021biunile sale sunt elemente de sadism.<br \/>\nDin aceasta rezult\u0103, c\u0103 sexualitatea feminin\u0103, \u00een cele mai multe cazuri, poart\u0103 o anumit\u0103 tendin\u021b\u0103 masochist\u0103, manifestat\u0103 \u00een diferite moduri \u0219i uneori nepercepute chiar \u015fi de ea.<br \/>\nVia\u021ba sexual\u0103, care nu r\u0103spunde scenariului masochistului, nu-l aranjeaz\u0103. Satisfac\u0163ia vine doar cu fanteziile erotice in timpul actului sexual sau atunci, c\u00e2nd aleg un partener, ce corespunde gustului masochistului.<\/p>\n<p>Atrac\u0163ia fa\u0163\u0103 de masochism depinde extrem de mult de partenerul sexual: el face tot posibilul s\u0103 nu-l piard\u0103 pe cel, care-l domin\u0103 \u0219i \u00eei umile\u0219te, aduc\u00e2ndu-i astfel o mare pl\u0103cere victimei.<\/p>\n<h3>Formele de masochism<\/h3>\n<p>Freud a eviden\u021biat trei forme de masochism:<br \/>\n\u2022 masochismul moral;<br \/>\n\u2022 erogenous masochism;<br \/>\n\u2022 masochismul feminin.<\/p>\n<p>Prima form\u0103 include o nevoie constant\u0103 de pedeaps\u0103 sau suferin\u021b\u0103, pierderi \u015fi e\u0219ecuri, dureri \u0219i degrad\u0103ri. Maladia e dificil de tratat, deoarece pacientul, \u00een cele mai multe cazuri, nu vrea s\u0103 renun\u021be la suferin\u021bele nevrotice.<\/p>\n<p>Forma erogenous masochism e condi\u021bionat\u0103 biologic \u0219i constitu\u021bional.<br \/>\nMasochismul feminin apare la ambele sexe, acesta este \u00eenso\u021bit de fantezii, \u00een care o persoan\u0103 este plasat\u0103 \u00een situa\u021bia femeii.<\/p>\n<p>Dintre soiurile de perversiune sexual\u0103 exper\u021bii disting masochismul mental, care se manifest\u0103 \u00een faptul c\u0103, \u00een imagina\u0163ia pacientului exist\u0103 diferite scene (amenin\u021barea cu violen\u021ba sexual\u0103, scene umilitoare, comise \u00een public etc.). Acest lucru se termin\u0103, \u00een cele mai multe cazuri, cu orgasm.<\/p>\n<p>Masochismul simbolic \u2013 e o patologie sexual\u0103 adesea de ne\u00een\u021beles, \u00een acest caz, ac\u021biunile individului nu pot fi prezise. Exist\u0103 cazuri, c\u00e2nd un b\u0103rbat c\u0103s\u0103torit, o dat\u0103 pe lun\u0103, venind acas\u0103, \u00ee\u015fi ruga so\u0163ia s\u0103-l \u00eent\u00e2mpine cu cuvintele: \u201eAscunde-te, acu\u015fi vine acas\u0103 so\u021bul meu.\u201c Dup\u0103 aceste cuvinte, femeia \u00eel ascundea pe balcon sau \u00een dulap, or \u00eel l\u0103sa singur \u00eentr-o camer\u0103.<\/p>\n<p>Dup\u0103 ceva timp, femeia \u00eel \u201eelibera\u201c, \u0219i el din asta avea o pl\u0103cere de nedescris.<br \/>\nCercet\u0103torii au descoperit, c\u0103 masochistul nu caut\u0103 durere \u0219i umilin\u021b\u0103: acestea nu-i sunt pe plac, la fel cu to\u021bi oamenii normali. El caut\u0103 pur \u0219i simplu s\u0103-\u015fi intensifice durerea, ca, odat\u0103 ce ea va trece, s\u0103 se bucure pe deplin de lipsa acesteia. Pacientul simte pl\u0103cerea nu din durerea fizic\u0103, ci din violen\u021ba \u0219i umilin\u021ba psihologic\u0103.<\/p>\n<p>Masochi\u015ftii, \u00een esen\u021b\u0103, \u00een majoritatea cazurilor, sunt persoane cu un comportament adecvat, nu se deosebesc de indivizii normali, dar uneori se \u00eent\u00e2lnesc \u015fi persoane complet degradate.<br \/>\nSadismul \u0219i masochismul sunt legate. Freud credea, c\u0103 masochismul e derivat al sadismului. C\u0103 aceea\u0219i persoan\u0103 are tr\u0103s\u0103turi sadice \u0219i masochiste \u015fi ele sunt legate \u00een mod inextricabil.<\/p>\n<p>Masochismul (denaturare) nu poate fi considerat fenomen normal, dar aceast\u0103 abatere sexual\u0103 are dreptul s\u0103 existe, cu condi\u021bia, c\u0103 sadomazochismul s\u0103 nu d\u0103uneze s\u0103n\u0103t\u0103\u021bii \u0219i vie\u021bii unui partener sexual, care are rolul de umilit, nu va trece limitele pragului de durere \u0219i nu va \u00eenc\u0103lca drepturile individului.<\/p>\n<p>Masochismul \u00eentr-o rela\u021bie este acceptat numai ca parte a jocului sexual. Masochismul &#8211; tortur\u0103 nu este permis. \u00centre parteneri trebuie s\u0103 existe un acord tacit, c\u0103 toate jocurile s\u0103 fie p\u00e2n\u0103 la un anumit risc, iar linia nu poate fi \u00eenc\u0103lcat\u0103. Masochismul crud poate duce la consecin\u021be grave.<\/p>\n<h3>Cum s\u0103 scapi de masochism<\/h3>\n<p>\u00cen acest caz, trebuie s\u0103 solicita\u021bi ajutor de la un psiholog. Cele mai multe forme de comportament patologic sunt tratate cu succes.<\/p>\n","protected":false},"excerpt":{"rendered":"<p>Maladia\u00a0este definit\u0103 ca perversiune sexual\u0103 ce const\u0103 \u00een a c\u0103uta pl\u0103cere \u00een suferin\u021be psihice \u0219i morale, produse de partener.\u00a0\u00cen realitate acceptarea unor suferin\u021be de la partener sau de la comunitate nu se \u00eent\u00e2lne\u0219te numai \u00een sfera sexualit\u0103\u021bii. Este considerat masochist cel ce g\u0103se\u0219te pl\u0103cere \u00een propria suferin\u021b\u0103, \u00een dec\u0103dere \u0219i umilire. Masochismul apare \u00een copil\u0103rie [&hellip;]<\/p>\n","protected":false},"author":28,"featured_media":0,"parent":52952,"menu_order":0,"comment_status":"closed","ping_status":"closed","template":"","meta":{"inline_featured_image":false,"footnotes":""},"class_list":["post-55602","page","type-page","status-publish"],"yoast_head":"<!-- This site is optimized with the Yoast SEO plugin v27.3 - https:\/\/yoast.com\/product\/yoast-seo-wordpress\/ -->\n<title>Masochismul<\/title>\n<meta name=\"description\" content=\"Maladia\u00a0este definit\u0103 ca perversiune sexual\u0103 ce const\u0103 \u00een a c\u0103uta pl\u0103cere \u00een suferin\u021be psihice \u0219i morale, produse de partener.\" \/>\n<meta name=\"robots\" content=\"index, follow, max-snippet:-1, max-image-preview:large, max-video-preview:-1\" \/>\n<link rel=\"canonical\" href=\"https:\/\/sanatate.md\/ro\/boli-si-tratament\/tulburari-sexuale\/masochismul\/\" \/>\n<meta property=\"og:locale\" content=\"ro_RO\" \/>\n<meta property=\"og:type\" content=\"article\" \/>\n<meta property=\"og:title\" content=\"Masochismul\" \/>\n<meta property=\"og:description\" content=\"Maladia\u00a0este definit\u0103 ca perversiune sexual\u0103 ce const\u0103 \u00een a c\u0103uta pl\u0103cere \u00een suferin\u021be psihice \u0219i morale, produse de partener.\" \/>\n<meta property=\"og:url\" content=\"https:\/\/sanatate.md\/ro\/boli-si-tratament\/tulburari-sexuale\/masochismul\/\" \/>\n<meta property=\"og:site_name\" content=\"Sanatate.md\" \/>\n<meta name=\"twitter:card\" content=\"summary_large_image\" \/>\n<meta name=\"twitter:label1\" content=\"Timp estimat pentru citire\" \/>\n\t<meta name=\"twitter:data1\" content=\"4 minute\" \/>\n<script type=\"application\/ld+json\" class=\"yoast-schema-graph\">{\"@context\":\"https:\\\/\\\/schema.org\",\"@graph\":[{\"@type\":\"WebPage\",\"@id\":\"https:\\\/\\\/sanatate.md\\\/ro\\\/boli-si-tratament\\\/tulburari-sexuale\\\/masochismul\\\/\",\"url\":\"https:\\\/\\\/sanatate.md\\\/ro\\\/boli-si-tratament\\\/tulburari-sexuale\\\/masochismul\\\/\",\"name\":\"Masochismul\",\"isPartOf\":{\"@id\":\"https:\\\/\\\/sanatate.md\\\/ro\\\/#website\"},\"datePublished\":\"2018-04-04T12:12:06+00:00\",\"description\":\"Maladia\u00a0este definit\u0103 ca perversiune sexual\u0103 ce const\u0103 \u00een a c\u0103uta pl\u0103cere \u00een suferin\u021be psihice \u0219i morale, produse de partener.\",\"breadcrumb\":{\"@id\":\"https:\\\/\\\/sanatate.md\\\/ro\\\/boli-si-tratament\\\/tulburari-sexuale\\\/masochismul\\\/#breadcrumb\"},\"inLanguage\":\"ro-RO\",\"potentialAction\":[{\"@type\":\"ReadAction\",\"target\":[\"https:\\\/\\\/sanatate.md\\\/ro\\\/boli-si-tratament\\\/tulburari-sexuale\\\/masochismul\\\/\"]}]},{\"@type\":\"BreadcrumbList\",\"@id\":\"https:\\\/\\\/sanatate.md\\\/ro\\\/boli-si-tratament\\\/tulburari-sexuale\\\/masochismul\\\/#breadcrumb\",\"itemListElement\":[{\"@type\":\"ListItem\",\"position\":1,\"name\":\"\u0413\u043b\u0430\u0432\u043d\u0430\u044f \u0441\u0442\u0440\u0430\u043d\u0438\u0446\u0430\",\"item\":\"https:\\\/\\\/sanatate.md\\\/ro\\\/\"},{\"@type\":\"ListItem\",\"position\":2,\"name\":\"Boli si tratament\",\"item\":\"https:\\\/\\\/sanatate.md\\\/ro\\\/boli-si-tratament\\\/\"},{\"@type\":\"ListItem\",\"position\":3,\"name\":\"Tulbur\u0103ri sexuale\",\"item\":\"https:\\\/\\\/sanatate.md\\\/ro\\\/boli-si-tratament\\\/tulburari-sexuale\\\/\"},{\"@type\":\"ListItem\",\"position\":4,\"name\":\"Masochismul\"}]},{\"@type\":\"WebSite\",\"@id\":\"https:\\\/\\\/sanatate.md\\\/ro\\\/#website\",\"url\":\"https:\\\/\\\/sanatate.md\\\/ro\\\/\",\"name\":\"Sanatate.md\",\"description\":\"\u0416\u0443\u0440\u043d\u0430\u043b \u0434\u043b\u044f \u0432\u0441\u0435\u0439 \u0441\u0435\u043c\u044c\u0438 \u0432 \u041c\u043e\u043b\u0434\u043e\u0432\u0435\",\"publisher\":{\"@id\":\"https:\\\/\\\/sanatate.md\\\/ro\\\/#organization\"},\"potentialAction\":[{\"@type\":\"SearchAction\",\"target\":{\"@type\":\"EntryPoint\",\"urlTemplate\":\"https:\\\/\\\/sanatate.md\\\/ro\\\/?s={search_term_string}\"},\"query-input\":{\"@type\":\"PropertyValueSpecification\",\"valueRequired\":true,\"valueName\":\"search_term_string\"}}],\"inLanguage\":\"ro-RO\"},{\"@type\":\"Organization\",\"@id\":\"https:\\\/\\\/sanatate.md\\\/ro\\\/#organization\",\"name\":\"SANATATE\",\"url\":\"https:\\\/\\\/sanatate.md\\\/ro\\\/\",\"logo\":{\"@type\":\"ImageObject\",\"inLanguage\":\"ro-RO\",\"@id\":\"https:\\\/\\\/sanatate.md\\\/ro\\\/#\\\/schema\\\/logo\\\/image\\\/\",\"url\":\"https:\\\/\\\/sanatate.md\\\/wp-content\\\/uploads\\\/2022\\\/01\\\/sanatate-logo.svg\",\"contentUrl\":\"https:\\\/\\\/sanatate.md\\\/wp-content\\\/uploads\\\/2022\\\/01\\\/sanatate-logo.svg\",\"width\":\"1024\",\"height\":\"1024\",\"caption\":\"SANATATE\"},\"image\":{\"@id\":\"https:\\\/\\\/sanatate.md\\\/ro\\\/#\\\/schema\\\/logo\\\/image\\\/\"}}]}<\/script>\n<!-- \/ Yoast SEO plugin. -->","yoast_head_json":{"title":"Masochismul","description":"Maladia\u00a0este definit\u0103 ca perversiune sexual\u0103 ce const\u0103 \u00een a c\u0103uta pl\u0103cere \u00een suferin\u021be psihice \u0219i morale, produse de partener.","robots":{"index":"index","follow":"follow","max-snippet":"max-snippet:-1","max-image-preview":"max-image-preview:large","max-video-preview":"max-video-preview:-1"},"canonical":"https:\/\/sanatate.md\/ro\/boli-si-tratament\/tulburari-sexuale\/masochismul\/","og_locale":"ro_RO","og_type":"article","og_title":"Masochismul","og_description":"Maladia\u00a0este definit\u0103 ca perversiune sexual\u0103 ce const\u0103 \u00een a c\u0103uta pl\u0103cere \u00een suferin\u021be psihice \u0219i morale, produse de partener.","og_url":"https:\/\/sanatate.md\/ro\/boli-si-tratament\/tulburari-sexuale\/masochismul\/","og_site_name":"Sanatate.md","twitter_card":"summary_large_image","twitter_misc":{"Timp estimat pentru citire":"4 minute"},"schema":{"@context":"https:\/\/schema.org","@graph":[{"@type":"WebPage","@id":"https:\/\/sanatate.md\/ro\/boli-si-tratament\/tulburari-sexuale\/masochismul\/","url":"https:\/\/sanatate.md\/ro\/boli-si-tratament\/tulburari-sexuale\/masochismul\/","name":"Masochismul","isPartOf":{"@id":"https:\/\/sanatate.md\/ro\/#website"},"datePublished":"2018-04-04T12:12:06+00:00","description":"Maladia\u00a0este definit\u0103 ca perversiune sexual\u0103 ce const\u0103 \u00een a c\u0103uta pl\u0103cere \u00een suferin\u021be psihice \u0219i morale, produse de partener.","breadcrumb":{"@id":"https:\/\/sanatate.md\/ro\/boli-si-tratament\/tulburari-sexuale\/masochismul\/#breadcrumb"},"inLanguage":"ro-RO","potentialAction":[{"@type":"ReadAction","target":["https:\/\/sanatate.md\/ro\/boli-si-tratament\/tulburari-sexuale\/masochismul\/"]}]},{"@type":"BreadcrumbList","@id":"https:\/\/sanatate.md\/ro\/boli-si-tratament\/tulburari-sexuale\/masochismul\/#breadcrumb","itemListElement":[{"@type":"ListItem","position":1,"name":"\u0413\u043b\u0430\u0432\u043d\u0430\u044f \u0441\u0442\u0440\u0430\u043d\u0438\u0446\u0430","item":"https:\/\/sanatate.md\/ro\/"},{"@type":"ListItem","position":2,"name":"Boli si tratament","item":"https:\/\/sanatate.md\/ro\/boli-si-tratament\/"},{"@type":"ListItem","position":3,"name":"Tulbur\u0103ri sexuale","item":"https:\/\/sanatate.md\/ro\/boli-si-tratament\/tulburari-sexuale\/"},{"@type":"ListItem","position":4,"name":"Masochismul"}]},{"@type":"WebSite","@id":"https:\/\/sanatate.md\/ro\/#website","url":"https:\/\/sanatate.md\/ro\/","name":"Sanatate.md","description":"\u0416\u0443\u0440\u043d\u0430\u043b \u0434\u043b\u044f \u0432\u0441\u0435\u0439 \u0441\u0435\u043c\u044c\u0438 \u0432 \u041c\u043e\u043b\u0434\u043e\u0432\u0435","publisher":{"@id":"https:\/\/sanatate.md\/ro\/#organization"},"potentialAction":[{"@type":"SearchAction","target":{"@type":"EntryPoint","urlTemplate":"https:\/\/sanatate.md\/ro\/?s={search_term_string}"},"query-input":{"@type":"PropertyValueSpecification","valueRequired":true,"valueName":"search_term_string"}}],"inLanguage":"ro-RO"},{"@type":"Organization","@id":"https:\/\/sanatate.md\/ro\/#organization","name":"SANATATE","url":"https:\/\/sanatate.md\/ro\/","logo":{"@type":"ImageObject","inLanguage":"ro-RO","@id":"https:\/\/sanatate.md\/ro\/#\/schema\/logo\/image\/","url":"https:\/\/sanatate.md\/wp-content\/uploads\/2022\/01\/sanatate-logo.svg","contentUrl":"https:\/\/sanatate.md\/wp-content\/uploads\/2022\/01\/sanatate-logo.svg","width":"1024","height":"1024","caption":"SANATATE"},"image":{"@id":"https:\/\/sanatate.md\/ro\/#\/schema\/logo\/image\/"}}]}},"_links":{"self":[{"href":"https:\/\/sanatate.md\/ro\/wp-json\/wp\/v2\/pages\/55602","targetHints":{"allow":["GET"]}}],"collection":[{"href":"https:\/\/sanatate.md\/ro\/wp-json\/wp\/v2\/pages"}],"about":[{"href":"https:\/\/sanatate.md\/ro\/wp-json\/wp\/v2\/types\/page"}],"author":[{"embeddable":true,"href":"https:\/\/sanatate.md\/ro\/wp-json\/wp\/v2\/users\/28"}],"replies":[{"embeddable":true,"href":"https:\/\/sanatate.md\/ro\/wp-json\/wp\/v2\/comments?post=55602"}],"version-history":[{"count":0,"href":"https:\/\/sanatate.md\/ro\/wp-json\/wp\/v2\/pages\/55602\/revisions"}],"up":[{"embeddable":true,"href":"https:\/\/sanatate.md\/ro\/wp-json\/wp\/v2\/pages\/52952"}],"wp:attachment":[{"href":"https:\/\/sanatate.md\/ro\/wp-json\/wp\/v2\/media?parent=55602"}],"curies":[{"name":"wp","href":"https:\/\/api.w.org\/{rel}","templated":true}]}}