{"id":55673,"date":"2018-04-05T17:00:20","date_gmt":"2018-04-05T14:00:20","guid":{"rendered":"https:\/\/sanatate.md\/?page_id=55673"},"modified":"2018-04-05T17:00:20","modified_gmt":"2018-04-05T14:00:20","slug":"plexopatia","status":"publish","type":"page","link":"https:\/\/sanatate.md\/ro\/boli-si-tratament\/boli-neurologice\/plexopatia\/","title":{"rendered":"Plexopatia"},"content":{"rendered":"<p>Plexopatia (plexitis) &#8211; leziuni ale nervilor, consecin\u0163\u0103 a traumatismelor sau localizarea bolii. Boala se dezvolt\u0103 ca rezultat al compresiei cronice, infiltrarea de tumori maligne, radioterapie sau chimioterapie. \u00cen func\u021bie de loca\u021bia nodurilor nervoase plexopatia este:<\/p>\n<p>\u2022 plexopatia de col uterin;<br \/>\n\u2022 plexopatia lombar\u0103;<br \/>\n\u2022 plexopatia sacral\u0103.<\/p>\n<p>Exper\u021bii identific\u0103 trei tipuri de st\u0103ri de boal\u0103:<\/p>\n<p>\u2022 sindromul Erba &#8211; apare atunci, c\u00e2nd se deterioreaz\u0103 r\u0103d\u0103cinile C5 \u0219i C6, \u0219i se manifest\u0103 paralizia mu\u0219chiul deltoid (e imposibil de a mi\u015fca m\u00e2na la o parte); paralizia biceps \u0219i mu\u0219chii umerilor supinatori, care nu \u00eendoaie antebra\u021bul; paralizia excesiv\u0103 \u0219i mu\u0219chii infraspinatus;<br \/>\n\u2022 Sindromul Dejerine-Klumpke &#8211; se dezvolt\u0103 la deteriorarea r\u0103d\u0103cinilor C8 \u0219i D1, se manifest\u0103 prin paralizia labei;<br \/>\n\u2022 Sindromul Horner \u2013 este o deta\u015fare a r\u0103d\u0103cinilor de m\u0103duva spin\u0103rii.<br \/>\nAtunci, c\u00e2nd afectarea nervilor plexului umerilor este mare, se dezvolt\u0103 paralizia muscular\u0103 pe jum\u0103tate de um\u0103r \u0219i \u00eentregul bra\u021b, se pierde sensibilitatea \u00een aceste zone. Ca variant\u0103 poate fi amiotrofia nevralgic\u0103, manifestat\u0103 prin durere sever\u0103 \u00een um\u0103r, care se transform\u0103 \u00eentr-o paralizie atrofic\u0103 grea a m\u00e2nii. Se presupune originea autoimun\u0103 a acestei boli periculoase.<\/p>\n<h3>Cauzele<\/h3>\n<p>\u00cen cele mai multe cazuri se presupune o plexopatie brahial\u0103, care se dezvolta ca urmare a traumei (na\u0219tere traumatic\u0103, dislocarea articula\u021biei um\u0103rului, anestezie, transportarea permanent\u0103 a \u00eenc\u0103rc\u0103turilor grele pe um\u0103r &#8211; a\u0219a-numita \u201eparalizia rucsacului\u201c), r\u0103nilor prin \u00eenjunghiere, boala osoas\u0103 (proces transversal hipertrofic a r\u0103d\u0103cinii C7 \u00een sectorul g\u00eetului \u015fi a coastelor), idiopatia, compresia v\u00e2rfului pl\u0103m\u00e2nului prin noua formare.<\/p>\n<p>Plexopatia postraumatic\u0103 se dezvolt\u0103 ca o consecin\u0163\u0103 a accidentului vascular cerebral, a unui accident sau a unei c\u0103z\u0103turi.<\/p>\n<h3>Simptomele bolii<\/h3>\n<p>Speciali\u0219tii identific\u0103 urm\u0103toarele etape ale bolii:<\/p>\n<p>\u2022 nevralgic &#8211; \u00een care pe pacient \u00eel sup\u0103r\u0103 o durere spontan\u0103, acesta se amplific\u0103 \u00een timpul mi\u0219c\u0103rii sau compresiei ganglionului;<br \/>\n\u2022 paralitic &#8211; care se caracterizeaz\u0103 prin pareza periferic\u0103, paralizia mu\u0219chilor.<\/p>\n<p>Ca urmare a \u00eenfr\u00e2ngerii durerii plexului cervical \u0219i a regiunii occipitale, starea e condi\u00edonat\u0103 de pareza mu\u0219chilor g\u00e2tului \u0219i a diafragmei. \u00cen cazul, \u00een care nervul diafragmatic e iritat, apare sughi\u021bul.<br \/>\nLa dureriile plexului brahial boala se localizeaz\u0103 \u00een zonele supraclaviculare. Ea se r\u0103sp\u00e2nde\u015fte \u00een bra\u021b, se inflameaz\u0103 mu\u0219chii umerilor, bra\u021belor, se diminueaz\u0103 sau dispar complet reflexele profunde ale \u00eentregului membru. Se dezvolt\u0103 tulbur\u0103rile de tip autonom-trofice: cianoza, transpira\u021bia, membrele superioare se fac palide, se distrug unghiile.<\/p>\n<p><span style=\"color: #111111; font-family: Roboto, sans-serif; font-size: 22px;\">Diagnosticarea<\/span><\/p>\n<p>Diagnosticul se bazeaza pe localizarea durerii \u0219i a tulbur\u0103rilor de mi\u0219care. Se efectueaz\u0103 studiile necesare:<br \/>\n\u2022 Electromiografia;<br \/>\n\u2022 Electronografia;<br \/>\n\u2022 Raze X.<\/p>\n<h3>Tratamentul<\/h3>\n<p>Pacientul poate fi tratat ambulatoriu, precum \u0219i \u00een spital.<br \/>\nPacien\u0163ilor li-e indicat:<br \/>\n\u2022 terapia anti-inflamatorie;<br \/>\n\u2022 analgezice \u0219i deshidratarea medicamentar\u0103;<br \/>\n\u2022 fizioterapia.<\/p>\n<p>Dup\u0103 ce durerea intens\u0103 trece, se prescriu:<\/p>\n<p>\u2022 terapie sportiv\u0103;<br \/>\n\u2022 masaj;<br \/>\n\u2022 balneoterapie;<br \/>\n\u2022 vitaminele B1 \u015fi B12.<\/p>\n<p>Se recomand\u0103:<\/p>\n<p>\u2022 ATP;<br \/>\n\u2022 Lidaza.<\/p>\n<p>Aceea\u015fi schem\u0103 e \u015fi la tratarea bolilor infec\u021bioase-alergice \u0219i a etiologiei de intoxica\u021bie. \u00cen forma cronic\u0103 a st\u0103rii de boal\u0103 pacientului i se recomand\u0103 tratamentul la sanatoriu.<\/p>\n<p>&nbsp;<\/p>\n","protected":false},"excerpt":{"rendered":"<p>Plexopatia (plexitis) &#8211; leziuni ale nervilor, consecin\u0163\u0103 a traumatismelor sau localizarea bolii. Boala se dezvolt\u0103 ca rezultat al compresiei cronice, infiltrarea de tumori maligne, radioterapie sau chimioterapie. \u00cen func\u021bie de loca\u021bia nodurilor nervoase plexopatia este: \u2022 plexopatia de col uterin; \u2022 plexopatia lombar\u0103; \u2022 plexopatia sacral\u0103. Exper\u021bii identific\u0103 trei tipuri de st\u0103ri de boal\u0103: \u2022 [&hellip;]<\/p>\n","protected":false},"author":28,"featured_media":0,"parent":52978,"menu_order":0,"comment_status":"closed","ping_status":"closed","template":"","meta":{"inline_featured_image":false,"footnotes":""},"class_list":["post-55673","page","type-page","status-publish"],"yoast_head":"<!-- This site is optimized with the Yoast SEO plugin v27.3 - https:\/\/yoast.com\/product\/yoast-seo-wordpress\/ -->\n<title>Plexopatia<\/title>\n<meta name=\"description\" content=\"Plexopatia (plexitis) - leziuni ale nervilor, consecin\u0163\u0103 a traumatismelor sau localizarea bolii. Boala se dezvolt\u0103 ca rezultat al compresiei cronice, infiltrarea de tumori maligne\" \/>\n<meta name=\"robots\" content=\"index, follow, max-snippet:-1, max-image-preview:large, max-video-preview:-1\" \/>\n<link rel=\"canonical\" href=\"https:\/\/sanatate.md\/ro\/boli-si-tratament\/boli-neurologice\/plexopatia\/\" \/>\n<meta property=\"og:locale\" content=\"ro_RO\" \/>\n<meta property=\"og:type\" content=\"article\" \/>\n<meta property=\"og:title\" content=\"Plexopatia\" \/>\n<meta property=\"og:description\" content=\"Plexopatia (plexitis) - leziuni ale nervilor, consecin\u0163\u0103 a traumatismelor sau localizarea bolii. Boala se dezvolt\u0103 ca rezultat al compresiei cronice, infiltrarea de tumori maligne\" \/>\n<meta property=\"og:url\" content=\"https:\/\/sanatate.md\/ro\/boli-si-tratament\/boli-neurologice\/plexopatia\/\" \/>\n<meta property=\"og:site_name\" content=\"Sanatate.md\" \/>\n<meta name=\"twitter:card\" content=\"summary_large_image\" \/>\n<meta name=\"twitter:label1\" content=\"Timp estimat pentru citire\" \/>\n\t<meta name=\"twitter:data1\" content=\"3 minute\" \/>\n<script type=\"application\/ld+json\" class=\"yoast-schema-graph\">{\"@context\":\"https:\\\/\\\/schema.org\",\"@graph\":[{\"@type\":\"WebPage\",\"@id\":\"https:\\\/\\\/sanatate.md\\\/ro\\\/boli-si-tratament\\\/boli-neurologice\\\/plexopatia\\\/\",\"url\":\"https:\\\/\\\/sanatate.md\\\/ro\\\/boli-si-tratament\\\/boli-neurologice\\\/plexopatia\\\/\",\"name\":\"Plexopatia\",\"isPartOf\":{\"@id\":\"https:\\\/\\\/sanatate.md\\\/ro\\\/#website\"},\"datePublished\":\"2018-04-05T14:00:20+00:00\",\"description\":\"Plexopatia (plexitis) - leziuni ale nervilor, consecin\u0163\u0103 a traumatismelor sau localizarea bolii. Boala se dezvolt\u0103 ca rezultat al compresiei cronice, infiltrarea de tumori maligne\",\"breadcrumb\":{\"@id\":\"https:\\\/\\\/sanatate.md\\\/ro\\\/boli-si-tratament\\\/boli-neurologice\\\/plexopatia\\\/#breadcrumb\"},\"inLanguage\":\"ro-RO\",\"potentialAction\":[{\"@type\":\"ReadAction\",\"target\":[\"https:\\\/\\\/sanatate.md\\\/ro\\\/boli-si-tratament\\\/boli-neurologice\\\/plexopatia\\\/\"]}]},{\"@type\":\"BreadcrumbList\",\"@id\":\"https:\\\/\\\/sanatate.md\\\/ro\\\/boli-si-tratament\\\/boli-neurologice\\\/plexopatia\\\/#breadcrumb\",\"itemListElement\":[{\"@type\":\"ListItem\",\"position\":1,\"name\":\"\u0413\u043b\u0430\u0432\u043d\u0430\u044f \u0441\u0442\u0440\u0430\u043d\u0438\u0446\u0430\",\"item\":\"https:\\\/\\\/sanatate.md\\\/ro\\\/\"},{\"@type\":\"ListItem\",\"position\":2,\"name\":\"Boli si tratament\",\"item\":\"https:\\\/\\\/sanatate.md\\\/ro\\\/boli-si-tratament\\\/\"},{\"@type\":\"ListItem\",\"position\":3,\"name\":\"Boli neurologice\",\"item\":\"https:\\\/\\\/sanatate.md\\\/ro\\\/boli-si-tratament\\\/boli-neurologice\\\/\"},{\"@type\":\"ListItem\",\"position\":4,\"name\":\"Plexopatia\"}]},{\"@type\":\"WebSite\",\"@id\":\"https:\\\/\\\/sanatate.md\\\/ro\\\/#website\",\"url\":\"https:\\\/\\\/sanatate.md\\\/ro\\\/\",\"name\":\"Sanatate.md\",\"description\":\"\u0416\u0443\u0440\u043d\u0430\u043b \u0434\u043b\u044f \u0432\u0441\u0435\u0439 \u0441\u0435\u043c\u044c\u0438 \u0432 \u041c\u043e\u043b\u0434\u043e\u0432\u0435\",\"publisher\":{\"@id\":\"https:\\\/\\\/sanatate.md\\\/ro\\\/#organization\"},\"potentialAction\":[{\"@type\":\"SearchAction\",\"target\":{\"@type\":\"EntryPoint\",\"urlTemplate\":\"https:\\\/\\\/sanatate.md\\\/ro\\\/?s={search_term_string}\"},\"query-input\":{\"@type\":\"PropertyValueSpecification\",\"valueRequired\":true,\"valueName\":\"search_term_string\"}}],\"inLanguage\":\"ro-RO\"},{\"@type\":\"Organization\",\"@id\":\"https:\\\/\\\/sanatate.md\\\/ro\\\/#organization\",\"name\":\"SANATATE\",\"url\":\"https:\\\/\\\/sanatate.md\\\/ro\\\/\",\"logo\":{\"@type\":\"ImageObject\",\"inLanguage\":\"ro-RO\",\"@id\":\"https:\\\/\\\/sanatate.md\\\/ro\\\/#\\\/schema\\\/logo\\\/image\\\/\",\"url\":\"https:\\\/\\\/sanatate.md\\\/wp-content\\\/uploads\\\/2022\\\/01\\\/sanatate-logo.svg\",\"contentUrl\":\"https:\\\/\\\/sanatate.md\\\/wp-content\\\/uploads\\\/2022\\\/01\\\/sanatate-logo.svg\",\"width\":\"1024\",\"height\":\"1024\",\"caption\":\"SANATATE\"},\"image\":{\"@id\":\"https:\\\/\\\/sanatate.md\\\/ro\\\/#\\\/schema\\\/logo\\\/image\\\/\"}}]}<\/script>\n<!-- \/ Yoast SEO plugin. -->","yoast_head_json":{"title":"Plexopatia","description":"Plexopatia (plexitis) - leziuni ale nervilor, consecin\u0163\u0103 a traumatismelor sau localizarea bolii. Boala se dezvolt\u0103 ca rezultat al compresiei cronice, infiltrarea de tumori maligne","robots":{"index":"index","follow":"follow","max-snippet":"max-snippet:-1","max-image-preview":"max-image-preview:large","max-video-preview":"max-video-preview:-1"},"canonical":"https:\/\/sanatate.md\/ro\/boli-si-tratament\/boli-neurologice\/plexopatia\/","og_locale":"ro_RO","og_type":"article","og_title":"Plexopatia","og_description":"Plexopatia (plexitis) - leziuni ale nervilor, consecin\u0163\u0103 a traumatismelor sau localizarea bolii. Boala se dezvolt\u0103 ca rezultat al compresiei cronice, infiltrarea de tumori maligne","og_url":"https:\/\/sanatate.md\/ro\/boli-si-tratament\/boli-neurologice\/plexopatia\/","og_site_name":"Sanatate.md","twitter_card":"summary_large_image","twitter_misc":{"Timp estimat pentru citire":"3 minute"},"schema":{"@context":"https:\/\/schema.org","@graph":[{"@type":"WebPage","@id":"https:\/\/sanatate.md\/ro\/boli-si-tratament\/boli-neurologice\/plexopatia\/","url":"https:\/\/sanatate.md\/ro\/boli-si-tratament\/boli-neurologice\/plexopatia\/","name":"Plexopatia","isPartOf":{"@id":"https:\/\/sanatate.md\/ro\/#website"},"datePublished":"2018-04-05T14:00:20+00:00","description":"Plexopatia (plexitis) - leziuni ale nervilor, consecin\u0163\u0103 a traumatismelor sau localizarea bolii. Boala se dezvolt\u0103 ca rezultat al compresiei cronice, infiltrarea de tumori maligne","breadcrumb":{"@id":"https:\/\/sanatate.md\/ro\/boli-si-tratament\/boli-neurologice\/plexopatia\/#breadcrumb"},"inLanguage":"ro-RO","potentialAction":[{"@type":"ReadAction","target":["https:\/\/sanatate.md\/ro\/boli-si-tratament\/boli-neurologice\/plexopatia\/"]}]},{"@type":"BreadcrumbList","@id":"https:\/\/sanatate.md\/ro\/boli-si-tratament\/boli-neurologice\/plexopatia\/#breadcrumb","itemListElement":[{"@type":"ListItem","position":1,"name":"\u0413\u043b\u0430\u0432\u043d\u0430\u044f \u0441\u0442\u0440\u0430\u043d\u0438\u0446\u0430","item":"https:\/\/sanatate.md\/ro\/"},{"@type":"ListItem","position":2,"name":"Boli si tratament","item":"https:\/\/sanatate.md\/ro\/boli-si-tratament\/"},{"@type":"ListItem","position":3,"name":"Boli neurologice","item":"https:\/\/sanatate.md\/ro\/boli-si-tratament\/boli-neurologice\/"},{"@type":"ListItem","position":4,"name":"Plexopatia"}]},{"@type":"WebSite","@id":"https:\/\/sanatate.md\/ro\/#website","url":"https:\/\/sanatate.md\/ro\/","name":"Sanatate.md","description":"\u0416\u0443\u0440\u043d\u0430\u043b \u0434\u043b\u044f \u0432\u0441\u0435\u0439 \u0441\u0435\u043c\u044c\u0438 \u0432 \u041c\u043e\u043b\u0434\u043e\u0432\u0435","publisher":{"@id":"https:\/\/sanatate.md\/ro\/#organization"},"potentialAction":[{"@type":"SearchAction","target":{"@type":"EntryPoint","urlTemplate":"https:\/\/sanatate.md\/ro\/?s={search_term_string}"},"query-input":{"@type":"PropertyValueSpecification","valueRequired":true,"valueName":"search_term_string"}}],"inLanguage":"ro-RO"},{"@type":"Organization","@id":"https:\/\/sanatate.md\/ro\/#organization","name":"SANATATE","url":"https:\/\/sanatate.md\/ro\/","logo":{"@type":"ImageObject","inLanguage":"ro-RO","@id":"https:\/\/sanatate.md\/ro\/#\/schema\/logo\/image\/","url":"https:\/\/sanatate.md\/wp-content\/uploads\/2022\/01\/sanatate-logo.svg","contentUrl":"https:\/\/sanatate.md\/wp-content\/uploads\/2022\/01\/sanatate-logo.svg","width":"1024","height":"1024","caption":"SANATATE"},"image":{"@id":"https:\/\/sanatate.md\/ro\/#\/schema\/logo\/image\/"}}]}},"_links":{"self":[{"href":"https:\/\/sanatate.md\/ro\/wp-json\/wp\/v2\/pages\/55673","targetHints":{"allow":["GET"]}}],"collection":[{"href":"https:\/\/sanatate.md\/ro\/wp-json\/wp\/v2\/pages"}],"about":[{"href":"https:\/\/sanatate.md\/ro\/wp-json\/wp\/v2\/types\/page"}],"author":[{"embeddable":true,"href":"https:\/\/sanatate.md\/ro\/wp-json\/wp\/v2\/users\/28"}],"replies":[{"embeddable":true,"href":"https:\/\/sanatate.md\/ro\/wp-json\/wp\/v2\/comments?post=55673"}],"version-history":[{"count":0,"href":"https:\/\/sanatate.md\/ro\/wp-json\/wp\/v2\/pages\/55673\/revisions"}],"up":[{"embeddable":true,"href":"https:\/\/sanatate.md\/ro\/wp-json\/wp\/v2\/pages\/52978"}],"wp:attachment":[{"href":"https:\/\/sanatate.md\/ro\/wp-json\/wp\/v2\/media?parent=55673"}],"curies":[{"name":"wp","href":"https:\/\/api.w.org\/{rel}","templated":true}]}}