{"id":55690,"date":"2018-04-05T18:35:35","date_gmt":"2018-04-05T15:35:35","guid":{"rendered":"https:\/\/sanatate.md\/?page_id=55690"},"modified":"2018-04-05T18:35:35","modified_gmt":"2018-04-05T15:35:35","slug":"anemia-fanconi","status":"publish","type":"page","link":"https:\/\/sanatate.md\/ro\/boli-si-tratament\/bolile-copiilor\/anemia-fanconi\/","title":{"rendered":"Anemia Fanconi"},"content":{"rendered":"<p>Anemia Fanconi este o boala congenital\u0103 familial\u0103. Debuteaz\u0103 clinic in primii 10 ani de via\u0163\u0103, mai ales in jurul v\u00e2rstei de 7 ani.<\/p>\n<p>Tabloul clinic este variabil, asociind pancitopenie (anemie, leucopenie si trombopenie, care apar cel mai precoce), pigmentare brun\u0103 a tegumentelor, anomalii scheletale (nanism, microcefalie, hipoplazia, degete suplimentare), alte anomalii (hipogenitalism, strabism, hipoplazie renal\u0103, microftalmia, retardare mintal\u0103), instabilitate cromozomial\u0103, cu o inciden\u0163\u0103 crescut\u0103 a rupturilor cromozomiale, ce pot favoriza riscul crescut de apari\u0163ie a unei leucemii sau tumori solide, \u00een evolu\u0163ie.<\/p>\n<p>Majoritatea decedeaz\u0103 in a doua decad\u0103 de via\u0163\u0103 prin complica\u0163ii infec\u0163ioase sau hemoragice.<\/p>\n<p>Boala afecteaz\u0103 b\u0103ie\u021bii mai des.<\/p>\n<h3>Cauze, simptome<\/h3>\n<p>Speciali\u0219tii disting urm\u0103toarele semne ale st\u0103rii morbide:<br \/>\n\u2022 v\u00e2n\u0103t\u0103i permanente pe piele;<br \/>\n\u2022 culoarea palid\u0103 a pielii \u0219i a mucusului;<br \/>\n\u2022 s\u00e2ngerare;<br \/>\n\u2022 copilul practic nu reac\u021bioneaz\u0103 la diver\u0219i stimuli;<br \/>\n\u2022 \u00eenc\u0103lcarea procesului de formare a s\u00e2ngelui &#8211; aplazie, celulele sangvine practic nu se produc, dezvolt\u00e2nd astfel pancitopenia (deficitul de celule sangvine, o stare periculoas\u0103 pentru via\u021b\u0103);<br \/>\n\u2022 sensibilitate crescut\u0103 la infec\u021bii, ganglioni limfatici extin\u015fi.<\/p>\n<p>In plus, copiii au o colora\u021bie anormal\u0103 a pielei \u2013 maro, statura nu corespunde v\u00e2rstei \u2013 sunt mai josu\u0163i, au un cap mic, degetele-s scurte sau absente. Tulbur\u0103ri neurologice: strabism la unul sau ambii ochi, tremor ocular, pleoape c\u0103zute, surditate, retard mintal.<br \/>\nExist\u0103 anomalii congenitale ale organelor genitale: subdezvoltarea, lipsa de testicule, hipospadias. Adesea, pacientul este diagnosticat cu subdezvoltare renal\u0103, chisturi \u00een \u021besuturile renale.<br \/>\nUneori, bebelu\u0219ul are boli cardiace congenitale.<\/p>\n<p>Cauze genetice: anemia Fanconi este o boal\u0103 ereditar\u0103, transmis\u0103 copiilor de la p\u0103rin\u021bi la nivel genetic. Copilul se \u00eemboln\u0103ve\u015fte, dac\u0103 fiecare p\u0103rinte \u00eei transmite o gen\u0103 defect\u0103. Dac\u0103 copilul a primit doar o gena defect\u0103 de la un singur p\u0103rinte, el devine purt\u0103tor, \u00eens\u0103 nu este bolnav. Acest lucru nu-i afecteaz\u0103 s\u0103n\u0103tatea.<br \/>\nUneori cauza bolii este incompatibilitatea s\u00e2ngelui matern cu s\u00e2ngele copilului \u00een timpul sarcinii.<\/p>\n<h3>Diagnosticarea<\/h3>\n<p>Medicul examineaz\u0103 istoricul bolii \u0219i pl\u00e2ngerile (pl\u00e2ngerea, de regul\u0103, e a p\u0103rin\u0163ilor \u2013 copilul e prea mic s\u0103 explice ce are). Se stabile\u015fte, dac\u0103 boala a fost observat\u0103 \u015fi la al\u0163i membri ai familiei, de c\u00e2t timp se manifest\u0103, \u0219i dac\u0103 s-a f\u0103cut vre-un tratament.<br \/>\nLa un studiu general medicul relev\u0103 s\u00e2ngerarea \u0219i echimozele, evalueaz\u0103 starea pacientului, identific\u0103 anomaliile externe, care sunt \u00een mod clar vizibile.<\/p>\n<p>Se efectueaz\u0103 un test de s\u00e2nge, \u00een care se detecteaz\u0103 un num\u0103r redus de trombocite, leucocite, pancitopenie.<br \/>\nE f\u0103cut un studiu citogenetic al celulelor sangvine, stabilirea modific\u0103rilor patologice \u00een setul cromozomilor. Este f\u0103cut\u0103 mielograma.<\/p>\n<h3>Tratamentul<\/h3>\n<p>Pacientul este tratat \u00een sec\u0163ia de hematologie a spitalului, tipul de tratament depinde de severitatea imaginii clinice.<br \/>\nPacientului \u00eei sunt prescrise:<br \/>\n\u2022 steroizi anabolizan\u021bi (androgeni);<br \/>\n\u2022 transplantul de m\u0103duv\u0103 osoas\u0103 de la donatori;<br \/>\n\u2022 \u00eendep\u0103rtarea splinei, urmat\u0103 de tratamentul cu globule antilimfocitice;<br \/>\n\u2022 imunosupresoare;<br \/>\n\u2022 hormoni de cre\u0219tere, care stimuleaz\u0103 m\u0103duva osoas\u0103 pentru a produce celule sangvine.<\/p>\n<h3>Posibile complica\u021bii<\/h3>\n<p>Copilul are sistem imunitar foarte slab, deaceea adesea este predispus bolilor infec\u021bioase (\u00eencep\u00e2nd cu angina \u0219i termin\u00e2nd cu afectarea diferitor organe \u0219i sisteme ale organismului).<br \/>\nPacientul are adesea s\u00e2nger\u0103ri, care sunt greu de oprit, deoarece procesul de coagulare a s\u00e2ngelui este perturbat.<br \/>\nAdesea starea dat\u0103 este complicat\u0103 de leucemie &#8211; o boal\u0103 malign\u0103 de s\u00e2nge, \u00een care celulele sangvine albe anormale se multiplic\u0103 rapid. Acesta este motivul pentru care pacien\u021bii rareori ajung la v\u00e2rsta de treizeci de ani.<\/p>\n<h3>Prevenirea bolii ereditare Anemia Fanconi<\/h3>\n<p>Boala este genetic\u0103, deci nu poate fi prevenit\u0103. E necesar, ca \u00eenainte de a planifica copilul, viitorii p\u0103rin\u0163i trebuie s\u0103 se consulte cu medicul genetician.<\/p>\n<p>&nbsp;<\/p>\n","protected":false},"excerpt":{"rendered":"<p>Anemia Fanconi este o boala congenital\u0103 familial\u0103. Debuteaz\u0103 clinic in primii 10 ani de via\u0163\u0103, mai ales in jurul v\u00e2rstei de 7 ani. Tabloul clinic este variabil, asociind pancitopenie (anemie, leucopenie si trombopenie, care apar cel mai precoce), pigmentare brun\u0103 a tegumentelor, anomalii scheletale (nanism, microcefalie, hipoplazia, degete suplimentare), alte anomalii (hipogenitalism, strabism, hipoplazie renal\u0103, [&hellip;]<\/p>\n","protected":false},"author":28,"featured_media":0,"parent":43635,"menu_order":0,"comment_status":"closed","ping_status":"closed","template":"","meta":{"inline_featured_image":false,"footnotes":""},"class_list":["post-55690","page","type-page","status-publish"],"yoast_head":"<!-- This site is optimized with the Yoast SEO plugin v27.3 - https:\/\/yoast.com\/product\/yoast-seo-wordpress\/ -->\n<title>Anemia Fanconi<\/title>\n<meta name=\"description\" content=\"Anemia Fanconi este o boala congenital\u0103 familial\u0103. Debuteaz\u0103 clinic in primii 10 ani de via\u0163\u0103, mai ales in jurul v\u00e2rstei de 7 ani.\" \/>\n<meta name=\"robots\" content=\"index, follow, max-snippet:-1, max-image-preview:large, max-video-preview:-1\" \/>\n<link rel=\"canonical\" href=\"https:\/\/sanatate.md\/ro\/boli-si-tratament\/bolile-copiilor\/anemia-fanconi\/\" \/>\n<meta property=\"og:locale\" content=\"ro_RO\" \/>\n<meta property=\"og:type\" content=\"article\" \/>\n<meta property=\"og:title\" content=\"Anemia Fanconi\" \/>\n<meta property=\"og:description\" content=\"Anemia Fanconi este o boala congenital\u0103 familial\u0103. Debuteaz\u0103 clinic in primii 10 ani de via\u0163\u0103, mai ales in jurul v\u00e2rstei de 7 ani.\" \/>\n<meta property=\"og:url\" content=\"https:\/\/sanatate.md\/ro\/boli-si-tratament\/bolile-copiilor\/anemia-fanconi\/\" \/>\n<meta property=\"og:site_name\" content=\"Sanatate.md\" \/>\n<meta name=\"twitter:card\" content=\"summary_large_image\" \/>\n<meta name=\"twitter:label1\" content=\"Timp estimat pentru citire\" \/>\n\t<meta name=\"twitter:data1\" content=\"3 minute\" \/>\n<script type=\"application\/ld+json\" class=\"yoast-schema-graph\">{\"@context\":\"https:\\\/\\\/schema.org\",\"@graph\":[{\"@type\":\"WebPage\",\"@id\":\"https:\\\/\\\/sanatate.md\\\/ro\\\/boli-si-tratament\\\/bolile-copiilor\\\/anemia-fanconi\\\/\",\"url\":\"https:\\\/\\\/sanatate.md\\\/ro\\\/boli-si-tratament\\\/bolile-copiilor\\\/anemia-fanconi\\\/\",\"name\":\"Anemia Fanconi\",\"isPartOf\":{\"@id\":\"https:\\\/\\\/sanatate.md\\\/ro\\\/#website\"},\"datePublished\":\"2018-04-05T15:35:35+00:00\",\"description\":\"Anemia Fanconi este o boala congenital\u0103 familial\u0103. Debuteaz\u0103 clinic in primii 10 ani de via\u0163\u0103, mai ales in jurul v\u00e2rstei de 7 ani.\",\"breadcrumb\":{\"@id\":\"https:\\\/\\\/sanatate.md\\\/ro\\\/boli-si-tratament\\\/bolile-copiilor\\\/anemia-fanconi\\\/#breadcrumb\"},\"inLanguage\":\"ro-RO\",\"potentialAction\":[{\"@type\":\"ReadAction\",\"target\":[\"https:\\\/\\\/sanatate.md\\\/ro\\\/boli-si-tratament\\\/bolile-copiilor\\\/anemia-fanconi\\\/\"]}]},{\"@type\":\"BreadcrumbList\",\"@id\":\"https:\\\/\\\/sanatate.md\\\/ro\\\/boli-si-tratament\\\/bolile-copiilor\\\/anemia-fanconi\\\/#breadcrumb\",\"itemListElement\":[{\"@type\":\"ListItem\",\"position\":1,\"name\":\"\u0413\u043b\u0430\u0432\u043d\u0430\u044f \u0441\u0442\u0440\u0430\u043d\u0438\u0446\u0430\",\"item\":\"https:\\\/\\\/sanatate.md\\\/ro\\\/\"},{\"@type\":\"ListItem\",\"position\":2,\"name\":\"Boli si tratament\",\"item\":\"https:\\\/\\\/sanatate.md\\\/ro\\\/boli-si-tratament\\\/\"},{\"@type\":\"ListItem\",\"position\":3,\"name\":\"Bolile copiilor\",\"item\":\"https:\\\/\\\/sanatate.md\\\/ro\\\/boli-si-tratament\\\/bolile-copiilor\\\/\"},{\"@type\":\"ListItem\",\"position\":4,\"name\":\"Anemia Fanconi\"}]},{\"@type\":\"WebSite\",\"@id\":\"https:\\\/\\\/sanatate.md\\\/ro\\\/#website\",\"url\":\"https:\\\/\\\/sanatate.md\\\/ro\\\/\",\"name\":\"Sanatate.md\",\"description\":\"\u0416\u0443\u0440\u043d\u0430\u043b \u0434\u043b\u044f \u0432\u0441\u0435\u0439 \u0441\u0435\u043c\u044c\u0438 \u0432 \u041c\u043e\u043b\u0434\u043e\u0432\u0435\",\"publisher\":{\"@id\":\"https:\\\/\\\/sanatate.md\\\/ro\\\/#organization\"},\"potentialAction\":[{\"@type\":\"SearchAction\",\"target\":{\"@type\":\"EntryPoint\",\"urlTemplate\":\"https:\\\/\\\/sanatate.md\\\/ro\\\/?s={search_term_string}\"},\"query-input\":{\"@type\":\"PropertyValueSpecification\",\"valueRequired\":true,\"valueName\":\"search_term_string\"}}],\"inLanguage\":\"ro-RO\"},{\"@type\":\"Organization\",\"@id\":\"https:\\\/\\\/sanatate.md\\\/ro\\\/#organization\",\"name\":\"SANATATE\",\"url\":\"https:\\\/\\\/sanatate.md\\\/ro\\\/\",\"logo\":{\"@type\":\"ImageObject\",\"inLanguage\":\"ro-RO\",\"@id\":\"https:\\\/\\\/sanatate.md\\\/ro\\\/#\\\/schema\\\/logo\\\/image\\\/\",\"url\":\"https:\\\/\\\/sanatate.md\\\/wp-content\\\/uploads\\\/2022\\\/01\\\/sanatate-logo.svg\",\"contentUrl\":\"https:\\\/\\\/sanatate.md\\\/wp-content\\\/uploads\\\/2022\\\/01\\\/sanatate-logo.svg\",\"width\":\"1024\",\"height\":\"1024\",\"caption\":\"SANATATE\"},\"image\":{\"@id\":\"https:\\\/\\\/sanatate.md\\\/ro\\\/#\\\/schema\\\/logo\\\/image\\\/\"}}]}<\/script>\n<!-- \/ Yoast SEO plugin. -->","yoast_head_json":{"title":"Anemia Fanconi","description":"Anemia Fanconi este o boala congenital\u0103 familial\u0103. Debuteaz\u0103 clinic in primii 10 ani de via\u0163\u0103, mai ales in jurul v\u00e2rstei de 7 ani.","robots":{"index":"index","follow":"follow","max-snippet":"max-snippet:-1","max-image-preview":"max-image-preview:large","max-video-preview":"max-video-preview:-1"},"canonical":"https:\/\/sanatate.md\/ro\/boli-si-tratament\/bolile-copiilor\/anemia-fanconi\/","og_locale":"ro_RO","og_type":"article","og_title":"Anemia Fanconi","og_description":"Anemia Fanconi este o boala congenital\u0103 familial\u0103. Debuteaz\u0103 clinic in primii 10 ani de via\u0163\u0103, mai ales in jurul v\u00e2rstei de 7 ani.","og_url":"https:\/\/sanatate.md\/ro\/boli-si-tratament\/bolile-copiilor\/anemia-fanconi\/","og_site_name":"Sanatate.md","twitter_card":"summary_large_image","twitter_misc":{"Timp estimat pentru citire":"3 minute"},"schema":{"@context":"https:\/\/schema.org","@graph":[{"@type":"WebPage","@id":"https:\/\/sanatate.md\/ro\/boli-si-tratament\/bolile-copiilor\/anemia-fanconi\/","url":"https:\/\/sanatate.md\/ro\/boli-si-tratament\/bolile-copiilor\/anemia-fanconi\/","name":"Anemia Fanconi","isPartOf":{"@id":"https:\/\/sanatate.md\/ro\/#website"},"datePublished":"2018-04-05T15:35:35+00:00","description":"Anemia Fanconi este o boala congenital\u0103 familial\u0103. Debuteaz\u0103 clinic in primii 10 ani de via\u0163\u0103, mai ales in jurul v\u00e2rstei de 7 ani.","breadcrumb":{"@id":"https:\/\/sanatate.md\/ro\/boli-si-tratament\/bolile-copiilor\/anemia-fanconi\/#breadcrumb"},"inLanguage":"ro-RO","potentialAction":[{"@type":"ReadAction","target":["https:\/\/sanatate.md\/ro\/boli-si-tratament\/bolile-copiilor\/anemia-fanconi\/"]}]},{"@type":"BreadcrumbList","@id":"https:\/\/sanatate.md\/ro\/boli-si-tratament\/bolile-copiilor\/anemia-fanconi\/#breadcrumb","itemListElement":[{"@type":"ListItem","position":1,"name":"\u0413\u043b\u0430\u0432\u043d\u0430\u044f \u0441\u0442\u0440\u0430\u043d\u0438\u0446\u0430","item":"https:\/\/sanatate.md\/ro\/"},{"@type":"ListItem","position":2,"name":"Boli si tratament","item":"https:\/\/sanatate.md\/ro\/boli-si-tratament\/"},{"@type":"ListItem","position":3,"name":"Bolile copiilor","item":"https:\/\/sanatate.md\/ro\/boli-si-tratament\/bolile-copiilor\/"},{"@type":"ListItem","position":4,"name":"Anemia Fanconi"}]},{"@type":"WebSite","@id":"https:\/\/sanatate.md\/ro\/#website","url":"https:\/\/sanatate.md\/ro\/","name":"Sanatate.md","description":"\u0416\u0443\u0440\u043d\u0430\u043b \u0434\u043b\u044f \u0432\u0441\u0435\u0439 \u0441\u0435\u043c\u044c\u0438 \u0432 \u041c\u043e\u043b\u0434\u043e\u0432\u0435","publisher":{"@id":"https:\/\/sanatate.md\/ro\/#organization"},"potentialAction":[{"@type":"SearchAction","target":{"@type":"EntryPoint","urlTemplate":"https:\/\/sanatate.md\/ro\/?s={search_term_string}"},"query-input":{"@type":"PropertyValueSpecification","valueRequired":true,"valueName":"search_term_string"}}],"inLanguage":"ro-RO"},{"@type":"Organization","@id":"https:\/\/sanatate.md\/ro\/#organization","name":"SANATATE","url":"https:\/\/sanatate.md\/ro\/","logo":{"@type":"ImageObject","inLanguage":"ro-RO","@id":"https:\/\/sanatate.md\/ro\/#\/schema\/logo\/image\/","url":"https:\/\/sanatate.md\/wp-content\/uploads\/2022\/01\/sanatate-logo.svg","contentUrl":"https:\/\/sanatate.md\/wp-content\/uploads\/2022\/01\/sanatate-logo.svg","width":"1024","height":"1024","caption":"SANATATE"},"image":{"@id":"https:\/\/sanatate.md\/ro\/#\/schema\/logo\/image\/"}}]}},"_links":{"self":[{"href":"https:\/\/sanatate.md\/ro\/wp-json\/wp\/v2\/pages\/55690","targetHints":{"allow":["GET"]}}],"collection":[{"href":"https:\/\/sanatate.md\/ro\/wp-json\/wp\/v2\/pages"}],"about":[{"href":"https:\/\/sanatate.md\/ro\/wp-json\/wp\/v2\/types\/page"}],"author":[{"embeddable":true,"href":"https:\/\/sanatate.md\/ro\/wp-json\/wp\/v2\/users\/28"}],"replies":[{"embeddable":true,"href":"https:\/\/sanatate.md\/ro\/wp-json\/wp\/v2\/comments?post=55690"}],"version-history":[{"count":0,"href":"https:\/\/sanatate.md\/ro\/wp-json\/wp\/v2\/pages\/55690\/revisions"}],"up":[{"embeddable":true,"href":"https:\/\/sanatate.md\/ro\/wp-json\/wp\/v2\/pages\/43635"}],"wp:attachment":[{"href":"https:\/\/sanatate.md\/ro\/wp-json\/wp\/v2\/media?parent=55690"}],"curies":[{"name":"wp","href":"https:\/\/api.w.org\/{rel}","templated":true}]}}